{"id":5321,"date":"2023-12-11T01:07:56","date_gmt":"2023-12-11T00:07:56","guid":{"rendered":"https:\/\/szkolenia-udt.pl\/?page_id=5321"},"modified":"2023-12-11T01:08:26","modified_gmt":"2023-12-11T00:08:26","slug":"certifierade-kurser-for-vindkraftsindustrin-gwo","status":"publish","type":"page","link":"https:\/\/szkolenia-udt.pl\/sv\/kursy\/global-wind-organisation\/certyfikowane-kursy-dla-branzy-wiatrowej-gwo\/","title":{"rendered":"GWO-certifierade kurser f\u00f6r vindkraftsindustrin\u00a0"},"content":{"rendered":"<h2 class=\"wp-block-heading\">GWO:s utbildningsstandarder\u00a0<\/h2>\n\n\n<div class=\"wp-block-image\">\n<figure class=\"alignleft size-medium\"><a href=\"https:\/\/szkolenia-udt.pl\/wp-content\/uploads\/2023\/12\/screen_2x-1.jpg\"><img loading=\"lazy\" decoding=\"async\" width=\"300\" height=\"194\" src=\"https:\/\/szkolenia-udt.pl\/wp-content\/uploads\/2023\/12\/screen_2x-1-300x194.jpg\" alt=\"\" class=\"wp-image-5322\" srcset=\"https:\/\/szkolenia-udt.pl\/wp-content\/uploads\/2023\/12\/screen_2x-1-300x194.jpg 300w, https:\/\/szkolenia-udt.pl\/wp-content\/uploads\/2023\/12\/screen_2x-1-1024x661.jpg 1024w, https:\/\/szkolenia-udt.pl\/wp-content\/uploads\/2023\/12\/screen_2x-1-768x496.jpg 768w, https:\/\/szkolenia-udt.pl\/wp-content\/uploads\/2023\/12\/screen_2x-1-1536x992.jpg 1536w, https:\/\/szkolenia-udt.pl\/wp-content\/uploads\/2023\/12\/screen_2x-1-18x12.jpg 18w, https:\/\/szkolenia-udt.pl\/wp-content\/uploads\/2023\/12\/screen_2x-1.jpg 1600w\" sizes=\"auto, (max-width: 300px) 100vw, 300px\" \/><\/a><\/figure>\n<\/div>\n\n\n<p>GWO-organisationen grundades av ledande f\u00f6retag som tillsammans kontrollerar n\u00e4stan 90% av den globala vindkraftssektorn. Dessa j\u00e4ttar inkluderar:\u00a0<\/p>\n\n\n\n<ul class=\"wp-block-list\">\n<li>Siemens Gamesa,&nbsp;&nbsp;<\/li>\n\n\n\n<li>Vestas,&nbsp;&nbsp;<\/li>\n\n\n\n<li>GE,&nbsp;<\/li>\n\n\n\n<li>Innogy.&nbsp;&nbsp;<\/li>\n<\/ul>\n\n\n\n<p>Organisationens m\u00e5l \u00e4r att utveckla utbildningsstandarder som effektivt identifierar potentiella faror i samband med arbete inom detta omr\u00e5de av vindkraft. Tack vare de standardiserade standarder som GWO tillhandah\u00e5ller \u00e4r s\u00e4kerhetsniv\u00e5n under arbetsuppgifter och p\u00e5 byggarbetsplatser mycket h\u00f6g. De certifikat som GWO utf\u00e4rdar blir alltmer erk\u00e4nda bland arbetsgivare \u00f6ver hela v\u00e4rlden och utg\u00f6r en garanti f\u00f6r skydd och s\u00e4kerhet p\u00e5 arbetsplatsen.&nbsp;<\/p>\n\n\n\n<h2 class=\"wp-block-heading\">Grundl\u00e4ggande s\u00e4kerhetsutbildning f\u00f6r GWO\u00a0<\/h2>\n\n\n\n<p>GWO Basic Safety Training (BST) \u00e4r en obligatorisk kurs f\u00f6r alla som arbetar inom vindturbinsektorn. Det finns tv\u00e5 utbildningsalternativ att v\u00e4lja mellan - beroende p\u00e5 var du arbetar.\u00a0<\/p>\n\n\n\n<p>GWO Basic Safety Training Onshore \u00e4r utformad f\u00f6r dem som arbetar med landbaserade vindkraftverk och best\u00e5r av fyra moduler:&nbsp;<\/p>\n\n\n\n<ul class=\"wp-block-list\">\n<li>Arbete p\u00e5 h\u00f6g h\u00f6jd (WAH),&nbsp;<\/li>\n\n\n\n<li>Medvetenhet om brand (FAW),&nbsp;<\/li>\n\n\n\n<li>F\u00f6rsta hj\u00e4lpen (FA),&nbsp;<\/li>\n\n\n\n<li>Manuell hantering (MH).&nbsp;<\/li>\n<\/ul>\n\n\n\n<p>Grundl\u00e4ggande s\u00e4kerhetsutbildning f\u00f6r GWO <a href=\"https:\/\/szkolenia-udt.pl\/sv\/kursy\/onshore-i-offshore\/\">Offshore<\/a> \u00e4r utformad f\u00f6r dem som arbetar med havsbaserade vindkraftverk och best\u00e5r av fem moduler:&nbsp;<\/p>\n\n\n\n<ul class=\"wp-block-list\">\n<li>Arbete p\u00e5 h\u00f6g h\u00f6jd (WAH),&nbsp;<\/li>\n\n\n\n<li>Medvetenhet om brand (FAW),&nbsp;<\/li>\n\n\n\n<li>F\u00f6rsta hj\u00e4lpen (FA),&nbsp;<\/li>\n\n\n\n<li>Manuell hantering (MH),&nbsp;<\/li>\n\n\n\n<li>\u00d6verlevnad till havs.&nbsp;<\/li>\n<\/ul>\n\n\n\n<p>Deltagande i ovanst\u00e5ende kurser garanterar omfattande f\u00f6rberedelser f\u00f6r yrkesm\u00e4ssiga uppgifter. Under utbildningen f\u00f6rv\u00e4rvar deltagaren de f\u00e4rdigheter som kr\u00e4vs f\u00f6r att reagera effektivt p\u00e5 n\u00f6dsituationer och of\u00f6ruts\u00e4gbara situationer. Utbildningsprogrammet omfattar f\u00f6ljande&nbsp;<\/p>\n\n\n\n<ul class=\"wp-block-list\">\n<li>ge f\u00f6rsta hj\u00e4lpen,&nbsp;&nbsp;<\/li>\n\n\n\n<li>hantering manuell transport arbete,&nbsp;&nbsp;<\/li>\n\n\n\n<li>hantering av eventuella br\u00e4nder i turbiner,&nbsp;&nbsp;<\/li>\n\n\n\n<li>iaktta s\u00e4kerhetsf\u00f6reskrifterna vid arbete p\u00e5 h\u00f6ga h\u00f6jder,&nbsp;<\/li>\n\n\n\n<li>\u00d6verlevnadsf\u00e4rdigheter till sj\u00f6ss.&nbsp;<\/li>\n<\/ul>\n\n\n\n<p>GWO BST-certifikat \u00e4r giltiga i 2 \u00e5r. Efter denna period rekommenderar vi att du kompletterar dina kunskaper med GWO BST Refresher-kursen (repetitionsutbildning).&nbsp;<\/p>\n\n\n\n<h2 class=\"wp-block-heading\">GWO-kurs i sj\u00f6\u00f6verlevnad\u00a0<\/h2>\n\n\n\n<p>F\u00f6r att bredda dina kunskaper rekommenderar vi att du deltar i kursen Sea Survival. Denna modul f\u00f6ljer de senaste GWO-standarderna f\u00f6r grundl\u00e4ggande s\u00e4kerhetsutbildning. Utbildningen best\u00e5r av en praktisk och en teoretisk del. Den omfattar inl\u00e4rning av individuella r\u00e4ddningstekniker, identifiering av olika larm och igenk\u00e4nning av symtom p\u00e5 hypotermi och risken f\u00f6r sekund\u00e4r drunkning. I den praktiska delen av utbildningen, som \u00e4ger rum i en varm pool, har deltagarna m\u00f6jlighet att simulera \u00f6verg\u00e5ngen fr\u00e5n ett bes\u00e4ttnings\u00f6verf\u00f6ringsfartyg (CTV) till en r\u00e4ddningsstege.\u00a0<\/p>\n\n\n\n<h2 class=\"wp-block-heading\">Grundl\u00e4ggande teknisk utbildning i GWO&nbsp;<\/h2>\n\n\n\n<p>GWO Basic Technical Training (BTT) anordnas f\u00f6r personer som inte har n\u00e5gon teknisk bakgrund eller som vill strukturera sina befintliga kunskaper i samband med arbete inom vindkraftsomr\u00e5det.&nbsp;<\/p>\n\n\n\n<p>Tekniker som arbetar med konstruktion, installation och service av vindkraftverk m\u00e5ste ha grundl\u00e4ggande teknisk kunskap, vilket de kommer att f\u00e5 genom BTT-utbildningskursen. Syftet med utbildningen \u00e4r att introducera deltagarna till de specifika aspekterna av att arbeta i en vindturbinmilj\u00f6 och det ansvar som teknikern har. Kursen fokuserar p\u00e5 s\u00e4kerhetsprinciper under elektriskt, mekaniskt och installationsarbete, samt f\u00f6rm\u00e5gan att anv\u00e4nda hydrauliska verktyg.&nbsp;<\/p>\n\n\n\n<p>GWO:s omfattande BTT-kurs (Basic Technical Training) inneh\u00e5ller tre viktiga moduler: el, hydraulik och mekanik, samt ett installationspaket som inneh\u00e5ller tv\u00e5 moduler: mekanik och installation. N\u00e4r du har slutf\u00f6rt den fullst\u00e4ndiga BTT-kursen f\u00e5r du m\u00f6jlighet att s\u00f6ka jobb inom vindkraftsindustrin b\u00e5de p\u00e5 land och till havs.&nbsp;<\/p>\n\n\n\n<p>Det \u00e4r v\u00e4rt att notera att vissa f\u00f6retag kan kr\u00e4va ytterligare certifieringar eller att man uppfyller interna kompetensstandarder.&nbsp;&nbsp;<\/p>\n\n\n\n<h2 class=\"wp-block-heading\">GWO-kurser - plats f\u00f6r undervisning&nbsp;<\/h2>\n\n\n\n<p><a href=\"https:\/\/szkolenia-udt.pl\/sv\/kursy\/\">V\u00e5r utbildning<\/a> De \u00e4ger rum p\u00e5 olika platser, inklusive Warszawa och v\u00e5ra regionala filialer i hela Polen. Vi erbjuder ocks\u00e5 m\u00f6jlighet till utbildning i kundens lokaler och reser till en plats som \u00e4r l\u00e4mplig f\u00f6r kunden.&nbsp;<\/p>\n\n\n\n<p>P\u00e5 v\u00e5r webbplats finns information om \u00f6ppna kurser. Om du \u00e4r intresserad av sluten utbildning uppmanar vi dig att kontakta v\u00e5rt centrum s\u00e5 att vi kan ta fram ett personligt erbjudande som \u00e4r anpassat efter dina behov.&nbsp;<\/p>\n\n\n\n<p>Om du har n\u00e5gra fr\u00e5gor om v\u00e5ra kurser \u00e4r du v\u00e4lkommen att kontakta <a href=\"https:\/\/szkolenia-udt.pl\/sv\/kontakt\/\">Telefon- eller e-postkontakt<\/a>. V\u00e5rt team \u00e4r redo att svara p\u00e5 alla fr\u00e5gor och skingra alla tvivel. Du \u00e4r ocks\u00e5 v\u00e4lkommen att bes\u00f6ka v\u00e5rt center, d\u00e4r vi g\u00e4rna presenterar v\u00e5rt erbjudande och f\u00f6rbereder en offert f\u00f6r intresserade parter.&nbsp;<\/p>\n\n\n\n<p>Du \u00e4r hj\u00e4rtligt v\u00e4lkommen till <a href=\"https:\/\/szkolenia-udt.pl\/sv\/o-firmie\/\">Centrum f\u00f6r utbildning av operat\u00f6rer<\/a> CSO:er f\u00f6r kurser i Global WInd Organisation (GWO) i Warszawa och runt om i landet.&nbsp;<\/p>","protected":false},"excerpt":{"rendered":"<p>Normy szkoleniowe GWO\u00a0 Organizacja GWO zosta\u0142a za\u0142o\u017cona przez czo\u0142owe firmy, kt\u00f3re razem kontroluj\u0105 niemal 90% globalnego sektora energetyki wiatrowej. Do tych potentat\u00f3w nale\u017c\u0105:\u00a0 Celem organizacji jest opracowywanie standard\u00f3w szkoleniowych, kt\u00f3re skutecznie identyfikuj\u0105 potencjalne zagro\u017cenia zwi\u0105zane z prac\u0105 w tym obszarze energetyki wiatrowej. Dzi\u0119ki ujednoliconym normom zapewnianym przez GWO poziom bezpiecze\u0144stwa podczas wykonywania obowi\u0105zk\u00f3w zawodowych oraz [&hellip;]<\/p>\n","protected":false},"author":3,"featured_media":5322,"parent":5314,"menu_order":0,"comment_status":"closed","ping_status":"closed","template":"","meta":{"footnotes":""},"class_list":["post-5321","page","type-page","status-publish","has-post-thumbnail","hentry"],"aioseo_notices":[],"_links":{"self":[{"href":"https:\/\/szkolenia-udt.pl\/sv\/wp-json\/wp\/v2\/pages\/5321","targetHints":{"allow":["GET"]}}],"collection":[{"href":"https:\/\/szkolenia-udt.pl\/sv\/wp-json\/wp\/v2\/pages"}],"about":[{"href":"https:\/\/szkolenia-udt.pl\/sv\/wp-json\/wp\/v2\/types\/page"}],"author":[{"embeddable":true,"href":"https:\/\/szkolenia-udt.pl\/sv\/wp-json\/wp\/v2\/users\/3"}],"replies":[{"embeddable":true,"href":"https:\/\/szkolenia-udt.pl\/sv\/wp-json\/wp\/v2\/comments?post=5321"}],"version-history":[{"count":1,"href":"https:\/\/szkolenia-udt.pl\/sv\/wp-json\/wp\/v2\/pages\/5321\/revisions"}],"predecessor-version":[{"id":5323,"href":"https:\/\/szkolenia-udt.pl\/sv\/wp-json\/wp\/v2\/pages\/5321\/revisions\/5323"}],"up":[{"embeddable":true,"href":"https:\/\/szkolenia-udt.pl\/sv\/wp-json\/wp\/v2\/pages\/5314"}],"wp:featuredmedia":[{"embeddable":true,"href":"https:\/\/szkolenia-udt.pl\/sv\/wp-json\/wp\/v2\/media\/5322"}],"wp:attachment":[{"href":"https:\/\/szkolenia-udt.pl\/sv\/wp-json\/wp\/v2\/media?parent=5321"}],"curies":[{"name":"wp","href":"https:\/\/api.w.org\/{rel}","templated":true}]}}