{"id":5327,"date":"2023-12-11T11:16:31","date_gmt":"2023-12-11T10:16:31","guid":{"rendered":"https:\/\/szkolenia-udt.pl\/?page_id=5327"},"modified":"2025-06-06T00:31:07","modified_gmt":"2025-06-05T22:31:07","slug":"avancerad-raddningsutbildning-konstkurs","status":"publish","type":"page","link":"https:\/\/szkolenia-udt.pl\/sv\/kursy\/global-wind-organisation\/kurs-avanced-rescue-training-art\/","title":{"rendered":"Avancerad r\u00e4ddningstr\u00e4ning (ART)\u00a0"},"content":{"rendered":"<h2 class=\"wp-block-heading\">Avancerad kurs i evakueringsr\u00e4ddning - f\u00f6r dem som arbetar i vindkraftverksmilj\u00f6er <\/h2>\n\n\n<div class=\"wp-block-image\">\n<figure class=\"alignleft size-medium\"><a href=\"https:\/\/szkolenia-udt.pl\/wp-content\/uploads\/2025\/06\/d6ebddca-83b1-48b1-94ce-8bde44f7a6cb.png\"><img decoding=\"async\" src=\"https:\/\/szkolenia-udt.pl\/wp-content\/uploads\/2025\/06\/d6ebddca-83b1-48b1-94ce-8bde44f7a6cb-200x300.png\" alt=\"\" class=\"wp-image-5718\"\/><\/a><\/figure>\n<\/div>\n\n\n<p>CSO Operator Training Centre bjuder in dig till kursen Avanced Rescue Training (ART) - Advanced Evacuation Rescue.&nbsp;&nbsp;<\/p>\n\n\n\n<p>V\u00e5r avancerade r\u00e4ddningsutbildning riktar sig till dem som \u00e4r intresserade av att l\u00e4ra sig om de f\u00f6rfaranden som anv\u00e4nds vid r\u00e4ddningsinsatser i vindkraftverk. Utbildningsprogrammet omfattar r\u00e4ddningsinsatser i turbinkomponenter som bladinteri\u00f6r, nacelle, rotor, k\u00e4llare, torn och nav. I kursen anv\u00e4nds r\u00e4ddningsmetoder och tekniker, samt utrustning, som g\u00e5r ut\u00f6ver vad som behandlas i avsnittet om arbete p\u00e5 h\u00f6g h\u00f6jd. Utbildningen g\u00e4ller f\u00f6r r\u00e4ddning i grupp s\u00e5v\u00e4l som individuell r\u00e4ddning.\u00a0<\/p>\n\n\n\n<p>Vi erbjuder utbildning enligt GWO-standarder, vilket garanterar en h\u00f6g inl\u00e4rningsniv\u00e5. Eleverna kommer att kunna anv\u00e4nda de teoretiska och praktiska kunskaper de har f\u00f6rv\u00e4rvat under en effektiv evakuering med hj\u00e4lp av r\u00e4ddningstekniker under en n\u00f6dsituation, uppr\u00e4tth\u00e5lla de h\u00f6gsta s\u00e4kerhetsstandarderna, i enlighet med GWO Advanced Rescue Training-riktlinjerna.&nbsp;<\/p>\n\n\n\n<p>P\u00e5 v\u00e5rt center l\u00e4gger vi stor vikt vid m\u00f6jligheten att f\u00e5 kompetens och kunskap under \u00f6verinseende av experter inom omr\u00e5det. V\u00e5rt center erbjuder ART-kurser i hela landet, inklusive p\u00e5 v\u00e5rt huvudkontor i Warszawa och p\u00e5 f\u00e4ltfilialer, b\u00e5de i form av \u00f6ppna och slutna utbildningskurser. Om du best\u00e4mmer dig f\u00f6r att delta i v\u00e5r utbildning i avancerad evakueringsr\u00e4ddning kan du r\u00e4kna med attraktiva ekonomiska villkor.&nbsp;<\/p>\n\n\n\n<h2 class=\"wp-block-heading\">ART-kurs - huvudm\u00e5l&nbsp;<\/h2>\n\n\n\n<p>Utbildningen \u00e4r utformad f\u00f6r att ge deltagarna teoretiska kunskaper och l\u00e4ra ut praktiska f\u00e4rdigheter relaterade till avancerad evakueringsteknik och r\u00e4ddningsinsatser i en vindkraftverksmilj\u00f6.&nbsp;&nbsp;<\/p>\n\n\n\n<h2 class=\"wp-block-heading\">ART kurs - program&nbsp;<\/h2>\n\n\n\n<p>Kursen ART - Advanced Evacuation Rescue \u00e4r ett omfattande program som inneh\u00e5ller teoretiska och praktiska lektioner, genom vilka deltagarna f\u00e5r kunskap om en m\u00e4ngd olika evakueringsf\u00f6rfaranden som \u00e4r anpassade till evakueringsplatsens egenskaper och antalet inblandade personer.&nbsp;&nbsp;<\/p>\n\n\n<div class=\"wp-block-image\">\n<figure class=\"alignleft size-medium\"><a href=\"https:\/\/szkolenia-udt.pl\/wp-content\/uploads\/2023\/12\/s2-17.jpg\"><img loading=\"lazy\" decoding=\"async\" width=\"300\" height=\"200\" src=\"https:\/\/szkolenia-udt.pl\/wp-content\/uploads\/2023\/12\/s2-17-300x200.jpg\" alt=\"\" class=\"wp-image-5329\" srcset=\"https:\/\/szkolenia-udt.pl\/wp-content\/uploads\/2023\/12\/s2-17-300x200.jpg 300w, https:\/\/szkolenia-udt.pl\/wp-content\/uploads\/2023\/12\/s2-17-1024x683.jpg 1024w, https:\/\/szkolenia-udt.pl\/wp-content\/uploads\/2023\/12\/s2-17-768x512.jpg 768w, https:\/\/szkolenia-udt.pl\/wp-content\/uploads\/2023\/12\/s2-17-1536x1024.jpg 1536w, https:\/\/szkolenia-udt.pl\/wp-content\/uploads\/2023\/12\/s2-17-18x12.jpg 18w, https:\/\/szkolenia-udt.pl\/wp-content\/uploads\/2023\/12\/s2-17.jpg 1600w\" sizes=\"auto, (max-width: 300px) 100vw, 300px\" \/><\/a><\/figure>\n<\/div>\n\n\n<p>De olika delarna av utbildningen har f\u00f6rberetts noggrant s\u00e5 att deltagarna ska kunna hantera b\u00e5de grupp- och individuella evakueringar. Realistiska praktiska \u00f6vningsscenarier genomf\u00f6rs med hj\u00e4lp av h\u00f6gkvalitativ evakueringsutrustning som f\u00f6r n\u00e4rvarande anv\u00e4nds i n\u00f6dsituationer i vindkraftverksomr\u00e5det.&nbsp;&nbsp;<\/p>\n\n\n\n<p>Kursen best\u00e5r av fyra moduler:&nbsp;<\/p>\n\n\n\n<h2 class=\"wp-block-heading\">ART-R\u00e4ddning av gondoler, torn och k\u00e4llare (NTBR)&nbsp;<\/h2>\n\n\n\n<p>Modulen omfattar f\u00f6ljande \u00e4mnen:&nbsp;<\/p>\n\n\n\n<ul class=\"wp-block-list\">\n<li>F\u00f6rfaranden f\u00f6r evakuering av skadade personer fr\u00e5n delar av vindkraftverket, t.ex. nacellen, tornet eller k\u00e4llaren,&nbsp;<\/li>\n\n\n\n<li>R\u00e4ddningsstrategier som omfattar identifiering av en l\u00e4mplig hanteringsmetod och anv\u00e4ndning av korrekt teknik och specialutrustning av personal med l\u00e4mplig utbildning,&nbsp;&nbsp;<\/li>\n\n\n\n<li>simuleringar och praktiska \u00f6vningar i r\u00e4ddningsinsatser,&nbsp;<\/li>\n\n\n\n<li>Lagstiftning med anknytning till avancerade r\u00e4ddningsinsatser.&nbsp;<\/li>\n<\/ul>\n\n\n\n<h2 class=\"wp-block-heading\">ART-H R\u00e4ddning av nav, spinnare och innervingar (HSIBR)&nbsp;<\/h2>\n\n\n\n<p>Modulen omfattar f\u00f6ljande \u00e4mnen:&nbsp;<\/p>\n\n\n\n<ul class=\"wp-block-list\">\n<li>F\u00f6rfaranden f\u00f6r evakuering av skadade personer fr\u00e5n delar av vindkraftverket, s\u00e5som navet, rotorn eller bladets inre,&nbsp;<\/li>\n\n\n\n<li>R\u00e4ddningsstrategier som omfattar identifiering av en l\u00e4mplig hanteringsmetod och anv\u00e4ndning av korrekt teknik och specialutrustning av personal med l\u00e4mplig utbildning,&nbsp;&nbsp;<\/li>\n\n\n\n<li>val av strukturella och godk\u00e4nda f\u00f6rankringspunkter,&nbsp;<\/li>\n\n\n\n<li>simuleringar och praktiska \u00f6vningar i r\u00e4ddningsinsatser,&nbsp;<\/li>\n\n\n\n<li>Lagstiftning med anknytning till avancerade r\u00e4ddningsinsatser.&nbsp;<\/li>\n<\/ul>\n\n\n\n<h2 class=\"wp-block-heading\">SAT-N Enskild r\u00e4ddare - Nacelle, torn och k\u00e4llarr\u00e4ddning (SR:NTBR)&nbsp;<\/h2>\n\n\n\n<p>Modulen omfattar f\u00f6ljande \u00e4mnen:&nbsp;<\/p>\n\n\n\n<ul class=\"wp-block-list\">\n<li>Val av l\u00e4mplig r\u00e4ddningsmetod och insatsteknik, anv\u00e4ndning av certifierad utrustning och effektiv ledning av r\u00e4ddningsinsatsen p\u00e5 platsen av en ensam r\u00e4ddare - en m\u00e4ngd olika r\u00e4ddningsscenarier,&nbsp;<\/li>\n\n\n\n<li>Anv\u00e4ndning av l\u00e4mpliga r\u00e4ddningsmetoder och r\u00e4ddningstekniker under uppstigning och nedstigning av r\u00e4ddaren ensam fr\u00e5n vindturbinens torn,&nbsp;&nbsp;<\/li>\n\n\n\n<li>St\u00f6d till r\u00e4ddaren med hj\u00e4lp av en b\u00e5r eller en ortopedisk br\u00e4da, inbegripet manuell man\u00f6vrering och anv\u00e4ndning av ett mekaniskt r\u00e4ddningssystem f\u00f6r s\u00e4nkning och lyftning,&nbsp;<\/li>\n\n\n\n<li>Korrekt anv\u00e4ndning av specialiserad r\u00e4ddningsutrustning.&nbsp;<\/li>\n<\/ul>\n\n\n\n<h2 class=\"wp-block-heading\">SAT-H Enskild r\u00e4ddare: R\u00e4ddning av nav-, spinner- och innerblad (SR:HSIBR)&nbsp;&nbsp;<\/h2>\n\n\n\n<p>Modulen omfattar f\u00f6ljande \u00e4mnen:&nbsp;<\/p>\n\n\n\n<ul class=\"wp-block-list\">\n<li>Val av l\u00e4mplig r\u00e4ddningsmetod och insatsteknik, anv\u00e4ndning av certifierad utrustning och effektiv ledning av r\u00e4ddningsinsatsen p\u00e5 platsen av en ensam r\u00e4ddare - en m\u00e4ngd olika r\u00e4ddningsscenarier,&nbsp;<\/li>\n\n\n\n<li>Anv\u00e4ndning av l\u00e4mpliga r\u00e4ddningsmetoder och r\u00e4ddningstekniker under uppstigning och nedstigning av r\u00e4ddaren ensam fr\u00e5n vindturbinstrukturen,&nbsp;<\/li>\n\n\n\n<li>St\u00f6d till r\u00e4ddaren med hj\u00e4lp av en b\u00e5r eller en ortopedisk br\u00e4da, inbegripet manuell man\u00f6vrering och anv\u00e4ndning av ett mekaniskt r\u00e4ddningssystem f\u00f6r s\u00e4nkning och lyftning (inbegripet taljanordningar).&nbsp;<\/li>\n<\/ul>\n\n\n\n<p>Efter avslutad avancerad r\u00e4ddningsutbildning kommer den utexaminerade att ha f\u00f6rv\u00e4rvat kunskaper inom f\u00f6ljande omr\u00e5den:&nbsp;<\/p>\n\n\n\n<ul class=\"wp-block-list\">\n<li>Analys och utveckling av r\u00e4ddningsstrategier, inklusive korrekt val av metoder, tekniker, certifierad utrustning och l\u00e4mplig personal - f\u00f6r att passa en m\u00e4ngd olika r\u00e4ddningsscenarier,&nbsp;<\/li>\n\n\n\n<li>korrekt bed\u00f6mning av situationen och utveckling av evakueringsstrategier under r\u00e4ddningsinsatser, inklusive f\u00f6rberedelse av optimala evakueringsv\u00e4gar f\u00f6r de drabbade personerna, b\u00e5de utanf\u00f6r och inuti vindkraftstornet,&nbsp;<\/li>\n\n\n\n<li>v\u00e4lja l\u00e4mpliga f\u00f6rankringspunkter som uppfyller certifieringskriterier och strukturella krav i olika r\u00e4ddningsscenarier,&nbsp;<\/li>\n\n\n\n<li>F\u00f6rst\u00e5else och praktisk till\u00e4mpning av begrepp som lyftvinkel, vinkelfaktor och avb\u00f6jning, vilka \u00e4r viktiga vid r\u00e4ddningsinsatser,&nbsp;<\/li>\n\n\n\n<li>Effektiv hantering av vanliga risker i samband med farliga energik\u00e4llor och risker som uppst\u00e5r i tr\u00e5nga utrymmen inuti en vindturbin under r\u00e4ddningsinsatser,&nbsp;<\/li>\n\n\n\n<li>Praktisk till\u00e4mpning av olika r\u00e4ddningsmetoder och r\u00e4ddningstekniker vid insatser som omfattar s\u00e4nkning av vindkraftverksnav, vridbord och bladinteri\u00f6rer, med hj\u00e4lp av r\u00e4ddningsb\u00e5rar, ortopediska br\u00e4dor, manuella s\u00e4nknings-\/lyftsystem och annan specialiserad r\u00e4ddningsutrustning (taljsystem),&nbsp;<\/li>\n\n\n\n<li>korrekt montering av selar och annan personlig skyddsutrustning, t.ex. hj\u00e4lmar eller skyddsglas\u00f6gon, p\u00e5 offer inuti vindkraftstornet,&nbsp;<\/li>\n\n\n\n<li>S\u00e4ker transport av skadade p\u00e5 b\u00e5rar och ortopediska b\u00e5rar i uppr\u00e4tt eller horisontellt l\u00e4ge samt \u00f6vervakning av den skadades tillst\u00e5nd,&nbsp;<\/li>\n<\/ul>\n\n\n\n<ul class=\"wp-block-list\">\n<li>kommunicera effektivt i potentiellt stressande r\u00e4ddningssituationer, b\u00e5de som ledare f\u00f6r r\u00e4ddningsgruppen och som medlem i r\u00e4ddningsgruppen.&nbsp;<\/li>\n<\/ul>\n\n\n\n<h2 class=\"wp-block-heading\">ART-kurs - certifiering&nbsp;&nbsp;<\/h2>\n\n\n\n<p>CSO Operator Training Centre \u00e4r ackrediterat av DNV och GWO.&nbsp;<\/p>\n\n\n\n<p>V\u00e5r avancerade r\u00e4ddningsutbildning genomf\u00f6rs i enlighet med den nuvarande GWO-standarden f\u00f6r grundl\u00e4ggande s\u00e4kerhetsutbildning.&nbsp;&nbsp;<\/p>\n\n\n\n<p>Efter avslutad kurs kommer deltagarna att f\u00e5 ett intyg om slutf\u00f6rd kurs. Intyget \u00e4r ett officiellt intyg p\u00e5 att deltagaren har f\u00f6rv\u00e4rvat de n\u00f6dv\u00e4ndiga kunskaperna i r\u00e4ddnings- och evakueringsr\u00e4ddning i avancerade r\u00e4ddningsinsatser.&nbsp;<\/p>\n\n\n\n<p>Giltighetstiden f\u00f6r certifikatet \u00e4r 24 m\u00e5nader. Vi rekommenderar att deltagarna uppdaterar sin utbildning innan denna period l\u00f6per ut f\u00f6r att h\u00e5lla sina kvalifikationer och kunskaper uppdaterade.&nbsp;<\/p>\n\n\n\n<h2 class=\"wp-block-heading\">ART-kurs - Krav f\u00f6r deltagande&nbsp;<\/h2>\n\n\n\n<p>F\u00f6r att f\u00e5 delta i utbildning som r\u00f6r arbete p\u00e5 h\u00f6g h\u00f6jd finns det vissa krav som m\u00e5ste uppfyllas:&nbsp;<\/p>\n\n\n\n<ul class=\"wp-block-list\">\n<li>Minimi\u00e5lder 18 \u00e5r,&nbsp;<\/li>\n\n\n\n<li>Minst gymnasieutbildning,&nbsp;<\/li>\n\n\n\n<li>ett aktuellt intyg fr\u00e5n en f\u00f6retagsl\u00e4kare som intygar att det inte finns n\u00e5gra h\u00e4lsorelaterade hinder f\u00f6r att arbeta p\u00e5 en h\u00f6jd av mer \u00e4n tre meter,&nbsp;<\/li>\n\n\n\n<li>socialf\u00f6rs\u00e4kring eller olycksfallsf\u00f6rs\u00e4kring,&nbsp;<\/li>\n\n\n\n<li>har ett WINDA ID-nummer,&nbsp;<\/li>\n\n\n\n<li>Ett korrekt ifyllt medicinskt fr\u00e5geformul\u00e4r,&nbsp;<\/li>\n\n\n\n<li>l\u00e4mpliga arbetskl\u00e4der och skor samt handskar,&nbsp;<\/li>\n\n\n\n<li>betald utbildningsavgift,&nbsp;<\/li>\n\n\n\n<li>en giltig identitetshandling, t.ex. ett identitetskort,&nbsp;<\/li>\n\n\n\n<li>Intyg p\u00e5 genomf\u00f6rd utbildning i arbete p\u00e5 h\u00f6g h\u00f6jd, f\u00f6rsta hj\u00e4lpen och manuell hantering.&nbsp;<\/li>\n<\/ul>\n\n\n\n<p>Maximalt antal deltagare per grupp \u00e4r 10-12.&nbsp;&nbsp;&nbsp;&nbsp;<\/p>\n\n\n\n<h2 class=\"wp-block-heading\">ART-kurs - kostnad &nbsp;<\/h2>\n\n\n\n<p>Avgiften f\u00f6r Advanced Rescue Training s\u00e4tts p\u00e5 individuell basis. Den p\u00e5verkas av antalet personer som deltar i kursen. Attraktiva rabatter finns tillg\u00e4ngliga f\u00f6r st\u00f6rre grupper.&nbsp;<\/p>\n\n\n\n<h2 class=\"wp-block-heading\">ART kurs - plats&nbsp;<\/h2>\n\n\n\n<p>V\u00e5ra utbildningar \u00e4ger rum p\u00e5 olika platser, inklusive Warszawa och v\u00e5ra regionala filialer i hela Polen. Vi erbjuder ocks\u00e5 m\u00f6jligheten att utbilda i kundens lokaler och resa till en plats som \u00e4r l\u00e4mplig f\u00f6r kunden.&nbsp;<\/p>\n\n\n\n<p>P\u00e5 v\u00e5r webbplats finns information om \u00f6ppna kurser. Om du \u00e4r intresserad av sluten utbildning uppmanar vi dig att kontakta v\u00e5rt centrum s\u00e5 att vi kan ta fram ett personligt erbjudande som \u00e4r anpassat efter dina behov.&nbsp;<\/p>\n\n\n\n<p>Om du har n\u00e5gra fr\u00e5gor om v\u00e5ra kurser uppmuntrar vi dig att kontakta oss via telefon eller e-post. V\u00e5rt team \u00e4r redo att svara p\u00e5 alla dina fr\u00e5gor och reda ut eventuella oklarheter. Du \u00e4r ocks\u00e5 v\u00e4lkommen att bes\u00f6ka v\u00e5rt center, d\u00e4r vi g\u00e4rna presenterar v\u00e5rt erbjudande och f\u00f6rbereder en offert f\u00f6r de som \u00e4r intresserade.&nbsp;<\/p>\n\n\n\n<p>Du \u00e4r hj\u00e4rtligt v\u00e4lkommen till OSO:s utbildningscenter f\u00f6r Advanced Rescue Training (ART) - kurser i avancerad evakueringsr\u00e4ddning i Warszawa och i hela landet.&nbsp;<\/p>","protected":false},"excerpt":{"rendered":"<p>Kurs Zaawansowane ratownictwo ewakuacyjne \u2013 dla os\u00f3b pracuj\u0105cych w \u015brodowisku turbin wiatrowych O\u015brodek Szkolenia Operator\u00f3w OSO serdecznie zaprasza na kurs Avanced Rescue Training (ART) \u2013 Zaawansowane ratownictwo ewakuacyjne.&nbsp;&nbsp; Nasze szkolenie Avanced Rescue Training skierowane jest do os\u00f3b zainteresowanych poznaniem procedur u\u017cywanych podczas dzia\u0142a\u0144 ratowniczych w turbinach wiatrowych. Program szkolenia obejmuje akcje ratownicze w taki elementach [&hellip;]<\/p>\n","protected":false},"author":3,"featured_media":5720,"parent":5314,"menu_order":0,"comment_status":"closed","ping_status":"closed","template":"","meta":{"footnotes":""},"class_list":["post-5327","page","type-page","status-publish","has-post-thumbnail","hentry"],"aioseo_notices":[],"_links":{"self":[{"href":"https:\/\/szkolenia-udt.pl\/sv\/wp-json\/wp\/v2\/pages\/5327","targetHints":{"allow":["GET"]}}],"collection":[{"href":"https:\/\/szkolenia-udt.pl\/sv\/wp-json\/wp\/v2\/pages"}],"about":[{"href":"https:\/\/szkolenia-udt.pl\/sv\/wp-json\/wp\/v2\/types\/page"}],"author":[{"embeddable":true,"href":"https:\/\/szkolenia-udt.pl\/sv\/wp-json\/wp\/v2\/users\/3"}],"replies":[{"embeddable":true,"href":"https:\/\/szkolenia-udt.pl\/sv\/wp-json\/wp\/v2\/comments?post=5327"}],"version-history":[{"count":2,"href":"https:\/\/szkolenia-udt.pl\/sv\/wp-json\/wp\/v2\/pages\/5327\/revisions"}],"predecessor-version":[{"id":5719,"href":"https:\/\/szkolenia-udt.pl\/sv\/wp-json\/wp\/v2\/pages\/5327\/revisions\/5719"}],"up":[{"embeddable":true,"href":"https:\/\/szkolenia-udt.pl\/sv\/wp-json\/wp\/v2\/pages\/5314"}],"wp:featuredmedia":[{"embeddable":true,"href":"https:\/\/szkolenia-udt.pl\/sv\/wp-json\/wp\/v2\/media\/5720"}],"wp:attachment":[{"href":"https:\/\/szkolenia-udt.pl\/sv\/wp-json\/wp\/v2\/media?parent=5327"}],"curies":[{"name":"wp","href":"https:\/\/api.w.org\/{rel}","templated":true}]}}