{"id":5331,"date":"2023-12-11T11:20:19","date_gmt":"2023-12-11T10:20:19","guid":{"rendered":"https:\/\/szkolenia-udt.pl\/?page_id=5331"},"modified":"2023-12-11T11:20:20","modified_gmt":"2023-12-11T10:20:20","slug":"grundlaggande-sakerhetsutbildning-bst","status":"publish","type":"page","link":"https:\/\/szkolenia-udt.pl\/sv\/kursy\/global-wind-organisation\/kurs-basic-safety-training-bst\/","title":{"rendered":"Grundl\u00e4ggande s\u00e4kerhetsutbildning (BST)\u00a0"},"content":{"rendered":"<h2 class=\"wp-block-heading\">Grundl\u00e4ggande s\u00e4kerhetsutbildning - f\u00f6r dem som arbetar i en vindturbinmilj\u00f6<\/h2>\n\n\n<div class=\"wp-block-image\">\n<figure class=\"alignleft size-medium\"><a href=\"https:\/\/szkolenia-udt.pl\/wp-content\/uploads\/2023\/12\/screen_2x-22.jpg\"><img loading=\"lazy\" decoding=\"async\" width=\"300\" height=\"200\" src=\"https:\/\/szkolenia-udt.pl\/wp-content\/uploads\/2023\/12\/screen_2x-22-300x200.jpg\" alt=\"\" class=\"wp-image-5332\" srcset=\"https:\/\/szkolenia-udt.pl\/wp-content\/uploads\/2023\/12\/screen_2x-22-300x200.jpg 300w, https:\/\/szkolenia-udt.pl\/wp-content\/uploads\/2023\/12\/screen_2x-22-1024x683.jpg 1024w, https:\/\/szkolenia-udt.pl\/wp-content\/uploads\/2023\/12\/screen_2x-22-768x512.jpg 768w, https:\/\/szkolenia-udt.pl\/wp-content\/uploads\/2023\/12\/screen_2x-22-1536x1024.jpg 1536w, https:\/\/szkolenia-udt.pl\/wp-content\/uploads\/2023\/12\/screen_2x-22-18x12.jpg 18w, https:\/\/szkolenia-udt.pl\/wp-content\/uploads\/2023\/12\/screen_2x-22.jpg 1600w\" sizes=\"auto, (max-width: 300px) 100vw, 300px\" \/><\/a><\/figure>\n<\/div>\n\n\n<p>Basic Safety Training \u00e4r en grundl\u00e4ggande utbildning f\u00f6r alla som arbetar eller planerar att arbeta med vindkraftverk p\u00e5 land eller till havs. Det \u00e4r ett omfattande utbildningsprogram som \u00e4r utformat f\u00f6r att ge n\u00f6dv\u00e4ndiga f\u00e4rdigheter och kunskaper f\u00f6r s\u00e4kerhet vid arbete med vindkraftverk.\u00a0\u00a0<\/p>\n\n\n\n<h2 class=\"wp-block-heading\">BST-standard\u00a0<\/h2>\n\n\n\n<p>BST-standarden definierar tydligt tre nyckelkriterier f\u00f6r bed\u00f6mning av en deltagare under en examination:\u00a0\u00a0<\/p>\n\n\n\n<ul class=\"wp-block-list\">\n<li>kunskap,&nbsp;&nbsp;<\/li>\n\n\n\n<li>f\u00e4rdigheter,&nbsp;<\/li>\n\n\n\n<li>kapacitet.&nbsp;<\/li>\n<\/ul>\n\n\n\n<p>Dessa element \u00e4r indelade i tre kompetensniv\u00e5er: grundl\u00e4ggande, medel och avancerad. Dessa niv\u00e5er bed\u00f6ms ocks\u00e5 under provet, vilket g\u00f6r det m\u00f6jligt f\u00f6r arbetsgivare att identifiera en anst\u00e4llds f\u00e4rdigheter och tilldela dem l\u00e4mplig befattning.&nbsp;<\/p>\n\n\n\n<ul class=\"wp-block-list\">\n<li>Grundl\u00e4ggande niv\u00e5 - eleven kan upprepa den kunskap som f\u00f6rv\u00e4rvats p\u00e5 det s\u00e4tt som den kommunicerades till honom\/henne. Han\/hon kan upprepa handlingar enligt instruktioner och agera enligt enkla, grundl\u00e4ggande regler.&nbsp;<\/li>\n\n\n\n<li>Medelh\u00f6g niv\u00e5 - deltagaren kan f\u00f6rklara sina handlingar, v\u00e4lja r\u00e4tt utrustning f\u00f6r jobbet, agera sj\u00e4lvst\u00e4ndigt och proaktivt.&nbsp;<\/li>\n\n\n\n<li>Avancerad niv\u00e5 - deltagaren f\u00f6rst\u00e5r arbetsprocessen, kan bed\u00f6ma risker, anpassar sig till \u00e4ndrade arbetsf\u00f6rh\u00e5llanden och \u00e4r redo att ta ansvar f\u00f6r sina kollegor.&nbsp;<\/li>\n<\/ul>\n\n\n\n<p>BST-standarden definierar exakt de \u00e4mnen inom vilka deltagaren m\u00e5ste f\u00f6rv\u00e4rva kunskap och den minsta tid som kr\u00e4vs f\u00f6r att fullt ut beh\u00e4rska varje \u00e4mne.&nbsp;<\/p>\n\n\n\n<p>Global Wind Organisation Basic Safety Training utvecklar deltagarnas f\u00e4rdigheter att ge st\u00f6d och omsorg till sig sj\u00e4lva och andra som arbetar inom vindkraftsindustrin. Genomg\u00e5ngen utbildning ger omfattande kunskaper och f\u00e4rdigheter i f\u00f6rsta hj\u00e4lpen och evakuering i livshotande situationer, arbete p\u00e5 h\u00f6g h\u00f6jd, manuell hantering, brandskydd eller \u00f6verlevnad till havs.&nbsp;<\/p>\n\n\n\n<p>GWO:s grundl\u00e4ggande s\u00e4kerhetsutbildning \u00e4r indelad i sex moduler:&nbsp;<\/p>\n\n\n\n<ul class=\"wp-block-list\">\n<li>F\u00f6rsta hj\u00e4lpen (FA)&nbsp;<\/li>\n<\/ul>\n\n\n\n<p>Syftet med modulen <a href=\"https:\/\/szkolenia-udt.pl\/sv\/kursy\/bhp-ppoz\/przychodzimy-z-pomoca\/\">F\u00f6rsta hj\u00e4lpen<\/a> \u00e4r att genom teoretisk och praktisk utbildning f\u00f6rbereda deltagarna f\u00f6r att k\u00e4nna igen livshotande situationer. Deltagarna f\u00e5r f\u00e4rdigheter i att identifiera tecken och symtom p\u00e5 potentiellt farliga situationer som uppst\u00e5r i vindkraftverkens milj\u00f6. Efter genomg\u00e5ngen kurs kan deltagarna ge s\u00e4ker och effektiv f\u00f6rsta hj\u00e4lpen i syfte att r\u00e4dda liv och minimera ytterligare skador tills den skadade personen kan \u00f6verf\u00f6ras till h\u00f6gre niv\u00e5 av medicinsk v\u00e5rd.&nbsp;&nbsp;<\/p>\n\n\n\n<ul class=\"wp-block-list\">\n<li>Manuell hantering (MH)&nbsp;<\/li>\n<\/ul>\n\n\n\n<p>Syftet med modulen Manuell hantering \u00e4r att minska risken f\u00f6r muskuloskeletala skador f\u00f6r tekniker som arbetar inom vindkraftsindustrin och att g\u00f6ra det m\u00f6jligt f\u00f6r deltagarna att utf\u00f6ra uppgifter s\u00e5 s\u00e4kert som m\u00f6jligt n\u00e4r de arbetar i vindkraftsomr\u00e5det.&nbsp;<\/p>\n\n\n\n<ul class=\"wp-block-list\">\n<li>Medvetenhet om brand (FAW)&nbsp;<\/li>\n<\/ul>\n\n\n\n<p>Syftet med modulen Brandskydd \u00e4r att utbilda deltagarna i brandf\u00f6rebyggande \u00e5tg\u00e4rder, f\u00f6rm\u00e5gan att korrekt bed\u00f6ma en brandsituation, hantera evakueringsprocessen f\u00f6r anst\u00e4llda och s\u00e4kerst\u00e4lla s\u00e4ker evakuering i h\u00e4ndelse av en okontrollerad brand. N\u00e4r en incident bed\u00f6ms som s\u00e4ker ska deltagarna effektivt kunna sl\u00e4cka den f\u00f6rsta branden med hj\u00e4lp av grundl\u00e4ggande brandbek\u00e4mpningsutrustning.&nbsp;<\/p>\n\n\n\n<ul class=\"wp-block-list\">\n<li>Arbete p\u00e5 h\u00f6g h\u00f6jd (WAH)&nbsp;<\/li>\n<\/ul>\n\n\n\n<p>Syftet med modulen Arbete p\u00e5 h\u00f6g h\u00f6jd \u00e4r att ge deltagarna praktiska och teoretiska f\u00e4rdigheter f\u00f6r att anv\u00e4nda grundl\u00e4ggande personlig skyddsutrustning, arbeta s\u00e4kert p\u00e5 h\u00f6g h\u00f6jd och utf\u00f6ra grundl\u00e4ggande r\u00e4ddningsinsatser p\u00e5 h\u00f6g h\u00f6jd inom vindkraftsektorn.&nbsp;<\/p>\n\n\n\n<ul class=\"wp-block-list\">\n<li>Arbete p\u00e5 h\u00f6g h\u00f6jd (WAH) och manuell hantering (MH) - paket&nbsp;<\/li>\n<\/ul>\n\n\n\n<p>Syftet med denna utbildningsmodul \u00e4r att ge deltagarna praktiska och teoretiska f\u00e4rdigheter f\u00f6r att anv\u00e4nda grundl\u00e4ggande personlig skyddsutrustning, arbeta s\u00e4kert p\u00e5 h\u00f6g h\u00f6jd och utf\u00f6ra grundl\u00e4ggande r\u00e4ddningsinsatser p\u00e5 h\u00f6g h\u00f6jd inom vindkraftsektorn. Denna modul syftar ocks\u00e5 till att fr\u00e4mja korrekta vanor f\u00f6r manuell hantering och ergonomiska principer, s\u00e5 att deltagarna kan utf\u00f6ra manuella hanteringsuppgifter p\u00e5 ett s\u00e4kert s\u00e4tt.&nbsp;<\/p>\n\n\n\n<p>Detta paket kombinerar lektioner och delar av BST-modulen <a href=\"https:\/\/szkolenia-udt.pl\/sv\/kursy\/prace-wysokosciowe\/kurs-na-szelki-budowlane\/\">Arbete p\u00e5 h\u00f6g h\u00f6jd<\/a> och BST-modulen Manuell hantering. Den planerade genomstr\u00f6mningstiden f\u00f6r den kombinerade modulen \u00e4r tv\u00e5 dagar. Paketet inneh\u00e5ller inneh\u00e5llet i b\u00e5da de frist\u00e5ende modulerna, och deltagare i den kombinerade kursen f\u00e5r utbildningsdokumentation f\u00f6r arbete p\u00e5 h\u00f6g h\u00f6jd och dokumentation f\u00f6r manuell hantering separat.&nbsp;<\/p>\n\n\n\n<ul class=\"wp-block-list\">\n<li>\u00d6verlevnad till havs (SS)&nbsp;<\/li>\n<\/ul>\n\n\n\n<p>Syftet med modulen Survival at Sea \u00e4r att f\u00f6rbereda deltagarna f\u00f6r att agera s\u00e4kert och ansvarsfullt under vindkraftsverksamhet till havs. Omfattande teoretisk och praktisk utbildning kommer att ge deltagarna de f\u00e4rdigheter som kr\u00e4vs f\u00f6r att vidta l\u00e4mpliga \u00e5tg\u00e4rder b\u00e5de i den dagliga verksamheten och i n\u00f6dsituationer - fr\u00e5n strandomr\u00e5det till installationsfartyget (eller vindkraftverket).&nbsp;&nbsp;<\/p>\n\n\n\n<h2 class=\"wp-block-heading\">Uppdatering om utbildning&nbsp;&nbsp;<\/h2>\n\n\n\n<p>F\u00f6rutom att f\u00f6lja g\u00e4llande lagstiftning och r\u00e4ttsliga standarder m\u00e5ste utbildningsleverant\u00f6ren regelbundet se till att utbildningsmaterialet \u00e4r uppdaterat och f\u00f6ljer branschspecifika riktlinjer. F\u00f6r den havsbaserade vindkraftsindustrin g\u00e4ller detta G+-riktlinjerna: Arbete p\u00e5 h\u00f6g h\u00f6jd i <a href=\"https:\/\/szkolenia-udt.pl\/sv\/kursy\/onshore-i-offshore\/\">Offshore<\/a> Vindkraftsindustrin och s\u00e4ker hantering av sm\u00e5 servicefartyg som anv\u00e4nds inom vindkraftsindustrin till havs.&nbsp;&nbsp;&nbsp;<\/p>","protected":false},"excerpt":{"rendered":"<p>Podstawowe szkolenie w zakresie bezpiecze\u0144stwa \u2013 dla os\u00f3b pracuj\u0105cych w \u015brodowisku turbin wiatrowych Basic Safety Training to fundamentalne szkolenie dla os\u00f3b pracuj\u0105cych lub planuj\u0105cych podj\u0105\u0107 prac\u0119 przy turbinach wiatrowych na l\u0105dzie, lub morzu. Jest to kompleksowy program szkoleniowy, kt\u00f3ry ma na celu zapewnienie niezb\u0119dnych umiej\u0119tno\u015bci i wiedzy dotycz\u0105cej bezpiecze\u0144stwa w pracy w sektorze turbin wiatrowych.\u00a0\u00a0 [&hellip;]<\/p>\n","protected":false},"author":3,"featured_media":5332,"parent":5314,"menu_order":0,"comment_status":"closed","ping_status":"closed","template":"","meta":{"footnotes":""},"class_list":["post-5331","page","type-page","status-publish","has-post-thumbnail","hentry"],"aioseo_notices":[],"_links":{"self":[{"href":"https:\/\/szkolenia-udt.pl\/sv\/wp-json\/wp\/v2\/pages\/5331","targetHints":{"allow":["GET"]}}],"collection":[{"href":"https:\/\/szkolenia-udt.pl\/sv\/wp-json\/wp\/v2\/pages"}],"about":[{"href":"https:\/\/szkolenia-udt.pl\/sv\/wp-json\/wp\/v2\/types\/page"}],"author":[{"embeddable":true,"href":"https:\/\/szkolenia-udt.pl\/sv\/wp-json\/wp\/v2\/users\/3"}],"replies":[{"embeddable":true,"href":"https:\/\/szkolenia-udt.pl\/sv\/wp-json\/wp\/v2\/comments?post=5331"}],"version-history":[{"count":1,"href":"https:\/\/szkolenia-udt.pl\/sv\/wp-json\/wp\/v2\/pages\/5331\/revisions"}],"predecessor-version":[{"id":5333,"href":"https:\/\/szkolenia-udt.pl\/sv\/wp-json\/wp\/v2\/pages\/5331\/revisions\/5333"}],"up":[{"embeddable":true,"href":"https:\/\/szkolenia-udt.pl\/sv\/wp-json\/wp\/v2\/pages\/5314"}],"wp:featuredmedia":[{"embeddable":true,"href":"https:\/\/szkolenia-udt.pl\/sv\/wp-json\/wp\/v2\/media\/5332"}],"wp:attachment":[{"href":"https:\/\/szkolenia-udt.pl\/sv\/wp-json\/wp\/v2\/media?parent=5331"}],"curies":[{"name":"wp","href":"https:\/\/api.w.org\/{rel}","templated":true}]}}