{"id":5334,"date":"2023-12-11T11:25:28","date_gmt":"2023-12-11T10:25:28","guid":{"rendered":"https:\/\/szkolenia-udt.pl\/?page_id=5334"},"modified":"2023-12-11T11:25:29","modified_gmt":"2023-12-11T10:25:29","slug":"grundlaggande-teknisk-utbildningskurs-btt-mekanisk","status":"publish","type":"page","link":"https:\/\/szkolenia-udt.pl\/sv\/kursy\/global-wind-organisation\/kurs-basic-technical-training-btt-mechanical\/","title":{"rendered":"Grundl\u00e4ggande teknisk utbildning (BTT) - Mekanik\u00a0"},"content":{"rendered":"<h2 class=\"wp-block-heading\">Mekanisk grundl\u00e4ggande teknisk utbildningsmodul - f\u00f6r dem som arbetar i vindturbinmilj\u00f6\u00a0<\/h2>\n\n\n<div class=\"wp-block-image\">\n<figure class=\"alignleft size-medium\"><a href=\"https:\/\/szkolenia-udt.pl\/wp-content\/uploads\/2023\/12\/s2-18.jpg\"><img loading=\"lazy\" decoding=\"async\" width=\"300\" height=\"200\" src=\"https:\/\/szkolenia-udt.pl\/wp-content\/uploads\/2023\/12\/s2-18-300x200.jpg\" alt=\"\" class=\"wp-image-5335\" srcset=\"https:\/\/szkolenia-udt.pl\/wp-content\/uploads\/2023\/12\/s2-18-300x200.jpg 300w, https:\/\/szkolenia-udt.pl\/wp-content\/uploads\/2023\/12\/s2-18-1024x683.jpg 1024w, https:\/\/szkolenia-udt.pl\/wp-content\/uploads\/2023\/12\/s2-18-768x512.jpg 768w, https:\/\/szkolenia-udt.pl\/wp-content\/uploads\/2023\/12\/s2-18-1536x1024.jpg 1536w, https:\/\/szkolenia-udt.pl\/wp-content\/uploads\/2023\/12\/s2-18-18x12.jpg 18w, https:\/\/szkolenia-udt.pl\/wp-content\/uploads\/2023\/12\/s2-18.jpg 1600w\" sizes=\"auto, (max-width: 300px) 100vw, 300px\" \/><\/a><\/figure>\n<\/div>\n\n\n<p><a href=\"https:\/\/szkolenia-udt.pl\/sv\/o-firmie\/\">OSO Operat\u00f6rsutbildningscenter<\/a> inbjuder dig till kursen Grundl\u00e4ggande teknisk utbildning (BTT) - Mekanik.\u00a0\u00a0<\/p>\n\n\n\n<p>BTT - Mekanisk utbildning \u00e4r utformad f\u00f6r dem som vill f\u00e5 de n\u00f6dv\u00e4ndiga mekaniska f\u00e4rdigheter som kr\u00e4vs f\u00f6r att arbeta som vindkraftverkstekniker. Genom att delta i kursen f\u00e5r du den kunskap och de praktiska f\u00e4rdigheter som kr\u00e4vs f\u00f6r att p\u00e5 ett s\u00e4kert s\u00e4tt utf\u00f6ra grundl\u00e4ggande mekaniska uppgifter inom vindkraftsomr\u00e5det.&nbsp;<\/p>\n\n\n\n<p>V\u00e5rt huvudm\u00e5l \u00e4r att f\u00f6rbereda de anst\u00e4llda f\u00f6r att utf\u00f6ra sina arbetsuppgifter p\u00e5 r\u00e4tt s\u00e4tt i en vindkraftsmilj\u00f6. Kursdeltagarna kommer att l\u00e4ra sig s\u00e4kra arbetsmetoder och under ledning av erfarna tekniker l\u00e4ra sig att utf\u00f6ra grundl\u00e4ggande mekaniska uppgifter.&nbsp;<\/p>\n\n\n\n<p>P\u00e5 v\u00e5rt center l\u00e4gger vi stor vikt vid m\u00f6jligheten att f\u00e5 kompetens och kunskap under \u00f6verinseende av experter inom omr\u00e5det. V\u00e5rt center erbjuder BTT - Mekaniska kurser i hela landet, inklusive p\u00e5 v\u00e5rt huvudkontor i Warszawa och p\u00e5 f\u00e4ltfilialer, b\u00e5de i form av \u00f6ppna och slutna kurser. Om du v\u00e4ljer att delta i v\u00e5r Work at Height-utbildning kan du r\u00e4kna med attraktiva ekonomiska villkor.&nbsp;<\/p>\n\n\n\n<h2 class=\"wp-block-heading\">BTT Mekanisk kurs - huvudm\u00e5l\u00a0<\/h2>\n\n\n\n<p>Utbildningen syftar till att ge deltagarna de teoretiska kunskaper och praktiska f\u00e4rdigheter som kr\u00e4vs f\u00f6r att utf\u00f6ra mekaniska uppgifter p\u00e5 ett effektivt s\u00e4tt inom omr\u00e5det f\u00f6r vindkraftverk.\u00a0<\/p>\n\n\n\n<h2 class=\"wp-block-heading\">BTT Mekanisk kurs - program&nbsp;<\/h2>\n\n\n\n<p>BTT - Mechanical, eller Basic Technical Training - Mechanical module, har utvecklats i enlighet med kraven fr\u00e5n Office of Technical Inspection och g\u00e4llande lagstiftning. V\u00e5r prioritet \u00e4r att f\u00f6rmedla den mest relevanta informationen om s\u00e4kert utf\u00f6rande av mekaniska uppgifter runt vindkraftverk. Under de teoretiska och praktiska delarna kommer deltagarna att f\u00e5 kunskap om de viktigaste komponenterna i mekaniska system, personlig skyddsutrustning och l\u00e4ra sig om potentiella faror, samtidigt som de utvecklar de manuella f\u00e4rdigheter som kr\u00e4vs f\u00f6r att arbeta i denna milj\u00f6.&nbsp;<\/p>\n\n\n<div class=\"wp-block-image\">\n<figure class=\"alignright size-medium\"><a href=\"https:\/\/szkolenia-udt.pl\/wp-content\/uploads\/2023\/12\/screen_2x-23.jpg\"><img loading=\"lazy\" decoding=\"async\" width=\"300\" height=\"200\" src=\"https:\/\/szkolenia-udt.pl\/wp-content\/uploads\/2023\/12\/screen_2x-23-300x200.jpg\" alt=\"\" class=\"wp-image-5336\" srcset=\"https:\/\/szkolenia-udt.pl\/wp-content\/uploads\/2023\/12\/screen_2x-23-300x200.jpg 300w, https:\/\/szkolenia-udt.pl\/wp-content\/uploads\/2023\/12\/screen_2x-23-1024x683.jpg 1024w, https:\/\/szkolenia-udt.pl\/wp-content\/uploads\/2023\/12\/screen_2x-23-768x512.jpg 768w, https:\/\/szkolenia-udt.pl\/wp-content\/uploads\/2023\/12\/screen_2x-23-1536x1024.jpg 1536w, https:\/\/szkolenia-udt.pl\/wp-content\/uploads\/2023\/12\/screen_2x-23-18x12.jpg 18w, https:\/\/szkolenia-udt.pl\/wp-content\/uploads\/2023\/12\/screen_2x-23.jpg 1600w\" sizes=\"auto, (max-width: 300px) 100vw, 300px\" \/><\/a><\/figure>\n<\/div>\n\n\n<p>Den mekaniska modulen \u00e4r en del, best\u00e5ende av tre moduler, av en omfattande teknisk grundkurs. Deltagarna kan genomf\u00f6ra modulerna i valfri ordning. Utbildningen genomf\u00f6rs under \u00f6verinseende av en erfaren tekniker. Kursen anv\u00e4nder s\u00e4kra driftsprocedurer och l\u00e4mplig personlig skyddsutrustning (PPE) i enlighet med GWO-standarder.&nbsp;&nbsp;<\/p>\n\n\n\n<p>Utbildningsprogrammet omfattar f\u00f6ljande&nbsp;<\/p>\n\n\n\n<ul class=\"wp-block-list\">\n<li>f\u00f6rst\u00e5else f\u00f6r de viktigaste komponenterna i mekaniska system och de grundl\u00e4ggande principerna f\u00f6r drift av vindkraftverk,&nbsp;<\/li>\n\n\n\n<li>k\u00e4nna till de potentiella faror och risker som \u00e4r f\u00f6rknippade med arbete p\u00e5 mekaniska system,&nbsp;<\/li>\n\n\n\n<li>l\u00e4ra sig principerna f\u00f6r svetsade och bultade f\u00f6rband, inklusive att utf\u00f6ra kontroller av dessa typer av f\u00f6rband,&nbsp;<\/li>\n\n\n\n<li>praktiska f\u00e4rdigheter i att anv\u00e4nda handverktyg f\u00f6r \u00e5tdragning och m\u00e4tning,&nbsp;<\/li>\n\n\n\n<li>korrekt anv\u00e4ndning av hydrauliska moment- och sp\u00e4nnverktyg,&nbsp;<\/li>\n\n\n\n<li>l\u00e4ra sig hur bromssystemet och v\u00e4xell\u00e5dan fungerar och hur man kontrollerar dem,&nbsp;<\/li>\n\n\n\n<li>l\u00e4ra sig om azimutsystemets, kylsystemets och sm\u00f6rjsystemets funktioner och hur man kontrollerar dem,&nbsp;<\/li>\n\n\n\n<li>f\u00f6rst\u00e5 avb\u00f6jningssystemets funktion.&nbsp;<\/li>\n<\/ul>\n\n\n\n<h2 class=\"wp-block-heading\">BTT Mekanikkurs - certifiering&nbsp;&nbsp;<\/h2>\n\n\n\n<p>CSO Operator Training Centre \u00e4r ackrediterat av DNV och GWO.&nbsp;<\/p>\n\n\n\n<p>V\u00e5r BTT - Mechanical-utbildning genomf\u00f6rs i enlighet med den aktuella GWO-standarden.&nbsp;<\/p>\n\n\n\n<p>Efter avslutad kurs kommer deltagarna att f\u00e5 ett GWO BTT Mechanical Module-certifikat som bekr\u00e4ftar deras kvalifikationer i grundl\u00e4ggande mekaniska uppgifter i en vindturbinmilj\u00f6. Certifikatet \u00e4r det officiella intyget p\u00e5 att utbildningen har slutf\u00f6rts och bekr\u00e4ftar de f\u00f6rv\u00e4rvade f\u00e4rdigheterna.&nbsp;<\/p>\n\n\n\n<h2 class=\"wp-block-heading\">Certifikat.\u00a0\u00a0<\/h2>\n\n\n\n<p>BTT Mekanisk kurs - beh\u00f6righetskrav&nbsp;<br>F\u00f6r att f\u00e5 delta i utbildning som r\u00f6r arbete p\u00e5 h\u00f6g h\u00f6jd finns det vissa krav som m\u00e5ste uppfyllas:&nbsp;<\/p>\n\n\n\n<ul class=\"wp-block-list\">\n<li>Minimi\u00e5lder 18 \u00e5r,&nbsp;<\/li>\n\n\n\n<li>Minst gymnasieutbildning,&nbsp;<\/li>\n\n\n\n<li>ett aktuellt intyg fr\u00e5n en f\u00f6retagsl\u00e4kare som intygar att det inte finns n\u00e5gra h\u00e4lsorelaterade hinder f\u00f6r att arbeta p\u00e5 en h\u00f6jd av mer \u00e4n tre meter,&nbsp;<\/li>\n\n\n\n<li>socialf\u00f6rs\u00e4kring eller olycksfallsf\u00f6rs\u00e4kring,&nbsp;<\/li>\n\n\n\n<li>har ett WINDA ID-nummer,&nbsp;<\/li>\n\n\n\n<li>Ett korrekt ifyllt medicinskt fr\u00e5geformul\u00e4r,&nbsp;<\/li>\n\n\n\n<li>l\u00e4mpliga arbetskl\u00e4der och skor samt handskar,&nbsp;<\/li>\n\n\n\n<li>betald utbildningsavgift,&nbsp;<\/li>\n\n\n\n<li>en giltig identitetshandling, t.ex. ett identitetskort,&nbsp;<\/li>\n\n\n\n<li>Den \u00f6vre viktgr\u00e4nsen f\u00f6r en praktikant \u00e4r 135 kg.&nbsp;<\/li>\n<\/ul>\n\n\n\n<h2 class=\"wp-block-heading\">BTT Mekanisk kurs - kostnad \u00a0<\/h2>\n\n\n\n<p>Avgiften f\u00f6r BTT - Mekanisk utbildning s\u00e4tts p\u00e5 individuell basis. Den p\u00e5verkas av antalet personer som deltar i kursen. Attraktiva rabatter ges f\u00f6r st\u00f6rre grupper.\u00a0<\/p>\n\n\n\n<p>BTT Mekanisk kurs - plats&nbsp;<\/p>\n\n\n\n<p><a href=\"https:\/\/szkolenia-udt.pl\/sv\/kursy\/\">V\u00e5r utbildning<\/a> De \u00e4ger rum p\u00e5 olika platser, inklusive Warszawa och v\u00e5ra regionala filialer i hela Polen. Vi erbjuder ocks\u00e5 m\u00f6jlighet till utbildning i kundens lokaler och reser till en plats som \u00e4r l\u00e4mplig f\u00f6r kunden.&nbsp;<\/p>\n\n\n\n<p>P\u00e5 v\u00e5r webbplats finns information om \u00f6ppna kurser. Om du \u00e4r intresserad av sluten utbildning uppmanar vi dig att kontakta v\u00e5rt centrum s\u00e5 att vi kan ta fram ett personligt erbjudande som \u00e4r anpassat efter dina behov.&nbsp;<\/p>\n\n\n\n<p>Om du har n\u00e5gra fr\u00e5gor om v\u00e5ra kurser \u00e4r du v\u00e4lkommen att kontakta <a href=\"https:\/\/szkolenia-udt.pl\/sv\/kontakt\/\">Telefon- eller e-postkontakt<\/a>. V\u00e5rt team \u00e4r redo att svara p\u00e5 alla fr\u00e5gor och skingra alla tvivel. Du \u00e4r ocks\u00e5 v\u00e4lkommen att bes\u00f6ka v\u00e5rt center, d\u00e4r vi g\u00e4rna presenterar v\u00e5rt erbjudande och f\u00f6rbereder en offert f\u00f6r intresserade parter.&nbsp;<\/p>\n\n\n\n<p>Du \u00e4r hj\u00e4rtligt v\u00e4lkommen till OSO Operators' Training Centre f\u00f6r grundl\u00e4ggande teknisk utbildning (BTT) - mekaniska kurser, i Warszawa och i hela landet.&nbsp;<\/p>","protected":false},"excerpt":{"rendered":"<p>Modu\u0142 mechaniczny Podstawowego Szkolenia Technicznego \u2013 dla os\u00f3b pracuj\u0105cych w \u015brodowisku turbin wiatrowych\u00a0 O\u015brodek Szkolenia Operator\u00f3w OSO serdecznie zaprasza na kurs Basic Technical Training (BTT) \u2013 Mechanical, czyli Podstawowe Szkolenie Techniczne \u2013 modu\u0142 mechaniczny.\u00a0\u00a0 Szkolenie BTT \u2013 Mechanical zosta\u0142o stworzone z my\u015bl\u0105 o osobach pragn\u0105cych zdoby\u0107 niezb\u0119dne umiej\u0119tno\u015bci mechaniczne niezb\u0119dne do pracy na stanowisku technik [&hellip;]<\/p>\n","protected":false},"author":3,"featured_media":5335,"parent":5314,"menu_order":0,"comment_status":"closed","ping_status":"closed","template":"","meta":{"footnotes":""},"class_list":["post-5334","page","type-page","status-publish","has-post-thumbnail","hentry"],"aioseo_notices":[],"_links":{"self":[{"href":"https:\/\/szkolenia-udt.pl\/sv\/wp-json\/wp\/v2\/pages\/5334","targetHints":{"allow":["GET"]}}],"collection":[{"href":"https:\/\/szkolenia-udt.pl\/sv\/wp-json\/wp\/v2\/pages"}],"about":[{"href":"https:\/\/szkolenia-udt.pl\/sv\/wp-json\/wp\/v2\/types\/page"}],"author":[{"embeddable":true,"href":"https:\/\/szkolenia-udt.pl\/sv\/wp-json\/wp\/v2\/users\/3"}],"replies":[{"embeddable":true,"href":"https:\/\/szkolenia-udt.pl\/sv\/wp-json\/wp\/v2\/comments?post=5334"}],"version-history":[{"count":2,"href":"https:\/\/szkolenia-udt.pl\/sv\/wp-json\/wp\/v2\/pages\/5334\/revisions"}],"predecessor-version":[{"id":5338,"href":"https:\/\/szkolenia-udt.pl\/sv\/wp-json\/wp\/v2\/pages\/5334\/revisions\/5338"}],"up":[{"embeddable":true,"href":"https:\/\/szkolenia-udt.pl\/sv\/wp-json\/wp\/v2\/pages\/5314"}],"wp:featuredmedia":[{"embeddable":true,"href":"https:\/\/szkolenia-udt.pl\/sv\/wp-json\/wp\/v2\/media\/5335"}],"wp:attachment":[{"href":"https:\/\/szkolenia-udt.pl\/sv\/wp-json\/wp\/v2\/media?parent=5334"}],"curies":[{"name":"wp","href":"https:\/\/api.w.org\/{rel}","templated":true}]}}