{"id":5339,"date":"2023-12-11T12:00:55","date_gmt":"2023-12-11T11:00:55","guid":{"rendered":"https:\/\/szkolenia-udt.pl\/?page_id=5339"},"modified":"2023-12-11T12:04:35","modified_gmt":"2023-12-11T11:04:35","slug":"brandkunskap-faw-kurs","status":"publish","type":"page","link":"https:\/\/szkolenia-udt.pl\/sv\/kursy\/global-wind-organisation\/kurs-fire-awareness-faw\/","title":{"rendered":"Kurs i brandkunskap (FAW)\u00a0"},"content":{"rendered":"<h2 class=\"wp-block-heading\">Brandskyddskurs - f\u00f6r dem som arbetar i vindkraftsmilj\u00f6er&nbsp;<\/h2>\n\n\n\n<p><a href=\"https:\/\/szkolenia-udt.pl\/sv\/o-firmie\/\">OSO Operat\u00f6rsutbildningscenter<\/a> inbjuder dig till kursen Brandmedvetenhet (FAW) - Brandskydd.&nbsp;&nbsp;<\/p>\n\n\n<div class=\"wp-block-image\">\n<figure class=\"alignright size-medium\"><a href=\"https:\/\/szkolenia-udt.pl\/wp-content\/uploads\/2023\/12\/screen_2x-24.jpg\"><img loading=\"lazy\" decoding=\"async\" width=\"300\" height=\"200\" src=\"https:\/\/szkolenia-udt.pl\/wp-content\/uploads\/2023\/12\/screen_2x-24-300x200.jpg\" alt=\"\" class=\"wp-image-5340\" srcset=\"https:\/\/szkolenia-udt.pl\/wp-content\/uploads\/2023\/12\/screen_2x-24-300x200.jpg 300w, https:\/\/szkolenia-udt.pl\/wp-content\/uploads\/2023\/12\/screen_2x-24-1024x683.jpg 1024w, https:\/\/szkolenia-udt.pl\/wp-content\/uploads\/2023\/12\/screen_2x-24-768x512.jpg 768w, https:\/\/szkolenia-udt.pl\/wp-content\/uploads\/2023\/12\/screen_2x-24-1536x1024.jpg 1536w, https:\/\/szkolenia-udt.pl\/wp-content\/uploads\/2023\/12\/screen_2x-24-18x12.jpg 18w, https:\/\/szkolenia-udt.pl\/wp-content\/uploads\/2023\/12\/screen_2x-24.jpg 1600w\" sizes=\"auto, (max-width: 300px) 100vw, 300px\" \/><\/a><\/figure>\n<\/div>\n\n\n<p><a href=\"https:\/\/szkolenia-udt.pl\/sv\/oferta\/\">V\u00e5rt erbjudande<\/a> Kursen v\u00e4nder sig till alla som \u00e4r intresserade av de grundl\u00e4ggande principerna f\u00f6r brands\u00e4kerhet. Vi vill ge dig n\u00f6dv\u00e4ndig kunskap om f\u00f6rebyggande \u00e5tg\u00e4rder och hur du ska agera i h\u00e4ndelse av ett brandutbrott, samt f\u00f6rm\u00e5gan att anv\u00e4nda brandbek\u00e4mpningsutrustning p\u00e5 r\u00e4tt s\u00e4tt.&nbsp;<\/p>\n\n\n\n<p>Vi f\u00f6ljer GWO-standarderna p\u00e5 v\u00e5ra kurser, vilket garanterar en h\u00f6g utbildningsniv\u00e5. B\u00e5de den teoretiska och praktiska kunskapen som erh\u00e5lls under kursen g\u00f6r att du kan reagera effektivt i h\u00e4ndelse av en brandkris inom vindkraftsektorn med alla s\u00e4kerhetsstandarder, i enlighet med FAW-riktlinjerna.&nbsp;&nbsp;<\/p>\n\n\n\n<p>P\u00e5 v\u00e5rt center l\u00e4gger vi stor vikt vid m\u00f6jligheten att f\u00e5 kompetens och kunskap under \u00f6verinseende av experter inom omr\u00e5det. V\u00e5rt center erbjuder FAW-kurser i hela landet, inklusive p\u00e5 v\u00e5rt huvudkontor i Warszawa och p\u00e5 f\u00e4ltfilialer, b\u00e5de i form av \u00f6ppna och slutna kurser. Om du best\u00e4mmer dig f\u00f6r att delta i en brandskyddsutbildning kan du r\u00e4kna med attraktiva ekonomiska villkor.&nbsp;<\/p>\n\n\n\n<h2 class=\"wp-block-heading\">FAW-kurs - huvudm\u00e5l\u00a0<\/h2>\n\n\n\n<p>Kursens huvudsyfte \u00e4r att g\u00f6ra deltagarna f\u00f6rtrogna med de grundl\u00e4ggande principerna f\u00f6r brands\u00e4kerhet och att ge dem f\u00e4rdigheter att hantera brandrisksituationer. Under kursen kommer deltagarna att f\u00e5 kunskap om aktuell lagstiftning som r\u00f6r brandskydd och de praktiska f\u00e4rdigheter som kr\u00e4vs f\u00f6r att korrekt bed\u00f6ma graden av brandfara. Kursdeltagarna f\u00e5r ocks\u00e5 l\u00e4ra sig hur man effektivt och s\u00e4kert sl\u00e4cker en brand med hj\u00e4lp av grundl\u00e4ggande brandsl\u00e4ckningsmedel.\u00a0<\/p>\n\n\n\n<h2 class=\"wp-block-heading\">FAW-kurs - program&nbsp;<\/h2>\n\n\n<div class=\"wp-block-image\">\n<figure class=\"alignleft size-medium\"><a href=\"https:\/\/szkolenia-udt.pl\/wp-content\/uploads\/2023\/12\/s2-19.jpg\"><img loading=\"lazy\" decoding=\"async\" width=\"300\" height=\"201\" src=\"https:\/\/szkolenia-udt.pl\/wp-content\/uploads\/2023\/12\/s2-19-300x201.jpg\" alt=\"\" class=\"wp-image-5342\" srcset=\"https:\/\/szkolenia-udt.pl\/wp-content\/uploads\/2023\/12\/s2-19-300x201.jpg 300w, https:\/\/szkolenia-udt.pl\/wp-content\/uploads\/2023\/12\/s2-19-1024x687.jpg 1024w, https:\/\/szkolenia-udt.pl\/wp-content\/uploads\/2023\/12\/s2-19-768x515.jpg 768w, https:\/\/szkolenia-udt.pl\/wp-content\/uploads\/2023\/12\/s2-19-1536x1030.jpg 1536w, https:\/\/szkolenia-udt.pl\/wp-content\/uploads\/2023\/12\/s2-19-18x12.jpg 18w, https:\/\/szkolenia-udt.pl\/wp-content\/uploads\/2023\/12\/s2-19.jpg 1600w\" sizes=\"auto, (max-width: 300px) 100vw, 300px\" \/><\/a><\/figure>\n<\/div>\n\n\n<p>Utbildningskursen FAW - Fire Protection GWO har utvecklats i enlighet med kraven fr\u00e5n Office of Technical Inspection och g\u00e4llande lagstiftning. Kursprogrammet t\u00e4cker ett brett spektrum av \u00e4mnen som inkluderar juridiska aspekter, hantering av brandkriser p\u00e5 vindkraftverk och praktiska \u00f6vningar baserade p\u00e5 realistiska scenarier.&nbsp;<\/p>\n\n\n\n<p>Efter avslutad utbildning i brandmedvetenhet kommer de utexaminerade att ha f\u00f6rv\u00e4rvat kunskaper inklusive:&nbsp;<\/p>\n\n\n\n<ul class=\"wp-block-list\">\n<li>Identifiering av orsakerna till br\u00e4nder i vindkraftverk och de risker som \u00e4r f\u00f6rknippade med dessa,&nbsp;<\/li>\n\n\n\n<li>k\u00e4nna igen tidiga tecken p\u00e5 brand i turbinomr\u00e5det,&nbsp;<\/li>\n\n\n\n<li>skapa personliga n\u00f6dplaner f\u00f6r vindkraftverk, som kommer att inneh\u00e5lla strategier f\u00f6r branddetektering och detaljerade evakueringsrutiner.&nbsp;<\/li>\n\n\n\n<li>\u00e5tg\u00e4rder f\u00f6r att hindra branden fr\u00e5n att sprida sig och beskriva brandf\u00f6rloppet.&nbsp;<\/li>\n\n\n\n<li>effektivt genomf\u00f6rande av brandbek\u00e4mpningsinsatser vid vindkraftverk, med beaktande av korrekt anv\u00e4ndning av grundl\u00e4ggande sl\u00e4ckmedel,&nbsp;<\/li>\n\n\n\n<li>F\u00f6rm\u00e5ga att skapa beredskapsplaner f\u00f6r vindkraftverk, med beaktande av branddetektering och evakueringsf\u00f6rfaranden.&nbsp;<\/li>\n<\/ul>\n\n\n\n<h2 class=\"wp-block-heading\">FAW-kurs - certifiering&nbsp;&nbsp;<\/h2>\n\n\n\n<p>CSO Operator Training Centre \u00e4r ackrediterat av DNV och GWO.&nbsp;&nbsp;<\/p>\n\n\n\n<p>V\u00e5r utbildning i brandmedvetenhet levereras enligt den aktuella GWO-standarden f\u00f6r grundl\u00e4ggande s\u00e4kerhetsutbildning.&nbsp;<\/p>\n\n\n\n<p>Efter avslutad kurs f\u00e5r deltagarna ett intyg som bekr\u00e4ftar att de har genomg\u00e5tt utbildningen och f\u00f6rv\u00e4rvat n\u00f6dv\u00e4ndiga kvalifikationer och f\u00e4rdigheter inom brandskyddsomr\u00e5det. Detta s\u00e4kerst\u00e4ller att deltagarna \u00e4r f\u00f6rberedda f\u00f6r att arbeta s\u00e4kert inte bara inom vindkraftssektorn utan \u00e4ven i andra milj\u00f6er d\u00e4r det finns risk f\u00f6r br\u00e4nder.&nbsp;&nbsp;<\/p>\n\n\n\n<p>Giltighetstiden f\u00f6r certifikatet \u00e4r 24 m\u00e5nader. Vi rekommenderar att deltagarna uppdaterar sin utbildning innan denna period l\u00f6per ut f\u00f6r att h\u00e5lla sina kvalifikationer och kunskaper uppdaterade.&nbsp;<\/p>\n\n\n\n<h2 class=\"wp-block-heading\">FAW-kurs - beh\u00f6righetskrav\u00a0<\/h2>\n\n\n\n<p>F\u00f6r att f\u00e5 delta i utbildning som r\u00f6r arbete p\u00e5 h\u00f6g h\u00f6jd finns det vissa krav som m\u00e5ste uppfyllas:\u00a0<\/p>\n\n\n\n<ul class=\"wp-block-list\">\n<li>Minimi\u00e5lder 18 \u00e5r,&nbsp;<\/li>\n\n\n\n<li>Minst gymnasieutbildning,&nbsp;<\/li>\n\n\n\n<li>ett aktuellt intyg fr\u00e5n en f\u00f6retagsl\u00e4kare som intygar att det inte finns n\u00e5gra h\u00e4lsorelaterade hinder f\u00f6r att arbeta p\u00e5 en h\u00f6jd av mer \u00e4n tre meter,&nbsp;<\/li>\n\n\n\n<li>socialf\u00f6rs\u00e4kring eller olycksfallsf\u00f6rs\u00e4kring,&nbsp;<\/li>\n\n\n\n<li>har ett WINDA ID-nummer,&nbsp;<\/li>\n\n\n\n<li>Ett korrekt ifyllt medicinskt fr\u00e5geformul\u00e4r,&nbsp;<\/li>\n\n\n\n<li>l\u00e4mpliga arbetskl\u00e4der och skor samt handskar,&nbsp;<\/li>\n\n\n\n<li>betald utbildningsavgift,&nbsp;<\/li>\n\n\n\n<li>en giltig identitetshandling, t.ex. ett identitetskort.&nbsp;<\/li>\n<\/ul>\n\n\n\n<p>Maximalt antal deltagare per grupp \u00e4r 10-12.&nbsp;&nbsp;<\/p>\n\n\n\n<h2 class=\"wp-block-heading\">FAW-kurs - kostnad \u00a0<\/h2>\n\n\n\n<p>Avgiften f\u00f6r utbildning i brandkunskap s\u00e4tts individuellt. Den p\u00e5verkas av antalet personer som deltar i kursen. Attraktiva rabatter ges f\u00f6r st\u00f6rre grupper.\u00a0<\/p>\n\n\n\n<h2 class=\"wp-block-heading\">FAW-kurs - plats&nbsp;<\/h2>\n\n\n\n<p><a href=\"https:\/\/szkolenia-udt.pl\/sv\/kursy\/\">V\u00e5r utbildning<\/a> De \u00e4ger rum p\u00e5 olika platser, inklusive Warszawa och v\u00e5ra regionala filialer i hela Polen. Vi erbjuder ocks\u00e5 m\u00f6jlighet till utbildning i kundens lokaler och reser till en plats som \u00e4r l\u00e4mplig f\u00f6r kunden.&nbsp;<\/p>\n\n\n\n<p>P\u00e5 v\u00e5r webbplats finns information om \u00f6ppna kurser. Om du \u00e4r intresserad av sluten utbildning uppmanar vi dig att kontakta v\u00e5rt centrum s\u00e5 att vi kan ta fram ett personligt erbjudande som \u00e4r anpassat efter dina behov.&nbsp;<\/p>\n\n\n\n<p>Om du har n\u00e5gra fr\u00e5gor om v\u00e5ra kurser \u00e4r du v\u00e4lkommen att kontakta <a href=\"https:\/\/szkolenia-udt.pl\/sv\/kontakt\/\">Telefon- eller e-postkontakt<\/a>. V\u00e5rt team \u00e4r redo att svara p\u00e5 alla fr\u00e5gor och skingra alla tvivel. Du \u00e4r ocks\u00e5 v\u00e4lkommen att bes\u00f6ka v\u00e5rt center, d\u00e4r vi g\u00e4rna presenterar v\u00e5rt erbjudande och f\u00f6rbereder en offert f\u00f6r intresserade parter.&nbsp;<\/p>\n\n\n\n<p>Du \u00e4r hj\u00e4rtligt v\u00e4lkommen till OSO Operator Training Centre for Fire Awareness (FAW) - Brandskyddskurser i Warszawa och i hela landet.&nbsp;<\/p>","protected":false},"excerpt":{"rendered":"<p>Kurs Ochrona przeciwpo\u017carowa \u2013 dla os\u00f3b pracuj\u0105cych w \u015brodowisku turbin wiatrowych&nbsp; O\u015brodek Szkolenia Operator\u00f3w OSO serdecznie zaprasza na kurs Fire Awareness (FAW) \u2013 Ochrona przeciwpo\u017carowa.&nbsp;&nbsp; Nasza oferta kursu skierowana jest do wszystkich zainteresowanych podstawowymi zasadami bezpiecze\u0144stwa przeciwpo\u017carowego. Chcemy Pa\u0144stwu przekaza\u0107 niezb\u0119dn\u0105 wiedz\u0119 dotycz\u0105c\u0105 prewencji oraz sposob\u00f3w post\u0119powania w przypadku wybuchu po\u017caru, a tak\u017ce umiej\u0119tno\u015bci w\u0142a\u015bciwego [&hellip;]<\/p>\n","protected":false},"author":3,"featured_media":5342,"parent":5314,"menu_order":0,"comment_status":"closed","ping_status":"closed","template":"","meta":{"footnotes":""},"class_list":["post-5339","page","type-page","status-publish","has-post-thumbnail","hentry"],"aioseo_notices":[],"_links":{"self":[{"href":"https:\/\/szkolenia-udt.pl\/sv\/wp-json\/wp\/v2\/pages\/5339","targetHints":{"allow":["GET"]}}],"collection":[{"href":"https:\/\/szkolenia-udt.pl\/sv\/wp-json\/wp\/v2\/pages"}],"about":[{"href":"https:\/\/szkolenia-udt.pl\/sv\/wp-json\/wp\/v2\/types\/page"}],"author":[{"embeddable":true,"href":"https:\/\/szkolenia-udt.pl\/sv\/wp-json\/wp\/v2\/users\/3"}],"replies":[{"embeddable":true,"href":"https:\/\/szkolenia-udt.pl\/sv\/wp-json\/wp\/v2\/comments?post=5339"}],"version-history":[{"count":2,"href":"https:\/\/szkolenia-udt.pl\/sv\/wp-json\/wp\/v2\/pages\/5339\/revisions"}],"predecessor-version":[{"id":5343,"href":"https:\/\/szkolenia-udt.pl\/sv\/wp-json\/wp\/v2\/pages\/5339\/revisions\/5343"}],"up":[{"embeddable":true,"href":"https:\/\/szkolenia-udt.pl\/sv\/wp-json\/wp\/v2\/pages\/5314"}],"wp:featuredmedia":[{"embeddable":true,"href":"https:\/\/szkolenia-udt.pl\/sv\/wp-json\/wp\/v2\/media\/5342"}],"wp:attachment":[{"href":"https:\/\/szkolenia-udt.pl\/sv\/wp-json\/wp\/v2\/media?parent=5339"}],"curies":[{"name":"wp","href":"https:\/\/api.w.org\/{rel}","templated":true}]}}