{"id":5344,"date":"2023-12-11T12:10:05","date_gmt":"2023-12-11T11:10:05","guid":{"rendered":"https:\/\/szkolenia-udt.pl\/?page_id=5344"},"modified":"2023-12-11T12:10:19","modified_gmt":"2023-12-11T11:10:19","slug":"forsta-hjalpen-fa-kurs","status":"publish","type":"page","link":"https:\/\/szkolenia-udt.pl\/sv\/kursy\/global-wind-organisation\/kurs-first-aid-fa\/","title":{"rendered":"Kurs i f\u00f6rsta hj\u00e4lpen (FA)\u00a0"},"content":{"rendered":"<h2 class=\"wp-block-heading\">Kurs i f\u00f6rsta hj\u00e4lpen - f\u00f6r personer som arbetar i vindkraftsmilj\u00f6er\u00a0<\/h2>\n\n\n<div class=\"wp-block-image\">\n<figure class=\"alignleft size-medium\"><a href=\"https:\/\/szkolenia-udt.pl\/wp-content\/uploads\/2023\/12\/s2-20.jpg\"><img loading=\"lazy\" decoding=\"async\" width=\"300\" height=\"200\" src=\"https:\/\/szkolenia-udt.pl\/wp-content\/uploads\/2023\/12\/s2-20-300x200.jpg\" alt=\"\" class=\"wp-image-5345\" srcset=\"https:\/\/szkolenia-udt.pl\/wp-content\/uploads\/2023\/12\/s2-20-300x200.jpg 300w, https:\/\/szkolenia-udt.pl\/wp-content\/uploads\/2023\/12\/s2-20-1024x683.jpg 1024w, https:\/\/szkolenia-udt.pl\/wp-content\/uploads\/2023\/12\/s2-20-768x512.jpg 768w, https:\/\/szkolenia-udt.pl\/wp-content\/uploads\/2023\/12\/s2-20-1536x1024.jpg 1536w, https:\/\/szkolenia-udt.pl\/wp-content\/uploads\/2023\/12\/s2-20-18x12.jpg 18w, https:\/\/szkolenia-udt.pl\/wp-content\/uploads\/2023\/12\/s2-20.jpg 1600w\" sizes=\"auto, (max-width: 300px) 100vw, 300px\" \/><\/a><\/figure>\n<\/div>\n\n\n<p><a href=\"https:\/\/szkolenia-udt.pl\/sv\/o-firmie\/\">OSO Operat\u00f6rsutbildningscenter<\/a> inbjuder dig hj\u00e4rtligt till kursen F\u00f6rsta hj\u00e4lpen (FA) <a href=\"https:\/\/szkolenia-udt.pl\/sv\/kursy\/bhp-ppoz\/przychodzimy-z-pomoca\/\">F\u00f6rsta hj\u00e4lpen<\/a>.\u00a0\u00a0<\/p>\n\n\n\n<p>V\u00e5rt huvudm\u00e5l \u00e4r att ge kursdeltagarna omfattande utbildning (p\u00e5 ett teoretiskt och praktiskt s\u00e4tt) i s\u00e4ker och effektiv f\u00f6rsta hj\u00e4lpen, med s\u00e4rskild tonvikt p\u00e5 de behov som finns vid arbete i en vindturbinmilj\u00f6.&nbsp;<\/p>\n\n\n\n<p>Vi f\u00f6ljer GWO:s standarder fullt ut, vilket garanterar en h\u00f6g utbildningsniv\u00e5. N\u00e4r du har slutf\u00f6rt v\u00e5r kurs kommer du att ha den teoretiska kunskapen s\u00e5v\u00e4l som de praktiska f\u00e4rdigheter som g\u00f6r att du effektivt kan administrera f\u00f6rsta hj\u00e4lpen i en vindturbinmilj\u00f6 i full \u00f6verensst\u00e4mmelse med GWO:s riktlinjer f\u00f6r f\u00f6rsta hj\u00e4lpen.&nbsp;<\/p>\n\n\n\n<p>P\u00e5 v\u00e5rt center l\u00e4gger vi stor vikt vid m\u00f6jligheten att f\u00e5 kompetens och kunskap under \u00f6verinseende av experter inom omr\u00e5det. V\u00e5rt center erbjuder FA-kurser i hela landet, inklusive p\u00e5 v\u00e5rt huvudkontor i Warszawa och p\u00e5 f\u00e4ltfilialer, b\u00e5de i form av \u00f6ppna och slutna kurser. N\u00e4r du best\u00e4mmer dig f\u00f6r att delta i Work at Heights-utbildning kan du r\u00e4kna med attraktiva ekonomiska villkor.&nbsp;<\/p>\n\n\n\n<h2 class=\"wp-block-heading\">FA-kurs - huvudm\u00e5l\u00a0<\/h2>\n\n\n<div class=\"wp-block-image\">\n<figure class=\"alignright size-medium\"><a href=\"https:\/\/szkolenia-udt.pl\/wp-content\/uploads\/2023\/12\/s2-22.jpg\"><img loading=\"lazy\" decoding=\"async\" width=\"300\" height=\"200\" src=\"https:\/\/szkolenia-udt.pl\/wp-content\/uploads\/2023\/12\/s2-22-300x200.jpg\" alt=\"\" class=\"wp-image-5346\" srcset=\"https:\/\/szkolenia-udt.pl\/wp-content\/uploads\/2023\/12\/s2-22-300x200.jpg 300w, https:\/\/szkolenia-udt.pl\/wp-content\/uploads\/2023\/12\/s2-22-1024x683.jpg 1024w, https:\/\/szkolenia-udt.pl\/wp-content\/uploads\/2023\/12\/s2-22-768x512.jpg 768w, https:\/\/szkolenia-udt.pl\/wp-content\/uploads\/2023\/12\/s2-22-1536x1024.jpg 1536w, https:\/\/szkolenia-udt.pl\/wp-content\/uploads\/2023\/12\/s2-22-18x12.jpg 18w, https:\/\/szkolenia-udt.pl\/wp-content\/uploads\/2023\/12\/s2-22.jpg 1600w\" sizes=\"auto, (max-width: 300px) 100vw, 300px\" \/><\/a><\/figure>\n<\/div>\n\n\n<p>Utbildningen \u00e4r utformad f\u00f6r att ge deltagarna de n\u00f6dv\u00e4ndiga kunskaperna f\u00f6r att kunna ge medicinskt st\u00f6d vid n\u00f6dsituationer som kan uppst\u00e5 p\u00e5 oljeriggar och vindkraftsparker.\u00a0<\/p>\n\n\n\n<p>Efter avslutad First Aid - First Aid-utbildningskurs ska deltagarna ha kompetens att reagera effektivt i livs- och h\u00e4lsohotande situationer. De kommer att vara beredda att administrera f\u00f6rsta hj\u00e4lpen, anv\u00e4nda specialiserad medicinsk utrustning och f\u00f6rsta hj\u00e4lpen kit leveranser p\u00e5 ett ansvarsfullt s\u00e4tt.&nbsp;<\/p>\n\n\n\n<h2 class=\"wp-block-heading\">FA-kurs - program\u00a0<\/h2>\n\n\n\n<p>Kursen FA - F\u00f6rsta hj\u00e4lpen \u00e4r en integrerad del av programmet Basic Safety Training. Utbildningen ger deltagarna m\u00f6jlighet att l\u00e4ra sig om de juridiska aspekterna av f\u00f6rsta hj\u00e4lpen. Deltagarna f\u00e5r kunskap om grunderna i m\u00e4nniskans anatomi, f\u00f6rsta hj\u00e4lpen, anv\u00e4ndning av AED-defibrillator och olycksf\u00f6rfaranden. Det finns m\u00f6jlighet att oms\u00e4tta den f\u00f6rv\u00e4rvade kunskapen i praktiken under realistiska simuleringar av h\u00e4ndelser.\u00a0<\/p>\n\n\n\n<p>Efter genomg\u00e5ngen utbildning har deltagarna den kompetens som kr\u00e4vs f\u00f6r att arbeta p\u00e5 h\u00f6g h\u00f6jd. Utbildningsprogrammet ger tekniker som arbetar med vindkraftverk h\u00f6gsta m\u00f6jliga s\u00e4kerhetsniv\u00e5, vilket \u00e4r viktigt n\u00e4r vindkraftverken \u00e4r placerade i omr\u00e5den l\u00e5ngt fr\u00e5n r\u00e4ddningstj\u00e4nsten.&nbsp;<\/p>\n\n\n\n<p>Under utbildningen i f\u00f6rsta hj\u00e4lpen f\u00e5r deltagarna n\u00f6dv\u00e4ndiga kunskaper och f\u00e4rdigheter i:&nbsp;<\/p>\n\n\n\n<ul class=\"wp-block-list\">\n<li>ge s\u00e4ker f\u00f6rsta hj\u00e4lpen med h\u00e4nsyn till lokal lagstiftning, European Resuscitation Councils riktlinjer och American Heart Association,&nbsp;<\/li>\n\n\n\n<li>k\u00e4nna igen symptom och reagera p\u00e5 l\u00e4mpligt s\u00e4tt vid allvarlig skada eller pl\u00f6tslig sjukdom,&nbsp;<\/li>\n\n\n\n<li>Ett schema \u00f6ver n\u00f6d\u00e5tg\u00e4rder som r\u00f6r vindkraftsomr\u00e5det,&nbsp;<\/li>\n\n\n\n<li>korrekt anv\u00e4ndning av f\u00f6rsta hj\u00e4lpen-utrustning i enlighet med det grundl\u00e4ggande unders\u00f6kningsprotokollet C-A-B-C-D-E,&nbsp;<\/li>\n\n\n\n<li>effektiv anv\u00e4ndning av en automatiserad extern defibrillator (AED),&nbsp;<\/li>\n\n\n\n<li>hantera frakturer, huvudskador eller f\u00f6rgiftningar,&nbsp;<\/li>\n\n\n\n<li>f\u00f6rsta hj\u00e4lpen vid sk\u00e4rskador, br\u00e4nnskador, elst\u00f6tar, chock eller v\u00e4rmeslag,&nbsp;<\/li>\n\n\n\n<li>utf\u00f6ra ytterligare unders\u00f6kningar under f\u00f6rsta hj\u00e4lpen,&nbsp;<\/li>\n\n\n\n<li>korrekt hantering av f\u00f6rsta hj\u00e4lpen-utrustning (scenariobaserad erfarenhet),&nbsp;<\/li>\n\n\n\n<li>ge f\u00f6rsta hj\u00e4lpen till personer med kroniska sjukdomar,&nbsp;<\/li>\n\n\n\n<li>hantering av medicinsk utrustning s\u00e5som b\u00e5rar, ortopediska kragar och ortopediska manschetter.&nbsp;<\/li>\n<\/ul>\n\n\n\n<h2 class=\"wp-block-heading\">FA-kurs - certifiering&nbsp;&nbsp;<\/h2>\n\n\n\n<p>CSO Operator Training Centre \u00e4r ackrediterat av DNV och GWO.&nbsp;<\/p>\n\n\n\n<p>V\u00e5r utbildning i f\u00f6rsta hj\u00e4lpen genomf\u00f6rs i enlighet med den aktuella standarden GWO Basic Safety Training.&nbsp;&nbsp;<\/p>\n\n\n\n<p>Efter avslutad kurs f\u00e5r deltagarna ett intyg p\u00e5 att kursen \u00e4r genomf\u00f6rd. Intyget \u00e4r ett officiellt intyg p\u00e5 att deltagaren har f\u00f6rv\u00e4rvat n\u00f6dv\u00e4ndig kunskap om f\u00f6rsta hj\u00e4lpen och f\u00f6rm\u00e5ga att agera i livshotande situationer.&nbsp;<\/p>\n\n\n\n<p>Giltighetstiden f\u00f6r certifikatet \u00e4r 24 m\u00e5nader. Vi rekommenderar att deltagarna uppdaterar sin utbildning innan denna period l\u00f6per ut f\u00f6r att h\u00e5lla sina kvalifikationer och kunskaper uppdaterade.&nbsp;<\/p>\n\n\n\n<h2 class=\"wp-block-heading\">FA-kurs - beh\u00f6righetskrav\u00a0<\/h2>\n\n\n\n<p>F\u00f6r att f\u00e5 delta i utbildning som r\u00f6r arbete p\u00e5 h\u00f6g h\u00f6jd finns det vissa krav som m\u00e5ste uppfyllas:\u00a0<\/p>\n\n\n\n<ul class=\"wp-block-list\">\n<li>Minimi\u00e5lder 18 \u00e5r,&nbsp;<\/li>\n\n\n\n<li>Minst gymnasieutbildning,&nbsp;<\/li>\n\n\n\n<li>ett aktuellt intyg fr\u00e5n en f\u00f6retagsl\u00e4kare som intygar att det inte finns n\u00e5gra h\u00e4lsorelaterade hinder f\u00f6r att arbeta p\u00e5 en h\u00f6jd av mer \u00e4n tre meter,&nbsp;<\/li>\n\n\n\n<li>socialf\u00f6rs\u00e4kring eller olycksfallsf\u00f6rs\u00e4kring,&nbsp;<\/li>\n\n\n\n<li>har ett WINDA ID-nummer,&nbsp;<\/li>\n\n\n\n<li>Ett korrekt ifyllt medicinskt fr\u00e5geformul\u00e4r,&nbsp;<\/li>\n\n\n\n<li>betald utbildningsavgift,&nbsp;<\/li>\n\n\n\n<li>en giltig identitetshandling, t.ex. ett identitetskort.&nbsp;<\/li>\n<\/ul>\n\n\n\n<p>Maximalt antal deltagare per grupp \u00e4r 10-12.&nbsp;&nbsp;&nbsp;<\/p>\n\n\n\n<h2 class=\"wp-block-heading\">FA-kurs - kostnad \u00a0<\/h2>\n\n\n\n<p>Avgiften f\u00f6r F\u00f6rsta Hj\u00e4lpen-utbildning s\u00e4tts p\u00e5 individuell basis. Den p\u00e5verkas av antalet personer som deltar i kursen. Attraktiva rabatter ges f\u00f6r st\u00f6rre grupper.\u00a0<\/p>\n\n\n\n<h2 class=\"wp-block-heading\">FA-kurs - plats&nbsp;<\/h2>\n\n\n\n<p><a href=\"https:\/\/szkolenia-udt.pl\/sv\/kursy\/\">V\u00e5r utbildning<\/a> De \u00e4ger rum p\u00e5 olika platser, inklusive Warszawa och v\u00e5ra regionala filialer i hela Polen. Vi erbjuder ocks\u00e5 m\u00f6jlighet till utbildning i kundens lokaler och reser till en plats som \u00e4r l\u00e4mplig f\u00f6r kunden.&nbsp;<\/p>\n\n\n\n<p>P\u00e5 v\u00e5r webbplats finns information om \u00f6ppna kurser. Om du \u00e4r intresserad av sluten utbildning uppmanar vi dig att kontakta v\u00e5rt centrum s\u00e5 att vi kan ta fram ett personligt erbjudande som \u00e4r anpassat efter dina behov.&nbsp;<\/p>\n\n\n\n<p>Om du har n\u00e5gra fr\u00e5gor om v\u00e5ra kurser \u00e4r du v\u00e4lkommen att kontakta <a href=\"https:\/\/szkolenia-udt.pl\/sv\/kontakt\/\">Telefon- eller e-postkontakt<\/a>. V\u00e5rt team \u00e4r redo att svara p\u00e5 alla fr\u00e5gor och skingra alla tvivel. Du \u00e4r ocks\u00e5 v\u00e4lkommen att bes\u00f6ka v\u00e5rt center, d\u00e4r vi g\u00e4rna presenterar v\u00e5rt erbjudande och f\u00f6rbereder en offert f\u00f6r intresserade parter.&nbsp;<\/p>\n\n\n\n<p>Du \u00e4r hj\u00e4rtligt v\u00e4lkommen till OSO Operator Training Centre for First Aid (FA) - kurser i f\u00f6rsta hj\u00e4lpen i Warszawa och i hela landet.&nbsp;<\/p>","protected":false},"excerpt":{"rendered":"<p>Kurs Pierwszej pomocy \u2013 dla os\u00f3b pracuj\u0105cych w \u015brodowisku turbin wiatrowych\u00a0 O\u015brodek Szkolenia Operator\u00f3w OSO serdecznie zaprasza na kurs First Aid (FA) \u2013 Pierwsza pomoc.\u00a0\u00a0 Naszym g\u0142\u00f3wnym celem jest kompleksowe (w spos\u00f3b teoretyczny i praktyczny) przeszkolenie uczestnik\u00f3w kursu w zakresie udzielania bezpiecznej i skutecznej pierwszej pomocy, ze szczeg\u00f3lnym uwzgl\u0119dnieniem potrzeb zwi\u0105zanych z prac\u0105 w \u015brodowisku [&hellip;]<\/p>\n","protected":false},"author":3,"featured_media":5345,"parent":5314,"menu_order":0,"comment_status":"closed","ping_status":"closed","template":"","meta":{"footnotes":""},"class_list":["post-5344","page","type-page","status-publish","has-post-thumbnail","hentry"],"aioseo_notices":[],"_links":{"self":[{"href":"https:\/\/szkolenia-udt.pl\/sv\/wp-json\/wp\/v2\/pages\/5344","targetHints":{"allow":["GET"]}}],"collection":[{"href":"https:\/\/szkolenia-udt.pl\/sv\/wp-json\/wp\/v2\/pages"}],"about":[{"href":"https:\/\/szkolenia-udt.pl\/sv\/wp-json\/wp\/v2\/types\/page"}],"author":[{"embeddable":true,"href":"https:\/\/szkolenia-udt.pl\/sv\/wp-json\/wp\/v2\/users\/3"}],"replies":[{"embeddable":true,"href":"https:\/\/szkolenia-udt.pl\/sv\/wp-json\/wp\/v2\/comments?post=5344"}],"version-history":[{"count":1,"href":"https:\/\/szkolenia-udt.pl\/sv\/wp-json\/wp\/v2\/pages\/5344\/revisions"}],"predecessor-version":[{"id":5347,"href":"https:\/\/szkolenia-udt.pl\/sv\/wp-json\/wp\/v2\/pages\/5344\/revisions\/5347"}],"up":[{"embeddable":true,"href":"https:\/\/szkolenia-udt.pl\/sv\/wp-json\/wp\/v2\/pages\/5314"}],"wp:featuredmedia":[{"embeddable":true,"href":"https:\/\/szkolenia-udt.pl\/sv\/wp-json\/wp\/v2\/media\/5345"}],"wp:attachment":[{"href":"https:\/\/szkolenia-udt.pl\/sv\/wp-json\/wp\/v2\/media?parent=5344"}],"curies":[{"name":"wp","href":"https:\/\/api.w.org\/{rel}","templated":true}]}}