{"id":5348,"date":"2023-12-11T12:17:56","date_gmt":"2023-12-11T11:17:56","guid":{"rendered":"https:\/\/szkolenia-udt.pl\/?page_id=5348"},"modified":"2023-12-11T12:17:57","modified_gmt":"2023-12-11T11:17:57","slug":"manuell-hantering-mh-kurs","status":"publish","type":"page","link":"https:\/\/szkolenia-udt.pl\/sv\/kursy\/global-wind-organisation\/kurs-manual-handling-mh\/","title":{"rendered":"Kurs i manuell hantering (MH)\u00a0"},"content":{"rendered":"<h2 class=\"wp-block-heading\">Kurs i manuell hantering - f\u00f6r dem som arbetar i en vindkraftverksmilj\u00f6 \u00a0<\/h2>\n\n\n<div class=\"wp-block-image\">\n<figure class=\"alignright size-medium\"><a href=\"https:\/\/szkolenia-udt.pl\/wp-content\/uploads\/2023\/12\/s2-21.jpg\"><img loading=\"lazy\" decoding=\"async\" width=\"300\" height=\"193\" src=\"https:\/\/szkolenia-udt.pl\/wp-content\/uploads\/2023\/12\/s2-21-300x193.jpg\" alt=\"\" class=\"wp-image-5349\" srcset=\"https:\/\/szkolenia-udt.pl\/wp-content\/uploads\/2023\/12\/s2-21-300x193.jpg 300w, https:\/\/szkolenia-udt.pl\/wp-content\/uploads\/2023\/12\/s2-21-1024x657.jpg 1024w, https:\/\/szkolenia-udt.pl\/wp-content\/uploads\/2023\/12\/s2-21-768x493.jpg 768w, https:\/\/szkolenia-udt.pl\/wp-content\/uploads\/2023\/12\/s2-21-1536x986.jpg 1536w, https:\/\/szkolenia-udt.pl\/wp-content\/uploads\/2023\/12\/s2-21-18x12.jpg 18w, https:\/\/szkolenia-udt.pl\/wp-content\/uploads\/2023\/12\/s2-21.jpg 1600w\" sizes=\"auto, (max-width: 300px) 100vw, 300px\" \/><\/a><\/figure>\n<\/div>\n\n\n<p><a href=\"https:\/\/szkolenia-udt.pl\/sv\/o-firmie\/\">OSO Operat\u00f6rsutbildningscenter<\/a> inbjuder dig hj\u00e4rtligt till kursen Manuell hantering (MH).\u00a0\u00a0<\/p>\n\n\n\n<p>V\u00e5r utbildning i manuell hantering \u00e4r upplagd s\u00e5 att deltagarna blir medvetna om de potentiella risker som finns i arbetet och l\u00e4r sig konsekvenserna av eventuella fel vid transporter. Vi vill ocks\u00e5 f\u00f6rmedla effektiva metoder f\u00f6r att minimera riskerna p\u00e5 arbetsplatsen. Den h\u00e4r kursen \u00e4r mycket anv\u00e4ndbar f\u00f6r dem som arbetar med att bygga, driva eller underh\u00e5lla vindkraftverk.&nbsp;&nbsp;<\/p>\n\n\n\n<p>Vi erbjuder utbildning enligt GWO:s standarder, vilket garanterar en h\u00f6g utbildningsniv\u00e5. Deltagarna kommer att kunna anv\u00e4nda den teoretiska och praktiska kunskap de har f\u00f6rv\u00e4rvat f\u00f6r att effektivt till\u00e4mpa tekniker f\u00f6r att hj\u00e4lpa till med manuell hantering och f\u00f6r att korrekt anv\u00e4nda utrustning i vindkraftsomr\u00e5det, med iakttagande av h\u00f6gsta s\u00e4kerhetsstandarder i enlighet med riktlinjerna f\u00f6r manuell hantering.&nbsp;<\/p>\n\n\n\n<p>P\u00e5 v\u00e5rt center l\u00e4gger vi stor vikt vid m\u00f6jligheten att f\u00e5 kompetens och kunskap under \u00f6verinseende av experter inom omr\u00e5det. V\u00e5rt center erbjuder MH-kurser i hela landet, inklusive p\u00e5 v\u00e5rt huvudkontor i Warszawa och p\u00e5 f\u00e4ltfilialer, b\u00e5de i form av \u00f6ppna och slutna kurser. Om du best\u00e4mmer dig f\u00f6r att delta i Work at Heights-utbildning kan du r\u00e4kna med attraktiva ekonomiska villkor.&nbsp;<\/p>\n\n\n\n<h2 class=\"wp-block-heading\">MH-kurs - huvudm\u00e5l\u00a0<\/h2>\n\n\n\n<p>Utbildningen \u00e4r utformad f\u00f6r att f\u00f6rbereda deltagarna f\u00f6r fysiskt arbete p\u00e5 en byggarbetsplats eller vid service av vindkraftverk. Utbildningsprogrammet fokuserar p\u00e5 att diskutera principerna f\u00f6r korrekta lyft och hantering av laster av olika vikt och storlek. Kursdeltagarna f\u00e5r ocks\u00e5 bekanta sig med tekniker f\u00f6r att evakuera skadade personer fr\u00e5n utsatta omr\u00e5den runt vindkraftverk.\u00a0<\/p>\n\n\n\n<h2 class=\"wp-block-heading\">MH kurs - program\u00a0<\/h2>\n\n\n\n<p>Utbildningen MH - Manuell hantering \u00e4r ett omfattande program som omfattar b\u00e5de teoretiska och praktiska lektioner. Huvudsyftet \u00e4r att g\u00f6ra deltagarna f\u00f6rtrogna med tekniker f\u00f6r s\u00e4ker och korrekt manuell hantering av laster runt vindkraftverk, i enlighet med GWO:s riktlinjer.\u00a0<\/p>\n\n\n\n<p>Efter avslutad utbildning i manuell hantering kommer deltagaren att ha f\u00f6rv\u00e4rvat kunskaper inom f\u00f6ljande omr\u00e5den:&nbsp;<\/p>\n\n\n\n<ul class=\"wp-block-list\">\n<li>ett medvetet f\u00f6rh\u00e5llningss\u00e4tt till yrkesut\u00f6vningen, med beaktande av s\u00e4kerhetsaspekter, rimlighet och efterlevnad av lokal lagstiftning,&nbsp;<\/li>\n\n\n\n<li>korrekt identifiering av potentiella arbetsrelaterade faror som kan p\u00e5verka det muskuloskeletala systemet negativt,&nbsp;<\/li>\n\n\n\n<li>anv\u00e4ndning av s\u00e4kra metoder och tekniker vid manuell hantering av f\u00f6rem\u00e5l, inklusive korrekt hantering av n\u00f6dv\u00e4ndig utrustning,&nbsp;<\/li>\n\n\n\n<li>k\u00e4nna igen tecken och symtom som beror p\u00e5 felaktig anv\u00e4ndning av manuell hanteringsteknik,&nbsp;<\/li>\n\n\n\n<li>utveckla f\u00f6rm\u00e5gan att l\u00f6sa problem med manuell hantering i den specifika milj\u00f6 som vindkraftverk utg\u00f6r,&nbsp;<\/li>\n\n\n\n<li>anv\u00e4nda effektiva tekniker f\u00f6r att minimera riskerna vid manuell hantering,&nbsp;<\/li>\n\n\n\n<li>praktiska \u00f6vningar baserade p\u00e5 olika scenarier,&nbsp;<\/li>\n\n\n\n<li>diskussion om juridiska fr\u00e5gor som r\u00f6r manuell hantering,&nbsp;<\/li>\n\n\n\n<li>Grunderna i anatomi, som \u00e4r n\u00f6dv\u00e4ndiga f\u00f6r att kunna utf\u00f6ra lasthanteringsuppgifter p\u00e5 r\u00e4tt s\u00e4tt.&nbsp;<\/li>\n<\/ul>\n\n\n\n<h2 class=\"wp-block-heading\">MH-kurs - certifiering&nbsp;&nbsp;<\/h2>\n\n\n\n<p>CSO Operator Training Centre \u00e4r ackrediterat av DNV och GWO.&nbsp;<\/p>\n\n\n\n<p>V\u00e5r utbildning i manuell hantering genomf\u00f6rs i enlighet med den aktuella standarden f\u00f6r GWO Basic Safety Training.&nbsp;&nbsp;<\/p>\n\n\n\n<p>Efter avslutad kurs f\u00e5r deltagarna ett certifikat som bekr\u00e4ftar att de har genomg\u00e5tt utbildningen och har f\u00e5tt kvalifikationer och f\u00e4rdigheter i manuell hantering. Med den kunskap som f\u00f6rv\u00e4rvats \u00e4r deltagaren tillr\u00e4ckligt f\u00f6rberedd f\u00f6r att arbeta s\u00e4kert inom vindkraftssektorn, liksom i andra milj\u00f6er d\u00e4r det finns risk f\u00f6r skador i samband med manuell hantering.&nbsp;&nbsp;<\/p>\n\n\n\n<p>Giltighetstiden f\u00f6r certifikatet \u00e4r 24 m\u00e5nader. Vi rekommenderar att deltagarna uppdaterar sin utbildning innan denna period l\u00f6per ut f\u00f6r att h\u00e5lla sina kvalifikationer och kunskaper uppdaterade.&nbsp;<\/p>\n\n\n\n<h2 class=\"wp-block-heading\">MH-kurs - Krav f\u00f6r deltagande\u00a0<\/h2>\n\n\n\n<p>F\u00f6r att f\u00e5 delta i utbildning som r\u00f6r arbete p\u00e5 h\u00f6g h\u00f6jd finns det vissa krav som m\u00e5ste uppfyllas:\u00a0<\/p>\n\n\n\n<ul class=\"wp-block-list\">\n<li>Minimi\u00e5lder 18 \u00e5r,&nbsp;<\/li>\n\n\n\n<li>Minst gymnasieutbildning,&nbsp;<\/li>\n\n\n\n<li>ett aktuellt intyg fr\u00e5n en f\u00f6retagsl\u00e4kare som intygar att det inte finns n\u00e5gra h\u00e4lsorelaterade hinder f\u00f6r att arbeta p\u00e5 en h\u00f6jd av mer \u00e4n tre meter,&nbsp;<\/li>\n\n\n\n<li>socialf\u00f6rs\u00e4kring eller olycksfallsf\u00f6rs\u00e4kring,&nbsp;<\/li>\n\n\n\n<li>har ett WINDA ID-nummer,&nbsp;<\/li>\n\n\n\n<li>Ett korrekt ifyllt medicinskt fr\u00e5geformul\u00e4r,&nbsp;<\/li>\n\n\n\n<li>l\u00e4mpliga arbetskl\u00e4der och skor samt handskar,&nbsp;<\/li>\n\n\n\n<li>betald utbildningsavgift,&nbsp;<\/li>\n\n\n\n<li>en giltig identitetshandling, t.ex. ett identitetskort.&nbsp;<\/li>\n<\/ul>\n\n\n\n<p>Maximalt antal deltagare per grupp \u00e4r 10-12.&nbsp;&nbsp;&nbsp;<\/p>\n\n\n\n<h2 class=\"wp-block-heading\">MH-kurs - kostnad \u00a0<\/h2>\n\n\n\n<p>Avgiften f\u00f6r utbildning i manuell hantering s\u00e4tts individuellt. Den p\u00e5verkas av antalet personer som deltar i kursen. F\u00f6r st\u00f6rre grupper kan attraktiva rabatter erh\u00e5llas.\u00a0<\/p>\n\n\n\n<h2 class=\"wp-block-heading\">MH-kurs - plats&nbsp;<\/h2>\n\n\n\n<p><a href=\"https:\/\/szkolenia-udt.pl\/sv\/kursy\/\">V\u00e5r utbildning<\/a> De \u00e4ger rum p\u00e5 olika platser, inklusive Warszawa och v\u00e5ra regionala filialer i hela Polen. Vi erbjuder ocks\u00e5 m\u00f6jlighet till utbildning i kundens lokaler och reser till en plats som \u00e4r l\u00e4mplig f\u00f6r kunden.&nbsp;<\/p>\n\n\n\n<p>P\u00e5 v\u00e5r webbplats finns information om \u00f6ppna kurser. Om du \u00e4r intresserad av sluten utbildning uppmanar vi dig att kontakta v\u00e5rt centrum s\u00e5 att vi kan ta fram ett personligt erbjudande som \u00e4r anpassat efter dina behov.&nbsp;<\/p>\n\n\n\n<p>Om du har n\u00e5gra fr\u00e5gor om v\u00e5ra kurser \u00e4r du v\u00e4lkommen att kontakta <a href=\"https:\/\/szkolenia-udt.pl\/sv\/kontakt\/\">Telefon- eller e-postkontakt<\/a>. V\u00e5rt team \u00e4r redo att svara p\u00e5 alla fr\u00e5gor och skingra alla tvivel. Du \u00e4r ocks\u00e5 v\u00e4lkommen att bes\u00f6ka v\u00e5rt center, d\u00e4r vi g\u00e4rna presenterar v\u00e5rt erbjudande och f\u00f6rbereder en offert f\u00f6r intresserade parter.&nbsp;<\/p>\n\n\n\n<p>Du \u00e4r hj\u00e4rtligt v\u00e4lkommen till OSO Operator Training Centre f\u00f6r kurser i manuell hantering (MH) i Warszawa och i hela landet.&nbsp;<\/p>","protected":false},"excerpt":{"rendered":"<p>Kurs Przenoszenie r\u0119czne \u2013 dla os\u00f3b pracuj\u0105cych w \u015brodowisku turbin wiatrowych \u00a0 O\u015brodek Szkolenia Operator\u00f3w OSO serdecznie zaprasza na kurs Manual Handling (MH) \u2013 Przenoszenie r\u0119czne.\u00a0\u00a0 Nasze szkolenie Manual Handling organizowane jest z my\u015bl\u0105 o tym, aby uczestnicy zdobyli \u015bwiadomo\u015b\u0107 potencjalnych zagro\u017ce\u0144 zwi\u0105zanych z wykonywaniem pracy oraz poznali konsekwencje ewentualnych b\u0142\u0119d\u00f3w podczas operacji transportowych. Pragniemy [&hellip;]<\/p>\n","protected":false},"author":3,"featured_media":5349,"parent":5314,"menu_order":0,"comment_status":"closed","ping_status":"closed","template":"","meta":{"footnotes":""},"class_list":["post-5348","page","type-page","status-publish","has-post-thumbnail","hentry"],"aioseo_notices":[],"_links":{"self":[{"href":"https:\/\/szkolenia-udt.pl\/sv\/wp-json\/wp\/v2\/pages\/5348","targetHints":{"allow":["GET"]}}],"collection":[{"href":"https:\/\/szkolenia-udt.pl\/sv\/wp-json\/wp\/v2\/pages"}],"about":[{"href":"https:\/\/szkolenia-udt.pl\/sv\/wp-json\/wp\/v2\/types\/page"}],"author":[{"embeddable":true,"href":"https:\/\/szkolenia-udt.pl\/sv\/wp-json\/wp\/v2\/users\/3"}],"replies":[{"embeddable":true,"href":"https:\/\/szkolenia-udt.pl\/sv\/wp-json\/wp\/v2\/comments?post=5348"}],"version-history":[{"count":1,"href":"https:\/\/szkolenia-udt.pl\/sv\/wp-json\/wp\/v2\/pages\/5348\/revisions"}],"predecessor-version":[{"id":5350,"href":"https:\/\/szkolenia-udt.pl\/sv\/wp-json\/wp\/v2\/pages\/5348\/revisions\/5350"}],"up":[{"embeddable":true,"href":"https:\/\/szkolenia-udt.pl\/sv\/wp-json\/wp\/v2\/pages\/5314"}],"wp:featuredmedia":[{"embeddable":true,"href":"https:\/\/szkolenia-udt.pl\/sv\/wp-json\/wp\/v2\/media\/5349"}],"wp:attachment":[{"href":"https:\/\/szkolenia-udt.pl\/sv\/wp-json\/wp\/v2\/media?parent=5348"}],"curies":[{"name":"wp","href":"https:\/\/api.w.org\/{rel}","templated":true}]}}