{"id":5351,"date":"2023-12-11T12:22:02","date_gmt":"2023-12-11T11:22:02","guid":{"rendered":"https:\/\/szkolenia-udt.pl\/?page_id=5351"},"modified":"2023-12-11T12:22:43","modified_gmt":"2023-12-11T11:22:43","slug":"overlevnad-till-sjoss-ss-kurs","status":"publish","type":"page","link":"https:\/\/szkolenia-udt.pl\/sv\/kursy\/global-wind-organisation\/kurs-sea-survival-ss\/","title":{"rendered":"Kurs i sj\u00f6\u00f6verlevnad (SS)\u00a0"},"content":{"rendered":"<h2 class=\"wp-block-heading\">Kurs i \u00f6verlevnad till sj\u00f6ss - f\u00f6r dem som arbetar i en havsbaserad vindkraftpark &nbsp;<\/h2>\n\n\n<div class=\"wp-block-image\">\n<figure class=\"alignleft size-medium\"><a href=\"https:\/\/szkolenia-udt.pl\/wp-content\/uploads\/2023\/12\/s2-23.jpg\"><img loading=\"lazy\" decoding=\"async\" width=\"300\" height=\"200\" src=\"https:\/\/szkolenia-udt.pl\/wp-content\/uploads\/2023\/12\/s2-23-300x200.jpg\" alt=\"\" class=\"wp-image-5353\" srcset=\"https:\/\/szkolenia-udt.pl\/wp-content\/uploads\/2023\/12\/s2-23-300x200.jpg 300w, https:\/\/szkolenia-udt.pl\/wp-content\/uploads\/2023\/12\/s2-23-1024x683.jpg 1024w, https:\/\/szkolenia-udt.pl\/wp-content\/uploads\/2023\/12\/s2-23-768x512.jpg 768w, https:\/\/szkolenia-udt.pl\/wp-content\/uploads\/2023\/12\/s2-23-1536x1024.jpg 1536w, https:\/\/szkolenia-udt.pl\/wp-content\/uploads\/2023\/12\/s2-23-18x12.jpg 18w, https:\/\/szkolenia-udt.pl\/wp-content\/uploads\/2023\/12\/s2-23.jpg 1600w\" sizes=\"auto, (max-width: 300px) 100vw, 300px\" \/><\/a><\/figure>\n<\/div>\n\n\n<p><a href=\"https:\/\/szkolenia-udt.pl\/sv\/o-firmie\/\">OSO Operat\u00f6rsutbildningscenter<\/a> inbjuder dig hj\u00e4rtligt till kursen Sea Survival (SS).&nbsp;&nbsp;<\/p>\n\n\n\n<p>V\u00e5r utbildning i havs\u00f6verlevnad fokuserar p\u00e5 s\u00e4kerhet och l\u00e4mpligt beteende i \u00f6ppet vatten, fr\u00e5n strandlinjen till vindkraftverket till havs (<a href=\"https:\/\/szkolenia-udt.pl\/sv\/kursy\/onshore-i-offshore\/\">offshore<\/a>). Deltagaren kommer i slutet av kursen att ha n\u00f6dv\u00e4ndiga kunskaper och f\u00e4rdigheter f\u00f6r att agera effektivt och vidta f\u00f6rebyggande \u00e5tg\u00e4rder i varje skede av offshore-verksamheten - fr\u00e5n landomr\u00e5det till offshore-installationen eller vindkraftverket (WTG).&nbsp;<\/p>\n\n\n\n<p>Vi erbjuder utbildning i enlighet med GWO:s standarder, vilket garanterar en h\u00f6g utbildningsniv\u00e5. Eleverna kommer att kunna anv\u00e4nda den teoretiska och praktiska kunskap de har f\u00f6rv\u00e4rvat f\u00f6r att arbeta effektivt utanf\u00f6r landomr\u00e5det och alltid uppr\u00e4tth\u00e5lla de h\u00f6gsta s\u00e4kerhetsstandarderna i enlighet med GWO:s Sea Survival-riktlinjer.&nbsp;<\/p>\n\n\n\n<p>P\u00e5 v\u00e5rt center l\u00e4gger vi stor vikt vid m\u00f6jligheten att f\u00e5 kompetens och kunskap under \u00f6verinseende av experter inom omr\u00e5det. V\u00e5rt center erbjuder Sea Survival-kurser \u00f6ver hela landet, b\u00e5de p\u00e5 v\u00e5rt huvudkontor i Warszawa och p\u00e5 v\u00e5ra filialer, b\u00e5de i form av \u00f6ppna och slutna kurser. Om du best\u00e4mmer dig f\u00f6r att delta i en Sea Survival-utbildning kan du r\u00e4kna med attraktiva ekonomiska villkor.&nbsp;<\/p>\n\n\n\n<p>Om du vill ha mer information om kursorterna kan du kontakta oss via telefon eller e-post.&nbsp;<\/p>\n\n\n\n<h2 class=\"wp-block-heading\">Kurs i havs\u00f6verlevnad - huvudm\u00e5l&nbsp;<\/h2>\n\n\n\n<p>Utbildningen \u00e4r utformad f\u00f6r att ge deltagarna den kunskap som kr\u00e4vs f\u00f6r att f\u00f6rst\u00e5 de m\u00e5nga viktiga fr\u00e5gor som \u00e4r f\u00f6rknippade med arbete inom havsbaserade vindkraftsparker. Kursen syftar till att utveckla r\u00e4tt beteende f\u00f6r b\u00e5de typiska dagliga situationer och n\u00f6dsituationer i samband med havsbaserad vindkraft. Genom att kombinera teori och praktik ger utbildningsprogrammet en omfattande f\u00f6rberedelse f\u00f6r att klara sig och \u00f6verleva p\u00e5 \u00f6ppet hav.&nbsp;<\/p>\n\n\n\n<h2 class=\"wp-block-heading\">Kurs i havs\u00f6verlevnad - program&nbsp;<\/h2>\n\n\n<div class=\"wp-block-image\">\n<figure class=\"alignright size-medium\"><a href=\"https:\/\/szkolenia-udt.pl\/wp-content\/uploads\/2023\/12\/screen_2x-25.jpg\"><img loading=\"lazy\" decoding=\"async\" width=\"300\" height=\"200\" src=\"https:\/\/szkolenia-udt.pl\/wp-content\/uploads\/2023\/12\/screen_2x-25-300x200.jpg\" alt=\"\" class=\"wp-image-5352\" srcset=\"https:\/\/szkolenia-udt.pl\/wp-content\/uploads\/2023\/12\/screen_2x-25-300x200.jpg 300w, https:\/\/szkolenia-udt.pl\/wp-content\/uploads\/2023\/12\/screen_2x-25-1024x683.jpg 1024w, https:\/\/szkolenia-udt.pl\/wp-content\/uploads\/2023\/12\/screen_2x-25-768x512.jpg 768w, https:\/\/szkolenia-udt.pl\/wp-content\/uploads\/2023\/12\/screen_2x-25-1536x1024.jpg 1536w, https:\/\/szkolenia-udt.pl\/wp-content\/uploads\/2023\/12\/screen_2x-25-18x12.jpg 18w, https:\/\/szkolenia-udt.pl\/wp-content\/uploads\/2023\/12\/screen_2x-25.jpg 1600w\" sizes=\"auto, (max-width: 300px) 100vw, 300px\" \/><\/a><\/figure>\n<\/div>\n\n\n<p>GWO:s Sea Survival-kurs handlar huvudsakligen om praktiska aktiviteter som utf\u00f6rs i en vattenmilj\u00f6 f\u00f6r att f\u00f6rbereda deltagarna f\u00f6r att hantera \u00f6ppet hav. Det \u00e4r inte n\u00f6dv\u00e4ndigt att kunna simma, men det kommer att m\u00f6jligg\u00f6ra effektiv beh\u00e4rskning av man\u00f6vrer i denna typ av milj\u00f6. I utbildningsprogrammet ing\u00e5r ocks\u00e5 juridiska fr\u00e5gor som r\u00f6r arbete till sj\u00f6ss och en introduktion till begrepp som MOB, PLB, SAR och GDMSS.&nbsp;&nbsp;<\/p>\n\n\n\n<p>Kursen fokuserar p\u00e5 faror som \u00e4r specifika f\u00f6r den marina milj\u00f6n, t.ex. termisk chock, hypotermi och risk f\u00f6r \u00f6versv\u00e4mning. Deltagarna f\u00e5r l\u00e4ra sig hur man evakuerar p\u00e5 ett s\u00e4kert s\u00e4tt i n\u00f6dsituationer och hur man beter sig n\u00e4r man r\u00f6r sig mellan en turbin och ett transportfartyg (CTV). I programmet ing\u00e5r ocks\u00e5 att l\u00e4ra sig hur man r\u00e4ddar sig sj\u00e4lv och andra och hur man p\u00e5 r\u00e4tt s\u00e4tt tillkallar n\u00f6dhj\u00e4lp.&nbsp;<\/p>\n\n\n\n<p>Efter avslutad utbildning i havs\u00f6verlevnad kommer deltagarna att ha f\u00f6rv\u00e4rvat kunskap om:&nbsp;<\/p>\n\n\n\n<ul class=\"wp-block-list\">\n<li>rymdorganisation och till\u00e4mpliga best\u00e4mmelser vid havsbaserade vindkraftsparker, s\u00e5 att eleverna \u00e4r medvetna om sina roller, uppgifter och regler i denna milj\u00f6,&nbsp;<\/li>\n\n\n\n<li>F\u00f6rst\u00e5 vikten av korrekt kl\u00e4dsel och uppf\u00f6rande i omr\u00e5det kring havsbaserade vindkraftsparker,&nbsp;<\/li>\n\n\n\n<li>k\u00e4nna igen och reagera effektivt p\u00e5 symtom p\u00e5 v\u00e4rmechock, hypotermi och risken f\u00f6r drunkning i marina f\u00f6rh\u00e5llanden,&nbsp;<\/li>\n\n\n\n<li>l\u00e4mplig och s\u00e4ker anv\u00e4ndning av personlig \u00f6verlevnadsutrustning (LSA) och personlig skyddsutrustning (PPE), inklusive en fullst\u00e4ndig f\u00f6rst\u00e5else f\u00f6r deras funktioner och begr\u00e4nsningar,&nbsp;<\/li>\n\n\n\n<li>GMDSS (Global Maritime Distress and Safety Systems) kommunikations- och varningssystem och SAR-f\u00f6rfaranden (Search and Rescue),&nbsp;<\/li>\n\n\n\n<li>hantering av n\u00f6dsituationer till sj\u00f6ss,&nbsp;<\/li>\n\n\n\n<li>k\u00e4nna igen de faror och risker som \u00e4r f\u00f6rknippade med f\u00f6rflyttningen och effektivt till\u00e4mpa f\u00f6rebyggande \u00e5tg\u00e4rder i enlighet med LSA:s f\u00f6rfaranden och utrustning och den personliga skyddsutrustning som finns p\u00e5 plats,&nbsp;<\/li>\n\n\n\n<li>s\u00e4kert upptr\u00e4dande p\u00e5 anl\u00e4ggningar, fartyg och vindkraftverk under olika f\u00f6rh\u00e5llanden, inklusive n\u00f6d- och evakueringssituationer,&nbsp;<\/li>\n\n\n\n<li>att f\u00f6rflytta sig s\u00e4kert med utrustningen mellan kaj och fartyg samt mellan fartyg och vindkraftverk,&nbsp;<\/li>\n<\/ul>\n\n\n\n<p>V\u00e5r kurs ger dig ocks\u00e5 m\u00f6jlighet att l\u00e4ra dig att ge assistans i MOB-situationer (Man \u00f6verbord).&nbsp;<\/p>\n\n\n\n<h2 class=\"wp-block-heading\">Kurs i havs\u00f6verlevnad - certifiering&nbsp;&nbsp;<\/h2>\n\n\n\n<p>CSO Operator Training Centre \u00e4r ackrediterat av DNV och GWO.&nbsp;<\/p>\n\n\n\n<p>V\u00e5r Sea Survival-utbildning genomf\u00f6rs i enlighet med den aktuella GWO Basic Safety Training-standarden.&nbsp;&nbsp;<\/p>\n\n\n\n<p>I slutet av kursen f\u00e5r deltagarna ett certifikat som bekr\u00e4ftar att de har f\u00f6rv\u00e4rvat kvalifikationer och f\u00e4rdigheter f\u00f6r att arbeta inom omr\u00e5det f\u00f6r havsbaserade vindkraftsparker. Certifikatet fungerar som ett officiellt intyg p\u00e5 att kursen har slutf\u00f6rts och bekr\u00e4ftar beredskapen att arbeta s\u00e4kert till havs.&nbsp;<\/p>\n\n\n\n<p>Giltighetstiden f\u00f6r certifikatet \u00e4r 24 m\u00e5nader. Vi rekommenderar att deltagarna uppdaterar sin utbildning innan denna period l\u00f6per ut f\u00f6r att h\u00e5lla sina kvalifikationer och kunskaper uppdaterade.&nbsp;<\/p>\n\n\n\n<h2 class=\"wp-block-heading\">Sj\u00f6\u00f6verlevnadskurs - beh\u00f6righetskrav&nbsp;<\/h2>\n\n\n\n<p>F\u00f6r att f\u00e5 delta i utbildning som r\u00f6r arbete p\u00e5 h\u00f6g h\u00f6jd finns det vissa krav som m\u00e5ste uppfyllas:&nbsp;<\/p>\n\n\n\n<ul class=\"wp-block-list\">\n<li>Minimi\u00e5lder 18 \u00e5r,&nbsp;<\/li>\n\n\n\n<li>Minst gymnasieutbildning,&nbsp;<\/li>\n\n\n\n<li>ett aktuellt intyg fr\u00e5n en f\u00f6retagsl\u00e4kare som intygar att det inte finns n\u00e5gra h\u00e4lsorelaterade hinder f\u00f6r att arbeta p\u00e5 en h\u00f6jd av mer \u00e4n tre meter,&nbsp;<\/li>\n\n\n\n<li>socialf\u00f6rs\u00e4kring eller olycksfallsf\u00f6rs\u00e4kring,&nbsp;<\/li>\n\n\n\n<li>har ett WINDA ID-nummer,&nbsp;<\/li>\n\n\n\n<li>Ett korrekt ifyllt medicinskt fr\u00e5geformul\u00e4r,&nbsp;<\/li>\n\n\n\n<li>kl\u00e4der som beh\u00f6vs f\u00f6r att vistas i en vattenmilj\u00f6,&nbsp;<\/li>\n\n\n\n<li>betald utbildningsavgift,&nbsp;<\/li>\n\n\n\n<li>en giltig identitetshandling, t.ex. ett identitetskort.&nbsp;<\/li>\n<\/ul>\n\n\n\n<p>Maximalt antal deltagare per grupp \u00e4r 10-12.&nbsp;&nbsp;&nbsp;<\/p>\n\n\n\n<h2 class=\"wp-block-heading\">Kurs i \u00f6verlevnad till sj\u00f6ss - kostnad &nbsp;<\/h2>\n\n\n\n<p>Avgiften f\u00f6r Sea Survival-utbildningen s\u00e4tts individuellt. Den p\u00e5verkas av antalet personer som deltar i kursen. Attraktiva rabatter ges f\u00f6r st\u00f6rre grupper.&nbsp;<\/p>\n\n\n\n<h2 class=\"wp-block-heading\">Kurs i \u00f6verlevnad till sj\u00f6ss - plats&nbsp;<\/h2>\n\n\n\n<p><a href=\"https:\/\/szkolenia-udt.pl\/sv\/kursy\/\">V\u00e5r utbildning<\/a> De \u00e4ger rum p\u00e5 olika platser, bland annat i Warszawa och p\u00e5 v\u00e5ra regionala kontor runt om i Polen. Om du vill ha mer information om kursorterna \u00e4r du v\u00e4lkommen att kontakta oss via telefon eller e-post.&nbsp;<\/p>\n\n\n\n<p>P\u00e5 v\u00e5r webbplats finns information om \u00f6ppna kurser. Om du \u00e4r intresserad av sluten utbildning uppmanar vi dig att kontakta v\u00e5rt centrum s\u00e5 att vi kan ta fram ett personligt erbjudande som \u00e4r anpassat efter dina behov.&nbsp;<\/p>\n\n\n\n<p>Om du har n\u00e5gra fr\u00e5gor om v\u00e5ra kurser \u00e4r du v\u00e4lkommen att kontakta <a href=\"https:\/\/szkolenia-udt.pl\/sv\/kontakt\/\">Telefon- eller e-postkontakt<\/a>. V\u00e5rt team \u00e4r redo att svara p\u00e5 alla fr\u00e5gor och skingra alla tvivel. Du \u00e4r ocks\u00e5 v\u00e4lkommen att bes\u00f6ka v\u00e5rt center, d\u00e4r vi g\u00e4rna presenterar v\u00e5rt erbjudande och f\u00f6rbereder en offert f\u00f6r intresserade parter.&nbsp;<\/p>\n\n\n\n<p>Du \u00e4r hj\u00e4rtligt v\u00e4lkommen till OSO Operators Training Centre f\u00f6r kurser i \u00f6verlevnad till sj\u00f6ss i Warszawa och i hela landet.&nbsp;<\/p>","protected":false},"excerpt":{"rendered":"<p>Kurs Przetrwanie na morzu \u2013 dla os\u00f3b pracuj\u0105cych w \u015brodowisku morskich farm wiatrowych &nbsp; O\u015brodek Szkolenia Operator\u00f3w OSO serdecznie zaprasza na kurs Sea Survival (SS) \u2013 Przetrwanie na morzu.&nbsp;&nbsp; Nasze szkolenie Sea Survival koncentruje si\u0119 na zagadnieniach zwi\u0105zanych z bezpiecze\u0144stwem oraz odpowiednim zachowaniem si\u0119 na obszarze w\u00f3d otwartych, od linii brzegowej a\u017c po turbin\u0119 wiatrow\u0105 [&hellip;]<\/p>\n","protected":false},"author":3,"featured_media":5352,"parent":5314,"menu_order":0,"comment_status":"closed","ping_status":"closed","template":"","meta":{"footnotes":""},"class_list":["post-5351","page","type-page","status-publish","has-post-thumbnail","hentry"],"aioseo_notices":[],"_links":{"self":[{"href":"https:\/\/szkolenia-udt.pl\/sv\/wp-json\/wp\/v2\/pages\/5351","targetHints":{"allow":["GET"]}}],"collection":[{"href":"https:\/\/szkolenia-udt.pl\/sv\/wp-json\/wp\/v2\/pages"}],"about":[{"href":"https:\/\/szkolenia-udt.pl\/sv\/wp-json\/wp\/v2\/types\/page"}],"author":[{"embeddable":true,"href":"https:\/\/szkolenia-udt.pl\/sv\/wp-json\/wp\/v2\/users\/3"}],"replies":[{"embeddable":true,"href":"https:\/\/szkolenia-udt.pl\/sv\/wp-json\/wp\/v2\/comments?post=5351"}],"version-history":[{"count":2,"href":"https:\/\/szkolenia-udt.pl\/sv\/wp-json\/wp\/v2\/pages\/5351\/revisions"}],"predecessor-version":[{"id":5355,"href":"https:\/\/szkolenia-udt.pl\/sv\/wp-json\/wp\/v2\/pages\/5351\/revisions\/5355"}],"up":[{"embeddable":true,"href":"https:\/\/szkolenia-udt.pl\/sv\/wp-json\/wp\/v2\/pages\/5314"}],"wp:featuredmedia":[{"embeddable":true,"href":"https:\/\/szkolenia-udt.pl\/sv\/wp-json\/wp\/v2\/media\/5352"}],"wp:attachment":[{"href":"https:\/\/szkolenia-udt.pl\/sv\/wp-json\/wp\/v2\/media?parent=5351"}],"curies":[{"name":"wp","href":"https:\/\/api.w.org\/{rel}","templated":true}]}}