{"id":5356,"date":"2023-12-11T12:27:17","date_gmt":"2023-12-11T11:27:17","guid":{"rendered":"https:\/\/szkolenia-udt.pl\/?page_id=5356"},"modified":"2023-12-11T12:27:43","modified_gmt":"2023-12-11T11:27:43","slug":"kurs-slinger-signaller-sls","status":"publish","type":"page","link":"https:\/\/szkolenia-udt.pl\/sv\/kursy\/global-wind-organisation\/kurs-slinger-signaller-sls\/","title":{"rendered":"Kurs f\u00f6r Slinger Signaller (SLS)\u00a0"},"content":{"rendered":"<h2 class=\"wp-block-heading\">Kurs i kroksignalering - f\u00f6r dig som arbetar i en vindturbinmilj\u00f6 \u00a0<\/h2>\n\n\n<div class=\"wp-block-image\">\n<figure class=\"alignleft size-medium\"><a href=\"https:\/\/szkolenia-udt.pl\/wp-content\/uploads\/2023\/12\/screen_2x-26.jpg\"><img loading=\"lazy\" decoding=\"async\" width=\"300\" height=\"199\" src=\"https:\/\/szkolenia-udt.pl\/wp-content\/uploads\/2023\/12\/screen_2x-26-300x199.jpg\" alt=\"\" class=\"wp-image-5357\" srcset=\"https:\/\/szkolenia-udt.pl\/wp-content\/uploads\/2023\/12\/screen_2x-26-300x199.jpg 300w, https:\/\/szkolenia-udt.pl\/wp-content\/uploads\/2023\/12\/screen_2x-26-1024x680.jpg 1024w, https:\/\/szkolenia-udt.pl\/wp-content\/uploads\/2023\/12\/screen_2x-26-768x510.jpg 768w, https:\/\/szkolenia-udt.pl\/wp-content\/uploads\/2023\/12\/screen_2x-26-1536x1020.jpg 1536w, https:\/\/szkolenia-udt.pl\/wp-content\/uploads\/2023\/12\/screen_2x-26-18x12.jpg 18w, https:\/\/szkolenia-udt.pl\/wp-content\/uploads\/2023\/12\/screen_2x-26.jpg 1600w\" sizes=\"auto, (max-width: 300px) 100vw, 300px\" \/><\/a><\/figure>\n<\/div>\n\n\n<p><a href=\"https:\/\/szkolenia-udt.pl\/sv\/o-firmie\/\">OSO Operat\u00f6rsutbildningscenter<\/a> inbjuder dig hj\u00e4rtligt till kursen Slinger Signaller (SLS).\u00a0\u00a0<\/p>\n\n\n\n<p>V\u00e5r utbildning i krok- och signalarbete \u00e4r organiserad f\u00f6r att s\u00e4kerst\u00e4lla att deltagarna f\u00e5r de kunskaper och f\u00e4rdigheter som kr\u00e4vs f\u00f6r s\u00e4ker lyftning av laster under kranarbete. Kursen diskuterar grundligt de potentiella faror och risker som \u00e4r f\u00f6rknippade med arbetet med en krok och signalgivare. SLS-utbildningen avser vindturbinomr\u00e5det och riktar sig till arbetstagare inom vindkraftssektorn som arbetar med tillverkning, installation och underh\u00e5ll av turbiner och deras komponenter.&nbsp;<\/p>\n\n\n\n<p>Vi erbjuder utbildning enligt GWO:s standarder, vilket garanterar en h\u00f6g inl\u00e4rningsniv\u00e5. Studenterna kommer att kunna anv\u00e4nda de teoretiska och praktiska kunskaper de har f\u00f6rv\u00e4rvat i sitt arbete som krok eller signalist i vindkraftsomr\u00e5det och uppr\u00e4tth\u00e5lla de h\u00f6gsta s\u00e4kerhetsstandarderna i enlighet med GWO Slinger Signaller-riktlinjerna.&nbsp;<\/p>\n\n\n\n<p>P\u00e5 v\u00e5rt center l\u00e4gger vi stor vikt vid m\u00f6jligheten att f\u00e5 kompetens och kunskap under \u00f6verinseende av experter inom omr\u00e5det. V\u00e5rt center erbjuder SLS-kurser i hela landet, inklusive p\u00e5 v\u00e5rt huvudkontor i Warszawa och p\u00e5 f\u00e4ltfilialer, b\u00e5de i form av \u00f6ppna och slutna kurser. Om du best\u00e4mmer dig f\u00f6r att delta i Hook Signaller-utbildningen kan du r\u00e4kna med attraktiva finansiella villkor.&nbsp;<\/p>\n\n\n\n<h2 class=\"wp-block-heading\">SLS-kurs - huvudm\u00e5l\u00a0<\/h2>\n\n\n\n<p>Utbildningen \u00e4r utformad f\u00f6r att ge deltagarna praktiska f\u00e4rdigheter relaterade till upph\u00e4ngnings- och lasts\u00e4kringstekniker, d\u00e4r prioritet ges till att uppr\u00e4tth\u00e5lla de h\u00f6gsta s\u00e4kerhetsstandarderna. Deltagarna kommer att bli bekanta med de olika typer av utrustning som anv\u00e4nds i dessa verksamheter och den n\u00f6dv\u00e4ndiga personliga skyddsutrustningen. Utbildningen omfattar korrekt best\u00e4mning av lastens tyngdpunkt, inst\u00e4llning av slingl\u00e4nkarnas vinklar och effektiv signalering av kranens r\u00f6relser.\u00a0<\/p>\n\n\n\n<h2 class=\"wp-block-heading\">SLS kurs - program\u00a0<\/h2>\n\n\n\n<p>Utbildningskursen SLS - Hook Signaller ger deltagarna de kunskaper och f\u00e4rdigheter som kr\u00e4vs f\u00f6r att utf\u00f6ra sina uppgifter p\u00e5 ett s\u00e4kert och effektivt s\u00e4tt. Kursprogrammet inneh\u00e5ller presentationer av kvalificerade instrukt\u00f6rer och praktiska \u00f6vningar.\u00a0\u00a0<\/p>\n\n\n\n<p>Alla utbildningsinsatser baseras p\u00e5 en lyftplan (Lift plan). Lyftplanen inneh\u00e5ller en riskbed\u00f6mning, metoddefinition och andra relevanta detaljer (ritningar, grafik, scheman och foton). Detta dokument definierar exakt rollerna f\u00f6r alla som \u00e4r involverade i lyftoperationen f\u00f6r att s\u00e4kerst\u00e4lla att processen l\u00f6per smidigt. Lyftplanen inneh\u00e5ller vanligtvis en beskrivning av hur uppgiften ska utf\u00f6ras, teknisk information om kranens konfiguration och andra detaljer om lyftoperationen (markf\u00f6rh\u00e5llanden, tillg\u00e5ng till platsen etc.). Riskbed\u00f6mningen i lyftplanen kommer att identifiera potentiella risker och utveckla en strategi f\u00f6r att eliminera dem. Det \u00e4r viktigt att inkludera en handlingsplan i h\u00e4ndelse av ett v\u00e4rsta scenario.&nbsp;<\/p>\n\n\n\n<p>Efter avslutad utbildning i Slinger Signaller kommer de utexaminerade att ha f\u00f6rv\u00e4rvat kunskaper inklusive:&nbsp;<\/p>\n\n\n\n<ul class=\"wp-block-list\">\n<li>s\u00e4kra tekniker f\u00f6r anv\u00e4ndning av lyft-, hanterings- och deponeringsutrustning,&nbsp;<\/li>\n\n\n\n<li>principer f\u00f6r signalering av r\u00f6relser under enkla lyftoperationer, \u00e4ven under f\u00f6rh\u00e5llanden med begr\u00e4nsad sikt f\u00f6r kranf\u00f6raren,&nbsp;<\/li>\n\n\n\n<li>Signalisat\u00f6rens funktion och ansvar under lyftoperationer,&nbsp;<\/li>\n\n\n\n<li>Okul\u00e4r besiktning av lyftutrustningen f\u00f6re och efter lyftoperationen,&nbsp;<\/li>\n\n\n\n<li>korrekt och s\u00e4ker hantering av utrustning som anv\u00e4nds vid lyftoperationer,&nbsp;<\/li>\n\n\n\n<li>v\u00e4lja r\u00e4tt sling f\u00f6r olika typer av laster, med h\u00e4nsyn till deras vikt, form, storlek och tyngdpunkt,&nbsp;<\/li>\n\n\n\n<li>Utf\u00f6ra rutinm\u00e4ssiga lyft enligt en i f\u00f6rv\u00e4g utarbetad plan,&nbsp;<\/li>\n\n\n\n<li>korrekt underh\u00e5ll och drift av utrustningen,&nbsp;<\/li>\n\n\n\n<li>Identifiering av fel och defekter i den anv\u00e4nda utrustningen,&nbsp;<\/li>\n\n\n\n<li>F\u00f6lj noggrant de instruktioner och rutiner som arbetsgivaren har fastst\u00e4llt f\u00f6r effektiv hantering av lyftoperationer.&nbsp;<\/li>\n<\/ul>\n\n\n\n<h2 class=\"wp-block-heading\">SLS-kurs - Certifiering&nbsp;&nbsp;<\/h2>\n\n\n\n<p>CSO Operator Training Centre \u00e4r ackrediterat av DNV och GWO.&nbsp;<\/p>\n\n\n\n<p>V\u00e5r Slinger Signaller-utbildning genomf\u00f6rs i enlighet med den aktuella GWO-standarden f\u00f6r grundl\u00e4ggande s\u00e4kerhetsutbildning.&nbsp;&nbsp;<\/p>\n\n\n\n<p>Efter avslutad kurs kommer deltagarna att f\u00e5 ett certifikat som bekr\u00e4ftar deras kvalifikationer i \u00e4mnet s\u00e4ker lyftning, flyttning och deponering av laster. Certifikatet \u00e4r ett officiellt intyg p\u00e5 att utbildningen har slutf\u00f6rts och bekr\u00e4ftar att man \u00e4r redo att korrekt utf\u00f6ra yrkesuppgifter i vindkraftsmilj\u00f6n, liksom i andra sektorer d\u00e4r lyftarbeten utf\u00f6rs.&nbsp;<\/p>\n\n\n\n<p>Certifikatet \u00e4r giltigt p\u00e5 obest\u00e4md tid.&nbsp;&nbsp;<\/p>\n\n\n\n<h2 class=\"wp-block-heading\">SLS-kurs - Beh\u00f6righetskrav\u00a0<\/h2>\n\n\n\n<p>F\u00f6r att f\u00e5 delta i utbildning som r\u00f6r arbete p\u00e5 h\u00f6g h\u00f6jd finns det vissa krav som m\u00e5ste uppfyllas:\u00a0<\/p>\n\n\n\n<ul class=\"wp-block-list\">\n<li>Minimi\u00e5lder 18 \u00e5r,&nbsp;<\/li>\n\n\n\n<li>Minst gymnasieutbildning,&nbsp;<\/li>\n\n\n\n<li>ett aktuellt intyg fr\u00e5n en f\u00f6retagsl\u00e4kare som intygar att det inte finns n\u00e5gra h\u00e4lsorelaterade hinder f\u00f6r att arbeta p\u00e5 en h\u00f6jd av mer \u00e4n tre meter,&nbsp;<\/li>\n\n\n\n<li>socialf\u00f6rs\u00e4kring eller olycksfallsf\u00f6rs\u00e4kring,&nbsp;<\/li>\n\n\n\n<li>har ett WINDA ID-nummer,&nbsp;<\/li>\n\n\n\n<li>Ett korrekt ifyllt medicinskt fr\u00e5geformul\u00e4r,&nbsp;<\/li>\n\n\n\n<li>l\u00e4mpliga arbetskl\u00e4der och skor samt handskar,&nbsp;<\/li>\n\n\n\n<li>betald utbildningsavgift,&nbsp;<\/li>\n\n\n\n<li>en giltig identitetshandling, t.ex. ett identitetskort.&nbsp;<\/li>\n<\/ul>\n\n\n\n<p>Maximalt antal deltagare per grupp \u00e4r 10-12.&nbsp;&nbsp;&nbsp;&nbsp;&nbsp;<\/p>\n\n\n\n<h2 class=\"wp-block-heading\">SLS-kurs - kostnad \u00a0<\/h2>\n\n\n\n<p>Avgiften f\u00f6r Slinger Signaller-utbildning fastst\u00e4lls p\u00e5 individuell basis. Den p\u00e5verkas av antalet personer som deltar i kursen. Attraktiva rabatter ges f\u00f6r st\u00f6rre grupper.\u00a0<\/p>\n\n\n\n<h2 class=\"wp-block-heading\">SLS-kurs - plats&nbsp;<\/h2>\n\n\n\n<p><a href=\"https:\/\/szkolenia-udt.pl\/sv\/kursy\/\">V\u00e5r utbildning<\/a> De \u00e4ger rum p\u00e5 olika platser, inklusive Warszawa och v\u00e5ra regionala filialer i hela Polen. Vi erbjuder ocks\u00e5 m\u00f6jlighet till utbildning i kundens lokaler och reser till en plats som \u00e4r l\u00e4mplig f\u00f6r kunden.&nbsp;<\/p>\n\n\n\n<p>P\u00e5 v\u00e5r webbplats finns information om \u00f6ppna kurser. Om du \u00e4r intresserad av sluten utbildning uppmanar vi dig att kontakta v\u00e5rt centrum s\u00e5 att vi kan ta fram ett personligt erbjudande som \u00e4r anpassat efter dina behov.&nbsp;<\/p>\n\n\n\n<p>Om du har n\u00e5gra fr\u00e5gor om v\u00e5ra kurser \u00e4r du v\u00e4lkommen att kontakta <a href=\"https:\/\/szkolenia-udt.pl\/sv\/kontakt\/\">Telefon- eller e-postkontakt<\/a>. V\u00e5rt team \u00e4r redo att svara p\u00e5 alla fr\u00e5gor och skingra alla tvivel. Du \u00e4r ocks\u00e5 v\u00e4lkommen att bes\u00f6ka v\u00e5rt center, d\u00e4r vi g\u00e4rna presenterar v\u00e5rt erbjudande och f\u00f6rbereder en offert f\u00f6r intresserade parter.&nbsp;<\/p>\n\n\n\n<p>Du \u00e4r hj\u00e4rtligt v\u00e4lkommen till OSO Operator Training Centre f\u00f6r kurserna Slinger Signaller (SLS) - Hook Signaller i Warszawa och i hela landet.&nbsp;<\/p>","protected":false},"excerpt":{"rendered":"<p>Kurs Hakowy sygnalista \u2013 dla os\u00f3b pracuj\u0105cych w \u015brodowisku turbin wiatrowych \u00a0 O\u015brodek Szkolenia Operator\u00f3w OSO serdecznie zaprasza na kurs Slinger Signaller (SLS) \u2013 Hakowy sygnalista.\u00a0\u00a0 Nasze szkolenie Slinger Signaller organizowane jest z my\u015bl\u0105 o tym, aby o uczestnicy otrzymali niezb\u0119dn\u0105 wiedz\u0119 oraz umiej\u0119tno\u015bci zwi\u0105zane z bezpiecznym podnoszeniem \u0142adunk\u00f3w podczas operacji d\u017awigowych. Na kursie dok\u0142adnie [&hellip;]<\/p>\n","protected":false},"author":3,"featured_media":5357,"parent":5314,"menu_order":0,"comment_status":"closed","ping_status":"closed","template":"","meta":{"footnotes":""},"class_list":["post-5356","page","type-page","status-publish","has-post-thumbnail","hentry"],"aioseo_notices":[],"_links":{"self":[{"href":"https:\/\/szkolenia-udt.pl\/sv\/wp-json\/wp\/v2\/pages\/5356","targetHints":{"allow":["GET"]}}],"collection":[{"href":"https:\/\/szkolenia-udt.pl\/sv\/wp-json\/wp\/v2\/pages"}],"about":[{"href":"https:\/\/szkolenia-udt.pl\/sv\/wp-json\/wp\/v2\/types\/page"}],"author":[{"embeddable":true,"href":"https:\/\/szkolenia-udt.pl\/sv\/wp-json\/wp\/v2\/users\/3"}],"replies":[{"embeddable":true,"href":"https:\/\/szkolenia-udt.pl\/sv\/wp-json\/wp\/v2\/comments?post=5356"}],"version-history":[{"count":2,"href":"https:\/\/szkolenia-udt.pl\/sv\/wp-json\/wp\/v2\/pages\/5356\/revisions"}],"predecessor-version":[{"id":5359,"href":"https:\/\/szkolenia-udt.pl\/sv\/wp-json\/wp\/v2\/pages\/5356\/revisions\/5359"}],"up":[{"embeddable":true,"href":"https:\/\/szkolenia-udt.pl\/sv\/wp-json\/wp\/v2\/pages\/5314"}],"wp:featuredmedia":[{"embeddable":true,"href":"https:\/\/szkolenia-udt.pl\/sv\/wp-json\/wp\/v2\/media\/5357"}],"wp:attachment":[{"href":"https:\/\/szkolenia-udt.pl\/sv\/wp-json\/wp\/v2\/media?parent=5356"}],"curies":[{"name":"wp","href":"https:\/\/api.w.org\/{rel}","templated":true}]}}