{"id":5360,"date":"2023-12-11T12:31:16","date_gmt":"2023-12-11T11:31:16","guid":{"rendered":"https:\/\/szkolenia-udt.pl\/?page_id=5360"},"modified":"2023-12-11T12:31:51","modified_gmt":"2023-12-11T11:31:51","slug":"kurs-arbete-pa-hog-hojd-wah","status":"publish","type":"page","link":"https:\/\/szkolenia-udt.pl\/sv\/kursy\/global-wind-organisation\/kurs-working-at-heights-wah\/","title":{"rendered":"Kurs i arbete p\u00e5 h\u00f6g h\u00f6jd (WAH)\u00a0"},"content":{"rendered":"<h2 class=\"wp-block-heading\">Kurs i arbete p\u00e5 h\u00f6g h\u00f6jd - f\u00f6r dig som arbetar i en vindturbinmilj\u00f6 \u00a0<\/h2>\n\n\n<div class=\"wp-block-image\">\n<figure class=\"alignleft size-medium\"><a href=\"https:\/\/szkolenia-udt.pl\/wp-content\/uploads\/2023\/12\/s2-24-e1702294248906.jpg\"><img loading=\"lazy\" decoding=\"async\" width=\"300\" height=\"265\" src=\"https:\/\/szkolenia-udt.pl\/wp-content\/uploads\/2023\/12\/s2-24-e1702294248906-300x265.jpg\" alt=\"\" class=\"wp-image-5361\" srcset=\"https:\/\/szkolenia-udt.pl\/wp-content\/uploads\/2023\/12\/s2-24-e1702294248906-300x265.jpg 300w, https:\/\/szkolenia-udt.pl\/wp-content\/uploads\/2023\/12\/s2-24-e1702294248906-1024x904.jpg 1024w, https:\/\/szkolenia-udt.pl\/wp-content\/uploads\/2023\/12\/s2-24-e1702294248906-768x678.jpg 768w, https:\/\/szkolenia-udt.pl\/wp-content\/uploads\/2023\/12\/s2-24-e1702294248906-14x12.jpg 14w, https:\/\/szkolenia-udt.pl\/wp-content\/uploads\/2023\/12\/s2-24-e1702294248906.jpg 1066w\" sizes=\"auto, (max-width: 300px) 100vw, 300px\" \/><\/a><\/figure>\n<\/div>\n\n\n<p><a href=\"https:\/\/szkolenia-udt.pl\/sv\/o-firmie\/\">OSO Operat\u00f6rsutbildningscenter<\/a> inbjuder dig hj\u00e4rtligt till kursen Working at Heights (WAH).\u00a0\u00a0<\/p>\n\n\n\n<p>V\u00e5r utbildning i arbete p\u00e5 h\u00f6g h\u00f6jd \u00e4r avsedd f\u00f6r dig som s\u00f6ker jobb som vindkrafttekniker. I slutet av kursen kommer deltagaren att ha de kunskaper och f\u00e4rdigheter som kr\u00e4vs f\u00f6r att p\u00e5 ett s\u00e4kert s\u00e4tt utf\u00f6ra uppgifter p\u00e5 h\u00f6ga h\u00f6jder.&nbsp;<\/p>\n\n\n\n<p>Huvudsyftet med v\u00e5r utbildning \u00e4r att h\u00f6ja s\u00e4kerhetsstandarden inom vindkraftsindustrin. Vi vill ge deltagarna professionell evakuerings- och r\u00e4ddningsteknik samt information om hur man minimerar de risker som \u00e4r f\u00f6rknippade med arbete p\u00e5 h\u00f6ga h\u00f6jder.&nbsp;<\/p>\n\n\n\n<p>P\u00e5 v\u00e5rt center l\u00e4gger vi stor vikt vid m\u00f6jligheten att f\u00e5 kompetens och kunskap under \u00f6verinseende av experter inom omr\u00e5det. V\u00e5rt center erbjuder WAH-kurser i hela landet, inklusive p\u00e5 v\u00e5rt huvudkontor i Warszawa och p\u00e5 f\u00e4ltfilialer, b\u00e5de i form av \u00f6ppna och slutna utbildningskurser. N\u00e4r du best\u00e4mmer dig f\u00f6r att delta i Work at Heights-utbildning kan du r\u00e4kna med attraktiva ekonomiska villkor.&nbsp;<\/p>\n\n\n\n<h2 class=\"wp-block-heading\">WAH-kurs - huvudm\u00e5l\u00a0<\/h2>\n\n\n\n<p>Utbildningen \u00e4r utformad f\u00f6r att ge deltagarna teoretiska kunskaper och l\u00e4ra ut praktiska f\u00e4rdigheter relaterade till s\u00e4ker anv\u00e4ndning av grundl\u00e4ggande personlig skyddsutrustning (PPE) vid arbete p\u00e5 h\u00f6g h\u00f6jd. Deltagarna kommer att l\u00e4ra sig principerna f\u00f6r s\u00e4kring och evakuering i vindkraftverk enligt GWO-standarder. Utbildningen \u00e4r utformad f\u00f6r att f\u00f6rbereda deltagarna f\u00f6r arbete p\u00e5 h\u00f6g h\u00f6jd inom vindkraftsindustrin, samtidigt som de l\u00e4r sig hur man hanterar n\u00f6dsituationer.\u00a0<\/p>\n\n\n\n<p>Genomg\u00e5ng av utbildningen Arbete p\u00e5 h\u00f6g h\u00f6jd -. <a href=\"https:\/\/szkolenia-udt.pl\/sv\/kursy\/prace-wysokosciowe\/kurs-na-szelki-budowlane\/\">Arbete p\u00e5 h\u00f6g h\u00f6jd<\/a> garanterar att praktikanterna f\u00f6rv\u00e4rvar kunskaper och f\u00e4rdigheter som t.ex:&nbsp;<\/p>\n\n\n\n<ul class=\"wp-block-list\">\n<li>Kunskap om de risker och faror som \u00e4r specifika f\u00f6r arbete p\u00e5 h\u00f6g h\u00f6jd p\u00e5 vindkraftverk,&nbsp;<\/li>\n\n\n\n<li>Omfattande kunskaper om g\u00e4llande lagstiftning om arbete p\u00e5 h\u00f6g h\u00f6jd,&nbsp;&nbsp;<\/li>\n\n\n\n<li>Identifiering av personlig skyddsutrustning och kunskap om europeiska och internationella standarder f\u00f6r m\u00e4rkning av utrustning som hj\u00e4lm, sele, lina osv,&nbsp;<\/li>\n\n\n\n<li>Kunskaper om korrekt anv\u00e4ndning och underh\u00e5ll av utrustning (inspektion f\u00f6re anv\u00e4ndning, justering av utrustning, korrekt f\u00f6rvaring),&nbsp;<\/li>\n\n\n\n<li>Demonstration av korrekt anv\u00e4ndning av personlig skyddsutrustning,&nbsp;<\/li>\n\n\n\n<li>Fullst\u00e4ndig kunskap om utrymningsf\u00f6rfaranden och anv\u00e4ndning av utrymningsutrustning,&nbsp;<\/li>\n\n\n\n<li>Effektiv anv\u00e4ndning av r\u00e4ddningsutrustning och f\u00f6rm\u00e5ga att ge assistans i n\u00f6dsituationer i samband med arbete p\u00e5 vindkraftverk.&nbsp;<\/li>\n<\/ul>\n\n\n\n<h2 class=\"wp-block-heading\">WAH kurs - program\u00a0<\/h2>\n\n\n\n<p>Kursen WAH - Arbete p\u00e5 h\u00f6g h\u00f6jd har utvecklats med utg\u00e5ngspunkt fr\u00e5n den tekniska inspektionsmyndighetens riktlinjer och g\u00e4llande lagbest\u00e4mmelser. V\u00e5r prioritet \u00e4r att presentera de mest relevanta fr\u00e5gorna inom s\u00e4kerhetsomr\u00e5det vid arbete p\u00e5 h\u00f6g h\u00f6jd i en vindkraftverksmilj\u00f6. Deltagarna i denna utbildning kommer att f\u00e5 m\u00f6jlighet att teoretiskt och praktiskt bekanta sig med de lagbest\u00e4mmelser som g\u00e4ller f\u00f6r arbete p\u00e5 h\u00f6g h\u00f6jd och med grundl\u00e4ggande personlig skyddsutrustning. Deltagarna kommer ocks\u00e5 att utbildas i s\u00e4kert arbete p\u00e5 h\u00f6g h\u00f6jd p\u00e5 vindkraftverk och r\u00e4ddning p\u00e5 h\u00f6g h\u00f6jd i n\u00f6dsituationer.\u00a0\u00a0<\/p>\n\n\n\n<p>Utbildningen Arbete p\u00e5 h\u00f6g h\u00f6jd \u00e4r en del av ett paket med utbildningar som omfattar grundl\u00e4ggande s\u00e4kerhetsprinciper. Kursprogrammet omfattar olika aspekter som t.ex:&nbsp;<\/p>\n\n\n\n<ul class=\"wp-block-list\">\n<li>r\u00e4ttsliga fr\u00e5gor som r\u00f6r s\u00e4kerhet p\u00e5 arbetsplatsen,&nbsp;<\/li>\n\n\n\n<li>s\u00e4kerhetssystem, inklusive vertikala s\u00e4kringssystem,&nbsp;<\/li>\n\n\n\n<li>utbildning om korrekt arbetsst\u00e4llning,&nbsp;<\/li>\n\n\n\n<li>F\u00f6rfaranden f\u00f6r s\u00e4kert arbete p\u00e5 h\u00f6g h\u00f6jd,&nbsp;<\/li>\n\n\n\n<li>praktiska \u00f6vningar baserade p\u00e5 olika scenarier,&nbsp;<\/li>\n\n\n\n<li>h\u00e4ngande chock,&nbsp;<\/li>\n\n\n\n<li>Utbildning i r\u00e4ddning och assistans i livs- och h\u00e4lsofarliga situationer,&nbsp;<\/li>\n\n\n\n<li>Principer f\u00f6r korrekt anv\u00e4ndning av personlig skyddsutrustning och anv\u00e4ndning av r\u00e4ddningsutrustning,&nbsp;<\/li>\n\n\n\n<li>Metoder f\u00f6r r\u00e4ddningsinsatser.&nbsp;<\/li>\n<\/ul>\n\n\n\n<h2 class=\"wp-block-heading\">WAH-kurs - certifiering&nbsp;&nbsp;<\/h2>\n\n\n\n<p>CSO Operator Training Centre \u00e4r ackrediterat av DNV och GWO.&nbsp;<\/p>\n\n\n\n<p>V\u00e5r utbildning i arbete p\u00e5 h\u00f6g h\u00f6jd genomf\u00f6rs i enlighet med den aktuella GWO-standarden f\u00f6r grundl\u00e4ggande s\u00e4kerhetsutbildning. WAH \u00e4r en av de viktigaste delarna av BST-utbildningen, som kr\u00e4vs f\u00f6r alla som arbetar p\u00e5 h\u00f6g h\u00f6jd i en vindkraftverksmilj\u00f6 (enligt GWO-standarden).&nbsp;<\/p>\n\n\n\n<p>Efter avslutad kurs f\u00e5r deltagarna ett intyg som bekr\u00e4ftar deras kvalifikationer i \u00e4mnet s\u00e4kert arbete p\u00e5 h\u00f6g h\u00f6jd. Intyget \u00e4r ett officiellt intyg p\u00e5 att du har slutf\u00f6rt kursen och bekr\u00e4ftar att du \u00e4r redo att utf\u00f6ra dina yrkesuppgifter p\u00e5 r\u00e4tt s\u00e4tt inom sektorer d\u00e4r det finns risk f\u00f6r faror i samband med arbete p\u00e5 h\u00f6g h\u00f6jd.&nbsp;<\/p>\n\n\n\n<p>Giltighetstiden f\u00f6r certifikatet \u00e4r 24 m\u00e5nader. Vi rekommenderar att deltagarna uppdaterar sin utbildning innan denna period l\u00f6per ut f\u00f6r att h\u00e5lla sina kvalifikationer och kunskaper uppdaterade.&nbsp;<\/p>\n\n\n\n<h2 class=\"wp-block-heading\">WAH-kurs - krav f\u00f6r deltagande\u00a0<\/h2>\n\n\n\n<p>F\u00f6r att f\u00e5 delta i utbildning som r\u00f6r arbete p\u00e5 h\u00f6g h\u00f6jd finns det vissa krav som m\u00e5ste uppfyllas:\u00a0<\/p>\n\n\n\n<ul class=\"wp-block-list\">\n<li>Minimi\u00e5lder 18 \u00e5r,&nbsp;<\/li>\n\n\n\n<li>Minst gymnasieutbildning,&nbsp;<\/li>\n\n\n\n<li>ett aktuellt intyg fr\u00e5n en f\u00f6retagsl\u00e4kare som intygar att det inte finns n\u00e5gra h\u00e4lsorelaterade hinder f\u00f6r att arbeta p\u00e5 en h\u00f6jd av mer \u00e4n tre meter,&nbsp;<\/li>\n\n\n\n<li>socialf\u00f6rs\u00e4kring eller olycksfallsf\u00f6rs\u00e4kring,&nbsp;<\/li>\n\n\n\n<li>har ett WINDA ID-nummer,&nbsp;<\/li>\n\n\n\n<li>Ett korrekt ifyllt medicinskt fr\u00e5geformul\u00e4r,&nbsp;<\/li>\n\n\n\n<li>l\u00e4mpliga arbetskl\u00e4der och skor samt handskar,&nbsp;<\/li>\n\n\n\n<li>betald utbildningsavgift,&nbsp;<\/li>\n\n\n\n<li>en giltig identitetshandling, t.ex. ett identitetskort,&nbsp;<\/li>\n\n\n\n<li>Den \u00f6vre viktgr\u00e4nsen f\u00f6r en praktikant \u00e4r 135 kg.&nbsp;<\/li>\n<\/ul>\n\n\n\n<h2 class=\"wp-block-heading\">WAH-kurs - kostnad \u00a0<\/h2>\n\n\n\n<p>Avgiften f\u00f6r utbildningen Arbete p\u00e5 h\u00f6g h\u00f6jd fastst\u00e4lls individuellt. Den p\u00e5verkas av antalet personer som deltar i kursen. Attraktiva rabatter finns tillg\u00e4ngliga f\u00f6r st\u00f6rre grupper.\u00a0<\/p>\n\n\n\n<h2 class=\"wp-block-heading\">WAH-kurs - plats&nbsp;<\/h2>\n\n\n\n<p>V\u00e5ra utbildningar \u00e4ger rum p\u00e5 olika platser, inklusive Warszawa och v\u00e5ra regionala filialer i hela Polen. Vi erbjuder ocks\u00e5 m\u00f6jligheten att utbilda i kundens lokaler och resa till en plats som \u00e4r l\u00e4mplig f\u00f6r kunden.&nbsp;<\/p>\n\n\n\n<p>P\u00e5 v\u00e5r webbplats finns information om \u00f6ppna kurser. Om du \u00e4r intresserad av sluten utbildning <a href=\"https:\/\/szkolenia-udt.pl\/sv\/kontakt\/\">Du \u00e4r v\u00e4lkommen att kontakta oss<\/a> med v\u00e5rt center s\u00e5 att vi kan ta fram ett personligt erbjudande som \u00e4r anpassat efter dina behov.&nbsp;<\/p>\n\n\n\n<p>Om du har n\u00e5gra fr\u00e5gor om <a href=\"https:\/\/szkolenia-udt.pl\/sv\/kursy\/\">av v\u00e5ra kurser<\/a>Tveka inte att kontakta oss via telefon eller e-post. V\u00e5rt team \u00e4r redo att svara p\u00e5 alla dina fr\u00e5gor och skingra alla dina tvivel. Du \u00e4r ocks\u00e5 v\u00e4lkommen att bes\u00f6ka v\u00e5rt center, d\u00e4r vi g\u00e4rna presenterar v\u00e5rt erbjudande och f\u00f6rbereder en offert f\u00f6r intresserade parter.&nbsp;<\/p>\n\n\n\n<p>Vi bjuder in dig till OSO Operators' Training Centre f\u00f6r kurserna Working at Heights (WAH) i Warszawa och i hela landet.&nbsp;<\/p>","protected":false},"excerpt":{"rendered":"<p>Kurs Praca na wysoko\u015bciach \u2013 dla os\u00f3b pracuj\u0105cych w \u015brodowisku turbin wiatrowych \u00a0 O\u015brodek Szkolenia Operator\u00f3w OSO serdecznie zaprasza na kurs Working at Heights (WAH) \u2013 Praca na wysoko\u015bciach.\u00a0\u00a0 Nasze szkolenie Working at Heights organizowane jest z my\u015bl\u0105 o osobach poszukuj\u0105cych pracy na stanowisku technika obs\u0142uguj\u0105cego turbiny wiatrowe. Uczestnik po sko\u0144czonym kursie b\u0119dzie posiada\u0142 niezb\u0119dn\u0105 [&hellip;]<\/p>\n","protected":false},"author":3,"featured_media":5361,"parent":5314,"menu_order":0,"comment_status":"closed","ping_status":"closed","template":"","meta":{"footnotes":""},"class_list":["post-5360","page","type-page","status-publish","has-post-thumbnail","hentry"],"aioseo_notices":[],"_links":{"self":[{"href":"https:\/\/szkolenia-udt.pl\/sv\/wp-json\/wp\/v2\/pages\/5360","targetHints":{"allow":["GET"]}}],"collection":[{"href":"https:\/\/szkolenia-udt.pl\/sv\/wp-json\/wp\/v2\/pages"}],"about":[{"href":"https:\/\/szkolenia-udt.pl\/sv\/wp-json\/wp\/v2\/types\/page"}],"author":[{"embeddable":true,"href":"https:\/\/szkolenia-udt.pl\/sv\/wp-json\/wp\/v2\/users\/3"}],"replies":[{"embeddable":true,"href":"https:\/\/szkolenia-udt.pl\/sv\/wp-json\/wp\/v2\/comments?post=5360"}],"version-history":[{"count":1,"href":"https:\/\/szkolenia-udt.pl\/sv\/wp-json\/wp\/v2\/pages\/5360\/revisions"}],"predecessor-version":[{"id":5362,"href":"https:\/\/szkolenia-udt.pl\/sv\/wp-json\/wp\/v2\/pages\/5360\/revisions\/5362"}],"up":[{"embeddable":true,"href":"https:\/\/szkolenia-udt.pl\/sv\/wp-json\/wp\/v2\/pages\/5314"}],"wp:featuredmedia":[{"embeddable":true,"href":"https:\/\/szkolenia-udt.pl\/sv\/wp-json\/wp\/v2\/media\/5361"}],"wp:attachment":[{"href":"https:\/\/szkolenia-udt.pl\/sv\/wp-json\/wp\/v2\/media?parent=5360"}],"curies":[{"name":"wp","href":"https:\/\/api.w.org\/{rel}","templated":true}]}}