{"id":55,"date":"2014-10-07T16:26:04","date_gmt":"2014-10-07T16:26:04","guid":{"rendered":"http:\/\/szkolenia-udt.pl\/?page_id=55"},"modified":"2021-07-19T22:09:52","modified_gmt":"2021-07-19T22:09:52","slug":"kranar","status":"publish","type":"page","link":"https:\/\/szkolenia-udt.pl\/sv\/dzwignice\/suwnice\/","title":{"rendered":"Kranar"},"content":{"rendered":"<div style=\"float: left; padding-right: 10px;\"><div id=\"metaslider-id-662\" style=\"max-width: 300px;\" class=\"ml-slider-3-107-0 metaslider metaslider-flex metaslider-662 ml-slider ms-theme-default nav-hidden\" role=\"region\" aria-label=\"Kranar\" data-height=\"225\" data-width=\"300\">\n    <div id=\"metaslider_container_662\">\n        <div id=\"metaslider_662\">\n            <ul class='slides'>\n                <li style=\"display: block; width: 100%;\" class=\"slide-1209 ms-image\" aria-roledescription=\"slide\" data-date=\"2014-11-17 21:42:15\" data-filename=\"suw1a.jpg\" data-slide-type=\"image\"><img loading=\"lazy\" decoding=\"async\" src=\"https:\/\/szkolenia-udt.pl\/wp-content\/uploads\/2014\/11\/suw1a.jpg\" height=\"225\" width=\"300\" alt=\"\" class=\"slider-662 slide-1209 msDefaultImage\" \/><\/li>\n            <\/ul>\n        <\/div>\n        \n    <\/div>\n<\/div><\/div>\n<div class=\"wyjustuj\">\n<p>Traverskranar \u00e4r hanteringsutrustning som arbetar i intermittent r\u00f6relse. Utrustade med mekanismer f\u00f6r att s\u00e4nka och lyfta laster - lyftanordningar eller vinschar - kan de leverera laster till en best\u00e4md punkt. De \u00e4r f\u00f6rem\u00e5l f\u00f6r teknisk \u00f6vervakning. F\u00f6r att f\u00e5 anv\u00e4nda utrustningen kr\u00e4vs en kranlicens. F\u00f6r att erh\u00e5lla detta beh\u00f6ver du <a href=\"https:\/\/szkolenia-udt.pl\/sv\/kursy\/suwnice\/\">Kranbana<\/a>som du ocks\u00e5 kan anm\u00e4la dig till p\u00e5 v\u00e5r <a href=\"https:\/\/szkolenia-udt.pl\/sv\/o-firmie\/\">Centrum<\/a>Traverskranar \u00e4r kranar som best\u00e5r av ett b\u00e4rsystem som r\u00f6r sig p\u00e5 tv\u00e5 sp\u00e5r. De \u00e4r konstruerade f\u00f6r att flytta gods inom ett begr\u00e4nsat omr\u00e5de p\u00e5 sp\u00e5ren med ett maximalt avst\u00e5nd mellan dem. Den lastb\u00e4rande delen av en kran best\u00e5r av en bro och tv\u00e5 \u00e4ndytor. Bron har formen av en balk mellan sp\u00e5ren och \u00e4r monterad p\u00e5 kranarna, d\u00e4r korrigeringarna \u00e4r vinkelr\u00e4ta mot bron. Kranarna \u00e4r utrustade med drivenheter med hjul f\u00f6r att flytta kranen l\u00e4ngs sp\u00e5ren. Dessutom finns det en vinsch- eller lyftkomponent l\u00e4ngs enhetens bro, som \u00e4r konstruerad med ett rep eller en kedja f\u00f6r att lyfta en last p\u00e5 en krok eller annan slinga. Exakt information om hur utrustningen \u00e4r konstruerad ges av Overhead Crane Training.<\/p>\n<h2><strong>Enheterna \u00e4r indelade i flera typer:<\/strong><\/h2>\n<ul>\n<li>sp\u00e5rmonterad eller skipmonterad - n\u00e4r kranen k\u00f6rs p\u00e5 r\u00e4ls<\/li>\n<li>h\u00e4ngande - d\u00e4r kranen \u00e4r upph\u00e4ngd p\u00e5 skenor underifr\u00e5n<\/li>\n<li>portalkran - d\u00e4r kranen r\u00f6r sig p\u00e5 r\u00e4ls ovanf\u00f6r marken, men dess bro \u00e4r ovanf\u00f6r r\u00e4lsen<\/li>\n<\/ul>\n<p>Endast den som har ett traverskrank\u00f6rkort f\u00e5r anv\u00e4nda utrustningen. Detta kan erh\u00e5llas genom att anm\u00e4la sig till en traverskranskurs. Kursen omfattar teori och praktik f\u00f6r att man\u00f6vrera utrustningen, beroende p\u00e5 vilken typ som valts i enlighet med certifikatet.<\/p>\n<h3><strong>F\u00f6ljande krankurser \u00e4r uppdelade enligt kraven i UDT:<\/strong><\/h3>\n<ul>\n<li>II S - utrustning som styrs fr\u00e5n arbetsniv\u00e5n, lyftanordningar, vinschar i kategori II W och station\u00e4ra verkstadskranar<\/li>\n<li>I S - kabindriven utrustning, lyftanordningar, vinschar i kategori I W och utrustning i kategori II S<\/li>\n<\/ul>\n<p>Varje krankurs avslutas med ett prov inf\u00f6r en kommission fr\u00e5n Office of Technical Inspection. Provet f\u00f6r kranar testar kunskaper och f\u00e4rdigheter och om det godk\u00e4nns tilldelas deltagaren en licens.<\/p>\n<div style=\"float: left; padding-right: 10px;\"><div id=\"metaslider-id-671\" style=\"max-width: 300px;\" class=\"ml-slider-3-107-0 metaslider metaslider-flex metaslider-671 ml-slider ms-theme-default nav-hidden nav-hidden\" role=\"region\" aria-label=\"Kranar2\" data-height=\"225\" data-width=\"300\">\n    <div id=\"metaslider_container_671\">\n        <div id=\"metaslider_671\">\n            <ul class='slides'>\n                <li style=\"display: block; width: 100%;\" class=\"slide-1995 ms-image\" aria-roledescription=\"slide\" data-date=\"2017-12-29 10:22:17\" data-filename=\"suwnica-5-252x189.jpg\" data-slide-type=\"image\"><img loading=\"lazy\" decoding=\"async\" src=\"https:\/\/szkolenia-udt.pl\/wp-content\/uploads\/2017\/12\/suwnica-5-252x189.jpg\" height=\"225\" width=\"300\" alt=\"\" class=\"slider-671 slide-1995 msDefaultImage\" \/><\/li>\n            <\/ul>\n        <\/div>\n        \n    <\/div>\n<\/div><\/div>\n<p>Vi inbjuder dig att g\u00e5 en krankurs - priset hos oss \u00e4r mycket \u00f6verkomligt och alltid f\u00f6rhandlingsbart. Om du v\u00e4ljer en sluten krankurs s\u00e4tts priset individuellt. Om du vill anv\u00e4nda kranar p\u00e5 ett s\u00e4kert s\u00e4tt \u00e4r en kurs hos oss en bra investering. Vi h\u00e5ller krankurser i Warszawa, Krakow, Katowice och Bielsko-Bia\u0142a p\u00e5 v\u00e5ra filialer. Det \u00e4r ocks\u00e5 m\u00f6jligt att organisera klasser var som helst och n\u00e4r som helst f\u00f6r att passa kundens \u00f6nskem\u00e5l. Vi uppmuntrar dig att kontrollera v\u00e5ra lediga datum och dra nytta av <a href=\"https:\/\/szkolenia-udt.pl\/sv\/oferta\/\">v\u00e5ra tj\u00e4nster<\/a>!<\/p>\n<\/div>","protected":false},"excerpt":{"rendered":"<p>Suwnice s\u0105 urz\u0105dzeniami przeznaczonymi do transportu bliskiego, kt\u00f3re pracuj\u0105 w ruchu przerywanym. Dzi\u0119ki wyposa\u017ceniu w mechanizmy opuszczaj\u0105 i podnoszenia \u0142adunk\u00f3w \u2013 wci\u0105gniki lub wci\u0105garki, s\u0105 one w stanie dostarczy\u0107 \u0142adunki we wskazany punkt. Podlegaj\u0105 dozorowi technicznemu. Aby obs\u0142ugiwa\u0107 urz\u0105dzenia potrzebne s\u0105 uprawnienia na suwnice. Do ich uzyskania niezb\u0119dny jest kurs na suwnice, na kt\u00f3ry mo\u017cna [&hellip;]<\/p>\n","protected":false},"author":3,"featured_media":664,"parent":69,"menu_order":0,"comment_status":"closed","ping_status":"closed","template":"","meta":{"footnotes":""},"class_list":["post-55","page","type-page","status-publish","has-post-thumbnail","hentry"],"aioseo_notices":[],"_links":{"self":[{"href":"https:\/\/szkolenia-udt.pl\/sv\/wp-json\/wp\/v2\/pages\/55","targetHints":{"allow":["GET"]}}],"collection":[{"href":"https:\/\/szkolenia-udt.pl\/sv\/wp-json\/wp\/v2\/pages"}],"about":[{"href":"https:\/\/szkolenia-udt.pl\/sv\/wp-json\/wp\/v2\/types\/page"}],"author":[{"embeddable":true,"href":"https:\/\/szkolenia-udt.pl\/sv\/wp-json\/wp\/v2\/users\/3"}],"replies":[{"embeddable":true,"href":"https:\/\/szkolenia-udt.pl\/sv\/wp-json\/wp\/v2\/comments?post=55"}],"version-history":[{"count":9,"href":"https:\/\/szkolenia-udt.pl\/sv\/wp-json\/wp\/v2\/pages\/55\/revisions"}],"predecessor-version":[{"id":2383,"href":"https:\/\/szkolenia-udt.pl\/sv\/wp-json\/wp\/v2\/pages\/55\/revisions\/2383"}],"up":[{"embeddable":true,"href":"https:\/\/szkolenia-udt.pl\/sv\/wp-json\/wp\/v2\/pages\/69"}],"wp:featuredmedia":[{"embeddable":true,"href":"https:\/\/szkolenia-udt.pl\/sv\/wp-json\/wp\/v2\/media\/664"}],"wp:attachment":[{"href":"https:\/\/szkolenia-udt.pl\/sv\/wp-json\/wp\/v2\/media?parent=55"}],"curies":[{"name":"wp","href":"https:\/\/api.w.org\/{rel}","templated":true}]}}