{"id":57,"date":"2014-10-07T16:26:27","date_gmt":"2014-10-07T16:26:27","guid":{"rendered":"http:\/\/szkolenia-udt.pl\/?page_id=57"},"modified":"2016-07-06T17:44:08","modified_gmt":"2016-07-06T17:44:08","slug":"staplare","status":"publish","type":"page","link":"https:\/\/szkolenia-udt.pl\/sv\/dzwignice\/ukladnice\/","title":{"rendered":"Staplingskranar"},"content":{"rendered":"<div style=\"float: left; padding-right: 10px;\"><div id=\"metaslider-id-677\" style=\"max-width: 300px;\" class=\"ml-slider-3-107-0 metaslider metaslider-flex metaslider-677 ml-slider ms-theme-default nav-hidden\" role=\"region\" aria-label=\"Staplingskranar\" data-height=\"225\" data-width=\"300\">\n    <div id=\"metaslider_container_677\">\n        <div id=\"metaslider_677\">\n            <ul class='slides'>\n                <li style=\"display: block; width: 100%;\" class=\"slide-678 ms-image\" aria-roledescription=\"slide\" data-date=\"2014-10-12 10:48:09\" data-filename=\"kurs-uk\u0142adnice.jpg\" data-slide-type=\"image\"><img loading=\"lazy\" decoding=\"async\" src=\"https:\/\/szkolenia-udt.pl\/wp-content\/uploads\/2014\/10\/kurs-uk\u0142adnice.jpg\" height=\"225\" width=\"300\" alt=\"\" class=\"slider-677 slide-678 msDefaultImage\" \/><\/li>\n                <li style=\"display: none; width: 100%;\" class=\"slide-681 ms-image\" aria-roledescription=\"slide\" data-date=\"2014-10-12 10:48:12\" data-filename=\"uk\u0142adnice-foto.jpg\" data-slide-type=\"image\"><img loading=\"lazy\" decoding=\"async\" src=\"https:\/\/szkolenia-udt.pl\/wp-content\/uploads\/2014\/10\/uk\u0142adnice-foto.jpg\" height=\"225\" width=\"300\" alt=\"\" class=\"slider-677 slide-681 msDefaultImage\" \/><\/li>\n                <li style=\"display: none; width: 100%;\" class=\"slide-680 ms-image\" aria-roledescription=\"slide\" data-date=\"2014-10-12 10:48:11\" data-filename=\"szkolenia-oraz-kursy-uk\u0142adnice.jpg\" data-slide-type=\"image\"><img loading=\"lazy\" decoding=\"async\" src=\"https:\/\/szkolenia-udt.pl\/wp-content\/uploads\/2014\/10\/szkolenia-oraz-kursy-uk\u0142adnice.jpg\" height=\"225\" width=\"300\" alt=\"\" class=\"slider-677 slide-680 msDefaultImage\" \/><\/li>\n                <li style=\"display: none; width: 100%;\" class=\"slide-679 ms-image\" aria-roledescription=\"slide\" data-date=\"2014-10-12 10:48:10\" data-filename=\"OSO-Warszawa2.jpg\" data-slide-type=\"image\"><img loading=\"lazy\" decoding=\"async\" src=\"https:\/\/szkolenia-udt.pl\/wp-content\/uploads\/2014\/10\/OSO-Warszawa2.jpg\" height=\"225\" width=\"300\" alt=\"\" class=\"slider-677 slide-679 msDefaultImage\" \/><\/li>\n                <li style=\"display: none; width: 100%;\" class=\"slide-682 ms-image\" aria-roledescription=\"slide\" data-date=\"2014-10-12 10:48:12\" data-filename=\"uk\u0142adnice-zdj\u0119cie.jpg\" data-slide-type=\"image\"><img loading=\"lazy\" decoding=\"async\" src=\"https:\/\/szkolenia-udt.pl\/wp-content\/uploads\/2014\/10\/uk\u0142adnice-zdj\u0119cie.jpg\" height=\"225\" width=\"300\" alt=\"\" class=\"slider-677 slide-682 msDefaultImage\" \/><\/li>\n            <\/ul>\n        <\/div>\n        \n    <\/div>\n<\/div><\/div>\n<div class=\"wyjustuj\">Stapelkranar \u00e4r maskiner som anv\u00e4nds vid transport och stapling av varor i lager. Stapelkranar \u00e4r kranar f\u00f6r intern transport. Stapelkranar best\u00e5r av en b\u00e4rande ram eller en r\u00f6rlig stolpe som b\u00e4r en hiss med mekaniska komponenter, vanligtvis i form av utdragbara axlar, som g\u00f6r det l\u00e4ttare att lagra lasten, placera den p\u00e5 hyllor och h\u00e4mta den. De kan anv\u00e4ndas f\u00f6r att betj\u00e4na en enda g\u00e5ng mellan hyllor eller flera g\u00e5ngar.<\/p>\n<p><strong>N\u00e4r det g\u00e4ller konstruktion \u00e4r stapelkranar uppdelade i f\u00f6ljande kategorier<\/strong><\/p>\n<ul>\n<li>Kolonn - st\u00f6dstrukturen har formen av en r\u00f6rlig kolonn med ledare.<\/li>\n<li>ram - den b\u00e4rande konstruktionen \u00e4r i form av en passbar grind med l\u00e5dor<\/li>\n<\/ul>\n<p>Stapelkranarna \u00e4r utrustade med elektriska komponenter och en motor och styrs i allm\u00e4nhet fr\u00e5n f\u00f6rarhytten. Datorstyrda automatiska stapelkranar anv\u00e4nds ocks\u00e5.<\/p>\n<p>Alla som vill bli kvalificerade f\u00f6r att hantera utrustning \u00e4r v\u00e4lkomna att delta i v\u00e5r utbildning i stapelkranar. Under utbildningen behandlas viktig information om konstruktion, driftsregler, teknisk \u00f6vervakning, h\u00e4lso- och s\u00e4kerhetsregler och operat\u00f6rens ansvar. Efter kursen avl\u00e4gger deltagarna UDT-examen. <a href=\"https:\/\/szkolenia-udt.pl\/sv\/oferta\/\">Pris<\/a> beror p\u00e5 antalet deltagare. Vi erbjuder utbildning i hela Polen. Du \u00e4r v\u00e4lkommen!<\/p>\n<\/div>","protected":false},"excerpt":{"rendered":"<p>Uk\u0142adnicami nazywamy urz\u0105dzenia, kt\u00f3re wykorzystywane s\u0105 w transporcie oraz w procesie uk\u0142adania \u0142adunk\u00f3w w magazynach. Uk\u0142adnice zaliczane s\u0105 to urz\u0105dze\u0144 d\u017awigowych w transporcie wewn\u0119trznym. Do obs\u0142ugi urz\u0105dze\u0144 potrzebne s\u0105 uprawnienia na uk\u0142adnice nadawane przez Urz\u0105d Dozoru Technicznego.Uk\u0142adnice zbudowane s\u0105 z konstrukcji no\u015bnej ramy lub przejezdnego s\u0142upa, na kt\u00f3rych znajduje si\u0119 wodzak z elementami mechanicznymi, zwykle [&hellip;]<\/p>\n","protected":false},"author":3,"featured_media":0,"parent":69,"menu_order":0,"comment_status":"closed","ping_status":"closed","template":"","meta":{"footnotes":""},"class_list":["post-57","page","type-page","status-publish","hentry"],"aioseo_notices":[],"_links":{"self":[{"href":"https:\/\/szkolenia-udt.pl\/sv\/wp-json\/wp\/v2\/pages\/57","targetHints":{"allow":["GET"]}}],"collection":[{"href":"https:\/\/szkolenia-udt.pl\/sv\/wp-json\/wp\/v2\/pages"}],"about":[{"href":"https:\/\/szkolenia-udt.pl\/sv\/wp-json\/wp\/v2\/types\/page"}],"author":[{"embeddable":true,"href":"https:\/\/szkolenia-udt.pl\/sv\/wp-json\/wp\/v2\/users\/3"}],"replies":[{"embeddable":true,"href":"https:\/\/szkolenia-udt.pl\/sv\/wp-json\/wp\/v2\/comments?post=57"}],"version-history":[{"count":5,"href":"https:\/\/szkolenia-udt.pl\/sv\/wp-json\/wp\/v2\/pages\/57\/revisions"}],"predecessor-version":[{"id":1700,"href":"https:\/\/szkolenia-udt.pl\/sv\/wp-json\/wp\/v2\/pages\/57\/revisions\/1700"}],"up":[{"embeddable":true,"href":"https:\/\/szkolenia-udt.pl\/sv\/wp-json\/wp\/v2\/pages\/69"}],"wp:attachment":[{"href":"https:\/\/szkolenia-udt.pl\/sv\/wp-json\/wp\/v2\/media?parent=57"}],"curies":[{"name":"wp","href":"https:\/\/api.w.org\/{rel}","templated":true}]}}