{"id":59,"date":"2014-10-07T16:26:41","date_gmt":"2014-10-07T16:26:41","guid":{"rendered":"http:\/\/szkolenia-udt.pl\/?page_id=59"},"modified":"2016-07-06T17:45:00","modified_gmt":"2016-07-06T17:45:00","slug":"utrustning-for-containerhantering","status":"publish","type":"page","link":"https:\/\/szkolenia-udt.pl\/sv\/dzwignice\/urzadzenia-do-manipulacji-kontenerami\/","title":{"rendered":"Utrustning f\u00f6r containerhantering"},"content":{"rendered":"<div style=\"float: left; padding-right: 10px;\"><div id=\"metaslider-id-684\" style=\"max-width: 300px;\" class=\"ml-slider-3-108-0 metaslider metaslider-flex metaslider-684 ml-slider ms-theme-default nav-hidden\" role=\"region\" aria-label=\"Manipuleringsanordningar\" data-height=\"225\" data-width=\"300\">\n    <div id=\"metaslider_container_684\">\n        <div id=\"metaslider_684\">\n            <ul class='slides'>\n                <li style=\"display: block; width: 100%;\" class=\"slide-686 ms-image\" aria-roledescription=\"slide\" data-date=\"2014-10-12 11:03:24\" data-filename=\"O\u015brodek-szkolenia-operator\u00f3w.jpg\" data-slide-type=\"image\"><img loading=\"lazy\" decoding=\"async\" src=\"https:\/\/szkolenia-udt.pl\/wp-content\/uploads\/2014\/10\/O\u015brodek-szkolenia-operator\u00f3w.jpg\" height=\"225\" width=\"300\" alt=\"\" class=\"slider-684 slide-686 msDefaultImage\" \/><div class=\"caption-wrap\"><div class=\"caption\">etikett<\/div><\/div><\/li>\n                <li style=\"display: none; width: 100%;\" class=\"slide-687 ms-image\" aria-roledescription=\"slide\" data-date=\"2014-10-12 11:03:26\" data-filename=\"szkolenia-urz\u0105dzenia-manipulacji-kontenerami.jpg\" data-slide-type=\"image\"><img loading=\"lazy\" decoding=\"async\" src=\"https:\/\/szkolenia-udt.pl\/wp-content\/uploads\/2014\/10\/szkolenia-urz\u0105dzenia-manipulacji-kontenerami.jpg\" height=\"225\" width=\"300\" alt=\"Kurs om utrustning f\u00f6r containerhantering\" class=\"slider-684 slide-687 msDefaultImage\" \/><\/li>\n                <li style=\"display: none; width: 100%;\" class=\"slide-685 ms-image\" aria-roledescription=\"slide\" data-date=\"2014-10-12 11:03:23\" data-filename=\"Kursy-urz\u0105dzenia-manipulacji-kontenerami.jpg\" data-slide-type=\"image\"><img loading=\"lazy\" decoding=\"async\" src=\"https:\/\/szkolenia-udt.pl\/wp-content\/uploads\/2014\/10\/Kursy-urz\u0105dzenia-manipulacji-kontenerami.jpg\" height=\"225\" width=\"300\" alt=\"Utbildningscenter f\u00f6r operat\u00f6rer Warszawa\" class=\"slider-684 slide-685 msDefaultImage\" \/><\/li>\n                <li style=\"display: none; width: 100%;\" class=\"slide-688 ms-image\" aria-roledescription=\"slide\" data-date=\"2014-10-12 11:03:26\" data-filename=\"Zdj\u0119cie-manipulacja-kontenerami.jpg\" data-slide-type=\"image\"><img loading=\"lazy\" decoding=\"async\" src=\"https:\/\/szkolenia-udt.pl\/wp-content\/uploads\/2014\/10\/Zdj\u0119cie-manipulacja-kontenerami.jpg\" height=\"225\" width=\"300\" alt=\"Utrustning f\u00f6r hantering av containrar\" class=\"slider-684 slide-688 msDefaultImage\" \/><\/li>\n                <li style=\"display: none; width: 100%;\" class=\"slide-689 ms-image\" aria-roledescription=\"slide\" data-date=\"2014-10-12 11:03:44\" data-filename=\"Szkolenia-oraz-kursy-zdj\u0119cie.jpg\" data-slide-type=\"image\"><img loading=\"lazy\" decoding=\"async\" src=\"https:\/\/szkolenia-udt.pl\/wp-content\/uploads\/2014\/10\/Szkolenia-oraz-kursy-zdj\u0119cie.jpg\" height=\"225\" width=\"300\" alt=\"\" class=\"slider-684 slide-689 msDefaultImage\" \/><\/li>\n            <\/ul>\n        <\/div>\n        \n    <\/div>\n<\/div><\/div>\n<div class=\"wyjustuj\">Containerhanteringsutrustning anv\u00e4nds bland annat i omlastningshamnar och p\u00e5 andra platser d\u00e4r containrar med gods flyttas. F\u00f6r att f\u00e5 anv\u00e4nda utrustningen kr\u00e4vs en licens f\u00f6r containerhanteringsutrustning, som erh\u00e5lls genom ett prov inf\u00f6r en n\u00e4mnd vid Office of Technical Inspection. Denna beh\u00f6righet beviljas i kategori I K. Personer som vill arbeta som operat\u00f6rer av s\u00e5dan utrustning inbjuds att delta i en kurs om containerhanteringsutrustning vid v\u00e5r <a href=\"https:\/\/szkolenia-udt.pl\/sv\/o-firmie\/\">Centrum f\u00f6r utbildning av operat\u00f6rer<\/a>. Det ger dig m\u00f6jlighet att f\u00e5 en omfattande kunskap om hur utrustningen fungerar och att ta examen. Vi h\u00e5ller kurser i Warszawa, Krakow, Katowice och Bielsko-Bia\u0142a, samt p\u00e5 andra platser enligt v\u00e5ra kunders \u00f6nskem\u00e5l. Priserna beror p\u00e5 antalet deltagare. Vi inbjuder dig att dra nytta av <a href=\"https:\/\/szkolenia-udt.pl\/sv\/oferta\/\">v\u00e5ra tj\u00e4nster<\/a>!<\/p>\n<\/div>","protected":false},"excerpt":{"rendered":"<p>Urz\u0105dzenia do manipulacji kontenerami znajduj\u0105 zastosowanie w miejscach takich jak porty prze\u0142adunkowe oraz innego rodzaju punktach, w kt\u00f3rych przemieszcza si\u0119 kontenery z \u0142adunkami. Do obs\u0142ugi urz\u0105dzenia potrzebne s\u0105 uprawnienia na urz\u0105dzenia do manipulacji kontenerami, kt\u00f3re zdobywa si\u0119 przez egzamin przed komisj\u0105 Urz\u0119du Dozoru Technicznego. Uprawnienia nadawane s\u0105 w kategorii I K.Osoby chc\u0105ce pracowa\u0107 na stanowisku [&hellip;]<\/p>\n","protected":false},"author":3,"featured_media":0,"parent":69,"menu_order":0,"comment_status":"closed","ping_status":"closed","template":"","meta":{"footnotes":""},"class_list":["post-59","page","type-page","status-publish","hentry"],"aioseo_notices":[],"_links":{"self":[{"href":"https:\/\/szkolenia-udt.pl\/sv\/wp-json\/wp\/v2\/pages\/59","targetHints":{"allow":["GET"]}}],"collection":[{"href":"https:\/\/szkolenia-udt.pl\/sv\/wp-json\/wp\/v2\/pages"}],"about":[{"href":"https:\/\/szkolenia-udt.pl\/sv\/wp-json\/wp\/v2\/types\/page"}],"author":[{"embeddable":true,"href":"https:\/\/szkolenia-udt.pl\/sv\/wp-json\/wp\/v2\/users\/3"}],"replies":[{"embeddable":true,"href":"https:\/\/szkolenia-udt.pl\/sv\/wp-json\/wp\/v2\/comments?post=59"}],"version-history":[{"count":5,"href":"https:\/\/szkolenia-udt.pl\/sv\/wp-json\/wp\/v2\/pages\/59\/revisions"}],"predecessor-version":[{"id":1703,"href":"https:\/\/szkolenia-udt.pl\/sv\/wp-json\/wp\/v2\/pages\/59\/revisions\/1703"}],"up":[{"embeddable":true,"href":"https:\/\/szkolenia-udt.pl\/sv\/wp-json\/wp\/v2\/pages\/69"}],"wp:attachment":[{"href":"https:\/\/szkolenia-udt.pl\/sv\/wp-json\/wp\/v2\/media?parent=59"}],"curies":[{"name":"wp","href":"https:\/\/api.w.org\/{rel}","templated":true}]}}