{"id":61,"date":"2014-10-07T16:27:03","date_gmt":"2014-10-07T16:27:03","guid":{"rendered":"http:\/\/szkolenia-udt.pl\/?page_id=61"},"modified":"2016-07-06T17:46:02","modified_gmt":"2016-07-06T17:46:02","slug":"gaffeltruckar-3","status":"publish","type":"page","link":"https:\/\/szkolenia-udt.pl\/sv\/dzwignice\/wozki-widlowe-jezdniowe\/","title":{"rendered":"Gaffeltruckar - mobila"},"content":{"rendered":"<div style=\"float: left; padding-right: 10px;\"><div id=\"metaslider-id-584\" style=\"max-width: 300px;\" class=\"ml-slider-3-108-0 metaslider metaslider-flex metaslider-584 ml-slider ms-theme-default nav-hidden\" role=\"region\" aria-label=\"Konstruktion av vagnen\" data-height=\"225\" data-width=\"300\">\n    <div id=\"metaslider_container_584\">\n        <div id=\"metaslider_584\">\n            <ul class='slides'>\n                <li style=\"display: block; width: 100%;\" class=\"slide-586 ms-image\" aria-roledescription=\"slide\" data-date=\"2014-10-12 05:43:37\" data-filename=\"Kurs-na-w\u00f3zki-wid\u0142owe.jpg\" data-slide-type=\"image\"><img loading=\"lazy\" decoding=\"async\" src=\"https:\/\/szkolenia-udt.pl\/wp-content\/uploads\/2014\/10\/Kurs-na-w\u00f3zki-wid\u0142owe.jpg\" height=\"225\" width=\"300\" alt=\"Kurs f\u00f6r gaffeltruckar\" class=\"slider-584 slide-586 msDefaultImage\" \/><\/li>\n                <li style=\"display: none; width: 100%;\" class=\"slide-591 ms-image\" aria-roledescription=\"slide\" data-date=\"2014-10-12 05:43:41\" data-filename=\"Kursy-W\u00f3zki-wid\u0142owe.jpg\" data-slide-type=\"image\"><img loading=\"lazy\" decoding=\"async\" src=\"https:\/\/szkolenia-udt.pl\/wp-content\/uploads\/2014\/10\/Kursy-W\u00f3zki-wid\u0142owe.jpg\" height=\"225\" width=\"300\" alt=\"Kurs f\u00f6r f\u00f6rare av gaffeltruckar\" class=\"slider-584 slide-591 msDefaultImage\" \/><\/li>\n                <li style=\"display: none; width: 100%;\" class=\"slide-596 ms-image\" aria-roledescription=\"slide\" data-date=\"2014-10-12 05:43:44\" data-filename=\"Szkolenie-W\u00f3zki-wid\u0142owe1.jpg\" data-slide-type=\"image\"><img loading=\"lazy\" decoding=\"async\" src=\"https:\/\/szkolenia-udt.pl\/wp-content\/uploads\/2014\/10\/Szkolenie-W\u00f3zki-wid\u0142owe1.jpg\" height=\"225\" width=\"300\" alt=\"\" class=\"slider-584 slide-596 msDefaultImage\" \/><\/li>\n                <li style=\"display: none; width: 100%;\" class=\"slide-685 ms-image\" aria-roledescription=\"slide\" data-date=\"2014-10-12 11:03:23\" data-filename=\"Kursy-urz\u0105dzenia-manipulacji-kontenerami.jpg\" data-slide-type=\"image\"><img loading=\"lazy\" decoding=\"async\" src=\"https:\/\/szkolenia-udt.pl\/wp-content\/uploads\/2014\/10\/Kursy-urz\u0105dzenia-manipulacji-kontenerami.jpg\" height=\"225\" width=\"300\" alt=\"Utbildningscenter f\u00f6r operat\u00f6rer Warszawa\" class=\"slider-584 slide-685 msDefaultImage\" \/><\/li>\n                <li style=\"display: none; width: 100%;\" class=\"slide-679 ms-image\" aria-roledescription=\"slide\" data-date=\"2014-10-12 10:48:10\" data-filename=\"OSO-Warszawa2.jpg\" data-slide-type=\"image\"><img loading=\"lazy\" decoding=\"async\" src=\"https:\/\/szkolenia-udt.pl\/wp-content\/uploads\/2014\/10\/OSO-Warszawa2.jpg\" height=\"225\" width=\"300\" alt=\"\" class=\"slider-584 slide-679 msDefaultImage\" \/><\/li>\n            <\/ul>\n        <\/div>\n        \n    <\/div>\n<\/div><\/div>\n<div class=\"wyjustuj\">Gaffeltruckar, <a href=\"https:\/\/szkolenia-udt.pl\/sv\/kursy\/wozki-widlowe\/budowa-wozka-jezdniowego\/\">gaffeltruckar<\/a> eller gaffeltruckar \u00e4r hjulf\u00f6rsedda motorfordon som anv\u00e4nds i stor utstr\u00e4ckning f\u00f6r materialhantering och i lager, fabrikshallar och hamnar. Det finns m\u00e5nga olika typer av gaffeltruckar som anv\u00e4nds och som \u00e4r anpassade f\u00f6r att b\u00e4ra laster p\u00e5 upp till flera tiotals ton. F\u00f6r att anv\u00e4nda utrustningen kr\u00e4vs en kurs i gaffeltruckar. En UDT-licens beviljas ocks\u00e5.<br \/>\n<strong><br \/>\nEnligt den polska standarden PN-77\/M-78100 skiljer man mellan f\u00f6ljande typer av utrustning:<\/strong><\/p>\n<ul>\n<li>i termer av anv\u00e4nd framdrivning - elektrisk, batteri, bensin, diesel och andra<\/li>\n<li>i fr\u00e5ga om drift - lastare, truckar, traktorer, staplare och specialmaskiner<\/li>\n<li>styrning - plattform, sittande, styrd, fj\u00e4rrstyrd<\/li>\n<\/ul>\n<p>Lyftvagnar \u00e4r de vanligaste. F\u00f6r att kunna anv\u00e4nda dem p\u00e5 arbetsplatsen beh\u00f6ver du <a href=\"https:\/\/szkolenia-udt.pl\/sv\/kursy\/wozki-widlowe\/\">k\u00f6rkort f\u00f6r gaffeltruck<\/a>. Arbetstagaren b\u00f6r g\u00e5 en kurs i gaffeltruckar. Det \u00e4r inte n\u00f6dv\u00e4ndigt att avl\u00e4gga ett prov inf\u00f6r en n\u00e4mnd vid kontoret f\u00f6r teknisk inspektion, men det rekommenderas \u00e4nd\u00e5 att man skaffar denna typ av certifikat eftersom det f\u00f6redras av arbetsgivarna.<br \/>\n<strong><br \/>\nGaffeltrucklicenser delas ut i f\u00f6ljande kategorier:<\/strong><\/p>\n<ul>\n<li>III WJO - styrda och fj\u00e4rrstyrda lyftare<\/li>\n<li>II WJO - Lyftvagnar, utom specialfordon<\/li>\n<li>I WJO - lyft- och specialtruckar - med last och f\u00f6rare med variabel r\u00e4ckvidd<\/li>\n<\/ul>\n<p>P\u00e5 v\u00e5rt Operator Training Centre genomf\u00f6r vi regelbundet truckkurser i ett \u00f6ppet format f\u00f6r alla intresserade, samt f\u00f6r slutna grupper som h\u00e4nvisas av arbetsgivare. Varje <a href=\"https:\/\/szkolenia-udt.pl\/sv\/kursy\/uprawnienia-udt-tdt-wdt\/wozki-widlowe\/\">kurs f\u00f6r gaffeltruckar<\/a> inneh\u00e5ller inslag av teori och praktiska \u00f6vningar f\u00f6r att f\u00f6rbereda deltagarna f\u00f6r deras arbete som utrustningsoperat\u00f6rer. Vi genomf\u00f6r ocks\u00e5 en UDT-kurs, som ger beh\u00f6righet fr\u00e5n Office of Technical Inspection.<\/p>\n<div style=\"float: left; padding-right: 10px;\"><div id=\"metaslider-id-396\" style=\"max-width: 300px;\" class=\"ml-slider-3-108-0 metaslider metaslider-flex metaslider-396 ml-slider ms-theme-default nav-hidden nav-hidden\" role=\"region\" aria-label=\"Gaffeltruckar\" data-height=\"225\" data-width=\"300\">\n    <div id=\"metaslider_container_396\">\n        <div id=\"metaslider_396\">\n            <ul class='slides'>\n                <li style=\"display: block; width: 100%;\" class=\"slide-400 ms-image\" aria-roledescription=\"slide\" data-date=\"2014-10-10 12:07:59\" data-filename=\"6260676228_3a0fdacf7d_o.jpg\" data-slide-type=\"image\"><img loading=\"lazy\" decoding=\"async\" src=\"https:\/\/szkolenia-udt.pl\/wp-content\/uploads\/2014\/10\/6260676228_3a0fdacf7d_o.jpg\" height=\"225\" width=\"300\" alt=\"Gaffeltruck\" class=\"slider-396 slide-400 msDefaultImage\" \/><\/li>\n                <li style=\"display: none; width: 100%;\" class=\"slide-577 ms-image\" aria-roledescription=\"slide\" data-date=\"2014-10-12 05:27:57\" data-filename=\"Szkolenia-w\u00f3zki-wid\u0142owe.jpg\" data-slide-type=\"image\"><img loading=\"lazy\" decoding=\"async\" src=\"https:\/\/szkolenia-udt.pl\/wp-content\/uploads\/2014\/10\/Szkolenia-w\u00f3zki-wid\u0142owe.jpg\" height=\"225\" width=\"300\" alt=\"Utbildning i gaffeltruckar\" class=\"slider-396 slide-577 msDefaultImage\" \/><\/li>\n                <li style=\"display: none; width: 100%;\" class=\"slide-578 ms-image\" aria-roledescription=\"slide\" data-date=\"2014-10-12 05:34:04\" data-filename=\"W\u00f3zki-wid\u0142owe-UDT.jpg\" data-slide-type=\"image\"><img loading=\"lazy\" decoding=\"async\" src=\"https:\/\/szkolenia-udt.pl\/wp-content\/uploads\/2014\/10\/W\u00f3zki-wid\u0142owe-UDT.jpg\" height=\"225\" width=\"300\" alt=\"\" class=\"slider-396 slide-578 msDefaultImage\" \/><\/li>\n                <li style=\"display: none; width: 100%;\" class=\"slide-1205 ms-image\" aria-roledescription=\"slide\" data-date=\"2014-11-17 21:31:17\" data-filename=\"wozki3a.jpg\" data-slide-type=\"image\"><img loading=\"lazy\" decoding=\"async\" src=\"https:\/\/szkolenia-udt.pl\/wp-content\/uploads\/2014\/11\/wozki3a.jpg\" height=\"225\" width=\"300\" alt=\"\" class=\"slider-396 slide-1205 msDefaultImage\" \/><\/li>\n                <li style=\"display: none; width: 100%;\" class=\"slide-1204 ms-image\" aria-roledescription=\"slide\" data-date=\"2014-11-17 21:31:16\" data-filename=\"wozki2a.jpg\" data-slide-type=\"image\"><img loading=\"lazy\" decoding=\"async\" src=\"https:\/\/szkolenia-udt.pl\/wp-content\/uploads\/2014\/11\/wozki2a.jpg\" height=\"225\" width=\"300\" alt=\"\" class=\"slider-396 slide-1204 msDefaultImage\" \/><\/li>\n            <\/ul>\n        <\/div>\n        \n    <\/div>\n<\/div><\/div>\n<p><a href=\"https:\/\/szkolenia-udt.pl\/sv\/oferta\/\">Pris<\/a> Priset beror p\u00e5 antalet deltagare och vi erbjuder attraktiva rabatter f\u00f6r st\u00f6rre grupper. Utbildningen genomf\u00f6rs p\u00e5 v\u00e5ra filialer i Warszawa, Krakow, Katowice och Bielsko-Bia\u0142a. Om det r\u00f6r sig om slutna grupper kan vi ocks\u00e5 resa till kunden. Du \u00e4r v\u00e4lkommen!<\/p>\n<\/div>","protected":false},"excerpt":{"rendered":"<p>W\u00f3zki wid\u0142owe, w\u00f3zki jezdniowe czy widlaki to ko\u0142owe pojazdy mechaniczne z nap\u0119dami silnikowymi, kt\u00f3re znajduj\u0105 szerokie zastosowanie w transporcie bliskim oraz w magazynach, halach fabrycznych, portach. W u\u017cyciu znajduje si\u0119 wiele r\u00f3\u017cnych typ\u00f3w w\u00f3zk\u00f3w przystosowanych do przewozu \u0142adunk\u00f3w nawet do kilkudziesi\u0119ciu ton. Aby obs\u0142ugiwa\u0107 urz\u0105dzenia, potrzebny jest kurs na w\u00f3zek wid\u0142owy. Nadawane s\u0105 tak\u017ce uprawnienia [&hellip;]<\/p>\n","protected":false},"author":3,"featured_media":0,"parent":69,"menu_order":0,"comment_status":"closed","ping_status":"closed","template":"","meta":{"footnotes":""},"class_list":["post-61","page","type-page","status-publish","hentry"],"aioseo_notices":[],"_links":{"self":[{"href":"https:\/\/szkolenia-udt.pl\/sv\/wp-json\/wp\/v2\/pages\/61","targetHints":{"allow":["GET"]}}],"collection":[{"href":"https:\/\/szkolenia-udt.pl\/sv\/wp-json\/wp\/v2\/pages"}],"about":[{"href":"https:\/\/szkolenia-udt.pl\/sv\/wp-json\/wp\/v2\/types\/page"}],"author":[{"embeddable":true,"href":"https:\/\/szkolenia-udt.pl\/sv\/wp-json\/wp\/v2\/users\/3"}],"replies":[{"embeddable":true,"href":"https:\/\/szkolenia-udt.pl\/sv\/wp-json\/wp\/v2\/comments?post=61"}],"version-history":[{"count":7,"href":"https:\/\/szkolenia-udt.pl\/sv\/wp-json\/wp\/v2\/pages\/61\/revisions"}],"predecessor-version":[{"id":1706,"href":"https:\/\/szkolenia-udt.pl\/sv\/wp-json\/wp\/v2\/pages\/61\/revisions\/1706"}],"up":[{"embeddable":true,"href":"https:\/\/szkolenia-udt.pl\/sv\/wp-json\/wp\/v2\/pages\/69"}],"wp:attachment":[{"href":"https:\/\/szkolenia-udt.pl\/sv\/wp-json\/wp\/v2\/media?parent=61"}],"curies":[{"name":"wp","href":"https:\/\/api.w.org\/{rel}","templated":true}]}}