{"id":63,"date":"2014-10-07T16:28:55","date_gmt":"2014-10-07T16:28:55","guid":{"rendered":"http:\/\/szkolenia-udt.pl\/?page_id=63"},"modified":"2021-06-27T22:15:27","modified_gmt":"2021-06-27T22:15:27","slug":"godshissar","status":"publish","type":"page","link":"https:\/\/szkolenia-udt.pl\/sv\/dzwignice\/wyciagi-towarowe\/","title":{"rendered":"Varuhissar"},"content":{"rendered":"<div style=\"float: left; padding-right: 10px;\"><div id=\"metaslider-id-1448\" style=\"max-width: 300px;\" class=\"ml-slider-3-107-0 metaslider metaslider-flex metaslider-1448 ml-slider ms-theme-default nav-hidden\" role=\"region\" aria-label=\"Varuhissar\" data-height=\"225\" data-width=\"300\">\n    <div id=\"metaslider_container_1448\">\n        <div id=\"metaslider_1448\">\n            <ul class='slides'>\n                <li style=\"display: block; width: 100%;\" class=\"slide-1447 ms-image\" aria-roledescription=\"slide\" data-date=\"2015-07-11 16:47:57\" data-filename=\"reswyciag_Junior_Bau_Beladung_01.jpg\" data-slide-type=\"image\"><img loading=\"lazy\" decoding=\"async\" src=\"https:\/\/szkolenia-udt.pl\/wp-content\/uploads\/2015\/07\/reswyciag_Junior_Bau_Beladung_01.jpg\" height=\"225\" width=\"300\" alt=\"\" class=\"slider-1448 slide-1447 msDefaultImage\" \/><\/li>\n                <li style=\"display: none; width: 100%;\" class=\"slide-1446 ms-image\" aria-roledescription=\"slide\" data-date=\"2015-07-11 16:47:56\" data-filename=\"reswyciag_f5a7f60b6a.jpg\" data-slide-type=\"image\"><img loading=\"lazy\" decoding=\"async\" src=\"https:\/\/szkolenia-udt.pl\/wp-content\/uploads\/2015\/07\/reswyciag_f5a7f60b6a.jpg\" height=\"225\" width=\"300\" alt=\"\" class=\"slider-1448 slide-1446 msDefaultImage\" \/><\/li>\n                <li style=\"display: none; width: 100%;\" class=\"slide-1445 ms-image\" aria-roledescription=\"slide\" data-date=\"2015-07-11 16:47:55\" data-filename=\"reswyciag_d91a2cec0e.jpg\" data-slide-type=\"image\"><img loading=\"lazy\" decoding=\"async\" src=\"https:\/\/szkolenia-udt.pl\/wp-content\/uploads\/2015\/07\/reswyciag_d91a2cec0e.jpg\" height=\"225\" width=\"300\" alt=\"\" class=\"slider-1448 slide-1445 msDefaultImage\" \/><\/li>\n                <li style=\"display: none; width: 100%;\" class=\"slide-1444 ms-image\" aria-roledescription=\"slide\" data-date=\"2015-07-11 16:47:55\" data-filename=\"reswyciag_a02794910f.jpg\" data-slide-type=\"image\"><img loading=\"lazy\" decoding=\"async\" src=\"https:\/\/szkolenia-udt.pl\/wp-content\/uploads\/2015\/07\/reswyciag_a02794910f.jpg\" height=\"225\" width=\"300\" alt=\"\" class=\"slider-1448 slide-1444 msDefaultImage\" \/><\/li>\n                <li style=\"display: none; width: 100%;\" class=\"slide-1443 ms-image\" aria-roledescription=\"slide\" data-date=\"2015-07-11 16:47:54\" data-filename=\"reswyciag_91de282e83.jpg\" data-slide-type=\"image\"><img loading=\"lazy\" decoding=\"async\" src=\"https:\/\/szkolenia-udt.pl\/wp-content\/uploads\/2015\/07\/reswyciag_91de282e83.jpg\" height=\"225\" width=\"300\" alt=\"\" class=\"slider-1448 slide-1443 msDefaultImage\" \/><\/li>\n                <li style=\"display: none; width: 100%;\" class=\"slide-1442 ms-image\" aria-roledescription=\"slide\" data-date=\"2015-07-11 16:47:53\" data-filename=\"reswyciag_9d4b99f161.jpg\" data-slide-type=\"image\"><img loading=\"lazy\" decoding=\"async\" src=\"https:\/\/szkolenia-udt.pl\/wp-content\/uploads\/2015\/07\/reswyciag_9d4b99f161.jpg\" height=\"225\" width=\"300\" alt=\"\" class=\"slider-1448 slide-1442 msDefaultImage\" \/><\/li>\n            <\/ul>\n        <\/div>\n        \n    <\/div>\n<\/div><\/div>\n<div class=\"wyjustuj\">\n<p>Lasthissar (stegar, skopor) kallas kranar som \u00e4r konstruerade med en lastbas placerad p\u00e5 styrningar. Lyftarna \u00e4r konstruerade f\u00f6r att styra lasten i ett lutande l\u00e4ge med hj\u00e4lp av kedjor eller rep. N\u00e4r det g\u00e4ller konstruktionen liknar anordningarna stegar. De f\u00e4sts oftast p\u00e5 taket till en byggnad eller annan byggnadsdel, med den andra \u00e4nden placerad p\u00e5 marken. Laster, t.ex. byggmaterial, flyttas till h\u00f6gre niv\u00e5er p\u00e5 den plattform som konstruerats p\u00e5 detta s\u00e4tt. Utrustningen \u00e4r f\u00f6rem\u00e5l f\u00f6r teknisk \u00f6vervakning.<\/p>\n<p><strong>Lasthissar \u00e4r indelade i:<\/strong><\/p>\n<ul>\n<li>rep - kopplingen \u00e4r i form av ett rep<\/li>\n<li>kedja - l\u00e4nken \u00e4r i form av en kedja<\/li>\n<\/ul>\n<p>F\u00f6r att f\u00e5 anv\u00e4nda utrustningen kr\u00e4vs ett godslyfttillst\u00e5nd som beviljats av Office of Technical Inspection.<\/p>\n<p>I v\u00e5r <a href=\"https:\/\/szkolenia-udt.pl\/sv\/o-firmie\/\">Centrum f\u00f6r utbildning av operat\u00f6rer<\/a> kan du prenumerera p\u00e5 <a href=\"https:\/\/szkolenia-udt.pl\/sv\/kursy\/uprawnienia-udt-tdt-wdt\/wyciagi-towarowe\/\">kurs f\u00f6r godslyftar<\/a>. Du kommer att f\u00e5 teoretisk utbildning och delta i praktiska \u00f6vningar f\u00f6r att f\u00f6rbereda dig f\u00f6r att anv\u00e4nda utrustningen. Efter avslutad utbildning g\u00f6r deltagarna ett prov inf\u00f6r en UDT-kommission.<\/p>\n<p>Vi h\u00e5ller kurser f\u00f6r organiserade grupper och enskilda personer i Warszawa, Krakow, Bielsko-Bia\u0142a och Katowice. Vi har m\u00f6jlighet att resa till kunder i hela Polen. Ni \u00e4r hj\u00e4rtligt v\u00e4lkomna!<\/p>\n<\/div>","protected":false},"excerpt":{"rendered":"<p>Wyci\u0105gami towarowymi (drabinami, skipami) nazywamy urz\u0105dzenia d\u017awignicowe, kt\u00f3re s\u0105 zbudowane z podstawy \u0142adunkowej umieszczonej na prowadnicach. Wyci\u0105gi s\u0105 przystosowane do prowadzenia \u0142adunk\u00f3w pochy\u0142o z u\u017cyciem ci\u0119gnik\u00f3w \u0142a\u0144cuchowych lub linowych. Pod wzgl\u0119dem budowy urz\u0105dzenia przypominaj\u0105 drabiny. Najcz\u0119\u015bciej mocowane s\u0105 do dachu budynku lub innego jego elementu, a drugi koniec umieszczany jest na ziemi. Po tak skonstruowanej [&hellip;]<\/p>\n","protected":false},"author":3,"featured_media":0,"parent":69,"menu_order":0,"comment_status":"closed","ping_status":"closed","template":"","meta":{"footnotes":""},"class_list":["post-63","page","type-page","status-publish","hentry"],"aioseo_notices":[],"_links":{"self":[{"href":"https:\/\/szkolenia-udt.pl\/sv\/wp-json\/wp\/v2\/pages\/63","targetHints":{"allow":["GET"]}}],"collection":[{"href":"https:\/\/szkolenia-udt.pl\/sv\/wp-json\/wp\/v2\/pages"}],"about":[{"href":"https:\/\/szkolenia-udt.pl\/sv\/wp-json\/wp\/v2\/types\/page"}],"author":[{"embeddable":true,"href":"https:\/\/szkolenia-udt.pl\/sv\/wp-json\/wp\/v2\/users\/3"}],"replies":[{"embeddable":true,"href":"https:\/\/szkolenia-udt.pl\/sv\/wp-json\/wp\/v2\/comments?post=63"}],"version-history":[{"count":7,"href":"https:\/\/szkolenia-udt.pl\/sv\/wp-json\/wp\/v2\/pages\/63\/revisions"}],"predecessor-version":[{"id":2232,"href":"https:\/\/szkolenia-udt.pl\/sv\/wp-json\/wp\/v2\/pages\/63\/revisions\/2232"}],"up":[{"embeddable":true,"href":"https:\/\/szkolenia-udt.pl\/sv\/wp-json\/wp\/v2\/pages\/69"}],"wp:attachment":[{"href":"https:\/\/szkolenia-udt.pl\/sv\/wp-json\/wp\/v2\/media?parent=63"}],"curies":[{"name":"wp","href":"https:\/\/api.w.org\/{rel}","templated":true}]}}