{"id":65,"date":"2014-10-07T16:29:21","date_gmt":"2014-10-07T16:29:21","guid":{"rendered":"http:\/\/szkolenia-udt.pl\/?page_id=65"},"modified":"2016-07-06T17:50:40","modified_gmt":"2016-07-06T17:50:40","slug":"inskrankningar","status":"publish","type":"page","link":"https:\/\/szkolenia-udt.pl\/sv\/dzwignice\/zwyzki\/","title":{"rendered":"\u00d6kar"},"content":{"rendered":"<div style=\"float: left; padding-right: 10px;\"><div id=\"metaslider-id-694\" style=\"max-width: 300px;\" class=\"ml-slider-3-107-0 metaslider metaslider-flex metaslider-694 ml-slider ms-theme-default nav-hidden\" role=\"region\" aria-label=\"\u00d6kar\" data-height=\"225\" data-width=\"300\">\n    <div id=\"metaslider_container_694\">\n        <div id=\"metaslider_694\">\n            <ul class='slides'>\n                <li style=\"display: block; width: 100%;\" class=\"slide-657 ms-image\" aria-roledescription=\"slide\" data-date=\"2014-10-12 10:19:28\" data-filename=\"Uprawnienia-udt.jpg\" data-slide-type=\"image\"><img loading=\"lazy\" decoding=\"async\" src=\"https:\/\/szkolenia-udt.pl\/wp-content\/uploads\/2014\/10\/Uprawnienia-udt.jpg\" height=\"225\" width=\"300\" alt=\"\" class=\"slider-694 slide-657 msDefaultImage\" \/><\/li>\n                <li style=\"display: none; width: 100%;\" class=\"slide-589 ms-image\" aria-roledescription=\"slide\" data-date=\"2014-10-12 05:43:39\" data-filename=\"Kursy-szkolenia.jpg\" data-slide-type=\"image\"><img loading=\"lazy\" decoding=\"async\" src=\"https:\/\/szkolenia-udt.pl\/wp-content\/uploads\/2014\/10\/Kursy-szkolenia.jpg\" height=\"225\" width=\"300\" alt=\"\" class=\"slider-694 slide-589 msDefaultImage\" \/><\/li>\n                <li style=\"display: none; width: 100%;\" class=\"slide-656 ms-image\" aria-roledescription=\"slide\" data-date=\"2014-10-12 10:19:27\" data-filename=\"kursy-Platformy-no\u017cycowe.jpg\" data-slide-type=\"image\"><img loading=\"lazy\" decoding=\"async\" src=\"https:\/\/szkolenia-udt.pl\/wp-content\/uploads\/2014\/10\/kursy-Platformy-no\u017cycowe.jpg\" height=\"225\" width=\"300\" alt=\"Utbildning och kurser Bommar\" class=\"slider-694 slide-656 msDefaultImage\" \/><\/li>\n                <li style=\"display: none; width: 100%;\" class=\"slide-590 ms-image\" aria-roledescription=\"slide\" data-date=\"2014-10-12 05:43:40\" data-filename=\"Kursy-szkolenia-OSO1.jpg\" data-slide-type=\"image\"><img loading=\"lazy\" decoding=\"async\" src=\"https:\/\/szkolenia-udt.pl\/wp-content\/uploads\/2014\/10\/Kursy-szkolenia-OSO1.jpg\" height=\"225\" width=\"300\" alt=\"Utbildningscenter f\u00f6r operat\u00f6rer Warszawa\" class=\"slider-694 slide-590 msDefaultImage\" \/><\/li>\n                <li style=\"display: none; width: 100%;\" class=\"slide-696 ms-image\" aria-roledescription=\"slide\" data-date=\"2014-10-12 11:19:03\" data-filename=\"Kursy-Zwy\u017cki.jpg\" data-slide-type=\"image\"><img loading=\"lazy\" decoding=\"async\" src=\"https:\/\/szkolenia-udt.pl\/wp-content\/uploads\/2014\/10\/Kursy-Zwy\u017cki.jpg\" height=\"225\" width=\"300\" alt=\"\" class=\"slider-694 slide-696 msDefaultImage\" \/><\/li>\n            <\/ul>\n        <\/div>\n        \n    <\/div>\n<\/div><\/div>\n<div class=\"wyjustuj\">Arbetsplattformar \u00e4r anordningar som faller inom kategorin mobila plattformar. Termen anv\u00e4nds fr\u00e4mst f\u00f6r att beskriva arbetsplattformar, men namnet anv\u00e4nds ocks\u00e5 f\u00f6r att beskriva enheter som saxliftar, som skiljer sig \u00e5t i sin konstruktion. Alla \u00e4r f\u00f6rem\u00e5l f\u00f6r teknisk \u00f6vervakning, och d\u00e4rf\u00f6r kr\u00e4vs det en licens f\u00f6r bomliftar utf\u00e4rdad av Office of Technical Inspection f\u00f6r att f\u00e5 anv\u00e4nda dem.En bomlift \u00e4r en teknisk anordning som \u00e4r avsedd f\u00f6r att lyfta laster till \u00f6nskad h\u00f6jd p\u00e5 arbetsplatser och inom byggnation, lagring, materialhantering, montering, dekoration, underh\u00e5ll av gr\u00f6nomr\u00e5den och andra typer av arbeten. Utrustningen \u00e4r indelad i station\u00e4r - arbetar p\u00e5 en best\u00e4md plats och mobil - kan r\u00f6ra sig.<\/p>\n<p>Vi inbjuder dig att <a href=\"https:\/\/szkolenia-udt.pl\/sv\/kursy\/uprawnienia-udt-tdt-wdt\/podnosniki-koszowe\/\">kurs f\u00f6r h\u00f6gh\u00f6jdsbanor<\/a> till OSO. Hos oss f\u00e5r du de kvalifikationer som kr\u00e4vs och kan b\u00f6rja arbeta som operat\u00f6r av utrustningen. Kursen f\u00f6r bomlift inneh\u00e5ller teori om hur man anv\u00e4nder utrustningen och praktiska \u00f6vningar. Utbildningen avslutas med ett prov inf\u00f6r UDT-kommissionen. <a href=\"https:\/\/szkolenia-udt.pl\/sv\/oferta\/\">Pris<\/a> klasserna \u00e4r beroende av antalet deltagare. Vi tr\u00e4nar i st\u00e4derna: Warszawa, Krakow, Bielsko-Biala, Katowice och vi reser till kunder \u00f6ver hela landet. Du \u00e4r hj\u00e4rtligt v\u00e4lkommen!<\/p>\n<\/div>","protected":false},"excerpt":{"rendered":"<p>Zwy\u017cki to urz\u0105dzenia zaliczane do kategorii podest\u00f3w ruchomych. Tym terminem okre\u015bla si\u0119 przede wszystkim podno\u015bniki koszowe, ale r\u00f3wnie\u017c nazwa ta stosowana jest w celu opisu urz\u0105dze\u0144 takich jak podno\u015bniki no\u017cycowe r\u00f3\u017cni\u0105ce si\u0119 od nich swoj\u0105 konstrukcj\u0105. Wszystkie podlegaj\u0105 dozorowi technicznemu, dlatego do ich obs\u0142ugiwania potrzebne s\u0105 uprawnienia na zwy\u017cki nadane przez Urz\u0105d Dozoru Technicznego.Zwy\u017cka to [&hellip;]<\/p>\n","protected":false},"author":3,"featured_media":0,"parent":69,"menu_order":0,"comment_status":"closed","ping_status":"closed","template":"","meta":{"footnotes":""},"class_list":["post-65","page","type-page","status-publish","hentry"],"aioseo_notices":[],"_links":{"self":[{"href":"https:\/\/szkolenia-udt.pl\/sv\/wp-json\/wp\/v2\/pages\/65","targetHints":{"allow":["GET"]}}],"collection":[{"href":"https:\/\/szkolenia-udt.pl\/sv\/wp-json\/wp\/v2\/pages"}],"about":[{"href":"https:\/\/szkolenia-udt.pl\/sv\/wp-json\/wp\/v2\/types\/page"}],"author":[{"embeddable":true,"href":"https:\/\/szkolenia-udt.pl\/sv\/wp-json\/wp\/v2\/users\/3"}],"replies":[{"embeddable":true,"href":"https:\/\/szkolenia-udt.pl\/sv\/wp-json\/wp\/v2\/comments?post=65"}],"version-history":[{"count":6,"href":"https:\/\/szkolenia-udt.pl\/sv\/wp-json\/wp\/v2\/pages\/65\/revisions"}],"predecessor-version":[{"id":1718,"href":"https:\/\/szkolenia-udt.pl\/sv\/wp-json\/wp\/v2\/pages\/65\/revisions\/1718"}],"up":[{"embeddable":true,"href":"https:\/\/szkolenia-udt.pl\/sv\/wp-json\/wp\/v2\/pages\/69"}],"wp:attachment":[{"href":"https:\/\/szkolenia-udt.pl\/sv\/wp-json\/wp\/v2\/media?parent=65"}],"curies":[{"name":"wp","href":"https:\/\/api.w.org\/{rel}","templated":true}]}}