{"id":69,"date":"2014-10-07T16:51:07","date_gmt":"2014-10-07T16:51:07","guid":{"rendered":"http:\/\/szkolenia-udt.pl\/?page_id=69"},"modified":"2022-10-18T23:47:15","modified_gmt":"2022-10-18T21:47:15","slug":"kranar-4","status":"publish","type":"page","link":"https:\/\/szkolenia-udt.pl\/sv\/dzwignice\/","title":{"rendered":"Kranar"},"content":{"rendered":"<p>Utrustning f\u00f6r vilken det kr\u00e4vs ett UDT-tillst\u00e5nd av operat\u00f6ren:<\/p>\n<ul>\n<li><a href=\"\/sv\/kranar-4\/kranar-3\/\">Kranar<\/a><\/li>\n<li><a href=\"\/sv\/kranar-4\/lankade-kranar\/\">Rep rep kranar<\/a><\/li>\n<li><a href=\"\/sv\/kranar-4\/teleskoplastare-med-variabel-hojd\/\">Teleskoplastare<\/a><\/li>\n<li><a href=\"\/sv\/kranar-4\/saxplattformar\/\">Saxplattformar<\/a><\/li>\n<li><a href=\"\/sv\/kranar-4\/mobila-lyftar\/\">Hissar<\/a><\/li>\n<li><a href=\"\/sv\/kranar-4\/kranar\/\">Kranar<\/a><\/li>\n<li><a href=\"\/sv\/kranar-4\/staplare\/\">Staplingskranar<\/a><\/li>\n<li><a href=\"\/sv\/kranar-4\/utrustning-for-containerhantering\/\">Utrustning f\u00f6r containerhantering<\/a><\/li>\n<li><a href=\"\/sv\/kranar-4\/gaffeltruckar-3\/\">Gaffeltruckar - industritruckar<\/a><\/li>\n<li><a href=\"\/sv\/kranar-4\/godshissar\/\">Varuhissar<\/a><\/li>\n<li><a href=\"\/sv\/kranar-4\/kranar-2\/\">Kranar<\/a><\/li>\n<li><a href=\"\/sv\/kranar-4\/inskrankningar\/\">\u00d6kar<\/a><\/li>\n<\/ul>","protected":false},"excerpt":{"rendered":"<p>Utrustning f\u00f6r vilken det kr\u00e4vs tillst\u00e5nd fr\u00e5n operat\u00f6ren: Kranar Linotor-kranar Teleskoplastare Saxplattformar Kranar \u00d6verliggande kranar Stapelkranar Utrustning f\u00f6r hantering av containrar Gaffeltruckar - mobilkranar Lasthissar Kranar Boomliftar<\/p>","protected":false},"author":3,"featured_media":0,"parent":0,"menu_order":6,"comment_status":"closed","ping_status":"closed","template":"","meta":{"footnotes":""},"class_list":["post-69","page","type-page","status-publish","hentry"],"aioseo_notices":[],"_links":{"self":[{"href":"https:\/\/szkolenia-udt.pl\/sv\/wp-json\/wp\/v2\/pages\/69","targetHints":{"allow":["GET"]}}],"collection":[{"href":"https:\/\/szkolenia-udt.pl\/sv\/wp-json\/wp\/v2\/pages"}],"about":[{"href":"https:\/\/szkolenia-udt.pl\/sv\/wp-json\/wp\/v2\/types\/page"}],"author":[{"embeddable":true,"href":"https:\/\/szkolenia-udt.pl\/sv\/wp-json\/wp\/v2\/users\/3"}],"replies":[{"embeddable":true,"href":"https:\/\/szkolenia-udt.pl\/sv\/wp-json\/wp\/v2\/comments?post=69"}],"version-history":[{"count":19,"href":"https:\/\/szkolenia-udt.pl\/sv\/wp-json\/wp\/v2\/pages\/69\/revisions"}],"predecessor-version":[{"id":1467,"href":"https:\/\/szkolenia-udt.pl\/sv\/wp-json\/wp\/v2\/pages\/69\/revisions\/1467"}],"wp:attachment":[{"href":"https:\/\/szkolenia-udt.pl\/sv\/wp-json\/wp\/v2\/media?parent=69"}],"curies":[{"name":"wp","href":"https:\/\/api.w.org\/{rel}","templated":true}]}}