{"id":72,"date":"2014-10-07T16:53:49","date_gmt":"2014-10-07T16:53:49","guid":{"rendered":"http:\/\/szkolenia-udt.pl\/?page_id=72"},"modified":"2021-06-27T22:15:03","modified_gmt":"2021-06-27T22:15:03","slug":"kranar-2","status":"publish","type":"page","link":"https:\/\/szkolenia-udt.pl\/sv\/dzwignice\/zurawie\/","title":{"rendered":"Kranar"},"content":{"rendered":"<div style=\"float: left; padding-right: 10px;\"><div id=\"metaslider-id-692\" style=\"max-width: 300px;\" class=\"ml-slider-3-108-0 metaslider metaslider-flex metaslider-692 ml-slider ms-theme-default nav-hidden\" role=\"region\" aria-label=\"Kran\" data-height=\"225\" data-width=\"300\">\n    <div id=\"metaslider_container_692\">\n        <div id=\"metaslider_692\">\n            <ul class='slides'>\n                <li style=\"display: block; width: 100%;\" class=\"slide-647 ms-image\" aria-roledescription=\"slide\" data-date=\"2014-10-12 09:52:02\" data-filename=\"O\u015brodek-Szkolenia-Operator\u00f3w.jpg\" data-slide-type=\"image\"><img loading=\"lazy\" decoding=\"async\" src=\"https:\/\/szkolenia-udt.pl\/wp-content\/uploads\/2014\/10\/O\u015brodek-Szkolenia-Operator\u00f3w.jpg\" height=\"225\" width=\"300\" alt=\"\" class=\"slider-692 slide-647 msDefaultImage\" \/><\/li>\n                <li style=\"display: none; width: 100%;\" class=\"slide-646 ms-image\" aria-roledescription=\"slide\" data-date=\"2014-10-12 09:52:01\" data-filename=\"Operator-D\u017awig.jpg\" data-slide-type=\"image\"><img loading=\"lazy\" decoding=\"async\" src=\"https:\/\/szkolenia-udt.pl\/wp-content\/uploads\/2014\/10\/Operator-D\u017awig.jpg\" height=\"225\" width=\"300\" alt=\"\" class=\"slider-692 slide-646 msDefaultImage\" \/><\/li>\n                <li style=\"display: none; width: 100%;\" class=\"slide-643 ms-image\" aria-roledescription=\"slide\" data-date=\"2014-10-12 09:51:58\" data-filename=\"D\u017awig.jpg\" data-slide-type=\"image\"><img loading=\"lazy\" decoding=\"async\" src=\"https:\/\/szkolenia-udt.pl\/wp-content\/uploads\/2014\/10\/D\u017awig.jpg\" height=\"225\" width=\"300\" alt=\"\" class=\"slider-692 slide-643 msDefaultImage\" \/><\/li>\n                <li style=\"display: none; width: 100%;\" class=\"slide-649 ms-image\" aria-roledescription=\"slide\" data-date=\"2014-10-12 09:52:03\" data-filename=\"Szkolenie-d\u017awigi.jpg\" data-slide-type=\"image\"><img loading=\"lazy\" decoding=\"async\" src=\"https:\/\/szkolenia-udt.pl\/wp-content\/uploads\/2014\/10\/Szkolenie-d\u017awigi.jpg\" height=\"225\" width=\"300\" alt=\"Kranbana\" class=\"slider-692 slide-649 msDefaultImage\" \/><\/li>\n                <li style=\"display: none; width: 100%;\" class=\"slide-648 ms-image\" aria-roledescription=\"slide\" data-date=\"2014-10-12 09:52:02\" data-filename=\"szkolenia-d\u017awigi.jpg\" data-slide-type=\"image\"><img loading=\"lazy\" decoding=\"async\" src=\"https:\/\/szkolenia-udt.pl\/wp-content\/uploads\/2014\/10\/szkolenia-d\u017awigi.jpg\" height=\"225\" width=\"300\" alt=\"Utbildningscentrum f\u00f6r operat\u00f6rer\" class=\"slider-692 slide-648 msDefaultImage\" \/><\/li>\n            <\/ul>\n        <\/div>\n        \n    <\/div>\n<\/div><\/div>\n<div class=\"wyjustuj\">\n<p>Kranar (kranar) \u00e4r kranar som anv\u00e4nds s\u00e4rskilt i byggnadsarbete. Kranar best\u00e5r av en pelare och en bom, i allm\u00e4nhet teleskopisk, p\u00e5 vilken en l\u00e4nk \u00e4r monterad. All denna typ av utrustning \u00e4r f\u00f6rem\u00e5l f\u00f6r teknisk \u00f6vervakning och f\u00f6r att f\u00e5 anv\u00e4nda den kr\u00e4vs en kurs f\u00f6r kranf\u00f6rare och ett tillst\u00e5nd fr\u00e5n tekniska kontrollbyr\u00e5n (UDT).<\/p>\n<p><strong>Vi skiljer mellan f\u00f6ljande typer av utrustning:<\/strong><\/p>\n<ul>\n<li>torn - anv\u00e4nds fr\u00e4mst p\u00e5 byggarbetsplatser och finns som station\u00e4ra eller mobila p\u00e5 chassier med band eller p\u00e5 r\u00e4ls.<\/li>\n<li>Hamn eller varv - anv\u00e4nds f\u00f6r lastning och lossning av fartyg och f\u00f6r montering av flytande f\u00f6rem\u00e5l.<\/li>\n<li>Sj\u00e4lvg\u00e5ende - sj\u00e4lvg\u00e5ende fordon som \u00e4r monterade p\u00e5 ett lastbilschassi eller p\u00e5 s\u00e4rskilda sj\u00e4lvg\u00e5ende p\u00e5h\u00e4ngsvagnar och som anv\u00e4nds f\u00f6r monterings- eller hanteringsarbete.<\/li>\n<li>flytande - farkoster utrustade med kranar som anv\u00e4nds f\u00f6r arbete p\u00e5 \u00f6ppet vatten<\/li>\n<\/ul>\n<p><strong>N\u00e4r det g\u00e4ller UDT-r\u00e4ttigheter finns det olika kategorier:<\/strong><\/p>\n<ul>\n<li>II \u017b - mobil utrustning (kranbilar), b\u00e4rbar (t.ex. HDS), station\u00e4r utrustning<\/li>\n<li>I \u017b - tornutrustning (t.ex. byggnadsutrustning), snabbmonterade mobilkranar.<\/li>\n<\/ul>\n<p>Om du vill arbeta som <a href=\"https:\/\/szkolenia-udt.pl\/sv\/kursy\/uprawnienia-udt-tdt-wdt\/zurawie-wiezowe\/\">f\u00f6rare av tornkranar<\/a> kurs i v\u00e5r <a href=\"https:\/\/szkolenia-udt.pl\/sv\/o-firmie\/\">Centrum f\u00f6r utbildning av operat\u00f6rer<\/a> \u00e4r det b\u00e4sta valet f\u00f6r dig. Vi uppmuntrar dig att anm\u00e4la dig till en krankurs p\u00e5 v\u00e5ra kontor i Warszawa, Katowice, Krakow och Bielsko-Bia\u0142a, men vi kan ocks\u00e5 anordna kurser i hela Polen med resor till kunden. Avgifterna beror p\u00e5 antalet deltagare. Vi bjuder in dig att l\u00e4ra dig med v\u00e5rt centrum!<\/p>\n<\/div>","protected":false},"excerpt":{"rendered":"<p>\u017burawie (d\u017awigi) to urz\u0105dzenia d\u017awignicowe, kt\u00f3re stosowane s\u0105 w szczeg\u00f3lno\u015bci w pracach budowlanych. \u017burawie zbudowane s\u0105 z kolumny i wysi\u0119gnika, na og\u00f3\u0142 teleskopowego, na kt\u00f3rym zamontowany jest ci\u0119gnik. Wszystkie urz\u0105dzenia tego typu podlegaj\u0105 dozorowi technicznemu i do ich obs\u0142ugi potrzebny jest kurs operatora \u017curawia oraz uzyskanie uprawnie\u0144 UDT. Wyr\u00f3\u017cniamy nast\u0119puj\u0105ce rodzaje urz\u0105dze\u0144: wie\u017cowe \u2013 wykorzystywane [&hellip;]<\/p>\n","protected":false},"author":3,"featured_media":0,"parent":69,"menu_order":0,"comment_status":"closed","ping_status":"closed","template":"","meta":{"footnotes":""},"class_list":["post-72","page","type-page","status-publish","hentry"],"aioseo_notices":[],"_links":{"self":[{"href":"https:\/\/szkolenia-udt.pl\/sv\/wp-json\/wp\/v2\/pages\/72","targetHints":{"allow":["GET"]}}],"collection":[{"href":"https:\/\/szkolenia-udt.pl\/sv\/wp-json\/wp\/v2\/pages"}],"about":[{"href":"https:\/\/szkolenia-udt.pl\/sv\/wp-json\/wp\/v2\/types\/page"}],"author":[{"embeddable":true,"href":"https:\/\/szkolenia-udt.pl\/sv\/wp-json\/wp\/v2\/users\/3"}],"replies":[{"embeddable":true,"href":"https:\/\/szkolenia-udt.pl\/sv\/wp-json\/wp\/v2\/comments?post=72"}],"version-history":[{"count":7,"href":"https:\/\/szkolenia-udt.pl\/sv\/wp-json\/wp\/v2\/pages\/72\/revisions"}],"predecessor-version":[{"id":2231,"href":"https:\/\/szkolenia-udt.pl\/sv\/wp-json\/wp\/v2\/pages\/72\/revisions\/2231"}],"up":[{"embeddable":true,"href":"https:\/\/szkolenia-udt.pl\/sv\/wp-json\/wp\/v2\/pages\/69"}],"wp:attachment":[{"href":"https:\/\/szkolenia-udt.pl\/sv\/wp-json\/wp\/v2\/media?parent=72"}],"curies":[{"name":"wp","href":"https:\/\/api.w.org\/{rel}","templated":true}]}}