{"id":823,"date":"2014-11-01T21:28:35","date_gmt":"2014-11-01T21:28:35","guid":{"rendered":"http:\/\/szkolenia-udt.pl\/?page_id=823"},"modified":"2022-10-21T16:10:13","modified_gmt":"2022-10-21T14:10:13","slug":"kranar","status":"publish","type":"page","link":"https:\/\/szkolenia-udt.pl\/sv\/kursy\/suwnice\/","title":{"rendered":"Kranar"},"content":{"rendered":"<div class=\"wyjustuj\">\n<h2>Kurser om lyftkranar - Warszawa och hela Polen<\/h2>\n<div class=\"sliderpage\"><div id=\"metaslider-id-662\" style=\"max-width: 300px;\" class=\"ml-slider-3-107-0 metaslider metaslider-flex metaslider-662 ml-slider ms-theme-default nav-hidden\" role=\"region\" aria-label=\"Kranar\" data-height=\"225\" data-width=\"300\">\n    <div id=\"metaslider_container_662\">\n        <div id=\"metaslider_662\">\n            <ul class='slides'>\n                <li style=\"display: block; width: 100%;\" class=\"slide-1209 ms-image\" aria-roledescription=\"slide\" data-date=\"2014-11-17 21:42:15\" data-filename=\"suw1a.jpg\" data-slide-type=\"image\"><img loading=\"lazy\" decoding=\"async\" src=\"https:\/\/szkolenia-udt.pl\/wp-content\/uploads\/2014\/11\/suw1a.jpg\" height=\"225\" width=\"300\" alt=\"\" class=\"slider-662 slide-1209 msDefaultImage\" \/><\/li>\n            <\/ul>\n        <\/div>\n        \n    <\/div>\n<\/div><\/div>\n<p>Vill du skaffa kranlicenser utan att betala f\u00f6r mycket? Hos oss kan du f\u00e5 dem utan problem! W <a href=\"https:\/\/szkolenia-udt.pl\/sv\/o-firmie\/\">Centrum f\u00f6r utbildning av operat\u00f6rer<\/a> OSO vill att eleverna ska vara n\u00f6jda, och d\u00e4rf\u00f6r undervisar vi alltid p\u00e5 ett omfattande och professionellt s\u00e4tt och till \u00f6verkomliga priser.<\/p>\n<p>V\u00e5r krankurs \u00e4r utformad f\u00f6r alla som vill skaffa sig kvalifikationer och hitta ett jobb som kranf\u00f6rare. Vi genomf\u00f6r omfattande lektioner som omfattar ett brett spektrum av information och praktiska \u00f6vningar, s\u00e5 att vi professionellt f\u00f6rbereder dig f\u00f6r examen inf\u00f6r en kommission fr\u00e5n kontoret f\u00f6r teknisk inspektion, varefter deltagaren f\u00e5r ett tillst\u00e5nd f\u00f6r kranar.<\/p>\n<div class=\"filmw\">\n<div class=\"responsive-youtube\"><iframe loading=\"lazy\" title=\"YouTube-videospelare\" src=\"https:\/\/www.youtube.com\/embed\/EFy-SGiLltQ\" width=\"560\" height=\"315\" frameborder=\"0\" allowfullscreen=\"allowfullscreen\"><\/iframe><\/div>\n<\/div>\n<h2 class=\"boldnagl\">Kategorier av utrustningens operativa befogenheter enligt UDT:<\/h2>\n<ul>\n<li>II S - lyftkranar som man\u00f6vreras fr\u00e5n arbetsniv\u00e5n, vinschar och hissar i kategori II W, station\u00e4ra verkstadskranar.<\/li>\n<li>I S - utrustning som styrs fr\u00e5n f\u00f6rarhytten, vinschar och hissar i kategori I W och utrustning i kategori II S.<\/li>\n<\/ul>\n<p>Alla krankurser p\u00e5 v\u00e5rt center baseras p\u00e5 UDT:s krav och f\u00f6rbereds inneh\u00e5llsm\u00e4ssigt av v\u00e5ra kompetenta instrukt\u00f6rer.<\/p>\n<h2 class=\"boldnagl\">Varje krankurs behandlar f\u00f6ljande information som beh\u00f6vs f\u00f6r f\u00f6rarplatsen:<\/h2>\n<ul>\n<li>teknisk \u00f6vervakning av utrustning f\u00f6r kategori II S eller I S<\/li>\n<li>konstruktion och drift av utrustning<\/li>\n<li>operat\u00f6rens arbetsuppgifter p\u00e5 arbetsplatsen<\/li>\n<li>regler f\u00f6r h\u00e4lsa och s\u00e4kerhet<\/li>\n<li>praktiska \u00f6vningar<\/li>\n<\/ul>\n<p>N\u00e4r det g\u00e4ller lyftkranar \u00e4r v\u00e5r kurs inte bara rik p\u00e5 teori utan \u00e4ven p\u00e5 praktiska \u00f6vningar med utrustningen. Under dessa kan deltagarna till\u00e4mpa de kunskaper de har f\u00e5tt och l\u00e4ra sig att anv\u00e4nda utrustningen korrekt och s\u00e4kert p\u00e5 arbetsplatsen. Efter avslutad kurs avl\u00e4gger deltagarna ett prov, f\u00e5r ett intyg \u00f6ver avslutad kranutbildning och ett certifikat f\u00f6r att anv\u00e4nda utrustning i kategori II S eller I S utf\u00e4rdat av UDT.<\/p>\n<h2 class=\"boldnagl\">Krav<\/h2>\n<div class=\"sliderpageright\"><div id=\"metaslider-id-671\" style=\"max-width: 300px;\" class=\"ml-slider-3-107-0 metaslider metaslider-flex metaslider-671 ml-slider ms-theme-default nav-hidden nav-hidden\" role=\"region\" aria-label=\"Kranar2\" data-height=\"225\" data-width=\"300\">\n    <div id=\"metaslider_container_671\">\n        <div id=\"metaslider_671\">\n            <ul class='slides'>\n                <li style=\"display: block; width: 100%;\" class=\"slide-1995 ms-image\" aria-roledescription=\"slide\" data-date=\"2017-12-29 10:22:17\" data-filename=\"suwnica-5-252x189.jpg\" data-slide-type=\"image\"><img loading=\"lazy\" decoding=\"async\" src=\"https:\/\/szkolenia-udt.pl\/wp-content\/uploads\/2017\/12\/suwnica-5-252x189.jpg\" height=\"225\" width=\"300\" alt=\"\" class=\"slider-671 slide-1995 msDefaultImage\" \/><\/li>\n            <\/ul>\n        <\/div>\n        \n    <\/div>\n<\/div><\/div>\n<p>Krankursen \u00e4r avsedd f\u00f6r dem som uppfyller f\u00f6ljande krav:<\/p>\n<ul>\n<li>\u00e4r minst 18 \u00e5r gammal<\/li>\n<li>ha avslutat minst grundskolan<\/li>\n<li>inte har n\u00e5gra medicinska kontraindikationer f\u00f6r att arbeta som operat\u00f6r<\/li>\n<\/ul>\n<h2 class=\"boldnagl\">Pris<\/h2>\n<p>Om du vill anm\u00e4la dig till en krankurs kan du s\u00e4kert vara intresserad av priset p\u00e5 v\u00e5rt center. Priset beror p\u00e5 hur m\u00e5nga personer som deltar i kursen. Kranprov \u00e4r redan inkluderat i priset. F\u00f6r organiserade grupper fastst\u00e4ller vi kostnaderna individuellt och ber dig att. <a href=\"https:\/\/szkolenia-udt.pl\/sv\/kontakt\/\">kontakta oss<\/a> Ring eller mejla f\u00f6r mer information.<\/p>\n<h2 class=\"boldnagl\">Var \u00e4r vi verksamma?<\/h2>\n<p>Kurser om kranar genomf\u00f6rs p\u00e5 fyra platser i Polen och p\u00e5 platser som v\u00e5ra kunder anger fritt - vi kommer p\u00e5 plats i hela landet. V\u00e5rt centrums huvudkontor ligger i Warszawa, medan v\u00e5ra lokala filialer finns i Katowice, Krak\u00f3w och Bielsko-Bia\u0142a, d\u00e4r kurserna anordnas enligt det schema som finns p\u00e5 v\u00e5r webbplats.<\/p>\n<p>Om du har fr\u00e5gor om t.ex. krankursen, priset, var du ska ordna lektionerna, kontakta oss s\u00e5 f\u00f6rs\u00f6ker vi svara s\u00e5 snart som m\u00f6jligt.<\/p>\n<p>Du \u00e4r hj\u00e4rtligt inbjuden att bekanta dig med v\u00e5r <a href=\"https:\/\/szkolenia-udt.pl\/sv\/oferta\/\">fullst\u00e4ndigt erbjudande<\/a> och f\u00f6r att tr\u00e4na med oss!<\/p>\n<p><a href=\"https:\/\/szkolenia-udt.pl\/wp-content\/uploads\/2022\/01\/0031-oso-suwnice-ogolnego-i-specjalnego-przeznaczenia.jpg\"><img loading=\"lazy\" decoding=\"async\" class=\"aligncenter wp-image-2602 size-large\" src=\"https:\/\/szkolenia-udt.pl\/wp-content\/uploads\/2022\/01\/0031-oso-suwnice-ogolnego-i-specjalnego-przeznaczenia-1024x853.jpg\" alt=\"\" width=\"750\" height=\"625\" srcset=\"https:\/\/szkolenia-udt.pl\/wp-content\/uploads\/2022\/01\/0031-oso-suwnice-ogolnego-i-specjalnego-przeznaczenia-1024x853.jpg 1024w, https:\/\/szkolenia-udt.pl\/wp-content\/uploads\/2022\/01\/0031-oso-suwnice-ogolnego-i-specjalnego-przeznaczenia-300x250.jpg 300w, https:\/\/szkolenia-udt.pl\/wp-content\/uploads\/2022\/01\/0031-oso-suwnice-ogolnego-i-specjalnego-przeznaczenia-768x640.jpg 768w, https:\/\/szkolenia-udt.pl\/wp-content\/uploads\/2022\/01\/0031-oso-suwnice-ogolnego-i-specjalnego-przeznaczenia.jpg 1200w\" sizes=\"auto, (max-width: 750px) 100vw, 750px\" \/><\/a><\/p>\n<\/div>","protected":false},"excerpt":{"rendered":"<p>Kursy na suwnice &#8211; Warszawa i ca\u0142a Polska Chcesz bez przep\u0142acania zdoby\u0107 uprawnienia na suwnice? Z nami mo\u017cesz otrzyma\u0107 je bez problem\u00f3w! W O\u015brodku Szkolenia Operator\u00f3w OSO zale\u017cy nam na zadowoleniu kursant\u00f3w, dlatego uczymy zawsze kompleksowo, profesjonalnie i w przyst\u0119pnych cenach. Prowadzony przez nas kurs na suwnice jest przeznaczony dla ka\u017cdej osoby, kt\u00f3ra chcia\u0142aby otrzyma\u0107 [&hellip;]<\/p>\n","protected":false},"author":3,"featured_media":3424,"parent":22,"menu_order":10,"comment_status":"closed","ping_status":"closed","template":"","meta":{"footnotes":""},"class_list":["post-823","page","type-page","status-publish","has-post-thumbnail","hentry"],"aioseo_notices":[],"_links":{"self":[{"href":"https:\/\/szkolenia-udt.pl\/sv\/wp-json\/wp\/v2\/pages\/823","targetHints":{"allow":["GET"]}}],"collection":[{"href":"https:\/\/szkolenia-udt.pl\/sv\/wp-json\/wp\/v2\/pages"}],"about":[{"href":"https:\/\/szkolenia-udt.pl\/sv\/wp-json\/wp\/v2\/types\/page"}],"author":[{"embeddable":true,"href":"https:\/\/szkolenia-udt.pl\/sv\/wp-json\/wp\/v2\/users\/3"}],"replies":[{"embeddable":true,"href":"https:\/\/szkolenia-udt.pl\/sv\/wp-json\/wp\/v2\/comments?post=823"}],"version-history":[{"count":18,"href":"https:\/\/szkolenia-udt.pl\/sv\/wp-json\/wp\/v2\/pages\/823\/revisions"}],"predecessor-version":[{"id":3301,"href":"https:\/\/szkolenia-udt.pl\/sv\/wp-json\/wp\/v2\/pages\/823\/revisions\/3301"}],"up":[{"embeddable":true,"href":"https:\/\/szkolenia-udt.pl\/sv\/wp-json\/wp\/v2\/pages\/22"}],"wp:featuredmedia":[{"embeddable":true,"href":"https:\/\/szkolenia-udt.pl\/sv\/wp-json\/wp\/v2\/media\/3424"}],"wp:attachment":[{"href":"https:\/\/szkolenia-udt.pl\/sv\/wp-json\/wp\/v2\/media?parent=823"}],"curies":[{"name":"wp","href":"https:\/\/api.w.org\/{rel}","templated":true}]}}