{"id":847,"date":"2014-11-01T23:05:45","date_gmt":"2014-11-01T23:05:45","guid":{"rendered":"http:\/\/szkolenia-udt.pl\/?page_id=847"},"modified":"2021-07-19T22:11:08","modified_gmt":"2021-07-19T22:11:08","slug":"kranens-konstruktionselement","status":"publish","type":"page","link":"https:\/\/szkolenia-udt.pl\/sv\/kursy\/suwnice\/elementy-budowy-suwnicy\/","title":{"rendered":"Element av krankonstruktion"},"content":{"rendered":"<div style=\"float: left; padding-right: 10px;\"><div id=\"metaslider-id-1916\" style=\"max-width: 300px;\" class=\"ml-slider-3-108-0 metaslider metaslider-flex metaslider-1916 ml-slider ms-theme-default nav-hidden\" role=\"region\" aria-label=\"konstruktion av en kran\" data-height=\"225\" data-width=\"300\">\n    <div id=\"metaslider_container_1916\">\n        <div id=\"metaslider_1916\">\n            <ul class='slides'>\n                <li style=\"display: block; width: 100%;\" class=\"slide-1997 ms-image\" aria-roledescription=\"slide\" data-date=\"2017-12-29 10:24:02\" data-filename=\"suwnica-1-244x183.jpg\" data-slide-type=\"image\"><img loading=\"lazy\" decoding=\"async\" src=\"https:\/\/szkolenia-udt.pl\/wp-content\/uploads\/2017\/12\/suwnica-1-244x183.jpg\" height=\"225\" width=\"300\" alt=\"\" class=\"slider-1916 slide-1997 msDefaultImage\" \/><\/li>\n            <\/ul>\n        <\/div>\n        \n    <\/div>\n<\/div><\/div>\n<div class=\"wyjustuj\">\n<p>Kranar, klassificerade som kranar, \u00e4r anordningar som anv\u00e4nds f\u00f6r hantering av laster. De anv\u00e4nds f\u00f6r att lyfta, \u00f6verf\u00f6ra och s\u00e4nka laster med hj\u00e4lp av lyftanordningar eller lyftanordningar. Traverskranar \u00e4r anordningar som endast arbetar p\u00e5 en best\u00e4md bana - f\u00f6rflyttningen av laster utf\u00f6rs upp till kranens maximala h\u00f6jd och bredd.Alla som vill f\u00e5 en licens f\u00f6r traverskranar m\u00e5ste delta i en utbildningskurs, under vilken information om utrustningens konstruktion t\u00e4cks. \u00c4ven v\u00e5r <a href=\"https:\/\/szkolenia-udt.pl\/sv\/kursy\/suwnice\/\">Kranbana<\/a> Den ger exakt information om utrustningen och dess konstruktion. Utrustningens konstruktionselement kan delas in i mekaniska och elektriska. Vi har sammanst\u00e4llt en lista \u00f6ver komponenterna nedan.<\/p>\n<h2><strong>Mekaniska element:<\/strong><\/h2>\n<ul>\n<li>sp\u00e5r - buffertar och kammare<\/li>\n<li>konstruktion - l\u00f6phjul, propellrar, r\u00f6relsemekanismer, vindskydd, buffertar, gr\u00e4nsl\u00e4gesbrytare, stopptassar<\/li>\n<li>Bridge - I-balk med buffertar<\/li>\n<li>boggi - sinus- och pinjongv\u00e4xlar<\/li>\n<li>Lyftmekanism - kaross, drivmotor, l\u00e4nkage, kuggv\u00e4xel, linstyrningsring, lin- eller kedjetrumma, st\u00e4nger och buffertar med gr\u00e4nsl\u00e4gesbrytare, krokar och krokutrustning.<\/li>\n<\/ul>\n<h2><strong>Elektriska komponenter:<\/strong><\/h2>\n<ul>\n<li>anslutningar f\u00f6r kran och str\u00f6mf\u00f6rs\u00f6rjning<\/li>\n<li>distributions- och kontrollsk\u00e5p<\/li>\n<li>kontrollh\u00e4ngel.<\/li>\n<li>Trolls<\/li>\n<li>gr\u00e4nskopplare.<\/li>\n<\/ul>\n<p>Den popul\u00e4ra portmodellen \u00e4r till exempel byggd med ett d\u00e4ck placerat p\u00e5 sidobroar och tv\u00e5 eller flera portar. Portalmodeller \u00e4r baserade p\u00e5 fackverk med d\u00e4cket p\u00e5 skenor som h\u00e4nger fr\u00e5n taket i anl\u00e4ggningen. Band r\u00f6r sig p\u00e5 plattformarna.<\/p>\n<p>Utrustningen man\u00f6vreras fr\u00e5n trottoaren eller fr\u00e5n f\u00f6rarhytten, antingen tr\u00e5dl\u00f6st eller via kabel. F\u00f6raren kan flytta plattformen, l\u00e4nken och utl\u00f6sa r\u00f6relsen hos slingan med lasten, lyfta den till r\u00e4tt h\u00f6jd och flytta den till sin destination.<\/p>\n<p>Kunskap om konstruktion av traverskranar \u00e4r n\u00f6dv\u00e4ndig f\u00f6r alla som vill arbeta i en traverskranoperat\u00f6rsposition. Med v\u00e5ra kurser kan du enkelt f\u00e5 de UDT-beh\u00f6righeter som kr\u00e4vs f\u00f6r att g\u00f6ra det!<\/p>\n<\/div>","protected":false},"excerpt":{"rendered":"<p>Suwnice zaliczane do d\u017awignic s\u0105 urz\u0105dzeniami u\u017cywanymi w manipulacji \u0142adunkami. S\u0142u\u017c\u0105 do podnoszenia, przenoszenia oraz opuszczania \u0142adunk\u00f3w z u\u017cyciem wci\u0105garek lub wci\u0105gnik\u00f3w. Suwnice s\u0105 urz\u0105dzeniami obs\u0142uguj\u0105cym tylko wyznaczony tor jazdy \u2013 przemieszczanie \u0142adunk\u00f3w odbywa si\u0119 do maksymalnej wysoko\u015bci i szeroko\u015bci suwnicy.Wszyscy, kt\u00f3rzy chc\u0105 otrzyma\u0107 uprawnienia na suwnice, musz\u0105 wzi\u0105\u0107 udzia\u0142 w szkoleniu, podczas kt\u00f3rego poruszane [&hellip;]<\/p>\n","protected":false},"author":3,"featured_media":1996,"parent":823,"menu_order":0,"comment_status":"closed","ping_status":"closed","template":"","meta":{"footnotes":""},"class_list":["post-847","page","type-page","status-publish","has-post-thumbnail","hentry"],"aioseo_notices":[],"_links":{"self":[{"href":"https:\/\/szkolenia-udt.pl\/sv\/wp-json\/wp\/v2\/pages\/847","targetHints":{"allow":["GET"]}}],"collection":[{"href":"https:\/\/szkolenia-udt.pl\/sv\/wp-json\/wp\/v2\/pages"}],"about":[{"href":"https:\/\/szkolenia-udt.pl\/sv\/wp-json\/wp\/v2\/types\/page"}],"author":[{"embeddable":true,"href":"https:\/\/szkolenia-udt.pl\/sv\/wp-json\/wp\/v2\/users\/3"}],"replies":[{"embeddable":true,"href":"https:\/\/szkolenia-udt.pl\/sv\/wp-json\/wp\/v2\/comments?post=847"}],"version-history":[{"count":5,"href":"https:\/\/szkolenia-udt.pl\/sv\/wp-json\/wp\/v2\/pages\/847\/revisions"}],"predecessor-version":[{"id":2384,"href":"https:\/\/szkolenia-udt.pl\/sv\/wp-json\/wp\/v2\/pages\/847\/revisions\/2384"}],"up":[{"embeddable":true,"href":"https:\/\/szkolenia-udt.pl\/sv\/wp-json\/wp\/v2\/pages\/823"}],"wp:featuredmedia":[{"embeddable":true,"href":"https:\/\/szkolenia-udt.pl\/sv\/wp-json\/wp\/v2\/media\/1996"}],"wp:attachment":[{"href":"https:\/\/szkolenia-udt.pl\/sv\/wp-json\/wp\/v2\/media?parent=847"}],"curies":[{"name":"wp","href":"https:\/\/api.w.org\/{rel}","templated":true}]}}