{"id":851,"date":"2014-11-01T23:09:36","date_gmt":"2014-11-01T23:09:36","guid":{"rendered":"http:\/\/szkolenia-udt.pl\/?page_id=851"},"modified":"2021-07-15T00:18:06","modified_gmt":"2021-07-15T00:18:06","slug":"innan-arbetet-med-kranen-paborjas","status":"publish","type":"page","link":"https:\/\/szkolenia-udt.pl\/sv\/kursy\/suwnice\/przed-rozpoczeciem-pracy-z-suwnica\/","title":{"rendered":"Innan du arbetar med kranen"},"content":{"rendered":"<div style=\"float: left; padding-right: 10px;\"><div id=\"metaslider-id-662\" style=\"max-width: 300px;\" class=\"ml-slider-3-107-0 metaslider metaslider-flex metaslider-662 ml-slider ms-theme-default nav-hidden\" role=\"region\" aria-label=\"Kranar\" data-height=\"225\" data-width=\"300\">\n    <div id=\"metaslider_container_662\">\n        <div id=\"metaslider_662\">\n            <ul class='slides'>\n                <li style=\"display: block; width: 100%;\" class=\"slide-1209 ms-image\" aria-roledescription=\"slide\" data-date=\"2014-11-17 21:42:15\" data-filename=\"suw1a.jpg\" data-slide-type=\"image\"><img loading=\"lazy\" decoding=\"async\" src=\"https:\/\/szkolenia-udt.pl\/wp-content\/uploads\/2014\/11\/suw1a.jpg\" height=\"225\" width=\"300\" alt=\"\" class=\"slider-662 slide-1209 msDefaultImage\" \/><\/li>\n            <\/ul>\n        <\/div>\n        \n    <\/div>\n<\/div><\/div>\n<div class=\"wyjustuj\">\n<p>En korrekt f\u00f6rberedelse av arbetsplatsen kan avsev\u00e4rt minska risken f\u00f6r risker och olyckor. N\u00e4r man arbetar som kranf\u00f6rare \u00e4r det viktigt att k\u00e4nna till och f\u00f6lja h\u00e4lso- och s\u00e4kerhetsreglerna. Genom att v\u00e4lja v\u00e5r <a href=\"https:\/\/szkolenia-udt.pl\/sv\/kursy\/suwnice\/\">Kranbana<\/a>f\u00e5r du l\u00e4ra dig allt om hur du arbetar s\u00e4kert b\u00e5de f\u00f6re, under och efter anv\u00e4ndningen av utrustningen. I den h\u00e4r artikeln har vi inkluderat alla nyckelbegrepp som r\u00f6r h\u00e4lso- och s\u00e4kerhetsregler innan operat\u00f6ren b\u00f6rjar arbeta. det viktigaste i det h\u00e4r fallet \u00e4r inspektionerna - det \u00e4r dessa som g\u00f6r att du kan fastst\u00e4lla utrustningens skick, och p\u00e5 grundval av dessa inspektioner kan du utf\u00f6ra reparationer och underh\u00e5llsarbete n\u00e4r det beh\u00f6vs. En v\u00e4l f\u00f6rberedd arbetsplats \u00e4r inte bara viktig f\u00f6r operat\u00f6ren sj\u00e4lv, utan \u00e4ven f\u00f6r hans kollegor.<\/p>\n<p><strong>Innan du b\u00f6rjar arbeta:<\/strong><\/p>\n<ul>\n<li style=\"text-align: left;\">Kontrollera att den har ett giltigt UDT-beslut - utrustning utan giltiga UDT-beslut kan skadas och \u00f6ka faran vid anv\u00e4ndning.<\/li>\n<li style=\"text-align: left;\">komma ih\u00e5g att f\u00f6lja h\u00e4lso- och s\u00e4kerhetsreglerna p\u00e5 din arbetsplats, framf\u00f6r allt p\u00e5 grundval av dina arbetsinstruktioner<\/li>\n<li style=\"text-align: left;\">L\u00e4s bruksanvisningen f\u00f6r den apparat som du ska anv\u00e4nda f\u00f6r f\u00f6rsta g\u00e5ngen.<\/li>\n<li style=\"text-align: left;\">Anv\u00e4nd maskinen endast om du har ett krancertifikat.<\/li>\n<li style=\"text-align: left;\">Om du uppt\u00e4cker fel, l\u00e4ckage eller andra alarmerande tecken ska du stoppa utrustningen och anm\u00e4la detta till ansvariga personer.<\/li>\n<li style=\"text-align: left;\">l\u00e4sa de senaste uppgifterna i drifts-, underh\u00e5lls- eller godk\u00e4nnandeboken f\u00f6r utrustningen<\/li>\n<li style=\"text-align: left;\">Kontrollera apparatens omgivning, s\u00e4rskilt uppm\u00e4rksamma eventuella hinder i v\u00e4gen, ta bort dem eller meddela den ansvariga personen om du inte kan ta bort dem sj\u00e4lv.<\/li>\n<li style=\"text-align: left;\">informera de personer som arbetar i utrustningens n\u00e4rhet om att arbetet p\u00e5b\u00f6rjas<\/li>\n<li style=\"text-align: left;\">komma \u00f6verens om kommunikationssignaler med lyftslingans operat\u00f6r<\/li>\n<li style=\"text-align: left;\">Kontrollera lastens vikt och se om den motsvarar maskinens lastkapacitet.<\/li>\n<li style=\"text-align: left;\">f\u00f6rbereda en plats f\u00f6r att lagra lasten<\/li>\n<li style=\"text-align: left;\">utf\u00f6ra en inspektion av utrustningen - visuellt kontrollera dess effektivitet och nuvarande driftskondition, kontrollera s\u00e4kerhetskomponenternas och drivmekanismernas funktion under en provk\u00f6rning<\/li>\n<li style=\"text-align: left;\">g\u00f6ra en anteckning i loggboken eller annat dokument<\/li>\n<\/ul>\n<\/div>","protected":false},"excerpt":{"rendered":"<p>W\u0142a\u015bciwe przygotowanie stanowiska pracy jest w stanie zmniejszy\u0107 znacznie ryzyko zagro\u017ce\u0144 i wypadk\u00f3w. W pracy operatora suwnicy wa\u017cna jest znajomo\u015b\u0107 zasad BHP i ich przestrzeganie. Wybieraj\u0105c nasz kurs na suwnice, mo\u017cesz dowiedzie\u0107 si\u0119 wszystkiego na temat pracy bezpiecznej zar\u00f3wno przed jej rozpocz\u0119ciem, podczas, jak i po zako\u0144czeniu obs\u0142ugi urz\u0105dzenia. W tym artykule zawarli\u015bmy wszystkie kluczowe [&hellip;]<\/p>\n","protected":false},"author":3,"featured_media":0,"parent":823,"menu_order":0,"comment_status":"closed","ping_status":"closed","template":"","meta":{"footnotes":""},"class_list":["post-851","page","type-page","status-publish","hentry"],"aioseo_notices":[],"_links":{"self":[{"href":"https:\/\/szkolenia-udt.pl\/sv\/wp-json\/wp\/v2\/pages\/851","targetHints":{"allow":["GET"]}}],"collection":[{"href":"https:\/\/szkolenia-udt.pl\/sv\/wp-json\/wp\/v2\/pages"}],"about":[{"href":"https:\/\/szkolenia-udt.pl\/sv\/wp-json\/wp\/v2\/types\/page"}],"author":[{"embeddable":true,"href":"https:\/\/szkolenia-udt.pl\/sv\/wp-json\/wp\/v2\/users\/3"}],"replies":[{"embeddable":true,"href":"https:\/\/szkolenia-udt.pl\/sv\/wp-json\/wp\/v2\/comments?post=851"}],"version-history":[{"count":5,"href":"https:\/\/szkolenia-udt.pl\/sv\/wp-json\/wp\/v2\/pages\/851\/revisions"}],"predecessor-version":[{"id":2250,"href":"https:\/\/szkolenia-udt.pl\/sv\/wp-json\/wp\/v2\/pages\/851\/revisions\/2250"}],"up":[{"embeddable":true,"href":"https:\/\/szkolenia-udt.pl\/sv\/wp-json\/wp\/v2\/pages\/823"}],"wp:attachment":[{"href":"https:\/\/szkolenia-udt.pl\/sv\/wp-json\/wp\/v2\/media?parent=851"}],"curies":[{"name":"wp","href":"https:\/\/api.w.org\/{rel}","templated":true}]}}