{"id":858,"date":"2014-11-01T23:13:52","date_gmt":"2014-11-01T23:13:52","guid":{"rendered":"http:\/\/szkolenia-udt.pl\/?page_id=858"},"modified":"2021-07-15T00:18:55","modified_gmt":"2021-07-15T00:18:55","slug":"aktiviteter-vid-arbete-med-kranen","status":"publish","type":"page","link":"https:\/\/szkolenia-udt.pl\/sv\/kursy\/suwnice\/czynnosci-podczas-pracy-z-suwnica\/","title":{"rendered":"Aktiviteter vid arbete med kranen"},"content":{"rendered":"<div style=\"float: left; padding-right: 10px;\"><div id=\"metaslider-id-671\" style=\"max-width: 300px;\" class=\"ml-slider-3-108-0 metaslider metaslider-flex metaslider-671 ml-slider ms-theme-default nav-hidden\" role=\"region\" aria-label=\"Kranar2\" data-height=\"225\" data-width=\"300\">\n    <div id=\"metaslider_container_671\">\n        <div id=\"metaslider_671\">\n            <ul class='slides'>\n                <li style=\"display: block; width: 100%;\" class=\"slide-1995 ms-image\" aria-roledescription=\"slide\" data-date=\"2017-12-29 10:22:17\" data-filename=\"suwnica-5-252x189.jpg\" data-slide-type=\"image\"><img loading=\"lazy\" decoding=\"async\" src=\"https:\/\/szkolenia-udt.pl\/wp-content\/uploads\/2017\/12\/suwnica-5-252x189.jpg\" height=\"225\" width=\"300\" alt=\"\" class=\"slider-671 slide-1995 msDefaultImage\" \/><\/li>\n            <\/ul>\n        <\/div>\n        \n    <\/div>\n<\/div><\/div>\n<div class=\"wyjustuj\">\n<p>Kunskap om krandrift och h\u00e4lsa och s\u00e4kerhet \u00e4r avg\u00f6rande f\u00f6r befattningen som operat\u00f6r. Genom att v\u00e4lja v\u00e5ra <a href=\"https:\/\/szkolenia-udt.pl\/sv\/kursy\/suwnice\/\">Kranbana<\/a>f\u00e5r du n\u00f6dv\u00e4ndig information om hur du anv\u00e4nder utrustningen p\u00e5 ett s\u00e4kert s\u00e4tt och hur du minskar risken f\u00f6r faror och olyckor i arbetet.<\/p>\n<p><strong>H\u00e4r f\u00f6ljer de viktigaste ansvarsomr\u00e5dena f\u00f6r operat\u00f6ren under drift:<\/strong><\/p>\n<ul>\n<li style=\"text-align: left;\">operat\u00f6ren vid alla tillf\u00e4llen under drift ska kontrollera att maskinen fungerar korrekt<\/li>\n<li style=\"text-align: left;\">arbetet ska utf\u00f6ras med anv\u00e4ndning av personlig skyddsutrustning om arbetsgivaren s\u00e5 f\u00f6reskriver, t.ex. anv\u00e4ndning av skyddshj\u00e4lm<\/li>\n<li style=\"text-align: left;\">lasten m\u00e5ste alltid styras p\u00e5 ett s\u00e5dant s\u00e4tt att hela dess v\u00e4g kan ses - f\u00f6r stora laster \u00e4r det n\u00f6dv\u00e4ndigt att anv\u00e4nda en kroksignalist<\/li>\n<li style=\"text-align: left;\">operat\u00f6ren m\u00e5ste vara uppm\u00e4rksam p\u00e5 de signaler som kroksignalmannen ger honom<\/li>\n<li style=\"text-align: left;\">alltid reagera p\u00e5 en stoppsignal och stanna maskinen<\/li>\n<li style=\"text-align: left;\">n\u00e4r du transporterar laster, var uppm\u00e4rksam p\u00e5 f\u00e4rdv\u00e4gen och h\u00e5ll ett s\u00e4kert avst\u00e5nd mellan lasten och andra f\u00f6rem\u00e5l eller personer<\/li>\n<li style=\"text-align: left;\">inga personer f\u00e5r befinna sig under eller i omedelbar n\u00e4rhet av lasten n\u00e4r den transporteras<\/li>\n<li style=\"text-align: left;\">Vid hantering av lasten - bromsning, start eller h\u00f6jning och s\u00e4nkning - m\u00e5ste r\u00f6relserna vara mjuka<\/li>\n<li style=\"text-align: left;\">inte \u00f6verskrida hastighetsbegr\u00e4nsningen f\u00f6r den aktuella utrustningen och vid behov anpassa den till situationen p\u00e5 plats<\/li>\n<li style=\"text-align: left;\">ge signal till andra kollegor innan du p\u00e5b\u00f6rjar en last, och upprepa signalen om det finns personer i v\u00e4gen<\/li>\n<li style=\"text-align: left;\">kontrollera lastens vikt och utrustningens nominella lastkapacitet<\/li>\n<li style=\"text-align: left;\">Lasten m\u00e5ste alltid s\u00e4kras p\u00e5 r\u00e4tt s\u00e4tt och i enlighet med g\u00e4llande f\u00f6reskrifter<\/li>\n<li style=\"text-align: left;\">laster m\u00e5ste s\u00e4kras som balanserade<\/li>\n<li style=\"text-align: left;\">Lasten m\u00e5ste transporteras i uppr\u00e4tt l\u00e4ge<\/li>\n<li style=\"text-align: left;\">vid hantering av laster ska avst\u00e5ndet mellan lasten och hinder vara minst 0,5 meter<\/li>\n<li style=\"text-align: left;\">Lasten m\u00e5ste f\u00f6rvaras p\u00e5 en anvisad plats och i enlighet med reglerna f\u00f6r s\u00e4ker f\u00f6rvaring<\/li>\n<li style=\"text-align: left;\">om utrustningen anv\u00e4nds utomhus m\u00e5ste operat\u00f6ren vara uppm\u00e4rksam p\u00e5 v\u00e4derf\u00f6rh\u00e5llandena och avbryta arbetet om de \u00e4ventyrar s\u00e4kerheten<\/li>\n<\/ul>\n<p><strong>F\u00f6rbjudna aktiviteter vid arbete med kranar:<\/strong><\/p>\n<ul>\n<li style=\"text-align: left;\">utrustningen f\u00e5r inte anv\u00e4ndas av en person som inte \u00e4r beh\u00f6rig att anv\u00e4nda kranar<\/li>\n<li style=\"text-align: left;\">utrustningen inte f\u00e5r anv\u00e4ndas av personer som har intagit alkohol eller droger<\/li>\n<li style=\"text-align: left;\">ej matchande eller skadade sling f\u00e5r inte anv\u00e4ndas<\/li>\n<li style=\"text-align: left;\">underh\u00e5lls- och reparationsarbeten f\u00e5r inte utf\u00f6ras n\u00e4r apparaten \u00e4r p\u00e5slagen<\/li>\n<li style=\"text-align: left;\">laster f\u00e5r inte l\u00e4mnas kvar p\u00e5 utrustningen utan att ha s\u00e4nkts ned p\u00e5 ett s\u00e4kert s\u00e4tt<\/li>\n<li style=\"text-align: left;\">last som \u00e4r f\u00e4st vid underlaget och utom r\u00e4ckh\u00e5ll f\u00f6r anordningen f\u00e5r inte lyftas<\/li>\n<\/ul>\n<\/div>","protected":false},"excerpt":{"rendered":"<p>Znajomo\u015b\u0107 zasad obs\u0142ugi suwnic oraz zasad BHP jest niezb\u0119dna na stanowisku operatora. Wybieraj\u0105c nasz kurs na suwnice, otrzymasz niezb\u0119dne informacje o tym, jak bezpiecznie obs\u0142ugiwa\u0107 urz\u0105dzenie i jak zmniejszy\u0107 ryzyko zagro\u017ce\u0144 i wypadk\u00f3w przy pracy. Oto najwa\u017cniejsze obowi\u0105zki operatora podczas pracy: przez ca\u0142y czas pracy operator powinien sprawdza\u0107 prawid\u0142owo\u015b\u0107 dzia\u0142ania mechanizm\u00f3w urz\u0105dzenia prac\u0119 nale\u017cy wykonywa\u0107 [&hellip;]<\/p>\n","protected":false},"author":3,"featured_media":0,"parent":823,"menu_order":5,"comment_status":"closed","ping_status":"closed","template":"","meta":{"footnotes":""},"class_list":["post-858","page","type-page","status-publish","hentry"],"aioseo_notices":[],"_links":{"self":[{"href":"https:\/\/szkolenia-udt.pl\/sv\/wp-json\/wp\/v2\/pages\/858","targetHints":{"allow":["GET"]}}],"collection":[{"href":"https:\/\/szkolenia-udt.pl\/sv\/wp-json\/wp\/v2\/pages"}],"about":[{"href":"https:\/\/szkolenia-udt.pl\/sv\/wp-json\/wp\/v2\/types\/page"}],"author":[{"embeddable":true,"href":"https:\/\/szkolenia-udt.pl\/sv\/wp-json\/wp\/v2\/users\/3"}],"replies":[{"embeddable":true,"href":"https:\/\/szkolenia-udt.pl\/sv\/wp-json\/wp\/v2\/comments?post=858"}],"version-history":[{"count":6,"href":"https:\/\/szkolenia-udt.pl\/sv\/wp-json\/wp\/v2\/pages\/858\/revisions"}],"predecessor-version":[{"id":2251,"href":"https:\/\/szkolenia-udt.pl\/sv\/wp-json\/wp\/v2\/pages\/858\/revisions\/2251"}],"up":[{"embeddable":true,"href":"https:\/\/szkolenia-udt.pl\/sv\/wp-json\/wp\/v2\/pages\/823"}],"wp:attachment":[{"href":"https:\/\/szkolenia-udt.pl\/sv\/wp-json\/wp\/v2\/media?parent=858"}],"curies":[{"name":"wp","href":"https:\/\/api.w.org\/{rel}","templated":true}]}}