{"id":859,"date":"2014-11-01T23:15:17","date_gmt":"2014-11-01T23:15:17","guid":{"rendered":"http:\/\/szkolenia-udt.pl\/?page_id=859"},"modified":"2021-07-15T00:20:03","modified_gmt":"2021-07-15T00:20:03","slug":"efter-fardigstallande-av-kranen","status":"publish","type":"page","link":"https:\/\/szkolenia-udt.pl\/sv\/kursy\/suwnice\/po-zakonczeniu-pracy-z-suwnica\/","title":{"rendered":"Efter kranen"},"content":{"rendered":"<div style=\"float: left; padding-right: 10px;\"><div id=\"metaslider-id-1932\" style=\"max-width: 300px;\" class=\"ml-slider-3-107-0 metaslider metaslider-flex metaslider-1932 ml-slider ms-theme-default nav-hidden\" role=\"region\" aria-label=\"kranar3\" data-height=\"225\" data-width=\"300\">\n    <div id=\"metaslider_container_1932\">\n        <div id=\"metaslider_1932\">\n            <ul class='slides'>\n                <li style=\"display: block; width: 100%;\" class=\"slide-1999 ms-image\" aria-roledescription=\"slide\" data-date=\"2017-12-29 10:25:20\" data-filename=\"suwnica-2-300x225.jpg\" data-slide-type=\"image\"><img loading=\"lazy\" decoding=\"async\" src=\"https:\/\/szkolenia-udt.pl\/wp-content\/uploads\/2017\/12\/suwnica-2-300x225.jpg\" height=\"225\" width=\"300\" alt=\"\" class=\"slider-1932 slide-1999 msDefaultImage\" \/><\/li>\n            <\/ul>\n        <\/div>\n        \n    <\/div>\n<\/div><\/div>\n<div class=\"wyjustuj\">\n<p>Att transportera den sista lasten till platsen \u00e4r inte slutet p\u00e5 kranf\u00f6rarens arbete. Varje person som har haft <a href=\"https:\/\/szkolenia-udt.pl\/sv\/kursy\/suwnice\/\">Kranbana<\/a> i v\u00e5r <a href=\"https:\/\/szkolenia-udt.pl\/sv\/o-firmie\/\">Centrum<\/a>De anst\u00e4llda f\u00e5r k\u00e4nnedom om uppf\u00f6randereglerna efter arbetet. Dessa kan bidra till att ytterligare s\u00e4kra maskinen och arbetsplatsen och f\u00f6rhindra olyckor. Nedan f\u00f6ljer en lista \u00f6ver de viktigaste stegen innan kranf\u00f6raren l\u00e4mnar arbetsplatsen:<\/p>\n<ul>\n<li>se till att lasten har lagts p\u00e5 sin plats<\/li>\n<li>lastningsanordningen ska placeras p\u00e5 en h\u00f6jd som inte hindrar andra personer och fordon i arbetsomr\u00e5det.<\/li>\n<li>anordningen m\u00e5ste vara placerad i ett parkeringsl\u00e4ge<\/li>\n<li>N\u00e4r anordningen \u00e4r p\u00e5 plats ska operat\u00f6ren l\u00e5sa den genom att trycka p\u00e5 l\u00e4mplig knapp.<\/li>\n<li>l\u00e5sa kontrollerna och st\u00e4nga av str\u00f6mmen till apparaten.<\/li>\n<li>Om utrustningen har vindbromsar ska de vara s\u00e4krade.<\/li>\n<li>Operat\u00f6ren b\u00f6r g\u00f6ra en visuell inspektion av utrustningen.<\/li>\n<li>Anordningen m\u00e5ste skyddas mot obeh\u00f6rig anv\u00e4ndning.<\/li>\n<li>Om du uppt\u00e4cker fel eller andra problem med utrustningens funktion, informera de ansvariga personerna.<\/li>\n<li>En anteckning skall g\u00f6ras i loggboken n\u00e4r utrustningen \u00f6verl\u00e4mnas.<\/li>\n<li>Du f\u00e5r bara l\u00e4mna din arbetsplats om du byter till en annan kranf\u00f6rare eller om du har f\u00e5tt till\u00e5telse av din chef att g\u00f6ra det.<\/li>\n<\/ul>\n<p>Att f\u00f6lja dessa regler g\u00f6r det \u00e4nnu enklare att anv\u00e4nda utrustningen, och d\u00e4rf\u00f6r \u00e4r arbetsplatserna m\u00e5na om kvaliteten p\u00e5 denna verksamhet. En arbetsplats som \u00e4r f\u00f6rberedd p\u00e5 detta s\u00e4tt \u00e4r s\u00e4ker f\u00f6r en nyanst\u00e4lld att b\u00f6rja sitt skift. Detta \u00e4r viktigt eftersom det kan f\u00e5 tragiska konsekvenser att f\u00f6rbise en punkt, inte bara f\u00f6r operat\u00f6ren utan \u00e4ven f\u00f6r kollegorna.<\/p>\n<p>Vi \u00e4r m\u00e5na om att deltagarna i v\u00e5ra klasser ska arbeta s\u00e4kert, och d\u00e4rf\u00f6r \u00e4gnar vi alltid mycket tid \u00e5t \u00e4mnena h\u00e4lsa och s\u00e4kerhet och korrekt anv\u00e4ndning av utrustning, och vi genomf\u00f6r ocks\u00e5 praktiska \u00f6vningar p\u00e5 detta omr\u00e5de.<\/p>\n<p>Alla som vill skaffa sig ett krancertifikat \u00e4r v\u00e4lkomna till <a href=\"https:\/\/szkolenia-udt.pl\/sv\/oferta\/\">Anv\u00e4ndning av tj\u00e4nster.<\/a>!<\/p>\n<\/div>","protected":false},"excerpt":{"rendered":"<p>Przetransportowanie ostatniego \u0142adunku na miejsce nie ko\u0144czy pracy operatora suwnicy. Ka\u017cda osoba, kt\u00f3ra odby\u0142a kurs na suwnice w naszym O\u015brodku, zaznajamiana jest z zasadami postepowania po zako\u0144czonej pracy. Dzi\u0119ki nim mo\u017cna dodatkowo zabezpieczy\u0107 urz\u0105dzenie oraz miejsce pracy, zapobiegaj\u0105c wypadkom. Poni\u017cej przedstawiamy list\u0119 najwa\u017cniejszych czynno\u015bci przed opuszczeniem stanowiska pracy przez operatora suwnicy: nale\u017cy upewni\u0107 si\u0119, czy [&hellip;]<\/p>\n","protected":false},"author":3,"featured_media":0,"parent":823,"menu_order":10,"comment_status":"closed","ping_status":"closed","template":"","meta":{"footnotes":""},"class_list":["post-859","page","type-page","status-publish","hentry"],"aioseo_notices":[],"_links":{"self":[{"href":"https:\/\/szkolenia-udt.pl\/sv\/wp-json\/wp\/v2\/pages\/859","targetHints":{"allow":["GET"]}}],"collection":[{"href":"https:\/\/szkolenia-udt.pl\/sv\/wp-json\/wp\/v2\/pages"}],"about":[{"href":"https:\/\/szkolenia-udt.pl\/sv\/wp-json\/wp\/v2\/types\/page"}],"author":[{"embeddable":true,"href":"https:\/\/szkolenia-udt.pl\/sv\/wp-json\/wp\/v2\/users\/3"}],"replies":[{"embeddable":true,"href":"https:\/\/szkolenia-udt.pl\/sv\/wp-json\/wp\/v2\/comments?post=859"}],"version-history":[{"count":4,"href":"https:\/\/szkolenia-udt.pl\/sv\/wp-json\/wp\/v2\/pages\/859\/revisions"}],"predecessor-version":[{"id":2252,"href":"https:\/\/szkolenia-udt.pl\/sv\/wp-json\/wp\/v2\/pages\/859\/revisions\/2252"}],"up":[{"embeddable":true,"href":"https:\/\/szkolenia-udt.pl\/sv\/wp-json\/wp\/v2\/pages\/823"}],"wp:attachment":[{"href":"https:\/\/szkolenia-udt.pl\/sv\/wp-json\/wp\/v2\/media?parent=859"}],"curies":[{"name":"wp","href":"https:\/\/api.w.org\/{rel}","templated":true}]}}