{"id":1053,"date":"2014-11-06T22:19:52","date_gmt":"2014-11-06T22:19:52","guid":{"rendered":"http:\/\/szkolenia-udt.pl\/?page_id=1053"},"modified":"2020-05-13T06:44:58","modified_gmt":"2020-05-13T06:44:58","slug":"%d0%bf%d1%80%d0%be%d0%bf%d0%be%d0%b7%d0%b8%d1%86%d1%96%d1%8f","status":"publish","type":"page","link":"https:\/\/szkolenia-udt.pl\/ua\/oferta\/","title":{"rendered":"\u041f\u0440\u0430\u0439\u0441 \u043b\u0438\u0441\u0442"},"content":{"rendered":"<table border=\"1\" width=\"698\" cellspacing=\"0\" cellpadding=\"7\">\n<colgroup>\n<col width=\"470\" \/>\n<col width=\"51\" \/> <\/colgroup>\n<tbody>\n<tr>\n<td bgcolor=\"#bae8ff\" width=\"470\"><span style=\"color: #000000;\"><span style=\"text-decoration: underline;\">\u041a\u0443\u0440\u0441 \u0434\u043b\u044f \u043d\u0430\u0432\u0430\u043d\u0442\u0430\u0436\u0443\u0432\u0430\u0447\u0456\u0432<\/span> \u0456\u0437 \u0437\u0430\u043c\u0456\u043d\u043e\u044e \u0433\u0430\u0437\u043e\u0432\u0438\u0445 \u0431\u0430\u043b\u043e\u043d\u0456\u0432 LPG - \u043a\u0430\u0442\u0435\u0433\u043e\u0440\u0456\u044f IIWJO<\/span><\/td>\n<td bgcolor=\"#bae8ff\" width=\"51\" rowspan=\"15\" style=\"vertical-align: middle;\">\n<p align=\"CENTER\">1) <a href=\"https:\/\/platformaedukacji.pl\/panel\/login\/registered.php\" rel=\"nofollow\">\u043f\u0456\u0434\u043f\u0438\u0441\u043a\u0430 \/ \u043e\u043f\u043b\u0430\u0442\u0430 \u043e\u043d\u043b\u0430\u0439\u043d <\/a><\/p>\n<p align=\"CENTER\">2) <a href=\"tel:48504477077\">\u0446\u0456\u043d\u0443 \u0443\u0442\u043e\u0447\u043d\u044e\u0439\u0442\u0435 \u0437\u0430 \u0442\u0435\u043b\u0435\u0444\u043e\u043d\u043e\u043c \u0433\u0430\u0440\u044f\u0447\u043e\u0457 \u043b\u0456\u043d\u0456\u0457<\/a><\/p>\n<p align=\"CENTER\">3) <span class=\"kontakttel\">\u041f\u0440\u043e\u0441\u0438\u0442\u0438 \u0437\u0432&#039;\u044f\u0437\u0430\u0442\u0438\u0441\u044f \u0437 \u0432\u0430\u043c\u0438 \u043f\u043e \u0442\u0435\u043b\u0435\u0444\u043e\u043d\u0443<\/span><\/p>\n<\/td>\n<\/tr>\n<tr>\n<td width=\"470\"><span style=\"color: #000000;\"><span style=\"text-decoration: underline;\">\u0421\u043f\u0435\u0446\u0456\u0430\u043b\u0456\u0437\u043e\u0432\u0430\u043d\u0438\u0439 \u043a\u0443\u0440\u0441 \u043d\u0430\u0432\u0430\u043d\u0442\u0430\u0436\u0443\u0432\u0430\u0447\u0430 <\/span>- \u043d\u0430\u0432\u0430\u043d\u0442\u0430\u0436\u0443\u0432\u0430\u0447\u0456 \u0437 \u043a\u0430\u0431\u0456\u043d\u043e\u044e \u043f\u0456\u0434\u0439\u043e\u043c\u0443 \u043e\u043f\u0435\u0440\u0430\u0442\u043e\u0440\u0430 - \u043a\u0430\u0442\u0435\u0433\u043e\u0440\u0456\u044f IWJO<\/span><\/td>\n<\/tr>\n<tr>\n<td bgcolor=\"#bae8ff\" width=\"470\"><span style=\"color: #000000;\"><span style=\"text-decoration: underline;\"><a href=\"https:\/\/szkolenia-udt.pl\/ua\/kursy\/uprawnienia-udt-tdt-wdt\/ladowarki-teleskopowe\/\">\u041a\u0443\u0440\u0441 \u0442\u0435\u043b\u0435\u0441\u043a\u043e\u043f\u0456\u0447\u043d\u0438\u0445 \u043d\u0430\u0432\u0430\u043d\u0442\u0430\u0436\u0443\u0432\u0430\u0447\u0456\u0432<\/a><\/span> - \u043a\u0432\u0430\u043b\u0456\u0444\u0456\u043a\u0430\u0446\u0456\u044f \u043e\u043f\u0435\u0440\u0430\u0442\u043e\u0440\u0430 \u0442\u0435\u043b\u0435\u0441\u043a\u043e\u043f\u0456\u0447\u043d\u0438\u0445 \u043d\u0430\u0432\u0430\u043d\u0442\u0430\u0436\u0443\u0432\u0430\u0447\u0456\u0432 (\u0441\u043f\u0435\u0446\u0456\u0430\u043b\u0456\u0437\u043e\u0432\u0430\u043d\u0438\u0445 \u043d\u0430\u0432\u0430\u043d\u0442\u0430\u0436\u0443\u0432\u0430\u0447\u0456\u0432 \u0437\u0456 \u0437\u043c\u0456\u043d\u043d\u0438\u043c \u0432\u0438\u043b\u044c\u043e\u0442\u043e\u043c) - \u043a\u0430\u0442\u0435\u0433\u043e\u0440\u0456\u044f IWJO<\/span><\/td>\n<\/tr>\n<tr>\n<td width=\"470\"><span style=\"color: #000000;\"><span style=\"text-decoration: underline;\"><a href=\"https:\/\/szkolenia-udt.pl\/ua\/kursy\/podesty-ruchome\/\">\u041a\u0443\u0440\u0441 \u043e\u0431\u0441\u043b\u0443\u0433\u043e\u0432\u0443\u0432\u0430\u043d\u043d\u044f \u043c\u043e\u0431\u0456\u043b\u044c\u043d\u0438\u0445 \u043f\u043b\u0430\u0442\u0444\u043e\u0440\u043c<\/a><\/span> - \u0442\u0438\u0445\u043e\u0445\u0456\u0434\u043d\u0456 \u043f\u0435\u0440\u0435\u0441\u0443\u0432\u043d\u0456: \u043d\u043e\u0436\u0438\u0447\u043d\u0456, \u0448\u0430\u0440\u043d\u0456\u0440\u043d\u0456, \u0442\u0435\u043b\u0435\u0441\u043a\u043e\u043f\u0456\u0447\u043d\u0456, \u0442\u0440\u0430\u043d\u0441\u043f\u043e\u0440\u0442\u0430\u0431\u0435\u043b\u044c\u043d\u0456 - \u043a\u0430\u0442\u0435\u0433\u043e\u0440\u0456\u044f \u0406\u041f<\/span><\/td>\n<\/tr>\n<tr>\n<td bgcolor=\"#bae8ff\" width=\"470\"><span style=\"color: #000000;\"><span style=\"text-decoration: underline;\">\u041f\u0440\u0430\u043a\u0442\u0438\u043a\u0443\u043c \u0437 \u043f\u0456\u0434\u0439\u043e\u043c\u043d\u0438\u0445 \u043f\u043b\u0430\u0442\u0444\u043e\u0440\u043c<\/span> \u2013 <a href=\"https:\/\/szkolenia-udt.pl\/ua\/kursy\/podesty-ruchome\/obsluga-podestow-ruchomych\/\">\u0435\u043a\u0441\u043f\u043b\u0443\u0430\u0442\u0430\u0446\u0456\u044f \u0440\u0443\u0445\u043e\u043c\u0438\u0445 \u043f\u043b\u0430\u0442\u0444\u043e\u0440\u043c<\/a> \u0432\u0441\u0442\u0430\u043d\u043e\u0432\u043b\u044e\u0454\u0442\u044c\u0441\u044f \u043d\u0430 \u0442\u0440\u0430\u043d\u0441\u043f\u043e\u0440\u0442\u043d\u0438\u0445 \u0437\u0430\u0441\u043e\u0431\u0430\u0445 - \u043a\u0430\u0442\u0435\u0433\u043e\u0440\u0456\u044f IP<\/span><\/td>\n<\/tr>\n<tr>\n<td width=\"470\"><span style=\"color: #000000;\"><span style=\"text-decoration: underline;\">\u041a\u0443\u0440\u0441 \u043e\u0431\u0441\u043b\u0443\u0433\u043e\u0432\u0443\u0432\u0430\u043d\u043d\u044f \u043f\u0456\u0434\u0432\u0456\u0441\u043d\u0438\u0445, \u0449\u043e\u0433\u043b\u043e\u0432\u0438\u0445 \u0456 \u0441\u0442\u0430\u0446\u0456\u043e\u043d\u0430\u0440\u043d\u0438\u0445 \u043f\u043b\u0430\u0442\u0444\u043e\u0440\u043c<\/span> - \u043d\u0435 \u0454 \u0442\u0435\u0445\u043d\u043e\u043b\u043e\u0433\u0456\u0447\u043d\u043e\u044e \u043b\u0456\u043d\u0456\u0454\u044e - \u043a\u0430\u0442\u0435\u0433\u043e\u0440\u0456\u044f \u0406\u0406\u041f<\/span><\/td>\n<\/tr>\n<tr>\n<td bgcolor=\"#bae8ff\" width=\"470\"><span style=\"color: #000000;\"><span style=\"text-decoration: underline;\">\u041a\u0443\u0440\u0441 \u043a\u0440\u0430\u043d\u0456\u0432\u043d\u0438\u043a\u0430 HDS<\/span> - \u0441\u0435\u0440\u0432\u0456\u0441\u043d\u0435 \u043e\u0431\u0441\u043b\u0443\u0433\u043e\u0432\u0443\u0432\u0430\u043d\u043d\u044f \u043c\u043e\u0431\u0456\u043b\u044c\u043d\u0438\u0445 \u0442\u0430 \u043c\u043e\u0431\u0456\u043b\u044c\u043d\u0438\u0445 \u043a\u0440\u0430\u043d\u0456\u0432 \u043d\u0430 \u0430\u0432\u0442\u043e\u043c\u043e\u0431\u0456\u043b\u044c\u043d\u043e\u043c\u0443 \u0448\u0430\u0441\u0456 HDS - \u043a\u0430\u0442.II\u017b<\/span><\/td>\n<\/tr>\n<tr>\n<td width=\"470\"><span style=\"color: #000000;\"><span style=\"text-decoration: underline;\"><a href=\"https:\/\/szkolenia-udt.pl\/ua\/kursy\/suwnice\/\">\u041a\u0443\u0440\u0441 \u043e\u0431\u0441\u043b\u0443\u0433\u043e\u0432\u0443\u0432\u0430\u043d\u043d\u044f \u043a\u0440\u0430\u043d\u0456\u0432<\/a> \u0442\u0430 \u043f\u0456\u0434\u0439\u043e\u043c\u043d\u0438\u043a\u0438 \u0442\u0430 \u043b\u0435\u0431\u0456\u0434\u043a\u0438<\/span> - \u043a\u0435\u0440\u0443\u0454\u0442\u044c\u0441\u044f \u0437 \u0440\u043e\u0431\u043e\u0447\u043e\u0433\u043e \u0440\u0456\u0432\u043d\u044f - \u043a\u0430\u0442\u0435\u0433\u043e\u0440\u0456\u044f \u0406\u0406\u0421<\/span><\/td>\n<\/tr>\n<tr>\n<td bgcolor=\"#bae8ff\" width=\"470\"><span style=\"color: #000000;\"><span style=\"text-decoration: underline;\">\u041a\u0443\u0440\u0441 \u0435\u043a\u0441\u043f\u043b\u0443\u0430\u0442\u0430\u0446\u0456\u0457 \u043f\u0456\u0434\u0439\u043e\u043c\u043d\u0438\u043a\u0456\u0432 \u0456 \u043b\u0435\u0431\u0456\u0434\u043e\u043a<\/span> - \u043e\u043f\u0435\u0440\u0430\u0442\u043e\u0440 \u043f\u0456\u0434\u0439\u043e\u043c\u043d\u0438\u043a\u0456\u0432 \u0456 \u043b\u0435\u0431\u0456\u0434\u043e\u043a, \u043a\u0435\u0440\u043e\u0432\u0430\u043d\u0438\u0445 \u0437 \u0440\u043e\u0431\u043e\u0447\u043e\u0433\u043e \u0440\u0456\u0432\u043d\u044f, \u0432 \u0442\u043e\u043c\u0443 \u0447\u0438\u0441\u043b\u0456 \u0431\u0435\u0437\u0434\u0440\u043e\u0442\u043e\u0432\u043e\u0433\u043e \u043a\u0430\u0442.IIW<\/span><\/td>\n<\/tr>\n<tr>\n<td width=\"470\"><span style=\"color: #000000;\"><span style=\"text-decoration: underline;\">\u041a\u0443\u0440\u0441 \u043e\u0431\u0441\u043b\u0443\u0433\u043e\u0432\u0443\u0432\u0430\u043d\u043d\u044f \u0441\u0442\u0430\u0446\u0456\u043e\u043d\u0430\u0440\u043d\u0438\u0445 \u043a\u0440\u0430\u043d\u0456\u0432<\/span> - \u043b\u0456\u0446\u0435\u043d\u0437\u0456\u044f \u043e\u043f\u0435\u0440\u0430\u0442\u043e\u0440\u0430 \u0441\u0442\u0430\u0446\u0456\u043e\u043d\u0430\u0440\u043d\u0438\u0445 - \u0446\u0435\u0445\u043e\u0432\u0438\u0445 \u0448\u043b\u044e\u043f\u0431\u0430\u043b\u043e\u043a, \u043a\u0430\u0442\u0435\u0433\u043e\u0440\u0456\u044f II\u017b<\/span><\/td>\n<\/tr>\n<tr>\n<td bgcolor=\"#bae8ff\" width=\"470\"><span style=\"color: #000000;\"><span style=\"text-decoration: underline;\">\u041a\u0443\u0440\u0441 \u043a\u043e\u0440\u0438\u0441\u0442\u0443\u0432\u0430\u043d\u043d\u044f \u0432\u0430\u043d\u0442\u0430\u0436\u043d\u043e-\u043f\u0430\u0441\u0430\u0436\u0438\u0440\u0441\u044c\u043a\u0438\u043c\u0438 \u043b\u0456\u0444\u0442\u0430\u043c\u0438<\/span> - \u043e\u0431\u0441\u043b\u0443\u0433\u043e\u0432\u0443\u0432\u0430\u043d\u043d\u044f \u0432\u0430\u043d\u0442\u0430\u0436\u043d\u0438\u0445 \u043b\u0456\u0444\u0442\u0456\u0432 \u0456\u0437 \u0432\u043d\u0443\u0442\u0440\u0456\u0448\u043d\u0456\u043c \u043a\u043e\u043d\u0442\u0440\u043e\u043b\u0435\u043c \u0442\u0430 \u043b\u0456\u043a\u0430\u0440\u043d\u044f\u043d\u0438\u0445 \u0430\u0431\u043e \u0431\u0443\u0434\u0456\u0432\u0435\u043b\u044c\u043d\u0438\u0445 \u043a\u0440\u0430\u043d\u0456\u0432, \u0432\u0438\u0434\u0430\u043d\u0438\u0445 \u0423\u043f\u0440\u0430\u0432\u043b\u0456\u043d\u043d\u044f\u043c \u0442\u0435\u0445\u043d\u0456\u0447\u043d\u043e\u0457 \u0456\u043d\u0441\u043f\u0435\u043a\u0446\u0456\u0457 (UDT) - ID \u0442\u0430 \u043a\u0432\u0430\u043b\u0456\u0444\u0456\u043a\u0430\u0446\u0456\u044f IID.<\/span><\/td>\n<\/tr>\n<tr>\n<td width=\"470\"><span style=\"color: #000000;\"><span style=\"text-decoration: underline;\">\u041a\u0443\u0440\u0441 \u043e\u043f\u0435\u0440\u0430\u0442\u043e\u0440\u0430 \u0430\u0432\u0442\u043e\u043a\u0440\u0430\u043d\u0430<\/span> - \u0435\u043a\u0441\u043f\u043b\u0443\u0430\u0442\u0430\u0446\u0456\u044f \u0430\u0432\u0442\u043e\u043a\u0440\u0430\u043d\u0456\u0432, \u0437\u043c\u043e\u043d\u0442\u043e\u0432\u0430\u043d\u0438\u0445 \u043d\u0430 \u0430\u0432\u0442\u043e\u043c\u043e\u0431\u0456\u043b\u044f\u0445<\/span><\/td>\n<\/tr>\n<tr>\n<td bgcolor=\"#bae8ff\" width=\"470\"><span style=\"color: #000000;\"><span style=\"text-decoration: underline;\">\u041a\u0443\u0440\u0441\u0438 \u043c\u0430\u0448\u0438\u043d\u0456\u0441\u0442\u0456\u0432 \u0448\u0432\u0438\u0434\u043a\u043e\u043c\u043e\u043d\u0442\u0430\u0436\u043d\u0438\u0445 \u043a\u0440\u0430\u043d\u0456\u0432 <\/span>- I\u017b \u043a\u0432\u0430\u043b\u0456\u0444\u0456\u043a\u0430\u0446\u0456\u044f \u043e\u043f\u0435\u0440\u0430\u0442\u043e\u0440\u0430 \u043a\u0440\u0430\u043d\u0456\u0432 \u0437 \u0431\u0435\u0437\u0434\u0440\u043e\u0442\u043e\u0432\u0438\u043c \u043a\u0435\u0440\u0443\u0432\u0430\u043d\u043d\u044f\u043c \u0437 \u0440\u043e\u0431\u043e\u0447\u043e\u0433\u043e \u0440\u0456\u0432\u043d\u044f<\/span><\/td>\n<\/tr>\n<tr>\n<td width=\"470\"><span style=\"color: #000000;\"><span style=\"text-decoration: underline;\">\u041a\u0443\u0440\u0441 \u043c\u0430\u0448\u0438\u043d\u0456\u0441\u0442\u0430 \u0431\u0430\u0448\u0442\u043e\u0432\u043e\u0433\u043e \u043a\u0440\u0430\u043d\u0443<\/span> - I\u017b \u043a\u0432\u0430\u043b\u0456\u0444\u0456\u043a\u0430\u0446\u0456\u044f \u043e\u043f\u0435\u0440\u0430\u0442\u043e\u0440\u0430 \u0431\u0443\u0434\u0456\u0432\u0435\u043b\u044c\u043d\u0438\u0445 \u0431\u0430\u0448\u0442\u043e\u0432\u0438\u0445 \u043a\u0440\u0430\u043d\u0456\u0432 \u0431\u0443\u0434\u044c-\u044f\u043a\u043e\u0433\u043e \u0442\u0438\u043f\u0443 (\u0443 \u0432\u0430\u0440\u0442\u0456\u0441\u0442\u044c \u0432\u0445\u043e\u0434\u0438\u0442\u044c \u0441\u0442\u0440\u0430\u0445\u043e\u0432\u043a\u0430 \u0432\u0430\u0440\u0442\u0456\u0441\u0442\u044c \u043f\u0440\u043e\u0445\u043e\u0434\u0436\u0435\u043d\u043d\u044f \u043f\u0440\u0430\u043a\u0442\u0438\u043a\u0438)<\/span><\/td>\n<\/tr>\n<tr>\n<td bgcolor=\"#bae8ff\" width=\"470\"><span style=\"color: #000000;\"><span style=\"text-decoration: underline;\">\u041a\u0443\u0440\u0441 \u043a\u043e\u043d\u0441\u0435\u0440\u0432\u0430\u0442\u043e\u0440\u0430<\/span> - \u041a\u0432\u0430\u043b\u0456\u0444\u0456\u043a\u0430\u0446\u0456\u044f UDT \u0434\u043b\u044f \u0442\u0435\u0445\u043d\u0456\u0447\u043d\u043e\u0433\u043e \u043e\u0431\u0441\u043b\u0443\u0433\u043e\u0432\u0443\u0432\u0430\u043d\u043d\u044f, \u0440\u0435\u043c\u043e\u043d\u0442\u0443 \u0442\u0430 \u043e\u0431\u0441\u043b\u0443\u0433\u043e\u0432\u0443\u0432\u0430\u043d\u043d\u044f \u0442\u0440\u0430\u043d\u0441\u043f\u043e\u0440\u0442\u043d\u043e-\u0440\u043e\u0437\u0432\u0430\u043d\u0442\u0430\u0436\u0443\u0432\u0430\u043b\u044c\u043d\u043e\u0433\u043e \u043e\u0431\u043b\u0430\u0434\u043d\u0430\u043d\u043d\u044f, \u0449\u043e \u043f\u0456\u0434\u043b\u044f\u0433\u0430\u0454 \u0442\u0435\u0445\u043d\u0456\u0447\u043d\u043e\u043c\u0443 \u043e\u0433\u043b\u044f\u0434\u0443, \u043d\u0430\u043f\u0440\u0438\u043a\u043b\u0430\u0434, \u0432\u0438\u043b\u043a\u043e\u0432\u0438\u0445 \u043d\u0430\u0432\u0430\u043d\u0442\u0430\u0436\u0443\u0432\u0430\u0447\u0456\u0432, \u043a\u0440\u0430\u043d\u0456\u0432, \u043c\u043e\u0441\u0442\u043e\u0432\u0438\u0445 \u043a\u0440\u0430\u043d\u0456\u0432, \u043c\u043e\u0431\u0456\u043b\u044c\u043d\u0438\u0445 \u043f\u043b\u0430\u0442\u0444\u043e\u0440\u043c \u0442\u043e\u0449\u043e.<\/span><\/td>\n<\/tr>\n<\/tbody>\n<\/table>","protected":false},"excerpt":{"rendered":"<p>Kurs na w\u00f3zki wid\u0142owe podno\u015bnikowe z wymian\u0105 butli gazowych LPG &#8211; kat. IIWJO 1) zapisz si\u0119 \/ zap\u0142a\u0107 on-lin 2) zapytaj o cen\u0119 tel na infolinii 3) Popro\u015b o kontakt telefoniczny Kurs na w\u00f3zki wid\u0142owe specjalizowane &#8211; w\u00f3zki wid\u0142owe z kabin\u0105 unosz\u0105c\u0105 operatora &#8211; kat. IWJO Kurs na \u0142adowarki teleskopowe &#8211; uprawnienia na operatora \u0142adowarek [&hellip;]<\/p>\n","protected":false},"author":3,"featured_media":0,"parent":0,"menu_order":4,"comment_status":"closed","ping_status":"closed","template":"","meta":{"footnotes":""},"class_list":["post-1053","page","type-page","status-publish","hentry"],"aioseo_notices":[],"_links":{"self":[{"href":"https:\/\/szkolenia-udt.pl\/ua\/wp-json\/wp\/v2\/pages\/1053","targetHints":{"allow":["GET"]}}],"collection":[{"href":"https:\/\/szkolenia-udt.pl\/ua\/wp-json\/wp\/v2\/pages"}],"about":[{"href":"https:\/\/szkolenia-udt.pl\/ua\/wp-json\/wp\/v2\/types\/page"}],"author":[{"embeddable":true,"href":"https:\/\/szkolenia-udt.pl\/ua\/wp-json\/wp\/v2\/users\/3"}],"replies":[{"embeddable":true,"href":"https:\/\/szkolenia-udt.pl\/ua\/wp-json\/wp\/v2\/comments?post=1053"}],"version-history":[{"count":18,"href":"https:\/\/szkolenia-udt.pl\/ua\/wp-json\/wp\/v2\/pages\/1053\/revisions"}],"predecessor-version":[{"id":2162,"href":"https:\/\/szkolenia-udt.pl\/ua\/wp-json\/wp\/v2\/pages\/1053\/revisions\/2162"}],"wp:attachment":[{"href":"https:\/\/szkolenia-udt.pl\/ua\/wp-json\/wp\/v2\/media?parent=1053"}],"curies":[{"name":"wp","href":"https:\/\/api.w.org\/{rel}","templated":true}]}}