{"id":1127,"date":"2014-11-12T14:46:28","date_gmt":"2014-11-12T14:46:28","guid":{"rendered":"http:\/\/szkolenia-udt.pl\/?page_id=1127"},"modified":"2021-06-27T22:18:37","modified_gmt":"2021-06-27T22:18:37","slug":"%d0%b4%d1%96%d1%97-%d0%b7%d0%b0%d0%b1%d0%be%d1%80%d0%be%d0%bd%d0%b5%d0%bd%d1%96-%d0%bf%d1%96%d0%b4-%d1%87%d0%b0%d1%81-%d1%80%d0%be%d0%b1%d0%be%d1%82%d0%b8-%d0%b7-%d0%bd%d0%b0%d0%b2%d0%b0%d0%bd%d1%82","status":"publish","type":"page","link":"https:\/\/szkolenia-udt.pl\/ua\/kursy\/hds\/czynnosci-zabronione-podczas-pracy-zurawiem-przeladunkowym-hds\/","title":{"rendered":"\u0417\u0430\u0431\u043e\u0440\u043e\u043d\u0435\u043d\u0456 \u0440\u043e\u0431\u043e\u0442\u0438 \u043f\u0440\u0438 \u0440\u043e\u0431\u043e\u0442\u0456 \u0437 \u0432\u0430\u043d\u0442\u0430\u0436\u043e\u043f\u0456\u0434\u0456\u0439\u043c\u0430\u043b\u044c\u043d\u0438\u043c\u0438 \u043a\u0440\u0430\u043d\u0430\u043c\u0438"},"content":{"rendered":"<div style=\"float: left; padding-right: 10px;\"><div id=\"metaslider-id-408\" style=\"max-width: 300px;\" class=\"ml-slider-3-107-0 metaslider metaslider-flex metaslider-408 ml-slider ms-theme-default nav-hidden\" role=\"region\" aria-label=\"\u041c\u043e\u0431\u0456\u043b\u044c\u043d\u0456 \u043f\u043b\u0430\u0442\u0444\u043e\u0440\u043c\u04381\" data-height=\"225\" data-width=\"300\">\n    <div id=\"metaslider_container_408\">\n        <div id=\"metaslider_408\">\n            <ul class='slides'>\n                <li style=\"display: block; width: 100%;\" class=\"slide-540 ms-image\" aria-roledescription=\"slide\" data-date=\"2014-10-11 16:42:06\" data-filename=\"170AETJL_BI_NRJ_045.jpg\" data-slide-type=\"image\"><img loading=\"lazy\" decoding=\"async\" src=\"https:\/\/szkolenia-udt.pl\/wp-content\/uploads\/2014\/10\/170AETJL_BI_NRJ_045.jpg\" height=\"225\" width=\"300\" alt=\"\u041a\u0443\u0440\u0441\u0438 \u0442\u0430 \u043d\u0430\u0432\u0447\u0430\u043d\u043d\u044f \" class=\"slider-408 slide-540 msDefaultImage\" \/><\/li>\n                <li style=\"display: none; width: 100%;\" class=\"slide-537 ms-image\" aria-roledescription=\"slide\" data-date=\"2014-10-11 16:38:05\" data-filename=\"3219.jpg\" data-slide-type=\"image\"><img loading=\"lazy\" decoding=\"async\" src=\"https:\/\/szkolenia-udt.pl\/wp-content\/uploads\/2014\/10\/3219.jpg\" height=\"225\" width=\"300\" alt=\"\u041c\u043e\u0431\u0456\u043b\u044c\u043d\u0438\u0439 \u0434\u0435\u0441\u0430\u043d\u0442\u043d\u0438\u0439 \u043a\u0443\u0440\u0441\" class=\"slider-408 slide-537 msDefaultImage\" \/><\/li>\n                <li style=\"display: none; width: 100%;\" class=\"slide-1172 ms-image\" aria-roledescription=\"slide\" data-date=\"2014-11-17 19:01:41\" data-filename=\"78XE_003a.jpg\" data-slide-type=\"image\"><img loading=\"lazy\" decoding=\"async\" src=\"https:\/\/szkolenia-udt.pl\/wp-content\/uploads\/2014\/11\/78XE_003a.jpg\" height=\"225\" width=\"300\" alt=\"\u043d\u0430\u0432\u0447\u0430\u043d\u043d\u044f \u0412\u0430\u0440\u0448\u0430\u0432\u0430\" class=\"slider-408 slide-1172 msDefaultImage\" \/><\/li>\n                <li style=\"display: none; width: 100%;\" class=\"slide-1173 ms-image\" aria-roledescription=\"slide\" data-date=\"2014-11-17 19:01:41\" data-filename=\"80VJR_Evo_002a.jpg\" data-slide-type=\"image\"><img loading=\"lazy\" decoding=\"async\" src=\"https:\/\/szkolenia-udt.pl\/wp-content\/uploads\/2014\/11\/80VJR_Evo_002a.jpg\" height=\"225\" width=\"300\" alt=\"\" class=\"slider-408 slide-1173 msDefaultImage\" \/><\/li>\n                <li style=\"display: none; width: 100%;\" class=\"slide-1187 ms-image\" aria-roledescription=\"slide\" data-date=\"2014-11-17 19:45:05\" data-filename=\"60V_005a.jpg\" data-slide-type=\"image\"><img loading=\"lazy\" decoding=\"async\" src=\"https:\/\/szkolenia-udt.pl\/wp-content\/uploads\/2014\/11\/60V_005a.jpg\" height=\"225\" width=\"300\" alt=\"\u043f\u0456\u0434\u0439\u043e\u043c\u043d\u0438\u043a\u0438\" class=\"slider-408 slide-1187 msDefaultImage\" \/><\/li>\n            <\/ul>\n        <\/div>\n        \n    <\/div>\n<\/div><\/div>\n<div class=\"wyjustuj\">\n<p>\u041f\u0456\u0434 \u0447\u0430\u0441 \u0440\u043e\u0431\u043e\u0442\u0438 \u043e\u043f\u0435\u0440\u0430\u0442\u043e\u0440 \u0432\u0430\u043d\u0442\u0430\u0436\u043e\u043f\u0456\u0434\u0456\u0439\u043c\u0430\u043b\u044c\u043d\u043e\u0433\u043e \u043a\u0440\u0430\u043d\u0430 \u0413\u041d\u0411 \u043f\u043e\u0432\u0438\u043d\u0435\u043d \u043f\u0430\u043c'\u044f\u0442\u0430\u0442\u0438 \u043f\u0440\u043e \u0432\u0438\u043c\u043e\u0433\u0438 \u0442\u0435\u0445\u043d\u0456\u043a\u0438 \u0431\u0435\u0437\u043f\u0435\u043a\u0438 \u0456 \u043f\u0440\u0430\u0432\u0438\u043b\u0430 \u043e\u0445\u043e\u0440\u043e\u043d\u0438 \u043f\u0440\u0430\u0446\u0456 \u0442\u0430 \u0432\u0438\u0440\u043e\u0431\u043d\u0438\u0447\u043e\u0457 \u0441\u0430\u043d\u0456\u0442\u0430\u0440\u0456\u0457. \u0422\u0430\u043a\u0438\u043c \u0447\u0438\u043d\u043e\u043c, \u0432\u0456\u043d \u043c\u0430\u0454 \u0437\u043c\u043e\u0433\u0443 \u0437\u0430\u043f\u043e\u0431\u0456\u0433\u0442\u0438 \u043d\u0435\u0449\u0430\u0441\u043d\u0438\u043c \u0432\u0438\u043f\u0430\u0434\u043a\u0430\u043c \u043f\u0456\u0434 \u0447\u0430\u0441 \u0440\u043e\u0431\u043e\u0442\u0438, \u044f\u043a\u0456 \u043c\u043e\u0436\u0443\u0442\u044c \u043d\u0435\u0441\u0442\u0438 \u0440\u0438\u0437\u0438\u043a \u044f\u043a \u0434\u043b\u044f \u043d\u044c\u043e\u0433\u043e \u0441\u0430\u043c\u043e\u0433\u043e, \u0442\u0430\u043a \u0456 \u0434\u043b\u044f \u043e\u0442\u043e\u0447\u0443\u044e\u0447\u0438\u0445 - \u0432\u0430\u043d\u0442\u0430\u0436\u0456\u0432, \u0431\u0443\u0434\u0456\u0432\u0435\u043b\u044c, \u0456\u043d\u0448\u0438\u0445 \u043b\u044e\u0434\u0435\u0439, \u0449\u043e \u0437\u043d\u0430\u0445\u043e\u0434\u044f\u0442\u044c\u0441\u044f \u0432 \u0440\u043e\u0431\u043e\u0447\u0456\u0439 \u0437\u043e\u043d\u0456 \u043e\u0431\u043b\u0430\u0434\u043d\u0430\u043d\u043d\u044f. \u0412\u0456\u0434\u0432\u0456\u0434\u0430\u0432\u0448\u0438 <a href=\"https:\/\/szkolenia-udt.pl\/ua\/kursy\/hds\/\">\u043a\u0443\u0440\u0441 HDS<\/a>\u0423\u0447\u0430\u0441\u043d\u0438\u043a \u0437\u0430\u0432\u0436\u0434\u0438 \u043e\u0442\u0440\u0438\u043c\u0443\u0454 \u043d\u0430\u043b\u0435\u0436\u043d\u0456 \u0437\u043d\u0430\u043d\u043d\u044f \u0437 \u0431\u0435\u0437\u043f\u0435\u0447\u043d\u043e\u0433\u043e \u0437\u0430\u0441\u0442\u043e\u0441\u0443\u0432\u0430\u043d\u043d\u044f \u043a\u0440\u0430\u043d\u0430, \u0449\u043e \u0454 \u043f\u0456\u0434\u0441\u0442\u0430\u0432\u043e\u044e \u0434\u043b\u044f \u043e\u0442\u0440\u0438\u043c\u0430\u043d\u043d\u044f \u043b\u0456\u0446\u0435\u043d\u0437\u0456\u0457 \u043d\u0430 \u0432\u0438\u043a\u043e\u043d\u0430\u043d\u043d\u044f \u0440\u043e\u0431\u0456\u0442 \u043f\u0456\u0434\u0432\u0438\u0449\u0435\u043d\u043e\u0457 \u043d\u0435\u0431\u0435\u0437\u043f\u0435\u043a\u0438 \u043f\u0456\u0434 \u0447\u0430\u0441 \u0441\u043a\u043b\u0430\u0434\u0430\u043d\u043d\u044f \u0456\u0441\u043f\u0438\u0442\u0443 \u043f\u0435\u0440\u0435\u0434 \u043a\u043e\u043c\u0456\u0441\u0456\u0454\u044e UDT.<\/p>\n<p><strong>\u0414\u0456\u0457, \u044f\u043a\u0456 \u043d\u0435 \u043c\u043e\u0436\u043d\u0430 \u0432\u0438\u043a\u043e\u043d\u0443\u0432\u0430\u0442\u0438 \u043f\u0440\u0438 \u0440\u043e\u0431\u043e\u0442\u0456 \u0437 \u0432\u0430\u043d\u0442\u0430\u0436\u043d\u0438\u043c \u043a\u0440\u0430\u043d\u043e\u043c:<\/strong><\/p>\n<ul>\n<li>\u043f\u0456\u0434\u0456\u0439\u043c\u0430\u043d\u043d\u044f \u0432\u0430\u043d\u0442\u0430\u0436\u0456\u0432 \u0437 \u043d\u0435\u0432\u0456\u0434\u043e\u043c\u0438\u043c\u0438 \u043f\u0430\u0440\u0430\u043c\u0435\u0442\u0440\u0430\u043c\u0438, \u0432 \u0442\u043e\u043c\u0443 \u0447\u0438\u0441\u043b\u0456 \u043f\u0456\u0434\u0456\u0439\u043c\u0430\u043d\u043d\u044f \u0432\u0430\u043d\u0442\u0430\u0436\u0456\u0432 \u0431\u0435\u0437 \u0437\u043d\u0430\u043d\u043d\u044f \u0457\u0445 \u0432\u0430\u0433\u0438 \u0442\u0430 \u0432\u0430\u043d\u0442\u0430\u0436\u0456\u0432, \u0449\u043e \u043f\u0435\u0440\u0435\u0432\u0438\u0449\u0443\u044e\u0442\u044c \u0434\u043e\u043f\u0443\u0441\u0442\u0438\u043c\u0443 \u0432\u0430\u043d\u0442\u0430\u0436\u043e\u043f\u0456\u0434\u0439\u043e\u043c\u043d\u0456\u0441\u0442\u044c \u043e\u0431\u043b\u0430\u0434\u043d\u0430\u043d\u043d\u044f<\/li>\n<li>\u043f\u0456\u0434\u0439\u043e\u043c \u0432\u0430\u043d\u0442\u0430\u0436\u0456\u0432, \u044f\u043a\u0456 \u043c\u0456\u0446\u043d\u043e \u043f\u0440\u0438\u043a\u0440\u0456\u043f\u043b\u0435\u043d\u0456 \u0434\u043e \u0437\u0435\u043c\u043b\u0456 \u0430\u0431\u043e \u0432\u043c\u0435\u0440\u0437\u043b\u0438 \u0432 \u0437\u0435\u043c\u043b\u044e<\/li>\n<li>\u041f\u0440\u043e\u0432\u0435\u0434\u0435\u043d\u043d\u044f \u043d\u0430\u0432\u0430\u043d\u0442\u0430\u0436\u0443\u0432\u0430\u043b\u044c\u043d\u0438\u0445 \u0440\u043e\u0431\u0456\u0442 \u0431\u0435\u0437 \u0432\u0441\u0442\u0430\u043d\u043e\u0432\u043b\u0435\u043d\u0438\u0445 \u043e\u043f\u043e\u0440 \u0434\u043e\u043a\u043b\u0435\u0432\u0435\u043b\u0435\u0440\u0430<\/li>\n<li>\u0440\u043e\u0431\u043e\u0442\u0430 \u0437 \u043d\u0435\u043f\u0440\u0430\u0446\u044e\u044e\u0447\u0438\u043c \u043a\u0440\u0430\u043d\u043e\u043c \u0432\u0438\u0441\u043e\u043a\u043e\u0433\u043e \u0442\u0438\u0441\u043a\u0443<\/li>\n<li>\u0432\u0438\u043a\u043e\u0440\u0438\u0441\u0442\u0430\u043d\u043d\u044f \u043d\u0435\u0441\u043f\u0440\u0430\u0432\u043d\u043e\u0433\u043e \u043e\u0431\u043b\u0430\u0434\u043d\u0430\u043d\u043d\u044f - \u043a\u0430\u043d\u0430\u0442\u0456\u0432, \u0441\u0442\u0440\u043e\u043f\u0456\u0432, \u0433\u0430\u043a\u0456\u0432<\/li>\n<li>\u0440\u043e\u0431\u043e\u0442\u0430 \u043a\u0440\u0430\u043d\u043e\u043c, \u044f\u043a\u0438\u0439 \u043d\u0435 \u043c\u0430\u0454 \u0447\u0438\u043d\u043d\u043e\u0433\u043e \u0440\u0456\u0448\u0435\u043d\u043d\u044f \u0423\u0411\u0414 \u043d\u0430 \u043f\u0440\u0430\u0432\u043e \u0439\u043e\u0433\u043e \u0435\u043a\u0441\u043f\u043b\u0443\u0430\u0442\u0430\u0446\u0456\u0457<\/li>\n<li>\u0440\u043e\u0431\u043e\u0442\u0430 \u0437 \u043a\u0440\u0430\u043d\u043e\u043c, \u044f\u043a\u0438\u0439 \u043d\u0435 \u043c\u0430\u0454 \u043f\u043e\u0442\u043e\u0447\u043d\u043e\u0433\u043e \u0437\u0430\u043f\u0438\u0441\u0443 \u0432 \u0436\u0443\u0440\u043d\u0430\u043b\u0456 \u0442\u0435\u0445\u043d\u0456\u0447\u043d\u043e\u0433\u043e \u043e\u0431\u0441\u043b\u0443\u0433\u043e\u0432\u0443\u0432\u0430\u043d\u043d\u044f<\/li>\n<li>\u043f\u0435\u0440\u0435\u043c\u0456\u0449\u0435\u043d\u043d\u044f \u0432\u0430\u043d\u0442\u0430\u0436\u0456\u0432 \u0431\u0435\u0437\u043f\u043e\u0441\u0435\u0440\u0435\u0434\u043d\u044c\u043e \u043d\u0430\u0434 \u0440\u043e\u0431\u043e\u0447\u0438\u043c\u0438 \u043c\u0456\u0441\u0446\u044f\u043c\u0438 \u0430\u0431\u043e \u043b\u044e\u0434\u044c\u043c\u0438<\/li>\n<li>\u043f\u0435\u0440\u0435\u043d\u0435\u0441\u0435\u043d\u043d\u044f \u0432\u0430\u043d\u0442\u0430\u0436\u0443 \u043d\u0430\u0434 \u043a\u0430\u0431\u0456\u043d\u043e\u044e \u043e\u043f\u0435\u0440\u0430\u0442\u043e\u0440\u0430<\/li>\n<li>\u0440\u043e\u0431\u043e\u0442\u0430 \u043d\u0430 \u043d\u0435\u0432\u0456\u0434\u043f\u043e\u0432\u0456\u0434\u043d\u043e\u043c\u0443 \u0440\u0435\u043b\u044c\u0454\u0444\u0456 - \u0437\u0430\u043d\u0430\u0434\u0442\u043e \u043f\u043e\u0445\u0438\u043b\u043e\u043c\u0443 \u0430\u0431\u043e \u043d\u0430 \u0491\u0440\u0443\u043d\u0442\u0456 \u0437 \u043d\u0438\u0437\u044c\u043a\u043e\u044e \u043d\u0435\u0441\u0443\u0447\u043e\u044e \u0437\u0434\u0430\u0442\u043d\u0456\u0441\u0442\u044e<\/li>\n<li>\u0440\u043e\u0431\u043e\u0442\u0438 \u043f\u043e\u0431\u043b\u0438\u0437\u0443 \u043d\u0435\u043f\u0456\u0434\u043a\u043b\u044e\u0447\u0435\u043d\u0438\u0445 \u0456 \u043d\u0435\u0437\u0430\u0437\u0435\u043c\u043b\u0435\u043d\u0438\u0445 \u043b\u0456\u043d\u0456\u0439 \u0435\u043b\u0435\u043a\u0442\u0440\u043e\u043f\u0435\u0440\u0435\u0434\u0430\u0447<\/li>\n<li>\u0442\u0430 \u0456\u043d\u0448\u0456 \u0432\u0438\u0434\u0438 \u0434\u0456\u044f\u043b\u044c\u043d\u043e\u0441\u0442\u0456, \u043f\u043e\u0432'\u044f\u0437\u0430\u043d\u0456 \u0437 \u0440\u0438\u0437\u0438\u043a\u043e\u043c \u0432\u0438\u043d\u0438\u043a\u043d\u0435\u043d\u043d\u044f \u0430\u0432\u0430\u0440\u0456\u0439\u043d\u043e\u0457 \u0441\u0438\u0442\u0443\u0430\u0446\u0456\u0457<\/li>\n<\/ul>\n<p>\u042f\u043a\u0449\u043e \u043e\u0431\u043b\u0430\u0434\u043d\u0430\u043d\u043d\u044f \u043d\u0435 \u043f\u0456\u0434\u0433\u043e\u0442\u043e\u0432\u043b\u0435\u043d\u043e \u043d\u0430\u043b\u0435\u0436\u043d\u0438\u043c \u0447\u0438\u043d\u043e\u043c \u0434\u043e \u0440\u043e\u0431\u043e\u0442\u0438, \u043e\u043f\u0435\u0440\u0430\u0442\u043e\u0440 \u043c\u0430\u0454 \u043f\u0440\u0430\u0432\u043e \u0432\u0456\u0434\u043c\u043e\u0432\u0438\u0442\u0438\u0441\u044f \u0432\u0456\u0434 \u043f\u0440\u043e\u0434\u043e\u0432\u0436\u0435\u043d\u043d\u044f \u0440\u043e\u0431\u043e\u0442\u0438. \u041f\u0440\u043e \u043f\u0440\u0438\u0447\u0438\u043d\u0443 \u0432\u0456\u0434\u043c\u043e\u0432\u0438 \u0432\u0456\u043d \u043f\u043e\u0432\u0438\u043d\u0435\u043d \u043d\u0435\u0433\u0430\u0439\u043d\u043e \u043f\u043e\u0432\u0456\u0434\u043e\u043c\u0438\u0442\u0438 \u0441\u0432\u043e\u0433\u043e \u043a\u0435\u0440\u0456\u0432\u043d\u0438\u043a\u0430.<\/p>\n<p>\u042f\u043a\u0449\u043e \u0412\u0438 \u0431\u0430\u0436\u0430\u0454\u0442\u0435 \u043e\u0442\u0440\u0438\u043c\u0430\u0442\u0438 \u043b\u0456\u0446\u0435\u043d\u0437\u0456\u044e HDS, <a href=\"https:\/\/szkolenia-udt.pl\/ua\/kontakt\/\">\u0449\u0438\u0440\u043e \u0437\u0430\u043f\u0440\u043e\u0448\u0443\u0454\u043c\u043e<\/a> \u0432\u0438\u043a\u043e\u0440\u0438\u0441\u0442\u043e\u0432\u0443\u0432\u0430\u0442\u0438 <a href=\"https:\/\/szkolenia-udt.pl\/ua\/oferta\/\">\u043d\u0430\u0448\u0430 \u043f\u0440\u043e\u043f\u043e\u0437\u0438\u0446\u0456\u044f<\/a>. \u041a\u0443\u0440\u0441 HDS \u0432 \u043d\u0430\u0448\u043e\u043c\u0443 <a href=\"https:\/\/szkolenia-udt.pl\/ua\/o-firmie\/\">\u041a\u0443\u0440\u043e\u0440\u0442<\/a> \u0446\u0435 \u0448\u0438\u0440\u043e\u043a\u0456 \u0437\u043d\u0430\u043d\u043d\u044f \u0432 \u043e\u0431\u043b\u0430\u0441\u0442\u0456 \u0442\u0435\u0445\u043d\u0456\u043a\u0438 \u0431\u0435\u0437\u043f\u0435\u043a\u0438, \u0442\u043e\u043c\u0443 \u043f\u0456\u0441\u043b\u044f \u0439\u043e\u0433\u043e \u0437\u0430\u043a\u0456\u043d\u0447\u0435\u043d\u043d\u044f \u0432\u0438 \u0437\u043c\u043e\u0436\u0435\u0442\u0435 \u0431\u0435\u0437\u043f\u0435\u0447\u043d\u043e \u043f\u0440\u0430\u0446\u044e\u0432\u0430\u0442\u0438 \u043c\u0430\u0448\u0438\u043d\u0456\u0441\u0442\u043e\u043c \u0432\u0430\u043d\u0442\u0430\u0436\u043d\u043e\u0433\u043e \u043a\u0440\u0430\u043d\u0430.<\/p>\n<\/div>","protected":false},"excerpt":{"rendered":"<p>Podczas pracy operator \u017curawia prze\u0142adunkowego HDS powinien pami\u0119ta\u0107 o wymogach bezpiecze\u0144stwa i przepisach BHP. W ten spos\u00f3b jest w stanie zapobiega\u0107 wypadkom podczas pracy, kt\u00f3re mog\u0105 nie\u015b\u0107 zagro\u017cenie zar\u00f3wno dla niego samego, jak i dla otoczenia \u2013 \u0142adunk\u00f3w, budynk\u00f3w, innych os\u00f3b przebywaj\u0105cych w strefie pracy urz\u0105dzenia. Odbywaj\u0105c kurs HDS, jego uczestnik otrzymuje zawsze odpowiedni\u0105 wiedz\u0119 [&hellip;]<\/p>\n","protected":false},"author":3,"featured_media":0,"parent":1116,"menu_order":0,"comment_status":"closed","ping_status":"closed","template":"","meta":{"footnotes":""},"class_list":["post-1127","page","type-page","status-publish","hentry"],"aioseo_notices":[],"_links":{"self":[{"href":"https:\/\/szkolenia-udt.pl\/ua\/wp-json\/wp\/v2\/pages\/1127","targetHints":{"allow":["GET"]}}],"collection":[{"href":"https:\/\/szkolenia-udt.pl\/ua\/wp-json\/wp\/v2\/pages"}],"about":[{"href":"https:\/\/szkolenia-udt.pl\/ua\/wp-json\/wp\/v2\/types\/page"}],"author":[{"embeddable":true,"href":"https:\/\/szkolenia-udt.pl\/ua\/wp-json\/wp\/v2\/users\/3"}],"replies":[{"embeddable":true,"href":"https:\/\/szkolenia-udt.pl\/ua\/wp-json\/wp\/v2\/comments?post=1127"}],"version-history":[{"count":4,"href":"https:\/\/szkolenia-udt.pl\/ua\/wp-json\/wp\/v2\/pages\/1127\/revisions"}],"predecessor-version":[{"id":2235,"href":"https:\/\/szkolenia-udt.pl\/ua\/wp-json\/wp\/v2\/pages\/1127\/revisions\/2235"}],"up":[{"embeddable":true,"href":"https:\/\/szkolenia-udt.pl\/ua\/wp-json\/wp\/v2\/pages\/1116"}],"wp:attachment":[{"href":"https:\/\/szkolenia-udt.pl\/ua\/wp-json\/wp\/v2\/media?parent=1127"}],"curies":[{"name":"wp","href":"https:\/\/api.w.org\/{rel}","templated":true}]}}