{"id":1131,"date":"2014-11-12T14:51:53","date_gmt":"2014-11-12T14:51:53","guid":{"rendered":"http:\/\/szkolenia-udt.pl\/?page_id=1131"},"modified":"2021-06-27T22:20:50","modified_gmt":"2021-06-27T22:20:50","slug":"%d0%bc%d0%b0%d1%88%d0%b8%d0%bd%d1%96%d1%81%d1%82-%d0%ba%d1%80%d0%b0%d0%bd%d0%b0-%d0%be%d0%b1%d0%be%d0%b2%d1%8f%d0%b7%d0%ba%d0%b8-hds","status":"publish","type":"page","link":"https:\/\/szkolenia-udt.pl\/ua\/kursy\/hds\/obowiazki-operatora-zurawia-przeladunkowego-hds\/","title":{"rendered":"\u041e\u0431\u043e\u0432&#039;\u044f\u0437\u043a\u0438 \u043c\u0430\u0448\u0438\u043d\u0456\u0441\u0442\u0430 \u043a\u0440\u0430\u043d\u0430-\u043c\u0430\u043d\u0456\u043f\u0443\u043b\u044f\u0442\u043e\u0440\u0430 HDS"},"content":{"rendered":"<div style=\"float: left; padding-right: 10px;\"><div id=\"metaslider-id-642\" style=\"max-width: 300px;\" class=\"ml-slider-3-107-0 metaslider metaslider-flex metaslider-642 ml-slider ms-theme-default nav-hidden\" role=\"region\" aria-label=\"\u041a\u0440\u0430\u043d\u0438\" data-height=\"225\" data-width=\"300\">\n    <div id=\"metaslider_container_642\">\n        <div id=\"metaslider_642\">\n            <ul class='slides'>\n                <li style=\"display: block; width: 100%;\" class=\"slide-647 ms-image\" aria-roledescription=\"slide\" data-date=\"2014-10-12 09:52:02\" data-filename=\"O\u015brodek-Szkolenia-Operator\u00f3w.jpg\" data-slide-type=\"image\"><img loading=\"lazy\" decoding=\"async\" src=\"https:\/\/szkolenia-udt.pl\/wp-content\/uploads\/2014\/10\/O\u015brodek-Szkolenia-Operator\u00f3w.jpg\" height=\"225\" width=\"300\" alt=\"\" class=\"slider-642 slide-647 msDefaultImage\" \/><\/li>\n                <li style=\"display: none; width: 100%;\" class=\"slide-649 ms-image\" aria-roledescription=\"slide\" data-date=\"2014-10-12 09:52:03\" data-filename=\"Szkolenie-d\u017awigi.jpg\" data-slide-type=\"image\"><img loading=\"lazy\" decoding=\"async\" src=\"https:\/\/szkolenia-udt.pl\/wp-content\/uploads\/2014\/10\/Szkolenie-d\u017awigi.jpg\" height=\"225\" width=\"300\" alt=\"\u041a\u0440\u0430\u043d\u043e\u0432\u0438\u0439 \u043a\u0443\u0440\u0441\" class=\"slider-642 slide-649 msDefaultImage\" \/><\/li>\n                <li style=\"display: none; width: 100%;\" class=\"slide-650 ms-image\" aria-roledescription=\"slide\" data-date=\"2014-10-12 09:52:03\" data-filename=\"Uprawnienia-UDT1.jpg\" data-slide-type=\"image\"><img loading=\"lazy\" decoding=\"async\" src=\"https:\/\/szkolenia-udt.pl\/wp-content\/uploads\/2014\/10\/Uprawnienia-UDT1.jpg\" height=\"225\" width=\"300\" alt=\"\" class=\"slider-642 slide-650 msDefaultImage\" \/><\/li>\n                <li style=\"display: none; width: 100%;\" class=\"slide-648 ms-image\" aria-roledescription=\"slide\" data-date=\"2014-10-12 09:52:02\" data-filename=\"szkolenia-d\u017awigi.jpg\" data-slide-type=\"image\"><img loading=\"lazy\" decoding=\"async\" src=\"https:\/\/szkolenia-udt.pl\/wp-content\/uploads\/2014\/10\/szkolenia-d\u017awigi.jpg\" height=\"225\" width=\"300\" alt=\"\u0426\u0435\u043d\u0442\u0440 \u043f\u0456\u0434\u0433\u043e\u0442\u043e\u0432\u043a\u0438 \u043e\u043f\u0435\u0440\u0430\u0442\u043e\u0440\u0456\u0432\" class=\"slider-642 slide-648 msDefaultImage\" \/><\/li>\n                <li style=\"display: none; width: 100%;\" class=\"slide-651 ms-image\" aria-roledescription=\"slide\" data-date=\"2014-10-12 09:52:04\" data-filename=\"zdj\u0119cie-d\u017awig.jpg\" data-slide-type=\"image\"><img loading=\"lazy\" decoding=\"async\" src=\"https:\/\/szkolenia-udt.pl\/wp-content\/uploads\/2014\/10\/zdj\u0119cie-d\u017awig.jpg\" height=\"225\" width=\"300\" alt=\"\u041d\u0430\u0432\u0447\u0430\u043b\u044c\u043d\u0456 \u043a\u0440\u0430\u043d\u0438. \u041a\u0432\u0430\u043b\u0456\u0444\u0456\u043a\u0430\u0446\u0456\u044f UDT\" class=\"slider-642 slide-651 msDefaultImage\" \/><\/li>\n            <\/ul>\n        <\/div>\n        \n    <\/div>\n<\/div><\/div>\n<div class=\"wyjustuj\">\n<p>\u041c\u0430\u0448\u0438\u043d\u0456\u0441\u0442 \u0432\u0430\u043d\u0442\u0430\u0436\u043e\u043f\u0456\u0434\u0456\u0439\u043c\u0430\u043b\u044c\u043d\u043e\u0433\u043e \u043a\u0440\u0430\u043d\u0430 \u043f\u043e\u0432\u0438\u043d\u0435\u043d \u043c\u0430\u0442\u0438 \u0432\u0456\u0434\u043f\u043e\u0432\u0456\u0434\u043d\u0443 \u043b\u0456\u0446\u0435\u043d\u0437\u0456\u044e \u043d\u0430 \u0432\u0438\u043a\u043e\u043d\u0430\u043d\u043d\u044f \u0440\u043e\u0431\u0456\u0442 \u043f\u0456\u0434\u0432\u0438\u0449\u0435\u043d\u043e\u0457 \u043d\u0435\u0431\u0435\u0437\u043f\u0435\u043a\u0438. \u0412\u043e\u043d\u0438 \u043d\u0430\u0434\u0430\u044e\u0442\u044c\u0441\u044f \u043e\u0441\u043e\u0431\u0430\u043c, \u044f\u043a\u0456 \u0437\u0430\u043a\u0456\u043d\u0447\u0438\u043b\u0438 <a href=\"https:\/\/szkolenia-udt.pl\/ua\/kursy\/hds\/\">\u043a\u0443\u0440\u0441 HDS<\/a> \u0456 \u0443\u0441\u043f\u0456\u0448\u043d\u043e \u0441\u043a\u043b\u0430\u043b\u0438 \u0456\u0441\u043f\u0438\u0442 \u043f\u0435\u0440\u0435\u0434 \u043a\u043e\u043c\u0456\u0441\u0456\u0454\u044e \u0412\u0414\u0422, \u043e\u043f\u0435\u0440\u0430\u0442\u043e\u0440 \u043e\u0431\u043b\u0430\u0434\u043d\u0430\u043d\u043d\u044f \u043d\u0435 \u043c\u043e\u0436\u0435 \u043f\u0440\u0438\u0441\u0442\u0443\u043f\u0438\u0442\u0438 \u0434\u043e \u0440\u043e\u0431\u043e\u0442\u0438 \u043d\u0435\u0433\u0430\u0439\u043d\u043e. \u0419\u043e\u0433\u043e \u043e\u0431\u043e\u0432'\u044f\u0437\u043a\u0438 \u043f\u043e\u0434\u0456\u043b\u044f\u044e\u0442\u044c\u0441\u044f \u043d\u0430 \u0442\u0456, \u0449\u043e \u0432\u0438\u043a\u043e\u043d\u0443\u044e\u0442\u044c\u0441\u044f \u0434\u043e, \u043f\u0456\u0434 \u0447\u0430\u0441 \u0442\u0430 \u043f\u0456\u0441\u043b\u044f \u0440\u043e\u0431\u043e\u0442\u0438 - \u0446\u044c\u043e\u043c\u0443 \u043d\u0430\u0432\u0447\u0430\u044e\u0442\u044c \u043d\u0430 \u043a\u043e\u0436\u043d\u043e\u043c\u0443 \u043a\u0443\u0440\u0441\u0456 \u0437 \u0411\u0416\u0414.<\/p>\n<h2 class=\"boldnagl\"><strong>\u041e\u0431\u043e\u0432'\u044f\u0437\u043a\u0438 \u043f\u0435\u0440\u0435\u0434 \u043f\u043e\u0447\u0430\u0442\u043a\u043e\u043c \u0440\u043e\u0431\u043e\u0442\u0438<\/strong><\/h2>\n<ul>\n<li>\u041e\u0437\u043d\u0430\u0439\u043e\u043c\u043b\u0435\u043d\u043d\u044f \u0437 \u0434\u043e\u043a\u0443\u043c\u0435\u043d\u0442\u0430\u0446\u0456\u0454\u044e - \u0442\u0435\u0445\u043d\u0456\u0447\u043d\u043e\u044e \u0442\u0430 \u0435\u043a\u0441\u043f\u043b\u0443\u0430\u0442\u0430\u0446\u0456\u0439\u043d\u043e\u044e \u0434\u043e\u043a\u0443\u043c\u0435\u043d\u0442\u0430\u0446\u0456\u0454\u044e \u043a\u0440\u0430\u043d\u0430 \u0442\u0430 \u0456\u043d\u0441\u0442\u0440\u0443\u043a\u0446\u0456\u0454\u044e \u0437 \u0435\u043a\u0441\u043f\u043b\u0443\u0430\u0442\u0430\u0446\u0456\u0457, \u0441\u0432\u0456\u0434\u043e\u0446\u0442\u0432\u043e\u043c \u043f\u0440\u043e \u0434\u043e\u043f\u0443\u0441\u043a \u043a\u0440\u0430\u043d\u0430 \u0434\u043e \u0440\u043e\u0431\u043e\u0442\u0438 \u0442\u0430 \u043a\u043d\u0438\u0433\u043e\u044e \u0442\u0435\u0445\u043d\u0456\u0447\u043d\u043e\u0433\u043e \u043e\u0431\u0441\u043b\u0443\u0433\u043e\u0432\u0443\u0432\u0430\u043d\u043d\u044f, \u0432\u0456\u0434\u0441\u0443\u0442\u043d\u0456\u0441\u0442\u044c \u0445\u043e\u0447\u0430 \u0431 \u043e\u0434\u043d\u043e\u0433\u043e \u0437 \u0446\u0438\u0445 \u0434\u043e\u043a\u0443\u043c\u0435\u043d\u0442\u0456\u0432 \u043e\u0437\u043d\u0430\u0447\u0430\u0454, \u0449\u043e \u0440\u043e\u0431\u043e\u0442\u0430 \u043d\u0435 \u043c\u043e\u0436\u0435 \u0431\u0443\u0442\u0438 \u0440\u043e\u0437\u043f\u043e\u0447\u0430\u0442\u0430<\/li>\n<li>\u043f\u0440\u043e\u0432\u043e\u0434\u0438\u0442\u0438 \u0449\u043e\u0434\u0435\u043d\u043d\u0435 \u043e\u0431\u0441\u043b\u0443\u0433\u043e\u0432\u0443\u0432\u0430\u043d\u043d\u044f \u043e\u0431\u043b\u0430\u0434\u043d\u0430\u043d\u043d\u044f \u0432\u0456\u0434\u043f\u043e\u0432\u0456\u0434\u043d\u043e \u0434\u043e \u0456\u043d\u0441\u0442\u0440\u0443\u043a\u0446\u0456\u0439 \u0432\u0438\u0440\u043e\u0431\u043d\u0438\u043a\u0430 - \u0432\u0456\u0437\u0443\u0430\u043b\u044c\u043d\u043e \u043e\u0433\u043b\u044f\u0434\u0430\u0442\u0438 \u043e\u0431\u043b\u0430\u0434\u043d\u0430\u043d\u043d\u044f \u0442\u0430 \u043f\u0435\u0440\u0435\u0432\u0456\u0440\u044f\u0442\u0438 \u0433\u0435\u0440\u043c\u0435\u0442\u0438\u0447\u043d\u0456\u0441\u0442\u044c \u0432\u0443\u0437\u043b\u0456\u0432, \u0440\u043e\u0431\u043e\u0442\u0443 \u0433\u0456\u0434\u0440\u0430\u0432\u043b\u0456\u0447\u043d\u0438\u0445 \u0437\u0430\u043c\u043a\u0456\u0432, \u0432\u0438\u0441\u0443\u0432\u0430\u043d\u043d\u044f \u043e\u043f\u043e\u0440, \u043f\u0435\u0440\u0435\u0432\u0456\u0440\u044f\u0442\u0438 \u0437\u0430\u043f\u043e\u0431\u0456\u0436\u043d\u0456 \u043f\u0440\u0438\u0441\u0442\u0440\u043e\u0457 \u0442\u0430 \u0431\u043b\u043e\u043a\u0443\u0432\u0430\u043d\u043d\u044f<\/li>\n<li>\u043f\u0440\u043e \u0432\u0438\u044f\u0432\u043b\u0435\u043d\u0456 \u043f\u043e\u0440\u0443\u0448\u0435\u043d\u043d\u044f \u0441\u043b\u0456\u0434 \u0434\u043e\u043f\u043e\u0432\u0456\u0434\u0430\u0442\u0438 \u0432\u0438\u0449\u0435\u0441\u0442\u043e\u044f\u0449\u043e\u043c\u0443 \u043d\u0430\u0447\u0430\u043b\u044c\u043d\u0438\u043a\u0443<\/li>\n<\/ul>\n<h2 class=\"boldnagl\"><strong>\u041e\u0431\u043e\u0432'\u044f\u0437\u043a\u0438 \u043f\u0456\u0434 \u0447\u0430\u0441 \u0440\u043e\u0431\u043e\u0442\u0438<\/strong><\/h2>\n<ul>\n<li>\u043f\u0435\u0440\u0435\u0432\u0456\u0440\u043a\u0430 \u043c\u0430\u0439\u0434\u0430\u043d\u0447\u0438\u043a\u0430 \u0456 \u0432\u0438\u0437\u043d\u0430\u0447\u0435\u043d\u043d\u044f \u0434\u0456\u0430\u043f\u0430\u0437\u043e\u043d\u0443 \u0440\u043e\u0431\u043e\u0442\u0438 \u043a\u0440\u0430\u043d\u0430<\/li>\n<li>\u043f\u0456\u0434\u0433\u043e\u0442\u043e\u0432\u043a\u0430 \u043a\u0440\u0430\u043d\u0430 \u0434\u043e \u0432\u0430\u043d\u0442\u0430\u0436\u043d\u0438\u0445 \u0440\u043e\u0431\u0456\u0442<\/li>\n<li>\u043f\u0440\u0430\u0432\u0438\u043b\u044c\u043d\u0435 \u0437\u0447\u0435\u043f\u043b\u0435\u043d\u043d\u044f \u0442\u0430 \u043a\u0440\u0456\u043f\u043b\u0435\u043d\u043d\u044f \u0432\u0430\u043d\u0442\u0430\u0436\u0443<\/li>\n<li>\u043f\u043e\u0441\u0442\u0456\u0439\u043d\u0435 \u0441\u043f\u043e\u0441\u0442\u0435\u0440\u0435\u0436\u0435\u043d\u043d\u044f \u0437\u0430 \u0432\u0430\u043d\u0442\u0430\u0436\u0435\u043c \u0456 \u043a\u0440\u0430\u043d\u043e\u043c \u043f\u0456\u0434 \u0447\u0430\u0441 \u0440\u043e\u0431\u043e\u0442\u0438, \u0430 \u0442\u0430\u043a\u043e\u0436 \u0437\u0430 \u043f\u0440\u0438\u043b\u0435\u0433\u043b\u043e\u044e \u0442\u0435\u0440\u0438\u0442\u043e\u0440\u0456\u0454\u044e<\/li>\n<li>\u0441\u0442\u0435\u0436\u0438\u0442\u0438 \u0437\u0430 \u0434\u043e\u043f\u0443\u0441\u0442\u0438\u043c\u0438\u043c \u043d\u0430\u0432\u0430\u043d\u0442\u0430\u0436\u0435\u043d\u043d\u044f\u043c \u043a\u0440\u0430\u043d\u0430<\/li>\n<li>\u0434\u043e\u0442\u0440\u0438\u043c\u0430\u043d\u043d\u044f \u0441\u0438\u0433\u043d\u0430\u043b\u0456\u0432 \u0456 \u0437\u043d\u0430\u043a\u0456\u0432<\/li>\n<li>\u043d\u0435\u0433\u0430\u0439\u043d\u0435 \u0440\u0435\u0430\u0433\u0443\u0432\u0430\u043d\u043d\u044f \u0443 \u0440\u0430\u0437\u0456 \u0432\u0438\u043d\u0438\u043a\u043d\u0435\u043d\u043d\u044f \u0430\u0432\u0430\u0440\u0456\u0439\u043d\u043e\u0457 \u0441\u0438\u0442\u0443\u0430\u0446\u0456\u0457 \u0430\u0431\u043e \u0437\u0430\u0433\u0440\u043e\u0437\u0438 \u0457\u0457 \u0432\u0438\u043d\u0438\u043a\u043d\u0435\u043d\u043d\u044f<\/li>\n<\/ul>\n<div style=\"float: right; padding-left: 10px;\"><div id=\"metaslider-id-584\" style=\"max-width: 300px;\" class=\"ml-slider-3-107-0 metaslider metaslider-flex metaslider-584 ml-slider ms-theme-default nav-hidden nav-hidden\" role=\"region\" aria-label=\"\u041a\u043e\u043d\u0441\u0442\u0440\u0443\u043a\u0446\u0456\u044f \u0432\u0456\u0437\u043a\u0430\" data-height=\"225\" data-width=\"300\">\n    <div id=\"metaslider_container_584\">\n        <div id=\"metaslider_584\">\n            <ul class='slides'>\n                <li style=\"display: block; width: 100%;\" class=\"slide-586 ms-image\" aria-roledescription=\"slide\" data-date=\"2014-10-12 05:43:37\" data-filename=\"Kurs-na-w\u00f3zki-wid\u0142owe.jpg\" data-slide-type=\"image\"><img loading=\"lazy\" decoding=\"async\" src=\"https:\/\/szkolenia-udt.pl\/wp-content\/uploads\/2014\/10\/Kurs-na-w\u00f3zki-wid\u0142owe.jpg\" height=\"225\" width=\"300\" alt=\"\u041a\u0443\u0440\u0441 \u043d\u0430\u0432\u0430\u043d\u0442\u0430\u0436\u0443\u0432\u0430\u0447\u0430\" class=\"slider-584 slide-586 msDefaultImage\" \/><\/li>\n                <li style=\"display: none; width: 100%;\" class=\"slide-591 ms-image\" aria-roledescription=\"slide\" data-date=\"2014-10-12 05:43:41\" data-filename=\"Kursy-W\u00f3zki-wid\u0142owe.jpg\" data-slide-type=\"image\"><img loading=\"lazy\" decoding=\"async\" src=\"https:\/\/szkolenia-udt.pl\/wp-content\/uploads\/2014\/10\/Kursy-W\u00f3zki-wid\u0142owe.jpg\" height=\"225\" width=\"300\" alt=\"\u041a\u0443\u0440\u0441 \u043e\u043f\u0435\u0440\u0430\u0442\u043e\u0440\u0430 \u043d\u0430\u0432\u0430\u043d\u0442\u0430\u0436\u0443\u0432\u0430\u0447\u0430\" class=\"slider-584 slide-591 msDefaultImage\" \/><\/li>\n                <li style=\"display: none; width: 100%;\" class=\"slide-596 ms-image\" aria-roledescription=\"slide\" data-date=\"2014-10-12 05:43:44\" data-filename=\"Szkolenie-W\u00f3zki-wid\u0142owe1.jpg\" data-slide-type=\"image\"><img loading=\"lazy\" decoding=\"async\" src=\"https:\/\/szkolenia-udt.pl\/wp-content\/uploads\/2014\/10\/Szkolenie-W\u00f3zki-wid\u0142owe1.jpg\" height=\"225\" width=\"300\" alt=\"\" class=\"slider-584 slide-596 msDefaultImage\" \/><\/li>\n                <li style=\"display: none; width: 100%;\" class=\"slide-685 ms-image\" aria-roledescription=\"slide\" data-date=\"2014-10-12 11:03:23\" data-filename=\"Kursy-urz\u0105dzenia-manipulacji-kontenerami.jpg\" data-slide-type=\"image\"><img loading=\"lazy\" decoding=\"async\" src=\"https:\/\/szkolenia-udt.pl\/wp-content\/uploads\/2014\/10\/Kursy-urz\u0105dzenia-manipulacji-kontenerami.jpg\" height=\"225\" width=\"300\" alt=\"\u0426\u0435\u043d\u0442\u0440 \u043f\u0456\u0434\u0433\u043e\u0442\u043e\u0432\u043a\u0438 \u043e\u043f\u0435\u0440\u0430\u0442\u043e\u0440\u0456\u0432 \u0443 \u0412\u0430\u0440\u0448\u0430\u0432\u0456\" class=\"slider-584 slide-685 msDefaultImage\" \/><\/li>\n                <li style=\"display: none; width: 100%;\" class=\"slide-679 ms-image\" aria-roledescription=\"slide\" data-date=\"2014-10-12 10:48:10\" data-filename=\"OSO-Warszawa2.jpg\" data-slide-type=\"image\"><img loading=\"lazy\" decoding=\"async\" src=\"https:\/\/szkolenia-udt.pl\/wp-content\/uploads\/2014\/10\/OSO-Warszawa2.jpg\" height=\"225\" width=\"300\" alt=\"\" class=\"slider-584 slide-679 msDefaultImage\" \/><\/li>\n            <\/ul>\n        <\/div>\n        \n    <\/div>\n<\/div><\/div>\n<h2 class=\"boldnagl\"><strong>\u041e\u0431\u043e\u0432'\u044f\u0437\u043a\u0438 \u043f\u0456\u0441\u043b\u044f \u0440\u043e\u0431\u043e\u0442\u0438<\/strong><\/h2>\n<ul>\n<li>\u0441\u043a\u043b\u0430\u0434\u0430\u043d\u043d\u044f \u043a\u0440\u0430\u043d\u0430 \u0432 \u0442\u0440\u0430\u043d\u0441\u043f\u043e\u0440\u0442\u043d\u0435 \u043f\u043e\u043b\u043e\u0436\u0435\u043d\u043d\u044f<\/li>\n<li>\u0441\u043a\u043b\u0430\u0434\u0430\u043d\u043d\u044f \u043e\u043f\u043e\u0440 \u0443 \u0442\u0440\u0430\u043d\u0441\u043f\u043e\u0440\u0442\u043d\u0435 \u043f\u043e\u043b\u043e\u0436\u0435\u043d\u043d\u044f \u0442\u0430 \u0457\u0445 \u0444\u0456\u043a\u0441\u0430\u0446\u0456\u044f<\/li>\n<li>\u043f\u0435\u0440\u0435\u0432\u0456\u0440\u043a\u0430 \u0442\u043e\u0433\u043e, \u0447\u0438 \u043d\u0435 \u0441\u0442\u0430\u043d\u043e\u0432\u043b\u044f\u0442\u044c \u043d\u0435\u0431\u0435\u0437\u043f\u0435\u043a\u0438 \u0432\u0430\u043d\u0442\u0430\u0436\u0456<\/li>\n<li>\u0441\u0443\u043f\u0440\u043e\u0432\u0456\u0434 \u0430\u0432\u0442\u043e\u043c\u043e\u0431\u0456\u043b\u044f \u0432 \u0433\u0430\u0440\u0430\u0436<\/li>\n<li>\u043e\u0447\u0438\u0449\u0435\u043d\u043d\u044f \u0440\u043e\u0431\u043e\u0447\u0438\u0445 \u0435\u043b\u0435\u043c\u0435\u043d\u0442\u0456\u0432 \u0432\u0456\u0434 \u0431\u0440\u0443\u0434\u0443<\/li>\n<li>\u0437\u0430\u0445\u0438\u0441\u0442 \u043e\u0431\u043b\u0430\u0434\u043d\u0430\u043d\u043d\u044f \u0432\u0456\u0434 \u0432\u0438\u043a\u043e\u0440\u0438\u0441\u0442\u0430\u043d\u043d\u044f \u0441\u0442\u043e\u0440\u043e\u043d\u043d\u0456\u043c\u0438 \u043e\u0441\u043e\u0431\u0430\u043c\u0438, \u044f\u043a\u0456 \u043d\u0435 \u043c\u0430\u044e\u0442\u044c \u0432\u0456\u0434\u043f\u043e\u0432\u0456\u0434\u043d\u043e\u0457 \u043a\u0432\u0430\u043b\u0456\u0444\u0456\u043a\u0430\u0446\u0456\u0457<\/li>\n<li>\u043f\u0435\u0440\u0435\u0434\u0430\u0447\u0430 \u0434\u043e\u043a\u0443\u043c\u0435\u043d\u0442\u0456\u0432 \u0443\u043f\u043e\u0432\u043d\u043e\u0432\u0430\u0436\u0435\u043d\u0456\u0439 \u043e\u0441\u043e\u0431\u0456<\/li>\n<\/ul>\n<p>\u041f\u0456\u0434 \u0447\u0430\u0441 \u0431\u0435\u0437\u043f\u0435\u0440\u0435\u0440\u0432\u043d\u043e\u0457 \u0440\u043e\u0431\u043e\u0442\u0438 \u043a\u0440\u0430\u043d\u0430 \u043e\u043f\u0435\u0440\u0430\u0442\u043e\u0440 \u043f\u043e\u0432\u0438\u043d\u0435\u043d \u043f\u043e\u0441\u0442\u0456\u0439\u043d\u043e \u0441\u0442\u0435\u0436\u0438\u0442\u0438 \u0437\u0430 \u0439\u043e\u0433\u043e \u0441\u0442\u0430\u043d\u043e\u043c. \u041f\u0440\u0438 \u0432\u0438\u043d\u0438\u043a\u043d\u0435\u043d\u043d\u0456 \u043d\u0435\u0431\u0435\u0437\u043f\u0435\u043a\u0438 \u043d\u0435\u043e\u0431\u0445\u0456\u0434\u043d\u043e \u043d\u0435\u0433\u0430\u0439\u043d\u043e \u0440\u0435\u0430\u0433\u0443\u0432\u0430\u0442\u0438, \u0449\u043e\u0431 \u0437\u0430\u043f\u043e\u0431\u0456\u0433\u0442\u0438 \u043d\u0435\u0449\u0430\u0441\u043d\u043e\u043c\u0443 \u0432\u0438\u043f\u0430\u0434\u043a\u0443. \u0414\u043e\u0442\u0440\u0438\u043c\u0443\u044e\u0447\u0438\u0441\u044c \u043f\u0435\u0440\u0435\u0440\u0430\u0445\u043e\u0432\u0430\u043d\u0438\u0445 \u0432\u0438\u0449\u0435 \u043f\u0440\u0430\u0432\u0438\u043b, \u043e\u043f\u0435\u0440\u0430\u0442\u043e\u0440 \u043c\u043e\u0436\u0435 \u043f\u0440\u0430\u0446\u044e\u0432\u0430\u0442\u0438 \u0431\u0435\u0437\u043f\u0435\u0447\u043d\u043e \u0456, \u0442\u0430\u043a\u0438\u043c \u0447\u0438\u043d\u043e\u043c, \u043d\u0435 \u0441\u0442\u0432\u043e\u0440\u044e\u0454 \u0440\u0438\u0437\u0438\u043a\u0443 \u0434\u043b\u044f \u0441\u0435\u0431\u0435, \u0456\u043d\u0448\u0438\u0445 \u043f\u0440\u0430\u0446\u0456\u0432\u043d\u0438\u043a\u0456\u0432 \u0430\u0431\u043e \u043d\u0430\u0432\u043a\u043e\u043b\u0438\u0448\u043d\u044c\u043e\u0433\u043e \u0441\u0435\u0440\u0435\u0434\u043e\u0432\u0438\u0449\u0430.<\/p>\n<\/div>","protected":false},"excerpt":{"rendered":"<p>Operator \u017curawia prze\u0142adunkowego musi posiada\u0107 odpowiednie uprawnienia HDS. Nadawane s\u0105 one osobom, kt\u00f3re zako\u0144czy\u0142y kurs HDS i pozytywnie zaliczy\u0142y egzamin przed komisj\u0105 UDT.Operator urz\u0105dzenia nie mo\u017ce przyst\u0105pi\u0107 do pracy od razu. Jego obowi\u0105zki dzieli si\u0119 na te do wykonania przed, w trakcie oraz po zako\u0144czeniu pracy \u2013 uczy o nich ka\u017cdy kurs HDS. Obowi\u0105zki przed [&hellip;]<\/p>\n","protected":false},"author":3,"featured_media":0,"parent":1116,"menu_order":0,"comment_status":"closed","ping_status":"closed","template":"","meta":{"footnotes":""},"class_list":["post-1131","page","type-page","status-publish","hentry"],"aioseo_notices":[],"_links":{"self":[{"href":"https:\/\/szkolenia-udt.pl\/ua\/wp-json\/wp\/v2\/pages\/1131","targetHints":{"allow":["GET"]}}],"collection":[{"href":"https:\/\/szkolenia-udt.pl\/ua\/wp-json\/wp\/v2\/pages"}],"about":[{"href":"https:\/\/szkolenia-udt.pl\/ua\/wp-json\/wp\/v2\/types\/page"}],"author":[{"embeddable":true,"href":"https:\/\/szkolenia-udt.pl\/ua\/wp-json\/wp\/v2\/users\/3"}],"replies":[{"embeddable":true,"href":"https:\/\/szkolenia-udt.pl\/ua\/wp-json\/wp\/v2\/comments?post=1131"}],"version-history":[{"count":7,"href":"https:\/\/szkolenia-udt.pl\/ua\/wp-json\/wp\/v2\/pages\/1131\/revisions"}],"predecessor-version":[{"id":2237,"href":"https:\/\/szkolenia-udt.pl\/ua\/wp-json\/wp\/v2\/pages\/1131\/revisions\/2237"}],"up":[{"embeddable":true,"href":"https:\/\/szkolenia-udt.pl\/ua\/wp-json\/wp\/v2\/pages\/1116"}],"wp:attachment":[{"href":"https:\/\/szkolenia-udt.pl\/ua\/wp-json\/wp\/v2\/media?parent=1131"}],"curies":[{"name":"wp","href":"https:\/\/api.w.org\/{rel}","templated":true}]}}