{"id":1136,"date":"2014-11-12T14:56:24","date_gmt":"2014-11-12T14:56:24","guid":{"rendered":"http:\/\/szkolenia-udt.pl\/?page_id=1136"},"modified":"2021-07-19T22:12:56","modified_gmt":"2021-07-19T22:12:56","slug":"%d0%ba%d1%80%d0%b0%d0%bd%d0%b8-hds","status":"publish","type":"page","link":"https:\/\/szkolenia-udt.pl\/ua\/dzwignice\/zurawie-hds\/","title":{"rendered":"\u041a\u0440\u0430\u043d\u0438 HDS"},"content":{"rendered":"<div style=\"float: left; padding-right: 10px;\"><div id=\"metaslider-id-642\" style=\"max-width: 300px;\" class=\"ml-slider-3-107-0 metaslider metaslider-flex metaslider-642 ml-slider ms-theme-default nav-hidden\" role=\"region\" aria-label=\"\u041a\u0440\u0430\u043d\u0438\" data-height=\"225\" data-width=\"300\">\n    <div id=\"metaslider_container_642\">\n        <div id=\"metaslider_642\">\n            <ul class='slides'>\n                <li style=\"display: block; width: 100%;\" class=\"slide-647 ms-image\" aria-roledescription=\"slide\" data-date=\"2014-10-12 09:52:02\" data-filename=\"O\u015brodek-Szkolenia-Operator\u00f3w.jpg\" data-slide-type=\"image\"><img loading=\"lazy\" decoding=\"async\" src=\"https:\/\/szkolenia-udt.pl\/wp-content\/uploads\/2014\/10\/O\u015brodek-Szkolenia-Operator\u00f3w.jpg\" height=\"225\" width=\"300\" alt=\"\" class=\"slider-642 slide-647 msDefaultImage\" \/><\/li>\n                <li style=\"display: none; width: 100%;\" class=\"slide-649 ms-image\" aria-roledescription=\"slide\" data-date=\"2014-10-12 09:52:03\" data-filename=\"Szkolenie-d\u017awigi.jpg\" data-slide-type=\"image\"><img loading=\"lazy\" decoding=\"async\" src=\"https:\/\/szkolenia-udt.pl\/wp-content\/uploads\/2014\/10\/Szkolenie-d\u017awigi.jpg\" height=\"225\" width=\"300\" alt=\"\u041a\u0440\u0430\u043d\u043e\u0432\u0438\u0439 \u043a\u0443\u0440\u0441\" class=\"slider-642 slide-649 msDefaultImage\" \/><\/li>\n                <li style=\"display: none; width: 100%;\" class=\"slide-650 ms-image\" aria-roledescription=\"slide\" data-date=\"2014-10-12 09:52:03\" data-filename=\"Uprawnienia-UDT1.jpg\" data-slide-type=\"image\"><img loading=\"lazy\" decoding=\"async\" src=\"https:\/\/szkolenia-udt.pl\/wp-content\/uploads\/2014\/10\/Uprawnienia-UDT1.jpg\" height=\"225\" width=\"300\" alt=\"\" class=\"slider-642 slide-650 msDefaultImage\" \/><\/li>\n                <li style=\"display: none; width: 100%;\" class=\"slide-648 ms-image\" aria-roledescription=\"slide\" data-date=\"2014-10-12 09:52:02\" data-filename=\"szkolenia-d\u017awigi.jpg\" data-slide-type=\"image\"><img loading=\"lazy\" decoding=\"async\" src=\"https:\/\/szkolenia-udt.pl\/wp-content\/uploads\/2014\/10\/szkolenia-d\u017awigi.jpg\" height=\"225\" width=\"300\" alt=\"\u0426\u0435\u043d\u0442\u0440 \u043f\u0456\u0434\u0433\u043e\u0442\u043e\u0432\u043a\u0438 \u043e\u043f\u0435\u0440\u0430\u0442\u043e\u0440\u0456\u0432\" class=\"slider-642 slide-648 msDefaultImage\" \/><\/li>\n                <li style=\"display: none; width: 100%;\" class=\"slide-651 ms-image\" aria-roledescription=\"slide\" data-date=\"2014-10-12 09:52:04\" data-filename=\"zdj\u0119cie-d\u017awig.jpg\" data-slide-type=\"image\"><img loading=\"lazy\" decoding=\"async\" src=\"https:\/\/szkolenia-udt.pl\/wp-content\/uploads\/2014\/10\/zdj\u0119cie-d\u017awig.jpg\" height=\"225\" width=\"300\" alt=\"\u041d\u0430\u0432\u0447\u0430\u043b\u044c\u043d\u0456 \u043a\u0440\u0430\u043d\u0438. \u041a\u0432\u0430\u043b\u0456\u0444\u0456\u043a\u0430\u0446\u0456\u044f UDT\" class=\"slider-642 slide-651 msDefaultImage\" \/><\/li>\n            <\/ul>\n        <\/div>\n        \n    <\/div>\n<\/div><\/div>\n<div class=\"wyjustuj\">\n<p>HDS - \u0433\u0456\u0434\u0440\u0430\u0432\u043b\u0456\u0447\u043d\u0438\u0439 \u0430\u0432\u0442\u043e\u043a\u0440\u0430\u043d - \u0446\u0435 \u043f\u0440\u0438\u0441\u0442\u0440\u0456\u0439, \u044f\u043a\u0438\u0439 \u0448\u0438\u0440\u043e\u043a\u043e \u0432\u0438\u043a\u043e\u0440\u0438\u0441\u0442\u043e\u0432\u0443\u0454\u0442\u044c\u0441\u044f \u043f\u0440\u0438 \u043f\u0435\u0440\u0435\u0432\u0430\u043d\u0442\u0430\u0436\u0443\u0432\u0430\u043b\u044c\u043d\u0438\u0445 \u0440\u043e\u0431\u043e\u0442\u0430\u0445. HDS - \u043f\u0435\u0440\u0435\u0432\u0430\u043d\u0442\u0430\u0436\u0443\u0432\u0430\u043b\u044c\u043d\u0438\u0439 \u043a\u0440\u0430\u043d, \u044f\u043a\u0438\u0439 \u0432\u0456\u0434\u043d\u043e\u0441\u0438\u0442\u044c\u0441\u044f \u0434\u043e \u043a\u0430\u0442\u0435\u0433\u043e\u0440\u0456\u0457 \u043a\u0440\u0430\u043d\u0456\u0432. \u0412\u0456\u0434\u043f\u043e\u0432\u0456\u0434\u043d\u043e \u0434\u043e \u0441\u0442\u0430\u043d\u0434\u0430\u0440\u0442\u0443 PN-EN 12999, \u043a\u0440\u0430\u043d - \u0446\u0435 \u043a\u0440\u0430\u043d, \u044f\u043a\u0438\u0439 \u043e\u0431\u043b\u0430\u0434\u043d\u0430\u043d\u0438\u0439 \u043d\u0435\u0441\u0443\u0447\u043e\u044e \u043a\u043e\u043d\u0441\u0442\u0440\u0443\u043a\u0446\u0456\u0454\u044e, \u044f\u043a\u0430 \u0432\u0438\u043a\u043e\u043d\u0443\u0454 \u043f\u0435\u0440\u0435\u043c\u0456\u0449\u0435\u043d\u043d\u044f \u0443 \u0432\u0435\u0440\u0442\u0438\u043a\u0430\u043b\u044c\u043d\u0456\u0439 \u043f\u043b\u043e\u0449\u0438\u043d\u0456 \u044f\u043a \u0440\u0443\u0445\u0438 \u043f\u0456\u0434\u0439\u043e\u043c\u0443 \u0442\u0430 \u043e\u043f\u0443\u0441\u043a\u0430\u043d\u043d\u044f \u0432\u0430\u043d\u0442\u0430\u0436\u0443, \u0456 \u0432 \u0433\u043e\u0440\u0438\u0437\u043e\u043d\u0442\u0430\u043b\u044c\u043d\u0456\u0439 \u043f\u043b\u043e\u0449\u0438\u043d\u0456 \u044f\u043a \u0440\u0443\u0445\u0438 \u043e\u0431\u0435\u0440\u0442\u0430\u043d\u043d\u044f \u043a\u043e\u043d\u0441\u0442\u0440\u0443\u043a\u0446\u0456\u0457 \u0442\u0430 \u0437\u043c\u0456\u043d\u0430 \u0432\u0438\u043b\u044c\u043e\u0442\u0443. \u0412\u0430\u043d\u0442\u0430\u0436\u043e\u043f\u0456\u0434\u0439\u043e\u043c\u043d\u0456 \u043a\u0440\u0430\u043d\u0438 - \u043a\u0440\u0430\u043d\u0438 HDS - \u0446\u0435 \u043f\u0440\u0438\u0441\u0442\u0440\u043e\u0457, \u043e\u0431\u043b\u0430\u0434\u043d\u0430\u043d\u0456 \u043c\u0435\u0445\u0430\u043d\u0456\u0447\u043d\u0438\u043c \u043f\u0440\u0438\u0432\u043e\u0434\u043e\u043c, \u0449\u043e \u0441\u043a\u043b\u0430\u0434\u0430\u044e\u0442\u044c\u0441\u044f \u0437 \u043e\u0431\u0435\u0440\u0442\u043e\u0432\u043e\u0457 \u043a\u043e\u043b\u043e\u043d\u0438 \u043d\u0430 \u043e\u0441\u043d\u043e\u0432\u0456 \u0442\u0430 \u0441\u0438\u0441\u0442\u0435\u043c\u0438 \u0441\u0442\u0440\u0456\u043b\u0438, \u0440\u043e\u0437\u0442\u0430\u0448\u043e\u0432\u0430\u043d\u043e\u0457 \u0443 \u0432\u0435\u0440\u0445\u043d\u0456\u0439 \u0447\u0430\u0441\u0442\u0438\u043d\u0456 \u043a\u043e\u043b\u043e\u043d\u0438. \u041a\u0440\u0430\u043d\u0438-\u043d\u0430\u0432\u0430\u043d\u0442\u0430\u0436\u0443\u0432\u0430\u0447\u0456 \u0432\u0441\u0442\u0430\u043d\u043e\u0432\u043b\u044e\u044e\u0442\u044c\u0441\u044f \u043d\u0430 \u043f\u0440\u0438\u0447\u0435\u043f\u0430\u0445 \u0430\u0431\u043e \u0431\u0435\u0437\u043f\u043e\u0441\u0435\u0440\u0435\u0434\u043d\u044c\u043e \u043d\u0430 \u0430\u0432\u0442\u043e\u043c\u043e\u0431\u0456\u043b\u044f\u0445. \u0426\u0456 \u043a\u0440\u0430\u043d\u0438 \u0432\u0445\u043e\u0434\u044f\u0442\u044c \u0434\u043e \u0433\u0440\u0443\u043f\u0438 \u043f\u0435\u0440\u0435\u043d\u043e\u0441\u043d\u0438\u0445 \u043a\u0440\u0430\u043d\u0456\u0432 \u0456 \u043f\u0456\u0434\u043b\u044f\u0433\u0430\u044e\u0442\u044c \u0423\u043f\u0440\u0430\u0432\u043b\u0456\u043d\u043d\u044e \u0442\u0435\u0445\u043d\u0456\u0447\u043d\u043e\u0433\u043e \u043d\u0430\u0433\u043b\u044f\u0434\u0443.<\/p>\n<h2><strong>\u041a\u0440\u0430\u043d\u0438 \u043a\u043b\u0430\u0441\u0438\u0444\u0456\u043a\u0443\u044e\u0442\u044c\u0441\u044f \u043d\u0430:<\/strong><\/h2>\n<ul>\n<li>\u043a\u0440\u0430\u043d\u0438 \u0437\u0430\u0433\u0430\u043b\u044c\u043d\u043e\u0433\u043e \u043f\u0440\u0438\u0437\u043d\u0430\u0447\u0435\u043d\u043d\u044f, \u044f\u043a\u0456 \u0436\u043e\u0440\u0441\u0442\u043a\u043e \u043a\u0440\u0456\u043f\u043b\u044f\u0442\u044c\u0441\u044f \u0434\u043e \u0430\u0432\u0442\u043e\u043c\u043e\u0431\u0456\u043b\u044f<\/li>\n<li>\u043a\u0440\u0430\u043d\u0438-\u043f\u0435\u0440\u0435\u0432\u0430\u043d\u0442\u0430\u0436\u0443\u0432\u0430\u0447\u0456 \u043b\u0456\u0441\u0443, \u044f\u043a\u0456 \u0449\u0435 \u043d\u0430\u0437\u0438\u0432\u0430\u044e\u0442\u044c \u00ab\u043b\u0456\u0441\u043e\u0432\u0438\u043c\u0438\u00bb.<\/li>\n<li>\u043a\u0440\u0430\u043d\u0438, \u0432\u0441\u0442\u0430\u043d\u043e\u0432\u043b\u0435\u043d\u0456 \u043d\u0430 \u0442\u0440\u0430\u043d\u0441\u043f\u043e\u0440\u0442\u043d\u043e\u043c\u0443 \u0437\u0430\u0441\u043e\u0431\u0456 \u0437\u0430 \u043a\u0430\u0431\u0456\u043d\u043e\u044e \u0432\u043e\u0434\u0456\u044f<\/li>\n<li>\u043a\u0440\u0430\u043d\u0438, \u0432\u0441\u0442\u0430\u043d\u043e\u0432\u043b\u0435\u043d\u0456 \u043d\u0430 \u0442\u0440\u0430\u043d\u0441\u043f\u043e\u0440\u0442\u043d\u043e\u043c\u0443 \u0437\u0430\u0441\u043e\u0431\u0456 \u0437\u0430 \u0432\u0430\u043d\u0442\u0430\u0436\u043d\u0438\u043c \u0431\u043e\u043a\u0441\u043e\u043c, \u0443 \u0437\u0430\u0434\u043d\u0456\u0439 \u0447\u0430\u0441\u0442\u0438\u043d\u0456 \u0430\u0432\u0442\u043e\u043c\u043e\u0431\u0456\u043b\u044f<\/li>\n<li>\u043a\u0440\u0430\u043d\u0438, \u0432\u0441\u0442\u0430\u043d\u043e\u0432\u043b\u0435\u043d\u0456 \u0432 \u0446\u0435\u043d\u0442\u0440\u0456 \u0432\u0430\u043d\u0442\u0430\u0436\u043d\u043e\u0433\u043e \u043c\u0430\u0439\u0434\u0430\u043d\u0447\u0438\u043a\u0430 \u0430\u0432\u0442\u043e\u043c\u043e\u0431\u0456\u043b\u044f<\/li>\n<li>\u043a\u0440\u0430\u043d\u0438, \u0437\u043c\u043e\u043d\u0442\u043e\u0432\u0430\u043d\u0456 \u043d\u0430 \u043f\u0440\u0438\u0447\u0435\u043f\u0430\u0445<\/li>\n<li>\u043a\u0440\u0430\u043d\u0438, \u0437\u043c\u043e\u043d\u0442\u043e\u0432\u0430\u043d\u0456 \u043d\u0430 \u0442\u0440\u0430\u043a\u0442\u043e\u0440\u0430\u0445<\/li>\n<\/ul>\n<h2><strong>\u041e\u0441\u043d\u043e\u0432\u043d\u0438\u043c\u0438 \u0435\u043b\u0435\u043c\u0435\u043d\u0442\u0430\u043c\u0438 \u043a\u043e\u043d\u0441\u0442\u0440\u0443\u043a\u0446\u0456\u0457 \u043a\u043e\u0436\u043d\u043e\u0433\u043e \u043f\u0435\u0440\u0435\u0432\u0430\u043d\u0442\u0430\u0436\u0443\u0432\u0430\u043b\u044c\u043d\u043e\u0433\u043e \u043a\u0440\u0430\u043d\u0430 \u0454:<\/strong><\/h2>\n<ul>\n<li>\u043d\u0430\u0431\u0456\u0440 \u043e\u043f\u043e\u0440 - \u043e\u043f\u043e\u0440\u0438 \u043f\u0440\u0438\u0437\u043d\u0430\u0447\u0435\u043d\u0456 \u0434\u043b\u044f \u0441\u0442\u0430\u0431\u0456\u043b\u0456\u0437\u0430\u0446\u0456\u0457 \u043f\u0440\u0438\u0441\u0442\u0440\u043e\u044e \u0442\u0430 \u0437\u0430\u0445\u0438\u0441\u0442\u0443 \u0432\u0456\u0434 \u043d\u0435\u0449\u0430\u0441\u043d\u0438\u0445 \u0432\u0438\u043f\u0430\u0434\u043a\u0456\u0432<\/li>\n<li>\u0431\u0430\u0437\u0430 \u0432 \u0437\u0431\u043e\u0440\u0456 - \u043e\u0441\u043d\u043e\u0432\u0430 \u0454 \u0435\u043b\u0435\u043c\u0435\u043d\u0442\u043e\u043c, \u043d\u0430 \u044f\u043a\u043e\u043c\u0443 \u0440\u043e\u0437\u043c\u0456\u0449\u0443\u0454\u0442\u044c\u0441\u044f \u043a\u043e\u043b\u043e\u043d\u0430 \u043f\u0440\u0438\u0441\u0442\u0440\u043e\u044e<\/li>\n<li>\u0437\u0431\u0456\u0440\u043a\u0430 \u043a\u043e\u043b\u043e\u043d\u0438 - \u0441\u0438\u0441\u0442\u0435\u043c\u0430 \u0441\u0442\u0440\u0456\u043b\u0438 \u043a\u0440\u0430\u043d\u0430 \u043a\u0440\u0456\u043f\u0438\u0442\u044c\u0441\u044f \u0434\u043e \u043a\u043e\u043b\u043e\u043d\u0438 \u0456 \u0447\u0435\u0440\u0435\u0437 \u043d\u0435\u0457 \u0437\u0434\u0456\u0439\u0441\u043d\u044e\u044e\u0442\u044c\u0441\u044f \u043f\u0435\u0440\u0435\u043c\u0456\u0449\u0435\u043d\u043d\u044f \u0432 \u0433\u043e\u0440\u0438\u0437\u043e\u043d\u0442\u0430\u043b\u044c\u043d\u0456\u0439 \u043f\u043b\u043e\u0449\u0438\u043d\u0456 - \u043f\u043e\u0432\u043e\u0440\u043e\u0442 \u0441\u0438\u0441\u0442\u0435\u043c\u0438 \u0441\u0442\u0440\u0456\u043b\u0438<\/li>\n<li>\u0441\u0442\u0440\u0456\u043b\u0430 \u0432 \u0437\u0431\u043e\u0440\u0456 - \u0435\u043b\u0435\u043c\u0435\u043d\u0442 \u043a\u043e\u043d\u0441\u0442\u0440\u0443\u043a\u0446\u0456\u0457, \u0449\u043e \u0432\u0438\u0441\u0443\u0432\u0430\u0454\u0442\u044c\u0441\u044f \u0432\u0440\u0443\u0447\u043d\u0443 \u0430\u0431\u043e \u0433\u0456\u0434\u0440\u0430\u0432\u043b\u0456\u0447\u043d\u043e, \u0449\u043e \u0437\u043c\u0456\u043d\u044e\u0454 \u0434\u043e\u0432\u0436\u0438\u043d\u0443 \u0437\u0432\u0438\u0441\u0443<\/li>\n<li>\u043e\u0431\u043b\u0430\u0434\u043d\u0430\u043d\u043d\u044f - \u0441\u0442\u0440\u043e\u043f\u0438, \u043a\u0430\u043d\u0430\u0442\u0438, \u0433\u0430\u043a\u0438 \u0434\u043b\u044f \u043a\u0440\u0456\u043f\u043b\u0435\u043d\u043d\u044f \u0432\u0430\u043d\u0442\u0430\u0436\u0456\u0432<\/li>\n<\/ul>\n<p>\u0414\u043b\u044f \u0440\u043e\u0431\u043e\u0442\u0438 \u0437 \u043a\u0440\u0430\u043d\u043e\u043c-\u043c\u0430\u043d\u0456\u043f\u0443\u043b\u044f\u0442\u043e\u0440\u043e\u043c \u043e\u043f\u0435\u0440\u0430\u0442\u043e\u0440 \u043f\u043e\u0432\u0438\u043d\u0435\u043d \u043c\u0430\u0442\u0438 \u0443\u043a\u043e\u043c\u043f\u043b\u0435\u043a\u0442\u043e\u0432\u0430\u043d\u0438\u0439 \u043a\u0440\u0430\u043d <a href=\"https:\/\/szkolenia-udt.pl\/ua\/kursy\/hds\/\">\u043a\u0443\u0440\u0441 HDS<\/a> \u0442\u0430 \u043a\u0432\u0430\u043b\u0456\u0444\u0456\u043a\u0430\u0446\u0456\u0457 HDS, \u044f\u043a\u0456 \u043f\u0440\u0438\u0441\u0443\u0434\u0436\u0443\u044e\u0442\u044c\u0441\u044f \u043f\u0456\u0441\u043b\u044f \u0443\u0441\u043f\u0456\u0448\u043d\u043e\u0457 \u0437\u0434\u0430\u0447\u0456 \u0456\u0441\u043f\u0438\u0442\u0443 \u043f\u0435\u0440\u0435\u0434 \u043a\u043e\u043c\u0456\u0441\u0456\u0454\u044e \u0423\u043f\u0440\u0430\u0432\u043b\u0456\u043d\u043d\u044f \u0442\u0435\u0445\u043d\u0456\u0447\u043d\u043e\u0457 \u0456\u043d\u0441\u043f\u0435\u043a\u0446\u0456\u0457. \u041e\u0441\u043e\u0431\u0430, \u044f\u043a\u0430 \u043d\u0435 \u043c\u0430\u0454 \u0441\u0445\u0432\u0430\u043b\u0435\u043d\u043d\u044f HDS, \u043d\u0435 \u043c\u043e\u0436\u0435 \u043a\u0435\u0440\u0443\u0432\u0430\u0442\u0438 \u043f\u0440\u0438\u0441\u0442\u0440\u043e\u0454\u043c. \u041a\u0443\u0440\u0441 HDS \u0441\u043a\u043b\u0430\u0434\u0430\u0454\u0442\u044c\u0441\u044f \u0437 \u0442\u0435\u043e\u0440\u0435\u0442\u0438\u0447\u043d\u043e\u0457 \u0447\u0430\u0441\u0442\u0438\u043d\u0438 \u0442\u0430 \u043f\u0440\u0430\u043a\u0442\u0438\u0447\u043d\u043e\u0457 \u0447\u0430\u0441\u0442\u0438\u043d\u0438, \u044f\u043a\u0456 \u0440\u0430\u0437\u043e\u043c \u043d\u0430\u0432\u0447\u0430\u044e\u0442\u044c \u0443\u0447\u0430\u0441\u043d\u0438\u043a\u0430 \u043f\u0440\u0430\u0432\u0438\u043b\u044c\u043d\u043e\u043c\u0443 \u0443\u043f\u0440\u0430\u0432\u043b\u0456\u043d\u043d\u044e \u043f\u0440\u0438\u0441\u0442\u0440\u043e\u0454\u043c.<\/p>\n<\/div>","protected":false},"excerpt":{"rendered":"<p>HDS \u2013 hydrauliczny d\u017awig samochodowy to urz\u0105dzenie wykorzystywane powszechnie w pracach prze\u0142adunkowych. HDS to \u017curaw prze\u0142adunkowi zaliczany do kategorii d\u017awignic. Zgodnie z norm\u0105 PN-EN 12999 \u017curaw to d\u017awignica, kt\u00f3ra jest wyposa\u017cona w ustr\u00f3j no\u015bny wykonuj\u0105cy ruchy na p\u0142aszczy\u017anie pionowej jako ruchy podnoszenia i opuszczania \u0142adunku i poziomej jako ruchy obracania konstrukcji i zmiany wysi\u0119gu. \u017burawiami [&hellip;]<\/p>\n","protected":false},"author":3,"featured_media":647,"parent":69,"menu_order":0,"comment_status":"closed","ping_status":"closed","template":"","meta":{"footnotes":""},"class_list":["post-1136","page","type-page","status-publish","has-post-thumbnail","hentry"],"aioseo_notices":[],"_links":{"self":[{"href":"https:\/\/szkolenia-udt.pl\/ua\/wp-json\/wp\/v2\/pages\/1136","targetHints":{"allow":["GET"]}}],"collection":[{"href":"https:\/\/szkolenia-udt.pl\/ua\/wp-json\/wp\/v2\/pages"}],"about":[{"href":"https:\/\/szkolenia-udt.pl\/ua\/wp-json\/wp\/v2\/types\/page"}],"author":[{"embeddable":true,"href":"https:\/\/szkolenia-udt.pl\/ua\/wp-json\/wp\/v2\/users\/3"}],"replies":[{"embeddable":true,"href":"https:\/\/szkolenia-udt.pl\/ua\/wp-json\/wp\/v2\/comments?post=1136"}],"version-history":[{"count":5,"href":"https:\/\/szkolenia-udt.pl\/ua\/wp-json\/wp\/v2\/pages\/1136\/revisions"}],"predecessor-version":[{"id":2385,"href":"https:\/\/szkolenia-udt.pl\/ua\/wp-json\/wp\/v2\/pages\/1136\/revisions\/2385"}],"up":[{"embeddable":true,"href":"https:\/\/szkolenia-udt.pl\/ua\/wp-json\/wp\/v2\/pages\/69"}],"wp:featuredmedia":[{"embeddable":true,"href":"https:\/\/szkolenia-udt.pl\/ua\/wp-json\/wp\/v2\/media\/647"}],"wp:attachment":[{"href":"https:\/\/szkolenia-udt.pl\/ua\/wp-json\/wp\/v2\/media?parent=1136"}],"curies":[{"name":"wp","href":"https:\/\/api.w.org\/{rel}","templated":true}]}}