{"id":1153,"date":"2014-11-12T19:25:11","date_gmt":"2014-11-12T19:25:11","guid":{"rendered":"http:\/\/szkolenia-udt.pl\/?page_id=1153"},"modified":"2022-10-21T15:46:08","modified_gmt":"2022-10-21T13:46:08","slug":"%d0%b0%d0%bc%d0%b1%d1%83%d0%bb%d1%96%d1%84%d1%82%d0%b8","status":"publish","type":"page","link":"https:\/\/szkolenia-udt.pl\/ua\/kursy\/lotnictwo\/ambulifty\/","title":{"rendered":"\u0422\u0440\u0435\u043d\u0443\u0432\u0430\u043d\u043d\u044f \u0448\u0432\u0438\u0434\u043a\u043e\u0457 \u0434\u043e\u043f\u043e\u043c\u043e\u0433\u0438"},"content":{"rendered":"<div style=\"float: left; padding-right: 10px;\"><div id=\"metaslider-id-1328\" style=\"max-width: 300px;\" class=\"ml-slider-3-107-0 metaslider metaslider-flex metaslider-1328 ml-slider ms-theme-default nav-hidden\" role=\"region\" aria-label=\"\u0430\u043c\u0431\u0443\" data-height=\"225\" data-width=\"300\">\n    <div id=\"metaslider_container_1328\">\n        <div id=\"metaslider_1328\">\n            <ul class='slides'>\n                <li style=\"display: block; width: 100%;\" class=\"slide-1350 ms-image\" aria-roledescription=\"slide\" data-date=\"2015-07-10 09:17:39\" data-filename=\"resSideBull-PRM_Ambulift_docked_7252.jpg\" data-slide-type=\"image\"><img loading=\"lazy\" decoding=\"async\" src=\"https:\/\/szkolenia-udt.pl\/wp-content\/uploads\/2015\/07\/resSideBull-PRM_Ambulift_docked_7252.jpg\" height=\"225\" width=\"300\" alt=\"\" class=\"slider-1328 slide-1350 msDefaultImage\" \/><\/li>\n                <li style=\"display: none; width: 100%;\" class=\"slide-1348 ms-image\" aria-roledescription=\"slide\" data-date=\"2015-07-10 09:17:38\" data-filename=\"resambulift-DSCN0928.jpg\" data-slide-type=\"image\"><img loading=\"lazy\" decoding=\"async\" src=\"https:\/\/szkolenia-udt.pl\/wp-content\/uploads\/2015\/07\/resambulift-DSCN0928.jpg\" height=\"225\" width=\"300\" alt=\"\" class=\"slider-1328 slide-1348 msDefaultImage\" \/><\/li>\n                <li style=\"display: none; width: 100%;\" class=\"slide-1349 ms-image\" aria-roledescription=\"slide\" data-date=\"2015-07-10 09:17:38\" data-filename=\"resAviogei_Ambulift_EAU_1500.jpg\" data-slide-type=\"image\"><img loading=\"lazy\" decoding=\"async\" src=\"https:\/\/szkolenia-udt.pl\/wp-content\/uploads\/2015\/07\/resAviogei_Ambulift_EAU_1500.jpg\" height=\"225\" width=\"300\" alt=\"\" class=\"slider-1328 slide-1349 msDefaultImage\" \/><\/li>\n                <li style=\"display: none; width: 100%;\" class=\"slide-1347 ms-image\" aria-roledescription=\"slide\" data-date=\"2015-07-10 09:17:37\" data-filename=\"resambulift-DSC_0332.jpg\" data-slide-type=\"image\"><img loading=\"lazy\" decoding=\"async\" src=\"https:\/\/szkolenia-udt.pl\/wp-content\/uploads\/2015\/07\/resambulift-DSC_0332.jpg\" height=\"225\" width=\"300\" alt=\"\" class=\"slider-1328 slide-1347 msDefaultImage\" \/><\/li>\n            <\/ul>\n        <\/div>\n        \n    <\/div>\n<\/div><\/div>\n<div class=\"wyjustuj\">\n<p>\u0417\u0430\u043f\u0440\u043e\u0448\u0443\u0454\u043c\u043e \u0432\u0430\u0441 \u043d\u0430 \u0442\u0440\u0435\u043d\u0456\u043d\u0433 \u0434\u043b\u044f \u043e\u043f\u0435\u0440\u0430\u0442\u043e\u0440\u0456\u0432 \u0430\u043c\u0431\u0443\u043b\u0430\u0442\u043e\u0440\u043d\u0438\u0445 \u043f\u0456\u0434\u0439\u043e\u043c\u043d\u0438\u043a\u0456\u0432 - \u043d\u0430\u0448 \u0442\u0440\u0435\u043d\u0456\u043d\u0433 \u043e\u0445\u043e\u043f\u043b\u044e\u0454 \u0448\u0438\u0440\u043e\u043a\u0456 \u0437\u043d\u0430\u043d\u043d\u044f \u0442\u0430 \u043d\u0430\u0432\u0438\u0447\u043a\u0438, \u043c\u0435\u0442\u043e\u044e \u044f\u043a\u0438\u0445 \u0454 \u043d\u0430\u0432\u0447\u0438\u0442\u0438\u0441\u044f \u0431\u0435\u0437\u043f\u0435\u0447\u043d\u043e \u0443\u043f\u0440\u0430\u0432\u043b\u044f\u0442\u0438 \u043b\u044e\u0434\u044c\u043c\u0438 \u0437 \u043e\u0431\u043c\u0435\u0436\u0435\u043d\u0438\u043c\u0438 \u043c\u043e\u0436\u043b\u0438\u0432\u043e\u0441\u0442\u044f\u043c\u0438 \u043f\u0456\u0434 \u0447\u0430\u0441 \u043f\u043e\u0441\u0430\u0434\u043a\u0438 \u0442\u0430 \u0432\u0438\u0441\u0430\u0434\u043a\u0438 \u0437 \u043b\u0456\u0442\u0430\u043a\u0430.<\/p>\n<h2 class=\"boldnagl\"><strong>\u041c\u0435\u0442\u0430 \u0442\u0440\u0435\u043d\u0456\u043d\u0433\u0443<\/strong><\/h2>\n<p>\u0410\u0432\u0456\u0430\u043f\u0435\u0440\u0435\u0432\u0456\u0437\u043d\u0438\u043a\u0438 \u0437\u043e\u0431\u043e\u0432&#039;\u044f\u0437\u0430\u043d\u0456 \u0434\u043e\u0442\u0440\u0438\u043c\u0443\u0432\u0430\u0442\u0438\u0441\u044f \u0440\u0435\u0433\u043b\u0430\u043c\u0435\u043d\u0442\u0443 \u0404\u0421 1107\/2006 \u0432\u0456\u0434 5 \u043b\u0438\u043f\u043d\u044f 2006 \u0440\u043e\u043a\u0443 \u043f\u0440\u043e \u043f\u0440\u0430\u0432\u0430 \u043f\u0430\u0441\u0430\u0436\u0438\u0440\u0456\u0432 \u0437 \u043e\u0431\u043c\u0435\u0436\u0435\u043d\u0438\u043c\u0438 \u043c\u043e\u0436\u043b\u0438\u0432\u043e\u0441\u0442\u044f\u043c\u0438 \u0442\u0430 \u043e\u0431\u043c\u0435\u0436\u0435\u043d\u043e\u044e \u043c\u043e\u0431\u0456\u043b\u044c\u043d\u0456\u0441\u0442\u044e. \u041f\u0440\u0430\u0446\u0456\u0432\u043d\u0438\u043a\u0438 \u0430\u0435\u0440\u043e\u043f\u043e\u0440\u0442\u0443 \u043f\u043e\u0432\u0438\u043d\u043d\u0456 \u0431\u0443\u0442\u0438 \u0433\u043e\u0442\u043e\u0432\u0456 \u0434\u043e\u043f\u043e\u043c\u0430\u0433\u0430\u0442\u0438 \u043b\u044e\u0434\u044f\u043c \u0437 \u043e\u0431\u043c\u0435\u0436\u0435\u043d\u0438\u043c\u0438 \u043c\u043e\u0436\u043b\u0438\u0432\u043e\u0441\u0442\u044f\u043c\u0438.<\/p>\n<p>\u041e\u0441\u043d\u043e\u0432\u043d\u0430 \u043c\u0435\u0442\u0430 \u0442\u0440\u0435\u043d\u0456\u043d\u0433\u0443 \u2013 \u043d\u0430\u0432\u0447\u0438\u0442\u0438\u0441\u044f \u043f\u0440\u0430\u0432\u0438\u043b\u044c\u043d\u043e \u0434\u043e\u043f\u043e\u043c\u0430\u0433\u0430\u0442\u0438 \u0456\u043d\u0432\u0430\u043b\u0456\u0434\u0430\u043c, \u044f\u043a\u0456 \u043f\u0435\u0440\u0435\u0441\u0443\u0432\u0430\u044e\u0442\u044c\u0441\u044f \u043d\u0430 \u0432\u0456\u0437\u043a\u0430\u0445, \u043f\u0456\u0434 \u0447\u0430\u0441 \u043f\u043e\u0441\u0430\u0434\u043a\u0438 \u0442\u0430 \u0432\u0438\u0441\u0430\u0434\u043a\u0438, \u0430 \u0442\u0430\u043a\u043e\u0436 \u0431\u0435\u0437\u043f\u0435\u0447\u043d\u043e \u0440\u043e\u0437\u043c\u0456\u0449\u0443\u0432\u0430\u0442\u0438 \u0456\u043d\u0432\u0430\u043b\u0456\u0434\u043d\u0438\u0439 \u0432\u0456\u0437\u043e\u043a \u0442\u0430 \u0456\u043d\u0448\u0456 \u0437\u0430\u0441\u043e\u0431\u0438 \u043f\u0435\u0440\u0435\u0441\u0443\u0432\u0430\u043d\u043d\u044f \u043d\u0430 \u0431\u043e\u0440\u0442\u0443 \u043b\u0456\u0442\u0430\u043a\u0430.<\/p>\n<h3 class=\"boldnagl\"><strong>\u043f\u0440\u043e\u0433\u0440\u0430\u043c\u0430<\/strong><\/h3>\n<p>\u041f\u0456\u0434\u0433\u043e\u0442\u043e\u0432\u043a\u0430 \u043e\u043f\u0435\u0440\u0430\u0442\u043e\u0440\u0456\u0432 \u043f\u0456\u0434\u0439\u043e\u043c\u043d\u0438\u043a\u0430 \u0432\u043a\u043b\u044e\u0447\u0430\u0454 \u0442\u0435\u043e\u0440\u0435\u0442\u0438\u0447\u043d\u0456 \u0437\u043d\u0430\u043d\u043d\u044f \u0442\u0430 \u043f\u0440\u0430\u043a\u0442\u0438\u0447\u043d\u0456 \u0437\u0430\u043d\u044f\u0442\u0442\u044f. \u041f\u0456\u0434 \u0447\u0430\u0441 \u0437\u0430\u043d\u044f\u0442\u044c \u0443\u0447\u0430\u0441\u043d\u0438\u043a\u0438 \u043e\u0442\u0440\u0438\u043c\u0443\u044e\u0442\u044c \u0456\u043d\u0444\u043e\u0440\u043c\u0430\u0446\u0456\u044e \u043f\u0440\u043e \u0431\u0435\u0437\u043f\u0435\u0447\u043d\u0435 \u0442\u0430 \u0437\u0430\u043a\u043e\u043d\u043d\u0435 \u043d\u0430\u0434\u0430\u043d\u043d\u044f \u0434\u043e\u043f\u043e\u043c\u043e\u0433\u0438 \u0456\u043d\u0432\u0430\u043b\u0456\u0434\u0430\u043c \u043f\u0456\u0434 \u0447\u0430\u0441 \u043f\u043e\u0441\u0430\u0434\u043a\u0438 \u0442\u0430 \u0432\u0438\u0441\u0430\u0434\u043a\u0438. \u041d\u0430\u0432\u0447\u0430\u043d\u043d\u044f \u0437\u0430\u0432\u0435\u0440\u0448\u0443\u0454\u0442\u044c\u0441\u044f \u0456\u0441\u043f\u0438\u0442\u043e\u043c \u043f\u0435\u0440\u0435\u0434 \u043a\u043e\u043c\u0456\u0441\u0456\u0454\u044e \u0423\u043f\u0440\u0430\u0432\u043b\u0456\u043d\u043d\u044f \u0442\u0435\u0445\u043d\u0456\u0447\u043d\u043e\u0433\u043e \u043d\u0430\u0433\u043b\u044f\u0434\u0443.<\/p>\n<h3 class=\"boldnagl\"><strong>\u0426\u0456\u043d\u0430 \u043d\u0430\u0432\u0447\u0430\u043d\u043d\u044f<\/strong><\/h3>\n<p>\u0426\u0456\u043d\u0430 \u043d\u0430\u0432\u0447\u0430\u043d\u043d\u044f \u043e\u043f\u0435\u0440\u0430\u0442\u043e\u0440\u0456\u0432 \u0430\u043c\u0431\u0443\u043b\u0456\u0444\u0442\u0456\u0432 \u0432\u0441\u0442\u0430\u043d\u043e\u0432\u043b\u044e\u0454\u0442\u044c\u0441\u044f \u0456\u043d\u0434\u0438\u0432\u0456\u0434\u0443\u0430\u043b\u044c\u043d\u043e - \u0431\u0443\u0434\u044c \u043b\u0430\u0441\u043a\u0430, \u0437\u0432'\u044f\u0436\u0456\u0442\u044c\u0441\u044f \u0437 \u043d\u0430\u043c\u0438 \u0434\u043b\u044f \u043e\u0442\u0440\u0438\u043c\u0430\u043d\u043d\u044f \u0456\u043d\u0434\u0438\u0432\u0456\u0434\u0443\u0430\u043b\u044c\u043d\u043e\u0457 \u043f\u0440\u043e\u043f\u043e\u0437\u0438\u0446\u0456\u0457. \u041c\u0438 \u043f\u0440\u043e\u0432\u043e\u0434\u0438\u043c\u043e \u043d\u0430\u0432\u0447\u0430\u043b\u044c\u043d\u0456 \u043a\u0443\u0440\u0441\u0438 \u0432 \u0443\u0437\u0433\u043e\u0434\u0436\u0435\u043d\u043e\u043c\u0443 \u0456\u0437 \u0437\u0430\u043c\u043e\u0432\u043d\u0438\u043a\u043e\u043c \u043c\u0456\u0441\u0446\u0456.<\/p>\n<h3 class=\"boldnagl\"><strong>\u041f\u0440\u043e \u043d\u0430\u0441<\/strong><\/h3>\n<p>\u041c\u0438 \u0442\u0440\u0435\u043d\u0456\u043d\u0433\u043e\u0432\u0430 \u043a\u043e\u043c\u043f\u0430\u043d\u0456\u044f \u0437 \u0431\u0430\u0433\u0430\u0442\u043e\u0440\u0456\u0447\u043d\u0438\u043c \u0434\u043e\u0441\u0432\u0456\u0434\u043e\u043c \u0440\u043e\u0431\u043e\u0442\u0438 \u0443 \u0441\u0432\u043e\u0457\u0439 \u0441\u0444\u0435\u0440\u0456. \u041c\u0438 \u0432\u0436\u0435 \u043d\u0430\u0432\u0447\u0438\u043b\u0438 \u0442\u0438\u0441\u044f\u0447\u0456 \u043b\u044e\u0434\u0435\u0439 \u0456 \u043a\u043e\u0440\u0438\u0441\u0442\u0443\u0454\u043c\u043e\u0441\u044f \u0432\u0435\u043b\u0438\u043a\u043e\u044e \u0434\u043e\u0432\u0456\u0440\u043e\u044e \u043d\u0430\u0448\u0438\u0445 \u043a\u043b\u0456\u0454\u043d\u0442\u0456\u0432. \u041c\u0438 \u0445\u043e\u0447\u0435\u043c\u043e \u043f\u0440\u043e\u043f\u043e\u043d\u0443\u0432\u0430\u0442\u0438 \u043f\u043e\u0441\u043b\u0443\u0433\u0438 \u043d\u0430 \u043d\u0430\u0439\u0432\u0438\u0449\u043e\u043c\u0443 \u0440\u0456\u0432\u043d\u0456, \u0442\u043e\u043c\u0443 \u0441\u043f\u043e\u0434\u0456\u0432\u0430\u0454\u043c\u043e\u0441\u044f, \u0449\u043e \u0432\u043e\u043d\u0438 \u0442\u0430\u043a\u043e\u0436 \u0432\u0438\u043f\u0440\u0430\u0432\u0434\u0430\u044e\u0442\u044c \u0432\u0430\u0448\u0456 \u043e\u0447\u0456\u043a\u0443\u0432\u0430\u043d\u043d\u044f.<\/p>\n<p>\u042f\u043a\u0449\u043e \u0443 \u0432\u0430\u0441 \u0432\u0438\u043d\u0438\u043a\u043b\u0438 \u0437\u0430\u043f\u0438\u0442\u0430\u043d\u043d\u044f \u0449\u043e\u0434\u043e \u043d\u0430\u0448\u043e\u0457 \u043f\u0440\u043e\u043f\u043e\u0437\u0438\u0446\u0456\u0457, <a href=\"https:\/\/szkolenia-udt.pl\/ua\/kontakt\/\">\u0431\u0443\u0434\u044c \u043b\u0430\u0441\u043a\u0430, \u043d\u0435 \u0441\u043e\u0440\u043e\u043c\u0442\u0435\u0441\u044f \u0437\u0432\u0435\u0440\u0442\u0430\u0442\u0438\u0441\u044f \u0434\u043e \u043d\u0430\u0441<\/a> - \u043c\u0438 \u0440\u043e\u0437'\u044f\u0441\u043d\u0438\u043c\u043e \u0432\u0441\u0456 \u0432\u0430\u0448\u0456 \u0441\u0443\u043c\u043d\u0456\u0432\u0438.<\/p>\n<p>\u0417\u0430\u043f\u0440\u043e\u0448\u0443\u0454\u043c\u043e \u0432\u0430\u0441 \u0441\u043a\u043e\u0440\u0438\u0441\u0442\u0430\u0442\u0438\u0441\u044f <a href=\"https:\/\/szkolenia-udt.pl\/ua\/oferta\/\">\u041d\u0430\u0448\u0456 \u041f\u043e\u0441\u043b\u0443\u0433\u0438<\/a>!<\/p>\n<\/div>","protected":false},"excerpt":{"rendered":"<p>Zapraszamy Pa\u0144stwa na szkolenia dla operator\u00f3w ambulift\u00f3w \u2013 nasze szkolenie obejmuje szerok\u0105 wiedz\u0119 i umiej\u0119tno\u015bci, kt\u00f3rych celem jest nauka bezpiecznej obs\u0142ugi os\u00f3b niepe\u0142nosprawnych przy wsiadaniu i wysiadaniu z samolot\u00f3w. Cel szkolenia Przewo\u017anicy lotniczy s\u0105 zobowi\u0105zani do stosowania si\u0119 do rozporz\u0105dzenia UE nr 1107\/2006 z dnia 5 lipca 2006 o prawach pasa\u017cer\u00f3w niepe\u0142nosprawnych i o ograniczonej [&hellip;]<\/p>\n","protected":false},"author":3,"featured_media":3418,"parent":1288,"menu_order":40,"comment_status":"closed","ping_status":"closed","template":"","meta":{"footnotes":""},"class_list":["post-1153","page","type-page","status-publish","has-post-thumbnail","hentry"],"aioseo_notices":[],"_links":{"self":[{"href":"https:\/\/szkolenia-udt.pl\/ua\/wp-json\/wp\/v2\/pages\/1153","targetHints":{"allow":["GET"]}}],"collection":[{"href":"https:\/\/szkolenia-udt.pl\/ua\/wp-json\/wp\/v2\/pages"}],"about":[{"href":"https:\/\/szkolenia-udt.pl\/ua\/wp-json\/wp\/v2\/types\/page"}],"author":[{"embeddable":true,"href":"https:\/\/szkolenia-udt.pl\/ua\/wp-json\/wp\/v2\/users\/3"}],"replies":[{"embeddable":true,"href":"https:\/\/szkolenia-udt.pl\/ua\/wp-json\/wp\/v2\/comments?post=1153"}],"version-history":[{"count":9,"href":"https:\/\/szkolenia-udt.pl\/ua\/wp-json\/wp\/v2\/pages\/1153\/revisions"}],"predecessor-version":[{"id":2376,"href":"https:\/\/szkolenia-udt.pl\/ua\/wp-json\/wp\/v2\/pages\/1153\/revisions\/2376"}],"up":[{"embeddable":true,"href":"https:\/\/szkolenia-udt.pl\/ua\/wp-json\/wp\/v2\/pages\/1288"}],"wp:featuredmedia":[{"embeddable":true,"href":"https:\/\/szkolenia-udt.pl\/ua\/wp-json\/wp\/v2\/media\/3418"}],"wp:attachment":[{"href":"https:\/\/szkolenia-udt.pl\/ua\/wp-json\/wp\/v2\/media?parent=1153"}],"curies":[{"name":"wp","href":"https:\/\/api.w.org\/{rel}","templated":true}]}}