{"id":1288,"date":"2015-03-30T19:33:45","date_gmt":"2015-03-30T19:33:45","guid":{"rendered":"http:\/\/szkolenia-udt.pl\/?page_id=1288"},"modified":"2016-07-05T19:07:02","modified_gmt":"2016-07-05T19:07:02","slug":"%d0%bb%d1%96%d1%82%d0%b0%d0%ba","status":"publish","type":"page","link":"https:\/\/szkolenia-udt.pl\/ua\/kursy\/lotnictwo\/","title":{"rendered":"\u041b\u0456\u0442\u0430\u043a"},"content":{"rendered":"<h3>\u0410\u0432\u0456\u0430\u0446\u0456\u0439\u043d\u0430 \u043f\u0456\u0434\u0433\u043e\u0442\u043e\u0432\u043a\u0430<\/h3>\n<div style=\"float: left; padding-right: 10px;\"><div id=\"metaslider-id-1308\" style=\"max-width: 300px;\" class=\"ml-slider-3-107-0 metaslider metaslider-flex metaslider-1308 ml-slider ms-theme-default nav-hidden\" role=\"region\" aria-label=\"\u041b\u0456\u0442\u0430\u043a\" data-height=\"225\" data-width=\"300\">\n    <div id=\"metaslider_container_1308\">\n        <div id=\"metaslider_1308\">\n            <ul class='slides'>\n                <li style=\"display: block; width: 100%;\" class=\"slide-1309 ms-image\" aria-roledescription=\"slide\" data-date=\"2015-03-30 20:44:59\" data-filename=\"trans-2.jpg\" data-slide-type=\"image\"><img loading=\"lazy\" decoding=\"async\" src=\"https:\/\/szkolenia-udt.pl\/wp-content\/uploads\/2015\/03\/trans-2.jpg\" height=\"225\" width=\"300\" alt=\"\" class=\"slider-1308 slide-1309 msDefaultImage\" \/><\/li>\n                <li style=\"display: none; width: 100%;\" class=\"slide-1310 ms-image\" aria-roledescription=\"slide\" data-date=\"2015-03-30 20:45:00\" data-filename=\"odladz-3.jpg\" data-slide-type=\"image\"><img loading=\"lazy\" decoding=\"async\" src=\"https:\/\/szkolenia-udt.pl\/wp-content\/uploads\/2015\/03\/odladz-3.jpg\" height=\"225\" width=\"300\" alt=\"\" class=\"slider-1308 slide-1310 msDefaultImage\" \/><\/li>\n                <li style=\"display: none; width: 100%;\" class=\"slide-1311 ms-image\" aria-roledescription=\"slide\" data-date=\"2015-03-30 20:45:01\" data-filename=\"odladz-1.jpg\" data-slide-type=\"image\"><img loading=\"lazy\" decoding=\"async\" src=\"https:\/\/szkolenia-udt.pl\/wp-content\/uploads\/2015\/03\/odladz-1.jpg\" height=\"225\" width=\"300\" alt=\"\" class=\"slider-1308 slide-1311 msDefaultImage\" \/><\/li>\n                <li style=\"display: none; width: 100%;\" class=\"slide-1312 ms-image\" aria-roledescription=\"slide\" data-date=\"2015-03-30 20:45:02\" data-filename=\"ambu-2.jpg\" data-slide-type=\"image\"><img loading=\"lazy\" decoding=\"async\" src=\"https:\/\/szkolenia-udt.pl\/wp-content\/uploads\/2015\/03\/ambu-2.jpg\" height=\"225\" width=\"300\" alt=\"\" class=\"slider-1308 slide-1312 msDefaultImage\" \/><\/li>\n                <li style=\"display: none; width: 100%;\" class=\"slide-1314 ms-image\" aria-roledescription=\"slide\" data-date=\"2015-03-30 20:45:54\" data-filename=\"ambu-1.jpg\" data-slide-type=\"image\"><img loading=\"lazy\" decoding=\"async\" src=\"https:\/\/szkolenia-udt.pl\/wp-content\/uploads\/2015\/03\/ambu-1.jpg\" height=\"225\" width=\"300\" alt=\"\" class=\"slider-1308 slide-1314 msDefaultImage\" \/><\/li>\n            <\/ul>\n        <\/div>\n        \n    <\/div>\n<\/div><\/div>\n<div class=\"wyjustuj\">\u0417\u0430\u043f\u0440\u043e\u0448\u0443\u0454\u043c\u043e \u043d\u0430 \u043d\u0430\u0432\u0447\u0430\u043d\u043d\u044f \u0434\u043b\u044f \u0430\u0432\u0456\u0430\u0446\u0456\u0457 <a href=\"https:\/\/szkolenia-udt.pl\/ua\/o-firmie\/\">\u0426\u0435\u043d\u0442\u0440 \u043f\u0456\u0434\u0433\u043e\u0442\u043e\u0432\u043a\u0438 \u043e\u043f\u0435\u0440\u0430\u0442\u043e\u0440\u0456\u0432<\/a> SPA. \u0417\u0430\u0432\u0434\u044f\u043a\u0438 \u043d\u0430\u0448\u0456\u0439 \u043f\u0440\u043e\u043f\u043e\u0437\u0438\u0446\u0456\u0457 \u0432\u0438 \u043c\u043e\u0436\u0435\u0442\u0435 \u043e\u0442\u0440\u0438\u043c\u0430\u0442\u0438 \u043d\u0435\u043e\u0431\u0445\u0456\u0434\u043d\u0456 \u0437\u043d\u0430\u043d\u043d\u044f \u0442\u0430 \u043d\u0430\u0432\u0438\u0447\u043a\u0438 \u0434\u043b\u044f \u0440\u043e\u0431\u043e\u0442\u0438 \u0432 \u0430\u0435\u0440\u043e\u043f\u043e\u0440\u0442\u0443 \u043f\u0440\u0430\u0446\u0456\u0432\u043d\u0438\u043a\u043e\u043c \u043d\u0430\u0437\u0435\u043c\u043d\u043e\u0433\u043e \u043e\u0431\u0441\u043b\u0443\u0433\u043e\u0432\u0443\u0432\u0430\u043d\u043d\u044f. \u041f\u0456\u0434 \u0447\u0430\u0441 \u0437\u0430\u043d\u044f\u0442\u0442\u044f \u0441\u0442\u0443\u0434\u0435\u043d\u0442\u0438 \u0432\u0447\u0430\u0442\u044c\u0441\u044f \u043a\u043e\u0440\u0438\u0441\u0442\u0443\u0432\u0430\u0442\u0438\u0441\u044f \u0442\u0430\u043a\u0438\u043c\u0438 \u043f\u0440\u0438\u0441\u0442\u0440\u043e\u044f\u043c\u0438, \u044f\u043a \u0430\u043d\u0442\u0438\u043e\u0436\u0435\u043b\u0435\u0434\u043d\u0456 \u043f\u0440\u0438\u0441\u0442\u0440\u043e\u0457, \u0430\u043c\u0431\u0443\u043b\u0456\u0444\u0442\u0438 \u0430\u0431\u043e \u0442\u0440\u0430\u043d\u0441\u043f\u043e\u0440\u0442\u0435\u0440\u0438, \u044f\u043a\u0456 \u0432\u0438\u043a\u043e\u0440\u0438\u0441\u0442\u043e\u0432\u0443\u044e\u0442\u044c\u0441\u044f \u0432 \u0430\u0435\u0440\u043e\u043f\u043e\u0440\u0442\u0430\u0445, \u044f\u043a\u0456 \u043f\u043e\u0442\u0440\u0435\u0431\u0443\u044e\u0442\u044c \u0432\u0456\u0434\u043f\u043e\u0432\u0456\u0434\u043d\u0438\u0445 \u0434\u043e\u0437\u0432\u043e\u043b\u0456\u0432.\u041c\u0438 \u043f\u0440\u043e\u043f\u043e\u043d\u0443\u0454\u043c\u043e \u043f\u0440\u043e\u0444\u0435\u0441\u0456\u0439\u043d\u0435 \u043d\u0430\u0432\u0447\u0430\u043d\u043d\u044f \u0430\u0432\u0456\u0430\u0446\u0456\u0439\u043d\u043e\u0433\u043e \u043f\u0435\u0440\u0441\u043e\u043d\u0430\u043b\u0443, \u0441\u0442\u0432\u043e\u0440\u0435\u043d\u0435 \u0432 \u0442\u0456\u0441\u043d\u0456\u0439 \u0441\u043f\u0456\u0432\u043f\u0440\u0430\u0446\u0456 \u0437 \u043a\u0440\u0430\u0449\u0438\u043c\u0438 \u0444\u0430\u0445\u0456\u0432\u0446\u044f\u043c\u0438 \u0441\u0432\u043e\u0454\u0457 \u0441\u043f\u0440\u0430\u0432\u0438. \u041d\u0430\u0432\u0447\u0430\u043b\u044c\u043d\u0430 \u043f\u0440\u043e\u0433\u0440\u0430\u043c\u0430 \u0432\u0456\u0434\u043f\u043e\u0432\u0456\u0434\u0430\u0454 \u0432\u0438\u043c\u043e\u0433\u0430\u043c \u0447\u0438\u043d\u043d\u043e\u0433\u043e \u0437\u0430\u043a\u043e\u043d\u043e\u0434\u0430\u0432\u0441\u0442\u0432\u0430 \u0442\u0430 \u0434\u043e\u0437\u0432\u043e\u043b\u044f\u0454 \u0491\u0440\u0443\u043d\u0442\u043e\u0432\u043d\u043e \u043e\u0437\u043d\u0430\u0439\u043e\u043c\u0438\u0442\u0438\u0441\u044c \u0437 \u0442\u0435\u043e\u0440\u0456\u0454\u044e \u0442\u0430 \u043f\u0440\u0430\u043a\u0442\u0438\u043a\u043e\u044e \u0435\u043a\u0441\u043f\u043b\u0443\u0430\u0442\u0430\u0446\u0456\u0457 \u043f\u0440\u0438\u0441\u0442\u0440\u043e\u0457\u0432 \u0430\u0435\u0440\u043e\u043f\u043e\u0440\u0442\u0443 GSE (Ground Support Equipment).<\/p>\n<p><strong>\u041d\u0430\u0448\u0430 \u043e\u0441\u0432\u0456\u0442\u043d\u044f \u043f\u0440\u043e\u043f\u043e\u0437\u0438\u0446\u0456\u044f \u0432\u043a\u043b\u044e\u0447\u0430\u0454:<\/strong><\/p>\n<ul>\n<li><a href=\"\/ua\/%d0%ba%d1%83%d1%80%d1%81%d0%b8\/%d0%bb%d1%96%d1%82%d0%b0%d0%ba\/%d0%b0%d0%bc%d0%b1%d1%83%d0%bb%d1%96%d1%84%d1%82%d0%b8\/\">\u0430\u043c\u0431\u0443\u043b\u0430\u0442\u043e\u0440\u043d\u0456 \u043a\u0443\u0440\u0441\u0438<\/a><\/li>\n<li><a href=\"\/ua\/%d0%ba%d1%83%d1%80%d1%81%d0%b8\/%d0%bb%d1%96%d1%82%d0%b0%d0%ba\/%d0%ba%d0%be%d0%bd%d1%82%d0%b5%d0%b9%d0%bd%d0%b5%d1%80%d0%bd%d0%be-%d0%bf%d0%b0%d0%bb%d0%b5%d1%82%d0%bd%d1%96-%d1%82%d1%80%d0%b0%d0%bd%d1%81%d0%bf%d0%be%d1%80%d1%82%d0%b5%d1%80%d0%b8\/\">\u043a\u0443\u0440\u0441\u0438 \u0442\u0440\u0430\u043d\u0441\u043f\u043e\u0440\u0442\u0443\u0432\u0430\u043b\u044c\u043d\u0438\u043a\u0456\u0432 \u043a\u043e\u043d\u0442\u0435\u0439\u043d\u0435\u0440\u0456\u0432 \u0456 \u043f\u0430\u043b\u0435\u0442<\/a><\/li>\n<li><a href=\"\/ua\/%d0%ba%d1%83%d1%80%d1%81%d0%b8\/%d0%bb%d1%96%d1%82%d0%b0%d0%ba\/%d0%b0%d0%bd%d1%82%d0%b8%d0%be%d0%b6%d0%b5%d0%bb%d0%b5%d0%b4%d0%bd%d1%96-%d0%b7%d0%b0%d1%81%d0%be%d0%b1%d0%b8\/\">\u043a\u0443\u0440\u0441\u0438 \u0430\u043d\u0442\u0438\u043e\u0436\u0435\u043b\u0435\u0434\u043d\u0438\u0445 \u0437\u0430\u0441\u043e\u0431\u0456\u0432<\/a><\/li>\n<\/ul>\n<p>\u041f\u0456\u0441\u043b\u044f \u0437\u0430\u043a\u0456\u043d\u0447\u0435\u043d\u043d\u044f \u043a\u0443\u0440\u0441\u0456\u0432 \u0442\u0430 \u0443\u0441\u043f\u0456\u0448\u043d\u043e\u0457 \u0437\u0434\u0430\u0447\u0456 \u0456\u0441\u043f\u0438\u0442\u0456\u0432 \u0441\u043b\u0443\u0445\u0430\u0447\u0456 \u043e\u0442\u0440\u0438\u043c\u0443\u044e\u0442\u044c \u0432\u0456\u0434\u043f\u043e\u0432\u0456\u0434\u043d\u0456 \u0441\u0435\u0440\u0442\u0438\u0444\u0456\u043a\u0430\u0442\u0438, \u0449\u043e \u0434\u0430\u044e\u0442\u044c \u043f\u0440\u0430\u0432\u043e \u043f\u0440\u0435\u0442\u0435\u043d\u0434\u0443\u0432\u0430\u0442\u0438 \u043d\u0430 \u043f\u043e\u0441\u0430\u0434\u0438 \u043d\u0430\u0437\u0435\u043c\u043d\u043e\u0433\u043e \u043f\u0435\u0440\u0441\u043e\u043d\u0430\u043b\u0443 \u0430\u0435\u0440\u043e\u043f\u043e\u0440\u0442\u0443. <a href=\"https:\/\/szkolenia-udt.pl\/ua\/kontakt\/\">\u0429\u0438\u0440\u043e \u0437\u0430\u043f\u0440\u043e\u0448\u0443\u0454\u043c\u043e<\/a> \u043f\u043e\u0437\u043d\u0430\u0439\u043e\u043c\u0438\u0442\u0438\u0441\u044f \u0437 <a href=\"https:\/\/szkolenia-udt.pl\/ua\/oferta\/\">\u043f\u043e\u0432\u043d\u0430 \u043f\u0440\u043e\u043f\u043e\u0437\u0438\u0446\u0456\u044f<\/a> \u043d\u0430\u0448\u0456 \u043a\u0443\u0440\u0441\u0438 \u0434\u043b\u044f \u043f\u0435\u0440\u0441\u043e\u043d\u0430\u043b\u0443 \u0430\u0435\u0440\u043e\u043f\u043e\u0440\u0442\u0443!<\/p>\n<\/div>","protected":false},"excerpt":{"rendered":"<p>Szkolenia dla lotnictwa Zapraszamy na szkolenia dla lotnictwa do O\u015brodka Szkolenia Operator\u00f3w OSO. Dzi\u0119ki naszej ofercie mog\u0105 Pa\u0144stwo zdoby\u0107 potrzebn\u0105 wiedz\u0119 oraz umiej\u0119tno\u015bci do pracy na porcie lotniczym jako pracownik obs\u0142ugi naziemnej \u2013 p\u0142ytowej. Podczas lekcji kursanci ucz\u0105 si\u0119 obs\u0142ugi urz\u0105dze\u0144 takich jak odladzarki, ambulifty czy transportery stosowanych na portach lotniczych, kt\u00f3re wymagaj\u0105 do tego [&hellip;]<\/p>\n","protected":false},"author":3,"featured_media":0,"parent":22,"menu_order":0,"comment_status":"closed","ping_status":"closed","template":"","meta":{"footnotes":""},"class_list":["post-1288","page","type-page","status-publish","hentry"],"aioseo_notices":[],"_links":{"self":[{"href":"https:\/\/szkolenia-udt.pl\/ua\/wp-json\/wp\/v2\/pages\/1288","targetHints":{"allow":["GET"]}}],"collection":[{"href":"https:\/\/szkolenia-udt.pl\/ua\/wp-json\/wp\/v2\/pages"}],"about":[{"href":"https:\/\/szkolenia-udt.pl\/ua\/wp-json\/wp\/v2\/types\/page"}],"author":[{"embeddable":true,"href":"https:\/\/szkolenia-udt.pl\/ua\/wp-json\/wp\/v2\/users\/3"}],"replies":[{"embeddable":true,"href":"https:\/\/szkolenia-udt.pl\/ua\/wp-json\/wp\/v2\/comments?post=1288"}],"version-history":[{"count":15,"href":"https:\/\/szkolenia-udt.pl\/ua\/wp-json\/wp\/v2\/pages\/1288\/revisions"}],"predecessor-version":[{"id":1593,"href":"https:\/\/szkolenia-udt.pl\/ua\/wp-json\/wp\/v2\/pages\/1288\/revisions\/1593"}],"up":[{"embeddable":true,"href":"https:\/\/szkolenia-udt.pl\/ua\/wp-json\/wp\/v2\/pages\/22"}],"wp:attachment":[{"href":"https:\/\/szkolenia-udt.pl\/ua\/wp-json\/wp\/v2\/media?parent=1288"}],"curies":[{"name":"wp","href":"https:\/\/api.w.org\/{rel}","templated":true}]}}