{"id":1298,"date":"2015-03-30T19:45:04","date_gmt":"2015-03-30T19:45:04","guid":{"rendered":"http:\/\/szkolenia-udt.pl\/?page_id=1298"},"modified":"2022-10-21T15:59:10","modified_gmt":"2022-10-21T13:59:10","slug":"%d0%ba%d0%be%d0%bd%d1%82%d0%b5%d0%b9%d0%bd%d0%b5%d1%80%d0%bd%d0%be-%d0%bf%d0%b0%d0%bb%d0%b5%d1%82%d0%bd%d1%96-%d1%82%d1%80%d0%b0%d0%bd%d1%81%d0%bf%d0%be%d1%80%d1%82%d0%b5%d1%80%d0%b8","status":"publish","type":"page","link":"https:\/\/szkolenia-udt.pl\/ua\/kursy\/lotnictwo\/transportery-kontenerow-i-palet\/","title":{"rendered":"\u0422\u0440\u0430\u043d\u0441\u043f\u043e\u0440\u0442\u0435\u0440\u0438 \u043a\u043e\u043d\u0442\u0435\u0439\u043d\u0435\u0440\u0456\u0432 \u0456 \u043f\u0430\u043b\u0435\u0442"},"content":{"rendered":"<h3>\u041e\u0431\u043b\u0430\u0434\u043d\u0430\u043d\u043d\u044f \u0434\u043b\u044f \u0437\u0430\u0432\u0430\u043d\u0442\u0430\u0436\u0435\u043d\u043d\u044f \u043a\u043e\u043d\u0442\u0435\u0439\u043d\u0435\u0440\u0456\u0432 \u043d\u0430 \u043b\u0456\u0442\u0430\u043a<\/h3>\n<div style=\"float: left; padding-right: 10px;\"><div id=\"metaslider-id-1315\" style=\"max-width: 300px;\" class=\"ml-slider-3-107-0 metaslider metaslider-flex metaslider-1315 ml-slider ms-theme-default nav-hidden\" role=\"region\" aria-label=\"\u0422\u0440\u0430\u043d\u0441\u043f\u043e\u0440\u0442\u0435\u0440\u0438\" data-height=\"225\" data-width=\"300\">\n    <div id=\"metaslider_container_1315\">\n        <div id=\"metaslider_1315\">\n            <ul class='slides'>\n                <li style=\"display: block; width: 100%;\" class=\"slide-1316 ms-image\" aria-roledescription=\"slide\" data-date=\"2015-03-30 20:46:34\" data-filename=\"trans-4.jpg\" data-slide-type=\"image\"><img loading=\"lazy\" decoding=\"async\" src=\"https:\/\/szkolenia-udt.pl\/wp-content\/uploads\/2015\/03\/trans-4.jpg\" height=\"225\" width=\"300\" alt=\"\" class=\"slider-1315 slide-1316 msDefaultImage\" \/><\/li>\n                <li style=\"display: none; width: 100%;\" class=\"slide-1317 ms-image\" aria-roledescription=\"slide\" data-date=\"2015-03-30 20:46:35\" data-filename=\"trans-3.jpg\" data-slide-type=\"image\"><img loading=\"lazy\" decoding=\"async\" src=\"https:\/\/szkolenia-udt.pl\/wp-content\/uploads\/2015\/03\/trans-3.jpg\" height=\"225\" width=\"300\" alt=\"\" class=\"slider-1315 slide-1317 msDefaultImage\" \/><\/li>\n                <li style=\"display: none; width: 100%;\" class=\"slide-1318 ms-image\" aria-roledescription=\"slide\" data-date=\"2015-03-30 20:46:36\" data-filename=\"trans-21.jpg\" data-slide-type=\"image\"><img loading=\"lazy\" decoding=\"async\" src=\"https:\/\/szkolenia-udt.pl\/wp-content\/uploads\/2015\/03\/trans-21.jpg\" height=\"225\" width=\"300\" alt=\"\" class=\"slider-1315 slide-1318 msDefaultImage\" \/><\/li>\n                <li style=\"display: none; width: 100%;\" class=\"slide-1319 ms-image\" aria-roledescription=\"slide\" data-date=\"2015-03-30 20:46:38\" data-filename=\"trans-1.png\" data-slide-type=\"image\"><img loading=\"lazy\" decoding=\"async\" src=\"https:\/\/szkolenia-udt.pl\/wp-content\/uploads\/2015\/03\/trans-1.png\" height=\"225\" width=\"300\" alt=\"\" class=\"slider-1315 slide-1319 msDefaultImage\" \/><\/li>\n            <\/ul>\n        <\/div>\n        \n    <\/div>\n<\/div><\/div>\n<div class=\"wyjustuj\">\n<p>\u0432 <a href=\"https:\/\/szkolenia-udt.pl\/ua\/o-firmie\/\">\u0426\u0435\u043d\u0442\u0440 \u043f\u0456\u0434\u0433\u043e\u0442\u043e\u0432\u043a\u0438 \u043e\u043f\u0435\u0440\u0430\u0442\u043e\u0440\u0456\u0432<\/a> OSO, \u043c\u0438 \u043f\u0440\u043e\u043f\u043e\u043d\u0443\u0454\u043c\u043e \u0432\u0430\u043c \u043f\u0440\u043e\u0444\u0435\u0441\u0456\u0439\u043d\u0435 \u043d\u0430\u0432\u0447\u0430\u043d\u043d\u044f \u0434\u043b\u044f \u0442\u0440\u0430\u043d\u0441\u043f\u043e\u0440\u0442\u0443\u0432\u0430\u043b\u044c\u043d\u0438\u043a\u0456\u0432 \u043a\u043e\u043d\u0442\u0435\u0439\u043d\u0435\u0440\u0456\u0432 \u0456 \u043f\u0430\u043b\u0435\u0442, \u044f\u043a\u0456 \u0432\u0438\u043a\u043e\u0440\u0438\u0441\u0442\u043e\u0432\u0443\u044e\u0442\u044c\u0441\u044f \u0432 \u0430\u0435\u0440\u043e\u043f\u043e\u0440\u0442\u0430\u0445. \u0412\u0438\u043a\u043e\u0440\u0438\u0441\u0442\u043e\u0432\u0443\u044e\u0447\u0438 \u0441 <a href=\"https:\/\/szkolenia-udt.pl\/ua\/oferta\/\">\u043d\u0430\u0448\u0430 \u043f\u0440\u043e\u043f\u043e\u0437\u0438\u0446\u0456\u044f<\/a> \u0454 \u0445\u043e\u0440\u043e\u0448\u0438\u043c \u0432\u0438\u0431\u043e\u0440\u043e\u043c - \u043d\u0430\u0432\u0447\u0430\u0439\u0442\u0435\u0441\u044f \u0443 \u0441\u043f\u0435\u0446\u0456\u0430\u043b\u0456\u0441\u0442\u0456\u0432 \u0441\u0432\u043e\u0454\u0457 \u0441\u043f\u0440\u0430\u0432\u0438 \u0437\u0430 \u043f\u0440\u0438\u0432\u0430\u0431\u043b\u0438\u0432\u0438\u043c\u0438 \u0446\u0456\u043d\u0430\u043c\u0438 \u0422\u0440\u0430\u043d\u0441\u043f\u043e\u0440\u0442\u0435\u0440\u0438 - \u0446\u0435 \u0432\u0430\u043d\u0442\u0430\u0436\u043d\u0456 \u043f\u043b\u0430\u0442\u0444\u043e\u0440\u043c\u0438, \u0441\u043a\u043e\u043d\u0441\u0442\u0440\u0443\u0439\u043e\u0432\u0430\u043d\u0456 \u0442\u0430\u043a\u0438\u043c \u0447\u0438\u043d\u043e\u043c, \u0449\u043e \u0437 \u043d\u0438\u0445 \u043c\u043e\u0436\u043d\u0430 \u0437\u0430\u0432\u0430\u043d\u0442\u0430\u0436\u0443\u0432\u0430\u0442\u0438 \u0442\u0430 \u0440\u043e\u0437\u0432\u0430\u043d\u0442\u0430\u0436\u0443\u0432\u0430\u0442\u0438 \u043a\u043e\u043d\u0442\u0435\u0439\u043d\u0435\u0440\u0438 \u0442\u0430 \u043f\u0456\u0434\u0434\u043e\u043d\u0438. \u0412\u043e\u043d\u0438 \u0448\u0438\u0440\u043e\u043a\u043e \u0432\u0438\u043a\u043e\u0440\u0438\u0441\u0442\u043e\u0432\u0443\u044e\u0442\u044c\u0441\u044f \u0432 \u0431\u0430\u0433\u0430\u0442\u044c\u043e\u0445 \u0430\u0435\u0440\u043e\u043f\u043e\u0440\u0442\u0430\u0445 \u0441\u0432\u0456\u0442\u0443 \u0434\u043b\u044f \u043e\u0431\u0441\u043b\u0443\u0433\u043e\u0432\u0443\u0432\u0430\u043d\u043d\u044f \u0432\u0430\u043d\u0442\u0430\u0436\u043d\u0438\u0445 \u0442\u0430 \u0456\u043d\u0448\u0438\u0445 \u043b\u0456\u0442\u0430\u043a\u0456\u0432. \u0422\u0440\u0430\u043d\u0441\u043f\u043e\u0440\u0442\u0443\u0432\u0430\u043b\u044c\u043d\u0456 \u043f\u0440\u0438\u0441\u0442\u0440\u043e\u0457 \u0432 \u043e\u0441\u043d\u043e\u0432\u043d\u043e\u043c\u0443 \u0440\u043e\u0437\u0440\u043e\u0431\u043b\u0435\u043d\u0456 \u044f\u043a \u043c\u043e\u0431\u0456\u043b\u044c\u043d\u0456 \u043d\u043e\u0436\u0438\u0447\u043d\u0456 \u043f\u0456\u0434\u0439\u043e\u043c\u043d\u0438\u043a\u0438 \u0430\u0431\u043e \u043f\u0456\u0434\u0439\u043e\u043c\u043d\u0438\u043a\u0438 \u0437 \u0434\u0432\u043e\u043c\u0430 \u043f\u043b\u0430\u0442\u0444\u043e\u0440\u043c\u0430\u043c\u0438, \u044f\u043a\u0456 \u0432\u0456\u0434\u043f\u043e\u0432\u0456\u0434\u0430\u044e\u0442\u044c \u0440\u043e\u0437\u043c\u0456\u0440\u0430\u043c \u043f\u043e\u0432\u0456\u0442\u0440\u044f\u043d\u043e\u0433\u043e \u0441\u0443\u0434\u043d\u0430 \u0456 \u043f\u043e\u043b\u0435\u0433\u0448\u0443\u044e\u0442\u044c \u0440\u043e\u0431\u043e\u0442\u0443 \u0437 \u0432\u0430\u043d\u0442\u0430\u0436\u043e\u0431\u0430\u0433\u0430\u0436\u0435\u043c, \u0432\u0456\u0434\u043f\u0440\u0430\u0432\u043b\u0435\u043d\u043d\u044f\u043c\u0438 \u0432 \u043a\u043e\u043d\u0442\u0435\u0439\u043d\u0435\u0440\u0430\u0445 \u0456 \u043f\u0456\u0434\u0434\u043e\u043d\u0430\u0445.<\/p>\n<p>\u041f\u0456\u0434 \u0447\u0430\u0441 \u0437\u0430\u043d\u044f\u0442\u044c \u0443\u0447\u0430\u0441\u043d\u0438\u043a\u0438 \u043e\u0442\u0440\u0438\u043c\u0443\u044e\u0442\u044c \u0448\u0438\u0440\u043e\u043a\u0456 \u0437\u043d\u0430\u043d\u043d\u044f \u0437 \u0442\u0435\u043e\u0440\u0456\u0457 \u043f\u043e\u0432\u043e\u0434\u0436\u0435\u043d\u043d\u044f \u0437 \u0442\u0440\u0430\u043d\u0441\u043f\u043e\u0440\u0442\u0435\u0440\u0430\u043c\u0438 \u0437 \u0430\u043a\u0446\u0435\u043d\u0442\u043e\u043c \u043d\u0430 \u043f\u0438\u0442\u0430\u043d\u043d\u044f\u0445 \u043e\u0445\u043e\u0440\u043e\u043d\u0438 \u043f\u0440\u0430\u0446\u0456, \u0430 \u0442\u0430\u043a\u043e\u0436 \u0431\u0435\u0440\u0443\u0442\u044c \u0443\u0447\u0430\u0441\u0442\u044c \u0443 \u0437\u0430\u043d\u044f\u0442\u0442\u044f\u0445<br \/>\n\u043f\u0440\u0430\u043a\u0442\u0438\u0447\u043d\u0456, \u044f\u043a\u0456 \u043d\u0430\u0432\u0447\u0430\u044e\u0442\u044c \u043a\u043e\u0440\u0438\u0441\u0442\u0443\u0432\u0430\u0442\u0438\u0441\u044f \u043f\u0440\u0438\u0441\u0442\u0440\u043e\u044f\u043c\u0438. \u041f\u0440\u043e\u0432\u0435\u0434\u0435\u043d\u0456 \u043d\u0430\u043c\u0438 \u0442\u0440\u0435\u043d\u0456\u043d\u0433\u0438 \u0434\u043b\u044f \u0430\u0435\u0440\u043e\u043f\u043e\u0440\u0442\u0456\u0432 \u0441\u0442\u0432\u043e\u0440\u0435\u043d\u0456 \u0437\u0430 \u0443\u0447\u0430\u0441\u0442\u044e \u0434\u043e\u0441\u0432\u0456\u0434\u0447\u0435\u043d\u0438\u0445 \u0456 \u043a\u043e\u043c\u043f\u0435\u0442\u0435\u043d\u0442\u043d\u0438\u0445 \u0441\u043f\u0435\u0446\u0456\u0430\u043b\u0456\u0441\u0442\u0456\u0432 \u0443 \u0441\u0432\u043e\u0457\u0439 \u0433\u0430\u043b\u0443\u0437\u0456 \u0442\u0430 \u043d\u0430 \u043e\u0441\u043d\u043e\u0432\u0456 \u0447\u0438\u043d\u043d\u0438\u0445 \u043f\u0440\u0430\u0432\u043e\u0432\u0438\u0445 \u043d\u043e\u0440\u043c.<\/p>\n<p><a href=\"https:\/\/szkolenia-udt.pl\/ua\/kontakt\/\">\u0417\u0430\u043f\u0440\u043e\u0448\u0443\u0454\u043c\u043e \u0412\u0430\u0441 \u043e\u0431\u0440\u0430\u0442\u0438 \u043d\u0430\u0448\u0443 \u043f\u0440\u043e\u043f\u043e\u0437\u0438\u0446\u0456\u044e!<\/a><\/p>\n<\/div>","protected":false},"excerpt":{"rendered":"<p>Urz\u0105dzenia do za\u0142adunku kontener\u00f3w na statki powietrznych W O\u015brodku Szkolenia Operator\u00f3w OSO oferujemy Pa\u0144stwu profesjonalne szkolenia na transportery kontener\u00f3w i palet stosowane na portach lotniczych. Skorzystanie z naszej oferty to dobry wyb\u00f3r \u2013 nauka od specjalist\u00f3w w swojej dziedzinie w atrakcyjnych cenach.Transportery to platformy cargo, kt\u00f3re zosta\u0142y zaprojektowane tak, aby mo\u017cna by\u0142o za\u0142adowywa\u0107 i roz\u0142adowywa\u0107 [&hellip;]<\/p>\n","protected":false},"author":3,"featured_media":3420,"parent":1288,"menu_order":0,"comment_status":"closed","ping_status":"closed","template":"","meta":{"footnotes":""},"class_list":["post-1298","page","type-page","status-publish","has-post-thumbnail","hentry"],"aioseo_notices":[],"_links":{"self":[{"href":"https:\/\/szkolenia-udt.pl\/ua\/wp-json\/wp\/v2\/pages\/1298","targetHints":{"allow":["GET"]}}],"collection":[{"href":"https:\/\/szkolenia-udt.pl\/ua\/wp-json\/wp\/v2\/pages"}],"about":[{"href":"https:\/\/szkolenia-udt.pl\/ua\/wp-json\/wp\/v2\/types\/page"}],"author":[{"embeddable":true,"href":"https:\/\/szkolenia-udt.pl\/ua\/wp-json\/wp\/v2\/users\/3"}],"replies":[{"embeddable":true,"href":"https:\/\/szkolenia-udt.pl\/ua\/wp-json\/wp\/v2\/comments?post=1298"}],"version-history":[{"count":10,"href":"https:\/\/szkolenia-udt.pl\/ua\/wp-json\/wp\/v2\/pages\/1298\/revisions"}],"predecessor-version":[{"id":3421,"href":"https:\/\/szkolenia-udt.pl\/ua\/wp-json\/wp\/v2\/pages\/1298\/revisions\/3421"}],"up":[{"embeddable":true,"href":"https:\/\/szkolenia-udt.pl\/ua\/wp-json\/wp\/v2\/pages\/1288"}],"wp:featuredmedia":[{"embeddable":true,"href":"https:\/\/szkolenia-udt.pl\/ua\/wp-json\/wp\/v2\/media\/3420"}],"wp:attachment":[{"href":"https:\/\/szkolenia-udt.pl\/ua\/wp-json\/wp\/v2\/media?parent=1298"}],"curies":[{"name":"wp","href":"https:\/\/api.w.org\/{rel}","templated":true}]}}