{"id":1305,"date":"2015-03-30T19:50:34","date_gmt":"2015-03-30T19:50:34","guid":{"rendered":"http:\/\/szkolenia-udt.pl\/?page_id=1305"},"modified":"2022-10-21T15:42:55","modified_gmt":"2022-10-21T13:42:55","slug":"%d0%b0%d0%bd%d1%82%d0%b8%d0%be%d0%b6%d0%b5%d0%bb%d0%b5%d0%b4%d0%bd%d1%96-%d0%b7%d0%b0%d1%81%d0%be%d0%b1%d0%b8","status":"publish","type":"page","link":"https:\/\/szkolenia-udt.pl\/ua\/kursy\/lotnictwo\/odladzarki\/","title":{"rendered":"\u041a\u0443\u0440\u0441\u0438 \u0430\u043d\u0442\u0438\u043e\u0436\u0435\u043b\u0435\u0434\u043d\u0438\u0445 \u0437\u0430\u0441\u043e\u0431\u0456\u0432"},"content":{"rendered":"<div style=\"float: left; padding-right: 10px;\"><div id=\"metaslider-id-1321\" style=\"max-width: 300px;\" class=\"ml-slider-3-107-0 metaslider metaslider-flex metaslider-1321 ml-slider ms-theme-default nav-hidden\" role=\"region\" aria-label=\"\u041c\u0430\u0448\u0438\u043d\u0438 \u0434\u043b\u044f \u0440\u043e\u0437\u043c\u043e\u0440\u043e\u0436\u0443\u0432\u0430\u043d\u043d\u044f \u043b\u044c\u043e\u0434\u0443\" data-height=\"225\" data-width=\"300\">\n    <div id=\"metaslider_container_1321\">\n        <div id=\"metaslider_1321\">\n            <ul class='slides'>\n                <li style=\"display: block; width: 100%;\" class=\"slide-1375 ms-image\" aria-roledescription=\"slide\" data-date=\"2015-07-10 13:24:51\" data-filename=\"resodladzarki_spraying-on-wing-of-plane.jpg\" data-slide-type=\"image\"><img loading=\"lazy\" decoding=\"async\" src=\"https:\/\/szkolenia-udt.pl\/wp-content\/uploads\/2015\/07\/resodladzarki_spraying-on-wing-of-plane.jpg\" height=\"225\" width=\"300\" alt=\"\" class=\"slider-1321 slide-1375 msDefaultImage\" \/><\/li>\n                <li style=\"display: none; width: 100%;\" class=\"slide-1374 ms-image\" aria-roledescription=\"slide\" data-date=\"2015-07-10 13:24:50\" data-filename=\"resodladzarki_KLM-deicing.jpg\" data-slide-type=\"image\"><img loading=\"lazy\" decoding=\"async\" src=\"https:\/\/szkolenia-udt.pl\/wp-content\/uploads\/2015\/07\/resodladzarki_KLM-deicing.jpg\" height=\"225\" width=\"300\" alt=\"\" class=\"slider-1321 slide-1374 msDefaultImage\" \/><\/li>\n                <li style=\"display: none; width: 100%;\" class=\"slide-1372 ms-image\" aria-roledescription=\"slide\" data-date=\"2015-07-10 13:24:49\" data-filename=\"resodladzarki_8465882939_2d4d48b966_b.jpg\" data-slide-type=\"image\"><img loading=\"lazy\" decoding=\"async\" src=\"https:\/\/szkolenia-udt.pl\/wp-content\/uploads\/2015\/07\/resodladzarki_8465882939_2d4d48b966_b.jpg\" height=\"225\" width=\"300\" alt=\"\" class=\"slider-1321 slide-1372 msDefaultImage\" \/><\/li>\n                <li style=\"display: none; width: 100%;\" class=\"slide-1373 ms-image\" aria-roledescription=\"slide\" data-date=\"2015-07-10 13:24:49\" data-filename=\"resodladzarki_Delicing__3__23.jpg\" data-slide-type=\"image\"><img loading=\"lazy\" decoding=\"async\" src=\"https:\/\/szkolenia-udt.pl\/wp-content\/uploads\/2015\/07\/resodladzarki_Delicing__3__23.jpg\" height=\"225\" width=\"300\" alt=\"\" class=\"slider-1321 slide-1373 msDefaultImage\" \/><\/li>\n                <li style=\"display: none; width: 100%;\" class=\"slide-1371 ms-image\" aria-roledescription=\"slide\" data-date=\"2015-07-10 13:24:48\" data-filename=\"resodladzarki_101217-airplane-deicing-hmed-901a.jpg\" data-slide-type=\"image\"><img loading=\"lazy\" decoding=\"async\" src=\"https:\/\/szkolenia-udt.pl\/wp-content\/uploads\/2015\/07\/resodladzarki_101217-airplane-deicing-hmed-901a.jpg\" height=\"225\" width=\"300\" alt=\"\" class=\"slider-1321 slide-1371 msDefaultImage\" \/><\/li>\n                <li style=\"display: none; width: 100%;\" class=\"slide-1370 ms-image\" aria-roledescription=\"slide\" data-date=\"2015-07-10 13:24:46\" data-filename=\"resodladzarki_34t9vl0.jpg\" data-slide-type=\"image\"><img loading=\"lazy\" decoding=\"async\" src=\"https:\/\/szkolenia-udt.pl\/wp-content\/uploads\/2015\/07\/resodladzarki_34t9vl0.jpg\" height=\"225\" width=\"300\" alt=\"\" class=\"slider-1321 slide-1370 msDefaultImage\" \/><\/li>\n            <\/ul>\n        <\/div>\n        \n    <\/div>\n<\/div><\/div>\n<div class=\"wyjustuj\">\n<p><a href=\"https:\/\/szkolenia-udt.pl\/ua\/o-firmie\/\">\u0426\u0435\u043d\u0442\u0440 \u043f\u0456\u0434\u0433\u043e\u0442\u043e\u0432\u043a\u0438 \u043e\u043f\u0435\u0440\u0430\u0442\u043e\u0440\u0456\u0432 OSO<\/a> \u0437\u0430\u043f\u0440\u043e\u0448\u0443\u0454 \u043d\u0430 \u043a\u0443\u0440\u0441\u0438 \u0437 \u043f\u0440\u043e\u0442\u0438\u043e\u0436\u0435\u043b\u0435\u0434\u043d\u0438\u0445 \u043c\u0430\u0448\u0438\u043d, \u044f\u043a\u0456 \u043c\u0438 \u043f\u0440\u043e\u043f\u043e\u043d\u0443\u0454\u043c\u043e \u0434\u043b\u044f \u043b\u044e\u0434\u0435\u0439, \u044f\u043a\u0456 \u0445\u043e\u0447\u0443\u0442\u044c \u043e\u0442\u0440\u0438\u043c\u0430\u0442\u0438 \u0432\u0456\u0434\u043f\u043e\u0432\u0456\u0434\u043d\u0438\u0439 \u0434\u043e\u0437\u0432\u0456\u043b \u043d\u0430 \u0432\u0438\u043a\u043e\u0440\u0438\u0441\u0442\u0430\u043d\u043d\u044f \u043f\u0440\u0438\u0441\u0442\u0440\u043e\u0457\u0432 \u0446\u044c\u043e\u0433\u043e \u0442\u0438\u043f\u0443 \u0432 \u0430\u0435\u0440\u043e\u043f\u043e\u0440\u0442\u0430\u0445. \u0407\u0445 \u043f\u0440\u0438\u0437\u043d\u0430\u0447\u0435\u043d\u043d\u044f - \u0437\u043d\u044f\u0442\u0438 \u0437 \u043f\u043b\u043e\u0449\u0438\u043d\u0438 \u043b\u0456\u0442\u0430\u043a\u0430 \u0448\u0430\u0440, \u0441\u0442\u0432\u043e\u0440\u0435\u043d\u0438\u0439 \u0437\u0430\u043c\u0435\u0440\u0437\u043b\u0438\u043c \u043b\u044c\u043e\u0434\u043e\u043c, \u0430 \u043f\u043e\u0442\u0456\u043c \u0437\u0430\u0445\u0438\u0441\u0442\u0438\u0442\u0438 \u0457\u0445 \u0432\u0456\u0434 \u0443\u0442\u0432\u043e\u0440\u0435\u043d\u043d\u044f \u043d\u043e\u0432\u043e\u0433\u043e \u043e\u0431\u043b\u0435\u0434\u0435\u043d\u0456\u043d\u043d\u044f. \u041f\u0440\u043e\u0442\u0438\u0437\u043b\u0435\u0434\u0435\u043d\u0456\u043d\u043d\u044f \u043f\u0440\u043e\u0432\u043e\u0434\u0438\u0442\u044c\u0441\u044f \u043f\u0435\u0440\u0435\u0434 \u0437\u043b\u044c\u043e\u0442\u043e\u043c \u043d\u0430 \u0440\u0443\u043b\u0456\u0436\u043d\u0438\u0445 \u0434\u043e\u0440\u0456\u0436\u043a\u0430\u0445. \u0412\u0456\u043d \u043f\u043e\u043b\u044f\u0433\u0430\u0454 \u0432 \u0442\u043e\u043c\u0443, \u0449\u043e \u043f\u0440\u0430\u0446\u0456\u0432\u043d\u0438\u043a \u0432 \u043b\u0456\u0444\u0442\u0456-\u043a\u043e\u0440\u0437\u0438\u043d\u0456 \u043f\u043e\u043b\u0438\u0432\u0430\u0454 \u043f\u043e\u0432\u0435\u0440\u0445\u043d\u044e \u043b\u0456\u0442\u0430\u043a\u0430 \u0441\u0443\u043c\u0456\u0448\u0448\u044e \u0433\u043b\u0456\u043a\u043e\u043b\u044e \u0442\u0430 \u0432\u043e\u0434\u0438 \u0432\u0456\u0434\u043f\u043e\u0432\u0456\u0434\u043d\u043e\u0457 \u0442\u0435\u043c\u043f\u0435\u0440\u0430\u0442\u0443\u0440\u0438. \u041a\u0432\u0430\u043b\u0456\u0444\u0456\u043a\u043e\u0432\u0430\u043d\u0456 \u043e\u043f\u0435\u0440\u0430\u0442\u043e\u0440\u0438 \u043d\u0435\u0441\u0443\u0442\u044c \u0432\u0456\u0434\u043f\u043e\u0432\u0456\u0434\u0430\u043b\u044c\u043d\u0456\u0441\u0442\u044c \u0437\u0430 \u043e\u0431\u0441\u043b\u0443\u0433\u043e\u0432\u0443\u0432\u0430\u043d\u043d\u044f \u043b\u0456\u0444\u0442\u0456\u0432 \u0456 \u043f\u043e\u0432\u0438\u043d\u043d\u0456 \u043c\u0430\u0442\u0438 \u0434\u043b\u044f \u0446\u044c\u043e\u0433\u043e \u0432\u0456\u0434\u043f\u043e\u0432\u0456\u0434\u043d\u0456 \u0434\u043e\u0437\u0432\u043e\u043b\u0438.<\/p>\n<p>\u041f\u0456\u0434 \u0447\u0430\u0441 \u043a\u0443\u0440\u0441\u0456\u0432 \u0441\u043b\u0443\u0445\u0430\u0447\u0456 \u043e\u0442\u0440\u0438\u043c\u0443\u044e\u0442\u044c \u043a\u043e\u043c\u043f\u043b\u0435\u043a\u0441\u043d\u0456 \u0437\u043d\u0430\u043d\u043d\u044f \u0437 \u0442\u0435\u043e\u0440\u0456\u0457 \u0440\u043e\u0431\u043e\u0442\u0438 \u043f\u0440\u043e\u0442\u0438\u043e\u0436\u0435\u043b\u0435\u0434\u043d\u0438\u0445 \u043f\u0440\u0438\u0441\u0442\u0440\u043e\u0457\u0432, \u043f\u0440\u0438\u043d\u0446\u0438\u043f\u0456\u0432 \u043e\u0445\u043e\u0440\u043e\u043d\u0438 \u043f\u0440\u0430\u0446\u0456, \u0430 \u0442\u0430\u043a\u043e\u0436 \u0431\u0435\u0440\u0443\u0442\u044c \u0443\u0447\u0430\u0441\u0442\u044c \u0443 \u043f\u0440\u0430\u043a\u0442\u0438\u0447\u043d\u0438\u0445 \u0437\u0430\u043d\u044f\u0442\u0442\u044f\u0445.<\/p>\n<p>\u0412 \u043d\u0430\u044f\u0432\u043d\u043e\u0441\u0442\u0456 \u0432 \u043d\u0430\u0448\u043e\u043c\u0443 \u0426\u0435\u043d\u0442\u0440\u0456 <a href=\"https:\/\/szkolenia-udt.pl\/ua\/kursy\/lotnictwo\/\">\u043f\u0456\u0434\u0433\u043e\u0442\u043e\u0432\u043a\u0430 \u0430\u0432\u0456\u0430\u0446\u0456\u0439\u043d\u043e\u0433\u043e \u043f\u0435\u0440\u0441\u043e\u043d\u0430\u043b\u0443<\/a> \u041f\u043e\u0441\u043b\u0443\u0433\u0438 \u043d\u0430\u0437\u0435\u043c\u043d\u043e\u0433\u043e \u043e\u0431\u0441\u043b\u0443\u0433\u043e\u0432\u0443\u0432\u0430\u043d\u043d\u044f \u0430\u0435\u0440\u043e\u043f\u043e\u0440\u0442\u0443 \u0440\u043e\u0437\u0440\u043e\u0431\u043b\u0435\u043d\u0456 \u0437\u0430 \u0443\u0447\u0430\u0441\u0442\u044e \u0434\u043e\u0441\u0432\u0456\u0434\u0447\u0435\u043d\u0438\u0445 \u0444\u0430\u0445\u0456\u0432\u0446\u0456\u0432 \u0441\u0432\u043e\u0454\u0457 \u0441\u043f\u0440\u0430\u0432\u0438, \u0430 \u0442\u0430\u043a\u043e\u0436 \u043d\u0430 \u043e\u0441\u043d\u043e\u0432\u0456 \u0447\u0438\u043d\u043d\u0438\u0445 \u043f\u0440\u0430\u0432\u043e\u0432\u0438\u0445 \u043d\u043e\u0440\u043c.<\/p>\n<p>\u0417\u0430\u043f\u0440\u043e\u0448\u0443\u0454\u043c\u043e \u0432\u0430\u0441 \u0441\u043a\u043e\u0440\u0438\u0441\u0442\u0430\u0442\u0438\u0441\u044f <a href=\"https:\/\/szkolenia-udt.pl\/ua\/oferta\/\">\u043d\u0430\u0448\u0430 \u043f\u0440\u043e\u043f\u043e\u0437\u0438\u0446\u0456\u044f<\/a>!<\/p>\n<\/div>","protected":false},"excerpt":{"rendered":"<p>O\u015brodek Szkolenia Operator\u00f3w OSO zaprasza na kursy na odladzarki oferowane przez nas dla os\u00f3b chc\u0105cych uzyska\u0107 odpowiednie uprawnienia do obs\u0142ugi urz\u0105dze\u0144 tego rodzaju na portach lotniczych.Odladzarki to urz\u0105dzenia przeznaczone do odladzania samolot\u00f3w. Ich celem jest usuwanie z powierzchni samolotu warstwy stworzonej przez przymarzni\u0119ty l\u00f3d, a nast\u0119pnie ich zabezpieczenie przed powstaniem kolejnego oblodzenia. Odladzanie jest prowadzone [&hellip;]<\/p>\n","protected":false},"author":3,"featured_media":3416,"parent":1288,"menu_order":0,"comment_status":"closed","ping_status":"closed","template":"","meta":{"footnotes":""},"class_list":["post-1305","page","type-page","status-publish","has-post-thumbnail","hentry"],"aioseo_notices":[],"_links":{"self":[{"href":"https:\/\/szkolenia-udt.pl\/ua\/wp-json\/wp\/v2\/pages\/1305","targetHints":{"allow":["GET"]}}],"collection":[{"href":"https:\/\/szkolenia-udt.pl\/ua\/wp-json\/wp\/v2\/pages"}],"about":[{"href":"https:\/\/szkolenia-udt.pl\/ua\/wp-json\/wp\/v2\/types\/page"}],"author":[{"embeddable":true,"href":"https:\/\/szkolenia-udt.pl\/ua\/wp-json\/wp\/v2\/users\/3"}],"replies":[{"embeddable":true,"href":"https:\/\/szkolenia-udt.pl\/ua\/wp-json\/wp\/v2\/comments?post=1305"}],"version-history":[{"count":6,"href":"https:\/\/szkolenia-udt.pl\/ua\/wp-json\/wp\/v2\/pages\/1305\/revisions"}],"predecessor-version":[{"id":3417,"href":"https:\/\/szkolenia-udt.pl\/ua\/wp-json\/wp\/v2\/pages\/1305\/revisions\/3417"}],"up":[{"embeddable":true,"href":"https:\/\/szkolenia-udt.pl\/ua\/wp-json\/wp\/v2\/pages\/1288"}],"wp:featuredmedia":[{"embeddable":true,"href":"https:\/\/szkolenia-udt.pl\/ua\/wp-json\/wp\/v2\/media\/3416"}],"wp:attachment":[{"href":"https:\/\/szkolenia-udt.pl\/ua\/wp-json\/wp\/v2\/media?parent=1305"}],"curies":[{"name":"wp","href":"https:\/\/api.w.org\/{rel}","templated":true}]}}