{"id":1841,"date":"2016-10-11T20:42:45","date_gmt":"2016-10-11T20:42:45","guid":{"rendered":"http:\/\/szkolenia-udt.pl\/?page_id=1841"},"modified":"2021-07-19T21:57:05","modified_gmt":"2021-07-19T21:57:05","slug":"%d0%ba%d0%be%d0%bc%d0%bf%d1%80%d0%b5%d1%81%d0%be%d1%80%d0%b8","status":"publish","type":"page","link":"https:\/\/szkolenia-udt.pl\/ua\/kursy\/sprezarki\/","title":{"rendered":"\u041a\u043e\u043c\u043f\u0440\u0435\u0441\u043e\u0440\u0438"},"content":{"rendered":"<h2 class=\"boldnagl\">\u041d\u0410\u0412\u0427\u0410\u041d\u041d\u042f \u041a\u041e\u041c\u041f\u0420\u0415\u0421\u041e\u0420\u0406\u0412<\/h2>\n<p>\u0420\u0430\u0434\u0438\u043c\u043e \u0432\u0430\u043c \u0437\u0430\u043f\u0438\u0441\u0430\u0442\u0438\u0441\u044f \u043d\u0430 \u043f\u0440\u043e\u0444\u0435\u0441\u0456\u0439\u043d\u0435 \u043d\u0430\u0432\u0447\u0430\u043d\u043d\u044f \u043a\u043e\u043c\u043f\u0440\u0435\u0441\u043e\u0440\u0456\u0432. \u043d\u0430\u0448 <a href=\"https:\/\/szkolenia-udt.pl\/ua\/o-firmie\/\">\u0446\u0435\u043d\u0442\u0440<\/a> \u2013 \u0446\u0435 \u043f\u043e\u0454\u0434\u043d\u0430\u043d\u043d\u044f \u043d\u0430\u0439\u0432\u0438\u0449\u043e\u0457 \u044f\u043a\u043e\u0441\u0442\u0456 \u043e\u0431\u0441\u043b\u0443\u0433\u043e\u0432\u0443\u0432\u0430\u043d\u043d\u044f \u0442\u0430 \u043f\u0440\u043e\u0444\u0456\u043b\u044c\u043d\u043e\u0457 \u043e\u0441\u0432\u0456\u0442\u0438, \u0437\u0430\u0432\u0434\u044f\u043a\u0438 \u044f\u043a\u0456\u0439 \u0432\u0438 \u0437\u043c\u043e\u0436\u0435\u0442\u0435 \u043e\u0442\u0440\u0438\u043c\u0430\u0442\u0438 \u0431\u0430\u0436\u0430\u043d\u0443 \u043f\u0440\u043e\u0444\u0435\u0441\u0456\u0439\u043d\u0443 \u043a\u0432\u0430\u043b\u0456\u0444\u0456\u043a\u0430\u0446\u0456\u044e.<\/p>\n<h3 class=\"boldnagl\">\u041c\u0415\u0422\u0410 \u041d\u0410\u0412\u0427\u0410\u041d\u041d\u042f<\/h3>\n<p>\u0412 \u0440\u0430\u043c\u043a\u0430\u0445 \u043f\u0440\u043e\u0446\u0435\u0441\u0443 \u043f\u0440\u043e\u0444\u0435\u0441\u0456\u0439\u043d\u043e\u0457 \u043e\u0441\u0432\u0456\u0442\u0438 \u043c\u0438 \u043f\u0440\u043e\u0432\u043e\u0434\u0438\u043c\u043e \u043f\u0440\u043e\u0444\u0435\u0441\u0456\u0439\u043d\u0456 \u0437\u0430\u043d\u044f\u0442\u0442\u044f, \u0434\u0435 \u043a\u043e\u0436\u0435\u043d \u0443\u0447\u0430\u0441\u043d\u0438\u043a \u043c\u043e\u0436\u0435 \u043d\u0430\u0432\u0447\u0438\u0442\u0438\u0441\u044f \u043a\u043e\u0440\u0438\u0441\u0442\u0443\u0432\u0430\u0442\u0438\u0441\u044f \u043d\u0430\u0441\u0442\u0443\u043f\u043d\u0438\u043c\u0438 \u043f\u0440\u0438\u0441\u0442\u0440\u043e\u044f\u043c\u0438:<\/p>\n<ul>\n<li>\u043a\u043e\u043c\u043f\u0440\u0435\u0441\u043e\u0440\u0438,<\/li>\n<li>\u043a\u043e\u043c\u043f\u0440\u0435\u0441\u043e\u0440\u0438,<\/li>\n<li>\u043f\u0440\u0438\u0441\u043e\u0441\u043a\u0438,<\/li>\n<li>\u043f\u043e\u0432\u0456\u0442\u0440\u043e\u0434\u0443\u0432\u043a\u0438,<\/li>\n<li>\u0443\u0441\u0442\u0430\u043d\u043e\u0432\u043a\u0438 \u0441\u0442\u0438\u0441\u043d\u0435\u043d\u043e\u0433\u043e \u043f\u043e\u0432\u0456\u0442\u0440\u044f.<\/li>\n<\/ul>\n<p>\u041c\u0438 \u043f\u0440\u043e\u0432\u043e\u0434\u0438\u043c\u043e \u043f\u0440\u0430\u043a\u0442\u0438\u0447\u043d\u0435 \u0442\u0430 \u0442\u0435\u043e\u0440\u0435\u0442\u0438\u0447\u043d\u0435 \u043d\u0430\u0432\u0447\u0430\u043d\u043d\u044f, \u0434\u0435 \u0432\u0438 \u043c\u043e\u0436\u0435\u0442\u0435 \u043e\u0442\u0440\u0438\u043c\u0430\u0442\u0438 \u043d\u0430\u0432\u0438\u0447\u043a\u0438, \u043f\u043e\u0432&#039;\u044f\u0437\u0430\u043d\u0456 \u0437 \u0435\u043a\u0441\u043f\u043b\u0443\u0430\u0442\u0430\u0446\u0456\u0454\u044e \u0442\u0430 \u043d\u0430\u0433\u043b\u044f\u0434\u043e\u043c \u0437\u0430 \u043f\u0440\u0438\u0441\u0442\u0440\u043e\u044f\u043c\u0438.<br \/>\n\u041d\u0430\u043f\u0440\u0438\u043a\u0456\u043d\u0446\u0456 \u043a\u0443\u0440\u0441\u0443 \u043a\u043e\u0436\u0435\u043d \u0443\u0447\u0430\u0441\u043d\u0438\u043a \u043c\u0430\u0454 \u043c\u043e\u0436\u043b\u0438\u0432\u0456\u0441\u0442\u044c \u0441\u043a\u043b\u0430\u0441\u0442\u0438 \u043f\u0440\u043e\u0444\u0435\u0441\u0456\u0439\u043d\u0438\u0439 \u0456\u0441\u043f\u0438\u0442 \u043f\u0435\u0440\u0435\u0434 \u043a\u0432\u0430\u043b\u0456\u0444\u0456\u043a\u0430\u0446\u0456\u0439\u043d\u043e\u044e \u043a\u043e\u043c\u0456\u0441\u0456\u0454\u044e. \u041e\u0442\u0440\u0438\u043c\u0430\u043d\u0438\u0439 \u0441\u0435\u0440\u0442\u0438\u0444\u0456\u043a\u0430\u0442 \u0434\u0456\u0439\u0441\u043d\u0438\u0439 \u043f\u0440\u043e\u0442\u044f\u0433\u043e\u043c 5 \u0440\u043e\u043a\u0456\u0432, \u043f\u0456\u0441\u043b\u044f \u0447\u043e\u0433\u043e \u043d\u0435\u043e\u0431\u0445\u0456\u0434\u043d\u043e \u0432\u0456\u0434\u043d\u043e\u0432\u0438\u0442\u0438 \u0441\u0432\u043e\u044e \u043a\u0432\u0430\u043b\u0456\u0444\u0456\u043a\u0430\u0446\u0456\u044e.<\/p>\n<h3 class=\"boldnagl\">\u0423\u0427\u0410\u0421\u041d\u0418\u041a\u0418<\/h3>\n<p>\u0411\u0440\u0430\u0442\u0438 \u0443\u0447\u0430\u0441\u0442\u044c \u0443 \u0437\u0430\u043d\u044f\u0442\u0442\u044f\u0445 \u043c\u043e\u0436\u0443\u0442\u044c \u0443\u0441\u0456 \u0431\u0430\u0436\u0430\u044e\u0447\u0456, \u044f\u043a\u0438\u043c \u0432\u0438\u043f\u043e\u0432\u043d\u0438\u043b\u043e\u0441\u044f 18 \u0440\u043e\u043a\u0456\u0432 \u0442\u0430 \u043c\u0430\u044e\u0442\u044c \u043d\u0435 \u043c\u0435\u043d\u0448\u0435 \u043f\u043e\u0447\u0430\u0442\u043a\u043e\u0432\u043e\u0457 \u043e\u0441\u0432\u0456\u0442\u0438.<\/p>\n<h3 class=\"boldnagl\">\u041f\u0415\u0420\u0415\u0412\u0410\u0413\u0418 \u041f\u0420\u041e\u0424\u0415\u0421\u0406\u0419\u041d\u041e-\u0422\u0415\u0425\u041d\u0406\u0427\u041d\u041e\u0407 \u041e\u0421\u0412\u0406\u0422\u0418<\/h3>\n<p>\u041f\u0456\u0434 \u0447\u0430\u0441 \u043a\u0443\u0440\u0441\u0443 \u043a\u043e\u0436\u0435\u043d \u0443\u0447\u0430\u0441\u043d\u0438\u043a \u043c\u043e\u0436\u0435 \u0434\u0456\u0437\u043d\u0430\u0442\u0438\u0441\u044f \u043f\u0440\u043e \u043d\u0430\u0439\u0432\u0430\u0436\u043b\u0438\u0432\u0456\u0448\u0456 \u0437\u0430\u043a\u043e\u043d\u043e\u0434\u0430\u0432\u0447\u0456 \u043d\u043e\u0440\u043c\u0438, \u044f\u043a\u0456 \u0434\u0435\u0442\u0430\u043b\u044c\u043d\u043e \u0440\u0435\u0433\u043b\u0430\u043c\u0435\u043d\u0442\u0443\u044e\u0442\u044c \u043f\u0440\u0438\u043d\u0446\u0438\u043f\u0438 \u0440\u043e\u0431\u043e\u0442\u0438 \u043f\u0440\u0438\u0441\u0442\u0440\u043e\u0457\u0432 \u0456 \u0443\u0441\u0442\u0430\u043d\u043e\u0432\u043e\u043a, \u0430 \u0442\u0430\u043a\u043e\u0436 \u043f\u043e\u0434\u0456\u043b \u043a\u043e\u043c\u043f\u0440\u0435\u0441\u043e\u0440\u0456\u0432 \u0442\u0430 \u0457\u0445 \u043e\u043a\u0440\u0435\u043c\u0456 \u0432\u0438\u0434\u0438. \u0426\u0435 \u0442\u0430\u043a\u043e\u0436 \u0437\u043d\u0430\u043d\u043d\u044f \u0442\u0430 \u043d\u0430\u0432\u0438\u0447\u043a\u0438 \u0435\u043a\u0441\u043f\u043b\u0443\u0430\u0442\u0430\u0446\u0456\u0457 \u043f\u0440\u0438\u0441\u0442\u0440\u043e\u0457\u0432 \u043d\u0430 \u0435\u0442\u0430\u043f\u0456 \u0437\u0430\u043f\u0443\u0441\u043a\u0443 \u0442\u0430 \u0437\u0443\u043f\u0438\u043d\u043a\u0438, \u0430 \u0442\u0430\u043a\u043e\u0436 \u0437\u043d\u0430\u043d\u043d\u044f \u0457\u0445 \u043a\u043e\u043d\u0441\u0442\u0440\u0443\u043a\u0446\u0456\u0457 \u0442\u0430 \u043f\u0440\u0438\u043d\u0446\u0438\u043f\u0456\u0432 \u0440\u043e\u0431\u043e\u0442\u0438. \u0423 \u0440\u0430\u043c\u043a\u0430\u0445 \u0437\u0430\u043d\u044f\u0442\u044c \u0442\u0430\u043a\u043e\u0436 \u043f\u0440\u043e\u0432\u043e\u0434\u044f\u0442\u044c\u0441\u044f \u0443\u0440\u043e\u043a\u0438 \u0437 \u043e\u0445\u043e\u0440\u043e\u043d\u0438 \u043f\u0440\u0430\u0446\u0456 \u0442\u0430 \u043f\u0440\u043e\u0442\u0438\u043f\u043e\u0436\u0435\u0436\u043d\u043e\u0433\u043e \u0437\u0430\u0445\u0438\u0441\u0442\u0443.<br \/>\n\u0417\u0430\u043e\u0445\u043e\u0447\u0443\u0454\u043c\u043e \u0432\u0430\u0441 \u0437\u0430\u0440\u0435\u0454\u0441\u0442\u0440\u0443\u0432\u0430\u0442\u0438\u0441\u044f <a href=\"https:\/\/szkolenia-udt.pl\/ua\/kursy\/\">\u043d\u0430\u0448\u0456 \u0442\u0440\u0435\u043d\u0456\u043d\u0433\u0438<\/a> \u0434\u043b\u044f \u043a\u043e\u043c\u043f\u0440\u0435\u0441\u043e\u0440\u0456\u0432 \u0456 \u0434\u043b\u044f <a href=\"https:\/\/szkolenia-udt.pl\/ua\/kontakt\/\">\u0437\u0432&#039;\u044f\u0437\u0430\u0442\u0438\u0441\u044f \u043f\u043e \u0442\u0435\u043b\u0435\u0444\u043e\u043d\u0443 \u0430\u0431\u043e \u0435\u043b\u0435\u043a\u0442\u0440\u043e\u043d\u043d\u043e\u044e \u043f\u043e\u0448\u0442\u043e\u044e<\/a>.<\/p>","protected":false},"excerpt":{"rendered":"<p>SZKOLENIA NA SPR\u0118\u017bARKI Zach\u0119camy do zapisania si\u0119 na profesjonalne szkolenie obs\u0142ugi spr\u0119\u017carek. Nasz o\u015brodek to po\u0142\u0105czenie najwy\u017cszej jako\u015bci obs\u0142ugi oraz specjalistyczna edukacja, dzi\u0119ki kt\u00f3rej mo\u017cna zyska\u0107 upragnione uprawnienia zawodowe. CEL SZKOLENIA W ramach procesu edukacji zawodowej zapewniamy profesjonalne zaj\u0119cia, na kt\u00f3rych ka\u017cdy uczestnik mo\u017ce si\u0119 nauczy\u0107 obs\u0142ugiwa\u0107 nast\u0119puj\u0105ce urz\u0105dzenia: spr\u0119\u017carki, kompresory, ssawy, dmuchawy, instalacje spr\u0119\u017conego [&hellip;]<\/p>\n","protected":false},"author":3,"featured_media":0,"parent":22,"menu_order":0,"comment_status":"closed","ping_status":"closed","template":"","meta":{"footnotes":""},"class_list":["post-1841","page","type-page","status-publish","hentry"],"aioseo_notices":[],"_links":{"self":[{"href":"https:\/\/szkolenia-udt.pl\/ua\/wp-json\/wp\/v2\/pages\/1841","targetHints":{"allow":["GET"]}}],"collection":[{"href":"https:\/\/szkolenia-udt.pl\/ua\/wp-json\/wp\/v2\/pages"}],"about":[{"href":"https:\/\/szkolenia-udt.pl\/ua\/wp-json\/wp\/v2\/types\/page"}],"author":[{"embeddable":true,"href":"https:\/\/szkolenia-udt.pl\/ua\/wp-json\/wp\/v2\/users\/3"}],"replies":[{"embeddable":true,"href":"https:\/\/szkolenia-udt.pl\/ua\/wp-json\/wp\/v2\/comments?post=1841"}],"version-history":[{"count":6,"href":"https:\/\/szkolenia-udt.pl\/ua\/wp-json\/wp\/v2\/pages\/1841\/revisions"}],"predecessor-version":[{"id":2379,"href":"https:\/\/szkolenia-udt.pl\/ua\/wp-json\/wp\/v2\/pages\/1841\/revisions\/2379"}],"up":[{"embeddable":true,"href":"https:\/\/szkolenia-udt.pl\/ua\/wp-json\/wp\/v2\/pages\/22"}],"wp:attachment":[{"href":"https:\/\/szkolenia-udt.pl\/ua\/wp-json\/wp\/v2\/media?parent=1841"}],"curies":[{"name":"wp","href":"https:\/\/api.w.org\/{rel}","templated":true}]}}