{"id":1853,"date":"2017-06-15T17:03:26","date_gmt":"2017-06-15T17:03:26","guid":{"rendered":"http:\/\/szkolenia-udt.pl\/?page_id=1853"},"modified":"2026-03-04T12:10:29","modified_gmt":"2026-03-04T11:10:29","slug":"%d0%b7%d0%b2%d0%b0%d1%80%d1%8e%d0%b2%d0%b0%d0%bb%d1%8c%d0%bd%d0%be-%d0%be%d0%bf%d1%82%d0%b8%d1%87%d0%bd%d1%96-%d0%b2%d0%be%d0%bb%d0%be%d0%ba%d0%bd%d0%b0","status":"publish","type":"page","link":"https:\/\/szkolenia-udt.pl\/ua\/kursy\/spawanie-swiatlowodow\/","title":{"rendered":"\u0417\u0432\u0430\u0440\u044e\u0432\u0430\u043d\u043d\u044f \u043e\u043f\u0442\u0438\u0447\u043d\u0438\u0445 \u0432\u043e\u043b\u043e\u043a\u043e\u043d"},"content":{"rendered":"<h2>\u041a\u0443\u0440\u0441 \u0437\u0456 \u0437\u0432\u0430\u0440\u044e\u0432\u0430\u043d\u043d\u044f \u043e\u043f\u0442\u043e\u0432\u043e\u043b\u043e\u043a\u043d\u0430<\/h2>\n<div class=\"wyjustuj\">\n<p><a href=\"https:\/\/szkolenia-udt.pl\/wp-content\/uploads\/2021\/07\/Projekt-bez-tytulu-34.jpg\"><img loading=\"lazy\" decoding=\"async\" class=\"wp-image-2386 size-medium alignleft\" src=\"https:\/\/szkolenia-udt.pl\/wp-content\/uploads\/2021\/07\/Projekt-bez-tytulu-34-300x251.jpg\" alt=\"\" width=\"300\" height=\"251\" srcset=\"https:\/\/szkolenia-udt.pl\/wp-content\/uploads\/2021\/07\/Projekt-bez-tytulu-34-300x251.jpg 300w, https:\/\/szkolenia-udt.pl\/wp-content\/uploads\/2021\/07\/Projekt-bez-tytulu-34-768x644.jpg 768w, https:\/\/szkolenia-udt.pl\/wp-content\/uploads\/2021\/07\/Projekt-bez-tytulu-34.jpg 940w\" sizes=\"auto, (max-width: 300px) 100vw, 300px\" \/><\/a>\u0417\u0430\u043f\u0440\u043e\u0448\u0443\u0454\u043c\u043e \u0412\u0430\u0441 \u043d\u0430 \u043a\u0443\u0440\u0441 \u0437\u0432\u0430\u0440\u044e\u0432\u0430\u043d\u043d\u044f \u043e\u043f\u0442\u043e\u0432\u043e\u043b\u043e\u043a\u043d\u0430 \u0432 OSO! \u0417\u0430\u043f\u0440\u043e\u0448\u0443\u0454\u043c\u043e \u0412\u0430\u0441 \u043d\u0430 \u043a\u0443\u0440\u0441 \u0437\u0432\u0430\u0440\u044e\u0432\u0430\u043d\u043d\u044f \u043e\u043f\u0442\u043e\u0432\u043e\u043b\u043e\u043a\u043d\u0430 \u0432 \u043d\u0430\u0448\u043e\u043c\u0443 \u0426\u0435\u043d\u0442\u0440\u0456 \u043f\u0456\u0434\u0433\u043e\u0442\u043e\u0432\u043a\u0438 \u043e\u043f\u0435\u0440\u0430\u0442\u043e\u0440\u0456\u0432. \u041c\u0438 - \u043d\u0430\u0432\u0447\u0430\u043b\u044c\u043d\u0430 \u043a\u043e\u043c\u043f\u0430\u043d\u0456\u044f \u0437 \u0431\u0430\u0433\u0430\u0442\u043e\u0440\u0456\u0447\u043d\u0438\u043c \u0434\u043e\u0441\u0432\u0456\u0434\u043e\u043c, \u044f\u043a\u0430 \u043d\u0430\u0434\u0430\u0454 \u0441\u0432\u043e\u0457\u043c \u043a\u043b\u0456\u0454\u043d\u0442\u0430\u043c \u043f\u0440\u043e\u0444\u0435\u0441\u0456\u0439\u043d\u0456 \u043f\u043e\u0441\u043b\u0443\u0433\u0438 \u0437\u0430 \u0434\u043e\u0441\u0442\u0443\u043f\u043d\u0438\u043c\u0438 \u0446\u0456\u043d\u0430\u043c\u0438!<\/p>\n<p>\u0422\u0430\u043a\u0456 \u043f\u0440\u043e\u0444\u0435\u0441\u0456\u0457, \u044f\u043a \u0437\u0432\u0430\u0440\u044e\u0432\u0430\u043b\u044c\u043d\u0438\u043a \u043e\u043f\u0442\u043e\u0432\u043e\u043b\u043e\u043a\u043d\u0430, \u0432\u0438\u043c\u0430\u0433\u0430\u044e\u0442\u044c \u0432\u0456\u0434\u043f\u043e\u0432\u0456\u0434\u043d\u043e\u0457 \u0442\u0435\u043e\u0440\u0435\u0442\u0438\u0447\u043d\u043e\u0457 \u0442\u0430 \u043f\u0440\u0430\u043a\u0442\u0438\u0447\u043d\u043e\u0457 \u043f\u0456\u0434\u0433\u043e\u0442\u043e\u0432\u043a\u0438. \u0421\u044c\u043e\u0433\u043e\u0434\u043d\u0456, \u043a\u043e\u043b\u0438 \u043e\u043f\u0442\u043e\u0432\u043e\u043b\u043e\u043a\u043e\u043d\u043d\u0456 \u043a\u0430\u0431\u0435\u043b\u0456 \u043f\u0440\u043e\u043a\u043b\u0430\u0434\u0430\u044e\u0442\u044c\u0441\u044f \u0432\u0441\u0435 \u0447\u0430\u0441\u0442\u0456\u0448\u0435 \u0456 \u0447\u0430\u0441\u0442\u0456\u0448\u0435, \u0432\u043c\u0456\u043d\u043d\u044f \u043a\u043e\u0440\u0438\u0441\u0442\u0443\u0432\u0430\u0442\u0438\u0441\u044f \u0437\u0432\u0430\u0440\u044e\u0432\u0430\u043b\u044c\u043d\u0438\u043c \u0430\u043f\u0430\u0440\u0430\u0442\u043e\u043c \u0434\u043b\u044f \u043e\u043f\u0442\u043e\u0432\u043e\u043b\u043e\u043a\u043d\u0430 \u0454 \u0434\u0443\u0436\u0435 \u043a\u043e\u0440\u0438\u0441\u043d\u0438\u043c \u043f\u0440\u0438 \u043f\u0440\u0430\u0446\u0435\u0432\u043b\u0430\u0448\u0442\u0443\u0432\u0430\u043d\u043d\u0456.<\/p>\n<h3><strong>\u041c\u0435\u0442\u0430 \u0442\u0440\u0435\u043d\u0456\u043d\u0433\u0443<\/strong><\/h3>\n<p>\u0414\u043b\u044f \u043b\u044e\u0434\u0435\u0439, \u044f\u043a\u0456 \u0445\u043e\u0447\u0443\u0442\u044c \u0440\u043e\u0437\u043f\u043e\u0447\u0430\u0442\u0438 \u0437\u0432\u0430\u0440\u044e\u0432\u0430\u043d\u043d\u044f \u043e\u043f\u0442\u0438\u0447\u043d\u0438\u0445 \u0432\u043e\u043b\u043e\u043a\u043e\u043d, \u043a\u0443\u0440\u0441 \u0443 \u0446\u0456\u0439 \u0433\u0430\u043b\u0443\u0437\u0456 \u0454 \u043d\u0430\u0439\u043a\u0440\u0430\u0449\u0438\u043c \u0432\u0438\u0431\u043e\u0440\u043e\u043c. \u0422\u0440\u0435\u043d\u0456\u043d\u0433\u0438 \u0441\u0442\u043e\u0441\u0443\u044e\u0442\u044c\u0441\u044f \u0442\u0435\u043e\u0440\u0456\u0457 \u0442\u0430 \u043f\u0440\u0430\u043a\u0442\u0438\u043a\u0438 \u0440\u043e\u0431\u043e\u0442\u0438 \u0437 \u0442\u0430\u043a\u0438\u043c \u043f\u0440\u0438\u0441\u0442\u0440\u043e\u0454\u043c, \u044f\u043a \u0437\u0432\u0430\u0440\u044e\u0432\u0430\u043b\u044c\u043d\u0438\u0439 \u0430\u043f\u0430\u0440\u0430\u0442 \u0434\u043b\u044f \u043e\u043f\u0442\u043e\u0432\u043e\u043b\u043e\u043a\u043d\u0430 \u0442\u0430 \u0432\u0438\u043a\u043e\u043d\u0430\u043d\u043d\u044f \u0437\u0432\u0430\u0440\u044e\u0432\u0430\u043b\u044c\u043d\u0438\u0445 \u0440\u043e\u0431\u0456\u0442. \u0417 \u043d\u0438\u043c \u0432\u0438 \u0434\u0456\u0437\u043d\u0430\u0454\u0442\u0435\u0441\u044f, \u044f\u043a \u043f\u0440\u0430\u0446\u044e\u0454 \u0437\u0432\u0430\u0440\u044e\u0432\u0430\u043b\u044c\u043d\u0438\u043a \u0432\u043e\u043b\u043e\u043a\u043e\u043d\u043d\u043e-\u043e\u043f\u0442\u0438\u0447\u043d\u0438\u0445 \u043a\u0430\u0431\u0435\u043b\u0456\u0432, \u044f\u043a \u043d\u0438\u043c \u043a\u0435\u0440\u0443\u0432\u0430\u0442\u0438, \u0430 \u0442\u0430\u043a\u043e\u0436 \u044f\u043a \u043f\u0456\u0434\u0433\u043e\u0442\u0443\u0432\u0430\u0442\u0438 \u0442\u0430 \u0437\u0430\u0432\u0435\u0440\u0448\u0438\u0442\u0438 \u0432\u043e\u043b\u043e\u043a\u043e\u043d\u043d\u043e-\u043e\u043f\u0442\u0438\u0447\u043d\u0456 \u043a\u0430\u0431\u0435\u043b\u0456.<\/p>\n<h3><strong>\u0422\u0435\u043c\u0430 \u0442\u0440\u0435\u043d\u0456\u043d\u0433\u0443 \u0432 \u043e\u0441\u043d\u043e\u0432\u043d\u043e\u043c\u0443:<\/strong><\/h3>\n<ul>\n<li>\u0442\u0438\u043f\u0438 \u043e\u043f\u0442\u0438\u0447\u043d\u0438\u0445 \u0432\u043e\u043b\u043e\u043a\u043e\u043d \u0442\u0430 \u0457\u0445 \u043f\u0430\u0440\u0430\u043c\u0435\u0442\u0440\u0438<\/li>\n<li>\u0432\u043e\u043b\u043e\u043a\u043e\u043d\u043d\u043e-\u043e\u043f\u0442\u0438\u0447\u043d\u0456 \u0437&#039;\u0454\u0434\u043d\u0443\u0432\u0430\u0447\u0456 \u0442\u0430 \u0457\u0445 \u0432\u0438\u0434\u0438 \u0442\u0430 \u0437\u0430\u0441\u0442\u043e\u0441\u0443\u0432\u0430\u043d\u043d\u044f<\/li>\n<li>\u043f\u0456\u0434\u0433\u043e\u0442\u043e\u0432\u043a\u0430 \u0432\u043e\u043b\u043e\u043a\u043e\u043d\u043d\u043e-\u043e\u043f\u0442\u0438\u0447\u043d\u0438\u0445 \u043a\u0430\u0431\u0435\u043b\u0456\u0432 \u0456 \u0430\u043a\u0441\u0435\u0441\u0443\u0430\u0440\u0456\u0432 \u0434\u043e \u0437\u0432\u0430\u0440\u044e\u0432\u0430\u043d\u043d\u044f<\/li>\n<li>\u043e\u043f\u043e\u0440\u0430 \u0434\u043b\u044f \u043e\u043f\u0442\u043e\u0432\u043e\u043b\u043e\u043a\u043e\u043d\u043d\u043e\u0433\u043e \u0441\u043f\u043b\u0430\u0439\u0441\u0435\u0440\u0430<\/li>\n<li>\u0437\u0432\u0430\u0440\u044e\u0432\u0430\u043d\u043d\u044f \u043e\u043f\u0442\u0438\u0447\u043d\u0438\u0445 \u0432\u043e\u043b\u043e\u043a\u043e\u043d<\/li>\n<li>\u043a\u043e\u043d\u0442\u0440\u043e\u043b\u044c\u043d\u0456 \u0432\u0438\u043c\u0456\u0440\u044e\u0432\u0430\u043d\u043d\u044f<\/li>\n<li>\u043f\u0440\u0430\u0432\u0438\u043b\u0430 \u043e\u0445\u043e\u0440\u043e\u043d\u0438 \u043f\u0440\u0430\u0446\u0456 \u043f\u0456\u0434 \u0447\u0430\u0441 \u0440\u043e\u0431\u043e\u0442\u0438<\/li>\n<\/ul>\n<div style=\"width: 640px;\" class=\"wp-video\"><video id=\"video-1853-1\" width=\"640\" height=\"360\" poster=\"https:\/\/szkolenia-udt.pl\/wp-content\/uploads\/2023\/03\/okladka-spawacz-swiatlowodow-OSO.jpg\" preload=\"metadata\" controls=\"controls\"><source type=\"video\/mp4\" src=\"https:\/\/szkolenia-udt.pl\/wp-content\/uploads\/2023\/03\/spawacz-swiatlowodow-SZKOLENIA-UDT.PL-OSO.mp4?_=1\" \/><a href=\"https:\/\/szkolenia-udt.pl\/wp-content\/uploads\/2023\/03\/spawacz-swiatlowodow-SZKOLENIA-UDT.PL-OSO.mp4\">https:\/\/szkolenia-udt.pl\/wp-content\/uploads\/2023\/03\/spawacz-swiatlowodow-SZKOLENIA-UDT.PL-OSO.mp4<\/a><\/video><\/div>\n<p>\u00a0<\/p>\n<\/div>\n\n\n<h2 class=\"wp-block-heading\"><strong>\u041f\u0440\u0430\u0432\u0430<\/strong><\/h2>\n\n\n\n<p>\u041f\u0456\u0441\u043b\u044f \u043d\u0430\u0432\u0447\u0430\u043d\u043d\u044f \u043c\u043e\u0436\u043d\u0430 \u043e\u0442\u0440\u0438\u043c\u0430\u0442\u0438 \u043a\u0432\u0430\u043b\u0456\u0444\u0456\u043a\u0430\u0446\u0456\u044e \u0437\u0432\u0430\u0440\u044e\u0432\u0430\u043b\u044c\u043d\u0438\u043a\u0430, \u043f\u0456\u0434\u0442\u0432\u0435\u0440\u0434\u0436\u0435\u043d\u0443 \u0432\u0456\u0434\u043f\u043e\u0432\u0456\u0434\u043d\u0438\u043c \u0441\u0435\u0440\u0442\u0438\u0444\u0456\u043a\u0430\u0442\u043e\u043c.<\/p>\n\n\n\n<h2 class=\"wp-block-heading\"><strong>\u0426\u0456\u043d\u0430<\/strong><\/h2>\n\n\n\n<p>\u042f\u043a\u0449\u043e \u0432\u0438 \u0437\u0430\u0446\u0456\u043a\u0430\u0432\u043b\u0435\u043d\u0456 \u0432 \u043a\u0443\u0440\u0441\u0456 \u0437\u0432\u0430\u0440\u044e\u0432\u0430\u043d\u043d\u044f \u043e\u043f\u0442\u043e\u0432\u043e\u043b\u043e\u043a\u043d\u0430, \u0446\u0456\u043d\u0430 \u0432 \u043d\u0430\u0448\u043e\u043c\u0443 \u0426\u0435\u043d\u0442\u0440\u0456 \u0434\u0443\u0436\u0435 \u043f\u0440\u0438\u0432\u0430\u0431\u043b\u0438\u0432\u0430. \u041c\u0438 \u0442\u0430\u043a\u043e\u0436 \u043f\u0440\u043e\u043f\u043e\u043d\u0443\u0454\u043c\u043e \u043f\u0440\u0438\u0432\u0430\u0431\u043b\u0438\u0432\u0456 \u0437\u043d\u0438\u0436\u043a\u0438 \u0434\u043b\u044f \u0432\u0435\u043b\u0438\u043a\u0438\u0445 \u0433\u0440\u0443\u043f. \u0414\u043b\u044f \u043e\u0442\u0440\u0438\u043c\u0430\u043d\u043d\u044f \u0456\u043d\u0444\u043e\u0440\u043c\u0430\u0446\u0456\u0457 \u043f\u0440\u043e \u0446\u0456\u043d\u0438, \u0431\u0443\u0434\u044c \u043b\u0430\u0441\u043a\u0430, \u043e\u0437\u043d\u0430\u0439\u043e\u043c\u0442\u0435\u0441\u044f \u0437 \u043f\u0440\u0430\u0439\u0441-\u043b\u0438\u0441\u0442\u043e\u043c \u0430\u0431\u043e \u0437\u0432'\u044f\u0436\u0456\u0442\u044c\u0441\u044f \u0437 \u043d\u0430\u043c\u0438.<\/p>\n\n\n\n<h2 class=\"wp-block-heading\"><strong>\u0414\u0435 \u043c\u0438 \u043f\u0440\u0430\u0446\u044e\u0454\u043c\u043e?<\/strong><\/h2>\n\n\n\n<p>\u041c\u0438 \u0437\u0430\u043f\u0440\u043e\u0448\u0443\u0454\u043c\u043e \u0432\u0430\u0441 \u043f\u0440\u0438\u0454\u0434\u043d\u0430\u0442\u0438\u0441\u044f \u0434\u043e \u043d\u0430\u0448\u0438\u0445 \u043a\u0443\u0440\u0441\u0456\u0432 \u0437\u0456 \u0437\u0432\u0430\u0440\u044e\u0432\u0430\u043d\u043d\u044f \u0432 \u043d\u0430\u0448\u0438\u0445 \u0446\u0435\u043d\u0442\u0440\u0430\u0445, \u0449\u043e \u043f\u0440\u0430\u0446\u044e\u044e\u0442\u044c \u043f\u043e \u0432\u0441\u0456\u0439 \u043a\u0440\u0430\u0457\u043d\u0456. \u041c\u0438 \u0442\u0430\u043a\u043e\u0436 \u043c\u043e\u0436\u0435\u043c\u043e \u043e\u0445\u043e\u043f\u0438\u0442\u0438 \u043a\u043b\u0456\u0454\u043d\u0442\u0456\u0432 \u043f\u043e \u0432\u0441\u0456\u0439 \u043a\u0440\u0430\u0457\u043d\u0456, \u0449\u043e\u0431 \u043e\u0440\u0433\u0430\u043d\u0456\u0437\u0443\u0432\u0430\u0442\u0438 \u0437\u0430\u043a\u0440\u0438\u0442\u0456 \u043d\u0430\u0432\u0447\u0430\u043b\u044c\u043d\u0456 \u043a\u0443\u0440\u0441\u0438.<\/p>\n\n\n\n<p>\u042f\u043a\u0449\u043e \u0443 \u0432\u0430\u0441 \u0432\u0438\u043d\u0438\u043a\u043d\u0443\u0442\u044c \u0434\u043e\u0434\u0430\u0442\u043a\u043e\u0432\u0456 \u0437\u0430\u043f\u0438\u0442\u0430\u043d\u043d\u044f, \u0431\u0443\u0434\u044c \u043b\u0430\u0441\u043a\u0430, \u043d\u0435 \u0441\u043e\u0440\u043e\u043c\u0442\u0435\u0441\u044f \u0437\u0432\u2019\u044f\u0437\u0430\u0442\u0438\u0441\u044f \u0437 \u043d\u0430\u043c\u0438. \u041d\u0430\u0448\u0456 \u0441\u043f\u0456\u0432\u0440\u043e\u0431\u0456\u0442\u043d\u0438\u043a\u0438 \u0434\u0430\u0434\u0443\u0442\u044c \u043d\u0430 \u043d\u0438\u0445 \u0432\u0438\u0447\u0435\u0440\u043f\u043d\u0443 \u0432\u0456\u0434\u043f\u043e\u0432\u0456\u0434\u044c.<\/p>\n\n\n\n<h2 class=\"wp-block-heading\">\u041c\u0456\u0436\u043d\u0430\u0440\u043e\u0434\u043d\u0456 \u0441\u0435\u0440\u0442\u0438\u0444\u0456\u043a\u0430\u0442\u0438<\/h2>\n\n\n\n<p>\u041a\u0443\u0440\u0441 \"\u0417\u0432\u0430\u0440\u044e\u0432\u0430\u043d\u043d\u044f \u0432\u043e\u043b\u043e\u043a\u043e\u043d\u043d\u043e-\u043e\u043f\u0442\u0438\u0447\u043d\u0438\u0445 \u043a\u0430\u0431\u0435\u043b\u0456\u0432 CFOS\/S\" \u0454 \u0447\u0430\u0441\u0442\u0438\u043d\u043e\u044e \u043c\u0456\u0436\u043d\u0430\u0440\u043e\u0434\u043d\u043e\u0433\u043e \u0441\u0435\u0440\u0442\u0438\u0444\u0456\u043a\u0430\u0446\u0456\u0439\u043d\u043e\u0433\u043e \u043a\u0443\u0440\u0441\u0443 \u0434\u043b\u044f \u043e\u0442\u0440\u0438\u043c\u0430\u043d\u043d\u044f \u043f\u0440\u0430\u043a\u0442\u0438\u0447\u043d\u0438\u0445 \u043d\u0430\u0432\u0438\u0447\u043e\u043a \u0442\u0430 \u043f\u0440\u0435\u0441\u0442\u0438\u0436\u043d\u043e\u0433\u043e \u0441\u0435\u0440\u0442\u0438\u0444\u0456\u043a\u0430\u0442\u0443 \u0432 \u0433\u0430\u043b\u0443\u0437\u0456 \u0432\u043e\u043b\u043e\u043a\u043e\u043d\u043d\u043e\u0457 \u043e\u043f\u0442\u0438\u043a\u0438.<\/p>\n\n\n\n<h3 class=\"wp-block-heading\">CFOT - \u0421\u0435\u0440\u0442\u0438\u0444\u0456\u043a\u043e\u0432\u0430\u043d\u0438\u0439 \u0444\u0430\u0445\u0456\u0432\u0435\u0446\u044c \u0437 \u0432\u043e\u043b\u043e\u043a\u043e\u043d\u043d\u043e\u0457 \u043e\u043f\u0442\u0438\u043a\u0438<\/h3>\n\n\n\n<p>\u0411\u0430\u0437\u043e\u0432\u0438\u0439 \u0441\u0435\u0440\u0442\u0438\u0444\u0456\u043a\u0430\u0442 \u0434\u043b\u044f \u0442\u0435\u0445\u043d\u0456\u0447\u043d\u043e\u0433\u043e \u043f\u0435\u0440\u0441\u043e\u043d\u0430\u043b\u0443 \u0437 \u0432\u043e\u043b\u043e\u043a\u043e\u043d\u043d\u043e\u0457 \u043e\u043f\u0442\u0438\u043a\u0438 - \u043c\u043e\u043d\u0442\u0430\u0436, \u0431\u0430\u0437\u043e\u0432\u0435 \u0437\u0432\u0430\u0440\u044e\u0432\u0430\u043d\u043d\u044f \u0442\u0430 \u0432\u0438\u043c\u0456\u0440\u044e\u0432\u0430\u043d\u043d\u044f.<\/p>\n\n\n\n<h3 class=\"wp-block-heading\">CFOS\/O - \u0437\u0430 \u043c\u0435\u0436\u0430\u043c\u0438 \u0437\u0430\u0432\u043e\u0434\u0443<\/h3>\n\n\n\n<p>\u0421\u043f\u0435\u0446\u0456\u0430\u043b\u0456\u0437\u0443\u0454\u0442\u044c\u0441\u044f \u043d\u0430 \u0431\u0443\u0434\u0456\u0432\u043d\u0438\u0446\u0442\u0432\u0456 \u0442\u0430 \u043e\u0431\u0441\u043b\u0443\u0433\u043e\u0432\u0443\u0432\u0430\u043d\u043d\u0456 \u0437\u043e\u0432\u043d\u0456\u0448\u043d\u0456\u0445 \u043c\u0435\u0440\u0435\u0436 \u0432 \u0437\u0435\u043c\u043b\u0456, \u043a\u0430\u043d\u0430\u043b\u0456\u0437\u0430\u0446\u0456\u0457 \u0442\u0430 \u043d\u0430 \u0441\u0442\u043e\u0432\u043f\u0430\u0445.<\/p>\n\n\n\n<h3 class=\"wp-block-heading\">CFOS\/S - \u0437\u0440\u043e\u0449\u0443\u0432\u0430\u043d\u043d\u044f<\/h3>\n\n\n\n<p>\u041f\u0440\u0430\u043a\u0442\u0438\u0447\u043d\u0435 \u0437\u0432\u0430\u0440\u044e\u0432\u0430\u043d\u043d\u044f \u0432\u043e\u043b\u043e\u043a\u043e\u043d, \u043f\u0456\u0434\u0433\u043e\u0442\u043e\u0432\u043a\u0430 \u0442\u0430 \u0437\u0430\u0445\u0438\u0441\u0442 \u0437'\u0454\u0434\u043d\u0430\u043d\u044c, \u043a\u043e\u043d\u0442\u0440\u043e\u043b\u044c \u044f\u043a\u043e\u0441\u0442\u0456 \u0437\u0432\u0430\u0440\u044e\u0432\u0430\u043d\u043d\u044f.<\/p>\n\n\n\n<h3 class=\"wp-block-heading\">CFOS\/T - \u0442\u0435\u0441\u0442\u0443\u0432\u0430\u043d\u043d\u044f<\/h3>\n\n\n\n<p>\u0412\u0438\u043c\u0456\u0440\u044e\u0432\u0430\u043d\u043d\u044f \u0442\u0430 \u0434\u0456\u0430\u0433\u043d\u043e\u0441\u0442\u0438\u043a\u0430 \u0432\u043e\u043b\u043e\u043a\u043e\u043d\u043d\u043e-\u043e\u043f\u0442\u0438\u0447\u043d\u0438\u0445 \u043c\u0435\u0440\u0435\u0436, \u0440\u043e\u0431\u043e\u0442\u0430 \u0437 \u0440\u0435\u0444\u043b\u0435\u043a\u0442\u043e\u043c\u0435\u0442\u0440\u043e\u043c \u0442\u0430 \u0437\u0432\u0456\u0442\u043d\u0456\u0441\u0442\u044c \u043f\u0440\u043e \u0440\u0435\u0437\u0443\u043b\u044c\u0442\u0430\u0442\u0438.<\/p>","protected":false},"excerpt":{"rendered":"<p>Kurs spawania \u015bwiat\u0142owod\u00f3w Zapraszamy serdecznie na kurs spawacza \u015bwiat\u0142owod\u00f3w do OSO!Zapraszamy do zapisania si\u0119 na kurs spawania \u015bwiat\u0142owod\u00f3w w naszym O\u015brodku Szkolenia Operator\u00f3w. Jeste\u015bmy firm\u0105 szkoleniow\u0105 z wieloletnim do\u015bwiadczeniem, kt\u00f3ra zapewnia swoim klientom profesjonalne us\u0142ugi w przyst\u0119pnych cenach! Prace takie jak spawanie \u015bwiat\u0142owod\u00f3w wymaga odpowiedniego przygotowania teoretycznego i praktycznego. Obecnie, gdy kable \u015bwiat\u0142owodowe k\u0142adzione s\u0105 [&hellip;]<\/p>\n","protected":false},"author":3,"featured_media":2386,"parent":22,"menu_order":0,"comment_status":"closed","ping_status":"closed","template":"","meta":{"footnotes":""},"class_list":["post-1853","page","type-page","status-publish","has-post-thumbnail","hentry"],"aioseo_notices":[],"_links":{"self":[{"href":"https:\/\/szkolenia-udt.pl\/ua\/wp-json\/wp\/v2\/pages\/1853","targetHints":{"allow":["GET"]}}],"collection":[{"href":"https:\/\/szkolenia-udt.pl\/ua\/wp-json\/wp\/v2\/pages"}],"about":[{"href":"https:\/\/szkolenia-udt.pl\/ua\/wp-json\/wp\/v2\/types\/page"}],"author":[{"embeddable":true,"href":"https:\/\/szkolenia-udt.pl\/ua\/wp-json\/wp\/v2\/users\/3"}],"replies":[{"embeddable":true,"href":"https:\/\/szkolenia-udt.pl\/ua\/wp-json\/wp\/v2\/comments?post=1853"}],"version-history":[{"count":10,"href":"https:\/\/szkolenia-udt.pl\/ua\/wp-json\/wp\/v2\/pages\/1853\/revisions"}],"predecessor-version":[{"id":5792,"href":"https:\/\/szkolenia-udt.pl\/ua\/wp-json\/wp\/v2\/pages\/1853\/revisions\/5792"}],"up":[{"embeddable":true,"href":"https:\/\/szkolenia-udt.pl\/ua\/wp-json\/wp\/v2\/pages\/22"}],"wp:featuredmedia":[{"embeddable":true,"href":"https:\/\/szkolenia-udt.pl\/ua\/wp-json\/wp\/v2\/media\/2386"}],"wp:attachment":[{"href":"https:\/\/szkolenia-udt.pl\/ua\/wp-json\/wp\/v2\/media?parent=1853"}],"curies":[{"name":"wp","href":"https:\/\/api.w.org\/{rel}","templated":true}]}}