{"id":1897,"date":"2017-12-06T15:44:11","date_gmt":"2017-12-06T15:44:11","guid":{"rendered":"http:\/\/szkolenia-udt.pl\/?page_id=1897"},"modified":"2022-06-13T12:07:08","modified_gmt":"2022-06-13T10:07:08","slug":"g1","status":"publish","type":"page","link":"https:\/\/szkolenia-udt.pl\/ua\/kursy\/sep-g1-g2-g3\/g1\/","title":{"rendered":"\u0417\u0430\u043f\u0440\u043e\u0448\u0443\u0454\u043c\u043e \u043d\u0430 \u043a\u0443\u0440\u0441 G1 - \u0412\u0430\u0440\u0448\u0430\u0432\u0430"},"content":{"rendered":"<h2 class=\"boldnagl\">\u041d\u0430\u0432\u0447\u0430\u043d\u043d\u044f G1 - \u0412\u0430\u0440\u0448\u0430\u0432\u0430 \u0456 \u0432\u0441\u044f \u041f\u043e\u043b\u044c\u0449\u0430<\/h2>\n<div class=\"sliderpage\"><div id=\"metaslider-id-1951\" style=\"max-width: 300px;\" class=\"ml-slider-3-107-0 metaslider metaslider-flex metaslider-1951 ml-slider ms-theme-default nav-hidden\" role=\"region\" aria-label=\"sep-g1\" data-height=\"225\" data-width=\"300\">\n    <div id=\"metaslider_container_1951\">\n        <div id=\"metaslider_1951\">\n            <ul class='slides'>\n                <li style=\"display: block; width: 100%;\" class=\"slide-2003 ms-image\" aria-roledescription=\"slide\" data-date=\"2017-12-29 10:31:03\" data-filename=\"SEP_4-1030x687-300x225.jpg\" data-slide-type=\"image\"><img loading=\"lazy\" decoding=\"async\" src=\"https:\/\/szkolenia-udt.pl\/wp-content\/uploads\/2017\/12\/SEP_4-1030x687-300x225.jpg\" height=\"225\" width=\"300\" alt=\"\" class=\"slider-1951 slide-2003 msDefaultImage\" \/><\/li>\n            <\/ul>\n        <\/div>\n        \n    <\/div>\n<\/div><\/div>\n<p><a href=\"https:\/\/szkolenia-udt.pl\/ua\/o-firmie\/\">\u0426\u0435\u043d\u0442\u0440 \u043f\u0456\u0434\u0433\u043e\u0442\u043e\u0432\u043a\u0438 \u043e\u043f\u0435\u0440\u0430\u0442\u043e\u0440\u0456\u0432 OSO<\/a> \u0437\u0430\u043f\u0440\u043e\u0448\u0443\u0454 \u0432\u0437\u044f\u0442\u0438 \u0443\u0447\u0430\u0441\u0442\u044c \u0443 \u043a\u0443\u0440\u0441\u0456 \u043f\u0456\u0434\u0433\u043e\u0442\u043e\u0432\u043a\u0438 \u0434\u043e \u0456\u0441\u043f\u0438\u0442\u0456\u0432 \u043d\u0430 \u043a\u0430\u0442\u0435\u0433\u043e\u0440\u0456\u044e G1 \u0434\u043b\u044f \u043f\u0440\u0438\u0441\u0442\u0440\u043e\u0457\u0432, \u0443\u0441\u0442\u0430\u043d\u043e\u0432\u043e\u043a \u0442\u0430 \u0441\u0438\u043b\u043e\u0432\u0438\u0445 \u043c\u0435\u0440\u0435\u0436. \u0417\u0430\u043d\u044f\u0442\u0442\u044f \u0437 \u043f\u0456\u0434\u0433\u043e\u0442\u043e\u0432\u043a\u0438 \u0434\u043e \u0456\u0441\u043f\u0438\u0442\u0443 \u0442\u0430 \u0440\u043e\u0431\u043e\u0442\u0438 \u0435\u043b\u0435\u043a\u0442\u0440\u043e\u043c\u043e\u043d\u0442\u0430\u0436\u043d\u0438\u043a\u0430 \u0437 \u043d\u0430\u0433\u043b\u044f\u0434\u0443 \u0442\u0430 \u0435\u043a\u0441\u043f\u043b\u0443\u0430\u0442\u0430\u0446\u0456\u0457 \u043f\u0440\u0438\u0441\u0442\u0440\u043e\u0457\u0432, \u0443\u0441\u0442\u0430\u043d\u043e\u0432\u043e\u043a \u0456 \u043c\u0435\u0440\u0435\u0436, \u0449\u043e \u0432\u0445\u043e\u0434\u044f\u0442\u044c \u0434\u043e 1 \u0433\u0440\u0443\u043f\u0438 \u0434\u043e \u0456 \u0432\u0438\u0449\u0435 1 \u043a\u0412.<\/p>\n<h2 class=\"boldnagl\">\u041c\u0435\u0442\u0430 \u0442\u0440\u0435\u043d\u0456\u043d\u0433\u0443<\/h2>\n<p>\u041c\u0435\u0442\u043e\u044e \u043d\u0430\u0432\u0447\u0430\u043b\u044c\u043d\u043e\u0433\u043e \u043a\u0443\u0440\u0441\u0443 \u0454 \u043f\u0456\u0434\u0433\u043e\u0442\u043e\u0432\u043a\u0430 \u0441\u043b\u0443\u0445\u0430\u0447\u0456\u0432 \u0434\u043e \u0441\u043a\u043b\u0430\u0434\u0430\u043d\u043d\u044f \u0456\u0441\u043f\u0438\u0442\u0443 \u0442\u0430 \u043e\u0442\u0440\u0438\u043c\u0430\u043d\u043d\u044f \u043a\u0432\u0430\u043b\u0456\u0444\u0456\u043a\u0430\u0446\u0456\u0439\u043d\u043e\u0433\u043e \u0441\u0435\u0440\u0442\u0438\u0444\u0456\u043a\u0430\u0442\u0443 \u0432 \u043e\u0431\u0440\u0430\u043d\u0456\u0439 \u0433\u0430\u043b\u0443\u0437\u0456. \u0421\u043f\u0435\u043a\u0442\u0440 \u0434\u043e\u0441\u0442\u0443\u043f\u043d\u0438\u0445 \u0432\u0438\u0434\u0456\u0432 \u0434\u0456\u044f\u043b\u044c\u043d\u043e\u0441\u0442\u0456: \u0435\u043a\u0441\u043f\u043b\u0443\u0430\u0442\u0430\u0446\u0456\u044f, \u0442\u0435\u0445\u043d\u0456\u0447\u043d\u0435 \u043e\u0431\u0441\u043b\u0443\u0433\u043e\u0432\u0443\u0432\u0430\u043d\u043d\u044f, \u0440\u0435\u043c\u043e\u043d\u0442, \u043c\u043e\u043d\u0442\u0430\u0436 \u0442\u0430 <a href=\"https:\/\/szkolenia-udt.pl\/ua\/kursy\/sep-g1-g2-g3\/prace-kontrolno-pomiarowe\/\">\u0456\u043d\u0441\u043f\u0435\u043a\u0446\u0456\u0439\u043d\u0456 \u0442\u0430 \u0432\u0438\u043c\u0456\u0440\u044e\u0432\u0430\u043b\u044c\u043d\u0456 \u0440\u043e\u0431\u043e\u0442\u0438<\/a>.<\/p>\n<h2 class=\"boldnagl\">\u041e\u0441\u043e\u0431\u0438 \u0437 \u043a\u0432\u0430\u043b\u0456\u0444\u0456\u043a\u0430\u0446\u0456\u0454\u044e G1 \u043c\u043e\u0436\u0443\u0442\u044c \u043f\u0440\u0430\u0446\u044e\u0432\u0430\u0442\u0438 \u0432 \u043d\u0430\u0441\u0442\u0443\u043f\u043d\u0456\u0439 \u0441\u0444\u0435\u0440\u0456:<\/h2>\n<ul>\n<li>\u0433\u0435\u043d\u0435\u0440\u0443\u044e\u0447\u0456 \u043f\u0440\u0438\u0441\u0442\u0440\u043e\u0457, \u043f\u0456\u0434\u043a\u043b\u044e\u0447\u0435\u043d\u0456 \u0434\u043e \u043d\u0430\u0446\u0456\u043e\u043d\u0430\u043b\u044c\u043d\u043e\u0457 \u0435\u043b\u0435\u043a\u0442\u0440\u043e\u043c\u0435\u0440\u0435\u0436\u0456, \u043d\u0435\u0437\u0430\u043b\u0435\u0436\u043d\u043e \u0432\u0456\u0434 \u0440\u0456\u0432\u043d\u044f \u043d\u043e\u043c\u0456\u043d\u0430\u043b\u044c\u043d\u043e\u0457 \u043d\u0430\u043f\u0440\u0443\u0433\u0438<\/li>\n<li>\u043f\u0440\u0438\u0441\u0442\u0440\u043e\u0457\u0432, \u0443\u0441\u0442\u0430\u043d\u043e\u0432\u043e\u043a \u0456 \u0435\u043b\u0435\u043a\u0442\u0440\u043e\u043c\u0435\u0440\u0435\u0436 \u043d\u0430\u043f\u0440\u0443\u0433\u043e\u044e \u043d\u0435 \u0431\u0456\u043b\u044c\u0448\u0435 1 \u043a\u0412<\/li>\n<li>\u043f\u0440\u0438\u0441\u0442\u0440\u043e\u0457\u0432, \u0443\u0441\u0442\u0430\u043d\u043e\u0432\u043e\u043a \u0456 \u043c\u0435\u0440\u0435\u0436 \u043d\u043e\u043c\u0456\u043d\u0430\u043b\u044c\u043d\u043e\u044e \u043d\u0430\u043f\u0440\u0443\u0433\u043e\u044e \u043f\u043e\u043d\u0430\u0434 1 \u043a\u0412<\/li>\n<li>\u0433\u0435\u043d\u0435\u0440\u0430\u0442\u043e\u0440\u043d\u0456 \u0443\u0441\u0442\u0430\u043d\u043e\u0432\u043a\u0438 \u043f\u043e\u0442\u0443\u0436\u043d\u0456\u0441\u0442\u044e \u043f\u043e\u043d\u0430\u0434 50 \u043a\u0412\u0442<\/li>\n<li>\u0435\u043b\u0435\u043a\u0442\u0440\u043e\u0442\u0435\u0440\u043c\u0456\u0447\u043d\u0456 \u043f\u0440\u0438\u0441\u0442\u0440\u043e\u0457<\/li>\n<li>\u0435\u043b\u0435\u043a\u0442\u0440\u043e\u043b\u0456\u0437\u043d\u0435 \u043e\u0431\u043b\u0430\u0434\u043d\u0430\u043d\u043d\u044f<\/li>\n<li>\u0435\u043b\u0435\u043a\u0442\u0440\u0438\u0447\u043d\u0456 \u043c\u0435\u0440\u0435\u0436\u0456 \u0432\u0443\u043b\u0438\u0447\u043d\u043e\u0433\u043e \u043e\u0441\u0432\u0456\u0442\u043b\u0435\u043d\u043d\u044f<\/li>\n<li>\u043c\u0435\u0440\u0435\u0436\u0430 \u0435\u043b\u0435\u043a\u0442\u0440\u043e\u0442\u044f\u0433\u0438<\/li>\n<li>\u0432\u0438\u0431\u0443\u0445\u043e\u0437\u0430\u0445\u0438\u0449\u0435\u043d\u0435 \u0435\u043b\u0435\u043a\u0442\u0440\u043e\u043e\u0431\u043b\u0430\u0434\u043d\u0430\u043d\u043d\u044f<\/li>\n<li>\u043a\u043e\u043d\u0442\u0440\u043e\u043b\u044c\u043d\u043e-\u0432\u0438\u043c\u0456\u0440\u044e\u0432\u0430\u043b\u044c\u043d\u0430 \u0430\u043f\u0430\u0440\u0430\u0442\u0443\u0440\u0430, \u0430 \u0442\u0430\u043a\u043e\u0436 \u043f\u0440\u0438\u043b\u0430\u0434\u0438 \u0442\u0430 \u0443\u0441\u0442\u0430\u043d\u043e\u0432\u043a\u0438 \u0434\u043b\u044f \u0430\u0432\u0442\u043e\u043c\u0430\u0442\u0438\u0447\u043d\u043e\u0433\u043e \u0440\u0435\u0433\u0443\u043b\u044e\u0432\u0430\u043d\u043d\u044f, \u043a\u0435\u0440\u0443\u0432\u0430\u043d\u043d\u044f \u0442\u0430 \u0437\u0430\u0445\u0438\u0441\u0442\u0443 \u0437\u0430\u0437\u043d\u0430\u0447\u0435\u043d\u0438\u0445 \u0432\u0438\u0449\u0435 \u043f\u0440\u0438\u0441\u0442\u0440\u043e\u0457\u0432 \u0442\u0430 \u0443\u0441\u0442\u0430\u043d\u043e\u0432\u043e\u043a<\/li>\n<\/ul>\n<h2 class=\"boldnagl\">\u041f\u0440\u0430\u0432\u0430<\/h2>\n<p>\u041a\u0432\u0430\u043b\u0456\u0444\u0456\u043a\u0430\u0446\u0456\u0439\u043d\u0438\u0439 \u0441\u0435\u0440\u0442\u0438\u0444\u0456\u043a\u0430\u0442, \u0442\u0430\u043a \u0437\u0432\u0430\u043d\u0456 \u0435\u043b\u0435\u043a\u0442\u0440\u0438\u0447\u043d\u0456 \u043a\u0432\u0430\u043b\u0456\u0444\u0456\u043a\u0430\u0446\u0456\u0457, \u0432\u0438\u0434\u0430\u0454\u0442\u044c\u0441\u044f \u043f\u0456\u0441\u043b\u044f \u0441\u043a\u043b\u0430\u0434\u0430\u043d\u043d\u044f \u0456\u0441\u043f\u0438\u0442\u0443 \u043f\u0435\u0440\u0435\u0434 \u043a\u043e\u043c\u0456\u0441\u0456\u0454\u044e, \u043e\u0431\u0440\u0430\u043d\u043e\u044e \u0441\u0442\u0443\u0434\u0435\u043d\u0442\u043e\u043c, \u043d\u0430\u043f\u0440\u0438\u043a\u043b\u0430\u0434: <a href=\"https:\/\/szkolenia-udt.pl\/ua\/kursy\/sep-g1-g2-g3\/komisje-certyfikujace-sep-pse-simp-sitps\/\">\u0421\u0418\u0424<\/a>, PSE, SIMP, SITPS. \u0422\u0435\u0440\u043c\u0456\u043d \u0434\u0456\u0457 5 \u0440\u043e\u043a\u0456\u0432.<\/p>\n<h2 class=\"boldnagl\">\u0412\u0438\u043c\u043e\u0433\u0438<\/h2>\n<p>\u0422\u0440\u0435\u043d\u0456\u043d\u0433 G1 \u043f\u0440\u0438\u0437\u043d\u0430\u0447\u0435\u043d\u0438\u0439 \u0434\u043b\u044f \u043b\u044e\u0434\u0435\u0439, \u044f\u043a\u0456 \u0432\u0456\u0434\u043f\u043e\u0432\u0456\u0434\u0430\u044e\u0442\u044c \u043d\u0430\u0441\u0442\u0443\u043f\u043d\u0438\u043c \u0432\u0438\u043c\u043e\u0433\u0430\u043c:<\/p>\n<ul>\n<li>\u043d\u0435 \u043c\u0435\u043d\u0448\u0435 18 \u0440\u043e\u043a\u0456\u0432<\/li>\n<li>\u043c\u0456\u043d\u0456\u043c\u0430\u043b\u044c\u043d\u0430 \u043f\u043e\u0447\u0430\u0442\u043a\u043e\u0432\u0430 \u043e\u0441\u0432\u0456\u0442\u0430<\/li>\n<\/ul>\n<h2 class=\"boldnagl\">\u0426\u0456\u043d\u0430<\/h2>\n<ul>\n<li>\u043a\u0443\u0440\u0441\u0438 \u043f\u0440\u043e\u0432\u043e\u0434\u044f\u0442\u044c\u0441\u044f \u0449\u043e\u0434\u043d\u044f<\/li>\n<li>\u0432\u0430\u0440\u0442\u0456\u0441\u0442\u044c \u0441\u0430\u043c\u043e\u0433\u043e \u043d\u0430\u0432\u0447\u0430\u043d\u043d\u044f 90 \u0437\u043b\u043e\u0442\u0438\u0445,<\/li>\n<li>\u0432\u0430\u0440\u0442\u0456\u0441\u0442\u044c \u043f\u0456\u0434\u0433\u043e\u0442\u043e\u0432\u043a\u0438 \u0434\u043e \u0456\u0441\u043f\u0438\u0442\u0443 303 \u0437\u043b<\/li>\n<\/ul>\n<h2 class=\"boldnagl\">\u041c\u0456\u0441\u0446\u0435 \u043f\u0440\u043e\u0432\u0435\u0434\u0435\u043d\u043d\u044f \u0437\u0430\u043d\u044f\u0442\u044c<\/h2>\n<p>\u0417\u0430\u043d\u044f\u0442\u0442\u044f \u043f\u0440\u043e\u0432\u043e\u0434\u044f\u0442\u044c\u0441\u044f \u0443 \u043c\u0456\u0441\u0442\u0456 \u0412\u0430\u0440\u0448\u0430\u0432\u0430 \u0442\u0430 \u0432 \u0456\u043d\u0448\u0438\u0445 \u043c\u0456\u0441\u0446\u044f\u0445 \u041f\u043e\u043b\u044c\u0449\u0456 \u0432 \u0440\u0435\u0433\u0456\u043e\u043d\u0430\u043b\u044c\u043d\u0438\u0445 \u0437\u0430\u043a\u043b\u0430\u0434\u0430\u0445 \u041e\u0421\u041e. \u041c\u0438 \u0442\u0430\u043a\u043e\u0436 \u043f\u0440\u043e\u0432\u043e\u0434\u0438\u043c\u043e \u0437\u0430\u043a\u0440\u0438\u0442\u0456 \u043d\u0430\u0432\u0447\u0430\u043b\u044c\u043d\u0456 \u043a\u0443\u0440\u0441\u0438 \u0432\u0456\u0434\u043f\u043e\u0432\u0456\u0434\u043d\u043e \u0434\u043e \u043e\u0447\u0456\u043a\u0443\u0432\u0430\u043d\u044c \u043a\u043b\u0456\u0454\u043d\u0442\u0430.<\/p>\n<p>\u042f\u043a\u0449\u043e \u0443 \u0432\u0430\u0441 \u0432\u0438\u043d\u0438\u043a\u043b\u0438 \u0434\u043e\u0434\u0430\u0442\u043a\u043e\u0432\u0456 \u043f\u0438\u0442\u0430\u043d\u043d\u044f, \u043c\u0438 \u0437\u0430\u043b\u0438\u0448\u0430\u0454\u043c\u043e\u0441\u044c \u0443 \u0432\u0430\u0448\u043e\u043c\u0443 \u0440\u043e\u0437\u043f\u043e\u0440\u044f\u0434\u0436\u0435\u043d\u043d\u0456 - \u0431\u0443\u0434\u044c \u043b\u0430\u0441\u043a\u0430 <a href=\"https:\/\/szkolenia-udt.pl\/ua\/kontakt\/\">\u0437\u0432&#039;\u044f\u0437\u0430\u0442\u0438\u0441\u044f \u0437 \u043d\u0430\u043c\u0438<\/a> \u0437\u0430 \u0432\u0456\u0434\u043f\u043e\u0432\u0456\u0434\u044c.<\/p>\n<p>OSO Operator Training Center \u0437\u0430\u043f\u0440\u043e\u0448\u0443\u0454 \u043d\u0430 \u0442\u0440\u0435\u043d\u0456\u043d\u0433\u0438 \u0434\u043b\u044f \u0435\u043b\u0435\u043a\u0442\u0440\u0438\u043a\u0456\u0432 \u0434\u043e 1\u043a\u0412 - \u0412\u0430\u0440\u0448\u0430\u0432\u0430 \u0442\u0430 \u0432\u0441\u044f \u041f\u043e\u043b\u044c\u0449\u0430!<\/p>","protected":false},"excerpt":{"rendered":"<p>Szkolenia G1 \u2013 Warszawa i ca\u0142a Polska O\u015brodek Szkolenia Operator\u00f3w OSO zaprasza do skorzystania z kursu przygotowuj\u0105ce do egzamin\u00f3w w kategorii G1 na urz\u0105dzenia, instalacje i sieci elektroenergetyczne. Zaj\u0119cia przygotowuj\u0105 do egzaminu oraz pracy na stanowisku elektryka w zakresie dozoru i eksploatacji urz\u0105dze\u0144, instalacji oraz sieci zaliczanych do grupy 1 do i powy\u017cej 1 kV. [&hellip;]<\/p>\n","protected":false},"author":3,"featured_media":2002,"parent":1895,"menu_order":0,"comment_status":"closed","ping_status":"closed","template":"","meta":{"footnotes":""},"class_list":["post-1897","page","type-page","status-publish","has-post-thumbnail","hentry"],"aioseo_notices":[],"_links":{"self":[{"href":"https:\/\/szkolenia-udt.pl\/ua\/wp-json\/wp\/v2\/pages\/1897","targetHints":{"allow":["GET"]}}],"collection":[{"href":"https:\/\/szkolenia-udt.pl\/ua\/wp-json\/wp\/v2\/pages"}],"about":[{"href":"https:\/\/szkolenia-udt.pl\/ua\/wp-json\/wp\/v2\/types\/page"}],"author":[{"embeddable":true,"href":"https:\/\/szkolenia-udt.pl\/ua\/wp-json\/wp\/v2\/users\/3"}],"replies":[{"embeddable":true,"href":"https:\/\/szkolenia-udt.pl\/ua\/wp-json\/wp\/v2\/comments?post=1897"}],"version-history":[{"count":9,"href":"https:\/\/szkolenia-udt.pl\/ua\/wp-json\/wp\/v2\/pages\/1897\/revisions"}],"predecessor-version":[{"id":2897,"href":"https:\/\/szkolenia-udt.pl\/ua\/wp-json\/wp\/v2\/pages\/1897\/revisions\/2897"}],"up":[{"embeddable":true,"href":"https:\/\/szkolenia-udt.pl\/ua\/wp-json\/wp\/v2\/pages\/1895"}],"wp:featuredmedia":[{"embeddable":true,"href":"https:\/\/szkolenia-udt.pl\/ua\/wp-json\/wp\/v2\/media\/2002"}],"wp:attachment":[{"href":"https:\/\/szkolenia-udt.pl\/ua\/wp-json\/wp\/v2\/media?parent=1897"}],"curies":[{"name":"wp","href":"https:\/\/api.w.org\/{rel}","templated":true}]}}