{"id":1905,"date":"2017-12-06T15:51:23","date_gmt":"2017-12-06T15:51:23","guid":{"rendered":"http:\/\/szkolenia-udt.pl\/?page_id=1905"},"modified":"2022-06-13T11:20:39","modified_gmt":"2022-06-13T09:20:39","slug":"exam-sep-pse-simp-sitps","status":"publish","type":"page","link":"https:\/\/szkolenia-udt.pl\/ua\/kursy\/sep-g1-g2-g3\/egzamin-sep-pse-simp-sitps\/","title":{"rendered":"\u042f\u043a \u043f\u0440\u0430\u0446\u044e\u0454 \u0456\u0441\u043f\u0438\u0442 G1, G2, G3, PSE, SIMP, SITPS?"},"content":{"rendered":"<div style=\"float: left; padding-right: 10px;\"><div id=\"metaslider-id-1940\" style=\"max-width: 300px;\" class=\"ml-slider-3-107-0 metaslider metaslider-flex metaslider-1940 ml-slider ms-theme-default nav-hidden\" role=\"region\" aria-label=\"sep\" data-height=\"225\" data-width=\"300\">\n    <div id=\"metaslider_container_1940\">\n        <div id=\"metaslider_1940\">\n            <ul class='slides'>\n                <li style=\"display: block; width: 100%;\" class=\"slide-2001 ms-image\" aria-roledescription=\"slide\" data-date=\"2017-12-29 10:30:02\" data-filename=\"SEP_blog2-1-1030x686-300x225.jpg\" data-slide-type=\"image\"><img loading=\"lazy\" decoding=\"async\" src=\"https:\/\/szkolenia-udt.pl\/wp-content\/uploads\/2017\/12\/SEP_blog2-1-1030x686-300x225.jpg\" height=\"225\" width=\"300\" alt=\"\" class=\"slider-1940 slide-2001 msDefaultImage\" \/><\/li>\n            <\/ul>\n        <\/div>\n        \n    <\/div>\n<\/div><\/div>\n<h2 class=\"boldnagl\"><strong>\u0406\u0441\u043f\u0438\u0442\u0438 G1, G2, G3, PSE, SIMP, SITPS <\/strong><\/h2>\n<p>\u0414\u043b\u044f \u043e\u0442\u0440\u0438\u043c\u0430\u043d\u043d\u044f \u0432\u0456\u0434\u043f\u043e\u0432\u0456\u0434\u043d\u0438\u0445 \u043f\u043e\u0432\u043d\u043e\u0432\u0430\u0436\u0435\u043d\u044c \u043d\u0430 \u0432\u0438\u043a\u043e\u043d\u0430\u043d\u043d\u044f \u0440\u043e\u0431\u0456\u0442 \u0437 \u0435\u043a\u0441\u043f\u043b\u0443\u0430\u0442\u0430\u0446\u0456\u0457 \u0442\u0430 \u043d\u0430\u0433\u043b\u044f\u0434\u0443 \u0437\u0430 \u043f\u0440\u0438\u043b\u0430\u0434\u0430\u043c\u0438, \u0443\u0441\u0442\u0430\u043d\u043e\u0432\u043a\u0430\u043c\u0438 \u0442\u0430 \u0435\u043b\u0435\u043a\u0442\u0440\u0438\u0447\u043d\u0438\u043c\u0438, \u0442\u0435\u043f\u043b\u043e\u0432\u0438\u043c\u0438 \u0442\u0430 \u0433\u0430\u0437\u043e\u0432\u0438\u043c\u0438 \u043c\u0435\u0440\u0435\u0436\u0430\u043c\u0438 \u043d\u0435\u043e\u0431\u0445\u0456\u0434\u043d\u043e \u0441\u043a\u043b\u0430\u0441\u0442\u0438 \u0456\u0441\u043f\u0438\u0442.<\/p>\n<h3 class=\"boldnagl\"><strong>\u0410\u0442\u0435\u0441\u0442\u0430\u0446\u0456\u0439\u043d\u0456 \u043a\u043e\u043c\u0456\u0441\u0456\u0457<\/strong><\/h3>\n<p>\u041e\u0434\u043d\u0430\u043a, \u0446\u0435\u0439 \u0456\u0441\u043f\u0438\u0442, \u044f\u043a\u0438\u0439 \u0442\u0430\u043a\u043e\u0436 \u043d\u0430\u0437\u0438\u0432\u0430\u044e\u0442\u044c \"\u0456\u0441\u043f\u0438\u0442\u043e\u043c SEP\", \u043f\u0440\u043e\u0432\u043e\u0434\u0438\u0442\u044c\u0441\u044f \u043d\u0435 \u043b\u0438\u0448\u0435 \u043f\u0435\u0440\u0435\u0434 \u0410\u0441\u043e\u0446\u0456\u0430\u0446\u0456\u0454\u044e \u043f\u043e\u043b\u044c\u0441\u044c\u043a\u0438\u0445 \u0435\u043b\u0435\u043a\u0442\u0440\u0438\u043a\u0456\u0432, \u044f\u043a\u0430 \u0454 \u043d\u0430\u0439\u0431\u0456\u043b\u044c\u0448 \u043f\u043e\u043f\u0443\u043b\u044f\u0440\u043d\u043e\u044e.<\/p>\n<p>\u0421\u0435\u0440\u0442\u0438\u0444\u0456\u043a\u0430\u0446\u0456\u044f \u0442\u0430\u043a\u043e\u0436 \u043f\u0440\u043e\u0432\u043e\u0434\u0438\u0442\u044c\u0441\u044f \u0456\u043d\u0448\u0438\u043c\u0438 \u043a\u043e\u043c\u0456\u0442\u0435\u0442\u0430\u043c\u0438, \u0441\u0445\u0432\u0430\u043b\u0435\u043d\u0438\u043c\u0438 \u0423\u043f\u0440\u0430\u0432\u043b\u0456\u043d\u043d\u044f\u043c \u0440\u0435\u0433\u0443\u043b\u044e\u0432\u0430\u043d\u043d\u044f \u0435\u043d\u0435\u0440\u0433\u0435\u0442\u0438\u043a\u0438 (ERO), \u0432\u043a\u043b\u044e\u0447\u0430\u044e\u0447\u0438 \u041f\u043e\u043b\u044c\u0441\u044c\u043a\u0443 \u0430\u0441\u043e\u0446\u0456\u0430\u0446\u0456\u044e \u0435\u043b\u0435\u043a\u0442\u0440\u043e\u043c\u043e\u043d\u0442\u0430\u0436\u0443 (PSE), \u0410\u0441\u043e\u0446\u0456\u0430\u0446\u0456\u044e \u043f\u043e\u043b\u044c\u0441\u044c\u043a\u0438\u0445 \u0456\u043d\u0436\u0435\u043d\u0435\u0440\u0456\u0432-\u043c\u0435\u0445\u0430\u043d\u0456\u043a\u0456\u0432 (SIMP) \u0442\u0430 \u0410\u0441\u043e\u0446\u0456\u0430\u0446\u0456\u044e \u0456\u043d\u0436\u0435\u043d\u0435\u0440\u0456\u0432 \u0456 \u0442\u0435\u0445\u043d\u0456\u043a\u0456\u0432 \u0445\u0430\u0440\u0447\u043e\u0432\u043e\u0457 \u043f\u0440\u043e\u043c\u0438\u0441\u043b\u043e\u0432\u043e\u0441\u0442\u0456 (SITPS \u0430\u0431\u043e SITSpo\u017c). ).<\/p>\n<h2 class=\"boldnagl\"><strong>\u042f\u043a \u043f\u0440\u043e\u0445\u043e\u0434\u0438\u0442\u044c \u0456\u0441\u043f\u0438\u0442?<\/strong><\/h2>\n<p>\u041f\u0440\u0430\u0432\u043e\u0432\u043e\u044e \u043e\u0441\u043d\u043e\u0432\u043e\u044e \u0456\u0441\u043f\u0438\u0442\u0443 \u0434\u043b\u044f \u043e\u0442\u0440\u0438\u043c\u0430\u043d\u043d\u044f \u043a\u0432\u0430\u043b\u0456\u0444\u0456\u043a\u0430\u0446\u0456\u0457 \u0454 \u043d\u0430\u043a\u0430\u0437 \u043c\u0456\u043d\u0456\u0441\u0442\u0440\u0430 \u0435\u043a\u043e\u043d\u043e\u043c\u0456\u043a\u0438, \u043f\u0440\u0430\u0446\u0456 \u0442\u0430 \u0441\u043e\u0446\u0456\u0430\u043b\u044c\u043d\u043e\u0457 \u043f\u043e\u043b\u0456\u0442\u0438\u043a\u0438 \u0432\u0456\u0434 28 \u043a\u0432\u0456\u0442\u043d\u044f 2003 \u0440. \u0437\u0430\u043b\u0435\u0436\u043d\u043e \u0432\u0456\u0434 \u0435\u043b\u0435\u043a\u0442\u0440\u0438\u0447\u043d\u0438\u0445, \u0435\u043d\u0435\u0440\u0433\u0435\u0442\u0438\u0447\u043d\u0438\u0445 \u0430\u0431\u043e \u0433\u0430\u0437\u043e\u0432\u0438\u0445 \u0443\u0441\u0442\u0430\u043d\u043e\u0432\u043e\u043a, \u043f\u0440\u0438\u0441\u0442\u0440\u043e\u0457\u0432 \u0456 \u043c\u0435\u0440\u0435\u0436.<\/p>\n<p>\u0423 \u043d\u044c\u043e\u043c\u0443 \u0437\u0430\u0437\u043d\u0430\u0447\u0435\u043d\u043e, \u0449\u043e \u0435\u043a\u0441\u043f\u0435\u0440\u0442\u0438\u0437\u0443 \u043f\u0440\u043e\u0432\u043e\u0434\u0438\u0442\u044c \u0435\u043a\u0437\u0430\u043c\u0435\u043d\u0430\u0446\u0456\u0439\u043d\u0430 \u0431\u0440\u0438\u0433\u0430\u0434\u0430 \u0443 \u0441\u043a\u043b\u0430\u0434\u0456 \u043d\u0435 \u043c\u0435\u043d\u0448\u0435 \u0442\u0440\u044c\u043e\u0445 \u043e\u0441\u0456\u0431, \u0432\u0438\u0437\u043d\u0430\u0447\u0435\u043d\u0438\u0445 \u0433\u043e\u043b\u043e\u0432\u043e\u044e \u043a\u043e\u043c\u0456\u0441\u0456\u0457. \u0406\u0441\u043f\u0438\u0442 \u0454 \u0443\u0441\u043d\u0438\u043c \u0456 \u043f\u0435\u0440\u0435\u0432\u0456\u0440\u044f\u0454 \u0437\u043d\u0430\u043d\u043d\u044f \u043a\u0430\u043d\u0434\u0438\u0434\u0430\u0442\u0430 \u0432 \u043e\u0431\u0440\u0430\u043d\u0456\u0439 \u0441\u0444\u0435\u0440\u0456 - \u043d\u0430 \u043f\u043e\u0441\u0430\u0434\u0430\u0445 \u0441\u0443\u043f\u0435\u0440\u0432\u0456\u0437\u043e\u0440\u0430 \u0447\u0438 \u0435\u043a\u0441\u043f\u043b\u0443\u0430\u0442\u0430\u0446\u0456\u0457.<\/p>\n<p>\u041f\u0438\u0442\u0430\u043d\u043d\u044f \u043f\u0456\u0434 \u0447\u0430\u0441 \u0456\u0441\u043f\u0438\u0442\u0443 \u0441\u0442\u043e\u0441\u0443\u044e\u0442\u044c\u0441\u044f, \u0441\u0435\u0440\u0435\u0434 \u0456\u043d\u0448\u043e\u0433\u043e, \u043f\u0440\u0430\u0432\u0438\u043b, \u043f\u0440\u0430\u0432\u0438\u043b \u0431\u0435\u0437\u043f\u0435\u0447\u043d\u043e\u0457 \u0435\u043a\u0441\u043f\u043b\u0443\u0430\u0442\u0430\u0446\u0456\u0457 \u043f\u0440\u0438\u0441\u0442\u0440\u043e\u0457\u0432, \u0443\u0441\u0442\u0430\u043d\u043e\u0432\u043e\u043a \u0456 \u043c\u0435\u0440\u0435\u0436, \u043f\u0440\u0430\u0432\u0438\u043b \u043a\u043e\u043d\u0442\u0440\u043e\u043b\u044c\u043d\u043e-\u0432\u0438\u043c\u0456\u0440\u044e\u0432\u0430\u043b\u044c\u043d\u0438\u0445 \u0440\u043e\u0431\u0456\u0442, \u0456\u043d\u0441\u0442\u0440\u0443\u043a\u0446\u0456\u0439, \u044f\u043a\u0438\u0445 \u0441\u043b\u0456\u0434 \u0434\u043e\u0442\u0440\u0438\u043c\u0443\u0432\u0430\u0442\u0438\u0441\u044f \u0443 \u0440\u0430\u0437\u0456 \u0432\u0438\u043d\u0438\u043a\u043d\u0435\u043d\u043d\u044f \u0437\u0430\u0433\u0440\u043e\u0437, \u043f\u0440\u0430\u0432\u0438\u043b \u043a\u0435\u0440\u0443\u0432\u0430\u043d\u043d\u044f \u0436\u0438\u0432\u043b\u0435\u043d\u043d\u044f\u043c \u043f\u0440\u0438\u0441\u0442\u0440\u043e\u0457\u0432, \u043f\u0456\u0434\u043a\u043b\u044e\u0447\u0435\u043d\u0438\u0445 \u0434\u043e \u043c\u0435\u0440\u0435\u0436\u0456.<\/p>","protected":false},"excerpt":{"rendered":"<p>Egzamin G1, G2, G3, PSE, SIMP, SITPS W celu uzyskania odpowiednich uprawnie\u0144 do prowadzenia prac dotycz\u0105cych eksploatacji i dozoru urz\u0105dze\u0144, instalacji oraz sieci elektroenergetycznych, cieplnych i gazowych konieczne jest pozytywne zaliczenie egzaminu. Komisje certyfikuj\u0105ce Egzamin ten, kt\u00f3ry okre\u015blany jest te\u017c jako &#8222;egzamin SEP&#8221;, prowadzony jest jednak nie tylko przed Stowarzyszeniem Elektryk\u00f3w Polskich, kt\u00f3re jest najbardziej [&hellip;]<\/p>\n","protected":false},"author":3,"featured_media":2000,"parent":1895,"menu_order":0,"comment_status":"closed","ping_status":"closed","template":"","meta":{"footnotes":""},"class_list":["post-1905","page","type-page","status-publish","has-post-thumbnail","hentry"],"aioseo_notices":[],"_links":{"self":[{"href":"https:\/\/szkolenia-udt.pl\/ua\/wp-json\/wp\/v2\/pages\/1905","targetHints":{"allow":["GET"]}}],"collection":[{"href":"https:\/\/szkolenia-udt.pl\/ua\/wp-json\/wp\/v2\/pages"}],"about":[{"href":"https:\/\/szkolenia-udt.pl\/ua\/wp-json\/wp\/v2\/types\/page"}],"author":[{"embeddable":true,"href":"https:\/\/szkolenia-udt.pl\/ua\/wp-json\/wp\/v2\/users\/3"}],"replies":[{"embeddable":true,"href":"https:\/\/szkolenia-udt.pl\/ua\/wp-json\/wp\/v2\/comments?post=1905"}],"version-history":[{"count":5,"href":"https:\/\/szkolenia-udt.pl\/ua\/wp-json\/wp\/v2\/pages\/1905\/revisions"}],"predecessor-version":[{"id":2887,"href":"https:\/\/szkolenia-udt.pl\/ua\/wp-json\/wp\/v2\/pages\/1905\/revisions\/2887"}],"up":[{"embeddable":true,"href":"https:\/\/szkolenia-udt.pl\/ua\/wp-json\/wp\/v2\/pages\/1895"}],"wp:featuredmedia":[{"embeddable":true,"href":"https:\/\/szkolenia-udt.pl\/ua\/wp-json\/wp\/v2\/media\/2000"}],"wp:attachment":[{"href":"https:\/\/szkolenia-udt.pl\/ua\/wp-json\/wp\/v2\/media?parent=1905"}],"curies":[{"name":"wp","href":"https:\/\/api.w.org\/{rel}","templated":true}]}}