{"id":2102,"date":"2020-01-05T22:13:44","date_gmt":"2020-01-05T22:13:44","guid":{"rendered":"https:\/\/szkolenia-udt.pl\/?page_id=2102"},"modified":"2020-01-05T22:17:00","modified_gmt":"2020-01-05T22:17:00","slug":"%d1%82%d1%80%d0%b5%d0%bd%d1%96%d0%bd%d0%b3-%d0%b7-%d0%b7%d0%b0%d1%85%d0%b8%d1%81%d1%82%d1%83-%d0%bf%d0%b5%d1%80%d1%81%d0%be%d0%bd%d0%b0%d0%bb%d1%8c%d0%bd%d0%b8%d1%85-%d0%b4%d0%b0%d0%bd%d0%b8%d1%85-rod","status":"publish","type":"page","link":"https:\/\/szkolenia-udt.pl\/ua\/kursy\/szkolenie-z-ochrony-danych-osobowych-rodo-warszawa\/","title":{"rendered":"\u041d\u0430\u0432\u0447\u0430\u043d\u043d\u044f \u0456\u0437 \u0437\u0430\u0445\u0438\u0441\u0442\u0443 \u043f\u0435\u0440\u0441\u043e\u043d\u0430\u043b\u044c\u043d\u0438\u0445 \u0434\u0430\u043d\u0438\u0445 GDPR - \u0412\u0430\u0440\u0448\u0430\u0432\u0430 \u0442\u0430 \u0432\u0441\u044f \u041f\u043e\u043b\u044c\u0449\u0430"},"content":{"rendered":"<p>25 \u0442\u0440\u0430\u0432\u043d\u044f 2018 \u0440\u043e\u043a\u0443 \u043d\u0430\u0431\u0443\u0432\u0430\u0454 \u0447\u0438\u043d\u043d\u043e\u0441\u0442\u0456 RODO - \u043d\u043e\u0432\u0438\u0439 \u0440\u0435\u0433\u043b\u0430\u043c\u0435\u043d\u0442 \u0404\u0421 \u043f\u0440\u043e \u0437\u0430\u0445\u0438\u0441\u0442 \u043f\u0435\u0440\u0441\u043e\u043d\u0430\u043b\u044c\u043d\u0438\u0445 \u0434\u0430\u043d\u0438\u0445. \u0422\u043e\u043c\u0443 \u0432 \u0456\u043d\u0442\u0435\u0440\u0435\u0441\u0430\u0445 \u043a\u043e\u0436\u043d\u043e\u0433\u043e \u043a\u043e\u043d\u0442\u0440\u043e\u043b\u0435\u0440\u0430 \u0434\u0430\u043d\u0438\u0445 \u043d\u0430\u043f\u0440\u0430\u0432\u0438\u0442\u0438 \u0441\u043f\u0456\u0432\u0440\u043e\u0431\u0456\u0442\u043d\u0438\u043a\u0430, \u0432\u0456\u0434\u043f\u043e\u0432\u0456\u0434\u0430\u043b\u044c\u043d\u043e\u0433\u043e \u0437\u0430 \u043f\u0438\u0442\u0430\u043d\u043d\u044f \u0437\u0430\u0445\u0438\u0441\u0442\u0443 \u0434\u0430\u043d\u0438\u0445, \u043d\u0430 \u043d\u0430\u0432\u0447\u0430\u043d\u043d\u044f RODO.<\/p>\n<p>\u0417\u0433\u0456\u0434\u043d\u043e \u0437 \u043d\u043e\u0432\u0438\u043c \u0437\u0430\u043a\u043e\u043d\u043e\u0434\u0430\u0432\u0441\u0442\u0432\u043e\u043c, \u043a\u043e\u043d\u0442\u0440\u043e\u043b\u0435\u0440\u0438 \u0434\u0430\u043d\u0438\u0445 \u043c\u0430\u0442\u0438\u043c\u0443\u0442\u044c \u043b\u0438\u0448\u0435 72 \u0433\u043e\u0434\u0438\u043d\u0438, \u0449\u043e\u0431 \u043f\u043e\u0432\u0456\u0434\u043e\u043c\u0438\u0442\u0438 \u043f\u0440\u043e \u043f\u043e\u0440\u0443\u0448\u0435\u043d\u043d\u044f \u043f\u0435\u0440\u0441\u043e\u043d\u0430\u043b\u044c\u043d\u0438\u0445 \u0434\u0430\u043d\u0438\u0445. \u0420\u044f\u0434 \u0443\u0441\u0442\u0430\u043d\u043e\u0432 \u0442\u0430 \u043a\u043e\u043c\u043f\u0430\u043d\u0456\u0439 \u0442\u0430\u043a\u043e\u0436 \u043f\u043e\u0432\u0438\u043d\u043d\u0456 \u0431\u0443\u0434\u0443\u0442\u044c \u043f\u0440\u0438\u0437\u043d\u0430\u0447\u0438\u0442\u0438 IDO - \u0432\u0456\u0434\u043f\u043e\u0432\u0456\u0434\u0430\u043b\u044c\u043d\u043e\u0433\u043e \u0437\u0430 \u0437\u0430\u0445\u0438\u0441\u0442 \u0434\u0430\u043d\u0438\u0445. \u0422\u0430\u043a\u043e\u0436 \u043e\u043d\u043e\u0432\u043b\u044e\u044e\u0442\u044c\u0441\u044f \u043f\u043e\u043b\u043e\u0436\u0435\u043d\u043d\u044f \u043f\u0440\u043e \u043e\u0431\u0440\u043e\u0431\u043a\u0443 \u043f\u0435\u0440\u0441\u043e\u043d\u0430\u043b\u044c\u043d\u0438\u0445 \u0434\u0430\u043d\u0438\u0445. \u041a\u043e\u043d\u0442\u0440\u043e\u043b\u0435\u0440\u0438, \u044f\u043a\u0456 \u043d\u0435 \u0434\u043e\u0442\u0440\u0438\u043c\u0443\u044e\u0442\u044c\u0441\u044f \u043f\u0440\u0430\u0432\u0438\u043b, \u0440\u0438\u0437\u0438\u043a\u0443\u044e\u0442\u044c \u043e\u0442\u0440\u0438\u043c\u0430\u0442\u0438 \u0437\u043d\u0430\u0447\u043d\u0456 \u0444\u0456\u043d\u0430\u043d\u0441\u043e\u0432\u0456 \u0441\u0430\u043d\u043a\u0446\u0456\u0457.<\/p>\n<p>\u041d\u0430 \u0447\u043e\u043b\u0456 \u0437 \u043d\u0430\u0448\u0438\u043c <a href=\"https:\/\/szkolenia-udt.pl\/ua\/o-firmie\/\">\u0426\u0435\u043d\u0442\u0440 \u043f\u0456\u0434\u0433\u043e\u0442\u043e\u0432\u043a\u0438 \u043e\u043f\u0435\u0440\u0430\u0442\u043e\u0440\u0456\u0432<\/a> \u041a\u0443\u0440\u0441 RODO \u0432\u043a\u043b\u044e\u0447\u0430\u0454 \u043a\u043e\u043c\u043f\u043b\u0435\u043a\u0441\u043d\u0438\u0439 \u043d\u0430\u0431\u0456\u0440 \u0442\u0435\u043e\u0440\u0435\u0442\u0438\u0447\u043d\u043e\u0457 \u0456\u043d\u0444\u043e\u0440\u043c\u0430\u0446\u0456\u0457 \u0442\u0430 \u043f\u0440\u0430\u043a\u0442\u0438\u0447\u043d\u0438\u0445 \u0437\u0430\u043d\u044f\u0442\u044c \u0432\u0456\u0434\u043f\u043e\u0432\u0456\u0434\u043d\u043e \u0434\u043e \u043e\u0441\u0442\u0430\u043d\u043d\u0456\u0445 \u043d\u043e\u0440\u043c\u0430\u0442\u0438\u0432\u043d\u0438\u0445 \u0434\u043e\u043a\u0443\u043c\u0435\u043d\u0442\u0456\u0432 \u0404\u0421.<\/p>\n<p><strong>\u041f\u0456\u0434 \u0447\u0430\u0441 \u0442\u0440\u0435\u043d\u0456\u043d\u0433\u0443 \u0431\u0443\u043b\u0430 \u043f\u0440\u0435\u0434\u0441\u0442\u0430\u0432\u043b\u0435\u043d\u0430 \u0442\u0430\u043a\u0430 \u0456\u043d\u0444\u043e\u0440\u043c\u0430\u0446\u0456\u044f \u044f\u043a:<\/strong><\/p>\n<ul>\n<li>\u043f\u0440\u0430\u0432\u043e\u0432\u0456 \u043f\u0456\u0434\u0441\u0442\u0430\u0432\u0438 \u043e\u0431\u0440\u043e\u0431\u043a\u0438 \u043f\u0435\u0440\u0441\u043e\u043d\u0430\u043b\u044c\u043d\u0438\u0445 \u0434\u0430\u043d\u0438\u0445<\/li>\n<li>\u043e\u0441\u043d\u043e\u0432\u043d\u0456 \u0432\u0438\u0437\u043d\u0430\u0447\u0435\u043d\u043d\u044f \u0437\u0430\u0445\u0438\u0441\u0442\u0443 \u0434\u0430\u043d\u0438\u0445<\/li>\n<li>\u043e\u0440\u0433\u0430\u043d\u0456\u0437\u0430\u0446\u0456\u0439\u043d\u0430 \u0441\u0442\u0440\u0443\u043a\u0442\u0443\u0440\u0430 \u0437\u0430\u0445\u0438\u0441\u0442\u0443 \u043f\u0435\u0440\u0441\u043e\u043d\u0430\u043b\u044c\u043d\u0438\u0445 \u0434\u0430\u043d\u0438\u0445<\/li>\n<li>\u043f\u0440\u0438\u043d\u0446\u0438\u043f\u0438, \u0449\u043e \u0441\u0442\u043e\u0441\u0443\u044e\u0442\u044c\u0441\u044f \u043e\u0431\u0440\u043e\u0431\u043a\u0438 \u043f\u0435\u0440\u0441\u043e\u043d\u0430\u043b\u044c\u043d\u0438\u0445 \u0434\u0430\u043d\u0438\u0445<\/li>\n<li>\u0443\u043c\u043e\u0432\u0438 \u043d\u0430\u0434\u0430\u043d\u043d\u044f \u0437\u0433\u043e\u0434\u0438 \u043d\u0430 \u043e\u0431\u0440\u043e\u0431\u043a\u0443 \u043f\u0435\u0440\u0441\u043e\u043d\u0430\u043b\u044c\u043d\u0438\u0445 \u0434\u0430\u043d\u0438\u0445<\/li>\n<li>\u043e\u0431\u0440\u043e\u0431\u043a\u0430 \u0441\u043f\u0435\u0446\u0456\u0430\u043b\u044c\u043d\u0438\u0445 \u043a\u0430\u0442\u0435\u0433\u043e\u0440\u0456\u0439 \u043f\u0435\u0440\u0441\u043e\u043d\u0430\u043b\u044c\u043d\u0438\u0445 \u0434\u0430\u043d\u0438\u0445<\/li>\n<li>\u043f\u0440\u0430\u0432\u043e \u0441\u0443\u0431'\u0454\u043a\u0442\u0430 \u0434\u0430\u043d\u0438\u0445 \u043d\u0430 \u0434\u043e\u0441\u0442\u0443\u043f<\/li>\n<li>\u043a\u043e\u043d\u0442\u0440\u043e\u043b\u0435\u0440 \u0434\u0430\u043d\u0438\u0445 \u0442\u0430 \u0437\u0430\u0432\u0434\u0430\u043d\u043d\u044f \u043a\u043e\u043d\u0442\u0440\u043e\u043b\u0435\u0440\u0430<\/li>\n<li>\u043e\u0431\u0440\u043e\u0431\u043d\u0438\u043a \u043f\u0435\u0440\u0441\u043e\u043d\u0430\u043b\u044c\u043d\u0438\u0445 \u0434\u0430\u043d\u0438\u0445<\/li>\n<li>\u0441\u0442\u0430\u0442\u0443\u0441 \u0442\u0430 \u0437\u0430\u0432\u0434\u0430\u043d\u043d\u044f \u0432\u0456\u0434\u043f\u043e\u0432\u0456\u0434\u0430\u043b\u044c\u043d\u043e\u0433\u043e \u0437\u0430 \u0437\u0430\u0445\u0438\u0441\u0442 \u043f\u0435\u0440\u0441\u043e\u043d\u0430\u043b\u044c\u043d\u0438\u0445 \u0434\u0430\u043d\u0438\u0445<\/li>\n<li>\u043e\u0431\u043b\u0456\u043a \u0442\u0435\u0445\u043d\u043e\u043b\u043e\u0433\u0456\u0447\u043d\u0438\u0445 \u043e\u043f\u0435\u0440\u0430\u0446\u0456\u0439<\/li>\n<li>\u0437\u0430\u0433\u0430\u043b\u044c\u043d\u0456 \u0443\u043c\u043e\u0432\u0438 \u043d\u0430\u043a\u043b\u0430\u0434\u0435\u043d\u043d\u044f \u0430\u0434\u043c\u0456\u043d\u0456\u0441\u0442\u0440\u0430\u0442\u0438\u0432\u043d\u0438\u0445 \u0448\u0442\u0440\u0430\u0444\u0456\u0432<\/li>\n<\/ul>\n<p>\u0414\u043e \u0432\u0430\u0440\u0442\u043e\u0441\u0442\u0456 \u043d\u0430\u0432\u0447\u0430\u043b\u044c\u043d\u043e\u0433\u043e \u043a\u0443\u0440\u0441\u0443 \u0442\u0430\u043a\u043e\u0436 \u0432\u0445\u043e\u0434\u0438\u0442\u044c \u0445\u0430\u0440\u0447\u0443\u0432\u0430\u043d\u043d\u044f \u0442\u0430 \u043e\u0431\u0456\u0434\u043d\u044f \u043f\u0435\u0440\u0435\u0440\u0432\u0430.<\/p>\n<p><strong>\u0426\u0456\u043d\u0430<\/strong><\/p>\n<p>\u041d\u0430\u0448\u0435 \u043d\u0430\u0432\u0447\u0430\u043d\u043d\u044f \u0440\u043e\u0431\u043e\u0442\u0456 \u0437 \u0434\u0430\u043d\u0438\u043c\u0438 \u0434\u043e\u0441\u0442\u0443\u043f\u043d\u0435 \u0437\u0430 \u0434\u043e\u0441\u0442\u0443\u043f\u043d\u043e\u044e \u0446\u0456\u043d\u043e\u044e - \u0431\u0456\u043b\u044c\u0448 \u0434\u0435\u0442\u0430\u043b\u044c\u043d\u0430 \u0456\u043d\u0444\u043e\u0440\u043c\u0430\u0446\u0456\u044f \u0440\u043e\u0437\u043c\u0456\u0449\u0435\u043d\u0430 \u043d\u0430 \u0441\u0430\u0439\u0442\u0456 \u0442\u0430 \u043c\u043e\u0436\u0435 \u0431\u0443\u0442\u0438 \u043e\u0442\u0440\u0438\u043c\u0430\u043d\u0430 \u0443 \u043d\u0430\u0448\u0438\u0445 \u0441\u043f\u0435\u0446\u0456\u0430\u043b\u0456\u0441\u0442\u0456\u0432 \u0437\u0430 \u0442\u0435\u043b\u0435\u0444\u043e\u043d\u043e\u043c \u0442\u0430 \u0435\u043b\u0435\u043a\u0442\u0440\u043e\u043d\u043d\u043e\u044e \u043f\u043e\u0448\u0442\u043e\u044e<\/p>\n<p><strong>\u0414\u0435 \u043c\u0438 \u043f\u0440\u0430\u0446\u044e\u0454\u043c\u043e?<\/strong><\/p>\n<p>\u0417\u0430\u043d\u044f\u0442\u0442\u044f \u043f\u0440\u043e\u0432\u043e\u0434\u044f\u0442\u044c\u0441\u044f \u0443 \u043d\u0430\u0448\u043e\u043c\u0443 \u0446\u0435\u043d\u0442\u0440\u0456 \u0443 \u043c. \u0412\u0430\u0440\u0448\u0430\u0432\u0430.<\/p>\n<p>\u042f\u043a\u0449\u043e \u0443 \u0412\u0430\u0441 \u0432\u0438\u043d\u0438\u043a\u043d\u0443\u0442\u044c \u0434\u043e\u0434\u0430\u0442\u043a\u043e\u0432\u0456 \u0437\u0430\u043f\u0438\u0442\u0430\u043d\u043d\u044f \u0449\u043e\u0434\u043e <a href=\"https:\/\/szkolenia-udt.pl\/ua\/oferta\/\">\u043d\u0430\u0448\u0430 \u043f\u0440\u043e\u043f\u043e\u0437\u0438\u0446\u0456\u044f<\/a> \u043c\u0438 \u0437\u0430\u043b\u0438\u0448\u0430\u0454\u043c\u043e\u0441\u044f \u0443 \u0432\u0430\u0448\u043e\u043c\u0443 \u0440\u043e\u0437\u043f\u043e\u0440\u044f\u0434\u0436\u0435\u043d\u043d\u0456.<\/p>\n<p>\u0417\u0430\u043f\u0440\u043e\u0448\u0443\u0454\u043c\u043e \u0432\u0441\u0456\u0445, \u0445\u0442\u043e \u0445\u043e\u0447\u0435 \u0434\u0456\u0437\u043d\u0430\u0442\u0438\u0441\u044f, \u044f\u043a \u043d\u0430 \u043f\u0440\u0430\u043a\u0442\u0438\u0446\u0456 \u0432\u0438\u0433\u043b\u044f\u0434\u0430\u0442\u0438\u043c\u0435 \u0437\u0430\u0445\u0438\u0441\u0442 \u043f\u0435\u0440\u0441\u043e\u043d\u0430\u043b\u044c\u043d\u0438\u0445 \u0434\u0430\u043d\u0438\u0445 \u0437\u0433\u0456\u0434\u043d\u043e \u0437 \u043e\u0441\u0442\u0430\u043d\u043d\u0456\u043c\u0438 \u0437\u043c\u0456\u043d\u0430\u043c\u0438 \u0432 \u0437\u0430\u043a\u043e\u043d\u043e\u0434\u0430\u0432\u0441\u0442\u0432\u0456 \u0404\u0421!<\/p>","protected":false},"excerpt":{"rendered":"<p>25 maja 2018 roku wchodzi w \u017cycie RODO, czyli nowe unijne rozporz\u0105dzenie dotycz\u0105ce ochrony danych osobowych. W zwi\u0105zku z tym w interesie ka\u017cdego administratora danych jest wys\u0142anie pracownika odpowiedzialnego za kwestie ochrony danych na szkolenie RODO. Zgodnie z najnowszymi przepisami administratorzy danych b\u0119d\u0105 mieli tylko 72 godziny na zg\u0142oszenie faktu naruszenia danych osobowych. W szeregu [&hellip;]<\/p>\n","protected":false},"author":3,"featured_media":0,"parent":22,"menu_order":0,"comment_status":"closed","ping_status":"closed","template":"","meta":{"footnotes":""},"class_list":["post-2102","page","type-page","status-publish","hentry"],"aioseo_notices":[],"_links":{"self":[{"href":"https:\/\/szkolenia-udt.pl\/ua\/wp-json\/wp\/v2\/pages\/2102","targetHints":{"allow":["GET"]}}],"collection":[{"href":"https:\/\/szkolenia-udt.pl\/ua\/wp-json\/wp\/v2\/pages"}],"about":[{"href":"https:\/\/szkolenia-udt.pl\/ua\/wp-json\/wp\/v2\/types\/page"}],"author":[{"embeddable":true,"href":"https:\/\/szkolenia-udt.pl\/ua\/wp-json\/wp\/v2\/users\/3"}],"replies":[{"embeddable":true,"href":"https:\/\/szkolenia-udt.pl\/ua\/wp-json\/wp\/v2\/comments?post=2102"}],"version-history":[{"count":2,"href":"https:\/\/szkolenia-udt.pl\/ua\/wp-json\/wp\/v2\/pages\/2102\/revisions"}],"predecessor-version":[{"id":2105,"href":"https:\/\/szkolenia-udt.pl\/ua\/wp-json\/wp\/v2\/pages\/2102\/revisions\/2105"}],"up":[{"embeddable":true,"href":"https:\/\/szkolenia-udt.pl\/ua\/wp-json\/wp\/v2\/pages\/22"}],"wp:attachment":[{"href":"https:\/\/szkolenia-udt.pl\/ua\/wp-json\/wp\/v2\/media?parent=2102"}],"curies":[{"name":"wp","href":"https:\/\/api.w.org\/{rel}","templated":true}]}}