{"id":233,"date":"2014-10-08T17:05:28","date_gmt":"2014-10-08T17:05:28","guid":{"rendered":"http:\/\/szkolenia-udt.pl\/?page_id=233"},"modified":"2021-08-31T22:12:49","modified_gmt":"2021-08-31T22:12:49","slug":"%d0%bc%d0%b0%d0%bd%d1%96%d0%bf%d1%83%d0%bb%d1%8f%d1%82%d0%b8%d0%b2%d0%bd%d0%b8%d0%b9","status":"publish","type":"page","link":"https:\/\/szkolenia-udt.pl\/ua\/kursy\/wozki-widlowe\/manipulacja-ladunkiem\/","title":{"rendered":"\u041c\u0430\u043d\u0456\u043f\u0443\u043b\u044f\u0446\u0456\u0457 \u0437 \u043d\u0430\u0432\u0430\u043d\u0442\u0430\u0436\u0435\u043d\u043d\u044f\u043c"},"content":{"rendered":"<div style=\"float: left; padding-right: 10px;\"><div id=\"metaslider-id-584\" style=\"max-width: 300px;\" class=\"ml-slider-3-107-0 metaslider metaslider-flex metaslider-584 ml-slider ms-theme-default nav-hidden\" role=\"region\" aria-label=\"\u041a\u043e\u043d\u0441\u0442\u0440\u0443\u043a\u0446\u0456\u044f \u0432\u0456\u0437\u043a\u0430\" data-height=\"225\" data-width=\"300\">\n    <div id=\"metaslider_container_584\">\n        <div id=\"metaslider_584\">\n            <ul class='slides'>\n                <li style=\"display: block; width: 100%;\" class=\"slide-586 ms-image\" aria-roledescription=\"slide\" data-date=\"2014-10-12 05:43:37\" data-filename=\"Kurs-na-w\u00f3zki-wid\u0142owe.jpg\" data-slide-type=\"image\"><img loading=\"lazy\" decoding=\"async\" src=\"https:\/\/szkolenia-udt.pl\/wp-content\/uploads\/2014\/10\/Kurs-na-w\u00f3zki-wid\u0142owe.jpg\" height=\"225\" width=\"300\" alt=\"\u041a\u0443\u0440\u0441 \u043d\u0430\u0432\u0430\u043d\u0442\u0430\u0436\u0443\u0432\u0430\u0447\u0430\" class=\"slider-584 slide-586 msDefaultImage\" \/><\/li>\n                <li style=\"display: none; width: 100%;\" class=\"slide-591 ms-image\" aria-roledescription=\"slide\" data-date=\"2014-10-12 05:43:41\" data-filename=\"Kursy-W\u00f3zki-wid\u0142owe.jpg\" data-slide-type=\"image\"><img loading=\"lazy\" decoding=\"async\" src=\"https:\/\/szkolenia-udt.pl\/wp-content\/uploads\/2014\/10\/Kursy-W\u00f3zki-wid\u0142owe.jpg\" height=\"225\" width=\"300\" alt=\"\u041a\u0443\u0440\u0441 \u043e\u043f\u0435\u0440\u0430\u0442\u043e\u0440\u0430 \u043d\u0430\u0432\u0430\u043d\u0442\u0430\u0436\u0443\u0432\u0430\u0447\u0430\" class=\"slider-584 slide-591 msDefaultImage\" \/><\/li>\n                <li style=\"display: none; width: 100%;\" class=\"slide-596 ms-image\" aria-roledescription=\"slide\" data-date=\"2014-10-12 05:43:44\" data-filename=\"Szkolenie-W\u00f3zki-wid\u0142owe1.jpg\" data-slide-type=\"image\"><img loading=\"lazy\" decoding=\"async\" src=\"https:\/\/szkolenia-udt.pl\/wp-content\/uploads\/2014\/10\/Szkolenie-W\u00f3zki-wid\u0142owe1.jpg\" height=\"225\" width=\"300\" alt=\"\" class=\"slider-584 slide-596 msDefaultImage\" \/><\/li>\n                <li style=\"display: none; width: 100%;\" class=\"slide-685 ms-image\" aria-roledescription=\"slide\" data-date=\"2014-10-12 11:03:23\" data-filename=\"Kursy-urz\u0105dzenia-manipulacji-kontenerami.jpg\" data-slide-type=\"image\"><img loading=\"lazy\" decoding=\"async\" src=\"https:\/\/szkolenia-udt.pl\/wp-content\/uploads\/2014\/10\/Kursy-urz\u0105dzenia-manipulacji-kontenerami.jpg\" height=\"225\" width=\"300\" alt=\"\u0426\u0435\u043d\u0442\u0440 \u043f\u0456\u0434\u0433\u043e\u0442\u043e\u0432\u043a\u0438 \u043e\u043f\u0435\u0440\u0430\u0442\u043e\u0440\u0456\u0432 \u0443 \u0412\u0430\u0440\u0448\u0430\u0432\u0456\" class=\"slider-584 slide-685 msDefaultImage\" \/><\/li>\n                <li style=\"display: none; width: 100%;\" class=\"slide-679 ms-image\" aria-roledescription=\"slide\" data-date=\"2014-10-12 10:48:10\" data-filename=\"OSO-Warszawa2.jpg\" data-slide-type=\"image\"><img loading=\"lazy\" decoding=\"async\" src=\"https:\/\/szkolenia-udt.pl\/wp-content\/uploads\/2014\/10\/OSO-Warszawa2.jpg\" height=\"225\" width=\"300\" alt=\"\" class=\"slider-584 slide-679 msDefaultImage\" \/><\/li>\n            <\/ul>\n        <\/div>\n        \n    <\/div>\n<\/div><\/div>\n<div class=\"wyjustuj\">\n<p><a href=\"https:\/\/szkolenia-udt.pl\/ua\/kursy\/wozki-widlowe\/budowa-wozka-jezdniowego\/\">\u0410\u0432\u0442\u043e\u043d\u0430\u0432\u0430\u043d\u0442\u0430\u0436\u0443\u0432\u0430\u0447\u0456<\/a> \u043f\u0440\u0438\u0437\u043d\u0430\u0447\u0435\u043d\u0456 \u0434\u043b\u044f \u0448\u0432\u0438\u0434\u043a\u043e\u0433\u043e \u043f\u0435\u0440\u0435\u043c\u0456\u0449\u0435\u043d\u043d\u044f \u0432\u0430\u043d\u0442\u0430\u0436\u0456\u0432. \u0417\u0430\u0432\u0434\u0430\u043d\u043d\u044f \u043e\u043f\u0435\u0440\u0430\u0442\u043e\u0440\u0430 \u043d\u0430\u0432\u0430\u043d\u0442\u0430\u0436\u0443\u0432\u0430\u0447\u0430 - \u043f\u0440\u0430\u0432\u0438\u043b\u044c\u043d\u043e \u0437\u0430\u0432\u0430\u043d\u0442\u0430\u0436\u0438\u0442\u0438, \u0442\u0440\u0430\u043d\u0441\u043f\u043e\u0440\u0442\u0443\u0432\u0430\u0442\u0438 \u043f\u0430\u043b\u0435\u0442\u0443 \u0430\u0431\u043e \u0456\u043d\u0448\u0438\u0439 \u0442\u0438\u043f \u043e\u0431'\u0454\u043a\u0442\u0430 \u043d\u0430 \u043c\u0456\u0441\u0446\u0435 \u0456 \u0440\u043e\u0437\u0432\u0430\u043d\u0442\u0430\u0436\u0438\u0442\u0438 \u0439\u043e\u0433\u043e. \u041d\u0430\u0448\u0456 <a href=\"https:\/\/szkolenia-udt.pl\/ua\/kursy\/uprawnienia-udt-tdt-wdt\/wozki-widlowe\/\">\u043a\u0443\u0440\u0441 \u043d\u0430\u0432\u0430\u043d\u0442\u0430\u0436\u0443\u0432\u0430\u0447\u0430<\/a> \u0432\u0447\u0438\u0442\u044c, \u044f\u043a \u0441\u0430\u043c\u0435 \u043f\u0440\u0430\u0432\u0438\u043b\u044c\u043d\u043e \u043f\u043e\u0432\u043e\u0434\u0438\u0442\u0438\u0441\u044f \u0437 \u0432\u0430\u043d\u0442\u0430\u0436\u0435\u043c. \u041f\u0456\u0434 \u0447\u0430\u0441 \u0440\u043e\u0431\u043e\u0442\u0438 <a href=\"https:\/\/szkolenia-udt.pl\/ua\/kursy\/uprawnienia-udt-tdt-wdt\/wozki-widlowe-oso\/\">\u043e\u043f\u0435\u0440\u0430\u0442\u043e\u0440 \u043d\u0430\u0432\u0430\u043d\u0442\u0430\u0436\u0443\u0432\u0430\u0447\u0430<\/a> \u043c\u043e\u0436\u0435 \u0432\u0438\u043a\u043e\u043d\u0443\u0432\u0430\u0442\u0438 \u0442\u0440\u0438 \u043e\u0441\u043d\u043e\u0432\u043d\u0456 \u0440\u0443\u0445\u0438 \u043f\u0440\u0438 \u0440\u043e\u0431\u043e\u0442\u0456 \u0437 \u0432\u0430\u043d\u0442\u0430\u0436\u0430\u043c\u0438 - \u043f\u0456\u0434\u0439\u043e\u043c \u0456 \u043e\u043f\u0443\u0441\u043a\u0430\u043d\u043d\u044f \u0432\u0438\u043b, \u043d\u0430\u0445\u0438\u043b \u0449\u043e\u0433\u043b\u0438 \u043d\u0430\u0432\u0430\u043d\u0442\u0430\u0436\u0443\u0432\u0430\u0447\u0430 \u0437 \u0431\u043e\u043a\u0443 \u0432 \u0431\u0456\u043a \u0456 \u043f\u0435\u0440\u0435\u043c\u0456\u0449\u0435\u043d\u043d\u044f \u043a\u0430\u0440\u0435\u0442\u043a\u0438 \u0437 \u0432\u0438\u043b\u0430\u043c\u0438 \u0432 \u0431\u0456\u043a. \u0417\u0430\u043b\u0435\u0436\u043d\u043e \u0432\u0456\u0434 \u043c\u043e\u0434\u0435\u043b\u0456 \u043c\u0430\u0448\u0438\u043d\u0438, \u0457\u0457 \u0440\u0443\u0445\u0438 \u043c\u043e\u0436\u0443\u0442\u044c \u0431\u0443\u0442\u0438 \u0439 \u0456\u043d\u0448\u0438\u043c\u0438, \u043d\u0430\u043f\u0440\u0438\u043a\u043b\u0430\u0434, \u0434\u043e\u0437\u0432\u043e\u043b\u044f\u0442\u0438 \u0437\u043c\u0456\u043d\u044e\u0432\u0430\u0442\u0438 \u043f\u043e\u043b\u043e\u0436\u0435\u043d\u043d\u044f \u0432\u0438\u043b, \u043f\u043e\u0437\u0438\u0446\u0456\u043e\u043d\u0443\u044e\u0447\u0438 \u0457\u0445, \u0442\u043e\u0431\u0442\u043e \u0440\u0435\u0433\u0443\u043b\u044e\u044e\u0447\u0438 \u0432\u0456\u0434\u0441\u0442\u0430\u043d\u044c \u043c\u0456\u0436 \u043d\u0438\u043c\u0438.<\/p>\n<p>\u0412\u0438\u0431\u0440\u0430\u0432\u0448\u0438 \u043a\u0443\u0440\u0441 \u043e\u043f\u0435\u0440\u0430\u0442\u043e\u0440\u0430 \u043d\u0430\u0432\u0430\u043d\u0442\u0430\u0436\u0443\u0432\u0430\u0447\u0430, \u0432\u0438 \u043e\u0442\u0440\u0438\u043c\u0430\u0454\u0442\u0435 \u0432 \u043d\u0430\u0448\u043e\u043c\u0443 \u0426\u0435\u043d\u0442\u0440\u0456 \u0432\u0441\u044e \u043a\u043b\u044e\u0447\u043e\u0432\u0443 \u0456\u043d\u0444\u043e\u0440\u043c\u0430\u0446\u0456\u044e \u043f\u0440\u043e \u043a\u0435\u0440\u0443\u0432\u0430\u043d\u043d\u044f \u0442\u0430 \u043e\u0431\u0440\u043e\u0431\u043a\u0443 \u0432\u0430\u043d\u0442\u0430\u0436\u0456\u0432. \u0426\u0435 \u043d\u0435\u043e\u0431\u0445\u0456\u0434\u043d\u0456 \u0437\u043d\u0430\u043d\u043d\u044f \u0442\u0430 \u043f\u0440\u0430\u043a\u0442\u0438\u043a\u0430 \u0434\u043b\u044f \u0441\u043a\u043b\u0430\u0434\u0430\u043d\u043d\u044f \u0456\u0441\u043f\u0438\u0442\u0443, \u0443\u0441\u043f\u0456\u0448\u043d\u0435 \u0437\u0430\u0432\u0435\u0440\u0448\u0435\u043d\u043d\u044f \u044f\u043a\u043e\u0433\u043e \u0434\u0430\u0454 \u0432\u0430\u043c <a href=\"https:\/\/szkolenia-udt.pl\/ua\/kursy\/wozki-widlowe\/\">\u043b\u0456\u0446\u0435\u043d\u0437\u0456\u044f \u043d\u0430 \u043d\u0430\u0432\u0430\u043d\u0442\u0430\u0436\u0443\u0432\u0430\u0447<\/a>. \u0422\u0430\u043a\u043e\u0436 \u043f\u0440\u043e\u0432\u043e\u0434\u044f\u0442\u044c\u0441\u044f \u0432\u043f\u0440\u0430\u0432\u0438 \u043f\u0456\u0434 \u0447\u0430\u0441 \u043e\u0433\u043b\u044f\u0434\u0443, \u044f\u043a\u0456 \u043f\u0435\u0440\u0435\u0434\u0431\u0430\u0447\u0430\u044e\u0442\u044c \u0437\u0430\u0432\u0430\u043d\u0442\u0430\u0436\u0435\u043d\u043d\u044f, \u0442\u0440\u0430\u043d\u0441\u043f\u043e\u0440\u0442\u0443\u0432\u0430\u043d\u043d\u044f \u043e\u0431'\u0454\u043a\u0442\u0443 \u0442\u0430 \u0440\u043e\u0437\u0432\u0430\u043d\u0442\u0430\u0436\u0435\u043d\u043d\u044f.<\/p>\n<p>\u041f\u0435\u0440\u0435\u0434 \u043f\u043e\u0447\u0430\u0442\u043a\u043e\u043c \u0440\u043e\u0431\u043e\u0442\u0438 \u0437 \u0432\u0430\u043d\u0442\u0430\u0436\u0435\u043c \u043e\u043f\u0435\u0440\u0430\u0442\u043e\u0440 \u043f\u043e\u0432\u0438\u043d\u0435\u043d \u0437\u0430\u0432\u0436\u0434\u0438 \u043f\u0435\u0440\u0435\u0432\u0456\u0440\u044f\u0442\u0438 \u0439\u043e\u0433\u043e \u0432\u0430\u0433\u0443 \u0456 \u043f\u043e\u0440\u0456\u0432\u043d\u044e\u0432\u0430\u0442\u0438 \u0457\u0457 \u0437 \u043c\u0430\u043a\u0441\u0438\u043c\u0430\u043b\u044c\u043d\u043e\u044e \u043d\u043e\u043c\u0456\u043d\u0430\u043b\u044c\u043d\u043e\u044e \u0432\u0430\u043d\u0442\u0430\u0436\u043e\u043f\u0456\u0434\u0439\u043e\u043c\u043d\u0456\u0441\u0442\u044e. \u0412\u0430\u043d\u0442\u0430\u0436, \u0440\u043e\u0437\u043c\u0456\u0449\u0435\u043d\u0438\u0439 \u043d\u0430 \u0432\u0456\u0437\u043a\u0443, \u043f\u043e\u0432\u0438\u043d\u0435\u043d \u0431\u0443\u0442\u0438 \u0441\u0442\u0456\u0439\u043a\u0438\u043c \u0456 \u043d\u0430\u0434\u0456\u0439\u043d\u043e \u0437\u0430\u043a\u0440\u0456\u043f\u043b\u0435\u043d\u0438\u043c. \u0417 \u043e\u0441\u043e\u0431\u043b\u0438\u0432\u043e\u044e \u043e\u0431\u0435\u0440\u0435\u0436\u043d\u0456\u0441\u0442\u044e \u0441\u043b\u0456\u0434 \u043f\u043e\u0432\u043e\u0434\u0438\u0442\u0438\u0441\u044f \u0437 \u0432\u0430\u043d\u0442\u0430\u0436\u0430\u043c\u0438 \u043d\u0435\u0441\u0442\u0430\u043d\u0434\u0430\u0440\u0442\u043d\u0438\u0445 \u0433\u0430\u0431\u0430\u0440\u0438\u0442\u0456\u0432.<\/p>\n<p>\u041a\u0443\u0440\u0441 \u043d\u0430\u0432\u0430\u043d\u0442\u0430\u0436\u0443\u0432\u0430\u0447\u0430 OSO \u043d\u0430\u0434\u0430\u0454 \u0442\u0435\u043e\u0440\u0435\u0442\u0438\u0447\u043d\u0443 \u0456\u043d\u0444\u043e\u0440\u043c\u0430\u0446\u0456\u044e \u0456 \u0432\u0447\u0438\u0442\u044c \u043f\u0440\u0430\u0432\u0438\u043b\u044c\u043d\u043e \u0435\u043a\u0441\u043f\u043b\u0443\u0430\u0442\u0443\u0432\u0430\u0442\u0438 \u043d\u0430\u0432\u0430\u043d\u0442\u0430\u0436\u0443\u0432\u0430\u0447\u0456 \u043d\u0430 \u043f\u0440\u0430\u043a\u0442\u0438\u0446\u0456. \u041e\u0442\u0440\u0438\u043c\u0430\u043d\u0456 \u0437\u043d\u0430\u043d\u043d\u044f \u0442\u0430 \u043d\u0430\u0432\u0438\u0447\u043a\u0438 \u0441\u0442\u0430\u043d\u0443\u0442\u044c \u0443 \u043d\u0430\u0433\u043e\u0434\u0456 \u043f\u0440\u0438 \u0441\u043a\u043b\u0430\u0434\u0430\u043d\u043d\u0456 \u0456\u0441\u043f\u0438\u0442\u0443 \u0437 \u0404\u0414\u0406.<\/p>\n<p><strong>\u041f\u0440\u043e\u0446\u0435\u0434\u0443\u0440\u0438 \u043f\u0440\u0438 \u043e\u0431\u0440\u043e\u0431\u0446\u0456 \u0432\u0430\u043d\u0442\u0430\u0436\u0443:<\/strong><\/p>\n<ol>\n<li>\u0423 \u0442\u0440\u0430\u043d\u0441\u043f\u043e\u0440\u0442\u043d\u043e\u043c\u0443 \u043f\u043e\u043b\u043e\u0436\u0435\u043d\u043d\u0456 \u043f\u0456\u0434'\u0457\u0445\u0430\u0442\u0438 \u043f\u0435\u0440\u0435\u0434\u043d\u044c\u043e\u044e \u0447\u0430\u0441\u0442\u0438\u043d\u043e\u044e \u043d\u0430\u0432\u0430\u043d\u0442\u0430\u0436\u0443\u0432\u0430\u0447\u0430 \u0434\u043e \u0432\u0430\u043d\u0442\u0430\u0436\u0443 - \u0432\u0438\u0441\u043e\u0442\u0430 \u0432\u0438\u043b \u043f\u043e\u0432\u0438\u043d\u043d\u0430 \u0431\u0443\u0442\u0438 \u0432\u0456\u0434 100 \u0434\u043e 300 \u043c\u0456\u043b\u0456\u043c\u0435\u0442\u0440\u0456\u0432 \u043d\u0430\u0434 \u043f\u043e\u0432\u0435\u0440\u0445\u043d\u0435\u044e \u043f\u0456\u0434\u043b\u043e\u0433\u0438<\/li>\n<li>\u0417\u0443\u043f\u0438\u043d\u043a\u0430 \u0432\u0456\u0437\u043a\u0430 \u043f\u0435\u0440\u0435\u0434 \u0432\u0430\u043d\u0442\u0430\u0436\u0435\u043c \u0456 \u0443\u0441\u0442\u0430\u043d\u043e\u0432\u043a\u0430 \u0449\u043e\u0433\u043b\u0438 \u0432 \u043f\u0440\u0430\u0432\u0438\u043b\u044c\u043d\u0435 \u0432\u0435\u0440\u0442\u0438\u043a\u0430\u043b\u044c\u043d\u0435 \u043f\u043e\u043b\u043e\u0436\u0435\u043d\u043d\u044f<\/li>\n<li>\u0420\u0435\u0433\u0443\u043b\u044e\u0432\u0430\u043d\u043d\u044f \u0432\u0456\u0434\u0441\u0442\u0430\u043d\u0456 \u043c\u0456\u0436 \u0432\u0438\u043b\u0430\u043c\u0438 \u0456 \u0432\u0438\u0441\u043e\u0442\u0438 \u0432\u0456\u0434\u043f\u043e\u0432\u0456\u0434\u043d\u043e \u0434\u043e \u0448\u0438\u0440\u0438\u043d\u0438 \u0432\u0430\u043d\u0442\u0430\u0436\u0443<\/li>\n<li>\u0417\u0430\u0432\u0435\u0441\u0442\u0438 \u043d\u0430\u0432\u0430\u043d\u0442\u0430\u0436\u0443\u0432\u0430\u0447 \u0456 \u043f\u043e\u0432\u0456\u043b\u044c\u043d\u043e \u043e\u043f\u0443\u0441\u0442\u0438\u0442\u0438 \u0432\u0438\u043b\u0430 \u043f\u0456\u0434 \u0432\u0430\u043d\u0442\u0430\u0436<\/li>\n<li>\u041f\u0456\u0434\u0439\u043e\u043c \u0432\u0438\u043b \u0437 \u0432\u0430\u043d\u0442\u0430\u0436\u0435\u043c \u043d\u0430 \u043f\u043e\u0442\u0440\u0456\u0431\u043d\u0443 \u0432\u0438\u0441\u043e\u0442\u0443<\/li>\n<li>\u041d\u0430\u0445\u0438\u043b \u0449\u043e\u0433\u043b\u0438 \u043d\u0430\u0437\u0430\u0434<\/li>\n<li>\u041f\u0440\u0438\u0431\u0443\u0442\u0442\u044f \u0434\u043e \u043c\u0456\u0441\u0446\u044f \u0432\u0438\u0432\u0430\u043d\u0442\u0430\u0436\u0435\u043d\u043d\u044f<\/li>\n<li>\u0420\u0438\u0445\u0442\u0443\u0432\u0430\u043d\u043d\u044f \u0449\u043e\u0433\u043b\u0438 \u0432\u0456\u0437\u043a\u0430<\/li>\n<li>\u041f\u043e\u0432\u0456\u043b\u044c\u043d\u0435 \u043e\u043f\u0443\u0441\u043a\u0430\u043d\u043d\u044f \u0432\u0438\u043b \u043f\u0440\u0438 \u0440\u043e\u0437\u0432\u0430\u043d\u0442\u0430\u0436\u0435\u043d\u043d\u0456<\/li>\n<li>\u041d\u0430\u0445\u0438\u043b \u0449\u043e\u0433\u043b\u0438 \u0432\u0456\u0437\u043a\u0430 \u0432\u043f\u0435\u0440\u0435\u0434<\/li>\n<li>\u0412\u0441\u0442\u0430\u043d\u043e\u0432\u043b\u0435\u043d\u043d\u044f \u0432\u0430\u043d\u0442\u0430\u0436\u0443 \u043d\u0430 \u043c\u0456\u0441\u0446\u0435<\/li>\n<\/ol>\n<p>\u041f\u0440\u0438 \u0440\u043e\u0431\u043e\u0442\u0456 \u0437 \u0432\u0430\u043d\u0442\u0430\u0436\u0430\u043c\u0438 \u043e\u043f\u0435\u0440\u0430\u0442\u043e\u0440 \u043f\u043e\u0432\u0438\u043d\u0435\u043d \u043f\u0430\u043c'\u044f\u0442\u0430\u0442\u0438 \u043f\u0440\u043e \u043e\u0441\u043e\u0431\u043b\u0438\u0432\u0443 \u043e\u0431\u0435\u0440\u0435\u0436\u043d\u0456\u0441\u0442\u044c. \u041d\u0430\u0432\u0430\u043d\u0442\u0430\u0436\u0443\u0432\u0430\u0447 \u043d\u0435 \u043c\u043e\u0436\u043d\u0430 \u043f\u0435\u0440\u0435\u043c\u0456\u0449\u0430\u0442\u0438 \u0437\u0430\u043d\u0430\u0434\u0442\u043e \u0448\u0432\u0438\u0434\u043a\u043e, \u043e\u0441\u043e\u0431\u043b\u0438\u0432\u043e \u0437 \u0432\u0430\u0436\u043a\u0438\u043c \u0432\u0430\u043d\u0442\u0430\u0436\u0435\u043c, \u0449\u043e \u043c\u043e\u0436\u0435 \u043f\u0440\u0438\u0437\u0432\u0435\u0441\u0442\u0438 \u0434\u043e \u0440\u0438\u0437\u0438\u043a\u0443 \u043f\u0435\u0440\u0435\u043a\u0438\u0434\u0430\u043d\u043d\u044f. \u0417\u0430\u043f\u0438\u0441\u0430\u0432\u0448\u0438\u0441\u044c \u043d\u0430 \u043d\u0430\u0448\u0456 \u043a\u0443\u0440\u0441\u0438 \u043d\u0430\u0432\u0430\u043d\u0442\u0430\u0436\u0443\u0432\u0430\u0447\u0456\u0432, \u0432\u0438 \u043e\u0442\u0440\u0438\u043c\u0430\u0454\u0442\u0435 \u0432\u0441\u044e \u043d\u0430\u0439\u0432\u0430\u0436\u043b\u0438\u0432\u0456\u0448\u0443 \u0456\u043d\u0444\u043e\u0440\u043c\u0430\u0446\u0456\u044e \u043f\u0440\u043e \u043f\u0440\u0430\u0432\u0438\u043b\u044c\u043d\u0435 \u043f\u0440\u043e\u0432\u0435\u0434\u0435\u043d\u043d\u044f \u0432\u0430\u043d\u0442\u0430\u0436\u043d\u043e-\u0440\u043e\u0437\u0432\u0430\u043d\u0442\u0430\u0436\u0443\u0432\u0430\u043b\u044c\u043d\u0438\u0445 \u0440\u043e\u0431\u0456\u0442, \u0449\u043e\u0431 \u0432\u0430\u0448\u0430 \u0440\u043e\u0431\u043e\u0442\u0430 \u0431\u0443\u043b\u0430 \u043f\u043e\u0432'\u044f\u0437\u0430\u043d\u0430 \u0437 \u043c\u0456\u043d\u0456\u043c\u0430\u043b\u044c\u043d\u043e \u043c\u043e\u0436\u043b\u0438\u0432\u0438\u043c \u0440\u0438\u0437\u0438\u043a\u043e\u043c.<\/p>\n<\/div>","protected":false},"excerpt":{"rendered":"<p>W\u00f3zki jezdniowe s\u0105 przeznaczone do szybkiego przemieszczania \u0142adunk\u00f3w. Zadaniem operatora w\u00f3zka jest poprawny za\u0142adunek, przewiezienie palety lub innego rodzaju obiektu na miejsce oraz jego roz\u0142adowanie. Nasz kurs na w\u00f3zki wid\u0142owe dok\u0142adnie uczy, jak poprawnie manipulowa\u0107 \u0142adunkiem.Podczas pracy operator w\u00f3zka wid\u0142owego mo\u017ce wykona\u0107 trzy g\u0142\u00f3wne ruchy przy manipulacji \u0142adunkami \u2013 podnoszenie i opuszczanie wide\u0142, przechylanie masztu [&hellip;]<\/p>\n","protected":false},"author":3,"featured_media":586,"parent":33,"menu_order":0,"comment_status":"closed","ping_status":"closed","template":"","meta":{"footnotes":""},"class_list":["post-233","page","type-page","status-publish","has-post-thumbnail","hentry"],"aioseo_notices":[],"_links":{"self":[{"href":"https:\/\/szkolenia-udt.pl\/ua\/wp-json\/wp\/v2\/pages\/233","targetHints":{"allow":["GET"]}}],"collection":[{"href":"https:\/\/szkolenia-udt.pl\/ua\/wp-json\/wp\/v2\/pages"}],"about":[{"href":"https:\/\/szkolenia-udt.pl\/ua\/wp-json\/wp\/v2\/types\/page"}],"author":[{"embeddable":true,"href":"https:\/\/szkolenia-udt.pl\/ua\/wp-json\/wp\/v2\/users\/3"}],"replies":[{"embeddable":true,"href":"https:\/\/szkolenia-udt.pl\/ua\/wp-json\/wp\/v2\/comments?post=233"}],"version-history":[{"count":7,"href":"https:\/\/szkolenia-udt.pl\/ua\/wp-json\/wp\/v2\/pages\/233\/revisions"}],"predecessor-version":[{"id":2249,"href":"https:\/\/szkolenia-udt.pl\/ua\/wp-json\/wp\/v2\/pages\/233\/revisions\/2249"}],"up":[{"embeddable":true,"href":"https:\/\/szkolenia-udt.pl\/ua\/wp-json\/wp\/v2\/pages\/33"}],"wp:featuredmedia":[{"embeddable":true,"href":"https:\/\/szkolenia-udt.pl\/ua\/wp-json\/wp\/v2\/media\/586"}],"wp:attachment":[{"href":"https:\/\/szkolenia-udt.pl\/ua\/wp-json\/wp\/v2\/media?parent=233"}],"curies":[{"name":"wp","href":"https:\/\/api.w.org\/{rel}","templated":true}]}}