{"id":235,"date":"2014-10-08T17:06:42","date_gmt":"2014-10-08T17:06:42","guid":{"rendered":"http:\/\/szkolenia-udt.pl\/?page_id=235"},"modified":"2021-08-31T22:10:01","modified_gmt":"2021-08-31T22:10:01","slug":"%d0%b7%d0%b0%d0%b1%d0%be%d1%80%d0%be%d0%bd%d0%b5%d0%bd%d1%96-%d0%b4%d1%96%d1%97-%d0%bf%d1%96%d0%b4-%d1%87%d0%b0%d1%81-%d0%ba%d0%b5%d1%80%d1%83%d0%b2%d0%b0%d0%bd%d0%bd%d1%8f-%d0%bd%d0%b0%d0%b2%d0%b0","status":"publish","type":"page","link":"https:\/\/szkolenia-udt.pl\/ua\/kursy\/wozki-widlowe\/czynnosci-zabronione-przy-obsludze-wozka-widlowego\/","title":{"rendered":"\u0417\u0430\u0431\u043e\u0440\u043e\u043d\u0435\u043d\u0456 \u0434\u0456\u0457 \u043f\u0456\u0434 \u0447\u0430\u0441 \u043a\u0435\u0440\u0443\u0432\u0430\u043d\u043d\u044f \u043d\u0430\u0432\u0430\u043d\u0442\u0430\u0436\u0443\u0432\u0430\u0447\u0435\u043c"},"content":{"rendered":"<div style=\"float: left; padding-right: 10px;\"><div id=\"metaslider-id-605\" style=\"max-width: 300px;\" class=\"ml-slider-3-107-0 metaslider metaslider-flex metaslider-605 ml-slider ms-theme-default nav-hidden\" role=\"region\" aria-label=\"\u0417\u0430\u0431\u043e\u0440\u043e\u043d\u0435\u043d\u0456 \u0432\u0438\u0434\u0438 \u0434\u0456\u044f\u043b\u044c\u043d\u043e\u0441\u0442\u0456 \u0442\u0440\u043e\u043b\u0435\u0439\u0431\u0443\u0441\u0456\u0432\" data-height=\"225\" data-width=\"300\">\n    <div id=\"metaslider_container_605\">\n        <div id=\"metaslider_605\">\n            <ul class='slides'>\n                <li style=\"display: block; width: 100%;\" class=\"slide-580 ms-image\" aria-roledescription=\"slide\" data-date=\"2014-10-12 05:36:13\" data-filename=\"Kurs-W\u00f3zek-Wid\u0142owy.jpg\" data-slide-type=\"image\"><img loading=\"lazy\" decoding=\"async\" src=\"https:\/\/szkolenia-udt.pl\/wp-content\/uploads\/2014\/10\/Kurs-W\u00f3zek-Wid\u0142owy.jpg\" height=\"225\" width=\"300\" alt=\"\" class=\"slider-605 slide-580 msDefaultImage\" \/><\/li>\n                <li style=\"display: none; width: 100%;\" class=\"slide-579 ms-image\" aria-roledescription=\"slide\" data-date=\"2014-10-12 05:36:12\" data-filename=\"Szkolenie-W\u00f3zki-wid\u0142owe.jpg\" data-slide-type=\"image\"><img loading=\"lazy\" decoding=\"async\" src=\"https:\/\/szkolenia-udt.pl\/wp-content\/uploads\/2014\/10\/Szkolenie-W\u00f3zki-wid\u0142owe.jpg\" height=\"225\" width=\"300\" alt=\"\u041d\u0430\u0432\u0447\u0430\u043d\u043d\u044f \u043d\u0430\u0432\u0430\u043d\u0442\u0430\u0436\u0443\u0432\u0430\u0447\u0443\" class=\"slider-605 slide-579 msDefaultImage\" \/><\/li>\n                <li style=\"display: none; width: 100%;\" class=\"slide-591 ms-image\" aria-roledescription=\"slide\" data-date=\"2014-10-12 05:43:41\" data-filename=\"Kursy-W\u00f3zki-wid\u0142owe.jpg\" data-slide-type=\"image\"><img loading=\"lazy\" decoding=\"async\" src=\"https:\/\/szkolenia-udt.pl\/wp-content\/uploads\/2014\/10\/Kursy-W\u00f3zki-wid\u0142owe.jpg\" height=\"225\" width=\"300\" alt=\"\u041a\u0443\u0440\u0441 \u043e\u043f\u0435\u0440\u0430\u0442\u043e\u0440\u0430 \u043d\u0430\u0432\u0430\u043d\u0442\u0430\u0436\u0443\u0432\u0430\u0447\u0430\" class=\"slider-605 slide-591 msDefaultImage\" \/><\/li>\n                <li style=\"display: none; width: 100%;\" class=\"slide-594 ms-image\" aria-roledescription=\"slide\" data-date=\"2014-10-12 05:43:43\" data-filename=\"Szkolenia-w\u00f3zki-wid\u0142owe1.jpg\" data-slide-type=\"image\"><img loading=\"lazy\" decoding=\"async\" src=\"https:\/\/szkolenia-udt.pl\/wp-content\/uploads\/2014\/10\/Szkolenia-w\u00f3zki-wid\u0142owe1.jpg\" height=\"225\" width=\"300\" alt=\"\" class=\"slider-605 slide-594 msDefaultImage\" \/><\/li>\n                <li style=\"display: none; width: 100%;\" class=\"slide-1212 ms-image\" aria-roledescription=\"slide\" data-date=\"2014-11-17 21:42:16\" data-filename=\"wozki5a.jpg\" data-slide-type=\"image\"><img loading=\"lazy\" decoding=\"async\" src=\"https:\/\/szkolenia-udt.pl\/wp-content\/uploads\/2014\/11\/wozki5a.jpg\" height=\"225\" width=\"300\" alt=\"\" class=\"slider-605 slide-1212 msDefaultImage\" \/><\/li>\n            <\/ul>\n        <\/div>\n        \n    <\/div>\n<\/div><\/div>\n<div class=\"wyjustuj\">\u041d\u0430\u0432\u0430\u043d\u0442\u0430\u0436\u0443\u0432\u0430\u0447\u0456, \u044f\u043a\u0456 \u0449\u043e\u0434\u0435\u043d\u043d\u043e \u0432\u0438\u043a\u043e\u0440\u0438\u0441\u0442\u043e\u0432\u0443\u044e\u0442\u044c\u0441\u044f \u043d\u0430 \u0431\u0430\u0433\u0430\u0442\u044c\u043e\u0445 \u0440\u043e\u0431\u043e\u0447\u0438\u0445 \u043c\u0456\u0441\u0446\u044f\u0445, \u043f\u043e\u0442\u0440\u0435\u0431\u0443\u044e\u0442\u044c \u043b\u0456\u0446\u0435\u043d\u0437\u0456\u0457 \u043d\u0430 \u0457\u0445 \u0435\u043a\u0441\u043f\u043b\u0443\u0430\u0442\u0430\u0446\u0456\u044e. \u0407\u0445 \u043c\u043e\u0436\u043d\u0430 \u043e\u0442\u0440\u0438\u043c\u0430\u0442\u0438, \u043e\u0431\u0440\u0430\u0432\u0448\u0438 \u043a\u0443\u0440\u0441\u0438 \u043d\u0430\u0432\u0430\u043d\u0442\u0430\u0436\u0443\u0432\u0430\u0447\u0456\u0432, \u043f\u0456\u0434 \u0447\u0430\u0441 \u044f\u043a\u0438\u0445 \u0443\u0447\u0430\u0441\u043d\u0438\u043a\u0438 \u043d\u0430\u0432\u0447\u0430\u044e\u0442\u044c\u0441\u044f \u043f\u0440\u0430\u0432\u0438\u043b\u044c\u043d\u043e \u043c\u0430\u043d\u0435\u0432\u0440\u0443\u0432\u0430\u0442\u0438 \u0446\u0438\u043c \u0432\u0438\u0434\u043e\u043c \u0442\u0435\u0445\u043d\u0456\u043a\u0438. \u041d\u0430\u0448\u0456 \u043a\u0443\u0440\u0441\u0438 \u043d\u0430\u0432\u0430\u043d\u0442\u0430\u0436\u0443\u0432\u0430\u0447\u0456\u0432 <a href=\"https:\/\/szkolenia-udt.pl\/ua\/o-firmie\/\">\u041a\u0443\u0440\u043e\u0440\u0442<\/a> \u041a\u0443\u0440\u0441\u0438 \u0432\u0438\u043b\u043e\u0447\u043d\u0438\u0445 \u043d\u0430\u0432\u0430\u043d\u0442\u0430\u0436\u0443\u0432\u0430\u0447\u0456\u0432 \u0434\u0430\u044e\u0442\u044c \u043a\u043e\u043c\u043f\u043b\u0435\u043a\u0441\u043d\u0456 \u0437\u043d\u0430\u043d\u043d\u044f \u0442\u0430 \u043d\u0430\u0432\u0438\u0447\u043a\u0438 \u0449\u043e\u0434\u043e \u0431\u0443\u0434\u043e\u0432\u0438 \u0442\u0435\u0445\u043d\u0456\u043a\u0438 \u0442\u0430 \u0457\u0457 \u0435\u043a\u0441\u043f\u043b\u0443\u0430\u0442\u0430\u0446\u0456\u0457. \u0410\u043a\u0446\u0435\u043d\u0442 \u0440\u043e\u0431\u0438\u0442\u044c\u0441\u044f, \u0432 \u043f\u0435\u0440\u0448\u0443 \u0447\u0435\u0440\u0433\u0443, \u043d\u0430 \u043f\u0440\u0438\u043d\u0446\u0438\u043f\u0430\u0445 \u043e\u0445\u043e\u0440\u043e\u043d\u0438 \u043f\u0440\u0430\u0446\u0456 \u0442\u0430 \u0431\u0435\u0437\u043f\u0435\u043a\u0438, \u0430\u0434\u0436\u0435 \u043f\u043e\u0442\u0440\u0430\u043f\u0438\u0442\u0438 \u0432 \u043d\u0435\u0449\u0430\u0441\u043d\u0438\u0439 \u0432\u0438\u043f\u0430\u0434\u043e\u043a \u043f\u0440\u0438 \u0435\u043a\u0441\u043f\u043b\u0443\u0430\u0442\u0430\u0446\u0456\u0457 \u043d\u0430\u0432\u0430\u043d\u0442\u0430\u0436\u0443\u0432\u0430\u0447\u0430 \u0437\u043e\u0432\u0441\u0456\u043c \u043d\u0435 \u0441\u043a\u043b\u0430\u0434\u043d\u043e. \u0421\u0430\u043c\u0435 \u0442\u043e\u043c\u0443 \u043a\u0443\u0440\u0441 \u043d\u0430\u0432\u0430\u043d\u0442\u0430\u0436\u0443\u0432\u0430\u0447\u0430 \u0454 \u0431\u0430\u0437\u043e\u0432\u0438\u043c. \u041f\u0440\u0430\u0432\u0438\u043b\u0430 \u043e\u0445\u043e\u0440\u043e\u043d\u0438 \u043f\u0440\u0430\u0446\u0456 \u0442\u0430 \u0442\u0435\u0445\u043d\u0456\u043a\u0438 \u0431\u0435\u0437\u043f\u0435\u043a\u0438 \u043f\u043e\u0448\u0438\u0440\u044e\u044e\u0442\u044c\u0441\u044f \u043d\u0430 \u043e\u043f\u0435\u0440\u0430\u0442\u043e\u0440\u0430 \u044f\u043a \u0434\u043e, \u043f\u0456\u0434 \u0447\u0430\u0441, \u0442\u0430\u043a \u0456 \u043f\u0456\u0441\u043b\u044f \u0440\u043e\u0431\u043e\u0442\u0438 \u0437 \u043d\u0430\u0432\u0430\u043d\u0442\u0430\u0436\u0443\u0432\u0430\u0447\u0435\u043c. \u0421\u0435\u0440\u0435\u0434 \u0456\u043d\u0448\u043e\u0433\u043e, \u0432\u0430\u0436\u043b\u0438\u0432\u043e \u0440\u0435\u0442\u0435\u043b\u044c\u043d\u043e \u043f\u0435\u0440\u0435\u0432\u0456\u0440\u0438\u0442\u0438 \u0442\u0435\u0445\u043d\u0456\u043a\u0443, \u0437\u043d\u0430\u0442\u0438 \u0457\u0457 \u0440\u043e\u0431\u043e\u0442\u0443, \u0442\u0435\u0445\u043d\u0456\u0447\u043d\u0456 \u043f\u0430\u0440\u0430\u043c\u0435\u0442\u0440\u0438, \u0442\u0430\u043a\u0456 \u044f\u043a \u0432\u0430\u043d\u0442\u0430\u0436\u043e\u043f\u0456\u0434\u0439\u043e\u043c\u043d\u0456\u0441\u0442\u044c, \u043c\u0430\u043a\u0441\u0438\u043c\u0430\u043b\u044c\u043d\u0430 \u0432\u0438\u0441\u043e\u0442\u0430 \u0432\u0430\u043d\u0442\u0430\u0436\u0443, \u0449\u043e \u043f\u0456\u0434\u043d\u0456\u043c\u0430\u0454\u0442\u044c\u0441\u044f \u0430\u0431\u043e \u043e\u043f\u0442\u0438\u043c\u0430\u043b\u044c\u043d\u0438\u0439 \u0441\u043f\u043e\u0441\u0456\u0431 \u0440\u043e\u0437\u043c\u0456\u0449\u0435\u043d\u043d\u044f \u0432\u0430\u043d\u0442\u0430\u0436\u0443 \u043d\u0430 \u0432\u0438\u043b\u0430\u0445 \u043d\u0430\u0432\u0430\u043d\u0442\u0430\u0436\u0443\u0432\u0430\u0447\u0430. \u041a\u0440\u0456\u043c \u0442\u043e\u0433\u043e, \u043a\u043e\u0436\u0435\u043d \u043e\u043f\u0435\u0440\u0430\u0442\u043e\u0440 \u043f\u043e\u0432\u0438\u043d\u0435\u043d \u0431\u0443\u0442\u0438 \u043e\u0437\u043d\u0430\u0439\u043e\u043c\u043b\u0435\u043d\u0438\u0439 \u0437 \u043f\u0435\u0440\u0435\u043b\u0456\u043a\u043e\u043c \u0437\u0430\u0431\u043e\u0440\u043e\u043d\u0435\u043d\u0438\u0445 \u0440\u043e\u0431\u0456\u0442 \u043f\u0440\u0438 \u0435\u043a\u0441\u043f\u043b\u0443\u0430\u0442\u0430\u0446\u0456\u0457 \u043d\u0430\u0432\u0430\u043d\u0442\u0430\u0436\u0443\u0432\u0430\u0447\u0430. \u041c\u0438 \u043f\u0440\u0435\u0434\u0441\u0442\u0430\u0432\u043b\u044f\u0454\u043c\u043e \u0439\u043e\u0433\u043e \u043d\u0438\u0436\u0447\u0435.<br \/>\n<strong><br \/>\n\u041f\u0440\u043e \u0449\u043e \u0441\u043b\u0456\u0434 \u043f\u0430\u043c'\u044f\u0442\u0430\u0442\u0438:<\/strong><\/p>\n<ul>\n<li>\u043d\u0435 \u043f\u0440\u0430\u0446\u044e\u0432\u0430\u0442\u0438 \u0437 \u043e\u0431\u043b\u0430\u0434\u043d\u0430\u043d\u043d\u044f\u043c \u0443 \u0441\u0442\u0430\u043d\u0456 \u0430\u043b\u043a\u043e\u0433\u043e\u043b\u044c\u043d\u043e\u0433\u043e \u0430\u0431\u043e \u043d\u0430\u0440\u043a\u043e\u0442\u0438\u0447\u043d\u043e\u0433\u043e \u0441\u043f'\u044f\u043d\u0456\u043d\u043d\u044f<\/li>\n<li>\u043f\u0435\u0440\u0435\u0432\u0456\u0440\u0442\u0435 \u043c\u0430\u043a\u0441\u0438\u043c\u0430\u043b\u044c\u043d\u0435 \u043d\u0430\u0432\u0430\u043d\u0442\u0430\u0436\u0435\u043d\u043d\u044f, \u0449\u043e\u0431 \u0443\u043d\u0438\u043a\u043d\u0443\u0442\u0438 \u043f\u0435\u0440\u0435\u0432\u0430\u043d\u0442\u0430\u0436\u0435\u043d\u043d\u044f \u043c\u0430\u0448\u0438\u043d\u0438<\/li>\n<li>\u043a\u0440\u0456\u0441\u043b\u043e-\u043a\u043e\u043b\u044f\u0441\u043a\u0430 \u043d\u0435 \u043c\u043e\u0436\u0435 \u0431\u0443\u0442\u0438 \u0432\u0438\u043a\u043e\u0440\u0438\u0441\u0442\u0430\u043d\u0430 \u0434\u043b\u044f \u0456\u043d\u0448\u0438\u0445 \u0446\u0456\u043b\u0435\u0439, \u043a\u0440\u0456\u043c \u0442\u0438\u0445, \u0434\u043b\u044f \u044f\u043a\u0438\u0445 \u0432\u043e\u043d\u0430 \u043f\u0440\u0438\u0437\u043d\u0430\u0447\u0435\u043d\u0430<\/li>\n<li>\u041f\u0440\u0438\u043b\u0430\u0434 \u043c\u043e\u0436\u0435 \u0435\u043a\u0441\u043f\u043b\u0443\u0430\u0442\u0443\u0432\u0430\u0442\u0438\u0441\u044f \u0442\u0456\u043b\u044c\u043a\u0438 \u043e\u0441\u043e\u0431\u043e\u044e, \u044f\u043a\u0430 \u043c\u0430\u0454 <a href=\"https:\/\/szkolenia-udt.pl\/ua\/kursy\/wozki-widlowe\/\">\u043b\u0456\u0446\u0435\u043d\u0437\u0456\u044f \u043d\u0430 \u043d\u0430\u0432\u0430\u043d\u0442\u0430\u0436\u0443\u0432\u0430\u0447<\/a><\/li>\n<li>\u0437\u0430\u0431\u043e\u0440\u043e\u043d\u0435\u043d\u043e \u043f\u0435\u0440\u0435\u0432\u0438\u0449\u0443\u0432\u0430\u0442\u0438 \u0448\u0432\u0438\u0434\u043a\u0456\u0441\u0442\u044c \u0440\u0443\u0445\u0443<\/li>\n<li>\u0437\u0430\u0431\u043e\u0440\u043e\u043d\u044f\u0454\u0442\u044c\u0441\u044f \u0440\u0456\u0437\u043a\u0435 \u043f\u0440\u0438\u0441\u043a\u043e\u0440\u0435\u043d\u043d\u044f \u0456 \u0433\u0430\u043b\u044c\u043c\u0443\u0432\u0430\u043d\u043d\u044f<\/li>\n<li>\u043d\u0435 \u043c\u043e\u0436\u043d\u0430 \u0437\u0430\u043b\u0438\u0448\u0430\u0442\u0438 \u043f\u0440\u0438\u043b\u0430\u0434 \u0443\u0432\u0456\u043c\u043a\u043d\u0435\u043d\u0438\u043c<\/li>\n<li>\u0441\u043b\u0456\u0434 \u0431\u0443\u0442\u0438 \u043e\u0431\u0435\u0440\u0435\u0436\u043d\u0438\u043c \u043f\u0440\u0438 \u043e\u0431\u0433\u043e\u0432\u043e\u0440\u0435\u043d\u043d\u0456 \u0433\u0440\u0430\u0434\u0456\u0454\u043d\u0442\u0456\u0432<\/li>\n<li>\u043d\u0435\u043c\u043e\u0436\u043b\u0438\u0432\u043e \u0437\u0430\u0457\u0445\u0430\u0442\u0438 \u043d\u0430 \u0456\u043d\u0432\u0430\u043b\u0456\u0434\u043d\u043e\u043c\u0443 \u0432\u0456\u0437\u043a\u0443 \u0432 \u0456\u043d\u0448\u0456 \u043e\u0431'\u0454\u043a\u0442\u0438<\/li>\n<li>\u0437\u0430\u0445\u0438\u0441\u043d\u0456 \u043a\u0440\u0438\u0448\u043a\u0438 \u043d\u0435 \u043c\u043e\u0436\u043d\u0430 \u0437\u043d\u0456\u043c\u0430\u0442\u0438<\/li>\n<li>\u043f\u0456\u0434 \u0447\u0430\u0441 \u0440\u0443\u0445\u0443 \u0432\u0456\u0437\u043a\u0430 \u0437\u0430\u0431\u043e\u0440\u043e\u043d\u044f\u0454\u0442\u044c\u0441\u044f \u043a\u043e\u0440\u0438\u0441\u0442\u0443\u0432\u0430\u0442\u0438\u0441\u044f \u0432\u0456\u0434\u043a\u0440\u0438\u0442\u0438\u043c \u0432\u043e\u0433\u043d\u0435\u043c<\/li>\n<li>\u0437\u0430\u0431\u043e\u0440\u043e\u043d\u044f\u0454\u0442\u044c\u0441\u044f \u0432\u043d\u043e\u0441\u0438\u0442\u0438 \u0431\u0443\u0434\u044c-\u044f\u043a\u0456 \u043d\u0435\u0441\u0430\u043d\u043a\u0446\u0456\u043e\u043d\u043e\u0432\u0430\u043d\u0456 \u0437\u043c\u0456\u043d\u0438 \u0432 \u043a\u043e\u043d\u0441\u0442\u0440\u0443\u043a\u0446\u0456\u044e \u043f\u0440\u0438\u043b\u0430\u0434\u0443<\/li>\n<li>\u043d\u0435 \u043c\u043e\u0436\u043d\u0430 \u0437\u0430\u043b\u0438\u0448\u0430\u0442\u0438 \u0432\u0430\u043d\u0442\u0430\u0436\u0456 \u043d\u0430 \u043f\u0456\u0434\u043d\u044f\u0442\u0438\u0445 \u0432\u0438\u043b\u0430\u0445<\/li>\n<li>\u0437\u0430\u0431\u043e\u0440\u043e\u043d\u044f\u0454\u0442\u044c\u0441\u044f \u0441\u0442\u043e\u044f\u0442\u0438 \u0430\u0431\u043e \u0445\u043e\u0434\u0438\u0442\u0438 \u043f\u0456\u0434 \u043f\u0456\u0434\u043d\u044f\u0442\u0438\u043c\u0438 \u0432\u0438\u043b\u043a\u0430\u043c\u0438 \u043f\u0440\u0438\u043b\u0430\u0434\u0443<\/li>\n<li>\u043d\u0430\u0432\u0430\u043d\u0442\u0430\u0436\u0443\u0432\u0430\u0447\u0435\u043c \u043d\u0435 \u043c\u043e\u0436\u043d\u0430 \u043a\u043e\u0440\u0438\u0441\u0442\u0443\u0432\u0430\u0442\u0438\u0441\u044f \u0432 \u0441\u043b\u0438\u0437\u044c\u043a\u043e\u043c\u0443 \u0432\u0437\u0443\u0442\u0442\u0456 \u0430\u0431\u043e \u0437\u0456 \u0441\u043b\u0438\u0437\u044c\u043a\u0438\u043c\u0438 \u0440\u0443\u043a\u0430\u043c\u0438<\/li>\n<li>\u043d\u0435 \u0434\u043e\u0437\u0432\u043e\u043b\u044f\u0454\u0442\u044c\u0441\u044f \u0441\u043f\u0443\u0441\u043a\u0430\u0442\u0438\u0441\u044f \u0437 \u043f\u043e\u0445\u0438\u043b\u0438\u0445 \u043f\u043e\u0432\u0435\u0440\u0445\u043e\u043d\u044c \u0437 \u0432\u0438\u043c\u043a\u043d\u0435\u043d\u0438\u043c \u043f\u0440\u0438\u0432\u043e\u0434\u043e\u043c \u0430\u0431\u043e \u043d\u0430 \u043d\u0435\u0439\u0442\u0440\u0430\u043b\u044c\u043d\u0456\u0439 \u043f\u0435\u0440\u0435\u0434\u0430\u0447\u0456<\/li>\n<li>\u043f\u043e\u043b\u043e\u0436\u0435\u043d\u043d\u044f \u0449\u043e\u0433\u043b\u0438 \u043d\u0435 \u043c\u043e\u0436\u0435 \u0431\u0443\u0442\u0438 \u0437\u043c\u0456\u043d\u0435\u043d\u043e \u043f\u0456\u0434 \u0447\u0430\u0441 \u0440\u043e\u0437\u0432\u043e\u0440\u043e\u0442\u0443<\/li>\n<li>\u043d\u0435 \u0434\u043e\u043f\u0443\u0441\u043a\u0430\u0454\u0442\u044c\u0441\u044f \u0435\u043a\u0441\u043f\u043b\u0443\u0430\u0442\u0430\u0446\u0456\u044f \u0456\u043d\u0432\u0430\u043b\u0456\u0434\u043d\u043e\u0433\u043e \u0432\u0456\u0437\u043a\u0430 \u043d\u0430 \u043d\u0435\u043f\u0440\u0438\u0441\u0442\u043e\u0441\u043e\u0432\u0430\u043d\u0438\u0445 \u0434\u043b\u044f \u0446\u044c\u043e\u0433\u043e \u043f\u043e\u0432\u0435\u0440\u0445\u043d\u044f\u0445<\/li>\n<\/ul>\n<p>\u041d\u0430\u0433\u0430\u0434\u0443\u0454\u043c\u043e, \u0449\u043e \u0434\u043b\u044f \u0440\u043e\u0431\u043e\u0442\u0438 \u0437 \u043d\u0430\u0432\u0430\u043d\u0442\u0430\u0436\u0443\u0432\u0430\u0447\u0435\u043c \u043d\u0435\u043e\u0431\u0445\u0456\u0434\u043d\u0430 \u043b\u0456\u0446\u0435\u043d\u0437\u0456\u044f \u043d\u0430 \u0443\u043f\u0440\u0430\u0432\u043b\u0456\u043d\u043d\u044f \u0442\u0435\u0445\u043d\u0456\u043a\u043e\u044e. \u0407\u0445 \u043c\u043e\u0436\u043d\u0430 \u043e\u0442\u0440\u0438\u043c\u0430\u0442\u0438 \u0431\u0435\u0437 \u0441\u043a\u043b\u0430\u0434\u0430\u043d\u043d\u044f \u0456\u0441\u043f\u0438\u0442\u0443 \u0432 \u0423\u043f\u0440\u0430\u0432\u043b\u0456\u043d\u043d\u0456 \u0442\u0435\u0445\u043d\u0456\u0447\u043d\u043e\u0457 \u0456\u043d\u0441\u043f\u0435\u043a\u0446\u0456\u0457, \u0430\u043b\u0435 \u043e\u0442\u0440\u0438\u043c\u0430\u043d\u043d\u044f \u043a\u0432\u0430\u043b\u0456\u0444\u0456\u043a\u0430\u0446\u0456\u0439 \u0432\u0456\u0434 UDT \u0412\u0430\u0440\u0448\u0430\u0432\u0430 \u0430\u0431\u043e \u0456\u043d\u0448\u0438\u0445 \u0444\u0456\u043b\u0456\u0439 - \u0446\u0435 \u0437\u0430\u0432\u0436\u0434\u0438 \u043f\u0435\u0440\u0441\u043f\u0435\u043a\u0442\u0438\u0432\u043d\u0435 \u0440\u0456\u0448\u0435\u043d\u043d\u044f, \u043e\u0441\u043a\u0456\u043b\u044c\u043a\u0438 \u0432\u043e\u043d\u0438 \u0446\u0456\u043d\u0443\u044e\u0442\u044c\u0441\u044f \u0440\u043e\u0431\u043e\u0442\u043e\u0434\u0430\u0432\u0446\u044f\u043c\u0438.<\/p>\n<\/div>","protected":false},"excerpt":{"rendered":"<p>Codziennie wykorzystywane w wielu zak\u0142adach pracy w\u00f3zki wid\u0142owe wymagaj\u0105 posiadania uprawnie\u0144 do ich obs\u0142ugi. Mo\u017cna uzyska\u0107 je, wybieraj\u0105c kurs w\u00f3zka wid\u0142owego, podczas kt\u00f3rego uczestnicy dowiaduj\u0105 si\u0119, jak nale\u017cy prawid\u0142owo manewrowa\u0107 tego rodzaju urz\u0105dzeniami. Prowadzone w naszym O\u015brodku kursy na w\u00f3zki wid\u0142owe przekazuj\u0105 kompleksow\u0105 wiedz\u0119 oraz umiej\u0119tno\u015bci dotycz\u0105ce budowy urz\u0105dze\u0144 i ich eksploatacji. Nacisk k\u0142adziemy przede [&hellip;]<\/p>\n","protected":false},"author":3,"featured_media":580,"parent":33,"menu_order":0,"comment_status":"closed","ping_status":"closed","template":"","meta":{"footnotes":""},"class_list":["post-235","page","type-page","status-publish","has-post-thumbnail","hentry"],"aioseo_notices":[],"_links":{"self":[{"href":"https:\/\/szkolenia-udt.pl\/ua\/wp-json\/wp\/v2\/pages\/235","targetHints":{"allow":["GET"]}}],"collection":[{"href":"https:\/\/szkolenia-udt.pl\/ua\/wp-json\/wp\/v2\/pages"}],"about":[{"href":"https:\/\/szkolenia-udt.pl\/ua\/wp-json\/wp\/v2\/types\/page"}],"author":[{"embeddable":true,"href":"https:\/\/szkolenia-udt.pl\/ua\/wp-json\/wp\/v2\/users\/3"}],"replies":[{"embeddable":true,"href":"https:\/\/szkolenia-udt.pl\/ua\/wp-json\/wp\/v2\/comments?post=235"}],"version-history":[{"count":5,"href":"https:\/\/szkolenia-udt.pl\/ua\/wp-json\/wp\/v2\/pages\/235\/revisions"}],"predecessor-version":[{"id":1622,"href":"https:\/\/szkolenia-udt.pl\/ua\/wp-json\/wp\/v2\/pages\/235\/revisions\/1622"}],"up":[{"embeddable":true,"href":"https:\/\/szkolenia-udt.pl\/ua\/wp-json\/wp\/v2\/pages\/33"}],"wp:featuredmedia":[{"embeddable":true,"href":"https:\/\/szkolenia-udt.pl\/ua\/wp-json\/wp\/v2\/media\/580"}],"wp:attachment":[{"href":"https:\/\/szkolenia-udt.pl\/ua\/wp-json\/wp\/v2\/media?parent=235"}],"curies":[{"name":"wp","href":"https:\/\/api.w.org\/{rel}","templated":true}]}}