{"id":2404,"date":"2021-08-19T14:02:11","date_gmt":"2021-08-19T14:02:11","guid":{"rendered":"https:\/\/szkolenia-udt.pl\/?page_id=2404"},"modified":"2023-03-13T16:37:31","modified_gmt":"2023-03-13T15:37:31","slug":"%d0%ba%d0%b0%d0%bd%d0%b0%d1%82%d0%bd%d0%b8%d0%ba-%d0%be%d0%bf%d0%b5%d1%80%d0%b0%d1%82%d0%be%d1%80","status":"publish","type":"page","link":"https:\/\/szkolenia-udt.pl\/ua\/kursy\/uprawnienia-udt-tdt-wdt\/operator-podestow-linowych\/","title":{"rendered":"\u041a\u0443\u0440\u0441 \u043e\u043f\u0435\u0440\u0430\u0442\u043e\u0440\u0430 \u0432\u0438\u0441\u044f\u0447\u043e\u0457 \u043c\u043e\u0431\u0456\u043b\u044c\u043d\u043e\u0457 \u043f\u043b\u0430\u0442\u0444\u043e\u0440\u043c\u0438"},"content":{"rendered":"<p><a href=\"https:\/\/szkolenia-udt.pl\/wp-content\/uploads\/2021\/08\/szkolenia-udt.pl-0014-OPUBLIKOWANY-v4.jpg\"><img loading=\"lazy\" decoding=\"async\" class=\"paddingleft10 alignleft wp-image-2499 size-medium\" src=\"https:\/\/szkolenia-udt.pl\/wp-content\/uploads\/2021\/08\/szkolenia-udt.pl-0014-OPUBLIKOWANY-v4-300x236.jpg\" alt=\"\u041f\u0456\u0434\u0432\u0456\u0441\u043d\u0430 \u043c\u043e\u0431\u0456\u043b\u044c\u043d\u0430 \u043f\u043b\u0430\u0442\u0444\u043e\u0440\u043c\u0430 \u0432\u0438\u043a\u043e\u0440\u0438\u0441\u0442\u043e\u0432\u0443\u0454\u0442\u044c\u0441\u044f \u0434\u043b\u044f \u0442\u0440\u0430\u043d\u0441\u043f\u043e\u0440\u0442\u0443\u0432\u0430\u043d\u043d\u044f \u043b\u044e\u0434\u0435\u0439, \u0456\u043d\u0441\u0442\u0440\u0443\u043c\u0435\u043d\u0442\u0456\u0432 \u0456 \u043c\u0430\u0442\u0435\u0440\u0456\u0430\u043b\u0456\u0432 \u043d\u0430 \u0432\u0456\u0434\u043f\u043e\u0432\u0456\u0434\u043d\u0443 \u0432\u0438\u0441\u043e\u0442\u0443 \/ \u0440\u043e\u0431\u043e\u0447\u0435 \u043c\u0456\u0441\u0446\u0435\" width=\"300\" height=\"236\" srcset=\"https:\/\/szkolenia-udt.pl\/wp-content\/uploads\/2021\/08\/szkolenia-udt.pl-0014-OPUBLIKOWANY-v4-300x236.jpg 300w, https:\/\/szkolenia-udt.pl\/wp-content\/uploads\/2021\/08\/szkolenia-udt.pl-0014-OPUBLIKOWANY-v4-768x603.jpg 768w, https:\/\/szkolenia-udt.pl\/wp-content\/uploads\/2021\/08\/szkolenia-udt.pl-0014-OPUBLIKOWANY-v4.jpg 993w\" sizes=\"auto, (max-width: 300px) 100vw, 300px\" \/><\/a>\u0426\u0456 \u0437\u0430\u043d\u044f\u0442\u0442\u044f \u043f\u0440\u0438\u0437\u043d\u0430\u0447\u0435\u043d\u0456 \u0434\u043b\u044f \u043b\u044e\u0434\u0435\u0439, \u044f\u043a\u0456 \u043f\u043b\u0430\u043d\u0443\u044e\u0442\u044c \u043f\u0440\u0430\u0446\u044e\u0432\u0430\u0442\u0438 \u043e\u043f\u0435\u0440\u0430\u0442\u043e\u0440\u043e\u043c \u043f\u0456\u0434\u0432\u0456\u0441\u043d\u043e\u0457 \u043f\u043b\u0430\u0442\u0444\u043e\u0440\u043c\u0438 \u0442\u0430 \u0445\u043e\u0447\u0443\u0442\u044c \u043e\u0442\u0440\u0438\u043c\u0430\u0442\u0438 \u043d\u0435\u043e\u0431\u0445\u0456\u0434\u043d\u0443 \u043a\u0432\u0430\u043b\u0456\u0444\u0456\u043a\u0430\u0446\u0456\u044e UDT. \u0417\u0430\u043f\u0440\u043e\u0448\u0443\u0454\u043c\u043e \u044f\u043a \u043b\u044e\u0434\u0435\u0439 \u0431\u0435\u0437 \u0434\u043e\u0441\u0432\u0456\u0434\u0443, \u0442\u0430\u043a \u0456 \u0442\u0438\u0445, \u0445\u0442\u043e \u0432\u0436\u0435 \u043f\u0440\u0430\u0446\u044e\u0432\u0430\u0432 \u043d\u0430 \u043f\u043b\u0430\u0442\u0444\u043e\u0440\u043c\u0430\u0445. \u041c\u0438 \u043e\u0440\u0433\u0430\u043d\u0456\u0437\u043e\u0432\u0443\u0454\u043c\u043e \u0437\u0430\u043d\u044f\u0442\u0442\u044f \u0434\u043b\u044f \u043f\u043e\u0447\u0430\u0442\u043a\u0456\u0432\u0446\u0456\u0432, \u0437 \u043d\u0443\u043b\u044f \u0442\u0430 \u0434\u043b\u044f \u043f\u0440\u043e\u0441\u0443\u043d\u0443\u0442\u0438\u0445. \u041d\u0430\u043f\u0440\u0438\u043a\u0456\u043d\u0446\u0456 \u043a\u043e\u0436\u043d\u043e\u0433\u043e \u043a\u0443\u0440\u0441\u0443 \u043e\u0440\u0433\u0430\u043d\u0456\u0437\u043e\u0432\u0443\u0454\u0442\u044c\u0441\u044f \u0434\u0435\u0440\u0436\u0430\u0432\u043d\u0438\u0439 \u0456\u0441\u043f\u0438\u0442, \u044f\u043a\u0438\u0439 \u043e\u0437\u043d\u0430\u0447\u0430\u0454, \u0449\u043e \u0432\u0438 \u043e\u0442\u0440\u0438\u043c\u0430\u043b\u0438 \u043a\u0432\u0430\u043b\u0456\u0444\u0456\u043a\u0430\u0446\u0456\u044e, \u043d\u0435\u043e\u0431\u0445\u0456\u0434\u043d\u0443 \u0434\u043b\u044f \u0440\u043e\u0431\u043e\u0442\u0438 \u0437\u0430 \u043f\u0440\u043e\u0444\u0435\u0441\u0456\u0454\u044e.<\/p>\n<h2>\u041f\u0438\u0442\u0430\u043d\u043d\u044f, \u0449\u043e \u0440\u043e\u0437\u0433\u043b\u044f\u0434\u0430\u044e\u0442\u044c\u0441\u044f \u043f\u0456\u0434 \u0447\u0430\u0441 \u043a\u0443\u0440\u0441\u0443 \u0434\u043b\u044f \u043f\u0456\u0434\u0432\u0456\u0441\u043d\u0438\u0445 \u043c\u043e\u0431\u0456\u043b\u044c\u043d\u0438\u0445 \u043f\u043b\u0430\u0442\u0444\u043e\u0440\u043c<\/h2>\n<p>\u041f\u0456\u0434 \u0447\u0430\u0441 \u0442\u0435\u043e\u0440\u0435\u0442\u0438\u0447\u043d\u0438\u0445 \u0437\u0430\u043d\u044f\u0442\u044c \u0443\u0447\u0430\u0441\u043d\u0438\u043a\u0430\u043c \u043d\u0430\u0434\u0430\u0454\u0442\u044c\u0441\u044f \u0456\u043d\u0444\u043e\u0440\u043c\u0430\u0446\u0456\u044f \u043f\u0440\u043e:<\/p>\n<ul>\n<li>\u0412\u0438\u0434\u0438 \u043f\u0456\u0434\u0432\u0456\u0441\u043d\u0438\u0445 \u043f\u043b\u0430\u0442\u0444\u043e\u0440\u043c<\/li>\n<li>\u0411\u0443\u0434\u043e\u0432\u0430 \u043f\u0440\u0438\u0441\u0442\u0440\u043e\u044e \u0442\u0430 \u0439\u043e\u0433\u043e \u043e\u043a\u0440\u0435\u043c\u0438\u0445 \u0447\u0430\u0441\u0442\u0438\u043d<\/li>\n<li>\u0421\u0442\u0430\u0431\u0456\u043b\u044c\u043d\u0456\u0441\u0442\u044c \u043e\u0431\u043b\u0430\u0434\u043d\u0430\u043d\u043d\u044f<\/li>\n<li>\u0414\u0456\u0457 \u0434\u043e, \u043f\u0456\u0434 \u0447\u0430\u0441 \u0456 \u043f\u0456\u0441\u043b\u044f \u0440\u043e\u0431\u043e\u0442\u0438<\/li>\n<li>\u0417\u0430\u043a\u0440\u0456\u043f\u043b\u0435\u043d\u043d\u044f \u043c\u0435\u0445\u0430\u043d\u0456\u0447\u043d\u0438\u0445, \u0433\u0456\u0434\u0440\u0430\u0432\u043b\u0456\u0447\u043d\u0438\u0445 \u0442\u0430 \u0435\u043b\u0435\u043a\u0442\u0440\u0438\u0447\u043d\u0438\u0445 \u043a\u0430\u0431\u0435\u043b\u0456\u0432<\/li>\n<li>\u041f\u0440\u0430\u0432\u0438\u043b\u0430 \u043e\u0445\u043e\u0440\u043e\u043d\u0438 \u043f\u0440\u0430\u0446\u0456 \u043f\u0456\u0434 \u0447\u0430\u0441 \u0440\u043e\u0431\u043e\u0442\u0438 \u043d\u0430 \u0432\u0438\u0441\u043e\u0442\u0456<\/li>\n<li>\u041f\u0456\u0434\u0433\u043e\u0442\u043e\u0432\u043a\u0430 \u043f\u0440\u0438\u0441\u0442\u0440\u043e\u044e \u0434\u043e \u0440\u043e\u0431\u043e\u0442\u0438 \u0437 \u0443\u0440\u0430\u0445\u0443\u0432\u0430\u043d\u043d\u044f\u043c \u043d\u0430\u0432\u043a\u043e\u043b\u0438\u0448\u043d\u044c\u043e\u0433\u043e \u0441\u0435\u0440\u0435\u0434\u043e\u0432\u0438\u0449\u0430 \u0456 \u043f\u043e\u0442\u043e\u0447\u043d\u0438\u0445 \u0443\u043c\u043e\u0432<\/li>\n<li>\u041f\u0440\u043e\u0432\u0435\u0434\u0435\u043d\u043d\u044f \u0434\u043e\u0441\u043b\u0456\u0434\u0436\u0435\u043d\u044c \u0456 \u0432\u0438\u043f\u0440\u043e\u0431\u0443\u0432\u0430\u043d\u044c \u043d\u0430 \u043c\u0456\u0446\u043d\u0456\u0441\u0442\u044c \u0456 \u0441\u0442\u0456\u0439\u043a\u0456\u0441\u0442\u044c<\/li>\n<li>\u0420\u0435\u0433\u043b\u0430\u043c\u0435\u043d\u0442 \u0442\u0435\u0445\u043d\u0456\u0447\u043d\u043e\u0433\u043e \u043e\u0433\u043b\u044f\u0434\u0443<\/li>\n<\/ul>\n<p>\u041e\u0441\u043e\u0431\u0438, \u044f\u043a\u0456 \u043f\u0440\u043e\u0439\u0448\u043b\u0438 \u0442\u0435\u043e\u0440\u0435\u0442\u0438\u0447\u043d\u0443 \u0447\u0430\u0441\u0442\u0438\u043d\u0443, \u043c\u043e\u0436\u0443\u0442\u044c \u0431\u0440\u0430\u0442\u0438 \u0443\u0447\u0430\u0441\u0442\u044c \u0443 \u043f\u0440\u0430\u043a\u0442\u0438\u0447\u043d\u0438\u0445 \u0437\u0430\u043d\u044f\u0442\u0442\u044f\u0445. \u0422\u043e\u0434\u0456 \u0432\u043e\u043d\u0438 \u043c\u0430\u044e\u0442\u044c \u0443 \u0441\u0432\u043e\u0454\u043c\u0443 \u0440\u043e\u0437\u043f\u043e\u0440\u044f\u0434\u0436\u0435\u043d\u043d\u0456 \u043e\u0431\u043b\u0430\u0434\u043d\u0430\u043d\u043d\u044f \u0437 \u0431\u0430\u0437\u0438 \u0426\u0435\u043d\u0442\u0440\u0443. \u041f\u0456\u0434 \u0447\u0430\u0441 \u0437\u0430\u043d\u044f\u0442\u044c \u0456\u043d\u0441\u0442\u0440\u0443\u043a\u0442\u043e\u0440\u0438 \u043d\u0430\u0432\u0447\u0430\u044e\u0442\u044c, \u044f\u043a \u0431\u0435\u0437\u043f\u0435\u0447\u043d\u043e \u043a\u0435\u0440\u0443\u0432\u0430\u0442\u0438 \u043f\u043b\u0430\u0442\u0444\u043e\u0440\u043c\u0430\u043c\u0438, \u0449\u043e\u0431 \u043d\u0435 \u043d\u0430\u0440\u0430\u0436\u0430\u0442\u0438 \u043d\u0430 \u043d\u0435\u0431\u0435\u0437\u043f\u0435\u043a\u0443 \u0441\u043f\u0456\u0432\u0440\u043e\u0431\u0456\u0442\u043d\u0438\u043a\u0456\u0432 \u0456 \u043e\u0442\u043e\u0447\u0443\u044e\u0447\u0438\u0445.<br \/>\n<div style=\"width: 640px;\" class=\"wp-video\"><video id=\"video-2404-1\" width=\"640\" height=\"360\" poster=\"https:\/\/szkolenia-udt.pl\/wp-content\/uploads\/2023\/03\/okladka-podnosnik-OSO.jpg\" preload=\"metadata\" controls=\"controls\"><source type=\"video\/mp4\" src=\"https:\/\/szkolenia-udt.pl\/wp-content\/uploads\/2023\/03\/podnosnik-SZKOLENIA-UDT.PL-OSO.mp4?_=1\" \/><a href=\"https:\/\/szkolenia-udt.pl\/wp-content\/uploads\/2023\/03\/podnosnik-SZKOLENIA-UDT.PL-OSO.mp4\">https:\/\/szkolenia-udt.pl\/wp-content\/uploads\/2023\/03\/podnosnik-SZKOLENIA-UDT.PL-OSO.mp4<\/a><\/video><\/div>\n<h2>\u0414\u043b\u044f \u043a\u043e\u0433\u043e \u043a\u0443\u0440\u0441<\/h2>\n<p>\u041e\u0441\u043d\u043e\u0432\u043d\u0456 \u0432\u0438\u043c\u043e\u0433\u0438 \u0434\u043e \u0443\u0447\u0430\u0441\u043d\u0438\u043a\u0456\u0432: \u0432\u0456\u043a \u2013 \u043d\u0435 \u043c\u0435\u043d\u0448\u0435 18 \u0440\u043e\u043a\u0456\u0432, \u043e\u0441\u0432\u0456\u0442\u0430 \u2013 \u0431\u0430\u0437\u043e\u0432\u0438\u0439 \u043c\u0456\u043d\u0456\u043c\u0443\u043c, \u0441\u0442\u0430\u043d \u0437\u0434\u043e\u0440\u043e\u0432\u2019\u044f \u2013 \u0432\u0456\u0434\u0441\u0443\u0442\u043d\u0456\u0441\u0442\u044c \u043f\u0440\u043e\u0442\u0438\u043f\u043e\u043a\u0430\u0437\u0430\u043d\u044c (\u043f\u043e\u0442\u0440\u0456\u0431\u043d\u0430 \u043c\u0435\u0434\u0438\u0447\u043d\u0430 \u0434\u043e\u0432\u0456\u0434\u043a\u0430 \u0430\u0431\u043e \u0432\u043b\u0430\u0441\u043d\u0430 \u0434\u0435\u043a\u043b\u0430\u0440\u0430\u0446\u0456\u044f).<\/p>\n<p>\u0423\u0447\u0430\u0441\u0442\u044c \u0443 \u0442\u0440\u0435\u043d\u0456\u043d\u0433\u0443 \u043d\u0435 \u043f\u043e\u0442\u0440\u0435\u0431\u0443\u0454 \u0434\u043e\u0441\u0432\u0456\u0434\u0443 \u0447\u0438 \u0437\u043d\u0430\u043d\u043d\u044f \u043e\u043f\u0435\u0440\u0430\u0446\u0456\u0439\u043d\u0438\u0445 \u043f\u043b\u0430\u0442\u0444\u043e\u0440\u043c. <a href=\"https:\/\/szkolenia-udt.pl\/ua\/kursy\/podesty-ruchome\/\">\u041a\u0443\u0440\u0441 \u0434\u043b\u044f \u043c\u043e\u0431\u0456\u043b\u044c\u043d\u0438\u0445 \u043f\u043b\u0430\u0442\u0444\u043e\u0440\u043c<\/a> hanging \u0431\u0443\u0432 \u0440\u043e\u0437\u0440\u043e\u0431\u043b\u0435\u043d\u0438\u0439 \u0434\u043b\u044f \u043f\u043e\u0447\u0430\u0442\u043a\u0456\u0432\u0446\u0456\u0432, \u044f\u043a\u0456 \u0445\u043e\u0447\u0443\u0442\u044c \u043e\u0442\u0440\u0438\u043c\u0430\u0442\u0438 \u043a\u0432\u0430\u043b\u0456\u0444\u0456\u043a\u0430\u0446\u0456\u044e, \u0432\u0438\u0434\u0430\u043d\u0443 \u0423\u0414\u0422 \u0437\u0430 \u043d\u043e\u0432\u043e\u044e \u043f\u0440\u043e\u0444\u0435\u0441\u0456\u0454\u044e. \u0417\u0430 \u043f\u043e\u0442\u0440\u0435\u0431\u0438 \u0442\u0430\u043a\u043e\u0436 \u0441\u0442\u0432\u043e\u0440\u044e\u0454\u043c\u043e \u0433\u0440\u0443\u043f\u0438 \u0434\u043b\u044f \u043b\u044e\u0434\u0435\u0439 \u0437 \u0434\u043e\u0441\u0432\u0456\u0434\u043e\u043c, \u044f\u043a\u0456 \u0445\u043e\u0447\u0443\u0442\u044c \u043b\u0438\u0448\u0435 \u0434\u043e\u043f\u043e\u0432\u043d\u0438\u0442\u0438 \u0447\u0438 \u043e\u043d\u043e\u0432\u0438\u0442\u0438 \u0441\u0432\u043e\u0457 \u0437\u043d\u0430\u043d\u043d\u044f. \u0423 \u0442\u0430\u043a\u0438\u0445 \u0433\u0440\u0443\u043f\u0430\u0445 \u0447\u0430\u0441, \u043d\u0435\u043e\u0431\u0445\u0456\u0434\u043d\u0438\u0439 \u0434\u043b\u044f \u043d\u0430\u0432\u0447\u0430\u043d\u043d\u044f, \u043c\u0435\u043d\u0448\u0438\u0439, \u043e\u0441\u043a\u0456\u043b\u044c\u043a\u0438 \u043d\u0435 \u0432\u0441\u0456 \u0442\u0435\u043c\u0438, \u043d\u0435\u043e\u0431\u0445\u0456\u0434\u043d\u0456 \u0434\u043b\u044f \u0456\u0441\u043f\u0438\u0442\u0443, \u0440\u043e\u0437\u0433\u043b\u044f\u0434\u0430\u044e\u0442\u044c\u0441\u044f.<\/p>\n<div class=\"filmw\">\n<div class=\"responsive-youtube\"><iframe loading=\"lazy\" title=\"\u0412\u0456\u0434\u0435\u043e\u043f\u043b\u0435\u0454\u0440 YouTube\" src=\"https:\/\/www.youtube.com\/embed\/OUKdY5V51M4\" width=\"560\" height=\"315\" frameborder=\"0\" allowfullscreen=\"allowfullscreen\"><\/iframe><\/div>\n<\/div>\n<h2>\u041a\u0443\u0440\u0441 - \u043c\u043e\u0431\u0456\u043b\u044c\u043d\u0456 \u043f\u043b\u0430\u0442\u0444\u043e\u0440\u043c\u0438: \u0446\u0456\u043d\u0430, \u0434\u0430\u0442\u0438, \u043c\u0456\u0441\u0446\u0435 \u0437\u0430\u043d\u044f\u0442\u044c<\/h2>\n<p>\u0414\u0430\u0442\u0438 \u043d\u0430\u0439\u0431\u043b\u0438\u0436\u0447\u0438\u0445 \u043d\u0430\u0432\u0447\u0430\u043b\u044c\u043d\u0438\u0445 \u043a\u0443\u0440\u0441\u0456\u0432 \u043c\u0438 \u043f\u0443\u0431\u043b\u0456\u043a\u0443\u0454\u043c\u043e \u043d\u0430 \u043d\u0430\u0448\u043e\u043c\u0443 \u0441\u0430\u0439\u0442\u0456. \u0417\u0430\u043d\u044f\u0442\u0442\u044f \u043f\u0440\u043e\u0432\u043e\u0434\u044f\u0442\u044c\u0441\u044f \u0432 \u043d\u0430\u0448\u043e\u043c\u0443 \u0433\u043e\u043b\u043e\u0432\u043d\u043e\u043c\u0443 \u043e\u0444\u0456\u0441\u0456 \u0443 \u0412\u0430\u0440\u0448\u0430\u0432\u0456 \u0430\u0431\u043e \u0443 \u0444\u0456\u043b\u0456\u044f\u0445: \u041a\u0440\u0430\u043a\u0456\u0432, \u041a\u0430\u0442\u043e\u0432\u0456\u0446\u0435. \u0422\u0430\u043a\u043e\u0436 \u043c\u0438 \u043e\u0440\u0433\u0430\u043d\u0456\u0437\u043e\u0432\u0443\u0454\u043c\u043e \u043d\u0430\u0432\u0447\u0430\u043d\u043d\u044f \u043d\u0430 \u043f\u0456\u0434\u0432\u0456\u0441\u043d\u0438\u0445 \u043f\u043b\u0430\u0442\u0444\u043e\u0440\u043c\u0430\u0445 \u0434\u043b\u044f \u043a\u043e\u043c\u043f\u0430\u043d\u0456\u0439, \u043d\u0430 \u0442\u0435\u0440\u0438\u0442\u043e\u0440\u0456\u0457 \u043a\u043b\u0456\u0454\u043d\u0442\u0430.<\/p>\n<p>\u0422\u043e\u0447\u043d\u0443 \u0432\u0430\u0440\u0442\u0456\u0441\u0442\u044c \u0443\u0447\u0430\u0441\u0442\u0456 \u0432 \u0442\u0440\u0435\u043d\u0456\u043d\u0433\u0443 \u043c\u0438 \u043d\u0430\u0434\u0430\u0454\u043c\u043e \u043d\u0430\u0448\u0438\u043c \u043a\u043b\u0456\u0454\u043d\u0442\u0430\u043c \u043d\u0430 \u0435\u0442\u0430\u043f\u0456 \u0440\u0435\u0454\u0441\u0442\u0440\u0430\u0446\u0456\u0457, \u0442.\u043a <a href=\"https:\/\/szkolenia-udt.pl\/ua\/oferta\/\">\u0446\u0456\u043d\u0430<\/a> \u043d\u0435 \u0454 \u043f\u043e\u0441\u0442\u0456\u0439\u043d\u0438\u043c \u0456 \u043c\u043e\u0436\u0435 \u0437\u0430\u043b\u0435\u0436\u0430\u0442\u0438 \u0432\u0456\u0434 \u043a\u0456\u043b\u044c\u043a\u043e\u0445 \u0444\u0430\u043a\u0442\u043e\u0440\u0456\u0432.<\/p>\n<h2>\u0414\u043e\u0437\u0432\u043e\u043b\u0438 \u0434\u043b\u044f \u043f\u0456\u0434\u0432\u0456\u0448\u0443\u0432\u0430\u043d\u043d\u044f \u043c\u043e\u0431\u0456\u043b\u044c\u043d\u0438\u0445 \u043f\u043b\u0430\u0442\u0444\u043e\u0440\u043c<\/h2>\n<p>\u0426\u0435\u0439 \u0442\u0438\u043f \u043f\u043b\u0430\u0442\u0444\u043e\u0440\u043c \u043a\u043b\u0430\u0441\u0438\u0444\u0456\u043a\u0443\u0454\u0442\u044c\u0441\u044f UDT \u044f\u043a \u043a\u0430\u0442\u0435\u0433\u043e\u0440\u0456\u044f II P. \u041a\u0432\u0430\u043b\u0456\u0444\u0456\u043a\u0430\u0446\u0456\u044f \u0432 \u0446\u0456\u0439 \u043a\u0430\u0442\u0435\u0433\u043e\u0440\u0456\u0457 \u0432\u0438\u0434\u0430\u0454\u0442\u044c\u0441\u044f \u043d\u0430 10 \u0440\u043e\u043a\u0456\u0432.<\/p>\n<p>\u041f\u0456\u0434\u0441\u0442\u0430\u0432\u043e\u044e \u0434\u043b\u044f \u0457\u0445 \u0432\u0438\u0434\u0430\u0447\u0456 \u0454 \u0441\u043a\u043b\u0430\u0434\u0435\u043d\u0438\u0439 \u0434\u0435\u0440\u0436\u0430\u0432\u043d\u0438\u0439 \u0456\u0441\u043f\u0438\u0442, \u043e\u0440\u0433\u0430\u043d\u0456\u0437\u043e\u0432\u0430\u043d\u0438\u0439 \u043d\u0430\u043f\u0440\u0438\u043a\u0456\u043d\u0446\u0456 \u043d\u0430\u0432\u0447\u0430\u043d\u043d\u044f. \u0423\u0414\u0422 \u043f\u0440\u0438\u0437\u043d\u0430\u0447\u0430\u0454 \u0456\u043d\u0441\u043f\u0435\u043a\u0442\u043e\u0440\u0456\u0432 \u0434\u043b\u044f \u0457\u0457 \u043f\u0440\u043e\u0432\u0435\u0434\u0435\u043d\u043d\u044f \u0442\u0430 \u0432\u0438\u0441\u0442\u0443\u043f\u0430\u0454 \u043f\u043e\u0441\u0435\u0440\u0435\u0434\u043d\u0438\u043a\u043e\u043c \u0432 \u043e\u0440\u0433\u0430\u043d\u0456\u0437\u0430\u0446\u0456\u0457 \u043f\u0440\u043e\u0446\u0435\u0441\u0443 \u043a\u0432\u0430\u043b\u0456\u0444\u0456\u043a\u0430\u0446\u0456\u0439\u043d\u043e\u0457 \u043f\u0435\u0440\u0435\u0432\u0456\u0440\u043a\u0438 <a href=\"https:\/\/szkolenia-udt.pl\/ua\/o-firmie\/\">\u0446\u0435\u043d\u0442\u0440<\/a>. \u0421\u0442\u0443\u0434\u0435\u043d\u0442\u0438 \u043d\u0435 \u043f\u043e\u0432\u0438\u043d\u043d\u0456 \u0440\u043e\u0431\u0438\u0442\u0438 \u0446\u0435 \u043e\u0441\u043e\u0431\u0438\u0441\u0442\u043e. UDT Warszawa \u043d\u0435\u0441\u0435 \u0432\u0456\u0434\u043f\u043e\u0432\u0456\u0434\u0430\u043b\u044c\u043d\u0456\u0441\u0442\u044c \u0437\u0430 \u043f\u0440\u043e\u0432\u0435\u0434\u0435\u043d\u043d\u044f \u0456\u0441\u043f\u0438\u0442\u0443 \u0434\u043b\u044f \u043e\u0441\u0456\u0431, \u044f\u043a\u0456 \u0431\u0435\u0440\u0443\u0442\u044c \u0443\u0447\u0430\u0441\u0442\u044c \u0443 \u0442\u0440\u0435\u043d\u0456\u043d\u0433\u0430\u0445, \u0443 \u043c\u0456\u0441\u0446\u0456 \u0440\u043e\u0437\u0442\u0430\u0448\u0443\u0432\u0430\u043d\u043d\u044f \u0426\u0435\u043d\u0442\u0440\u0443, \u0430 \u0432 \u0456\u043d\u0448\u0438\u0445 \u043c\u0456\u0441\u0446\u044f\u0445 \u2013 \u043e\u0444\u0456\u0441\u0430\u0445 \u041e\u0444\u0456\u0441\u0443.<\/p>\n<p>\u0406\u0441\u043f\u0438\u0442 \u0441\u043a\u043b\u0430\u0434\u0430\u0454\u0442\u044c\u0441\u044f \u0437 \u0442\u0435\u043e\u0440\u0435\u0442\u0438\u0447\u043d\u043e\u0433\u043e (\u0437\u0430\u043b\u0456\u043a) \u0456 \u043f\u0440\u0430\u043a\u0442\u0438\u0447\u043d\u043e\u0433\u043e (\u043f\u0435\u0440\u0435\u0432\u0456\u0440\u043a\u0430 \u0432\u043c\u0456\u043d\u043d\u044f \u043a\u043e\u0440\u0438\u0441\u0442\u0443\u0432\u0430\u0442\u0438\u0441\u044f \u043f\u0440\u0438\u043b\u0430\u0434\u043e\u043c).<\/p>\n<p><a href=\"https:\/\/szkolenia-udt.pl\/wp-content\/uploads\/2021\/08\/szkolenia-udt-0018-oso-podesty-ruchime-wiszace.jpg\"><img loading=\"lazy\" decoding=\"async\" class=\"alignnone wp-image-2407 size-large\" src=\"https:\/\/szkolenia-udt.pl\/wp-content\/uploads\/2021\/08\/szkolenia-udt-0018-oso-podesty-ruchime-wiszace-1024x853.jpg\" alt=\"\u0417 \u0432\u0438\u043a\u043e\u0440\u0438\u0441\u0442\u0430\u043d\u043d\u044f\u043c \u043f\u0456\u0434\u0432\u0456\u0441\u043d\u043e\u0457 \u043c\u043e\u0431\u0456\u043b\u044c\u043d\u043e\u0457 \u043f\u043b\u0430\u0442\u0444\u043e\u0440\u043c\u0438 \u043b\u0435\u0433\u043a\u043e \u043f\u0440\u043e\u0432\u043e\u0434\u0438\u0442\u0438 \u0442\u0430\u043a\u0456 \u0440\u043e\u0431\u043e\u0442\u0438, \u044f\u043a \u0444\u0430\u0440\u0431\u0443\u0432\u0430\u043d\u043d\u044f, \u043f\u0440\u0438\u0431\u0438\u0440\u0430\u043d\u043d\u044f, \u0448\u043b\u0456\u0444\u0443\u0432\u0430\u043d\u043d\u044f \u0444\u0430\u0441\u0430\u0434\u0443.\" width=\"750\" height=\"625\" srcset=\"https:\/\/szkolenia-udt.pl\/wp-content\/uploads\/2021\/08\/szkolenia-udt-0018-oso-podesty-ruchime-wiszace-1024x853.jpg 1024w, https:\/\/szkolenia-udt.pl\/wp-content\/uploads\/2021\/08\/szkolenia-udt-0018-oso-podesty-ruchime-wiszace-300x250.jpg 300w, https:\/\/szkolenia-udt.pl\/wp-content\/uploads\/2021\/08\/szkolenia-udt-0018-oso-podesty-ruchime-wiszace-768x640.jpg 768w, https:\/\/szkolenia-udt.pl\/wp-content\/uploads\/2021\/08\/szkolenia-udt-0018-oso-podesty-ruchime-wiszace.jpg 1200w\" sizes=\"auto, (max-width: 750px) 100vw, 750px\" \/><\/a><\/p>","protected":false},"excerpt":{"rendered":"<p>To zaj\u0119cia przeznaczone dla os\u00f3b, kt\u00f3re planuj\u0105 prac\u0119 w zawodzie operatora podest\u00f3w wisz\u0105cych i chc\u0105 zdoby\u0107 niezb\u0119dne uprawnienia UDT. Na kurs zapraszamy zar\u00f3wno osoby nieposiadaj\u0105ce do\u015bwiadczenia, jak i takie, kt\u00f3re pracowa\u0142y ju\u017c na podestach. Organizujemy zaj\u0119cia dla pocz\u0105tkuj\u0105cych, od podstaw, oraz dla zaawansowanych. Na koniec ka\u017cdego kursu organizowany jest egzamin pa\u0144stwowy, kt\u00f3rego zaliczenie oznacza otrzymanie [&hellip;]<\/p>\n","protected":false},"author":3,"featured_media":2499,"parent":2266,"menu_order":0,"comment_status":"closed","ping_status":"closed","template":"","meta":{"footnotes":""},"class_list":["post-2404","page","type-page","status-publish","has-post-thumbnail","hentry"],"aioseo_notices":[],"_links":{"self":[{"href":"https:\/\/szkolenia-udt.pl\/ua\/wp-json\/wp\/v2\/pages\/2404","targetHints":{"allow":["GET"]}}],"collection":[{"href":"https:\/\/szkolenia-udt.pl\/ua\/wp-json\/wp\/v2\/pages"}],"about":[{"href":"https:\/\/szkolenia-udt.pl\/ua\/wp-json\/wp\/v2\/types\/page"}],"author":[{"embeddable":true,"href":"https:\/\/szkolenia-udt.pl\/ua\/wp-json\/wp\/v2\/users\/3"}],"replies":[{"embeddable":true,"href":"https:\/\/szkolenia-udt.pl\/ua\/wp-json\/wp\/v2\/comments?post=2404"}],"version-history":[{"count":6,"href":"https:\/\/szkolenia-udt.pl\/ua\/wp-json\/wp\/v2\/pages\/2404\/revisions"}],"predecessor-version":[{"id":4523,"href":"https:\/\/szkolenia-udt.pl\/ua\/wp-json\/wp\/v2\/pages\/2404\/revisions\/4523"}],"up":[{"embeddable":true,"href":"https:\/\/szkolenia-udt.pl\/ua\/wp-json\/wp\/v2\/pages\/2266"}],"wp:featuredmedia":[{"embeddable":true,"href":"https:\/\/szkolenia-udt.pl\/ua\/wp-json\/wp\/v2\/media\/2499"}],"wp:attachment":[{"href":"https:\/\/szkolenia-udt.pl\/ua\/wp-json\/wp\/v2\/media?parent=2404"}],"curies":[{"name":"wp","href":"https:\/\/api.w.org\/{rel}","templated":true}]}}