{"id":2438,"date":"2021-08-22T09:19:16","date_gmt":"2021-08-22T09:19:16","guid":{"rendered":"https:\/\/szkolenia-udt.pl\/?page_id=2438"},"modified":"2023-03-13T16:34:16","modified_gmt":"2023-03-13T15:34:16","slug":"%d1%82%d0%b8%d1%85%d0%be%d1%85%d0%be%d0%b4%d0%be%d0%b2%d1%96-%d0%bd%d0%be%d0%b6%d0%b8%d1%86%d1%96-%d0%bf%d1%96%d0%b4%d0%b9%d0%be%d0%bc%d0%bd%d0%b8%d0%ba%d0%b8","status":"publish","type":"page","link":"https:\/\/szkolenia-udt.pl\/ua\/kursy\/uprawnienia-udt-tdt-wdt\/podnosniki-nozycowe-wolnobiezne\/","title":{"rendered":"\u041d\u0438\u0437\u044c\u043a\u043e\u0448\u0432\u0438\u0434\u043a\u0456\u0441\u043d\u0456 \u043d\u043e\u0436\u0438\u0447\u043d\u0456 \u043f\u0456\u0434\u0439\u043e\u043c\u043d\u0438\u043a\u0438"},"content":{"rendered":"<p><a href=\"https:\/\/szkolenia-udt.pl\/wp-content\/uploads\/2021\/08\/szkolenia-udt.pl-0014-OPUBLIKOWANY-v1.jpg\"><img loading=\"lazy\" decoding=\"async\" class=\"paddingleft10 alignleft wp-image-2488 size-medium\" src=\"https:\/\/szkolenia-udt.pl\/wp-content\/uploads\/2021\/08\/szkolenia-udt.pl-0014-OPUBLIKOWANY-v1-300x225.jpg\" alt=\"\u041d\u043e\u0436\u0438\u0447\u043d\u0456 \u043f\u0456\u0434\u0439\u043e\u043c\u043d\u0438\u043a\u0438 (\u043f\u0456\u0434\u0439\u043e\u043c\u043d\u0438\u043a\u0438) - \u0440\u0456\u0437\u043d\u043e\u0432\u0438\u0434 \u0442\u0438\u0445\u043e\u0445\u0456\u0434\u043d\u0438\u0445, \u043f\u0435\u0440\u0435\u0441\u0443\u0432\u043d\u0438\u0445, \u043c\u043e\u0431\u0456\u043b\u044c\u043d\u0438\u0445 \u043f\u043b\u0430\u0442\u0444\u043e\u0440\u043c\" width=\"300\" height=\"225\" srcset=\"https:\/\/szkolenia-udt.pl\/wp-content\/uploads\/2021\/08\/szkolenia-udt.pl-0014-OPUBLIKOWANY-v1-300x225.jpg 300w, https:\/\/szkolenia-udt.pl\/wp-content\/uploads\/2021\/08\/szkolenia-udt.pl-0014-OPUBLIKOWANY-v1-1024x768.jpg 1024w, https:\/\/szkolenia-udt.pl\/wp-content\/uploads\/2021\/08\/szkolenia-udt.pl-0014-OPUBLIKOWANY-v1-768x576.jpg 768w, https:\/\/szkolenia-udt.pl\/wp-content\/uploads\/2021\/08\/szkolenia-udt.pl-0014-OPUBLIKOWANY-v1-1536x1152.jpg 1536w, https:\/\/szkolenia-udt.pl\/wp-content\/uploads\/2021\/08\/szkolenia-udt.pl-0014-OPUBLIKOWANY-v1-135x100.jpg 135w, https:\/\/szkolenia-udt.pl\/wp-content\/uploads\/2021\/08\/szkolenia-udt.pl-0014-OPUBLIKOWANY-v1.jpg 1800w\" sizes=\"auto, (max-width: 300px) 100vw, 300px\" \/><\/a>\u041f\u0456\u0434\u0439\u043e\u043c\u043d\u0438\u043a \u043d\u043e\u0436\u0438\u0447\u043d\u0438\u0439 (\u043e\u0444\u0456\u0446\u0456\u0439\u043d\u0430 \u043d\u0430\u0437\u0432\u0430: \u0442\u0438\u0445\u043e\u0445\u0456\u0434\u043d\u0430 \u043f\u0435\u0440\u0435\u0441\u0443\u0432\u043d\u0430 \u043f\u043b\u0430\u0442\u0444\u043e\u0440\u043c\u0430) \u2014 \u0443\u043d\u0456\u0432\u0435\u0440\u0441\u0430\u043b\u044c\u043d\u0438\u0439 \u043f\u0440\u0438\u0441\u0442\u0440\u0456\u0439 \u0434\u043b\u044f \u043f\u0456\u0434\u0439\u043e\u043c\u0443 \u043b\u044e\u0434\u0435\u0439, \u0449\u043e \u043f\u0440\u0430\u0446\u044e\u044e\u0442\u044c \u043d\u0430 \u0432\u0438\u0441\u043e\u0442\u0456. \u0422\u0430\u043a \u0437\u0432\u0430\u043d\u0456 \u0422\u0438\u0445\u043e\u0445\u0456\u0434\u043d\u0438\u0439 \u043d\u043e\u0436\u0438\u0447\u043d\u0438\u0439 \u043f\u0456\u0434\u0439\u043e\u043c\u043d\u0438\u043a \u0441\u043a\u043b\u0430\u0434\u0430\u0454\u0442\u044c\u0441\u044f \u0437 \u043f\u043b\u0430\u0442\u0444\u043e\u0440\u043c\u0438, \u043d\u0430 \u044f\u043a\u0443 \u0437\u0430\u0445\u043e\u0434\u044f\u0442\u044c \u0441\u043f\u0456\u0432\u0440\u043e\u0431\u0456\u0442\u043d\u0438\u043a\u0438, \u0456 \u0432\u0456\u0434\u043a\u0438\u0434\u043d\u0438\u0445 \u0435\u043b\u0435\u043c\u0435\u043d\u0442\u0456\u0432, \u0449\u043e \u043d\u0430\u0433\u0430\u0434\u0443\u044e\u0442\u044c \u043d\u043e\u0436\u0438\u0446\u0456. \u0412\u0441\u0435 \u0440\u043e\u0437\u043c\u0456\u0449\u0435\u043d\u043e \u043d\u0430 \u0432\u0456\u0437\u043a\u0443.<\/p>\n<h2>\u0412\u0438\u0434\u0438 \u043d\u043e\u0436\u0438\u0447\u043d\u0438\u0445 \u043f\u0456\u0434\u0439\u043e\u043c\u043d\u0438\u043a\u0456\u0432<\/h2>\n<p>\u0426\u0456 \u0432\u0438\u0434\u0438 \u043f\u0456\u0434\u0439\u043e\u043c\u043d\u0438\u043a\u0456\u0432 \u0432\u0456\u0434\u0440\u0456\u0437\u043d\u044f\u044e\u0442\u044c\u0441\u044f \u043e\u0434\u0438\u043d \u0432\u0456\u0434 \u043e\u0434\u043d\u043e\u0433\u043e \u0432 \u043e\u0441\u043d\u043e\u0432\u043d\u043e\u043c\u0443 \u0442\u0438\u043f\u043e\u043c \u043f\u0440\u0438\u0432\u043e\u0434\u0443:<\/p>\n<ul>\n<li>\u0415\u043b\u0435\u043a\u0442\u0440\u043e\u043f\u0440\u0438\u0432\u043e\u0434: \u0435\u043b\u0435\u043a\u0442\u0440\u0438\u0447\u043d\u0456 \u043d\u043e\u0436\u0438\u0447\u043d\u0456 \u043f\u0456\u0434\u0439\u043e\u043c\u043d\u0438\u043a\u0438 \u043c\u0430\u044e\u0442\u044c \u0435\u0444\u0435\u043a\u0442\u0438\u0432\u043d\u0456 \u0430\u043a\u0443\u043c\u0443\u043b\u044f\u0442\u043e\u0440\u0438. \u0417\u0430\u0437\u0432\u0438\u0447\u0430\u0439 \u0432\u043e\u043d\u0438 \u043d\u0435\u0432\u0435\u043b\u0438\u043a\u0456, \u043b\u0435\u0433\u043a\u043e \u043a\u0435\u0440\u043e\u0432\u0430\u043d\u0456 \u0442\u0430 \u043c\u0430\u043d\u0435\u0432\u0440\u0435\u043d\u0456. \u0412\u043e\u043d\u0438 \u0434\u043e\u0431\u0440\u0435 \u043f\u0440\u0430\u0446\u044e\u044e\u0442\u044c \u0443 \u043f\u0440\u0438\u043c\u0456\u0449\u0435\u043d\u043d\u0456.<\/li>\n<li>\u041f\u0440\u0438\u0432\u0456\u0434 \u0437\u0433\u043e\u0440\u044f\u043d\u043d\u044f: \u0446\u0456 \u0442\u0438\u043f\u0438 \u0434\u043e\u043c\u043a\u0440\u0430\u0442\u0456\u0432 \u0432 \u043e\u0441\u043d\u043e\u0432\u043d\u043e\u043c\u0443 \u043f\u0440\u0438\u0437\u043d\u0430\u0447\u0435\u043d\u0456 \u0434\u043b\u044f \u043f\u043e\u043b\u044c\u043e\u0432\u0438\u0445 \u0440\u043e\u0431\u0456\u0442. \u0423 \u043d\u0438\u0445 \u0447\u0430\u0441\u0442\u043e \u0454 4WD, \u0442\u043e\u043c\u0443 \u0432\u043e\u043d\u0438 \u0434\u043e\u0431\u0440\u0435 \u0441\u043f\u0440\u0430\u0432\u043b\u044f\u044e\u0442\u044c\u0441\u044f \u0437 \u043d\u0435\u0440\u0456\u0432\u043d\u043e\u0441\u0442\u044f\u043c\u0438.<\/li>\n<\/ul>\n<div style=\"width: 640px;\" class=\"wp-video\"><video id=\"video-2438-1\" width=\"640\" height=\"360\" poster=\"https:\/\/szkolenia-udt.pl\/wp-content\/uploads\/2023\/03\/okladka-podnosnik-OSO.jpg\" preload=\"metadata\" controls=\"controls\"><source type=\"video\/mp4\" src=\"https:\/\/szkolenia-udt.pl\/wp-content\/uploads\/2023\/03\/podnosnik-SZKOLENIA-UDT.PL-OSO.mp4?_=1\" \/><a href=\"https:\/\/szkolenia-udt.pl\/wp-content\/uploads\/2023\/03\/podnosnik-SZKOLENIA-UDT.PL-OSO.mp4\">https:\/\/szkolenia-udt.pl\/wp-content\/uploads\/2023\/03\/podnosnik-SZKOLENIA-UDT.PL-OSO.mp4<\/a><\/video><\/div>\n<h2>\u041f\u0435\u0440\u0435\u0432\u0430\u0433\u0438 \u043d\u043e\u0436\u0438\u0447\u043d\u0438\u0445 \u043f\u0456\u0434\u0439\u043e\u043c\u043d\u0438\u043a\u0456\u0432:<\/h2>\n<ul>\n<li>\u0412\u0435\u043b\u0438\u043a\u0430 \u043f\u043b\u0430\u0442\u0444\u043e\u0440\u043c\u0430 \u0434\u043e\u0437\u0432\u043e\u043b\u044f\u0454 \u043f\u0435\u0440\u0435\u0432\u043e\u0437\u0438\u0442\u0438 \u0434\u043e 7 \u043e\u0441\u0456\u0431 \u043e\u0434\u043d\u043e\u0447\u0430\u0441\u043d\u043e<\/li>\n<li>\u041c\u0430\u043d\u0435\u0432\u0440\u0435\u043d\u0456\u0441\u0442\u044c \u0456 \u043a\u043e\u043c\u043f\u0430\u043a\u0442\u043d\u0456\u0441\u0442\u044c - \u0437\u0430\u0432\u0434\u044f\u043a\u0438 \u043d\u0435\u0432\u0435\u043b\u0438\u043a\u043e\u043c\u0443 \u0440\u043e\u0437\u043c\u0456\u0440\u0443 \u0457\u0445 \u043c\u043e\u0436\u043d\u0430 \u0432\u0438\u043a\u043e\u0440\u0438\u0441\u0442\u043e\u0432\u0443\u0432\u0430\u0442\u0438 \u0432\u0441\u0435\u0440\u0435\u0434\u0438\u043d\u0456 \u0431\u0443\u0434\u0456\u0432\u0435\u043b\u044c \u0430\u0431\u043e \u0443 \u0432\u0430\u0436\u043a\u043e\u0434\u043e\u0441\u0442\u0443\u043f\u043d\u0438\u0445 \u043c\u0456\u0441\u0446\u044f\u0445<\/li>\n<li>\u0428\u0438\u0440\u043e\u043a\u043e \u0432\u0438\u043a\u043e\u0440\u0438\u0441\u0442\u043e\u0432\u0443\u0454\u0442\u044c\u0441\u044f: \u0434\u043b\u044f \u0440\u0435\u043c\u043e\u043d\u0442\u043d\u0438\u0445 \u0440\u043e\u0431\u0456\u0442 \u0437\u043e\u0432\u043d\u0456 \u0431\u0443\u0434\u0456\u0432\u0435\u043b\u044c, \u0444\u0430\u0440\u0431\u0443\u0432\u0430\u043d\u043d\u044f \u0442\u0430 \u0442\u0435\u043f\u043b\u043e\u0456\u0437\u043e\u043b\u044f\u0446\u0456\u0457 \u0444\u0430\u0441\u0430\u0434\u0456\u0432, \u0440\u0435\u043c\u043e\u043d\u0442\u0443 \u0432\u0441\u0435\u0440\u0435\u0434\u0438\u043d\u0456 \u0431\u0443\u0434\u0456\u0432\u0435\u043b\u044c, \u0432\u0441\u0442\u0430\u043d\u043e\u0432\u043b\u0435\u043d\u043d\u044f \u0448\u0438\u0440\u043e\u043a\u043e\u0444\u043e\u0440\u043c\u0430\u0442\u043d\u043e\u0457 \u0440\u0435\u043a\u043b\u0430\u043c\u0438, \u043c\u0438\u0442\u0442\u044f \u0432\u0456\u043a\u043e\u043d \u0432 \u043e\u0444\u0456\u0441\u043d\u0438\u0445 \u0431\u0443\u0434\u0456\u0432\u043b\u044f\u0445.<\/li>\n<\/ul>\n<h2>\u042f\u043a \u043e\u0442\u0440\u0438\u043c\u0430\u0442\u0438 \u043a\u0432\u0430\u043b\u0456\u0444\u0456\u043a\u0430\u0446\u0456\u044e \u0434\u043b\u044f \u0435\u043a\u0441\u043f\u043b\u0443\u0430\u0442\u0430\u0446\u0456\u0457 \u043d\u043e\u0436\u0438\u0447\u043d\u0438\u0445 \u043f\u0456\u0434\u0439\u043e\u043c\u043d\u0438\u043a\u0456\u0432?<\/h2>\n<p>\u041d\u0430\u0434\u0430\u043d\u043d\u044f \u0434\u043e\u0437\u0432\u043e\u043b\u0456\u0432 \u0443 \u041f\u043e\u043b\u044c\u0449\u0456 \u0437\u0434\u0456\u0439\u0441\u043d\u044e\u0454\u0442\u044c\u0441\u044f \u0423\u043f\u0440\u0430\u0432\u043b\u0456\u043d\u043d\u044f\u043c \u0442\u0435\u0445\u043d\u0456\u0447\u043d\u043e\u0457 \u0456\u043d\u0441\u043f\u0435\u043a\u0446\u0456\u0457. \u041a\u0432\u0430\u043b\u0456\u0444\u0456\u043a\u0430\u0446\u0456\u044f UDT \u043d\u0430\u0434\u0430\u0454\u0442\u044c\u0441\u044f \u0434\u043b\u044f \u0432\u0441\u0456\u0445 \u0442\u0438\u043f\u0456\u0432 \u043c\u043e\u0431\u0456\u043b\u044c\u043d\u0438\u0445 \u043f\u043b\u0430\u0442\u0444\u043e\u0440\u043c, \u0432\u043a\u043b\u044e\u0447\u0430\u044e\u0447\u0438 \u043d\u043e\u0436\u0438\u0447\u043d\u0456 \u043f\u0456\u0434\u0439\u043e\u043c\u043d\u0438\u043a\u0438. \u0421\u0435\u0440\u0432\u0456\u0441\u043d\u0456 \u0434\u043e\u043f\u0443\u0441\u043a\u0438 \u0434\u0456\u0439\u0441\u043d\u0456 \u043f\u0440\u043e\u0442\u044f\u0433\u043e\u043c 5 \u0430\u0431\u043e 10 \u0440\u043e\u043a\u0456\u0432 (\u0437\u0430\u043b\u0435\u0436\u043d\u043e \u0432\u0456\u0434 \u043f\u0440\u0438\u0441\u0442\u0440\u043e\u044e) \u043f\u0456\u0441\u043b\u044f \u0437\u0434\u0430\u0447\u0456 \u0456\u0441\u043f\u0438\u0442\u0443. \u041f\u0435\u0440\u0435\u0432\u0456\u0440\u043a\u0430 \u043a\u0432\u0430\u043b\u0456\u0444\u0456\u043a\u0430\u0446\u0456\u0457 \u043a\u0430\u043d\u0434\u0438\u0434\u0430\u0442\u0456\u0432 \u0441\u043a\u043b\u0430\u0434\u0430\u0454\u0442\u044c\u0441\u044f \u0437 \u0442\u0435\u043e\u0440\u0435\u0442\u0438\u0447\u043d\u043e\u0457 \u0442\u0430 \u043f\u0440\u0430\u043a\u0442\u0438\u0447\u043d\u043e\u0457 \u0447\u0430\u0441\u0442\u0438\u043d.<\/p>\n<div class=\"filmw\">\n<div class=\"responsive-youtube\"><iframe loading=\"lazy\" title=\"\u0412\u0456\u0434\u0435\u043e\u043f\u043b\u0435\u0454\u0440 YouTube\" src=\"https:\/\/www.youtube.com\/embed\/OUKdY5V51M4\" width=\"560\" height=\"315\" frameborder=\"0\" allowfullscreen=\"allowfullscreen\"><\/iframe><\/div>\n<\/div>\n<h2>\u041a\u0432\u0430\u043b\u0456\u0444\u0456\u043a\u0430\u0446\u0456\u044f UDT: \u043d\u0430\u0432\u0447\u0430\u043d\u043d\u044f \u0447\u0438 \u0456\u043d\u0434\u0438\u0432\u0456\u0434\u0443\u0430\u043b\u044c\u043d\u0435 \u043d\u0430\u0432\u0447\u0430\u043d\u043d\u044f?<\/h2>\n<p>\u041a\u0443\u0440\u0441 \u0434\u043e\u0437\u0432\u043e\u043b\u044f\u0454 \u043e\u0442\u0440\u0438\u043c\u0430\u0442\u0438 \u0442\u0435\u043e\u0440\u0435\u0442\u0438\u0447\u043d\u0456 \u0442\u0430 \u043f\u0440\u0430\u043a\u0442\u0438\u0447\u043d\u0456 \u0437\u043d\u0430\u043d\u043d\u044f, \u0430 \u0442\u0430\u043a\u043e\u0436 \u0441\u0438\u0441\u0442\u0435\u043c\u0430\u0442\u0438\u0437\u0443\u0432\u0430\u0442\u0438 \u0457\u0445 \u0434\u043b\u044f \u043b\u044e\u0434\u0435\u0439, \u044f\u043a\u0456 \u0432\u0436\u0435 \u043c\u0430\u043b\u0438 \u0441\u043f\u0440\u0430\u0432\u0443 \u0437 \u0434\u0430\u043d\u0438\u043c \u0442\u0438\u043f\u043e\u043c \u043f\u0440\u0438\u0441\u0442\u0440\u043e\u0457\u0432.<\/p>\n<h2>\u042f\u043a \u0432\u0438\u0433\u043b\u044f\u0434\u0430\u0454 \u0442\u0440\u0430\u0441\u0430 \u0434\u043b\u044f \u043d\u0438\u0437\u044c\u043a\u043e\u0448\u0432\u0438\u0434\u043a\u0456\u0441\u043d\u0438\u0445 \u043d\u043e\u0436\u0438\u0447\u043d\u0438\u0445 \u043f\u0456\u0434\u0439\u043e\u043c\u043d\u0438\u043a\u0456\u0432?<\/h2>\n<p>\u041a\u0443\u0440\u0441 Boost Handling \u043f\u0440\u043e\u0432\u043e\u0434\u0438\u0442\u044c\u0441\u044f \u043e\u0447\u043d\u043e \u0430\u0431\u043e \u043e\u043d\u043b\u0430\u0439\u043d \u0443 \u0432\u0438\u0433\u043b\u044f\u0434\u0456 \u0430\u043a\u0442\u0438\u0432\u043d\u043e\u0433\u043e \u0432\u0435\u0431\u0456\u043d\u0430\u0440\u0443 \u0432 \u043f\u0440\u044f\u043c\u043e\u043c\u0443 \u0435\u0444\u0456\u0440\u0456. \u0412\u0456\u043d \u043c\u043e\u0436\u0435 \u0431\u0443\u0442\u0438 \u0432\u0456\u0434\u043a\u0440\u0438\u0442\u0438\u043c - \u0434\u043b\u044f \u0456\u043d\u0434\u0438\u0432\u0456\u0434\u0443\u0430\u043b\u044c\u043d\u0438\u0445 \u043a\u043b\u0456\u0454\u043d\u0442\u0456\u0432 - \u0430\u0431\u043e \u0437\u0430\u043a\u0440\u0438\u0442\u0438\u043c, \u0442\u0456\u043b\u044c\u043a\u0438 \u0434\u043b\u044f \u0441\u043f\u0456\u0432\u0440\u043e\u0431\u0456\u0442\u043d\u0438\u043a\u0456\u0432 \u0434\u0430\u043d\u043e\u0457 \u043a\u043e\u043c\u043f\u0430\u043d\u0456\u0457. \u041e\u0431\u0441\u044f\u0433 \u0437\u0430\u043d\u044f\u0442\u044c \u0432\u0456\u0434\u043f\u043e\u0432\u0456\u0434\u0430\u0454 \u043f\u0438\u0442\u0430\u043d\u043d\u044f\u043c, \u044f\u043a\u0456 \u0432\u0438\u043c\u0430\u0433\u0430\u044e\u0442\u044c\u0441\u044f \u043d\u0430 \u043a\u0432\u0430\u043b\u0456\u0444\u0456\u043a\u0430\u0446\u0456\u0439\u043d\u043e\u043c\u0443 \u0456\u0441\u043f\u0438\u0442\u0456. \u041a\u0443\u0440\u0441 \u0441\u043a\u043b\u0430\u0434\u0430\u0454\u0442\u044c\u0441\u044f \u0437 \u0442\u0435\u043e\u0440\u0435\u0442\u0438\u0447\u043d\u043e\u0457 \u0442\u0430 \u043f\u0440\u0430\u043a\u0442\u0438\u0447\u043d\u043e\u0457 \u0447\u0430\u0441\u0442\u0438\u043d\u0438, \u043f\u0456\u0434 \u0447\u0430\u0441 \u044f\u043a\u043e\u0457 \u0443\u0447\u0430\u0441\u043d\u0438\u043a\u0438 \u0434\u0456\u0437\u043d\u0430\u044e\u0442\u044c\u0441\u044f \u0441\u0435\u043a\u0440\u0435\u0442\u0438 \u043f\u043e\u0432\u043e\u0434\u0436\u0435\u043d\u043d\u044f \u0437 \u043f\u0456\u0434\u0432\u0438\u0449\u0435\u043d\u043d\u044f\u043c\u0438.<\/p>\n<p>\u0426\u0435\u0439 \u0432\u0438\u0434 \u043d\u0430\u0432\u0447\u0430\u043d\u043d\u044f \u043e\u0445\u043e\u0447\u0435 \u043e\u0431\u0438\u0440\u0430\u044e\u0442\u044c \u044f\u043a \u0456\u043d\u0434\u0438\u0432\u0456\u0434\u0443\u0430\u043b\u044c\u043d\u0456 \u043a\u043b\u0456\u0454\u043d\u0442\u0438, \u0442\u0430\u043a \u0456 \u0440\u043e\u0431\u043e\u0442\u043e\u0434\u0430\u0432\u0446\u0456, \u044f\u043a\u0456 \u0431\u0430\u0436\u0430\u044e\u0442\u044c \u043d\u0430\u0432\u0447\u0438\u0442\u0438 \u0441\u0432\u043e\u0457\u0445 \u043f\u0440\u0430\u0446\u0456\u0432\u043d\u0438\u043a\u0456\u0432 \u043d\u0430 \u043b\u0456\u0444\u0442\u0443\u0432\u0430\u043b\u044c\u043d\u0438\u043a\u0456\u0432.<\/p>\n<p><a href=\"https:\/\/szkolenia-udt.pl\/ua\/oferta\/\">\u0426\u0456\u043d\u0430<\/a> \u043a\u0443\u0440\u0441, \u0442\u0440\u0438\u0432\u0430\u043b\u0456\u0441\u0442\u044c \u0456 \u043e\u0431\u0441\u044f\u0433 \u043f\u0438\u0442\u0430\u043d\u044c \u0437\u0430\u043b\u0435\u0436\u0438\u0442\u044c \u0432\u0456\u0434 \u0456\u043d\u0434\u0438\u0432\u0456\u0434\u0443\u0430\u043b\u044c\u043d\u0438\u0445 \u0434\u043e\u043c\u043e\u0432\u043b\u0435\u043d\u043e\u0441\u0442\u0435\u0439 \u0437 \u043a\u043b\u0456\u0454\u043d\u0442\u043e\u043c, \u0439\u043e\u0433\u043e \u0434\u043e\u0441\u0432\u0456\u0434\u0443 \u0435\u043a\u0441\u043f\u043b\u0443\u0430\u0442\u0430\u0446\u0456\u0457 \u043d\u043e\u0436\u0438\u0447\u043d\u0438\u0445 \u043f\u0456\u0434\u0439\u043e\u043c\u043d\u0438\u043a\u0456\u0432 \u0456 \u043f\u043e\u0442\u0440\u0435\u0431 \u043d\u0430\u0432\u0447\u0430\u043d\u043d\u044f. \u041f\u0435\u0440\u0435\u0434 \u043e\u0446\u0456\u043d\u043a\u043e\u044e \u043c\u0438 \u0437\u0430\u0432\u0436\u0434\u0438 \u043f\u0440\u043e\u0432\u043e\u0434\u0438\u043c\u043e \u0441\u043f\u0456\u0432\u0431\u0435\u0441\u0456\u0434\u0443, \u044f\u043a\u0430 \u0434\u043e\u0437\u0432\u043e\u043b\u044f\u0454 \u043d\u0430\u043c \u043e\u0442\u0440\u0438\u043c\u0430\u0442\u0438 \u0432\u0438\u0449\u0435\u0437\u0430\u0437\u043d\u0430\u0447\u0435\u043d\u0443 \u0456\u043d\u0444\u043e\u0440\u043c\u0430\u0446\u0456\u044e.<\/p>\n<p>\u0429\u043e\u0431 \u043e\u0442\u0440\u0438\u043c\u0430\u0442\u0438 \u0434\u043e\u043a\u043b\u0430\u0434\u043d\u0456\u0448\u0443 \u0456\u043d\u0444\u043e\u0440\u043c\u0430\u0446\u0456\u044e \u043f\u0440\u043e \u043a\u0443\u0440\u0441 \u043f\u0456\u0434\u0439\u043e\u043c\u043d\u0438\u043a\u0456\u0432, \u0432\u0456\u0434\u0432\u0456\u0434\u0430\u0439\u0442\u0435 <a href=\"https:\/\/szkolenia-udt.pl\/ua\/kontakt\/\">\u0437\u0432&#039;\u044f\u0437\u0430\u0442\u0438\u0441\u044f \u043f\u043e \u0442\u0435\u043b\u0435\u0444\u043e\u043d\u0443 \u0430\u0431\u043e \u0435\u043b\u0435\u043a\u0442\u0440\u043e\u043d\u043d\u043e\u044e \u043f\u043e\u0448\u0442\u043e\u044e<\/a>.<\/p>\n<p><a href=\"https:\/\/szkolenia-udt.pl\/wp-content\/uploads\/2021\/08\/0014-oso-zwyzki-nozycowe-i-wysiegnikowe.jpg\"><img loading=\"lazy\" decoding=\"async\" class=\"alignnone wp-image-2440 size-large\" src=\"https:\/\/szkolenia-udt.pl\/wp-content\/uploads\/2021\/08\/0014-oso-zwyzki-nozycowe-i-wysiegnikowe-1024x853.jpg\" alt=\"\" width=\"750\" height=\"625\" srcset=\"https:\/\/szkolenia-udt.pl\/wp-content\/uploads\/2021\/08\/0014-oso-zwyzki-nozycowe-i-wysiegnikowe-1024x853.jpg 1024w, https:\/\/szkolenia-udt.pl\/wp-content\/uploads\/2021\/08\/0014-oso-zwyzki-nozycowe-i-wysiegnikowe-300x250.jpg 300w, https:\/\/szkolenia-udt.pl\/wp-content\/uploads\/2021\/08\/0014-oso-zwyzki-nozycowe-i-wysiegnikowe-768x640.jpg 768w, https:\/\/szkolenia-udt.pl\/wp-content\/uploads\/2021\/08\/0014-oso-zwyzki-nozycowe-i-wysiegnikowe.jpg 1200w\" sizes=\"auto, (max-width: 750px) 100vw, 750px\" \/><\/a><\/p>","protected":false},"excerpt":{"rendered":"<p>Podno\u015bnik no\u017cycowy (oficjalna nazwa to: podest ruchomy przejezdny wolnobie\u017cny) to uniwersalne urz\u0105dzenie, wykorzystywane do podnoszenia os\u00f3b pracuj\u0105cych na wysoko\u015bciach. Tzw. zwy\u017cka no\u017cycowa wolnobie\u017cna sk\u0142ada si\u0119 z platformy, na kt\u00f3r\u0105 wchodz\u0105 pracownicy oraz ze sk\u0142adanych element\u00f3w przypominaj\u0105cych no\u017cyce. Ca\u0142o\u015b\u0107 jest umieszczona na w\u00f3zku. Rodzaje zwy\u017cek no\u017cycowych Tego typu podno\u015bniki r\u00f3\u017cni\u0105 si\u0119 od siebie przede wszystkim rodzajem [&hellip;]<\/p>\n","protected":false},"author":3,"featured_media":2488,"parent":2266,"menu_order":0,"comment_status":"closed","ping_status":"closed","template":"","meta":{"footnotes":""},"class_list":["post-2438","page","type-page","status-publish","has-post-thumbnail","hentry"],"aioseo_notices":[],"_links":{"self":[{"href":"https:\/\/szkolenia-udt.pl\/ua\/wp-json\/wp\/v2\/pages\/2438","targetHints":{"allow":["GET"]}}],"collection":[{"href":"https:\/\/szkolenia-udt.pl\/ua\/wp-json\/wp\/v2\/pages"}],"about":[{"href":"https:\/\/szkolenia-udt.pl\/ua\/wp-json\/wp\/v2\/types\/page"}],"author":[{"embeddable":true,"href":"https:\/\/szkolenia-udt.pl\/ua\/wp-json\/wp\/v2\/users\/3"}],"replies":[{"embeddable":true,"href":"https:\/\/szkolenia-udt.pl\/ua\/wp-json\/wp\/v2\/comments?post=2438"}],"version-history":[{"count":8,"href":"https:\/\/szkolenia-udt.pl\/ua\/wp-json\/wp\/v2\/pages\/2438\/revisions"}],"predecessor-version":[{"id":4519,"href":"https:\/\/szkolenia-udt.pl\/ua\/wp-json\/wp\/v2\/pages\/2438\/revisions\/4519"}],"up":[{"embeddable":true,"href":"https:\/\/szkolenia-udt.pl\/ua\/wp-json\/wp\/v2\/pages\/2266"}],"wp:featuredmedia":[{"embeddable":true,"href":"https:\/\/szkolenia-udt.pl\/ua\/wp-json\/wp\/v2\/media\/2488"}],"wp:attachment":[{"href":"https:\/\/szkolenia-udt.pl\/ua\/wp-json\/wp\/v2\/media?parent=2438"}],"curies":[{"name":"wp","href":"https:\/\/api.w.org\/{rel}","templated":true}]}}