{"id":244,"date":"2014-10-08T17:09:32","date_gmt":"2014-10-08T17:09:32","guid":{"rendered":"http:\/\/szkolenia-udt.pl\/?page_id=244"},"modified":"2021-08-31T22:07:24","modified_gmt":"2021-08-31T22:07:24","slug":"%d0%bd%d0%b5%d0%b1%d0%b5%d0%b7%d0%bf%d0%b5%d0%ba%d0%b8-%d0%bf%d1%80%d0%b8-%d1%80%d0%be%d0%b1%d0%be%d1%82%d1%96-%d0%b7-%d0%bd%d0%b5%d1%80%d1%83%d1%85%d0%be%d0%bc%d0%b8%d0%bc%d0%b8-%d0%bf%d0%bb%d0%b0","status":"publish","type":"page","link":"https:\/\/szkolenia-udt.pl\/ua\/kursy\/podesty-ruchome\/zagrozenia-przy-obsludze-podestow-ruchomych\/","title":{"rendered":"\u041d\u0435\u0431\u0435\u0437\u043f\u0435\u043a\u0438 \u043f\u0456\u0434 \u0447\u0430\u0441 \u0435\u043a\u0441\u043f\u043b\u0443\u0430\u0442\u0430\u0446\u0456\u0457 \u043c\u043e\u0431\u0456\u043b\u044c\u043d\u0438\u0445 \u043f\u043b\u0430\u0442\u0444\u043e\u0440\u043c"},"content":{"rendered":"<div style=\"float: left; padding-right: 10px;\"><div id=\"metaslider-id-1420\" style=\"max-width: 300px;\" class=\"ml-slider-3-107-0 metaslider metaslider-flex metaslider-1420 ml-slider ms-theme-default nav-hidden\" role=\"region\" aria-label=\"\u043d\u0435\u0449\u0430\u0441\u043d\u0456 \u0432\u0438\u043f\u0430\u0434\u043a\u0438\" data-height=\"225\" data-width=\"300\">\n    <div id=\"metaslider_container_1420\">\n        <div id=\"metaslider_1420\">\n            <ul class='slides'>\n                <li style=\"display: block; width: 100%;\" class=\"slide-1416 ms-image\" aria-roledescription=\"slide\" data-date=\"2015-07-11 06:05:09\" data-filename=\"reswyp_09CA008d.jpg\" data-slide-type=\"image\"><img loading=\"lazy\" decoding=\"async\" src=\"https:\/\/szkolenia-udt.pl\/wp-content\/uploads\/2015\/07\/reswyp_09CA008d.jpg\" height=\"225\" width=\"300\" alt=\"\" class=\"slider-1420 slide-1416 msDefaultImage\" \/><\/li>\n                <li style=\"display: none; width: 100%;\" class=\"slide-1419 ms-image\" aria-roledescription=\"slide\" data-date=\"2015-07-11 06:05:13\" data-filename=\"reswyp_philadelphiacranex-topper-medium.jpg\" data-slide-type=\"image\"><img loading=\"lazy\" decoding=\"async\" src=\"https:\/\/szkolenia-udt.pl\/wp-content\/uploads\/2015\/07\/reswyp_philadelphiacranex-topper-medium.jpg\" height=\"225\" width=\"300\" alt=\"\" class=\"slider-1420 slide-1419 msDefaultImage\" \/><\/li>\n                <li style=\"display: none; width: 100%;\" class=\"slide-1418 ms-image\" aria-roledescription=\"slide\" data-date=\"2015-07-11 06:05:12\" data-filename=\"reswyp_8427045_448x252.jpg\" data-slide-type=\"image\"><img loading=\"lazy\" decoding=\"async\" src=\"https:\/\/szkolenia-udt.pl\/wp-content\/uploads\/2015\/07\/reswyp_8427045_448x252.jpg\" height=\"225\" width=\"300\" alt=\"\" class=\"slider-1420 slide-1418 msDefaultImage\" \/><\/li>\n                <li style=\"display: none; width: 100%;\" class=\"slide-1417 ms-image\" aria-roledescription=\"slide\" data-date=\"2015-07-11 06:05:11\" data-filename=\"reswyp_091014-07.jpg\" data-slide-type=\"image\"><img loading=\"lazy\" decoding=\"async\" src=\"https:\/\/szkolenia-udt.pl\/wp-content\/uploads\/2015\/07\/reswyp_091014-07.jpg\" height=\"225\" width=\"300\" alt=\"\" class=\"slider-1420 slide-1417 msDefaultImage\" \/><\/li>\n                <li style=\"display: none; width: 100%;\" class=\"slide-1415 ms-image\" aria-roledescription=\"slide\" data-date=\"2015-07-11 06:05:09\" data-filename=\"reswyp_07NY080c.jpg\" data-slide-type=\"image\"><img loading=\"lazy\" decoding=\"async\" src=\"https:\/\/szkolenia-udt.pl\/wp-content\/uploads\/2015\/07\/reswyp_07NY080c.jpg\" height=\"225\" width=\"300\" alt=\"\" class=\"slider-1420 slide-1415 msDefaultImage\" \/><\/li>\n                <li style=\"display: none; width: 100%;\" class=\"slide-1414 ms-image\" aria-roledescription=\"slide\" data-date=\"2015-07-11 06:05:07\" data-filename=\"reswyp_06-Scissor-Lift-Tipover-in-Wind.jpg\" data-slide-type=\"image\"><img loading=\"lazy\" decoding=\"async\" src=\"https:\/\/szkolenia-udt.pl\/wp-content\/uploads\/2015\/07\/reswyp_06-Scissor-Lift-Tipover-in-Wind.jpg\" height=\"225\" width=\"300\" alt=\"\" class=\"slider-1420 slide-1414 msDefaultImage\" \/><\/li>\n            <\/ul>\n        <\/div>\n        \n    <\/div>\n<\/div><\/div>\n<div class=\"wyjustuj\">\n<p>\u041f\u0456\u0434 \u0447\u0430\u0441 \u0440\u043e\u0431\u043e\u0442\u0438 \u0437 \u043c\u043e\u0431\u0456\u043b\u044c\u043d\u0438\u043c\u0438 \u043f\u043b\u0430\u0442\u0444\u043e\u0440\u043c\u0430\u043c\u0438 \u0432\u0438\u043d\u0438\u043a\u0430\u044e\u0442\u044c \u0440\u0456\u0437\u043d\u0456 \u043d\u0435\u0431\u0435\u0437\u043f\u0435\u043a\u0438, \u043f\u0440\u043e \u0440\u0438\u0437\u0438\u043a\u0438 \u044f\u043a\u0438\u0445 \u043f\u0440\u0430\u0446\u0456\u0432\u043d\u0438\u043a \u043f\u043e\u0432\u0438\u043d\u0435\u043d \u0437\u043d\u0430\u0442\u0438. \u0422\u0430\u043a\u0438\u043c \u0447\u0438\u043d\u043e\u043c, \u043a\u043e\u0436\u0435\u043d \u0437 \u043d\u0430\u0448\u0438\u0445 <a href=\"https:\/\/szkolenia-udt.pl\/ua\/kursy\/uprawnienia-udt-tdt-wdt\/kurs-podnosnik-koszowy\/\">\u041a\u0443\u0440\u0441 \u043d\u0430 \u0430\u0432\u0442\u043e\u0432\u0438\u0448\u043a\u0443<\/a>\u043d\u043e\u0436\u0438\u0447\u043d\u0438\u0439 \u043f\u0456\u0434\u0439\u043e\u043c\u043d\u0438\u043a \u0430\u0431\u043e \u0431\u0443\u0434\u044c-\u044f\u043a\u0430 \u0456\u043d\u0448\u0430 \u043c\u043e\u0431\u0456\u043b\u044c\u043d\u0430 \u043f\u0440\u043e\u0445\u0456\u0434\u043d\u0430 \u043f\u043b\u0430\u0442\u0444\u043e\u0440\u043c\u0430 \u0432 \u0446\u0456\u0439 \u0437\u043e\u043d\u0456 \u0442\u0430\u043a\u043e\u0436 \u043c\u0456\u0441\u0442\u0438\u0442\u044c \u0456\u043d\u0444\u043e\u0440\u043c\u0430\u0446\u0456\u044e, \u0449\u043e \u0441\u0442\u043e\u0441\u0443\u0454\u0442\u044c\u0441\u044f \u043e\u0445\u043e\u0440\u043e\u043d\u0438 \u0437\u0434\u043e\u0440\u043e\u0432'\u044f \u0442\u0430 \u0431\u0435\u0437\u043f\u0435\u043a\u0438, \u0430 \u0442\u0430\u043a\u043e\u0436 \u043d\u0430\u0439\u043f\u043e\u0448\u0438\u0440\u0435\u043d\u0456\u0448\u0438\u0445 \u043f\u0440\u0438\u0447\u0438\u043d \u043d\u0435\u0449\u0430\u0441\u043d\u0438\u0445 \u0432\u0438\u043f\u0430\u0434\u043a\u0456\u0432 \u043d\u0430 \u0440\u043e\u0431\u043e\u0442\u0456 \u043d\u0430 \u0446\u0456\u0439 \u043f\u043e\u0441\u0430\u0434\u0456.<\/p>\n<p>\u041f\u0440\u0430\u0446\u044e\u044e\u0447\u0438 \u0437 \u043c\u043e\u0431\u0456\u043b\u044c\u043d\u0438\u043c\u0438 \u043f\u043b\u0430\u0442\u0444\u043e\u0440\u043c\u0430\u043c\u0438, \u0431\u0443\u0434\u044c\u0442\u0435 \u043e\u0441\u043e\u0431\u043b\u0438\u0432\u043e \u043e\u0431\u0435\u0440\u0435\u0436\u043d\u0456 \u0442\u0430 \u043d\u0435 \u043d\u0435\u0434\u043e\u043e\u0446\u0456\u043d\u044e\u0439\u0442\u0435 \u043d\u0435\u0431\u0435\u0437\u043f\u0435\u043a\u0438 \u043d\u0430 \u0441\u0432\u043e\u0454\u043c\u0443 \u0440\u043e\u0431\u043e\u0447\u043e\u043c\u0443 \u043c\u0456\u0441\u0446\u0456.<\/p>\n<h2 class=\"boldnagl\"><strong>\u041d\u0430\u0439\u043f\u043e\u0448\u0438\u0440\u0435\u043d\u0456\u0448\u0456 \u043d\u0435\u0449\u0430\u0441\u043d\u0456 \u0432\u0438\u043f\u0430\u0434\u043a\u0438 \u043f\u0440\u0438 \u0440\u043e\u0431\u043e\u0442\u0456 \u0437 \u043c\u043e\u0431\u0456\u043b\u044c\u043d\u0438\u043c\u0438 \u043f\u043b\u0430\u0442\u0444\u043e\u0440\u043c\u0430\u043c\u0438 - \u0446\u0435, \u0437\u043e\u043a\u0440\u0435\u043c\u0430, \u043d\u0435\u0449\u0430\u0441\u043d\u0456 \u0432\u0438\u043f\u0430\u0434\u043a\u0438:<\/strong><\/h2>\n<ul>\n<li>\u043f\u0430\u0434\u0456\u043d\u043d\u044f \u0437 \u0432\u0438\u0441\u043e\u0442\u0438 \u0442\u0430 \u043f\u0430\u0434\u0456\u043d\u043d\u044f \u043d\u0430 \u0440\u043e\u0431\u043e\u0447\u0443 \u043f\u043e\u0432\u0435\u0440\u0445\u043d\u044e<\/li>\n<li>\u0432\u043f\u043b\u0438\u0432, \u0441\u043f\u0440\u0438\u0447\u0438\u043d\u0435\u043d\u0438\u0439 \u043d\u0435\u043d\u0430\u043b\u0435\u0436\u043d\u0438\u043c \u043f\u043e\u0432\u043e\u0434\u0436\u0435\u043d\u043d\u044f\u043c \u0437 \u043c\u0430\u0442\u0435\u0440\u0456\u0430\u043b\u0430\u043c\u0438<\/li>\n<li>\u0443\u0440\u0430\u0436\u0435\u043d\u043d\u044f \u0435\u043b\u0435\u043a\u0442\u0440\u0438\u0447\u043d\u0438\u043c \u0441\u0442\u0440\u0443\u043c\u043e\u043c<\/li>\n<li>\u0432\u043f\u043b\u0438\u0432 \u043d\u0430 \u043e\u0431\u043b\u0430\u0434\u043d\u0430\u043d\u043d\u044f \u0442\u0430 \u0441\u0442\u0440\u0443\u043a\u0442\u0443\u0440\u043d\u0456 \u043a\u043e\u043c\u043f\u043e\u043d\u0435\u043d\u0442\u0438<\/li>\n<li>\u0437\u0430\u0445\u043e\u043f\u043b\u0435\u043d\u043d\u044f \u043d\u0435\u0437\u0430\u0445\u0438\u0449\u0435\u043d\u0438\u043c\u0438 \u0442\u0430 \u0440\u0443\u0445\u043e\u043c\u0438\u043c\u0438 \u043c\u0435\u0445\u0430\u043d\u0456\u0437\u043c\u0430\u043c\u0438<\/li>\n<\/ul>\n<p>\u0423 \u0431\u0456\u043b\u044c\u0448\u043e\u0441\u0442\u0456 \u0432\u0438\u043f\u0430\u0434\u043a\u0456\u0432 \u043d\u0435\u0449\u0430\u0441\u043d\u0438\u043c \u0432\u0438\u043f\u0430\u0434\u043a\u0430\u043c \u043f\u0440\u0438 \u0435\u043a\u0441\u043f\u043b\u0443\u0430\u0442\u0430\u0446\u0456\u0457 \u043c\u043e\u0431\u0456\u043b\u044c\u043d\u0438\u0445 \u043f\u043b\u0430\u0442\u0444\u043e\u0440\u043c \u043c\u043e\u0436\u043d\u0430 \u0437\u0430\u043f\u043e\u0431\u0456\u0433\u0442\u0438. \u041d\u0430\u0439\u0433\u043e\u043b\u043e\u0432\u043d\u0456\u0448\u0435 - \u0434\u043e\u0442\u0440\u0438\u043c\u0443\u0432\u0430\u0442\u0438\u0441\u044f \u043f\u0440\u0430\u0432\u0438\u043b \u043e\u0445\u043e\u0440\u043e\u043d\u0438 \u043f\u0440\u0430\u0446\u0456 \u0442\u0430 \u0442\u0435\u0445\u043d\u0456\u043a\u0438 \u0431\u0435\u0437\u043f\u0435\u043a\u0438, \u0430 \u0442\u0430\u043a\u043e\u0436 UDT, \u0449\u043e \u043f\u0440\u0438\u0437\u0432\u043e\u0434\u0438\u0442\u044c \u0434\u043e \u0437\u043d\u0430\u0447\u043d\u043e\u0433\u043e \u0437\u043d\u0438\u0436\u0435\u043d\u043d\u044f \u0440\u0438\u0437\u0438\u043a\u0443.<\/p>\n<h2 class=\"boldnagl\"><strong>\u041d\u0430\u0439\u043f\u043e\u0448\u0438\u0440\u0435\u043d\u0456\u0448\u0438\u043c\u0438 \u043f\u0440\u0438\u0447\u0438\u043d\u0430\u043c\u0438 \u0432\u0438\u043d\u0438\u043a\u043d\u0435\u043d\u043d\u044f \u043d\u0435\u0449\u0430\u0441\u043d\u0438\u0445 \u0432\u0438\u043f\u0430\u0434\u043a\u0456\u0432 \u0454<\/strong><\/h2>\n<ul>\n<li style=\"text-align: left;\">\u041d\u0435\u0432\u0438\u043a\u043e\u0440\u0438\u0441\u0442\u0430\u043d\u043d\u044f \u043e\u0431\u043e\u0432'\u044f\u0437\u043a\u043e\u0432\u0438\u0445 \u0437\u0430\u0441\u043e\u0431\u0456\u0432 \u0456\u043d\u0434\u0438\u0432\u0456\u0434\u0443\u0430\u043b\u044c\u043d\u043e\u0433\u043e \u0437\u0430\u0445\u0438\u0441\u0442\u0443 - \u0434\u043b\u044f \u0437\u0430\u0445\u0438\u0441\u0442\u0443 \u0432\u0456\u0434 \u043f\u0430\u0434\u0456\u043d\u043d\u044f \u0437 \u0432\u0438\u0441\u043e\u0442\u0438, \u0446\u0435 \u0441\u0442\u043e\u0441\u0443\u0454\u0442\u044c\u0441\u044f \u0456 \u0441\u0438\u0442\u0443\u0430\u0446\u0456\u0439 \u043c\u043e\u043d\u0442\u0430\u0436\u0443 \u043f\u043b\u0430\u0442\u0444\u043e\u0440\u043c, \u0432 \u0442\u043e\u043c\u0443 \u0447\u0438\u0441\u043b\u0456 \u043f\u0456\u0434\u0432\u0456\u0441\u043d\u0438\u0445 \u043a\u043e\u043d\u0441\u0442\u0440\u0443\u043a\u0446\u0456\u0439<\/li>\n<li style=\"text-align: left;\">\u043d\u0435\u043d\u0430\u043b\u0435\u0436\u043d\u0438\u0439 \u0442\u0435\u0445\u043d\u0456\u0447\u043d\u0438\u0439 \u0441\u0442\u0430\u043d \u043e\u0431\u043b\u0430\u0434\u043d\u0430\u043d\u043d\u044f, \u0432\u0456\u0434\u0441\u0443\u0442\u043d\u0456\u0441\u0442\u044c \u043f\u0435\u0440\u0435\u0432\u0456\u0440\u043e\u043a \u0442\u0430 \u0442\u0435\u0445\u043d\u0456\u0447\u043d\u043e\u0433\u043e \u043e\u0431\u0441\u043b\u0443\u0433\u043e\u0432\u0443\u0432\u0430\u043d\u043d\u044f, \u0449\u043e \u043f\u0440\u0438\u0437\u0432\u043e\u0434\u0438\u0442\u044c \u0434\u043e \u043f\u043e\u0448\u043a\u043e\u0434\u0436\u0435\u043d\u043d\u044f \u043e\u0431\u043b\u0430\u0434\u043d\u0430\u043d\u043d\u044f<\/li>\n<li style=\"text-align: left;\">\u043d\u0435\u0432\u0438\u043a\u043e\u0440\u0438\u0441\u0442\u0430\u043d\u043d\u044f \u0430\u0431\u043e \u043d\u0435\u043d\u0430\u043b\u0435\u0436\u043d\u0435 \u0432\u0438\u043a\u043e\u0440\u0438\u0441\u0442\u0430\u043d\u043d\u044f \u043e\u0433\u043e\u0440\u043e\u0434\u0436\u0435\u043d\u044c \u0456 \u0437\u0430\u0441\u043e\u0431\u0456\u0432 \u0437\u0430\u0445\u0438\u0441\u0442\u0443, \u0449\u043e \u043c\u043e\u0436\u0435 \u043f\u0440\u0438\u0437\u0432\u0435\u0441\u0442\u0438 \u0434\u043e \u0437\u0430\u0449\u0435\u043c\u043b\u0435\u043d\u043d\u044f \u043f\u0440\u0430\u0446\u0456\u0432\u043d\u0438\u043a\u0456\u0432 \u043f\u0456\u0434 \u0440\u0443\u0445\u043e\u043c\u0438\u043c\u0438 \u043c\u0435\u0445\u0430\u043d\u0456\u0437\u043c\u0430\u043c\u0438<\/li>\n<li style=\"text-align: left;\">\u043d\u0435\u043d\u0430\u043b\u0435\u0436\u043d\u0438\u0439 \u0442\u0435\u0445\u043d\u0456\u0447\u043d\u0438\u0439 \u0441\u0442\u0430\u043d \u0434\u043e\u0441\u0442\u0443\u043f\u0443 \u0434\u043e \u0440\u043e\u0431\u043e\u0447\u0438\u0445 \u043c\u0456\u0441\u0446\u044c<\/li>\n<li style=\"text-align: left;\">\u043d\u0435\u0434\u043e\u0442\u0440\u0438\u043c\u0430\u043d\u043d\u044f \u0456\u043d\u0441\u0442\u0440\u0443\u043a\u0446\u0456\u0439 \u0437 \u0435\u043a\u0441\u043f\u043b\u0443\u0430\u0442\u0430\u0446\u0456\u0457 \u043e\u0431\u043b\u0430\u0434\u043d\u0430\u043d\u043d\u044f<\/li>\n<li style=\"text-align: left;\">\u0440\u043e\u0431\u043e\u0442\u0430 \u0437 \u0456\u0433\u043d\u043e\u0440\u0443\u0432\u0430\u043d\u043d\u044f\u043c \u043f\u0440\u0430\u0432\u0438\u043b \u043e\u0445\u043e\u0440\u043e\u043d\u0438 \u043f\u0440\u0430\u0446\u0456 \u0442\u0430 \u0442\u0435\u0445\u043d\u0456\u043a\u0438 \u0431\u0435\u0437\u043f\u0435\u043a\u0438<\/li>\n<li style=\"text-align: left;\">\u043d\u0435\u043d\u0430\u043b\u0435\u0436\u043d\u0438\u0439 \u0441\u0442\u0430\u043d \u0435\u043b\u0435\u043a\u0442\u0440\u043e\u0443\u0441\u0442\u0430\u043d\u043e\u0432\u043e\u043a \u043f\u043b\u0430\u0442\u0444\u043e\u0440\u043c<\/li>\n<\/ul>\n<p>\u0417\u043d\u0430\u043d\u043d\u044f \u043f\u0440\u0430\u0432\u0438\u043b \u0435\u043a\u0441\u043f\u043b\u0443\u0430\u0442\u0430\u0446\u0456\u0457 \u0442\u0430\u043a\u043e\u0433\u043e \u043e\u0431\u043b\u0430\u0434\u043d\u0430\u043d\u043d\u044f, \u044f\u043a \u043f\u0435\u0440\u0435\u0441\u0443\u0432\u043d\u0456 \u043f\u043b\u0430\u0442\u0444\u043e\u0440\u043c\u0438, \u043f\u0435\u0440\u0435\u0441\u0443\u0432\u043d\u0456 \u043f\u0440\u043e\u0445\u0456\u0434\u043d\u0456 \u043f\u043b\u0430\u0442\u0444\u043e\u0440\u043c\u0438 \u0442\u0430 \u0449\u043e\u0433\u043b\u043e\u0432\u0456, \u043f\u0456\u0434\u0432\u0456\u0441\u043d\u0456 \u043f\u0435\u0440\u0435\u0441\u0443\u0432\u043d\u0456 \u043f\u043b\u0430\u0442\u0444\u043e\u0440\u043c\u0438, \u0437\u0434\u0430\u0442\u043d\u0456 \u0437\u043d\u0438\u0437\u0438\u0442\u0438 \u0440\u0438\u0437\u0438\u043a \u043d\u0435\u0449\u0430\u0441\u043d\u0438\u0445 \u0432\u0438\u043f\u0430\u0434\u043a\u0456\u0432 \u043d\u0430 \u0432\u0438\u0440\u043e\u0431\u043d\u0438\u0446\u0442\u0432\u0456. \u041d\u0430 \u0436\u0430\u043b\u044c, \u0431\u0430\u0433\u0430\u0442\u043e \u043d\u0435\u0449\u0430\u0441\u043d\u0438\u0445 \u0432\u0438\u043f\u0430\u0434\u043a\u0456\u0432 \u043f\u043e\u0432'\u044f\u0437\u0430\u043d\u0456 \u0437 \u043d\u0435\u043f\u0440\u0430\u0432\u0438\u043b\u044c\u043d\u043e\u044e \u0435\u043a\u0441\u043f\u043b\u0443\u0430\u0442\u0430\u0446\u0456\u0454\u044e \u043e\u0431\u043b\u0430\u0434\u043d\u0430\u043d\u043d\u044f, \u0430\u043b\u0435 \u0457\u0445 \u043c\u043e\u0436\u043d\u0430 \u043b\u0435\u0433\u043a\u043e \u0437\u0430\u043f\u043e\u0431\u0456\u0433\u0442\u0438, \u0434\u043e\u0442\u0440\u0438\u043c\u0443\u044e\u0447\u0438\u0441\u044c \u043f\u0440\u0430\u0432\u0438\u043b \u043e\u0445\u043e\u0440\u043e\u043d\u0438 \u043f\u0440\u0430\u0446\u0456 \u0442\u0430 \u0442\u0435\u0445\u043d\u0456\u043a\u0438 \u0431\u0435\u0437\u043f\u0435\u043a\u0438.<\/p>\n<p>\u042f\u043a\u0449\u043e \u0432\u0438 \u0445\u043e\u0447\u0435\u0442\u0435 \u0431\u0435\u0437\u043f\u0435\u0447\u043d\u043e \u043f\u0440\u0430\u0446\u044e\u0432\u0430\u0442\u0438 \u0437 \u043c\u043e\u0431\u0456\u043b\u044c\u043d\u0438\u043c\u0438 \u043f\u043b\u0430\u0442\u0444\u043e\u0440\u043c\u0430\u043c\u0438, \u0432\u0430\u043c \u0432\u0430\u0440\u0442\u043e \u043f\u0440\u043e\u0439\u0442\u0438 \u043a\u0443\u0440\u0441 \u043d\u0430 \u043d\u0430\u0448\u043e\u043c\u0443 <a href=\"https:\/\/szkolenia-udt.pl\/ua\/o-firmie\/\">\u041a\u0443\u0440\u043e\u0440\u0442<\/a> \u0446\u0435 \u043d\u0430\u0439\u043a\u0440\u0430\u0449\u0438\u0439 \u0432\u0438\u0431\u0456\u0440!<\/p>\n<\/div>","protected":false},"excerpt":{"rendered":"<p>Przy obs\u0142udze podest\u00f3w ruchomych pojawiaj\u0105 si\u0119 r\u00f3\u017cnego rodzaju zagro\u017cenia, z kt\u00f3rych ryzyka powinien zdawa\u0107 sobie pracownik. W zwi\u0105zku z tym ka\u017cdy nasz kurs na podno\u015bnik koszowy, no\u017cycowy czy inny podest ruchomy przejezdny w tej dziedzinie obejmuje tak\u017ce informacje zwi\u0105zane z bezpiecze\u0144stwem i higien\u0105 pracy oraz najcz\u0119stszymi przyczynami wypadk\u00f3w przy pracy na tym stanowisku. Przy wykonywaniu [&hellip;]<\/p>\n","protected":false},"author":3,"featured_media":1416,"parent":35,"menu_order":0,"comment_status":"closed","ping_status":"closed","template":"","meta":{"footnotes":""},"class_list":["post-244","page","type-page","status-publish","has-post-thumbnail","hentry"],"aioseo_notices":[],"_links":{"self":[{"href":"https:\/\/szkolenia-udt.pl\/ua\/wp-json\/wp\/v2\/pages\/244","targetHints":{"allow":["GET"]}}],"collection":[{"href":"https:\/\/szkolenia-udt.pl\/ua\/wp-json\/wp\/v2\/pages"}],"about":[{"href":"https:\/\/szkolenia-udt.pl\/ua\/wp-json\/wp\/v2\/types\/page"}],"author":[{"embeddable":true,"href":"https:\/\/szkolenia-udt.pl\/ua\/wp-json\/wp\/v2\/users\/3"}],"replies":[{"embeddable":true,"href":"https:\/\/szkolenia-udt.pl\/ua\/wp-json\/wp\/v2\/comments?post=244"}],"version-history":[{"count":8,"href":"https:\/\/szkolenia-udt.pl\/ua\/wp-json\/wp\/v2\/pages\/244\/revisions"}],"predecessor-version":[{"id":2246,"href":"https:\/\/szkolenia-udt.pl\/ua\/wp-json\/wp\/v2\/pages\/244\/revisions\/2246"}],"up":[{"embeddable":true,"href":"https:\/\/szkolenia-udt.pl\/ua\/wp-json\/wp\/v2\/pages\/35"}],"wp:featuredmedia":[{"embeddable":true,"href":"https:\/\/szkolenia-udt.pl\/ua\/wp-json\/wp\/v2\/media\/1416"}],"wp:attachment":[{"href":"https:\/\/szkolenia-udt.pl\/ua\/wp-json\/wp\/v2\/media?parent=244"}],"curies":[{"name":"wp","href":"https:\/\/api.w.org\/{rel}","templated":true}]}}