{"id":2446,"date":"2021-08-22T09:34:44","date_gmt":"2021-08-22T09:34:44","guid":{"rendered":"https:\/\/szkolenia-udt.pl\/?page_id=2446"},"modified":"2021-08-25T12:23:17","modified_gmt":"2021-08-25T12:23:17","slug":"%d0%bf%d0%be%d0%b2%d1%96%d1%82%d1%80%d1%8f%d0%bd%d1%96-%d1%80%d0%be%d0%b1%d0%be%d1%87%d1%96-%d0%bf%d0%bb%d0%b0%d1%82%d1%84%d0%be%d1%80%d0%bc%d0%b8","status":"publish","type":"page","link":"https:\/\/szkolenia-udt.pl\/ua\/kursy\/uprawnienia-udt-tdt-wdt\/podnosniki-koszowe\/","title":{"rendered":"\u041f\u0456\u0434\u0439\u043e\u043c\u043d\u0438\u043a\u0438 - \u043a\u0443\u0440\u0441 \u0434\u043b\u044f \u043a\u043e\u043d\u0441\u0435\u0440\u0432\u0430\u0442\u043e\u0440\u0456\u0432 \u0423\u0414\u0422"},"content":{"rendered":"<p><a href=\"https:\/\/szkolenia-udt.pl\/wp-content\/uploads\/2021\/08\/szkolenia-udt.pl-0014-OPUBLIKOWANY-v11.jpg\"><img loading=\"lazy\" decoding=\"async\" class=\"paddingleft10 alignleft wp-image-2495 size-medium\" src=\"https:\/\/szkolenia-udt.pl\/wp-content\/uploads\/2021\/08\/szkolenia-udt.pl-0014-OPUBLIKOWANY-v11-300x200.jpg\" alt=\"\u041a\u043e\u043d\u0441\u0435\u0440\u0432\u0430\u0442\u043e\u0440 \u0423\u0414\u0422 \u0432\u0438\u043a\u043e\u043d\u0443\u0454 \u0440\u0435\u043c\u043e\u043d\u0442 \u0430\u0432\u0442\u043e\u0432\u0438\u0448\u043a\u0438 \u0437 \u0434\u043e\u0442\u0440\u0438\u043c\u0430\u043d\u043d\u044f\u043c \u043f\u0440\u0430\u0432\u0438\u043b \u043e\u0445\u043e\u0440\u043e\u043d\u0438 \u043f\u0440\u0430\u0446\u0456 \u0442\u0430 \u0440\u0435\u0433\u043b\u0430\u043c\u0435\u043d\u0442\u0443 \u0442\u0435\u0445\u043d\u0456\u0447\u043d\u043e\u0433\u043e \u043e\u0433\u043b\u044f\u0434\u0443.\" width=\"300\" height=\"200\" srcset=\"https:\/\/szkolenia-udt.pl\/wp-content\/uploads\/2021\/08\/szkolenia-udt.pl-0014-OPUBLIKOWANY-v11-300x200.jpg 300w, https:\/\/szkolenia-udt.pl\/wp-content\/uploads\/2021\/08\/szkolenia-udt.pl-0014-OPUBLIKOWANY-v11-1024x683.jpg 1024w, https:\/\/szkolenia-udt.pl\/wp-content\/uploads\/2021\/08\/szkolenia-udt.pl-0014-OPUBLIKOWANY-v11-768x512.jpg 768w, https:\/\/szkolenia-udt.pl\/wp-content\/uploads\/2021\/08\/szkolenia-udt.pl-0014-OPUBLIKOWANY-v11.jpg 1200w\" sizes=\"auto, (max-width: 300px) 100vw, 300px\" \/><\/a>\u041f\u0456\u0434\u0439\u043e\u043c\u043d\u0438\u043a\u0438, \u0432\u0456\u0434\u043e\u043c\u0456 \u044f\u043a \u043f\u0456\u0434\u0439\u043e\u043c\u043d\u0438\u043a\u0438, \u0432\u0438\u043a\u043e\u0440\u0438\u0441\u0442\u043e\u0432\u0443\u044e\u0442\u044c\u0441\u044f \u043f\u0440\u0438 \u0431\u0443\u0434\u0456\u0432\u043d\u0438\u0446\u0442\u0432\u0456 \u0442\u0430 \u0440\u0435\u043c\u043e\u043d\u0442\u0456, \u0430 \u0442\u0430\u043a\u043e\u0436 \u0443 \u043f\u0440\u043e\u043c\u0438\u0441\u043b\u043e\u0432\u043e\u0441\u0442\u0456, \u0435\u043d\u0435\u0440\u0433\u0435\u0442\u0438\u0446\u0456 \u0442\u0430 \u043e\u0437\u0435\u043b\u0435\u043d\u0435\u043d\u043d\u0456. \u0414\u043e \u0446\u0438\u0445 \u043f\u043e\u043f\u0443\u043b\u044f\u0440\u043d\u0438\u0445 \u043f\u0440\u0438\u0441\u0442\u0440\u043e\u0457\u0432 \u043f\u0440\u0435\u0434&#039;\u044f\u0432\u043b\u044f\u044e\u0442\u044c\u0441\u044f \u043e\u0441\u043e\u0431\u043b\u0438\u0432\u0456 \u0432\u0438\u043c\u043e\u0433\u0438 \u0449\u043e\u0434\u043e \u0440\u0435\u043c\u043e\u043d\u0442\u0443 \u0442\u0430 \u043e\u0431\u0441\u043b\u0443\u0433\u043e\u0432\u0443\u0432\u0430\u043d\u043d\u044f. \u0417\u0440\u043e\u0431\u0438\u0442\u0438 \u0446\u0435 \u043c\u043e\u0436\u0443\u0442\u044c \u043b\u0438\u0448\u0435 \u043e\u0441\u043e\u0431\u0438, \u044f\u043a\u0456 \u043c\u0430\u044e\u0442\u044c \u043a\u0432\u0430\u043b\u0456\u0444\u0456\u043a\u0430\u0446\u0456\u044e UDT, \u0456 \u0454\u0434\u0438\u043d\u0438\u043c \u0441\u043f\u043e\u0441\u043e\u0431\u043e\u043c \u043e\u0442\u0440\u0438\u043c\u0430\u043d\u043d\u044f \u0446\u0456\u0454\u0457 \u043a\u0432\u0430\u043b\u0456\u0444\u0456\u043a\u0430\u0446\u0456\u0457 \u0454 \u0456\u0441\u043f\u0438\u0442 \u043f\u0435\u0440\u0435\u0434 \u043a\u043e\u043c\u0456\u0441\u0456\u0454\u044e \u0446\u044c\u043e\u0433\u043e \u043e\u0444\u0456\u0441\u0443. \u0421\u0430\u043c\u043e\u0441\u0442\u0456\u0439\u043d\u043e \u043f\u0456\u0434\u0433\u043e\u0442\u0443\u0432\u0430\u0442\u0438\u0441\u044f \u0434\u043e \u0446\u044c\u043e\u0433\u043e \u0456\u0441\u043f\u0438\u0442\u0443 \u043f\u0440\u0430\u043a\u0442\u0438\u0447\u043d\u043e \u043d\u0435\u043c\u043e\u0436\u043b\u0438\u0432\u043e, \u0432 \u0442\u043e\u043c\u0443 \u0447\u0438\u0441\u043b\u0456 \u0447\u0435\u0440\u0435\u0437 \u0432\u0456\u0434\u0441\u0443\u0442\u043d\u0456\u0441\u0442\u044c \u0434\u043e\u0441\u0442\u0443\u043f\u0443 \u0434\u043e \u043f\u0440\u0438\u0441\u0442\u0440\u043e\u0457\u0432 \u0456 \u043c\u043e\u0436\u043b\u0438\u0432\u043e\u0441\u0442\u0456 \u043e\u0437\u043d\u0430\u0439\u043e\u043c\u0438\u0442\u0438\u0441\u044f \u0437 \u0457\u0445 \u043a\u043e\u043d\u0441\u0442\u0440\u0443\u043a\u0446\u0456\u0454\u044e. \u0414\u043b\u044f \u043b\u044e\u0434\u0435\u0439, \u044f\u043a\u0456 \u0445\u043e\u0447\u0443\u0442\u044c \u0448\u0432\u0438\u0434\u043a\u043e \u0442\u0430 \u0435\u0444\u0435\u043a\u0442\u0438\u0432\u043d\u043e \u043f\u0456\u0434\u0433\u043e\u0442\u0443\u0432\u0430\u0442\u0438\u0441\u044f \u0434\u043e \u043e\u0442\u0440\u0438\u043c\u0430\u043d\u043d\u044f \u043a\u0432\u0430\u043b\u0456\u0444\u0456\u043a\u0430\u0446\u0456\u0457 UDT, \u043c\u0438 \u043f\u0440\u043e\u043f\u043e\u043d\u0443\u0454\u043c\u043e \u0443\u0447\u0430\u0441\u0442\u044c \u0443 \u043d\u0430\u0448\u043e\u043c\u0443 \u043a\u0443\u0440\u0441\u0456 \u043f\u0456\u0434\u0442\u0440\u0438\u043c\u043a\u0438. \u0423\u0447\u0430\u0441\u0442\u044c \u0443 \u0442\u0440\u0435\u043d\u0456\u043d\u0433\u0443 \u043f\u0440\u0438\u043d\u043e\u0441\u0438\u0442\u044c \u0431\u0430\u0433\u0430\u0442\u043e \u043f\u0435\u0440\u0435\u0432\u0430\u0433: \u0432\u0438\u0432\u0447\u0435\u043d\u043d\u044f \u0442\u0435\u043e\u0440\u0435\u0442\u0438\u0447\u043d\u0438\u0445 \u043f\u0438\u0442\u0430\u043d\u044c, \u043c\u043e\u0436\u043b\u0438\u0432\u0456\u0441\u0442\u044c \u0432\u0456\u0434\u043f\u0440\u0430\u0446\u044e\u0432\u0430\u043d\u043d\u044f \u043f\u0440\u0430\u043a\u0442\u0438\u0447\u043d\u0438\u0445 \u043d\u0430\u0432\u0438\u0447\u043e\u043a, \u043d\u0435\u043e\u0431\u0445\u0456\u0434\u043d\u0438\u0445 \u0443 \u0440\u043e\u0431\u043e\u0442\u0456 \u0442\u0430 \u0432\u0438\u043a\u043e\u0440\u0438\u0441\u0442\u0430\u043d\u043d\u044f \u0434\u043e\u0441\u0432\u0456\u0434\u0443 \u0456\u043d\u0441\u0442\u0440\u0443\u043a\u0442\u043e\u0440\u0456\u0432. \u041d\u0430\u0448\u0456 \u0441\u0442\u0443\u0434\u0435\u043d\u0442\u0438 \u0442\u0430\u043a\u043e\u0436 \u0446\u0456\u043d\u0443\u044e\u0442\u044c \u043c\u043e\u0436\u043b\u0438\u0432\u0456\u0441\u0442\u044c \u0441\u043a\u043b\u0430\u0434\u0430\u043d\u043d\u044f \u0434\u0435\u0440\u0436\u0430\u0432\u043d\u043e\u0433\u043e \u0456\u0441\u043f\u0438\u0442\u0443, \u043e\u0440\u0433\u0430\u043d\u0456\u0437\u043e\u0432\u0430\u043d\u043e\u0433\u043e \u0443 \u043d\u0430\u0441 <a href=\"https:\/\/szkolenia-udt.pl\/ua\/o-firmie\/\">\u043a\u0443\u0440\u043e\u0440\u0442<\/a> \u0431\u0435\u0437\u043f\u043e\u0441\u0435\u0440\u0435\u0434\u043d\u044c\u043e \u043f\u0456\u0441\u043b\u044f \u043a\u0443\u0440\u0441\u0443.<\/p>\n<h2>\u041a\u0443\u0440\u0441 \u0442\u0435\u0445\u043d\u0456\u0447\u043d\u043e\u0433\u043e \u043e\u0431\u0441\u043b\u0443\u0433\u043e\u0432\u0443\u0432\u0430\u043d\u043d\u044f \u043f\u0456\u0434\u0439\u043e\u043c\u043d\u0438\u043a\u0456\u0432<\/h2>\n<p>\u041f\u0456\u0434\u0439\u043e\u043c\u043d\u0438\u043a \u043a\u043e\u0448\u0438\u043a\u0430 \u0454 \u043f\u0440\u0438\u0441\u0442\u0440\u043e\u0454\u043c, \u0449\u043e \u043f\u0435\u0440\u0435\u0431\u0443\u0432\u0430\u0454 \u043f\u0456\u0434 \u0442\u0435\u0445\u043d\u0456\u0447\u043d\u0438\u043c \u043d\u0430\u0433\u043b\u044f\u0434\u043e\u043c \u0423\u0414\u0422, \u0442\u043e\u043c\u0443 \u0445\u0456\u0434 \u043a\u0443\u0440\u0441\u0443 \u0442\u0435\u0445\u043d\u0456\u0447\u043d\u043e\u0433\u043e \u043e\u0431\u0441\u043b\u0443\u0433\u043e\u0432\u0443\u0432\u0430\u043d\u043d\u044f \u0446\u044c\u043e\u0433\u043e \u043f\u0440\u0438\u0441\u0442\u0440\u043e\u044e \u0432\u0438\u0437\u043d\u0430\u0447\u0430\u0454\u0442\u044c\u0441\u044f \u0435\u043a\u0437\u0430\u043c\u0435\u043d\u0430\u0446\u0456\u0439\u043d\u0438\u043c\u0438 \u0432\u0438\u043c\u043e\u0433\u0430\u043c\u0438 \u0423\u043f\u0440\u0430\u0432\u043b\u0456\u043d\u043d\u044f. \u041f\u0440\u043e\u0433\u0440\u0430\u043c\u0430 \u043a\u0443\u0440\u0441\u0443 \u0431\u0443\u043b\u0430 \u0440\u043e\u0437\u0440\u043e\u0431\u043b\u0435\u043d\u0430 \u0432\u0456\u0434\u043f\u043e\u0432\u0456\u0434\u043d\u043e \u0434\u043e \u0446\u0438\u0445 \u0432\u0438\u043c\u043e\u0433. \u0417\u0430\u0432\u0434\u044f\u043a\u0438 \u0446\u044c\u043e\u043c\u0443 \u0441\u0442\u0443\u0434\u0435\u043d\u0442\u0438 \u043c\u043e\u0436\u0443\u0442\u044c \u0431\u0443\u0442\u0438 \u0432\u043f\u0435\u0432\u043d\u0435\u043d\u0456, \u0449\u043e \u043f\u0438\u0442\u0430\u043d\u043d\u044f, \u043f\u043e\u0440\u0443\u0448\u0435\u043d\u0456 \u043f\u0456\u0434 \u0447\u0430\u0441 \u043a\u0443\u0440\u0441\u0443, \u0437\u2019\u044f\u0432\u043b\u044f\u0442\u044c\u0441\u044f \u043d\u0430 \u0456\u0441\u043f\u0438\u0442\u0456.<\/p>\n<p>\u041f\u0440\u043e\u0433\u0440\u0430\u043c\u0430 \u0442\u0435\u043e\u0440\u0435\u0442\u0438\u0447\u043d\u043e\u0457 \u043f\u0456\u0434\u0433\u043e\u0442\u043e\u0432\u043a\u0438 \u0432 \u043e\u0431\u043b\u0430\u0441\u0442\u0456 \u043e\u0431\u0441\u043b\u0443\u0433\u043e\u0432\u0443\u0432\u0430\u043d\u043d\u044f \u043b\u0456\u0444\u0442\u0456\u0432 \u0432\u043a\u043b\u044e\u0447\u0430\u0454:<\/p>\n<ol>\n<li>\u041d\u0430\u0439\u0432\u0430\u0436\u043b\u0438\u0432\u0456\u0448\u0430 \u0456\u043d\u0444\u043e\u0440\u043c\u0430\u0446\u0456\u044f \u043f\u0440\u043e \u0442\u0435\u0445\u043d\u0456\u0447\u043d\u0438\u0439 \u043d\u0430\u0433\u043b\u044f\u0434.<\/li>\n<li>\u0421\u0442\u0430\u043d\u0434\u0430\u0440\u0442\u0438 \u0442\u0430 \u0456\u043d\u0448\u0456 \u043d\u043e\u0440\u043c\u0430\u0442\u0438\u0432\u043d\u0456 \u0430\u043a\u0442\u0438 \u0449\u043e\u0434\u043e \u0440\u043e\u0431\u043e\u0442\u0438 \u043a\u043e\u043d\u0441\u0435\u0440\u0432\u0430\u0442\u043e\u0440\u0430.<\/li>\n<li>\u041e\u0431\u0433\u043e\u0432\u043e\u0440\u0435\u043d\u043d\u044f \u0456\u043d\u0441\u0442\u0440\u0443\u043a\u0446\u0456\u0439 \u0437 \u0435\u043a\u0441\u043f\u043b\u0443\u0430\u0442\u0430\u0446\u0456\u0457 \u0442\u0430 \u0442\u0435\u0445\u043d\u0456\u0447\u043d\u043e\u0457 \u0434\u043e\u043a\u0443\u043c\u0435\u043d\u0442\u0430\u0446\u0456\u0457 \u0430\u0432\u0442\u043e\u0432\u0438\u0448\u043e\u043a.<\/li>\n<li>\u0411\u0443\u0434\u043e\u0432\u0430, \u0432\u0438\u0434\u0438 \u0442\u0430 \u0440\u043e\u0431\u043e\u0442\u0430 \u043c\u043e\u0431\u0456\u043b\u044c\u043d\u0438\u0445 \u043f\u043b\u0430\u0442\u0444\u043e\u0440\u043c.<\/li>\n<li>\u041e\u0431\u043e\u0432&#039;\u044f\u0437\u043a\u0438 \u0442\u0435\u0445\u043d\u0456\u043a\u0430 \u0437 \u0442\u0435\u0445\u043d\u0456\u0447\u043d\u043e\u0433\u043e \u043e\u0431\u0441\u043b\u0443\u0433\u043e\u0432\u0443\u0432\u0430\u043d\u043d\u044f, \u043f\u043e\u0432&#039;\u044f\u0437\u0430\u043d\u0456 \u0437 \u043f\u0435\u0440\u0435\u0432\u0456\u0440\u043a\u043e\u044e \u0442\u0430 \u0440\u0435\u043c\u043e\u043d\u0442\u043e\u043c.<\/li>\n<li>\u041f\u0440\u0430\u0432\u0438\u043b\u0430 \u043e\u0445\u043e\u0440\u043e\u043d\u0438 \u043f\u0440\u0430\u0446\u0456, \u0449\u043e \u0437\u0430\u0441\u0442\u043e\u0441\u043e\u0432\u0443\u044e\u0442\u044c\u0441\u044f \u0434\u043e \u0442\u0435\u0445\u043d\u0456\u0447\u043d\u043e\u0433\u043e \u043e\u0431\u0441\u043b\u0443\u0433\u043e\u0432\u0443\u0432\u0430\u043d\u043d\u044f.<\/li>\n<li>\u041c\u0435\u0442\u043e\u0434\u0438 \u0443\u0441\u0443\u043d\u0435\u043d\u043d\u044f \u0442\u0438\u043f\u043e\u0432\u0438\u0445 \u043d\u0435\u0441\u043f\u0440\u0430\u0432\u043d\u043e\u0441\u0442\u0435\u0439.<\/li>\n<li>\u0415\u043b\u0435\u043a\u0442\u0440\u0438\u0447\u043d\u0430 \u0447\u0430\u0441\u0442\u0438\u043d\u0430.<\/li>\n<li>\u041c\u0435\u0445\u0430\u043d\u0456\u0447\u043d\u0430 \u0447\u0430\u0441\u0442\u0438\u043d\u0430, \u0432 \u0442\u043e\u043c\u0443 \u0447\u0438\u0441\u043b\u0456 \u0433\u0456\u0434\u0440\u0430\u0432\u043b\u0456\u0447\u043d\u0430.<\/li>\n<li>\u0423\u0442\u0440\u0438\u043c\u0430\u043d\u043d\u044f \u043f\u0456\u0434\u0439\u043e\u043c\u0456\u0432 \u0443 \u0441\u043f\u0440\u0430\u0432\u043d\u043e\u043c\u0443 \u0442\u0435\u0445\u043d\u0456\u0447\u043d\u043e\u043c\u0443 \u0441\u0442\u0430\u043d\u0456.<\/li>\n<\/ol>\n<p>\u0422\u0435\u043e\u0440\u0435\u0442\u0438\u0447\u043d\u0430 \u0447\u0430\u0441\u0442\u0438\u043d\u0430 \u0434\u043e\u043f\u043e\u0432\u043d\u044e\u0454\u0442\u044c\u0441\u044f \u043f\u0440\u0430\u043a\u0442\u0438\u0447\u043d\u0438\u043c\u0438 \u0437\u0430\u043d\u044f\u0442\u0442\u044f\u043c\u0438. \u0407\u0445 \u0442\u0440\u0438\u0432\u0430\u043b\u0456\u0441\u0442\u044c \u0437\u0430\u043b\u0435\u0436\u0438\u0442\u044c \u0432\u0456\u0434 \u043f\u043e\u0442\u0440\u0435\u0431 \u0456 \u043f\u0440\u043e\u0433\u0440\u0435\u0441\u0443 \u0441\u0442\u0443\u0434\u0435\u043d\u0442\u0430. \u0417\u0430\u0433\u0430\u043b\u044c\u043d\u0438\u0439 \u0447\u0430\u0441 \u043d\u0430\u0432\u0447\u0430\u043d\u043d\u044f \u0441\u0442\u0430\u043d\u043e\u0432\u0438\u0442\u044c \u043f\u0440\u0438\u0431\u043b\u0438\u0437\u043d\u043e 38-96 \u0433\u043e\u0434\u0438\u043d.<\/p>\n<p>\u041f\u0456\u0441\u043b\u044f \u043d\u0430\u0432\u0447\u0430\u043d\u043d\u044f \u043f\u0440\u043e\u0445\u043e\u0434\u0438\u0442\u044c \u0434\u0435\u0440\u0436\u0430\u0432\u043d\u0438\u0439 \u0456\u0441\u043f\u0438\u0442. \u041c\u0438 \u043e\u0440\u0433\u0430\u043d\u0456\u0437\u043e\u0432\u0443\u0454\u043c\u043e \u0439\u043e\u0433\u043e \u0432 \u043d\u0430\u0448\u043e\u043c\u0443 \u0446\u0435\u043d\u0442\u0440\u0456, \u0430 \u0437\u0430 \u0439\u043e\u0433\u043e \u043f\u0440\u043e\u0432\u0435\u0434\u0435\u043d\u043d\u044f \u0432\u0456\u0434\u043f\u043e\u0432\u0456\u0434\u0430\u0454 \u043e\u0431\u0440\u0430\u043d\u0430 \u0444\u0456\u043b\u0456\u044f \u0423\u0414\u0422: \u0412\u0430\u0440\u0448\u0430\u0432\u0430 \u0447\u0438 \u0456\u043d\u0448\u0430, \u044f\u043a\u0449\u043e \u043d\u0430\u0432\u0447\u0430\u043d\u043d\u044f \u0432\u0456\u0434\u0431\u0443\u0432\u0430\u0454\u0442\u044c\u0441\u044f \u0432 \u0456\u043d\u0448\u043e\u043c\u0443 \u043c\u0456\u0441\u0442\u0456.<\/p>\n<h2>\u041a\u0432\u0430\u043b\u0456\u0444\u0456\u043a\u0430\u0446\u0456\u044f \u0423\u0414\u0422 \u043f\u0456\u0441\u043b\u044f \u043d\u0430\u0432\u0447\u0430\u043d\u043d\u044f<\/h2>\n<p>\u041e\u0441\u043e\u0431\u0430, \u044f\u043a\u0430 \u0437\u0430\u043a\u0456\u043d\u0447\u0438\u043b\u0430 \u043a\u0443\u0440\u0441 \u0456 \u0441\u043a\u043b\u0430\u043b\u0430 \u0456\u0441\u043f\u0438\u0442 \u0437 \u043f\u043e\u0437\u0438\u0442\u0438\u0432\u043d\u0438\u043c \u0440\u0435\u0437\u0443\u043b\u044c\u0442\u0430\u0442\u043e\u043c, \u043e\u0442\u0440\u0438\u043c\u0443\u0454 \u043a\u0432\u0430\u043b\u0456\u0444\u0456\u043a\u0430\u0446\u0456\u0439\u043d\u0438\u0439 \u0441\u0435\u0440\u0442\u0438\u0444\u0456\u043a\u0430\u0442 \u0443 \u0444\u043e\u0440\u043c\u0456 \u043a\u0430\u0440\u0442\u043a\u0438. \u0426\u0435\u0439 \u0441\u0435\u0440\u0442\u0438\u0444\u0456\u043a\u0430\u0442 \u0434\u0456\u0439\u0441\u043d\u0438\u0439 \u0434\u043b\u044f \u043b\u0456\u0444\u0442\u0456\u0432 \u043f\u0440\u043e\u0442\u044f\u0433\u043e\u043c 5 \u0440\u043e\u043a\u0456\u0432. \u041f\u043e\u0442\u0440\u0456\u0431\u043d\u0430 \u0440\u043e\u0431\u043e\u0442\u0430 \u0442\u0435\u0445\u043d\u0456\u043a\u043e\u043c \u0437 \u0442\u0435\u0445\u043d\u0456\u0447\u043d\u043e\u0433\u043e \u043e\u0431\u0441\u043b\u0443\u0433\u043e\u0432\u0443\u0432\u0430\u043d\u043d\u044f, \u043d\u0435\u0437\u0430\u043b\u0435\u0436\u043d\u043e \u0432\u0456\u0434 \u0433\u0430\u043b\u0443\u0437\u0456 \u0447\u0438 \u043c\u0456\u0441\u0446\u044f \u0440\u043e\u0437\u0442\u0430\u0448\u0443\u0432\u0430\u043d\u043d\u044f.<\/p>\n<h2>\u0422\u0435\u0440\u043c\u0456\u043d\u0438 \u0442\u0430 \u043c\u0456\u0441\u0446\u0435 \u043d\u0430\u0432\u0447\u0430\u043d\u043d\u044f \u043b\u0456\u043a\u0430\u0440\u0456\u0432-\u0445\u0456\u0440\u0443\u0440\u0433\u0456\u0432<\/h2>\n<p>\u0417\u0430 \u043f\u043e\u0442\u0440\u0435\u0431\u0438 \u0440\u0435\u0433\u0443\u043b\u044f\u0440\u043d\u043e \u043f\u0440\u043e\u0432\u043e\u0434\u044f\u0442\u044c\u0441\u044f \u043a\u0443\u0440\u0441\u0438 \u0437 \u043e\u0431\u0441\u043b\u0443\u0433\u043e\u0432\u0443\u0432\u0430\u043d\u043d\u044f UDT. \u041c\u0438 \u043e\u0440\u0433\u0430\u043d\u0456\u0437\u043e\u0432\u0443\u0454\u043c\u043e \u0457\u0445 \u044f\u043a \u0443 \u0412\u0430\u0440\u0448\u0430\u0432\u0456, \u0442\u0430\u043a \u0456 \u0432 \u0456\u043d\u0448\u0438\u0445 \u0432\u0456\u0434\u0434\u0456\u043b\u0435\u043d\u043d\u044f\u0445 \u043d\u0430\u0448\u043e\u0433\u043e \u0446\u0435\u043d\u0442\u0440\u0443. \u0414\u043e\u0434\u0430\u0442\u043a\u043e\u0432\u043e \u043c\u043e\u0436\u043b\u0438\u0432\u0430 \u043e\u0440\u0433\u0430\u043d\u0456\u0437\u0430\u0446\u0456\u044f \u0437\u0430\u043a\u0440\u0438\u0442\u043e\u0433\u043e \u043a\u0443\u0440\u0441\u0443 \u0434\u043b\u044f \u043a\u043e\u043c\u043f\u0430\u043d\u0456\u0457 - \u0437\u0430\u0446\u0456\u043a\u0430\u0432\u043b\u0435\u043d\u0438\u0445 \u043e\u0441\u0456\u0431 <a href=\"https:\/\/szkolenia-udt.pl\/ua\/kontakt\/\">\u0431\u0443\u0434\u044c \u043b\u0430\u0441\u043a\u0430, \u0437\u0432&#039;\u044f\u0436\u0456\u0442\u044c\u0441\u044f \u0437 \u043d\u0430\u043c\u0438<\/a>.<\/p>\n<p>\u0410\u043a\u0442\u0443\u0430\u043b\u044c\u043d\u0456 \u0434\u0430\u0442\u0438 \u043c\u043e\u0436\u043d\u0430 \u0437\u043d\u0430\u0439\u0442\u0438 \u043d\u0430 \u043d\u0430\u0448\u043e\u043c\u0443 \u0441\u0430\u0439\u0442\u0456 <a href=\"https:\/\/platformaedukacji.pl\/\">https:\/\/platformaedukacji.pl\/<\/a>. \u0422\u0430\u043c \u0432\u0438 \u043c\u043e\u0436\u0435\u0442\u0435 \u0437\u0430\u0431\u0440\u043e\u043d\u044e\u0432\u0430\u0442\u0438 \u043c\u0456\u0441\u0446\u0435 \u043d\u0430 \u043e\u0431\u0440\u0430\u043d\u043e\u043c\u0443 \u0442\u0440\u0435\u043d\u0456\u043d\u0433\u0443 \u0442\u0430 \u043e\u043f\u043b\u0430\u0442\u0438\u0442\u0438 \u0443\u0447\u0430\u0441\u0442\u044c \u0447\u0435\u0440\u0435\u0437 \u0441\u0438\u0441\u0442\u0435\u043c\u0443 \u0448\u0432\u0438\u0434\u043a\u0438\u0445 \u043e\u043d\u043b\u0430\u0439\u043d-\u043e\u043f\u043b\u0430\u0442.<\/p>\n<p><a href=\"https:\/\/szkolenia-udt.pl\/wp-content\/uploads\/2021\/08\/oso-0022-OPUBLIKOWANY-podesty-ruchomepodnosniki-koszowezwyzki.jpg\"><img loading=\"lazy\" decoding=\"async\" class=\"alignnone wp-image-2448 size-large\" src=\"https:\/\/szkolenia-udt.pl\/wp-content\/uploads\/2021\/08\/oso-0022-OPUBLIKOWANY-podesty-ruchomepodnosniki-koszowezwyzki-1024x853.jpg\" alt=\"\u0420\u0435\u043c\u043e\u043d\u0442 \u0430\u0432\u0442\u043e\u0432\u0438\u0448\u043e\u043a \u0432\u0438\u043c\u0430\u0433\u0430\u0454 \u043e\u0441\u043e\u0431\u043b\u0438\u0432\u043e\u0457 \u043a\u0432\u0430\u043b\u0456\u0444\u0456\u043a\u0430\u0446\u0456\u0457 \" width=\"750\" height=\"625\" srcset=\"https:\/\/szkolenia-udt.pl\/wp-content\/uploads\/2021\/08\/oso-0022-OPUBLIKOWANY-podesty-ruchomepodnosniki-koszowezwyzki-1024x853.jpg 1024w, https:\/\/szkolenia-udt.pl\/wp-content\/uploads\/2021\/08\/oso-0022-OPUBLIKOWANY-podesty-ruchomepodnosniki-koszowezwyzki-300x250.jpg 300w, https:\/\/szkolenia-udt.pl\/wp-content\/uploads\/2021\/08\/oso-0022-OPUBLIKOWANY-podesty-ruchomepodnosniki-koszowezwyzki-768x640.jpg 768w, https:\/\/szkolenia-udt.pl\/wp-content\/uploads\/2021\/08\/oso-0022-OPUBLIKOWANY-podesty-ruchomepodnosniki-koszowezwyzki.jpg 1200w\" sizes=\"auto, (max-width: 750px) 100vw, 750px\" \/><\/a><\/p>","protected":false},"excerpt":{"rendered":"<p>Podno\u015bniki koszowe, zwane zwy\u017ckami, wykorzystuje si\u0119 w pracach budowlanych, remontowych, a tak\u017ce w przemy\u015ble, energetyce czy piel\u0119gnacji zieleni. W stosunku do tych popularnych urz\u0105dze\u0144 obowi\u0105zuj\u0105 szczeg\u00f3lne wymagania, je\u015bli chodzi o ich napraw\u0119 i konserwacj\u0119. Mog\u0105 si\u0119 tym zajmowa\u0107 wy\u0142\u0105cznie osoby posiadaj\u0105ce uprawnienia wydane przez UDT, a jedyn\u0105 drog\u0105 do zdobycia tych uprawnie\u0144 jest egzamin zdawany [&hellip;]<\/p>\n","protected":false},"author":3,"featured_media":2495,"parent":2266,"menu_order":0,"comment_status":"closed","ping_status":"closed","template":"","meta":{"footnotes":""},"class_list":["post-2446","page","type-page","status-publish","has-post-thumbnail","hentry"],"aioseo_notices":[],"_links":{"self":[{"href":"https:\/\/szkolenia-udt.pl\/ua\/wp-json\/wp\/v2\/pages\/2446","targetHints":{"allow":["GET"]}}],"collection":[{"href":"https:\/\/szkolenia-udt.pl\/ua\/wp-json\/wp\/v2\/pages"}],"about":[{"href":"https:\/\/szkolenia-udt.pl\/ua\/wp-json\/wp\/v2\/types\/page"}],"author":[{"embeddable":true,"href":"https:\/\/szkolenia-udt.pl\/ua\/wp-json\/wp\/v2\/users\/3"}],"replies":[{"embeddable":true,"href":"https:\/\/szkolenia-udt.pl\/ua\/wp-json\/wp\/v2\/comments?post=2446"}],"version-history":[{"count":4,"href":"https:\/\/szkolenia-udt.pl\/ua\/wp-json\/wp\/v2\/pages\/2446\/revisions"}],"predecessor-version":[{"id":2496,"href":"https:\/\/szkolenia-udt.pl\/ua\/wp-json\/wp\/v2\/pages\/2446\/revisions\/2496"}],"up":[{"embeddable":true,"href":"https:\/\/szkolenia-udt.pl\/ua\/wp-json\/wp\/v2\/pages\/2266"}],"wp:featuredmedia":[{"embeddable":true,"href":"https:\/\/szkolenia-udt.pl\/ua\/wp-json\/wp\/v2\/media\/2495"}],"wp:attachment":[{"href":"https:\/\/szkolenia-udt.pl\/ua\/wp-json\/wp\/v2\/media?parent=2446"}],"curies":[{"name":"wp","href":"https:\/\/api.w.org\/{rel}","templated":true}]}}