{"id":2479,"date":"2021-08-22T11:24:27","date_gmt":"2021-08-22T11:24:27","guid":{"rendered":"https:\/\/szkolenia-udt.pl\/?page_id=2479"},"modified":"2023-03-13T16:36:33","modified_gmt":"2023-03-13T15:36:33","slug":"%d1%81%d1%82%d0%b0%d1%86%d1%96%d0%be%d0%bd%d0%b0%d1%80%d0%bd%d1%96-%d0%bc%d0%be%d0%b1%d1%96%d0%bb%d1%8c%d0%bd%d1%96-%d0%bf%d0%bb%d0%b0%d1%82%d1%84%d0%be%d1%80%d0%bc%d0%b8-%d1%81%d0%b5%d1%80%d0%b2","status":"publish","type":"page","link":"https:\/\/szkolenia-udt.pl\/ua\/kursy\/uprawnienia-udt-tdt-wdt\/stacjonarne-podesty-ruchome-kurs-obslugi\/","title":{"rendered":"\u0421\u0442\u0430\u0446\u0456\u043e\u043d\u0430\u0440\u043d\u0456 \u043c\u043e\u0431\u0456\u043b\u044c\u043d\u0456 \u043f\u043b\u0430\u0442\u0444\u043e\u0440\u043c\u0438 - \u043a\u0443\u0440\u0441 \u043e\u0431\u0441\u043b\u0443\u0433\u043e\u0432\u0443\u0432\u0430\u043d\u043d\u044f"},"content":{"rendered":"<p>\u0421\u0442\u0430\u0446\u0456\u043e\u043d\u0430\u0440\u043d\u0430 \u043c\u043e\u0431\u0456\u043b\u044c\u043d\u0430 \u043f\u043b\u0430\u0442\u0444\u043e\u0440\u043c\u0430 \u043d\u0435 \u0454 \u0442\u0430\u043a\u0438\u043c \u043c\u043e\u0431\u0456\u043b\u044c\u043d\u0438\u043c \u043f\u0440\u0438\u0441\u0442\u0440\u043e\u0454\u043c, \u044f\u043a, \u043d\u0430\u043f\u0440\u0438\u043a\u043b\u0430\u0434, \u043f\u0456\u0434\u0439\u043e\u043c\u043d\u0456 \u043f\u043b\u0430\u0442\u0444\u043e\u0440\u043c\u0438, \u0430\u043b\u0435 \u043c\u043e\u0436\u043b\u0438\u0432\u043e\u0441\u0442\u0456 \u0457\u0457 \u0432\u0438\u043a\u043e\u0440\u0438\u0441\u0442\u0430\u043d\u043d\u044f \u0432\u0441\u0435 \u0436 \u0432\u0435\u043b\u0438\u043a\u0456. \u041b\u044e\u0434\u0438, \u044f\u043a\u0456 \u0432\u043c\u0456\u044e\u0442\u044c \u043a\u0435\u0440\u0443\u0432\u0430\u0442\u0438 \u0446\u0438\u043c\u0438 \u043f\u0440\u0438\u0441\u0442\u0440\u043e\u044f\u043c\u0438, \u0454 \u0437\u0430\u0442\u0440\u0435\u0431\u0443\u0432\u0430\u043d\u0438\u043c\u0438 \u043d\u0430 \u0440\u0438\u043d\u043a\u0443 \u043f\u0440\u0430\u0446\u0456 \u0444\u0430\u0445\u0456\u0432\u0446\u044f\u043c\u0438: \u0432\u043e\u043d\u0438 \u043c\u043e\u0436\u0443\u0442\u044c \u0432\u0438\u043a\u043e\u043d\u0443\u0432\u0430\u0442\u0438 \u0440\u043e\u0431\u043e\u0442\u0438 \u043f\u0440\u0438 \u0431\u0443\u0434\u0456\u0432\u043d\u0438\u0446\u0442\u0432\u0456 \u0442\u0430 \u0440\u0435\u043a\u043e\u043d\u0441\u0442\u0440\u0443\u043a\u0446\u0456\u0457 \u0432\u0435\u043b\u0438\u043a\u0438\u0445 \u0431\u0443\u0434\u0456\u0432\u0435\u043b\u044c, \u0430 \u0442\u0430\u043a\u043e\u0436 \u043d\u0430 \u0431\u0430\u0433\u0430\u0442\u043e\u044f\u0440\u0443\u0441\u043d\u0438\u0445 \u0441\u043a\u043b\u0430\u0434\u0430\u0445.<\/p>\n<p>\u0423\u0441\u0456\u043c, \u0445\u0442\u043e \u0431\u0430\u0436\u0430\u0454 \u043e\u0442\u0440\u0438\u043c\u0430\u0442\u0438 \u043a\u0432\u0430\u043b\u0456\u0444\u0456\u043a\u0430\u0446\u0456\u044e, \u043d\u0435\u043e\u0431\u0445\u0456\u0434\u043d\u0443 \u0434\u043b\u044f \u0440\u043e\u0431\u043e\u0442\u0438 \u0437\u0430 \u0434\u0430\u043d\u043e\u044e \u043f\u0440\u043e\u0444\u0435\u0441\u0456\u0454\u044e, \u043c\u0438 \u043f\u0440\u043e\u043f\u043e\u043d\u0443\u0454\u043c\u043e \u0443\u0447\u0430\u0441\u0442\u044c \u0443 \u043a\u0443\u0440\u0441\u0456 \u043e\u043f\u0435\u0440\u0430\u0442\u043e\u0440\u0456\u0432 \u0441\u0442\u0430\u0446\u0456\u043e\u043d\u0430\u0440\u043d\u0438\u0445 \u043c\u043e\u0431\u0456\u043b\u044c\u043d\u0438\u0445 \u043f\u043b\u0430\u0442\u0444\u043e\u0440\u043c \u0437\u0456 \u0441\u043a\u043b\u0430\u0434\u0430\u043d\u043d\u044f\u043c \u0456\u0441\u043f\u0438\u0442\u0443 UDT. \u0422\u0440\u0435\u043d\u0456\u043d\u0433\u0438 \u0435\u0444\u0435\u043a\u0442\u0438\u0432\u043d\u043e \u0433\u043e\u0442\u0443\u044e\u0442\u044c \u0432\u0430\u0441 \u0434\u043e \u043e\u0442\u0440\u0438\u043c\u0430\u043d\u043d\u044f \u043d\u0435\u043e\u0431\u0445\u0456\u0434\u043d\u043e\u0457 \u043a\u0432\u0430\u043b\u0456\u0444\u0456\u043a\u0430\u0446\u0456\u0457 \u0423\u0414\u0422, \u0430 \u043f\u043e\u0442\u0456\u043c \u0456 \u0434\u043e \u043f\u0440\u0430\u043a\u0442\u0438\u0447\u043d\u043e\u0457 \u043f\u0440\u0430\u043a\u0442\u0438\u043a\u0438 \u043f\u0440\u043e\u0444\u0435\u0441\u0456\u0457.<\/p>\n<h2>\u0406\u043d\u0444\u043e\u0440\u043c\u0430\u0446\u0456\u044f \u043f\u0440\u043e \u043a\u0443\u0440\u0441 \u0434\u043b\u044f \u0441\u0442\u0430\u0446\u0456\u043e\u043d\u0430\u0440\u043d\u0438\u0445 \u043c\u043e\u0431\u0456\u043b\u044c\u043d\u0438\u0445 \u043f\u043b\u0430\u0442\u0444\u043e\u0440\u043c<\/h2>\n<p>\u0417\u0430\u043d\u044f\u0442\u0442\u044f \u043f\u0440\u043e\u0432\u043e\u0434\u044f\u0442\u044c\u0441\u044f \u0432 \u0433\u0440\u0443\u043f\u0430\u0445, \u0430\u0434\u0430\u043f\u0442\u043e\u0432\u0430\u043d\u0438\u0445 \u0434\u043e \u043f\u043e\u0442\u0440\u0435\u0431 \u0443\u0447\u0430\u0441\u043d\u0438\u043a\u0456\u0432. \u041c\u0438 \u0437\u0430\u043f\u0440\u043e\u0448\u0443\u0454\u043c\u043e \u044f\u043a \u043d\u043e\u0432\u0430\u0447\u043a\u0456\u0432 \u0443 \u0440\u043e\u0431\u043e\u0442\u0456 \u043f\u043b\u0430\u0442\u0444\u043e\u0440\u043c\u0438, \u0442\u0430\u043a \u0456 \u0442\u0438\u0445, \u0445\u0442\u043e \u0432\u0436\u0435 \u043c\u0430\u0432 \u0437 \u043d\u0438\u043c\u0438 \u0441\u043f\u0440\u0430\u0432\u0443, \u043d\u0430\u043f\u0440\u0438\u043a\u043b\u0430\u0434, \u043f\u0440\u0430\u0446\u044e\u044e\u0447\u0438 \u043f\u043e\u043c\u0456\u0447\u043d\u0438\u043a\u0430\u043c\u0438 \u043e\u043f\u0435\u0440\u0430\u0442\u043e\u0440\u0430.<\/p>\n<p>\u0427\u0435\u0440\u0435\u0437 \u0440\u0456\u0437\u043d\u043e\u043c\u0430\u043d\u0456\u0442\u043d\u0443 \u043f\u0440\u043e\u0433\u0440\u0430\u043c\u0443 \u0437\u0430\u043d\u044f\u0442\u044c \u0457\u0445 \u0442\u0440\u0438\u0432\u0430\u043b\u0456\u0441\u0442\u044c \u043c\u043e\u0436\u0435 \u0431\u0443\u0442\u0438 \u0440\u0456\u0437\u043d\u043e\u044e:<\/p>\n<ul>\n<li>\u0411\u043b\u0438\u0437\u044c\u043a\u043e 8 \u0433\u043e\u0434\u0438\u043d \u0443 \u0433\u0440\u0443\u043f\u0430\u0445 \u043b\u044e\u0434\u0435\u0439, \u044f\u043a\u0438\u043c \u043f\u043e\u0442\u0440\u0456\u0431\u043d\u043e \u043b\u0438\u0448\u0435 \u0434\u043e\u043f\u043e\u0432\u043d\u0438\u0442\u0438 \u0442\u0430 \u0430\u043a\u0442\u0443\u0430\u043b\u0456\u0437\u0443\u0432\u0430\u0442\u0438 \u0441\u0432\u043e\u0457 \u0437\u043d\u0430\u043d\u043d\u044f \u0442\u0430 \u043d\u0430\u0432\u0438\u0447\u043a\u0438<\/li>\n<li>\u0414\u043e 20-35 \u0433\u043e\u0434\u0438\u043d \u0432 \u0433\u0440\u0443\u043f\u0430\u0445 \u043b\u044e\u0434\u0435\u0439 \u0431\u0435\u0437 \u0434\u043e\u0441\u0432\u0456\u0434\u0443<\/li>\n<\/ul>\n<p>\u0423 \u0440\u0430\u043c\u043a\u0430\u0445 \u043a\u043e\u0436\u043d\u043e\u0433\u043e \u0442\u0440\u0435\u043d\u0456\u043d\u0433\u0443 \u043f\u0440\u043e\u0445\u043e\u0434\u044f\u0442\u044c \u043b\u0435\u043a\u0446\u0456\u0457 (\u0441\u0442\u0430\u0446\u0456\u043e\u043d\u0430\u0440\u043d\u0456 \u0430\u0431\u043e \u043e\u043d\u043b\u0430\u0439\u043d \u2013 \u0432\u0435\u0431\u0456\u043d\u0430\u0440\u0438, \u0449\u043e \u043f\u0440\u043e\u0432\u043e\u0434\u044f\u0442\u044c\u0441\u044f \u0432 \u0440\u0435\u0436\u0438\u043c\u0456 \u0440\u0435\u0430\u043b\u044c\u043d\u043e\u0433\u043e \u0447\u0430\u0441\u0443), \u0430 \u0442\u0430\u043a\u043e\u0436 \u043f\u0440\u0430\u043a\u0442\u0438\u0447\u043d\u0456 \u0437\u0430\u043d\u044f\u0442\u0442\u044f. \u041c\u0438 \u043e\u0440\u0433\u0430\u043d\u0456\u0437\u043e\u0432\u0443\u0454\u043c\u043e \u0457\u0445 \u0443 \u0431\u0456\u043b\u044c\u0448\u043e\u0441\u0442\u0456 \u0432\u0435\u043b\u0438\u043a\u0438\u0445 \u043f\u043e\u043b\u044c\u0441\u044c\u043a\u0438\u0445 \u043c\u0456\u0441\u0442. \u0422\u0430\u043a\u043e\u0436 \u043c\u0438 \u043f\u0440\u043e\u043f\u043e\u043d\u0443\u0454\u043c\u043e \u043e\u0440\u0433\u0430\u043d\u0456\u0437\u0430\u0446\u0456\u044e \u0437\u0430\u043a\u0440\u0438\u0442\u0438\u0445 \u043a\u0443\u0440\u0441\u0456\u0432 \u043d\u0430\u0432\u0447\u0430\u043d\u043d\u044f, \u0432\u0438\u043a\u043b\u044e\u0447\u043d\u043e \u0434\u043b\u044f \u0441\u043f\u0456\u0432\u0440\u043e\u0431\u0456\u0442\u043d\u0438\u043a\u0456\u0432 \u043a\u043b\u0456\u0454\u043d\u0442\u0430.<\/p>\n<p>\u0414\u043b\u044f \u043b\u044e\u0434\u0435\u0439, \u044f\u043a\u0456 \u0431\u0430\u0436\u0430\u044e\u0442\u044c \u043a\u0435\u0440\u0443\u0432\u0430\u0442\u0438 \u0441\u0442\u0430\u0446\u0456\u043e\u043d\u0430\u0440\u043d\u0438\u043c\u0438 \u043c\u043e\u0431\u0456\u043b\u044c\u043d\u0438\u043c\u0438 \u043f\u043b\u0430\u0442\u0444\u043e\u0440\u043c\u0430\u043c\u0438, \u043a\u0443\u0440\u0441 \u0434\u0430\u0454 \u0437\u043d\u0430\u043d\u043d\u044f \u0437 \u0442\u0430\u043a\u0438\u0445 \u043f\u0438\u0442\u0430\u043d\u044c, \u044f\u043a \u043a\u043e\u043d\u0441\u0442\u0440\u0443\u043a\u0446\u0456\u044f \u043f\u0440\u0438\u0441\u0442\u0440\u043e\u0457\u0432, \u0431\u0435\u0437\u043f\u0435\u043a\u0430 \u043f\u0456\u0434 \u0447\u0430\u0441 \u0435\u043a\u0441\u043f\u043b\u0443\u0430\u0442\u0430\u0446\u0456\u0457, \u043e\u0431\u043e\u0432&#039;\u044f\u0437\u043a\u0438 \u043e\u043f\u0435\u0440\u0430\u0442\u043e\u0440\u0430 \u0443 \u0441\u0444\u0435\u0440\u0456 \u043f\u0456\u0434\u0433\u043e\u0442\u043e\u0432\u043a\u0438 \u043f\u043b\u0430\u0442\u0444\u043e\u0440\u043c\u0438 \u0434\u043e \u0440\u043e\u0431\u043e\u0442\u0438, \u043f\u0440\u0430\u0432\u0438\u043b\u0430 \u0442\u0435\u0445\u043d\u0456\u0447\u043d\u043e\u0433\u043e \u043e\u0433\u043b\u044f\u0434\u0443.<\/p>\n<p>\u0410\u043a\u0442\u0443\u0430\u043b\u044c\u043d\u0456 \u0434\u0430\u0442\u0438, \u043c\u0456\u0441\u0446\u044f \u0442\u0430 \u0456\u043d\u0448\u0443 \u0456\u043d\u0444\u043e\u0440\u043c\u0430\u0446\u0456\u044e \u043f\u0440\u043e \u043d\u0430\u0432\u0447\u0430\u043b\u044c\u043d\u0456 \u043a\u0443\u0440\u0441\u0438 \u0434\u043b\u044f \u043c\u043e\u0431\u0456\u043b\u044c\u043d\u0438\u0445 \u043f\u043b\u0430\u0442\u0444\u043e\u0440\u043c (\u0446\u0456\u043d\u0438 \u0442\u0430 \u0456\u043d.) \u043c\u043e\u0436\u043d\u0430 \u0437\u043d\u0430\u0439\u0442\u0438 \u043d\u0430 \u043d\u0430\u0448\u043e\u043c\u0443 \u0441\u0430\u0439\u0442\u0456. \u042f\u043a\u0449\u043e \u0443 \u0432\u0430\u0441 \u0432\u0438\u043d\u0438\u043a\u043b\u0438 \u0434\u043e\u0434\u0430\u0442\u043a\u043e\u0432\u0456 \u043f\u0438\u0442\u0430\u043d\u043d\u044f, \u0437\u0432&#039;\u044f\u0436\u0456\u0442\u044c\u0441\u044f \u0437 \u043d\u0430\u043c\u0438 \u043f\u043e \u0442\u0435\u043b\u0435\u0444\u043e\u043d\u0443 \u0430\u0431\u043e \u0435\u043b\u0435\u043a\u0442\u0440\u043e\u043d\u043d\u043e\u044e \u043f\u043e\u0448\u0442\u043e\u044e. \u041c\u0438 \u0442\u0430\u043a\u043e\u0436 \u0440\u0430\u0434\u0438\u043c\u043e \u0432\u0430\u043c \u043e\u0437\u043d\u0430\u0439\u043e\u043c\u0438\u0442\u0438\u0441\u044f \u0437 \u0432\u0456\u0434\u043f\u043e\u0432\u0456\u0434\u044f\u043c\u0438 \u043d\u0430 \u043d\u0430\u0448\u0456\u0439 \u0441\u0442\u043e\u0440\u0456\u043d\u0446\u0456 \u043f\u043e\u0448\u0438\u0440\u0435\u043d\u0438\u0445 \u0437\u0430\u043f\u0438\u0442\u0430\u043d\u044c <a href=\"https:\/\/szkolenia-udt.pl\/ua\/faq\/\">\u041f\u0438\u0442\u0430\u043d\u043d\u044f \u0449\u043e \u0447\u0430\u0441\u0442\u043e \u0437\u0430\u0434\u0430\u044e\u0442\u044c\u0441\u044f<\/a>.<\/p>\n<div class=\"filmw\">\n<div class=\"responsive-youtube\"><iframe loading=\"lazy\" title=\"\u0412\u0456\u0434\u0435\u043e\u043f\u043b\u0435\u0454\u0440 YouTube\" src=\"https:\/\/www.youtube.com\/embed\/OUKdY5V51M4\" width=\"560\" height=\"315\" frameborder=\"0\" allowfullscreen=\"allowfullscreen\"><\/iframe><\/div>\n<\/div>\n<h2>\u041a\u0443\u0440\u0441 &quot;\u0421\u0442\u0430\u0446\u0456\u043e\u043d\u0430\u0440\u043d\u0456 \u043c\u043e\u0431\u0456\u043b\u044c\u043d\u0456 \u043f\u043b\u0430\u0442\u0444\u043e\u0440\u043c\u0438&quot; - \u0447\u043e\u043c\u0443 \u0432\u0430\u0440\u0442\u043e \u0432\u0437\u044f\u0442\u0438 \u0443\u0447\u0430\u0441\u0442\u044c<\/h2>\n<p>\u0421\u0442\u0430\u0446\u0456\u043e\u043d\u0430\u0440\u043d\u0456 \u043c\u043e\u0431\u0456\u043b\u044c\u043d\u0456 \u043f\u043b\u0430\u0442\u0444\u043e\u0440\u043c\u0438, \u0432\u043a\u043b\u044e\u0447\u0435\u043d\u0456 (\u043f\u043e\u0434\u0456\u0431\u043d\u043e \u0434\u043e \u043f\u0456\u0434\u0432\u0456\u0441\u043d\u0438\u0445 \u043c\u043e\u0431\u0456\u043b\u044c\u043d\u0438\u0445 \u043f\u043b\u0430\u0442\u0444\u043e\u0440\u043c) \u0434\u043e \u043a\u0430\u0442\u0435\u0433\u043e\u0440\u0456\u0457 II P, \u0454 \u043f\u0440\u0438\u0441\u0442\u0440\u043e\u044f\u043c\u0438, \u044f\u043a\u0456 \u043f\u043e\u0432\u0438\u043d\u043d\u0456 \u0435\u043a\u0441\u043f\u043b\u0443\u0430\u0442\u0443\u0432\u0430\u0442\u0438\u0441\u044f \u0437 \u0432\u0456\u0434\u043f\u043e\u0432\u0456\u0434\u043d\u0438\u043c \u043a\u0432\u0430\u043b\u0456\u0444\u0456\u043a\u0430\u0446\u0456\u0439\u043d\u0438\u043c \u0441\u0435\u0440\u0442\u0438\u0444\u0456\u043a\u0430\u0442\u043e\u043c (\u043a\u0432\u0430\u043b\u0456\u0444\u0456\u043a\u0430\u0446\u0456\u044f UDT). \u0412\u043e\u043d\u0438 \u043e\u0442\u0440\u0438\u043c\u0443\u044e\u0442\u044c\u0441\u044f \u0448\u043b\u044f\u0445\u043e\u043c \u0441\u043a\u043b\u0430\u0434\u0430\u043d\u043d\u044f \u0442\u0435\u043e\u0440\u0435\u0442\u0438\u0447\u043d\u043e\u0433\u043e \u0442\u0430 \u043f\u0440\u0430\u043a\u0442\u0438\u0447\u043d\u043e\u0433\u043e \u0456\u0441\u043f\u0438\u0442\u0443, \u044f\u043a\u0438\u0439 \u043f\u0440\u043e\u0432\u043e\u0434\u0438\u0442\u044c \u043a\u043e\u043c\u0456\u0441\u0456\u044f \u0423\u0414\u0422. \u0412 \u0440\u0430\u043c\u043a\u0430\u0445 \u043d\u0430\u0448\u043e\u0433\u043e \u043a\u0443\u0440\u0441\u0443 \u0432\u0441\u0456 \u0431\u0430\u0436\u0430\u044e\u0447\u0456 \u0443\u0447\u0430\u0441\u043d\u0438\u043a\u0438 \u043c\u0430\u044e\u0442\u044c \u043c\u043e\u0436\u043b\u0438\u0432\u0456\u0441\u0442\u044c \u0441\u043a\u043b\u0430\u0441\u0442\u0438 \u0442\u0430\u043a\u0438\u0439 \u0456\u0441\u043f\u0438\u0442, \u0449\u043e \u043d\u0430 \u043f\u0440\u0430\u043a\u0442\u0438\u0446\u0456 \u043e\u0437\u043d\u0430\u0447\u0430\u0454, \u0449\u043e \u043f\u0456\u0441\u043b\u044f \u043f\u0440\u043e\u0445\u043e\u0434\u0436\u0435\u043d\u043d\u044f \u043d\u0430\u0432\u0447\u0430\u043d\u043d\u044f \u0432\u043e\u043d\u0438 \u043f\u043e\u0432\u043d\u0456\u0441\u0442\u044e \u0433\u043e\u0442\u043e\u0432\u0456 \u0434\u043e \u0440\u043e\u0431\u043e\u0442\u0438 \u0437\u0430 \u0444\u0430\u0445\u043e\u043c. \u041f\u0440\u043e\u0444\u0435\u0441\u0456\u0439\u043d\u0456 \u043a\u0432\u0430\u043b\u0456\u0444\u0456\u043a\u0430\u0446\u0456\u0457, \u0432\u0438\u0434\u0430\u043d\u0456 UDT, \u0434\u0456\u0439\u0441\u043d\u0456 \u043f\u0440\u043e\u0442\u044f\u0433\u043e\u043c 10 \u0440\u043e\u043a\u0456\u0432, \u0434\u0456\u0439\u0441\u043d\u0456 \u0434\u043b\u044f \u043f\u0440\u0430\u0446\u0435\u0432\u043b\u0430\u0448\u0442\u0443\u0432\u0430\u043d\u043d\u044f \u0432 \u041f\u043e\u043b\u044c\u0449\u0456, \u0430\u043b\u0435 \u0442\u0430\u043a\u043e\u0436 \u043c\u043e\u0436\u0443\u0442\u044c \u0431\u0443\u0442\u0438 \u0432\u0438\u0437\u043d\u0430\u043d\u0456 \u0432 \u0434\u0435\u044f\u043a\u0438\u0445 \u0456\u043d\u0448\u0438\u0445 \u043a\u0440\u0430\u0457\u043d\u0430\u0445.<br \/>\n<div style=\"width: 640px;\" class=\"wp-video\"><video id=\"video-2479-1\" width=\"640\" height=\"360\" poster=\"https:\/\/szkolenia-udt.pl\/wp-content\/uploads\/2023\/03\/okladka-podnosnik-OSO.jpg\" preload=\"metadata\" controls=\"controls\"><source type=\"video\/mp4\" src=\"https:\/\/szkolenia-udt.pl\/wp-content\/uploads\/2023\/03\/podnosnik-SZKOLENIA-UDT.PL-OSO.mp4?_=1\" \/><a href=\"https:\/\/szkolenia-udt.pl\/wp-content\/uploads\/2023\/03\/podnosnik-SZKOLENIA-UDT.PL-OSO.mp4\">https:\/\/szkolenia-udt.pl\/wp-content\/uploads\/2023\/03\/podnosnik-SZKOLENIA-UDT.PL-OSO.mp4<\/a><\/video><\/div>\n\u0421\u0442\u0430\u0446\u0456\u043e\u043d\u0430\u0440\u043d\u0430 \u043f\u0435\u0440\u0435\u0441\u0443\u0432\u043d\u0430 \u043f\u043b\u0430\u0442\u0444\u043e\u0440\u043c\u0430 \u2014 \u0446\u0435 \u043f\u0440\u0438\u0441\u0442\u0440\u0456\u0439 \u0434\u043b\u044f \u043f\u0435\u0440\u0435\u043c\u0456\u0449\u0435\u043d\u043d\u044f \u043b\u044e\u0434\u0435\u0439, \u0456\u043d\u0441\u0442\u0440\u0443\u043c\u0435\u043d\u0442\u0456\u0432 \u0456 \u043c\u0430\u0442\u0435\u0440\u0456\u0430\u043b\u0456\u0432 \u0434\u043b\u044f \u0440\u043e\u0431\u043e\u0442\u0438 \u043d\u0430 \u0432\u0438\u0441\u043e\u0442\u0456. \u0412\u043b\u0430\u0441\u043d\u043e\u0433\u043e \u043f\u0440\u0438\u0432\u043e\u0434\u0443 \u043d\u0435 \u043c\u0430\u0454, \u0440\u043e\u0437\u0440\u0430\u0445\u043e\u0432\u0430\u043d\u0438\u0439 \u043d\u0430 \u0440\u043e\u0431\u043e\u0442\u0443 \u0432 \u043e\u0434\u043d\u043e\u043c\u0443 \u0432\u0456\u0434\u0432\u0435\u0434\u0435\u043d\u043e\u043c\u0443 \u043c\u0456\u0441\u0446\u0456. \u041e\u0434\u043d\u0430\u043a \u0446\u0435 \u0456\u0441\u0442\u043e\u0442\u043d\u043e \u043d\u0435 \u043e\u0431\u043c\u0435\u0436\u0443\u0454 \u043c\u043e\u0436\u043b\u0438\u0432\u043e\u0441\u0442\u0456 \u0439\u043e\u0433\u043e \u0432\u0438\u043a\u043e\u0440\u0438\u0441\u0442\u0430\u043d\u043d\u044f. \u0426\u0456 \u0442\u0438\u043f\u0438 \u043f\u0440\u0438\u0441\u0442\u0440\u043e\u0457\u0432 \u0432\u0438\u043a\u043e\u0440\u0438\u0441\u0442\u043e\u0432\u0443\u044e\u0442\u044c\u0441\u044f \u0434\u043b\u044f \u0440\u0435\u043c\u043e\u043d\u0442\u043d\u0438\u0445, \u0440\u0435\u043c\u043e\u043d\u0442\u043d\u0438\u0445, \u043c\u043e\u043d\u0442\u0430\u0436\u043d\u0438\u0445 \u0456 \u0431\u0443\u0434\u0456\u0432\u0435\u043b\u044c\u043d\u0438\u0445 \u0440\u043e\u0431\u0456\u0442 \u044f\u043a \u0432\u0441\u0435\u0440\u0435\u0434\u0438\u043d\u0456, \u0442\u0430\u043a \u0456 \u0437\u043e\u0432\u043d\u0456 \u0431\u0443\u0434\u0456\u0432\u0435\u043b\u044c. \u0412\u043e\u043b\u043e\u0434\u0456\u043d\u043d\u044f <a href=\"https:\/\/szkolenia-udt.pl\/ua\/kursy\/uprawnienia-udt-tdt-wdt\/podesty-ruchome\/\">\u043a\u0432\u0430\u043b\u0456\u0444\u0456\u043a\u0430\u0446\u0456\u044f \u0434\u043b\u044f \u043c\u043e\u0431\u0456\u043b\u044c\u043d\u0438\u0445 \u043f\u043b\u0430\u0442\u0444\u043e\u0440\u043c<\/a> \u0441\u0442\u0430\u0446\u0456\u043e\u043d\u0430\u0440\u043d\u0438\u0439, \u0432\u0438 \u043c\u043e\u0436\u0435\u0442\u0435 \u043f\u0440\u0430\u0446\u0435\u0432\u043b\u0430\u0448\u0442\u0443\u0432\u0430\u0442\u0438\u0441\u044f \u0432 \u043a\u043e\u043c\u043f\u0430\u043d\u0456\u044f\u0445 \u0437 \u0443\u0441\u0456\u0445 \u043f\u0435\u0440\u0435\u0440\u0430\u0445\u043e\u0432\u0430\u043d\u0438\u0445 \u0432\u0438\u0449\u0435 \u0433\u0430\u043b\u0443\u0437\u0435\u0439, \u0430 \u0442\u0430\u043a\u043e\u0436 \u0432\u0438\u043a\u043e\u043d\u0443\u0432\u0430\u0442\u0438 \u043f\u043e\u0441\u043b\u0443\u0433\u0438 \u0437 \u0446\u0438\u043c \u043f\u0440\u0438\u0441\u0442\u0440\u043e\u0454\u043c \u0441\u0430\u043c\u043e\u0441\u0442\u0456\u0439\u043d\u043e.<\/p>","protected":false},"excerpt":{"rendered":"<p>Podest ruchomy stacjonarny nie jest tak mobilnym urz\u0105dzeniem, jak na przyk\u0142ad zwy\u017cki, jednak mo\u017cliwo\u015bci jego wykorzystania s\u0105 nadal du\u017ce. Osoby potrafi\u0105ce obs\u0142ugiwa\u0107 te urz\u0105dzenia s\u0105 specjalistami poszukiwanymi na rynku pracy: mog\u0105 wykonywa\u0107 prace podczas budowy, remont\u00f3w du\u017cych budynk\u00f3w, a tak\u017ce w magazynach wysokiego sk\u0142adowania. Wszystkim, kt\u00f3rzy chcieliby zdoby\u0107 kwalifikacje potrzebne do pracy w tym zawodzie, [&hellip;]<\/p>\n","protected":false},"author":3,"featured_media":3422,"parent":2266,"menu_order":0,"comment_status":"closed","ping_status":"closed","template":"","meta":{"footnotes":""},"class_list":["post-2479","page","type-page","status-publish","has-post-thumbnail","hentry"],"aioseo_notices":[],"_links":{"self":[{"href":"https:\/\/szkolenia-udt.pl\/ua\/wp-json\/wp\/v2\/pages\/2479","targetHints":{"allow":["GET"]}}],"collection":[{"href":"https:\/\/szkolenia-udt.pl\/ua\/wp-json\/wp\/v2\/pages"}],"about":[{"href":"https:\/\/szkolenia-udt.pl\/ua\/wp-json\/wp\/v2\/types\/page"}],"author":[{"embeddable":true,"href":"https:\/\/szkolenia-udt.pl\/ua\/wp-json\/wp\/v2\/users\/3"}],"replies":[{"embeddable":true,"href":"https:\/\/szkolenia-udt.pl\/ua\/wp-json\/wp\/v2\/comments?post=2479"}],"version-history":[{"count":4,"href":"https:\/\/szkolenia-udt.pl\/ua\/wp-json\/wp\/v2\/pages\/2479\/revisions"}],"predecessor-version":[{"id":4522,"href":"https:\/\/szkolenia-udt.pl\/ua\/wp-json\/wp\/v2\/pages\/2479\/revisions\/4522"}],"up":[{"embeddable":true,"href":"https:\/\/szkolenia-udt.pl\/ua\/wp-json\/wp\/v2\/pages\/2266"}],"wp:featuredmedia":[{"embeddable":true,"href":"https:\/\/szkolenia-udt.pl\/ua\/wp-json\/wp\/v2\/media\/3422"}],"wp:attachment":[{"href":"https:\/\/szkolenia-udt.pl\/ua\/wp-json\/wp\/v2\/media?parent=2479"}],"curies":[{"name":"wp","href":"https:\/\/api.w.org\/{rel}","templated":true}]}}