{"id":2778,"date":"2022-05-06T09:33:34","date_gmt":"2022-05-06T07:33:34","guid":{"rendered":"https:\/\/szkolenia-udt.pl\/?page_id=2778"},"modified":"2023-03-26T12:14:41","modified_gmt":"2023-03-26T10:14:41","slug":"%d1%84%d0%bb%d0%b0%d0%bd%d0%b5%d1%86%d1%8c-%d0%b7%d1%94%d0%b4%d0%bd%d0%b0%d0%bd%d0%bd%d1%8f-%d0%bc%d0%be%d0%bd%d1%82%d0%b0%d0%b6","status":"publish","type":"page","link":"https:\/\/szkolenia-udt.pl\/ua\/kursy\/uprawnienia-udt-tdt-wdt\/polaczenia-kolnierzowe-montaz\/","title":{"rendered":"\u041a\u0432\u0430\u043b\u0456\u0444\u0456\u043a\u0430\u0446\u0456\u0439\u043d\u0438\u0439 \u043a\u0443\u0440\u0441 \u0444\u043b\u0430\u043d\u0446\u0435\u0432\u0438\u0445 \u0437'\u0454\u0434\u043d\u0443\u0432\u0430\u0447\u0456\u0432"},"content":{"rendered":"<div class=\"wp-block-image\">\n<figure class=\"alignright size-large is-resized\"><a href=\"https:\/\/szkolenia-udt.pl\/wp-content\/uploads\/2022\/05\/still-flangemovie.jpg\"><img loading=\"lazy\" decoding=\"async\" src=\"https:\/\/szkolenia-udt.pl\/wp-content\/uploads\/2022\/05\/still-flangemovie-1024x576.jpg\" alt=\"\u043a\u043e\u043d\u0441\u0442\u0440\u0443\u043a\u0446\u0456\u044f \u0444\u043b\u0430\u043d\u0446\u0435\u0432\u043e\u0433\u043e \u0437&#039;\u0454\u0434\u043d\u0430\u043d\u043d\u044f\" class=\"wp-image-2781\" width=\"512\" height=\"288\" srcset=\"https:\/\/szkolenia-udt.pl\/wp-content\/uploads\/2022\/05\/still-flangemovie-1024x576.jpg 1024w, https:\/\/szkolenia-udt.pl\/wp-content\/uploads\/2022\/05\/still-flangemovie-300x169.jpg 300w, https:\/\/szkolenia-udt.pl\/wp-content\/uploads\/2022\/05\/still-flangemovie-768x432.jpg 768w, https:\/\/szkolenia-udt.pl\/wp-content\/uploads\/2022\/05\/still-flangemovie-1536x864.jpg 1536w, https:\/\/szkolenia-udt.pl\/wp-content\/uploads\/2022\/05\/still-flangemovie.jpg 1920w\" sizes=\"auto, (max-width: 512px) 100vw, 512px\" \/><\/a><\/figure>\n<\/div>\n\n\n<h2 class=\"wp-block-heading\"><strong>\u041d\u0430\u0432\u0447\u0430\u043d\u043d\u044f \u0432 \u041e\u0413\u0421<\/strong>\u00a0<\/h2>\n\n\n\n<p><a href=\"https:\/\/szkolenia-udt.pl\/ua\/o-firmie\/\">\u0426\u0435\u043d\u0442\u0440 \u043f\u0456\u0434\u0433\u043e\u0442\u043e\u0432\u043a\u0438 \u043e\u043f\u0435\u0440\u0430\u0442\u043e\u0440\u0456\u0432<\/a> \u043f\u0440\u043e\u043f\u043e\u043d\u0443\u0454 \u043a\u0443\u0440\u0441 \u0444\u043b\u0430\u043d\u0446\u0435\u0432\u0438\u0445 \u0437'\u0454\u0434\u043d\u0430\u043d\u044c. \u041d\u0430\u0448\u0430 \u043c\u0435\u0442\u0430 - \u043d\u0430\u0432\u0447\u0438\u0442\u0438 \u0441\u043b\u044e\u0441\u0430\u0440\u0456\u0432 \u043f\u0440\u0430\u0432\u0438\u043b\u044c\u043d\u043e\u043c\u0443 \u043c\u043e\u043d\u0442\u0430\u0436\u0443 \u0442\u0430 \u0431\u0435\u0437\u043f\u0435\u0447\u043d\u0456\u0439 \u0435\u043a\u0441\u043f\u043b\u0443\u0430\u0442\u0430\u0446\u0456\u0457 \u043e\u0431\u043b\u0430\u0434\u043d\u0430\u043d\u043d\u044f, \u0449\u043e \u043f\u0440\u0430\u0446\u044e\u0454 \u043f\u0456\u0434 \u0442\u0438\u0441\u043a\u043e\u043c: \u0440\u0435\u0437\u0435\u0440\u0432\u0443\u0430\u0440\u0456\u0432, \u0442\u0440\u0443\u0431\u043e\u043f\u0440\u043e\u0432\u043e\u0434\u0456\u0432, \u0444\u0456\u0442\u0438\u043d\u0433\u0456\u0432 \u0456 \u0442\u0440\u0443\u0431, \u0434\u043b\u044f \u0447\u043e\u0433\u043e \u043d\u0435\u043e\u0431\u0445\u0456\u0434\u043d\u0456 \u0437\u043d\u0430\u043d\u043d\u044f \u0437 \u043d\u0430\u0434\u0456\u0439\u043d\u043e\u0433\u043e \u0434\u0436\u0435\u0440\u0435\u043b\u0430 \u0437 \u043f\u0438\u0442\u0430\u043d\u044c \u043e\u0445\u043e\u0440\u043e\u043d\u0438 \u043f\u0440\u0430\u0446\u0456 \u0442\u0430 \u0442\u0435\u0445\u043d\u0456\u043a\u0438 \u0431\u0435\u0437\u043f\u0435\u043a\u0438, \u0442\u0435\u043e\u0440\u0456\u0457 \u0442\u0430 \u043f\u0440\u0430\u043a\u0442\u0438\u043a\u0438.\u00a0<\/p>\n\n\n\n<h2 class=\"wp-block-heading\"><strong>\u0422\u0440\u0435\u043d\u0443\u0432\u0430\u043b\u044c\u043d\u0430 \u043f\u0440\u043e\u0433\u0440\u0430\u043c\u0430<\/strong>&nbsp;<\/h2>\n\n\n\n<figure class=\"wp-block-table\"><table><tbody><tr><td><strong>\u041d\u0430\u0432\u0447\u0430\u043b\u044c\u043d\u0430 \u043f\u0440\u043e\u0433\u0440\u0430\u043c\u0430 - \u0442\u0435\u043e\u0440\u0456\u044f<\/strong>\u00a0<\/td><td><strong>\u041f\u0440\u043e\u0433\u0440\u0430\u043c\u0430 \u0442\u0440\u0435\u043d\u0456\u043d\u0433\u0443 - \u043f\u0440\u0430\u043a\u0442\u0438\u0447\u043d\u0430<\/strong>\u00a0<\/td><td><strong>\u0429\u043e \u043c\u0438 \u043f\u0440\u043e\u043f\u043e\u043d\u0443\u0454\u043c\u043e?<\/strong>&nbsp;<\/td><\/tr><tr><td><strong>\u0422\u0438\u043f\u0438 \u0444\u043b\u0430\u043d\u0446\u0435\u0432\u0438\u0445 \u0437'\u0454\u0434\u043d\u0430\u043d\u044c<\/strong>&nbsp;<\/td><td>\u041f\u0440\u0430\u043a\u0442\u0438\u0447\u043d\u0456 \u0437\u0430\u043d\u044f\u0442\u0442\u044f \u0432 \u043e\u0431\u043b\u0430\u0441\u0442\u0456 \u043c\u043e\u043d\u0442\u0430\u0436\u0443 \u0444\u043b\u0430\u043d\u0446\u0435\u0432\u0438\u0445 \u0437&#039;\u0454\u0434\u043d\u0430\u043d\u044c.&nbsp;<\/td><td>\u0421\u0435\u0440\u0442\u0438\u0444\u0456\u043a\u0430\u0442 T\u00dcV \u043f\u043e\u043b\u044c\u0441\u044c\u043a\u043e\u044e \u0442\u0430 \u0430\u043d\u0433\u043b\u0456\u0439\u0441\u044c\u043a\u043e\u044e \u043c\u043e\u0432\u0430\u043c\u0438.&nbsp;<\/td><\/tr><tr><td><strong>\u0417\u043d\u0430\u043d\u043d\u044f \u043d\u0430\u0439\u043f\u043e\u0448\u0438\u0440\u0435\u043d\u0456\u0448\u0438\u0445 \u043d\u0435\u0441\u043f\u0440\u0430\u0432\u043d\u043e\u0441\u0442\u0435\u0439 \u0442\u0430 \u0441\u043f\u043e\u0441\u043e\u0431\u0456\u0432 \u0457\u0445 \u0437\u0430\u043f\u043e\u0431\u0456\u0433\u0430\u043d\u043d\u044f<\/strong>&nbsp;<\/td><td>\u041f\u0456\u0434\u0431\u0456\u0440 \u0437\u0430\u0441\u043e\u0431\u0456\u0432 \u0456\u043d\u0434\u0438\u0432\u0456\u0434\u0443\u0430\u043b\u044c\u043d\u043e\u0433\u043e \u0437\u0430\u0445\u0438\u0441\u0442\u0443 \u0442\u0430 \u043e\u0433\u043b\u044f\u0434 \u0440\u043e\u0431\u043e\u0447\u043e\u0433\u043e \u043c\u0456\u0441\u0446\u044f.&nbsp;<\/td><td>\u041d\u0435\u043e\u0431\u0445\u0456\u0434\u043d\u0456 \u043d\u0430\u0432\u0438\u0447\u043a\u0438 \u0434\u043b\u044f \u0440\u043e\u0431\u043e\u0442\u0438 \u043c\u043e\u043d\u0442\u0430\u0436\u043d\u0438\u043a\u043e\u043c.&nbsp;<\/td><\/tr><tr><td><strong>\u0422\u0438\u043f\u0438 \u043f\u043b\u043e\u043c\u0431 \u0442\u0430 \u0457\u0445 \u0445\u0430\u0440\u0430\u043a\u0442\u0435\u0440\u0438\u0441\u0442\u0438\u043a\u0438<\/strong>&nbsp;<\/td><td>\u041f\u0435\u0440\u0435\u0432\u0456\u0440\u043a\u0430 \u0442\u0430 \u0432\u0438\u0431\u0456\u0440 \u043f\u0440\u043e\u043a\u043b\u0430\u0434\u043e\u043a \u0434\u043b\u044f \u0441\u043a\u043b\u0430\u0434\u0430\u043d\u043d\u044f.&nbsp;<\/td><td>\u0420\u0435\u0442\u0435\u043b\u044c\u043d\u0430 \u043f\u0456\u0434\u0433\u043e\u0442\u043e\u0432\u043a\u0430 \u0434\u043e \u0456\u0441\u043f\u0438\u0442\u0443, \u0432\u043a\u043b\u044e\u0447\u0430\u044e\u0447\u0438 \u0437\u043d\u0430\u043d\u043d\u044f \u0442\u0435\u043e\u0440\u0456\u0457 \u0442\u0430 \u043f\u0440\u0430\u043a\u0442\u0438\u043a\u0438.&nbsp;<\/td><\/tr><tr><td><strong>\u0417\u0430\u0433\u0430\u043b\u044c\u043d\u0456 \u0437\u0430\u0445\u043e\u0434\u0438 \u0437 \u043e\u0445\u043e\u0440\u043e\u043d\u0438 \u0437\u0434\u043e\u0440\u043e\u0432'\u044f \u0442\u0430 \u0431\u0435\u0437\u043f\u0435\u043a\u0438<\/strong>&nbsp;<\/td><td>\u041f\u043e\u0441\u043b\u0456\u0434\u043e\u0432\u043d\u0456\u0441\u0442\u044c \u0434\u0456\u0439 \u043f\u0440\u0438 \u043c\u043e\u043d\u0442\u0430\u0436\u0456 \u0442\u0430 \u0440\u043e\u0437\u0431\u0438\u0440\u0430\u043d\u043d\u0456 \u0444\u043b\u0430\u043d\u0446\u0435\u0432\u0438\u0445 \u0437&#039;\u0454\u0434\u043d\u0430\u043d\u044c.&nbsp;<\/td><td>\u041a\u043e\u043d\u043a\u0443\u0440\u0435\u043d\u0442\u043e\u0441\u043f\u0440\u043e\u043c\u043e\u0436\u043d\u0456 \u0446\u0456\u043d\u0438 \u043f\u043e\u0440\u0456\u0432\u043d\u044f\u043d\u043e \u0437 \u0456\u043d\u0448\u0438\u043c\u0438 \u043a\u043e\u043c\u043f\u0430\u043d\u0456\u044f\u043c\u0438, \u0449\u043e \u043d\u0430\u0434\u0430\u044e\u0442\u044c \u043f\u043e\u0441\u043b\u0443\u0433\u0438 \u043d\u0430\u0432\u0447\u0430\u043d\u043d\u044f.&nbsp;<\/td><\/tr><tr><td><strong>\u0411\u0435\u0437\u043f\u0435\u0447\u043d\u0438\u0439 \u0434\u0435\u043c\u043e\u043d\u0442\u0430\u0436 \u0444\u043b\u0430\u043d\u0446\u0435\u0432\u0438\u0445 \u0437'\u0454\u0434\u043d\u0430\u043d\u044c<\/strong>&nbsp;<\/td><td>\u041f\u0435\u0440\u0435\u0432\u0456\u0440\u043a\u0430 \u0433\u043e\u0442\u043e\u0432\u043e\u0433\u043e \u0444\u043b\u0430\u043d\u0446\u0435\u0432\u043e\u0433\u043e \u0437&#039;\u0454\u0434\u043d\u0430\u043d\u043d\u044f \u043d\u0430 \u0433\u0435\u0440\u043c\u0435\u0442\u0438\u0447\u043d\u0456\u0441\u0442\u044c.&nbsp;<\/td><td>\u041e\u0440\u0433\u0430\u043d\u0456\u0437\u0430\u0446\u0456\u044f \u043d\u0430\u0432\u0447\u0430\u043d\u043d\u044f \u043d\u0430 \u0442\u0435\u0440\u0438\u0442\u043e\u0440\u0456\u0457 \u043a\u043b\u0456\u0454\u043d\u0442\u0430.&nbsp;<\/td><\/tr><tr><td><strong>\u041f\u0456\u0434\u0433\u043e\u0442\u043e\u0432\u043a\u0430 \u043f\u043e\u0432\u0435\u0440\u0445\u043d\u0456, \u0449\u043e \u0443\u0449\u0456\u043b\u044c\u043d\u044e\u0454\u0442\u044c\u0441\u044f<\/strong>&nbsp;<\/td><td>\u0414\u043e\u0433\u043b\u044f\u0434 \u0442\u0430 \u043d\u0430\u0433\u043b\u044f\u0434 \u0437\u0430 \u0440\u043e\u0431\u043e\u0442\u043e\u044e \u0456\u043d\u0441\u0442\u0440\u0443\u043a\u0442\u043e\u0440\u0430.&nbsp;<\/td><td>\u0421\u0435\u0440\u0442\u0438\u0444\u0456\u043a\u0430\u0442 \u043f\u0440\u043e \u043f\u0440\u043e\u0445\u043e\u0434\u0436\u0435\u043d\u043d\u044f \u043d\u0430\u0432\u0447\u0430\u043d\u043d\u044f, \u0430 \u0442\u0430\u043a\u043e\u0436 \u043d\u0435\u043e\u0431\u0445\u0456\u0434\u043d\u0456 \u043d\u0430\u0432\u0447\u0430\u043b\u044c\u043d\u0456 \u043c\u0430\u0442\u0435\u0440\u0456\u0430\u043b\u0438.&nbsp;<\/td><\/tr><\/tbody><\/table><\/figure>\n\n\n\n<h2 class=\"wp-block-heading\"><strong>\u041f\u0440\u0430\u0432\u0430<\/strong>&nbsp;<\/h2>\n\n\n<div class=\"wp-block-image\">\n<figure class=\"alignleft size-large is-resized\"><a href=\"https:\/\/szkolenia-udt.pl\/wp-content\/uploads\/2022\/05\/HL-005-copy_lar-e1651822318974.jpg\"><img loading=\"lazy\" decoding=\"async\" src=\"https:\/\/szkolenia-udt.pl\/wp-content\/uploads\/2022\/05\/HL-005-copy_lar-e1651822318974-1024x384.jpg\" alt=\"\u0444\u043b\u0430\u043d\u0446\u0435\u0432\u0435 \u0437&#039;\u0454\u0434\u043d\u0430\u043d\u043d\u044f\" class=\"wp-image-2780\" width=\"512\" height=\"192\" srcset=\"https:\/\/szkolenia-udt.pl\/wp-content\/uploads\/2022\/05\/HL-005-copy_lar-e1651822318974-1024x384.jpg 1024w, https:\/\/szkolenia-udt.pl\/wp-content\/uploads\/2022\/05\/HL-005-copy_lar-e1651822318974-300x113.jpg 300w, https:\/\/szkolenia-udt.pl\/wp-content\/uploads\/2022\/05\/HL-005-copy_lar-e1651822318974-768x288.jpg 768w, https:\/\/szkolenia-udt.pl\/wp-content\/uploads\/2022\/05\/HL-005-copy_lar-e1651822318974-1536x576.jpg 1536w, https:\/\/szkolenia-udt.pl\/wp-content\/uploads\/2022\/05\/HL-005-copy_lar-e1651822318974.jpg 1600w\" sizes=\"auto, (max-width: 512px) 100vw, 512px\" \/><\/a><\/figure>\n<\/div>\n\n\n<p>\u041c\u0438 \u043f\u0440\u043e\u043f\u043e\u043d\u0443\u0454\u043c\u043e \u043a\u043e\u043c\u043f\u043b\u0435\u043a\u0441\u043d\u0435 \u043d\u0430\u0432\u0447\u0430\u043d\u043d\u044f, \u044f\u043a\u0435 \u0434\u043e\u0437\u0432\u043e\u043b\u0438\u0442\u044c \u0432\u0430\u043c \u043e\u0442\u0440\u0438\u043c\u0430\u0442\u0438 \u0441\u0435\u0440\u0442\u0438\u0444\u0456\u043a\u0430\u0442 T\u00dcV (\u0432\u0456\u0434\u043f\u043e\u0432\u0456\u0434\u043d\u043e \u0434\u043e EN 1591-4), \u0449\u043e \u0434\u0430\u0454 \u043f\u0440\u0430\u0432\u043e \u0432\u0438\u043a\u043e\u043d\u0443\u0432\u0430\u0442\u0438 \u0442\u0430 \u043a\u043e\u043d\u0442\u0440\u043e\u043b\u044e\u0432\u0430\u0442\u0438 \u0444\u043b\u0430\u043d\u0446\u0435\u0432\u0456 \u0437'\u0454\u0434\u043d\u0430\u043d\u043d\u044f \u043d\u0430 \u0442\u0435\u0440\u0438\u0442\u043e\u0440\u0456\u0457 \u041f\u043e\u043b\u044c\u0449\u0456 \u0442\u0430 \u0456\u043d\u0448\u0438\u0445 \u0454\u0432\u0440\u043e\u043f\u0435\u0439\u0441\u044c\u043a\u0438\u0445 \u043a\u0440\u0430\u0457\u043d. \u041f\u0456\u0441\u043b\u044f \u0437\u0430\u0432\u0435\u0440\u0448\u0435\u043d\u043d\u044f \u043f\u043e\u0432\u043d\u043e\u0433\u043e \u043a\u0443\u0440\u0441\u0443 \u043d\u0430\u0432\u0447\u0430\u043d\u043d\u044f, \u044f\u043a\u0438\u0439 \u0431\u0443\u0434\u0435 \u043f\u0440\u043e\u0445\u043e\u0434\u0438\u0442\u0438 \u043f\u0456\u0434 \u043d\u0430\u0433\u043b\u044f\u0434\u043e\u043c \u043d\u0430\u0448\u0438\u0445 \u0432\u0438\u0441\u043e\u043a\u043e\u043a\u0432\u0430\u043b\u0456\u0444\u0456\u043a\u043e\u0432\u0430\u043d\u0438\u0445 \u0441\u043f\u0456\u0432\u0440\u043e\u0431\u0456\u0442\u043d\u0438\u043a\u0456\u0432, \u043c\u0438 \u043f\u0440\u043e\u0432\u0435\u0434\u0435\u043c\u043e \u0456\u0441\u043f\u0438\u0442, \u0449\u043e\u0431 \u043f\u0435\u0440\u0435\u0432\u0456\u0440\u0438\u0442\u0438 \u0442\u0435\u043e\u0440\u0435\u0442\u0438\u0447\u043d\u0456 \u0437\u043d\u0430\u043d\u043d\u044f \u0442\u0430 \u043f\u0440\u0430\u043a\u0442\u0438\u0447\u043d\u0456 \u043d\u0430\u0432\u0438\u0447\u043a\u0438 \u043a\u0430\u043d\u0434\u0438\u0434\u0430\u0442\u0430. \u041f\u0456\u0441\u043b\u044f \u0443\u0441\u043f\u0456\u0448\u043d\u043e\u0433\u043e \u0441\u043a\u043b\u0430\u0434\u0430\u043d\u043d\u044f \u043e\u0431\u043e\u0445 \u0456\u0441\u043f\u0438\u0442\u0456\u0432 \u0432\u0438 \u043e\u0442\u0440\u0438\u043c\u0430\u0454\u0442\u0435 \u043b\u0456\u0446\u0435\u043d\u0437\u0456\u044e UDT \u0442\u0430 \u0441\u0435\u0440\u0442\u0438\u0444\u0456\u043a\u0430\u0442 \u043f\u0440\u043e \u043f\u0440\u043e\u0445\u043e\u0434\u0436\u0435\u043d\u043d\u044f \u043d\u0430\u0432\u0447\u0430\u043d\u043d\u044f.\u00a0\u00a0<\/p>\n\n\n\n<h2 class=\"wp-block-heading\">\u041f\u0440\u043e \u043d\u0430\u0441<\/h2>\n\n\n\n<p>\u041d\u0430\u0432\u0447\u0430\u043d\u043d\u044f \u0432 \u0426\u0435\u043d\u0442\u0440\u0456 \u043f\u0456\u0434\u0433\u043e\u0442\u043e\u0432\u043a\u0438 \u043e\u043f\u0435\u0440\u0430\u0442\u043e\u0440\u0456\u0432 \u043f\u0440\u043e\u0432\u043e\u0434\u0438\u0442\u044c\u0441\u044f \u043f\u043e \u0432\u0441\u0456\u0439 \u041f\u043e\u043b\u044c\u0449\u0456, \u0432\u0456\u0434\u043f\u043e\u0432\u0456\u0434\u043d\u043e \u0434\u043e \u0432\u0438\u043c\u043e\u0433 \u0423\u043f\u0440\u0430\u0432\u043b\u0456\u043d\u043d\u044f \u0442\u0435\u0445\u043d\u0456\u0447\u043d\u043e\u0457 \u0456\u043d\u0441\u043f\u0435\u043a\u0446\u0456\u0457. \u0414\u043b\u044f \u043e\u0437\u043d\u0430\u0439\u043e\u043c\u043b\u0435\u043d\u043d\u044f \u0437 <a href=\"https:\/\/szkolenia-udt.pl\/ua\/oferta\/\">\u043f\u043e\u0432\u043d\u0430 \u043f\u0440\u043e\u043f\u043e\u0437\u0438\u0446\u0456\u044f<\/a> \u0442\u0440\u0435\u043d\u0456\u043d\u0433\u0456\u0432 \u0442\u0430 \u0456\u043d\u0448\u0438\u0445 \u043f\u043e\u0441\u043b\u0443\u0433, \u0449\u043e \u043d\u0430\u0434\u0430\u044e\u0442\u044c\u0441\u044f \u041e\u0413\u0421, \u0431\u0443\u0434\u044c \u043b\u0430\u0441\u043a\u0430, \u0432\u0456\u0434\u0432\u0456\u0434\u0430\u0439\u0442\u0435 \u043d\u0430\u0448 \u043e\u0444\u0456\u0446\u0456\u0439\u043d\u0438\u0439 \u0432\u0435\u0431-\u0441\u0430\u0439\u0442 \u0430\u0431\u043e \u0437\u0430\u0442\u0435\u043b\u0435\u0444\u043e\u043d\u0443\u0439\u0442\u0435 \u043d\u0430\u043c.\u00a0<\/p>\n\n\n<div class=\"wp-block-image\">\n<figure class=\"aligncenter\"><a href=\"https:\/\/szkolenia-udt.pl\/wp-content\/uploads\/2022\/05\/0060-oso.edu_.pl_.jpg\"><img loading=\"lazy\" decoding=\"async\" width=\"1024\" height=\"853\" src=\"https:\/\/szkolenia-udt.pl\/wp-content\/uploads\/2022\/05\/0060-oso.edu_.pl_-1024x853.jpg\" alt=\"\u0433\u0440\u0430\u0444\u0456\u0447\u043d\u0438\u0439 \u043e\u043f\u0438\u0441 \u043a\u0443\u0440\u0441\u0443\" class=\"wp-image-2861\" srcset=\"https:\/\/szkolenia-udt.pl\/wp-content\/uploads\/2022\/05\/0060-oso.edu_.pl_-1024x853.jpg 1024w, https:\/\/szkolenia-udt.pl\/wp-content\/uploads\/2022\/05\/0060-oso.edu_.pl_-300x250.jpg 300w, https:\/\/szkolenia-udt.pl\/wp-content\/uploads\/2022\/05\/0060-oso.edu_.pl_-768x640.jpg 768w, https:\/\/szkolenia-udt.pl\/wp-content\/uploads\/2022\/05\/0060-oso.edu_.pl_.jpg 1200w\" sizes=\"auto, (max-width: 1024px) 100vw, 1024px\" \/><\/a><\/figure>\n<\/div>","protected":false},"excerpt":{"rendered":"<p>Szkolenie w OSO\u00a0 O\u015brodek Szkolenia Operator\u00f3w posiada w swojej ofercie kurs monta\u017cu po\u0142\u0105cze\u0144 ko\u0142nierzowych. Naszym celem jest nauczenie monta\u017cyst\u00f3w prawid\u0142owej instalacji i bezpiecznej eksploatacji urz\u0105dze\u0144 ci\u015bnieniowych: zbiornik\u00f3w, ruroci\u0105g\u00f3w, armatury i przewod\u00f3w, wymagaj\u0105cych znajomo\u015bci wiedzy z rzetelnego \u017ar\u00f3d\u0142a z zakresu BHP oraz teorii i praktyki.\u00a0 Program szkolenia&nbsp; Program szkolenia \u2013 teoria\u00a0 Program szkolenia \u2013 praktyka\u00a0 Co [&hellip;]<\/p>\n","protected":false},"author":10,"featured_media":2781,"parent":2266,"menu_order":0,"comment_status":"closed","ping_status":"closed","template":"","meta":{"footnotes":""},"class_list":["post-2778","page","type-page","status-publish","has-post-thumbnail","hentry"],"aioseo_notices":[],"_links":{"self":[{"href":"https:\/\/szkolenia-udt.pl\/ua\/wp-json\/wp\/v2\/pages\/2778","targetHints":{"allow":["GET"]}}],"collection":[{"href":"https:\/\/szkolenia-udt.pl\/ua\/wp-json\/wp\/v2\/pages"}],"about":[{"href":"https:\/\/szkolenia-udt.pl\/ua\/wp-json\/wp\/v2\/types\/page"}],"author":[{"embeddable":true,"href":"https:\/\/szkolenia-udt.pl\/ua\/wp-json\/wp\/v2\/users\/10"}],"replies":[{"embeddable":true,"href":"https:\/\/szkolenia-udt.pl\/ua\/wp-json\/wp\/v2\/comments?post=2778"}],"version-history":[{"count":7,"href":"https:\/\/szkolenia-udt.pl\/ua\/wp-json\/wp\/v2\/pages\/2778\/revisions"}],"predecessor-version":[{"id":4767,"href":"https:\/\/szkolenia-udt.pl\/ua\/wp-json\/wp\/v2\/pages\/2778\/revisions\/4767"}],"up":[{"embeddable":true,"href":"https:\/\/szkolenia-udt.pl\/ua\/wp-json\/wp\/v2\/pages\/2266"}],"wp:featuredmedia":[{"embeddable":true,"href":"https:\/\/szkolenia-udt.pl\/ua\/wp-json\/wp\/v2\/media\/2781"}],"wp:attachment":[{"href":"https:\/\/szkolenia-udt.pl\/ua\/wp-json\/wp\/v2\/media?parent=2778"}],"curies":[{"name":"wp","href":"https:\/\/api.w.org\/{rel}","templated":true}]}}