{"id":2986,"date":"2022-06-30T13:52:12","date_gmt":"2022-06-30T11:52:12","guid":{"rendered":"https:\/\/szkolenia-udt.pl\/?page_id=2986"},"modified":"2023-03-24T20:34:25","modified_gmt":"2023-03-24T19:34:25","slug":"%d0%bf%d1%80%d0%b8%d0%bb%d0%b0%d0%b4-%d0%ba%d0%be%d0%bd%d1%81%d0%b5%d1%80%d0%b2%d0%b0%d1%82%d0%be%d1%80","status":"publish","type":"page","link":"https:\/\/szkolenia-udt.pl\/ua\/kursy\/uprawnienia-udt-tdt-wdt\/konserwator-urzadzen\/","title":{"rendered":"\u041a\u0443\u0440\u0441 \u0437 \u043e\u0431\u0441\u043b\u0443\u0433\u043e\u0432\u0443\u0432\u0430\u043d\u043d\u044f \u043e\u0431\u043b\u0430\u0434\u043d\u0430\u043d\u043d\u044f \u0434\u043b\u044f \u0456\u043d\u0432\u0430\u043b\u0456\u0434\u0456\u0432"},"content":{"rendered":"<div class=\"wp-block-image\">\n<figure class=\"alignleft size-large is-resized\"><a href=\"https:\/\/szkolenia-udt.pl\/wp-content\/uploads\/2022\/06\/oso.edu_.pl-0027.jpg\"><img loading=\"lazy\" decoding=\"async\" src=\"https:\/\/szkolenia-udt.pl\/wp-content\/uploads\/2022\/06\/oso.edu_.pl-0027-1024x768.jpg\" alt=\"\u0444\u043e\u0442\u043e\u0433\u0430\u043b\u0435\u0440\u0435\u044f \u0443\u0447\u0430\u0441\u043d\u0438\u043a\u0456\u0432 \u043a\u0443\u0440\u0441\u0456\u0432 \u0437 \u043e\u0431\u0441\u043b\u0443\u0433\u043e\u0432\u0443\u0432\u0430\u043d\u043d\u044f \u043e\u0431\u043b\u0430\u0434\u043d\u0430\u043d\u043d\u044f \u0434\u043b\u044f \u0456\u043d\u0432\u0430\u043b\u0456\u0434\u0456\u0432\" class=\"wp-image-2987\" width=\"512\" height=\"384\" srcset=\"https:\/\/szkolenia-udt.pl\/wp-content\/uploads\/2022\/06\/oso.edu_.pl-0027-1024x768.jpg 1024w, https:\/\/szkolenia-udt.pl\/wp-content\/uploads\/2022\/06\/oso.edu_.pl-0027-300x225.jpg 300w, https:\/\/szkolenia-udt.pl\/wp-content\/uploads\/2022\/06\/oso.edu_.pl-0027-768x576.jpg 768w, https:\/\/szkolenia-udt.pl\/wp-content\/uploads\/2022\/06\/oso.edu_.pl-0027-135x100.jpg 135w, https:\/\/szkolenia-udt.pl\/wp-content\/uploads\/2022\/06\/oso.edu_.pl-0027.jpg 1067w\" sizes=\"auto, (max-width: 512px) 100vw, 512px\" \/><\/a><\/figure>\n<\/div>\n\n\n<h2 class=\"wp-block-heading\">\u0422\u0435\u0445\u043d\u0456\u0447\u043d\u0438\u0439 \u043d\u0430\u0433\u043b\u044f\u0434<\/h2>\n\n\n\n<p>\u0417\u0433\u0456\u0434\u043d\u043e \u0456\u0437 \u0437\u0430\u043a\u043e\u043d\u043e\u0434\u0430\u0432\u0441\u0442\u0432\u043e\u043c, \u043e\u0431\u043b\u0430\u0434\u043d\u0430\u043d\u043d\u044f \u0434\u043b\u044f \u043b\u044e\u0434\u0435\u0439 \u0437 \u0456\u043d\u0432\u0430\u043b\u0456\u0434\u043d\u0456\u0441\u0442\u044e \u043f\u0456\u0434\u043b\u044f\u0433\u0430\u0454 \u0442\u0435\u0445\u043d\u0456\u0447\u043d\u043e\u043c\u0443 \u043d\u0430\u0433\u043b\u044f\u0434\u0443. \u0426\u0435 \u043e\u0437\u043d\u0430\u0447\u0430\u0454, \u0449\u043e \u043a\u043e\u0436\u043d\u043e\u043c\u0443, \u0445\u0442\u043e \u0437\u0430\u0446\u0456\u043a\u0430\u0432\u043b\u0435\u043d\u0438\u0439 \u0432 \u043e\u0431\u0441\u043b\u0443\u0433\u043e\u0432\u0443\u0432\u0430\u043d\u043d\u0456 \u0446\u0438\u0445 \u043c\u0430\u0448\u0438\u043d, \u043d\u0435\u043e\u0431\u0445\u0456\u0434\u043d\u043e \u0431\u0443\u0434\u0435 \u043e\u0442\u0440\u0438\u043c\u0430\u0442\u0438 \u0441\u0435\u0440\u0442\u0438\u0444\u0456\u043a\u0430\u0442, \u0437\u0430\u0442\u0432\u0435\u0440\u0434\u0436\u0435\u043d\u0438\u0439 \u0423\u043f\u0440\u0430\u0432\u043b\u0456\u043d\u043d\u044f\u043c \u0442\u0435\u0445\u043d\u0456\u0447\u043d\u043e\u0433\u043e \u043d\u0430\u0433\u043b\u044f\u0434\u0443. \u041f\u0435\u0440\u0448\u0438\u043c \u043a\u0440\u043e\u043a\u043e\u043c \u0434\u043e \u043e\u0442\u0440\u0438\u043c\u0430\u043d\u043d\u044f \u0441\u0432\u0456\u0434\u043e\u0446\u0442\u0432\u0430 \u0454 \u043f\u0440\u0438\u0454\u0434\u043d\u0430\u043d\u043d\u044f \u0434\u043e \u043a\u0443\u0440\u0441\u0443 \u043f\u0456\u0434\u0433\u043e\u0442\u043e\u0432\u043a\u0438 \u0434\u043e \u0441\u0435\u0440\u0442\u0438\u0444\u0456\u043a\u0430\u0446\u0456\u0457 UDT \u0437 \u0442\u0435\u0445\u043d\u0456\u0447\u043d\u043e\u0433\u043e \u043e\u0431\u0441\u043b\u0443\u0433\u043e\u0432\u0443\u0432\u0430\u043d\u043d\u044f \u043f\u043b\u0430\u0442\u0444\u043e\u0440\u043c.\u00a0\u00a0<\/p>\n\n\n\n<h2 class=\"wp-block-heading\"><strong>\u041d\u0430\u0432\u0447\u0430\u043d\u043d\u044f \u0432 \u041e\u0413\u0421<\/strong>&nbsp;<\/h2>\n\n\n\n<p>\u041f\u0440\u043e\u0439\u0448\u043e\u0432\u0448\u0438 \u043d\u0430\u0448 \u043a\u0443\u0440\u0441 \u0437 \u043e\u0431\u0441\u043b\u0443\u0433\u043e\u0432\u0443\u0432\u0430\u043d\u043d\u044f \u0442\u0430 \u0432\u0441\u0442\u0430\u043d\u043e\u0432\u043b\u0435\u043d\u043d\u044f \u0441\u043f\u0435\u0446\u0456\u0430\u043b\u044c\u043d\u043e\u0433\u043e \u043e\u0431\u043b\u0430\u0434\u043d\u0430\u043d\u043d\u044f \u0434\u043b\u044f \u043b\u044e\u0434\u0435\u0439 \u0437 \u043e\u0431\u043c\u0435\u0436\u0435\u043d\u0438\u043c\u0438 \u043c\u043e\u0436\u043b\u0438\u0432\u043e\u0441\u0442\u044f\u043c\u0438, \u0432\u0438 \u043c\u043e\u0436\u0435\u0442\u0435 \u0440\u043e\u0437\u0440\u0430\u0445\u043e\u0432\u0443\u0432\u0430\u0442\u0438 \u043d\u0430 \u0432\u0441\u0435\u0431\u0456\u0447\u043d\u0443 \u043f\u0456\u0434\u0433\u043e\u0442\u043e\u0432\u043a\u0443, \u043d\u0435\u043e\u0431\u0445\u0456\u0434\u043d\u0443 \u0434\u043b\u044f \u0432\u0438\u043a\u043e\u043d\u0430\u043d\u043d\u044f \u0432\u0430\u0448\u043e\u0457 \u0440\u043e\u0431\u043e\u0442\u0438 \u0432 \u0446\u0456\u0439 \u0433\u0430\u043b\u0443\u0437\u0456. \u0414\u0435\u0442\u0430\u043b\u044c\u043d\u0438\u0439 \u043e\u043f\u0438\u0441 \u043a\u0443\u0440\u0441\u0443 \u043f\u043e \u043e\u0431\u043b\u0430\u0434\u043d\u0430\u043d\u043d\u044e \u0434\u043b\u044f \u0456\u043d\u0432\u0430\u043b\u0456\u0434\u0456\u0432 \u0432\u0438 \u0437\u043d\u0430\u0439\u0434\u0435\u0442\u0435 \u0432 \u043f\u0440\u043e\u043f\u043e\u0437\u0438\u0446\u0456\u0457 OSO. \u0422\u0430\u043a\u0456 \u043a\u0443\u0440\u0441\u0438 \u043f\u0440\u043e\u0432\u043e\u0434\u044f\u0442\u044c \u0441\u0435\u0440\u0442\u0438\u0444\u0456\u043a\u043e\u0432\u0430\u043d\u0456 \u0444\u0430\u0445\u0456\u0432\u0446\u0456 \u0437 \u0442\u0435\u0445\u043d\u0456\u0447\u043d\u043e\u0433\u043e \u043e\u0431\u0441\u043b\u0443\u0433\u043e\u0432\u0443\u0432\u0430\u043d\u043d\u044f \u0442\u0430 \u043c\u043e\u043d\u0442\u0430\u0436\u0443, \u0442\u043e\u043c\u0443 \u043c\u0438 \u0432\u043f\u0435\u0432\u043d\u0435\u043d\u0456, \u0449\u043e <a href=\"https:\/\/szkolenia-udt.pl\/ua\/kursy\/\">\u043d\u0430\u0448\u0456 \u0442\u0440\u0435\u043d\u0456\u043d\u0433\u0438<\/a> \u0431\u0443\u0434\u0435 \u043d\u0430 \u043d\u0430\u0439\u0432\u0438\u0449\u043e\u043c\u0443 \u0440\u0456\u0432\u043d\u0456.&nbsp;<\/p>\n\n\n\n<h2 class=\"wp-block-heading\"><strong>\u041e\u0431\u0441\u044f\u0433 \u043d\u0430\u0432\u0447\u0430\u043d\u043d\u044f<\/strong>\u00a0<\/h2>\n\n\n\n<p>\u041d\u0430\u0448\u0435 \u043d\u0430\u0432\u0447\u0430\u043d\u043d\u044f \u0432\u043a\u043b\u044e\u0447\u0430\u0454 \u0432 \u0441\u0435\u0431\u0435:&nbsp;<\/p>\n\n\n\n<ul class=\"wp-block-list\">\n<li>\u0432\u0441\u0442\u0430\u043d\u043e\u0432\u043b\u0435\u043d\u043d\u044f \u0441\u043f\u0435\u0446\u0456\u0430\u043b\u0456\u0437\u043e\u0432\u0430\u043d\u043e\u0433\u043e \u043e\u0431\u043b\u0430\u0434\u043d\u0430\u043d\u043d\u044f \u0434\u043b\u044f \u043b\u044e\u0434\u0435\u0439 \u0437 \u0456\u043d\u0432\u0430\u043b\u0456\u0434\u043d\u0456\u0441\u0442\u044e,&nbsp;<\/li>\n\n\n\n<li>\u0457\u0445 \u043d\u0430\u043b\u0435\u0436\u043d\u0435 \u043e\u0431\u0441\u043b\u0443\u0433\u043e\u0432\u0443\u0432\u0430\u043d\u043d\u044f.\u00a0<\/li>\n<\/ul>\n\n\n<div class=\"wp-block-image\">\n<figure class=\"alignright size-full is-resized\"><a href=\"https:\/\/szkolenia-udt.pl\/wp-content\/uploads\/2022\/06\/oso.edu_.pl-0027.png\"><img loading=\"lazy\" decoding=\"async\" src=\"https:\/\/szkolenia-udt.pl\/wp-content\/uploads\/2022\/06\/oso.edu_.pl-0027.png\" alt=\"\u0456\u043d\u0432\u0430\u043b\u0456\u0434 \u0440\u0443\u0445\u0430\u0454\u0442\u044c\u0441\u044f \u043f\u043e \u0441\u0445\u043e\u0434\u043e\u0432\u043e\u043c\u0443 \u043c\u0430\u0439\u0434\u0430\u043d\u0447\u0438\u043a\u0443 \u0432 \u043b\u0456\u043a\u0430\u0440\u043d\u0456\" class=\"wp-image-2988\" width=\"500\" height=\"334\" srcset=\"https:\/\/szkolenia-udt.pl\/wp-content\/uploads\/2022\/06\/oso.edu_.pl-0027.png 1000w, https:\/\/szkolenia-udt.pl\/wp-content\/uploads\/2022\/06\/oso.edu_.pl-0027-300x200.png 300w, https:\/\/szkolenia-udt.pl\/wp-content\/uploads\/2022\/06\/oso.edu_.pl-0027-768x512.png 768w\" sizes=\"auto, (max-width: 500px) 100vw, 500px\" \/><\/a><\/figure>\n<\/div>\n\n\n<h2 class=\"wp-block-heading\"><strong>\u0429\u043e \u0432\u0438 \u0434\u0456\u0437\u043d\u0430\u0454\u0442\u0435\u0441\u044c \u043f\u0456\u0434 \u0447\u0430\u0441 \u043a\u0443\u0440\u0441\u0443?<\/strong>&nbsp;<\/h2>\n\n\n\n<p>\u0417\u0430\u043d\u044f\u0442\u0442\u044f \u043f\u0440\u043e\u0432\u043e\u0434\u044f\u0442\u044c\u0441\u044f \u0443 \u0434\u0432\u0430 \u043c\u043e\u0434\u0443\u043b\u0456 - \u0442\u0435\u043e\u0440\u0435\u0442\u0438\u0447\u043d\u0438\u0439 \u0442\u0430 \u043f\u0440\u0430\u043a\u0442\u0438\u0447\u043d\u0438\u0439. \u041f\u0456\u0434 \u0447\u0430\u0441 \u043f\u0435\u0440\u0448\u043e\u0433\u043e \u0443\u0447\u0430\u0441\u043d\u0438\u043a\u0438 \u0434\u0456\u0437\u043d\u0430\u044e\u0442\u044c\u0441\u044f \u0431\u0430\u0437\u043e\u0432\u0443 \u0456\u043d\u0444\u043e\u0440\u043c\u0430\u0446\u0456\u044e \u043f\u0440\u043e:&nbsp;<\/p>\n\n\n\n<ul class=\"wp-block-list\">\n<li>\u0432\u0438\u0434\u0438 \u0442\u0430 \u043a\u043e\u043d\u0441\u0442\u0440\u0443\u043a\u0446\u0456\u0457 \u043f\u043b\u0430\u0442\u0444\u043e\u0440\u043c \u0434\u043b\u044f \u043f\u0435\u0440\u0435\u0432\u0435\u0437\u0435\u043d\u043d\u044f \u0456\u043d\u0432\u0430\u043b\u0456\u0434\u0456\u0432,&nbsp;<\/li>\n\n\n\n<li>\u0442\u0438\u043f\u043e\u0432\u0456 \u043d\u0435\u0441\u043f\u0440\u0430\u0432\u043d\u043e\u0441\u0442\u0456, \u0437 \u044f\u043a\u0438\u043c\u0438 \u0441\u0442\u0438\u043a\u0430\u044e\u0442\u044c\u0441\u044f \u043a\u043e\u043d\u0441\u0435\u0440\u0432\u0430\u0442\u043e\u0440\u0438 \u0432\u0430\u043d\u0442\u0430\u0436\u043d\u043e-\u0440\u043e\u0437\u0432\u0430\u043d\u0442\u0430\u0436\u0443\u0432\u0430\u043b\u044c\u043d\u043e\u0433\u043e \u043e\u0431\u043b\u0430\u0434\u043d\u0430\u043d\u043d\u044f,&nbsp;<\/li>\n\n\n\n<li>\u043f\u0440\u0430\u0432\u043e\u0432\u0456 \u043f\u043e\u043b\u043e\u0436\u0435\u043d\u043d\u044f, \u0449\u043e \u0441\u0442\u043e\u0441\u0443\u044e\u0442\u044c\u0441\u044f \u0440\u043e\u0431\u043e\u0442\u0438 \u043e\u0431\u0441\u043b\u0443\u0433\u043e\u0432\u0443\u044e\u0447\u043e\u0433\u043e \u043f\u0435\u0440\u0441\u043e\u043d\u0430\u043b\u0443 \u0434\u043b\u044f \u043b\u044e\u0434\u0435\u0439 \u0437 \u0456\u043d\u0432\u0430\u043b\u0456\u0434\u043d\u0456\u0441\u0442\u044e,&nbsp;<\/li>\n\n\n\n<li>\u043e\u0431\u043e\u0432&#039;\u044f\u0437\u043a\u0438 \u043a\u043e\u043d\u0441\u0435\u0440\u0432\u0430\u0442\u043e\u0440\u0430 \u043e\u0431\u043b\u0430\u0434\u043d\u0430\u043d\u043d\u044f,&nbsp;<\/li>\n\n\n\n<li>\u043f\u0440\u0430\u0432\u0438\u043b\u0430 \u043e\u0445\u043e\u0440\u043e\u043d\u0438 \u043f\u0440\u0430\u0446\u0456 \u0442\u0430 \u0442\u0435\u0445\u043d\u0456\u043a\u0438 \u0431\u0435\u0437\u043f\u0435\u043a\u0438.&nbsp;<\/li>\n<\/ul>\n\n\n\n<h2 class=\"wp-block-heading\"><strong>\u041f\u0440\u0430\u0432\u0430<\/strong>&nbsp;<\/h2>\n\n\n\n<p>\u0421\u0435\u0440\u0442\u0438\u0444\u0456\u043a\u0430\u0442 \u0423\u0422\u041e\u0421 \u0454 \u043f\u0456\u0434\u0442\u0432\u0435\u0440\u0434\u0436\u0435\u043d\u043d\u044f\u043c \u043d\u0430\u0431\u0443\u0442\u0438\u0445 \u0432\u0430\u043c\u0438 \u043d\u0430\u0432\u0438\u0447\u043e\u043a \u0456 \u0434\u043e\u043a\u0430\u0437\u043e\u043c \u0432\u0430\u0448\u043e\u0457 \u043a\u0432\u0430\u043b\u0456\u0444\u0456\u043a\u0430\u0446\u0456\u0457. \u0426\u0435 \u0454\u0434\u0438\u043d\u0438\u0439 \u0441\u043f\u043e\u0441\u0456\u0431, \u044f\u043a\u0438\u043c \u0432\u0438 \u043c\u043e\u0436\u0435\u0442\u0435 \u043b\u0435\u0433\u0430\u043b\u044c\u043d\u043e \u043f\u0440\u0430\u0446\u044e\u0432\u0430\u0442\u0438 \u0437 \u043e\u0431\u043b\u0430\u0434\u043d\u0430\u043d\u043d\u044f\u043c \u0434\u043b\u044f \u043b\u044e\u0434\u0435\u0439 \u0437 \u043e\u0431\u043c\u0435\u0436\u0435\u043d\u0438\u043c\u0438 \u043c\u043e\u0436\u043b\u0438\u0432\u043e\u0441\u0442\u044f\u043c\u0438. \u0414\u043e\u0437\u0432\u0456\u043b \u043d\u0430 \u0435\u043a\u0441\u043f\u043b\u0443\u0430\u0442\u0430\u0446\u0456\u044e \u0442\u0430 \u0442\u0435\u0445\u043d\u0456\u0447\u043d\u0435 \u043e\u0431\u0441\u043b\u0443\u0433\u043e\u0432\u0443\u0432\u0430\u043d\u043d\u044f \u0432\u0430\u043d\u0442\u0430\u0436\u043d\u0438\u0445 \u043f\u043b\u0430\u0442\u0444\u043e\u0440\u043c \u0434\u043b\u044f \u043f\u0435\u0440\u0435\u0432\u0435\u0437\u0435\u043d\u043d\u044f \u043b\u044e\u0434\u0435\u0439 \u0437 \u0456\u043d\u0432\u0430\u043b\u0456\u0434\u043d\u0456\u0441\u0442\u044e \u0434\u0456\u0439\u0441\u043d\u0438\u0439 \u043f\u0440\u043e\u0442\u044f\u0433\u043e\u043c \u043f'\u044f\u0442\u0438 \u0440\u043e\u043a\u0456\u0432 \u0437 \u043c\u043e\u043c\u0435\u043d\u0442\u0443 \u0432\u0438\u0434\u0430\u0447\u0456.&nbsp;<strong>&nbsp;<\/strong>&nbsp;<\/p>\n\n\n\n<h2 class=\"wp-block-heading\"><strong>\u0412\u0438\u043c\u043e\u0433\u0438 \u0434\u043e \u0443\u0447\u0430\u0441\u0442\u0456 \u0432 \u043a\u0443\u0440\u0441\u0456<\/strong>&nbsp;<\/h2>\n\n\n\n<p>\u0414\u043b\u044f \u0442\u043e\u0433\u043e, \u0449\u043e\u0431 \u043c\u0430\u0442\u0438 \u043c\u043e\u0436\u043b\u0438\u0432\u0456\u0441\u0442\u044c \u0437\u0430\u0440\u0435\u0454\u0441\u0442\u0440\u0443\u0432\u0430\u0442\u0438\u0441\u044f \u043d\u0430 \u043a\u0443\u0440\u0441 \u0456 \u0442\u0430\u043a\u0438\u043c \u0447\u0438\u043d\u043e\u043c \u043e\u0442\u0440\u0438\u043c\u0430\u0442\u0438 \u043a\u0432\u0430\u043b\u0456\u0444\u0456\u043a\u0430\u0446\u0456\u044e UDT, \u043d\u0435\u043e\u0431\u0445\u0456\u0434\u043d\u043e \u0432\u0438\u043a\u043e\u043d\u0430\u0442\u0438 \u0442\u0440\u0438 \u0432\u0438\u043c\u043e\u0433\u0438:&nbsp;<\/p>\n\n\n\n<ul class=\"wp-block-list\">\n<li>\u0431\u0443\u0442\u0438 \u0441\u0442\u0430\u0440\u0448\u0435 18 \u0440\u043e\u043a\u0456\u0432,&nbsp;<\/li>\n\n\n\n<li>\u0437\u0430\u043a\u0456\u043d\u0447\u0438\u0442\u0438 \u0445\u043e\u0447\u0430 \u0431 \u043f\u043e\u0447\u0430\u0442\u043a\u043e\u0432\u0443 \u0448\u043a\u043e\u043b\u0443,&nbsp;<\/li>\n\n\n\n<li>\u043d\u0435 \u043c\u0430\u044e\u0442\u044c \u043f\u0440\u043e\u0442\u0438\u043f\u043e\u043a\u0430\u0437\u0430\u043d\u044c \u0437\u0430 \u0441\u0442\u0430\u043d\u043e\u043c \u0437\u0434\u043e\u0440\u043e\u0432&#039;\u044f \u0434\u043b\u044f \u043f\u0440\u043e\u0444\u0435\u0441\u0456\u0457 \u0440\u0435\u0441\u0442\u0430\u0432\u0440\u0430\u0442\u043e\u0440\u0430.&nbsp;<\/li>\n<\/ul>\n\n\n\n<h2 class=\"wp-block-heading\"><strong>\u041e\u0431\u043e\u0432'\u044f\u0437\u043a\u0438 \u043a\u043e\u043d\u0441\u0435\u0440\u0432\u0430\u0442\u043e\u0440\u0430<\/strong>&nbsp;<\/h2>\n\n\n\n<p>\u0414\u043e \u0437\u0430\u0432\u0434\u0430\u043d\u044c \u0444\u0430\u0445\u0456\u0432\u0446\u044f \u0437 \u043e\u0431\u0441\u043b\u0443\u0433\u043e\u0432\u0443\u0432\u0430\u043d\u043d\u044f \u043e\u0431\u043b\u0430\u0434\u043d\u0430\u043d\u043d\u044f \u0432\u0445\u043e\u0434\u044f\u0442\u044c \u0442\u0430\u043a\u0456 \u0432\u0438\u0434\u0438 \u0434\u0456\u044f\u043b\u044c\u043d\u043e\u0441\u0442\u0456, \u044f\u043a&nbsp;<\/p>\n\n\n\n<ul class=\"dwiekolumny wp-block-list\">\n<li>\u043f\u0435\u0440\u0456\u043e\u0434\u0438\u0447\u043d\u0456 \u0442\u0435\u0445\u043d\u0456\u0447\u043d\u0456 \u043e\u0433\u043b\u044f\u0434\u0438,&nbsp;<\/li>\n\n\n\n<li>\u043f\u043e\u0447\u0430\u0442\u043a\u043e\u0432\u0456 \u0442\u0435\u0445\u043d\u0456\u0447\u043d\u0456 \u043e\u0433\u043b\u044f\u0434\u0438,\u00a0<\/li>\n\n\n\n<li>\u0442\u0435\u0445\u043d\u0456\u0447\u043d\u0435 \u043e\u0431\u0441\u043b\u0443\u0433\u043e\u0432\u0443\u0432\u0430\u043d\u043d\u044f \u0442\u0430 \u043c\u043e\u0434\u0435\u0440\u043d\u0456\u0437\u0430\u0446\u0456\u044f \u043e\u0431\u043b\u0430\u0434\u043d\u0430\u043d\u043d\u044f,&nbsp;<\/li>\n\n\n\n<li>\u0437\u0430\u043c\u0456\u043d\u0430 \u0434\u0435\u0442\u0430\u043b\u0435\u0439 \u0456 \u0440\u0456\u0434\u0438\u043d,&nbsp;<\/li>\n\n\n\n<li>\u0432\u0438\u043f\u0440\u0430\u0432\u043b\u044f\u044e\u0447\u0438 \u0434\u0435\u0444\u0435\u043a\u0442\u0438,&nbsp;<\/li>\n\n\n\n<li>\u0437\u0430\u043f\u043e\u0431\u0456\u0433\u0430\u043d\u043d\u044f \u043d\u0435\u0449\u0430\u0441\u043d\u0438\u043c \u0432\u0438\u043f\u0430\u0434\u043a\u0430\u043c,&nbsp;<\/li>\n\n\n\n<li>\u0437\u0430\u043f\u043e\u0432\u043d\u0435\u043d\u043d\u044f \u0442\u0435\u0445\u043d\u0456\u0447\u043d\u043e\u0457 \u0434\u043e\u043a\u0443\u043c\u0435\u043d\u0442\u0430\u0446\u0456\u0457 \u043e\u0431\u043b\u0430\u0434\u043d\u0430\u043d\u043d\u044f.&nbsp;<\/li>\n<\/ul>\n\n\n\n<h2 class=\"wp-block-heading\"><strong>\u0429\u043e \u0442\u0430\u043a\u0435 \u043f\u0440\u0438\u0441\u0442\u0440\u043e\u0457 \u0434\u043b\u044f \u043b\u044e\u0434\u0435\u0439 \u0437 \u043e\u0431\u043c\u0435\u0436\u0435\u043d\u0438\u043c\u0438 \u043c\u043e\u0436\u043b\u0438\u0432\u043e\u0441\u0442\u044f\u043c\u0438?<\/strong>&nbsp;<\/h2>\n\n\n\n<p>\u0421\u0435\u0440\u0435\u0434 \u043d\u0430\u0439\u043f\u043e\u043f\u0443\u043b\u044f\u0440\u043d\u0456\u0448\u0438\u0445 \u043f\u0440\u0438\u0441\u0442\u0440\u043e\u0457\u0432 \u0446\u044c\u043e\u0433\u043e \u0442\u0438\u043f\u0443 - \u043f\u043b\u0430\u0442\u0444\u043e\u0440\u043c\u0438. \u0407\u0445 \u043c\u043e\u0436\u043d\u0430 \u0437\u0443\u0441\u0442\u0440\u0456\u0442\u0438 \u0432 \u043e\u0444\u0456\u0441\u0430\u0445, \u043b\u0456\u043a\u0430\u0440\u043d\u044f\u0445 \u0442\u0430 \u0456\u043d\u0448\u0438\u0445 \u0433\u0440\u043e\u043c\u0430\u0434\u0441\u044c\u043a\u0438\u0445 \u043c\u0456\u0441\u0446\u044f\u0445. \u041e\u0441\u044c \u043f\u0440\u0438\u043a\u043b\u0430\u0434\u0438 \u0446\u044c\u043e\u0433\u043e \u0442\u0438\u043f\u0443 \u043f\u0440\u0438\u0441\u0442\u0440\u043e\u0457\u0432:&nbsp;<\/p>\n\n\n\n<ul class=\"dwiekolumny wp-block-list\">\n<li>\u043a\u0440\u0456\u0441\u0435\u043b\u044c\u043d\u0456 \u043f\u0456\u0434\u0439\u043e\u043c\u043d\u0438\u043a\u0438,&nbsp;<\/li>\n\n\n\n<li>\u0441\u0445\u0456\u0434\u0447\u0430\u0441\u0442\u0456 \u043f\u043b\u0430\u0442\u0444\u043e\u0440\u043c\u0438,\u00a0<\/li>\n\n\n\n<li>\u0432\u0435\u0440\u0442\u0438\u043a\u0430\u043b\u044c\u043d\u0456 \u043f\u043b\u0430\u0442\u0444\u043e\u0440\u043c\u0438,\u00a0<\/li>\n\n\n\n<li>\u0432\u0435\u0440\u0442\u0438\u043a\u0430\u043b\u044c\u043d\u0456 \u043f\u043b\u0430\u0442\u0444\u043e\u0440\u043c\u0438 \u0431\u0435\u0437 \u0448\u0430\u0445\u0442\u0438.\u00a0<\/li>\n<\/ul>\n\n\n\n<h2 class=\"wp-block-heading\"><strong>\u0425\u0442\u043e \u043c\u0438 \u0442\u0430\u043a\u0456? - CSOS<\/strong>\u00a0<\/h2>\n\n\n\n<p>\u041f\u0440\u043e\u0442\u044f\u0433\u043e\u043c \u0431\u0430\u0433\u0430\u0442\u044c\u043e\u0445 \u0440\u043e\u043a\u0456\u0432 \u043c\u0438 \u043d\u0430\u0434\u0430\u0454\u043c\u043e \u043a\u043e\u043c\u043f\u043b\u0435\u043a\u0441\u043d\u0456 \u043d\u0430\u0432\u0447\u0430\u043b\u044c\u043d\u0456 \u043f\u043e\u0441\u043b\u0443\u0433\u0438 \u0434\u043b\u044f \u0440\u0456\u0437\u043d\u0438\u0445 \u043f\u0440\u043e\u0444\u0435\u0441\u0456\u0439\u043d\u0438\u0445 \u0433\u0440\u0443\u043f. \u041d\u0430\u0448\u0430 \u043f\u0440\u043e\u043f\u043e\u0437\u0438\u0446\u0456\u044f \u0432\u043a\u043b\u044e\u0447\u0430\u0454 \u0432 \u0441\u0435\u0431\u0435, \u0441\u0435\u0440\u0435\u0434 \u0456\u043d\u0448\u043e\u0433\u043e <a href=\"https:\/\/szkolenia-udt.pl\/ua\/kursy\/szkolenie-audytorskie-udt\/\">\u0423\u0414\u0422 \u043d\u0430\u0432\u0447\u0430\u043d\u043d\u044f<\/a> \u0442\u0430 \u0411\u0416\u0414, \u0430 \u0442\u0430\u043a\u043e\u0436 \u043d\u0430\u0432\u0447\u0430\u043d\u043d\u044f \u0437 \u043e\u0445\u043e\u0440\u043e\u043d\u0438 \u043f\u0440\u0430\u0446\u0456, \u043f\u043e\u0436\u0435\u0436\u043d\u043e\u0457 \u0431\u0435\u0437\u043f\u0435\u043a\u0438 \u0442\u0430 \u043d\u0430\u0434\u0430\u043d\u043d\u044f \u043f\u0435\u0440\u0448\u043e\u0457 \u043c\u0435\u0434\u0438\u0447\u043d\u043e\u0457 \u0434\u043e\u043f\u043e\u043c\u043e\u0433\u0438. \u0423 \u043d\u0430\u0441 \u0432\u0438 \u043d\u0435 \u0442\u0456\u043b\u044c\u043a\u0438 \u0437\u0434\u043e\u0431\u0443\u0434\u0435\u0442\u0435 \u043d\u0435\u043e\u0431\u0445\u0456\u0434\u043d\u0456 \u043d\u0430\u0432\u0438\u0447\u043a\u0438, \u0430 \u0439 \u043d\u0430\u0432\u0447\u0438\u0442\u0435\u0441\u044f \u043f\u0440\u0430\u0446\u044e\u0432\u0430\u0442\u0438 \u0431\u0435\u0437\u043f\u0435\u0447\u043d\u043e.&nbsp;<\/p>\n\n\n\n<h2 class=\"wp-block-heading\"><strong>\u0406\u043d\u0448\u0430 \u0456\u043d\u0444\u043e\u0440\u043c\u0430\u0446\u0456\u044f \u043f\u0440\u043e \u043a\u0443\u0440\u0441<\/strong>&nbsp;<\/h2>\n\n\n\n<p>\u041c\u0438 \u043f\u0440\u043e\u043f\u043e\u043d\u0443\u0454\u043c\u043e \u0432\u0456\u0434\u043a\u0440\u0438\u0442\u0435 \u0442\u0430 \u0437\u0430\u043a\u0440\u0438\u0442\u0435 \u043d\u0430\u0432\u0447\u0430\u043d\u043d\u044f. \u041c\u0438 \u043f\u0440\u043e\u0432\u043e\u0434\u0438\u043c\u043e \u043d\u0430\u0432\u0447\u0430\u043d\u043d\u044f \u043f\u043e \u0432\u0441\u0456\u0439 \u041f\u043e\u043b\u044c\u0449\u0456, \u0432 \u0442\u043e\u043c\u0443 \u0447\u0438\u0441\u043b\u0456 \u0443 \u0412\u0430\u0440\u0448\u0430\u0432\u0456. \u041e\u0440\u0433\u0430\u043d\u0456\u0437\u043e\u0432\u0430\u043d\u0456 \u0433\u0440\u0443\u043f\u0438 \u0442\u0430 \u0432\u043b\u0430\u0441\u043d\u0438\u043a\u0438 \u043a\u043e\u043c\u043f\u0430\u043d\u0456\u0439 <a href=\"https:\/\/szkolenia-udt.pl\/ua\/kontakt\/\">\u0431\u0443\u0434\u044c \u043b\u0430\u0441\u043a\u0430, \u043d\u0435 \u0441\u043e\u0440\u043e\u043c\u0442\u0435\u0441\u044f \u0437\u0432\u0435\u0440\u0442\u0430\u0442\u0438\u0441\u044f \u0434\u043e \u043d\u0430\u0441<\/a> \u0434\u043b\u044f \u0432\u0438\u0437\u043d\u0430\u0447\u0435\u043d\u043d\u044f \u0434\u0430\u0442\u0438 \u0442\u0430 \u043c\u0456\u0441\u0446\u044f \u043f\u0440\u043e\u0432\u0435\u0434\u0435\u043d\u043d\u044f \u0442\u0440\u0435\u043d\u0456\u043d\u0433\u0443. \u0417\u0432\u0430\u0436\u0430\u044e\u0447\u0438 \u043d\u0430 \u0440\u043e\u0437\u043c\u0456\u0440 \u0433\u0440\u0443\u043f \u0442\u0430 \u0442\u0438\u043f \u0442\u0440\u0435\u043d\u0456\u043d\u0433\u0443, \u043c\u0438 \u0432\u0441\u0442\u0430\u043d\u043e\u0432\u043b\u044e\u0454\u043c\u043e \u0446\u0456\u043d\u0438 \u0456\u043d\u0434\u0438\u0432\u0456\u0434\u0443\u0430\u043b\u044c\u043d\u043e \u0437 \u043a\u043b\u0456\u0454\u043d\u0442\u043e\u043c!&nbsp;<\/p>\n\n\n\n<p>\u041e\u0437\u043d\u0430\u0439\u043e\u043c\u0442\u0435\u0441\u044f \u0437 \u043d\u0430\u0448\u0438\u043c\u0438 \u043f\u043e\u0442\u043e\u0447\u043d\u0438\u043c\u0438 \u0432\u0456\u0434\u043a\u0440\u0438\u0442\u0438\u043c\u0438 \u043a\u0443\u0440\u0441\u0430\u043c\u0438!&nbsp;<\/p>\n\n\n\n<h2 class=\"wp-block-heading\"><strong>\u0411\u0443\u0434\u0435\u043c\u043e \u0440\u0430\u0434\u0456 \u0432\u0456\u0434\u043f\u043e\u0432\u0456\u0441\u0442\u0438 \u043d\u0430 \u0432\u0430\u0448\u0456 \u0437\u0430\u043f\u0438\u0442\u0430\u043d\u043d\u044f!<\/strong>\u00a0<\/h2>\n\n\n\n<p>\u042f\u043a\u0449\u043e \u0443 \u0432\u0430\u0441 \u0432\u0438\u043d\u0438\u043a\u043b\u0438 \u0437\u0430\u043f\u0438\u0442\u0430\u043d\u043d\u044f \u0449\u043e\u0434\u043e \u043d\u0430\u0448\u0438\u0445 \u043f\u043e\u0441\u043b\u0443\u0433, \u043c\u0438 \u0437\u0430\u0432\u0436\u0434\u0438 \u043d\u0430 \u0437\u0432'\u044f\u0437\u043a\u0443 - \u0431\u0443\u0434\u044c \u043b\u0430\u0441\u043a\u0430, \u0437\u0432'\u044f\u0436\u0456\u0442\u044c\u0441\u044f \u0437 \u043d\u0430\u043c\u0438. \u041e\u0437\u043d\u0430\u0439\u043e\u043c\u0442\u0435\u0441\u044f \u0437 \u043d\u0430\u0448\u0438\u043c\u0438 <a href=\"https:\/\/szkolenia-udt.pl\/ua\/oferta\/\">\u043f\u043e\u0432\u043d\u0430 \u043f\u0440\u043e\u043f\u043e\u0437\u0438\u0446\u0456\u044f<\/a> \u043d\u0430\u0432\u0447\u0430\u043d\u043d\u044f, \u043f\u0440\u0435\u0434\u0441\u0442\u0430\u0432\u043b\u0435\u043d\u0435 \u043d\u0430 \u0441\u0430\u0439\u0442\u0456, \u0456 \u043c\u0438 \u0437\u0430\u043e\u0445\u043e\u0447\u0443\u0454\u043c\u043e \u0432\u0430\u0441 \u043e\u0431\u0440\u0430\u0442\u0438 \u043d\u0430\u0448\u0456 \u043f\u043e\u0441\u043b\u0443\u0433\u0438!&nbsp;&nbsp;&nbsp;<\/p>\n\n\n<div class=\"wp-block-image\">\n<figure class=\"aligncenter\"><a href=\"https:\/\/szkolenia-udt.pl\/wp-content\/uploads\/2022\/06\/0027-oso-urzadzenia-dla-osob-niepelnosprawnych.jpg\"><img loading=\"lazy\" decoding=\"async\" width=\"1024\" height=\"853\" src=\"https:\/\/szkolenia-udt.pl\/wp-content\/uploads\/2022\/06\/0027-oso-urzadzenia-dla-osob-niepelnosprawnych-1024x853.jpg\" alt=\"\u0433\u0440\u0430\u0444\u0456\u0447\u043d\u0430 \u0440\u0435\u043a\u043b\u0430\u043c\u0430 \u0442\u0440\u0435\u043d\u0456\u043d\u0433\u0443\" class=\"wp-image-2990\" srcset=\"https:\/\/szkolenia-udt.pl\/wp-content\/uploads\/2022\/06\/0027-oso-urzadzenia-dla-osob-niepelnosprawnych-1024x853.jpg 1024w, https:\/\/szkolenia-udt.pl\/wp-content\/uploads\/2022\/06\/0027-oso-urzadzenia-dla-osob-niepelnosprawnych-300x250.jpg 300w, https:\/\/szkolenia-udt.pl\/wp-content\/uploads\/2022\/06\/0027-oso-urzadzenia-dla-osob-niepelnosprawnych-768x640.jpg 768w, https:\/\/szkolenia-udt.pl\/wp-content\/uploads\/2022\/06\/0027-oso-urzadzenia-dla-osob-niepelnosprawnych.jpg 1200w\" sizes=\"auto, (max-width: 1024px) 100vw, 1024px\" \/><\/a><\/figure>\n<\/div>","protected":false},"excerpt":{"rendered":"<p>Doz\u00f3r techniczny Wed\u0142ug przepis\u00f3w prawnych, urz\u0105dzenia dla os\u00f3b niepe\u0142nosprawnych s\u0105 obj\u0119te dozorem technicznym. Oznacza to, \u017ce dla wszystkich, kt\u00f3rzy s\u0105 zainteresowani prac\u0105 przy konserwacji tych maszyn, niezb\u0119dne b\u0119dzie uzyskanie certyfikatu zatwierdzonego przez Urz\u0105d Dozoru Technicznego. Pierwszym krokiem, jaki nale\u017cy wykona\u0107, by otrzyma\u0107 za\u015bwiadczenie uprawniaj\u0105ce, jest do\u0142\u0105czenie do kursu przygotowuj\u0105cego do uzyskania uprawnie\u0144 UDT w zakresie [&hellip;]<\/p>\n","protected":false},"author":10,"featured_media":2987,"parent":2266,"menu_order":0,"comment_status":"closed","ping_status":"closed","template":"","meta":{"footnotes":""},"class_list":["post-2986","page","type-page","status-publish","has-post-thumbnail","hentry"],"aioseo_notices":[],"_links":{"self":[{"href":"https:\/\/szkolenia-udt.pl\/ua\/wp-json\/wp\/v2\/pages\/2986","targetHints":{"allow":["GET"]}}],"collection":[{"href":"https:\/\/szkolenia-udt.pl\/ua\/wp-json\/wp\/v2\/pages"}],"about":[{"href":"https:\/\/szkolenia-udt.pl\/ua\/wp-json\/wp\/v2\/types\/page"}],"author":[{"embeddable":true,"href":"https:\/\/szkolenia-udt.pl\/ua\/wp-json\/wp\/v2\/users\/10"}],"replies":[{"embeddable":true,"href":"https:\/\/szkolenia-udt.pl\/ua\/wp-json\/wp\/v2\/comments?post=2986"}],"version-history":[{"count":7,"href":"https:\/\/szkolenia-udt.pl\/ua\/wp-json\/wp\/v2\/pages\/2986\/revisions"}],"predecessor-version":[{"id":4708,"href":"https:\/\/szkolenia-udt.pl\/ua\/wp-json\/wp\/v2\/pages\/2986\/revisions\/4708"}],"up":[{"embeddable":true,"href":"https:\/\/szkolenia-udt.pl\/ua\/wp-json\/wp\/v2\/pages\/2266"}],"wp:featuredmedia":[{"embeddable":true,"href":"https:\/\/szkolenia-udt.pl\/ua\/wp-json\/wp\/v2\/media\/2987"}],"wp:attachment":[{"href":"https:\/\/szkolenia-udt.pl\/ua\/wp-json\/wp\/v2\/media?parent=2986"}],"curies":[{"name":"wp","href":"https:\/\/api.w.org\/{rel}","templated":true}]}}