{"id":3239,"date":"2022-09-01T09:15:24","date_gmt":"2022-09-01T07:15:24","guid":{"rendered":"https:\/\/szkolenia-udt.pl\/?page_id=3239"},"modified":"2023-03-26T11:25:38","modified_gmt":"2023-03-26T09:25:38","slug":"tdt-upgrade","status":"publish","type":"page","link":"https:\/\/szkolenia-udt.pl\/ua\/kursy\/uprawnienia-udt-tdt-wdt\/tdt-uprawniania\/","title":{"rendered":"\u041a\u0443\u0440\u0441 \u0441\u0435\u0440\u0442\u0438\u0444\u0456\u043a\u0430\u0446\u0456\u0457 TDT"},"content":{"rendered":"<div class=\"wp-block-image\">\n<figure class=\"alignright size-full is-resized\"><a href=\"https:\/\/szkolenia-udt.pl\/wp-content\/uploads\/2022\/08\/transportowy-dozor-techniczny-zaswiadczenie-kwalifikacyjne.jpeg\"><img loading=\"lazy\" decoding=\"async\" src=\"https:\/\/szkolenia-udt.pl\/wp-content\/uploads\/2022\/08\/transportowy-dozor-techniczny-zaswiadczenie-kwalifikacyjne.jpeg\" alt=\"\u0410\u0432\u0442\u043e\u0440\u0438\u0437\u0430\u0446\u0456\u044f TDT - \u043a\u0430\u0440\u0442\u043a\u0430\" class=\"wp-image-3226\" width=\"296\" height=\"387\" srcset=\"https:\/\/szkolenia-udt.pl\/wp-content\/uploads\/2022\/08\/transportowy-dozor-techniczny-zaswiadczenie-kwalifikacyjne.jpeg 592w, https:\/\/szkolenia-udt.pl\/wp-content\/uploads\/2022\/08\/transportowy-dozor-techniczny-zaswiadczenie-kwalifikacyjne-230x300.jpeg 230w, https:\/\/szkolenia-udt.pl\/wp-content\/uploads\/2022\/08\/transportowy-dozor-techniczny-zaswiadczenie-kwalifikacyjne-9x12.jpeg 9w\" sizes=\"auto, (max-width: 296px) 100vw, 296px\" \/><\/a><\/figure>\n<\/div>\n\n\n<p>\u0422\u0435\u0445\u043d\u0456\u0447\u043d\u0438\u0439 \u043d\u0430\u0433\u043b\u044f\u0434 \u043d\u0435\u043e\u0431\u0445\u0456\u0434\u043d\u0438\u0439 \u0434\u043b\u044f \u0435\u0444\u0435\u043a\u0442\u0438\u0432\u043d\u043e\u0457 \u0440\u043e\u0431\u043e\u0442\u0438 \u043f\u043e\u0440\u0442\u0456\u0432, \u043f\u0440\u0438\u0441\u0442\u0430\u043d\u0435\u0439, \u043a\u0430\u043d\u0430\u0442\u043d\u0438\u0445 \u0434\u043e\u0440\u0456\u0433 \u0430\u0431\u043e \u0433\u0456\u0440\u0441\u044c\u043a\u043e\u043b\u0438\u0436\u043d\u0438\u0445 \u043f\u0456\u0434\u0439\u043e\u043c\u043d\u0438\u043a\u0456\u0432. \u0406\u0441\u043d\u0443\u044e\u0442\u044c \u0442\u0430\u043a\u043e\u0436 \u043f\u0440\u043e\u0444\u0435\u0441\u0456\u0457, \u043d\u0435\u043e\u0431\u0445\u0456\u0434\u043d\u0456 \u0434\u043b\u044f \u043d\u0430\u043b\u0435\u0436\u043d\u043e\u0433\u043e \u0434\u043e\u0433\u043b\u044f\u0434\u0443 \u0437\u0430 \u043c\u0430\u0448\u0438\u043d\u0430\u043c\u0438 \u0442\u0430 \u0442\u0435\u0445\u043d\u0456\u0447\u043d\u0438\u043c \u043e\u0431\u043b\u0430\u0434\u043d\u0430\u043d\u043d\u044f\u043c, \u044f\u043a\u0456 \u0432\u043e\u0434\u043d\u043e\u0447\u0430\u0441 \u043f\u043e\u0442\u0440\u0435\u0431\u0443\u044e\u0442\u044c \u0434\u043e\u0437\u0432\u043e\u043b\u0456\u0432, \u043d\u0430\u043f\u0440\u0438\u043a\u043b\u0430\u0434, \u0442\u0440\u0430\u043d\u0441\u043f\u043e\u0440\u0442\u043d\u0438\u0439 \u0442\u0435\u0445\u043d\u0456\u0447\u043d\u0438\u0439 \u043d\u0430\u0433\u043b\u044f\u0434.\u00a0\u00a0<\/p>\n\n\n\n<h2 class=\"wp-block-heading\"><strong>\u0421\u0435\u0440\u0442\u0438\u0444\u0456\u043a\u0430\u0446\u0456\u044f TDT<\/strong>&nbsp;<\/h2>\n\n\n\n<p>\u0417\u0430 \u0434\u043e\u043f\u043e\u043c\u043e\u0433\u043e\u044e \u043e\u043f\u0435\u0440\u0430\u0442\u043e\u0440\u0456\u0432 \u043a\u0440\u0430\u043d\u0456\u0432 \u043c\u0438 \u043c\u043e\u0436\u0435\u043c\u043e \u043f\u0435\u0440\u0435\u043c\u0456\u0449\u0430\u0442\u0438 \u0434\u0443\u0436\u0435 \u0432\u0430\u0436\u043a\u0456 \u043c\u0430\u0442\u0435\u0440\u0456\u0430\u043b\u0438 \u0443 \u0432\u0438\u0440\u043e\u0431\u043d\u0438\u0447\u0438\u0445 \u0446\u0435\u0445\u0430\u0445, \u043d\u0430 \u0431\u0443\u0434\u0456\u0432\u0435\u043b\u044c\u043d\u0438\u0445 \u043c\u0430\u0439\u0434\u0430\u043d\u0447\u0438\u043a\u0430\u0445 \u0430\u0431\u043e \u0432\u0435\u0440\u0444\u044f\u0445. \u0417 \u0456\u043d\u0448\u043e\u0433\u043e \u0431\u043e\u043a\u0443, \u0442\u0456, \u0445\u0442\u043e \u043f\u0440\u0430\u0446\u044e\u0454 \u043d\u0430 \u0449\u043e\u0433\u043b\u043e\u0432\u0438\u0445 \u043f\u0435\u0440\u0435\u0441\u0443\u0432\u043d\u0438\u0445 \u043f\u043b\u0430\u0442\u0444\u043e\u0440\u043c\u0430\u0445, \u043c\u043e\u0436\u0443\u0442\u044c \u0432\u0438\u043a\u043e\u043d\u0443\u0432\u0430\u0442\u0438 \u0440\u043e\u0431\u043e\u0442\u0438 \u043d\u0430 \u0444\u0430\u0441\u0430\u0434\u0456 \u0431\u0443\u0434\u0456\u0432\u0435\u043b\u044c \u0430\u0431\u043e \u0444\u0430\u0440\u0431\u0443\u0432\u0430\u0442\u0438 \u0441\u0442\u0456\u043d\u0438. \u0414\u043b\u044f \u0442\u043e\u0433\u043e, \u0449\u043e\u0431 \u043f\u0440\u0430\u0446\u044e\u0432\u0430\u0442\u0438 \u043e\u043f\u0435\u0440\u0430\u0442\u043e\u0440\u043e\u043c, \u043f\u043e\u0442\u0440\u0456\u0431\u043d\u0430 \u043b\u0456\u0446\u0435\u043d\u0437\u0456\u044f. \u0423 \u0437\u0432'\u044f\u0437\u043a\u0443 \u0437 \u043c\u0430\u0439\u0436\u0435 \u043f\u043e\u0441\u0442\u0456\u0439\u043d\u0438\u043c \u043f\u043e\u043f\u0438\u0442\u043e\u043c \u043d\u0430 \u043f\u0440\u043e\u0444\u0435\u0441\u0456\u0457, \u043f\u043e\u0432'\u044f\u0437\u0430\u043d\u0456 \u0437 \u0435\u043a\u0441\u043f\u043b\u0443\u0430\u0442\u0430\u0446\u0456\u0454\u044e \u0432\u0438\u0449\u0435\u0437\u0433\u0430\u0434\u0430\u043d\u0438\u0445 \u043c\u0430\u0448\u0438\u043d \u0456 \u0431\u0430\u0433\u0430\u0442\u044c\u043e\u0445 \u0456\u043d\u0448\u0438\u0445, \u043d\u0430\u0448 <a href=\"https:\/\/szkolenia-udt.pl\/ua\/o-firmie\/\">\u0426\u0435\u043d\u0442\u0440 \u043f\u0456\u0434\u0433\u043e\u0442\u043e\u0432\u043a\u0438 \u043e\u043f\u0435\u0440\u0430\u0442\u043e\u0440\u0456\u0432<\/a> (OSO) \u043f\u0440\u043e\u043f\u043e\u043d\u0443\u0454 \u0432\u0430\u043c \u043a\u0443\u0440\u0441\u0438 \u043f\u0440\u043e\u0444\u0435\u0441\u0456\u0439\u043d\u043e\u0457 \u043f\u0456\u0434\u0433\u043e\u0442\u043e\u0432\u043a\u0438, \u043f\u0456\u0441\u043b\u044f \u0437\u0430\u043a\u0456\u043d\u0447\u0435\u043d\u043d\u044f \u044f\u043a\u0438\u0445 \u0441\u043b\u0443\u0445\u0430\u0447\u0456 \u043e\u0442\u0440\u0438\u043c\u0430\u044e\u0442\u044c \u0432\u0456\u0434\u043f\u043e\u0432\u0456\u0434\u043d\u0456 \u0437\u043d\u0430\u043d\u043d\u044f \u0442\u0430 \u043d\u0430\u0432\u0438\u0447\u043a\u0438 \u0432 \u043e\u0431\u0440\u0430\u043d\u0456\u0439 \u043f\u0440\u043e\u0444\u0435\u0441\u0456\u0457. \u041f\u0456\u0441\u043b\u044f \u0437\u0430\u043a\u0456\u043d\u0447\u0435\u043d\u043d\u044f \u043a\u0443\u0440\u0441\u0456\u0432 \u0432\u0438 \u043c\u043e\u0436\u0435\u0442\u0435 \u0441\u043a\u043b\u0430\u0441\u0442\u0438 \u0456\u0441\u043f\u0438\u0442 \u0456 \u043e\u0442\u0440\u0438\u043c\u0430\u0442\u0438 \u043d\u0435\u043e\u0431\u0445\u0456\u0434\u043d\u0438\u0439 \u0441\u0435\u0440\u0442\u0438\u0444\u0456\u043a\u0430\u0442 TDT.\u00a0<\/p>\n\n\n\n<h2 class=\"wp-block-heading\"><strong>\u0427\u0438\u043c \u0437\u0430\u0439\u043c\u0430\u0454\u0442\u044c\u0441\u044f \u0422\u0414\u0422 \u0456 \u044f\u043a\u0456 \u0457\u0457 \u043f\u043e\u0432\u043d\u043e\u0432\u0430\u0436\u0435\u043d\u043d\u044f?<\/strong>\u00a0<\/h2>\n\n\n<div class=\"wp-block-image\">\n<figure class=\"alignleft size-large is-resized\"><a href=\"https:\/\/szkolenia-udt.pl\/wp-content\/uploads\/2022\/09\/1.jpeg\"><img loading=\"lazy\" decoding=\"async\" src=\"https:\/\/szkolenia-udt.pl\/wp-content\/uploads\/2022\/09\/1-1024x768.jpeg\" alt=\"\u043f\u0430\u043b\u0438\u0432\u043e\u0437\u0430\u043f\u0440\u0430\u0432\u043d\u0438\u043a\" class=\"wp-image-3240\" width=\"512\" height=\"384\" srcset=\"https:\/\/szkolenia-udt.pl\/wp-content\/uploads\/2022\/09\/1-1024x768.jpeg 1024w, https:\/\/szkolenia-udt.pl\/wp-content\/uploads\/2022\/09\/1-300x225.jpeg 300w, https:\/\/szkolenia-udt.pl\/wp-content\/uploads\/2022\/09\/1-768x576.jpeg 768w, https:\/\/szkolenia-udt.pl\/wp-content\/uploads\/2022\/09\/1-1536x1152.jpeg 1536w, https:\/\/szkolenia-udt.pl\/wp-content\/uploads\/2022\/09\/1-16x12.jpeg 16w, https:\/\/szkolenia-udt.pl\/wp-content\/uploads\/2022\/09\/1-135x100.jpeg 135w, https:\/\/szkolenia-udt.pl\/wp-content\/uploads\/2022\/09\/1.jpeg 1600w\" sizes=\"auto, (max-width: 512px) 100vw, 512px\" \/><\/a><\/figure>\n<\/div>\n\n\n<p>TDT \u0440\u043e\u0437\u0448\u0438\u0444\u0440\u043e\u0432\u0443\u0454\u0442\u044c\u0441\u044f \u044f\u043a \u0422\u0440\u0430\u043d\u0441\u043f\u043e\u0440\u0442\u043d\u0438\u0439 \u0442\u0435\u0445\u043d\u0456\u0447\u043d\u0438\u0439 \u043d\u0430\u0433\u043b\u044f\u0434 - \u0446\u0435 \u043d\u0430\u0446\u0456\u043e\u043d\u0430\u043b\u044c\u043d\u0430 \u044e\u0440\u0438\u0434\u0438\u0447\u043d\u0430 \u043e\u0441\u043e\u0431\u0430, \u0437\u0430\u0441\u043d\u043e\u0432\u0430\u043d\u0430 \u043d\u0430 \u043f\u0456\u0434\u0441\u0442\u0430\u0432\u0456 \u0417\u0430\u043a\u043e\u043d\u0443 \u0432\u0456\u0434 21 \u0433\u0440\u0443\u0434\u043d\u044f 2000 \u0440\u043e\u043a\u0443 \u043f\u0440\u043e \u0442\u0435\u0445\u043d\u0456\u0447\u043d\u0438\u0439 \u043d\u0430\u0433\u043b\u044f\u0434. \u0426\u0435 \u043f\u0456\u0434\u0440\u043e\u0437\u0434\u0456\u043b DT (\u0422\u0435\u0445\u043d\u0456\u0447\u043d\u043e\u0433\u043e \u043d\u0430\u0433\u043b\u044f\u0434\u0443), \u044f\u043a\u0438\u0439 \u043f\u0456\u0434\u043f\u043e\u0440\u044f\u0434\u043a\u043e\u0432\u0443\u0454\u0442\u044c\u0441\u044f \u043c\u0456\u043d\u0456\u0441\u0442\u0440\u0443, \u0432\u0456\u0434\u043f\u043e\u0432\u0456\u0434\u0430\u043b\u044c\u043d\u043e\u043c\u0443 \u0437\u0430 \u0442\u0440\u0430\u043d\u0441\u043f\u043e\u0440\u0442\u043d\u0456 \u043f\u0438\u0442\u0430\u043d\u043d\u044f. \u0412\u043e\u043d\u0430 \u0437\u0434\u0456\u0439\u0441\u043d\u044e\u0454 \u043d\u0430\u0433\u043b\u044f\u0434 \u0437\u0430 \u0442\u0435\u0445\u043d\u0456\u0447\u043d\u0438\u043c \u043e\u0431\u043b\u0430\u0434\u043d\u0430\u043d\u043d\u044f\u043c, \u0432\u0441\u0442\u0430\u043d\u043e\u0432\u043b\u0435\u043d\u0438\u043c \u043d\u0430 \u0437\u0430\u043b\u0456\u0437\u043d\u0438\u0447\u043d\u0456\u0439 \u0442\u0435\u0440\u0438\u0442\u043e\u0440\u0456\u0457, \u0437\u0430\u043b\u0456\u0437\u043d\u0438\u0447\u043d\u0438\u0445 \u043f\u0456\u0434'\u0457\u0437\u043d\u0438\u0445 \u043a\u043e\u043b\u0456\u044f\u0445 \u0456 \u0437\u0430\u043b\u0456\u0437\u043d\u0438\u0447\u043d\u043e\u043c\u0443 \u0442\u0440\u0430\u043d\u0441\u043f\u043e\u0440\u0442\u0456, \u0430 \u0442\u0430\u043a\u043e\u0436 \u0437\u0430 \u0440\u0435\u0437\u0435\u0440\u0432\u0443\u0430\u0440\u0430\u043c\u0438 (\u0437\u043e\u043a\u0440\u0435\u043c\u0430, \u0446\u0438\u0441\u0442\u0435\u0440\u043d\u0430\u043c\u0438, \u044f\u043a\u0456 \u043c\u0438 \u0432\u0438\u043a\u043e\u0440\u0438\u0441\u0442\u043e\u0432\u0443\u0454\u043c\u043e \u0432 \u0430\u0432\u0442\u043e\u043c\u043e\u0431\u0456\u043b\u044c\u043d\u043e\u043c\u0443, \u0437\u0430\u043b\u0456\u0437\u043d\u0438\u0447\u043d\u043e\u043c\u0443 \u0442\u0430 \u0432\u043d\u0443\u0442\u0440\u0456\u0448\u043d\u044c\u043e\u043c\u0443 \u0432\u043e\u0434\u043d\u043e\u043c\u0443 \u0442\u0440\u0430\u043d\u0441\u043f\u043e\u0440\u0442\u0456). \u041d\u0430 \u0422\u0414\u0422 \u043f\u043e\u0448\u0438\u0440\u044e\u0454\u0442\u044c\u0441\u044f \u0434\u0456\u044f \u0417\u0430\u043a\u043e\u043d\u0443 \u043f\u0440\u043e \u0442\u0435\u0445\u043d\u0456\u0447\u043d\u0438\u0439 \u043d\u0430\u0433\u043b\u044f\u0434. \u0414\u043e \u043d\u0438\u0445 \u0432\u0456\u0434\u043d\u043e\u0441\u044f\u0442\u044c\u0441\u044f, \u043d\u0430\u043f\u0440\u0438\u043a\u043b\u0430\u0434, \u043f\u0435\u0440\u0435\u0432\u0435\u0437\u0435\u043d\u043d\u044f \u043d\u0435\u0431\u0435\u0437\u043f\u0435\u0447\u043d\u0438\u0445 \u0432\u0430\u043d\u0442\u0430\u0436\u0456\u0432, \u0456 \u0432\u043e\u043d\u043e \u0432\u0438\u0434\u0430\u0454 \u0441\u0432\u0456\u0434\u043e\u0446\u0442\u0432\u0430 \u043f\u0440\u043e \u0434\u043e\u043f\u0443\u0449\u0435\u043d\u043d\u044f \u0442\u0440\u0430\u043d\u0441\u043f\u043e\u0440\u0442\u043d\u0438\u0445 \u0437\u0430\u0441\u043e\u0431\u0456\u0432 \u0434\u043e \u043f\u0435\u0440\u0435\u0432\u0435\u0437\u0435\u043d\u043d\u044f \u043d\u0435\u0431\u0435\u0437\u043f\u0435\u0447\u043d\u0438\u0445 \u0432\u0430\u043d\u0442\u0430\u0436\u0456\u0432. \u041f\u0456\u0434\u043f\u0440\u0438\u0454\u043c\u0441\u0442\u0432\u0430, \u044f\u043a\u0456 \u0432\u0438\u0440\u043e\u0431\u043b\u044f\u044e\u0442\u044c, \u0440\u0435\u043c\u043e\u043d\u0442\u0443\u044e\u0442\u044c, \u043c\u043e\u0434\u0435\u0440\u043d\u0456\u0437\u0443\u044e\u0442\u044c \u0456 \u0437\u0431\u0438\u0440\u0430\u044e\u0442\u044c \u0442\u0435\u0445\u043d\u0456\u0447\u043d\u0435 \u043e\u0431\u043b\u0430\u0434\u043d\u0430\u043d\u043d\u044f, \u043f\u043e\u0432\u0438\u043d\u043d\u0456 \u043c\u0430\u0442\u0438 \u0432\u0456\u0434\u043f\u043e\u0432\u0456\u0434\u043d\u0438\u0439 \u0434\u043e\u0437\u0432\u0456\u043b. \u0422\u0430\u043a\u0456 \u0434\u043e\u0437\u0432\u043e\u043b\u0438 \u0442\u0430\u043a\u043e\u0436 \u0432\u0438\u0434\u0430\u0454 \u0422\u0440\u0430\u043d\u0441\u043f\u043e\u0440\u0442\u043d\u0438\u0439 \u0442\u0435\u0445\u043d\u0456\u0447\u043d\u0438\u0439 \u043d\u0430\u0433\u043b\u044f\u0434. \u0426\u0435\u0439 \u043e\u0440\u0433\u0430\u043d \u0442\u0430\u043a\u043e\u0436 \u0432\u0438\u0434\u0430\u0454 \u0434\u043e\u0437\u0432\u043e\u043b\u0438 \u043f\u0440\u0430\u0446\u0456\u0432\u043d\u0438\u043a\u0430\u043c \u043f\u0440\u043e\u0444\u0435\u0441\u0456\u0439, \u0434\u043b\u044f \u044f\u043a\u0438\u0445 \u043f\u043e\u0442\u0440\u0456\u0431\u043d\u0456 \u0434\u043e\u0437\u0432\u043e\u043b\u0438 \u0422\u0414\u041d, \u043d\u0430\u043f\u0440\u0438\u043a\u043b\u0430\u0434, \u0442\u0438\u043c, \u0445\u0442\u043e \u0432\u0438\u043a\u043e\u043d\u0443\u0454 \u0437\u0432\u0430\u0440\u043d\u0456 \u0437'\u0454\u0434\u043d\u0430\u043d\u043d\u044f. \u0417 \u0456\u043d\u0448\u043e\u0433\u043e \u0431\u043e\u043a\u0443, \u0431\u0456\u043b\u044c\u0448\u0456\u0441\u0442\u044c \u043e\u043f\u0435\u0440\u0430\u0442\u043e\u0440\u0456\u0432, \u044f\u043a\u0456 \u043c\u0430\u044e\u0442\u044c \u0434\u043e\u0437\u0432\u0456\u043b UDT (\u0423\u043f\u0440\u0430\u0432\u043b\u0456\u043d\u043d\u044f \u0442\u0435\u0445\u043d\u0456\u0447\u043d\u043e\u0457 \u0456\u043d\u0441\u043f\u0435\u043a\u0446\u0456\u0457), \u043c\u043e\u0436\u0443\u0442\u044c \u0435\u043a\u0441\u043f\u043b\u0443\u0430\u0442\u0443\u0432\u0430\u0442\u0438 \u043e\u0431\u043b\u0430\u0434\u043d\u0430\u043d\u043d\u044f, \u0437\u0430\u0440\u0435\u0454\u0441\u0442\u0440\u043e\u0432\u0430\u043d\u0435 \u0432 TDT.\u00a0<\/p>\n\n\n\n<h2 class=\"wp-block-heading\"><strong>\u0422\u0440\u0435\u043d\u0456\u043d\u0433 \u0437 \u0422\u0414\u0422<\/strong>&nbsp;<\/h2>\n\n\n\n<p>\u0414\u043b\u044f \u0442\u043e\u0433\u043e, \u0449\u043e\u0431 \u043e\u0442\u0440\u0438\u043c\u0430\u0442\u0438 \u043b\u0456\u0446\u0435\u043d\u0437\u0456\u044e TDT, \u0432\u0430\u043c \u043f\u043e\u0442\u0440\u0456\u0431\u043d\u043e \u043f\u0440\u043e\u0439\u0442\u0438 \u0432\u0456\u0434\u043f\u043e\u0432\u0456\u0434\u043d\u0443 \u043f\u0456\u0434\u0433\u043e\u0442\u043e\u0432\u043a\u0443 \u0442\u0430 \u0437\u0434\u043e\u0431\u0443\u0442\u0438 \u043d\u0435\u043e\u0431\u0445\u0456\u0434\u043d\u0456 \u0437\u043d\u0430\u043d\u043d\u044f. \u041d\u0430\u0448\u0456 \u043a\u043e\u043c\u043f\u043b\u0435\u043a\u0441\u043d\u0456 \u043a\u0443\u0440\u0441\u0438 \u0432 \u0426\u0435\u043d\u0442\u0440\u0456 \u043f\u0456\u0434\u0433\u043e\u0442\u043e\u0432\u043a\u0438 \u043e\u043f\u0435\u0440\u0430\u0442\u043e\u0440\u0456\u0432 (OSO) \u043f\u0440\u043e\u0432\u043e\u0434\u044f\u0442\u044c\u0441\u044f \u043d\u0430 \u043d\u0430\u0439\u0432\u0438\u0449\u043e\u043c\u0443 \u0440\u0456\u0432\u043d\u0456 \u043f\u0440\u043e\u0444\u0435\u0441\u0456\u0439\u043d\u0438\u043c\u0438 \u0435\u043a\u0441\u043f\u0435\u0440\u0442\u0430\u043c\u0438, \u044f\u043a\u0456 \u0437\u0430\u0432\u0436\u0434\u0438 \u0443 \u0432\u0430\u0448\u043e\u043c\u0443 \u0440\u043e\u0437\u043f\u043e\u0440\u044f\u0434\u0436\u0435\u043d\u043d\u0456. \u041d\u0430\u0448\u0430 \u0448\u0438\u0440\u043e\u043a\u0430 \u043d\u0430\u0432\u0447\u0430\u043b\u044c\u043d\u0430 \u043f\u0440\u043e\u043f\u043e\u0437\u0438\u0446\u0456\u044f \u0432\u043a\u043b\u044e\u0447\u0430\u0454, \u043d\u0430\u043f\u0440\u0438\u043a\u043b\u0430\u0434, \u043a\u0443\u0440\u0441\u0438 \u0437 \u0435\u043a\u0441\u043f\u043b\u0443\u0430\u0442\u0430\u0446\u0456\u0457 \u0442\u0430 \u043c\u043e\u043d\u0442\u0430\u0436\u0443 \u043f\u043e\u0441\u0443\u0434\u0438\u043d, \u0449\u043e \u043f\u0440\u0430\u0446\u044e\u044e\u0442\u044c \u043f\u0456\u0434 \u0442\u0438\u0441\u043a\u043e\u043c, \u0430\u0431\u043e \u043a\u0443\u0440\u0441 \u0437 \u043d\u0430\u043f\u043e\u0432\u043d\u0435\u043d\u043d\u044f \u0442\u0430 \u0441\u043f\u043e\u0440\u043e\u0436\u043d\u0435\u043d\u043d\u044f \u0440\u0435\u0437\u0435\u0440\u0432\u0443\u0430\u0440\u0456\u0432 \u043f\u0456\u0434 \u0442\u0438\u0441\u043a\u043e\u043c. \u0417\u0430\u0432\u0434\u044f\u043a\u0438 \u043d\u0430\u0432\u0447\u0430\u043d\u043d\u044e \u043d\u0430 \u0446\u044c\u043e\u043c\u0443 \u043e\u0431\u043b\u0430\u0434\u043d\u0430\u043d\u043d\u0456 \u0432\u0438 \u0437\u043c\u043e\u0436\u0435\u0442\u0435 \u043b\u0435\u0433\u043a\u043e \u0437\u043d\u0430\u0439\u0442\u0438 \u0440\u043e\u0431\u043e\u0442\u0443.\u00a0\u00a0<\/p>\n\n\n<div class=\"wp-block-image\">\n<figure class=\"alignleft is-resized\"><a href=\"https:\/\/szkolenia-udt.pl\/wp-content\/uploads\/2022\/09\/12.jpeg\"><img loading=\"lazy\" decoding=\"async\" src=\"https:\/\/szkolenia-udt.pl\/wp-content\/uploads\/2022\/09\/12-1024x683.jpeg\" alt=\"\u043e\u0441\u043e\u0431\u0430, \u044f\u043a\u0430 \u043f\u0435\u0440\u0435\u0431\u0443\u0432\u0430\u0454 \u0432 \u043f\u043e\u0440\u0442\u0443\" class=\"wp-image-3241\" width=\"512\" height=\"342\" srcset=\"https:\/\/szkolenia-udt.pl\/wp-content\/uploads\/2022\/09\/12-1024x683.jpeg 1024w, https:\/\/szkolenia-udt.pl\/wp-content\/uploads\/2022\/09\/12-300x200.jpeg 300w, https:\/\/szkolenia-udt.pl\/wp-content\/uploads\/2022\/09\/12-768x512.jpeg 768w, https:\/\/szkolenia-udt.pl\/wp-content\/uploads\/2022\/09\/12-1536x1024.jpeg 1536w, https:\/\/szkolenia-udt.pl\/wp-content\/uploads\/2022\/09\/12-18x12.jpeg 18w, https:\/\/szkolenia-udt.pl\/wp-content\/uploads\/2022\/09\/12.jpeg 1600w\" sizes=\"auto, (max-width: 512px) 100vw, 512px\" \/><\/a><\/figure>\n<\/div>\n\n\n<h2 class=\"wp-block-heading\"><strong>\u041d\u0430\u0448\u0435 \u043d\u0430\u0432\u0447\u0430\u043d\u043d\u044f<\/strong>&nbsp;<\/h2>\n\n\n\n<p>\u041d\u0430\u0448\u0456 \u043d\u0430\u0432\u0447\u0430\u043b\u044c\u043d\u0456 \u043f\u0440\u043e\u0433\u0440\u0430\u043c\u0438 \u0441\u043a\u043b\u0430\u0434\u0430\u044e\u0442\u044c\u0441\u044f \u0437 \u043f\u0440\u0430\u043a\u0442\u0438\u0447\u043d\u043e\u0457 \u0442\u0430 \u0442\u0435\u043e\u0440\u0435\u0442\u0438\u0447\u043d\u043e\u0457 \u0447\u0430\u0441\u0442\u0438\u043d. \u041a\u0443\u0440\u0441\u0438 \u0432\u0438\u043a\u043b\u0430\u0434\u0430\u044e\u0442\u044c\u0441\u044f \u0432 \u0434\u043e\u0441\u0442\u0443\u043f\u043d\u0456\u0439 \u0444\u043e\u0440\u043c\u0456 \u0456 \u0442\u0430\u043a\u0438\u043c \u0447\u0438\u043d\u043e\u043c, \u0449\u043e\u0431 \u0432\u0438 \u043c\u043e\u0433\u043b\u0438 \u043b\u0435\u0433\u043a\u043e \u0441\u043a\u043b\u0430\u0441\u0442\u0438 \u0434\u0435\u0440\u0436\u0430\u0432\u043d\u0438\u0439 \u0456\u0441\u043f\u0438\u0442 TDT \u0456 \u043e\u0442\u0440\u0438\u043c\u0430\u0442\u0438 \u043d\u0435\u043e\u0431\u0445\u0456\u0434\u043d\u0456 \u043f\u0440\u043e\u0444\u0435\u0441\u0456\u0439\u043d\u0456 \u043b\u0456\u0446\u0435\u043d\u0437\u0456\u0457. \u0417\u0432\u0435\u0440\u0442\u0430\u0439\u0442\u0435\u0441\u044f \u0434\u043e \u043d\u0430\u0441, \u0456 \u043c\u0438 \u0437 \u0440\u0430\u0434\u0456\u0441\u0442\u044e \u043d\u0430\u0434\u0430\u043c\u043e \u0432\u0430\u043c \u0432\u0441\u044e \u043d\u0435\u043e\u0431\u0445\u0456\u0434\u043d\u0443 \u0456\u043d\u0444\u043e\u0440\u043c\u0430\u0446\u0456\u044e. \u041c\u0438 \u043f\u0440\u043e\u043f\u043e\u043d\u0443\u0454\u043c\u043e \u0434\u043e\u0441\u0442\u0443\u043f\u043d\u0456 \u0446\u0456\u043d\u0438, \u044f\u043a\u0456 \u0437\u0430\u0432\u0436\u0434\u0438 \u0443\u0437\u0433\u043e\u0434\u0436\u0443\u0454\u043c\u043e \u0437 \u0432\u0430\u043c\u0438 \u0456\u043d\u0434\u0438\u0432\u0456\u0434\u0443\u0430\u043b\u044c\u043d\u043e. \u041c\u0438 \u043f\u0440\u043e\u043f\u043e\u043d\u0443\u0454\u043c\u043e \u0437\u043d\u0438\u0436\u043a\u0438 \u0434\u043b\u044f \u0432\u0435\u043b\u0438\u043a\u0438\u0445 \u043e\u0440\u0433\u0430\u043d\u0456\u0437\u043e\u0432\u0430\u043d\u0438\u0445 \u0433\u0440\u0443\u043f. \u041d\u0430\u0448 \u0426\u0435\u043d\u0442\u0440 OSO \u043f\u0440\u043e\u0432\u043e\u0434\u0438\u0442\u044c \u044f\u043a \u0432\u0456\u0434\u043a\u0440\u0438\u0442\u0456, \u0442\u0430\u043a \u0456 \u0437\u0430\u043a\u0440\u0438\u0442\u0456 \u043a\u0443\u0440\u0441\u0438. \u041d\u0430\u0448 \u0433\u043e\u043b\u043e\u0432\u043d\u0438\u0439 \u043e\u0444\u0456\u0441 \u0437\u043d\u0430\u0445\u043e\u0434\u0438\u0442\u044c\u0441\u044f \u0443 \u0412\u0430\u0440\u0448\u0430\u0432\u0456, \u0430\u043b\u0435 \u043c\u0438 \u043f\u0440\u043e\u0432\u043e\u0434\u0438\u043c\u043e \u043d\u0430\u0432\u0447\u0430\u043d\u043d\u044f \u043f\u043e \u0432\u0441\u0456\u0439 \u041f\u043e\u043b\u044c\u0449\u0456. \u042f\u043a\u0449\u043e \u043a\u0443\u0440\u0441 \u0454 \u0437\u0430\u043a\u0440\u0438\u0442\u0438\u043c, \u043f\u0440\u0438\u0437\u043d\u0430\u0447\u0435\u043d\u0438\u043c \u0434\u043b\u044f \u0432\u0435\u043b\u0438\u043a\u043e\u0457 \u043e\u0440\u0433\u0430\u043d\u0456\u0437\u043e\u0432\u0430\u043d\u043e\u0457 \u0433\u0440\u0443\u043f\u0438, \u043c\u0438 \u0431\u0435\u0437 \u043f\u0440\u043e\u0431\u043b\u0435\u043c \u043f\u0440\u0438\u0457\u0434\u0435\u043c\u043e \u0434\u043e \u043a\u043b\u0456\u0454\u043d\u0442\u0430 \u043f\u0456\u0441\u043b\u044f \u043f\u043e\u043f\u0435\u0440\u0435\u0434\u043d\u044c\u043e\u0457 \u0434\u043e\u043c\u043e\u0432\u043b\u0435\u043d\u043e\u0441\u0442\u0456. \u041c\u0438 \u0442\u0430\u043a\u043e\u0436 \u0437\u0430\u043f\u0440\u043e\u0448\u0443\u0454\u043c\u043e \u0432\u0430\u0441 \u043e\u0437\u043d\u0430\u0439\u043e\u043c\u0438\u0442\u0438\u0441\u044f \u0437 \u0448\u0438\u0440\u043e\u043a\u0438\u043c \u0441\u043f\u0435\u043a\u0442\u0440\u043e\u043c \u043a\u0443\u0440\u0441\u0456\u0432, \u044f\u043a\u0456 \u043c\u0438 \u043f\u0440\u043e\u043f\u043e\u043d\u0443\u0454\u043c\u043e \u043d\u0430 \u043d\u0430\u0448\u043e\u043c\u0443 \u0432\u0435\u0431-\u0441\u0430\u0439\u0442\u0456. \u0423 \u043d\u0430\u0441 \u0454 \u0432\u0441\u0442\u0443\u043f\u043d\u0456 \u0442\u0430 \u043f\u0435\u0440\u0456\u043e\u0434\u0438\u0447\u043d\u0456 \u043a\u0443\u0440\u0441\u0438 \u0437 \u043e\u0445\u043e\u0440\u043e\u043d\u0438 \u043f\u0440\u0430\u0446\u0456 \u0442\u0430 \u0442\u0435\u0445\u043d\u0456\u043a\u0438 \u0431\u0435\u0437\u043f\u0435\u043a\u0438, \u043f\u043e\u0436\u0435\u0436\u043d\u043e\u0457 \u0431\u0435\u0437\u043f\u0435\u043a\u0438, \u0434\u043b\u044f \u043c\u0430\u0448\u0438\u043d\u0456\u0441\u0442\u0456\u0432 \u043a\u0440\u0430\u043d\u0456\u0432 HDS, <a href=\"https:\/\/szkolenia-udt.pl\/ua\/kursy\/prace-wysokosciowe\/\">\u0432\u0438\u0441\u043e\u0442\u043d\u0456 \u043a\u0443\u0440\u0441\u0438<\/a> \u0442\u0430 \u0431\u0430\u0433\u0430\u0442\u043e \u0456\u043d\u0448\u0438\u0445.\u00a0<\/p>\n\n\n<div class=\"wp-block-image\">\n<figure class=\"aligncenter\"><a href=\"https:\/\/szkolenia-udt.pl\/wp-content\/uploads\/2022\/09\/0021-oso-konserwator-udzadzen-udt-1.jpg\"><img loading=\"lazy\" decoding=\"async\" width=\"1024\" height=\"853\" src=\"https:\/\/szkolenia-udt.pl\/wp-content\/uploads\/2022\/09\/0021-oso-konserwator-udzadzen-udt-1-1024x853.jpg\" alt=\"\u0433\u0440\u0430\u0444\u0456\u0447\u043d\u0430 \u0440\u0435\u043a\u043b\u0430\u043c\u0430 \u0442\u0440\u0435\u043d\u0456\u043d\u0433\u0443\" class=\"wp-image-3242\" srcset=\"https:\/\/szkolenia-udt.pl\/wp-content\/uploads\/2022\/09\/0021-oso-konserwator-udzadzen-udt-1-1024x853.jpg 1024w, https:\/\/szkolenia-udt.pl\/wp-content\/uploads\/2022\/09\/0021-oso-konserwator-udzadzen-udt-1-300x250.jpg 300w, https:\/\/szkolenia-udt.pl\/wp-content\/uploads\/2022\/09\/0021-oso-konserwator-udzadzen-udt-1-768x640.jpg 768w, https:\/\/szkolenia-udt.pl\/wp-content\/uploads\/2022\/09\/0021-oso-konserwator-udzadzen-udt-1-14x12.jpg 14w, https:\/\/szkolenia-udt.pl\/wp-content\/uploads\/2022\/09\/0021-oso-konserwator-udzadzen-udt-1.jpg 1200w\" sizes=\"auto, (max-width: 1024px) 100vw, 1024px\" \/><\/a><\/figure>\n<\/div>","protected":false},"excerpt":{"rendered":"<p>Aby porty, przystanie morskie, koleje linowe czy wyci\u0105gi narciarskie sprawnie dzia\u0142a\u0142y, niezb\u0119dny jest sprawowany nad nimi doz\u00f3r techniczny. S\u0105 r\u00f3wnie\u017c zawody niezb\u0119dne w sprawowaniu prawid\u0142owej opieki nad maszynami i urz\u0105dzeniami technicznymi, kt\u00f3re jednocze\u015bnie wymagaj\u0105 uprawnie\u0144, m.in. Transportowego Dozoru Technicznego.\u00a0\u00a0 Uprawnienia TDT&nbsp; Dzi\u0119ki operatorom suwnic mo\u017cemy przenosi\u0107 bardzo ci\u0119\u017ckie materia\u0142y w halach produkcyjnych, na placach budowy [&hellip;]<\/p>\n","protected":false},"author":10,"featured_media":3241,"parent":2266,"menu_order":0,"comment_status":"closed","ping_status":"closed","template":"","meta":{"footnotes":""},"class_list":["post-3239","page","type-page","status-publish","has-post-thumbnail","hentry"],"aioseo_notices":[],"_links":{"self":[{"href":"https:\/\/szkolenia-udt.pl\/ua\/wp-json\/wp\/v2\/pages\/3239","targetHints":{"allow":["GET"]}}],"collection":[{"href":"https:\/\/szkolenia-udt.pl\/ua\/wp-json\/wp\/v2\/pages"}],"about":[{"href":"https:\/\/szkolenia-udt.pl\/ua\/wp-json\/wp\/v2\/types\/page"}],"author":[{"embeddable":true,"href":"https:\/\/szkolenia-udt.pl\/ua\/wp-json\/wp\/v2\/users\/10"}],"replies":[{"embeddable":true,"href":"https:\/\/szkolenia-udt.pl\/ua\/wp-json\/wp\/v2\/comments?post=3239"}],"version-history":[{"count":5,"href":"https:\/\/szkolenia-udt.pl\/ua\/wp-json\/wp\/v2\/pages\/3239\/revisions"}],"predecessor-version":[{"id":4753,"href":"https:\/\/szkolenia-udt.pl\/ua\/wp-json\/wp\/v2\/pages\/3239\/revisions\/4753"}],"up":[{"embeddable":true,"href":"https:\/\/szkolenia-udt.pl\/ua\/wp-json\/wp\/v2\/pages\/2266"}],"wp:featuredmedia":[{"embeddable":true,"href":"https:\/\/szkolenia-udt.pl\/ua\/wp-json\/wp\/v2\/media\/3241"}],"wp:attachment":[{"href":"https:\/\/szkolenia-udt.pl\/ua\/wp-json\/wp\/v2\/media?parent=3239"}],"curies":[{"name":"wp","href":"https:\/\/api.w.org\/{rel}","templated":true}]}}