{"id":33,"date":"2014-10-07T16:18:33","date_gmt":"2014-10-07T16:18:33","guid":{"rendered":"http:\/\/szkolenia-udt.pl\/?page_id=33"},"modified":"2024-10-09T14:56:22","modified_gmt":"2024-10-09T12:56:22","slug":"%d0%b2%d0%b8%d0%bb%d0%ba%d0%be%d0%b2%d1%96-%d0%bd%d0%b0%d0%b2%d0%b0%d0%bd%d1%82%d0%b0%d0%b6%d1%83%d0%b2%d0%b0%d1%87%d1%96","status":"publish","type":"page","link":"https:\/\/szkolenia-udt.pl\/ua\/kursy\/wozki-widlowe\/","title":{"rendered":"\u0412\u0438\u043b\u043a\u043e\u0432\u0456 \u043d\u0430\u0432\u0430\u043d\u0442\u0430\u0436\u0443\u0432\u0430\u0447\u0456"},"content":{"rendered":"<h2>\u041a\u0443\u0440\u0441\u0438 \u043d\u0430\u0432\u0430\u043d\u0442\u0430\u0436\u0443\u0432\u0430\u0447\u0456\u0432 - \u0412\u0430\u0440\u0448\u0430\u0432\u0430 \u0456 \u0432\u0441\u044f \u041f\u043e\u043b\u044c\u0449\u0430<\/h2>\n<div style=\"float: left; padding-right: 10px;\"><div id=\"metaslider-id-396\" style=\"max-width: 300px;\" class=\"ml-slider-3-109-0 metaslider metaslider-flex metaslider-396 ml-slider ms-theme-default nav-hidden\" role=\"region\" aria-label=\"\u0412\u0438\u043b\u043a\u043e\u0432\u0456 \u043d\u0430\u0432\u0430\u043d\u0442\u0430\u0436\u0443\u0432\u0430\u0447\u0456\" data-height=\"225\" data-width=\"300\">\n    <div id=\"metaslider_container_396\">\n        <div id=\"metaslider_396\">\n            <ul class='slides'>\n                <li style=\"display: block; width: 100%;\" class=\"slide-400 ms-image\" aria-roledescription=\"slide\" data-date=\"2014-10-10 12:07:59\" data-filename=\"6260676228_3a0fdacf7d_o.jpg\" data-slide-type=\"image\"><img loading=\"lazy\" decoding=\"async\" src=\"https:\/\/szkolenia-udt.pl\/wp-content\/uploads\/2014\/10\/6260676228_3a0fdacf7d_o.jpg\" height=\"225\" width=\"300\" alt=\"\u0412\u0438\u043b\u043a\u043e\u0432\u0438\u0439 \u043d\u0430\u0432\u0430\u043d\u0442\u0430\u0436\u0443\u0432\u0430\u0447\" class=\"slider-396 slide-400 msDefaultImage\" \/><\/li>\n                <li style=\"display: none; width: 100%;\" class=\"slide-577 ms-image\" aria-roledescription=\"slide\" data-date=\"2014-10-12 05:27:57\" data-filename=\"Szkolenia-w\u00f3zki-wid\u0142owe.jpg\" data-slide-type=\"image\"><img loading=\"lazy\" decoding=\"async\" src=\"https:\/\/szkolenia-udt.pl\/wp-content\/uploads\/2014\/10\/Szkolenia-w\u00f3zki-wid\u0142owe.jpg\" height=\"225\" width=\"300\" alt=\"\u041d\u0430\u0432\u0447\u0430\u043d\u043d\u044f \u043d\u0430\u0432\u0430\u043d\u0442\u0430\u0436\u0443\u0432\u0430\u0447\u0456\u0432\" class=\"slider-396 slide-577 msDefaultImage\" \/><\/li>\n                <li style=\"display: none; width: 100%;\" class=\"slide-578 ms-image\" aria-roledescription=\"slide\" data-date=\"2014-10-12 05:34:04\" data-filename=\"W\u00f3zki-wid\u0142owe-UDT.jpg\" data-slide-type=\"image\"><img loading=\"lazy\" decoding=\"async\" src=\"https:\/\/szkolenia-udt.pl\/wp-content\/uploads\/2014\/10\/W\u00f3zki-wid\u0142owe-UDT.jpg\" height=\"225\" width=\"300\" alt=\"\" class=\"slider-396 slide-578 msDefaultImage\" \/><\/li>\n                <li style=\"display: none; width: 100%;\" class=\"slide-1205 ms-image\" aria-roledescription=\"slide\" data-date=\"2014-11-17 21:31:17\" data-filename=\"wozki3a.jpg\" data-slide-type=\"image\"><img loading=\"lazy\" decoding=\"async\" src=\"https:\/\/szkolenia-udt.pl\/wp-content\/uploads\/2014\/11\/wozki3a.jpg\" height=\"225\" width=\"300\" alt=\"\" class=\"slider-396 slide-1205 msDefaultImage\" \/><\/li>\n                <li style=\"display: none; width: 100%;\" class=\"slide-1204 ms-image\" aria-roledescription=\"slide\" data-date=\"2014-11-17 21:31:16\" data-filename=\"wozki2a.jpg\" data-slide-type=\"image\"><img loading=\"lazy\" decoding=\"async\" src=\"https:\/\/szkolenia-udt.pl\/wp-content\/uploads\/2014\/11\/wozki2a.jpg\" height=\"225\" width=\"300\" alt=\"\" class=\"slider-396 slide-1204 msDefaultImage\" \/><\/li>\n            <\/ul>\n        <\/div>\n        \n    <\/div>\n<\/div><\/div>\n<div class=\"wyjustuj\">\n<p>\u0417\u0430\u043f\u0440\u043e\u0448\u0443\u0454\u043c\u043e \u043f\u0440\u043e\u0439\u0442\u0438 \u043a\u0443\u0440\u0441\u0438 \u0440\u043e\u0431\u043e\u0442\u0438 \u0437 \u0430\u0432\u0442\u043e\u043d\u0430\u0432\u0430\u043d\u0442\u0430\u0436\u0443\u0432\u0430\u0447\u0430\u043c\u0438 <a href=\"https:\/\/szkolenia-udt.pl\/ua\/o-firmie\/\">\u0426\u0435\u043d\u0442\u0440 \u043f\u0456\u0434\u0433\u043e\u0442\u043e\u0432\u043a\u0438 \u043e\u043f\u0435\u0440\u0430\u0442\u043e\u0440\u0456\u0432<\/a>! \u042f\u043a\u0449\u043e \u0432\u0438 \u0445\u043e\u0447\u0435\u0442\u0435 \u043e\u0442\u0440\u0438\u043c\u0430\u0442\u0438 \u043f\u043e\u0441\u0432\u0456\u0434\u0447\u0435\u043d\u043d\u044f \u043d\u0430\u0432\u0430\u043d\u0442\u0430\u0436\u0443\u0432\u0430\u0447\u0430, \u0443 \u043d\u0430\u0441 \u0432\u0438 \u0437\u0430\u0432\u0436\u0434\u0438 \u043c\u043e\u0436\u0435\u0442\u0435 \u043e\u0442\u0440\u0438\u043c\u0430\u0442\u0438 \u0439\u043e\u0433\u043e \u0437\u0430 \u043d\u0438\u0437\u044c\u043a\u043e\u044e \u0446\u0456\u043d\u043e\u044e - \u043c\u0438 \u043c\u0430\u0454\u043c\u043e \u0431\u0430\u0433\u0430\u0442\u043e\u0440\u0456\u0447\u043d\u0438\u0439 \u0434\u043e\u0441\u0432\u0456\u0434 \u0432\u0438\u043a\u043b\u0430\u0434\u0430\u043d\u043d\u044f \u0446\u044c\u043e\u0433\u043e \u0442\u0438\u043f\u0443 \u043a\u0443\u0440\u0441\u0456\u0432, \u0456 \u0442\u0438\u0441\u044f\u0447\u0456 \u043b\u044e\u0434\u0435\u0439 \u043f\u043e \u0432\u0441\u0456\u0439 \u041f\u043e\u043b\u044c\u0449\u0456 \u0432\u0436\u0435 \u0441\u043a\u043e\u0440\u0438\u0441\u0442\u0430\u043b\u0438\u0441\u044f \u043d\u0430\u0448\u0438\u043c\u0438 \u043f\u043e\u0441\u043b\u0443\u0433\u0430\u043c\u0438 - \u043c\u0438 \u0437\u0430\u043a\u043b\u0438\u043a\u0430\u0454\u043c\u043e \u0432\u0430\u0441 \u043f\u0440\u0438\u0454\u0434\u043d\u0430\u0442\u0438\u0441\u044f \u0434\u043e \u0457\u0445\u043d\u0456\u0445 \u043b\u0430\u0432! \u041d\u0430\u0448 \u043a\u0443\u0440\u0441 \u043d\u0430 \u0432\u0438\u043b\u043e\u0447\u043d\u0456 \u043d\u0430\u0432\u0430\u043d\u0442\u0430\u0436\u0443\u0432\u0430\u0447\u0456 (jezdniowe, \u043d\u0430\u0432\u0430\u043d\u0442\u0430\u0436\u0443\u0432\u0430\u0447\u0456) \u043f\u0440\u0438\u0437\u043d\u0430\u0447\u0435\u043d\u0438\u0439 \u0434\u043b\u044f \u043b\u044e\u0434\u0435\u0439, \u044f\u043a\u0456 \u0448\u0443\u043a\u0430\u044e\u0442\u044c \u0440\u043e\u0431\u043e\u0442\u0443 \u043e\u043f\u0435\u0440\u0430\u0442\u043e\u0440\u0456\u0432 \u0446\u0438\u0445 \u043f\u0440\u0438\u0441\u0442\u0440\u043e\u0457\u0432. \u0423 \u043d\u0430\u0448 \u0447\u0430\u0441 \u043f\u043e\u043f\u0438\u0442 \u043d\u0430 \u043b\u044e\u0434\u0435\u0439 \u0437 \u043f\u0440\u0430\u0432\u0430\u043c\u0438 \u043d\u0430\u0432\u0430\u043d\u0442\u0430\u0436\u0443\u0432\u0430\u0447\u0430 \u043f\u043e\u0441\u0442\u0456\u0439\u043d\u043e \u0437\u0440\u043e\u0441\u0442\u0430\u0454, \u0442\u043e\u043c\u0443, \u0441\u043a\u043e\u0440\u0438\u0441\u0442\u0430\u0432\u0448\u0438\u0441\u044c \u043c\u043e\u0436\u043b\u0438\u0432\u0456\u0441\u0442\u044e <a href=\"https:\/\/szkolenia-udt.pl\/ua\/oferta\/\">\u043d\u0430\u0448\u0430 \u043f\u0440\u043e\u043f\u043e\u0437\u0438\u0446\u0456\u044f<\/a> \u0446\u0435 \u0434\u0430\u043b\u0435\u043a\u043e\u0433\u043b\u044f\u0434\u043d\u0435 \u0440\u0456\u0448\u0435\u043d\u043d\u044f.<\/p>\n<p>\u041a\u0443\u0440\u0441\u0438 \u0434\u043b\u044f \u043d\u0430\u0432\u0430\u043d\u0442\u0430\u0436\u0443\u0432\u0430\u0447\u0456\u0432 \u043f\u0440\u043e\u0432\u043e\u0434\u044f\u0442\u044c\u0441\u044f \u0437\u0430 3 \u043a\u0430\u0442\u0435\u0433\u043e\u0440\u0456\u044f\u043c\u0438.<\/p>\n<div class=\"filmw\">\n<div class=\"responsive-youtube\"><iframe loading=\"lazy\" title=\"\u0412\u0456\u0434\u0435\u043e\u043f\u043b\u0435\u0454\u0440 YouTube\" src=\"https:\/\/www.youtube.com\/embed\/lBt7_7QgUVU\" width=\"560\" height=\"315\" frameborder=\"0\" allowfullscreen=\"allowfullscreen\"><\/iframe><\/div>\n<\/div>\n<h2 class=\"boldnagl\">\u041c\u0438 \u0432\u0438\u0434\u0430\u0454\u043c\u043e \u043b\u0456\u0446\u0435\u043d\u0437\u0456\u0457 \u043d\u0430 \u043d\u0430\u0432\u0430\u043d\u0442\u0430\u0436\u0443\u0432\u0430\u0447 \u043d\u0430\u0441\u0442\u0443\u043f\u043d\u0438\u0445 \u043a\u0430\u0442\u0435\u0433\u043e\u0440\u0456\u0439:<\/h2>\n<ul>\n<li>III WJO - \u043f\u0440\u0430\u0432\u043e \u043d\u0430 \u043e\u0431\u0441\u043b\u0443\u0433\u043e\u0432\u0443\u0432\u0430\u043d\u043d\u044f <a href=\"https:\/\/szkolenia-udt.pl\/ua\/kursy\/wozki-widlowe\/budowa-wozka-jezdniowego\/\">\u043f\u0440\u043e\u043c\u0438\u0441\u043b\u043e\u0432\u0456 \u0432\u0430\u043d\u0442\u0430\u0436\u0456\u0432\u043a\u0438<\/a> \u043b\u0456\u0444\u0442\u0438 \u0437 \u043d\u0430\u0432\u0435\u0434\u0435\u043d\u043d\u044f\u043c \u0456 \u0434\u0438\u0441\u0442\u0430\u043d\u0446\u0456\u0439\u043d\u0438\u043c \u043a\u0435\u0440\u0443\u0432\u0430\u043d\u043d\u044f\u043c<\/li>\n<li>II WJO - \u0434\u043e\u0437\u0432\u043e\u043b\u044f\u0454 \u0435\u043a\u0441\u043f\u043b\u0443\u0430\u0442\u0443\u0432\u0430\u0442\u0438 \u043d\u0430\u0432\u0430\u043d\u0442\u0430\u0436\u0443\u0432\u0430\u0447\u0456, \u0437\u0430 \u0432\u0438\u043d\u044f\u0442\u043a\u043e\u043c \u0441\u043f\u0435\u0446\u0456\u0430\u043b\u0456\u0437\u043e\u0432\u0430\u043d\u0438\u0445 \u043f\u0440\u0438\u0441\u0442\u0440\u043e\u0457\u0432<\/li>\n<li>I WJO - \u0434\u043e\u043f\u0443\u0441\u043a \u0434\u043e \u0435\u043a\u0441\u043f\u043b\u0443\u0430\u0442\u0430\u0446\u0456\u0457 \u0430\u0432\u0442\u043e\u043d\u0430\u0432\u0430\u043d\u0442\u0430\u0436\u0443\u0432\u0430\u0447\u0456\u0432, \u0432 \u0442\u043e\u043c\u0443 \u0447\u0438\u0441\u043b\u0456 \u0441\u043f\u0435\u0446\u0456\u0430\u043b\u0456\u0437\u043e\u0432\u0430\u043d\u0438\u0445: \u0437 \u043f\u0456\u0434\u0439\u043e\u043c\u043e\u043c \u043e\u043f\u0435\u0440\u0430\u0442\u043e\u0440\u0430 \u0437 \u0432\u0430\u043d\u0442\u0430\u0436\u0435\u043c \u0456 \u0437\u0456 \u0437\u043c\u0456\u043d\u043d\u0438\u043c \u0432\u0438\u043b\u044c\u043e\u0442\u043e\u043c<\/li>\n<\/ul>\n<p>\u042f\u043a\u0449\u043e \u0432\u0438 \u0445\u043e\u0447\u0435\u0442\u0435 \u043a\u0435\u0440\u0443\u0432\u0430\u0442\u0438 \u043d\u0430\u0432\u0430\u043d\u0442\u0430\u0436\u0443\u0432\u0430\u0447\u0430\u043c\u0438, \u043e\u0431\u043e\u0432\u2019\u044f\u0437\u043a\u043e\u0432\u043e \u043f\u0440\u043e\u0439\u0434\u0456\u0442\u044c \u043a\u0443\u0440\u0441. \u0417\u0430\u0432\u0434\u044f\u043a\u0438 \u043d\u044c\u043e\u043c\u0443 \u0432\u0438 \u043e\u0442\u0440\u0438\u043c\u0430\u0454\u0442\u0435 \u0432\u0441\u0456 \u043e\u0441\u043d\u043e\u0432\u043d\u0456 \u0442\u0435\u043e\u0440\u0435\u0442\u0438\u0447\u043d\u0456 \u0432\u0456\u0434\u043e\u043c\u043e\u0441\u0442\u0456 \u0442\u0430 \u0434\u043e\u0434\u0430\u0442\u043a\u043e\u0432\u043e \u0432\u0456\u0437\u044c\u043c\u0435\u0442\u0435 \u0443\u0447\u0430\u0441\u0442\u044c \u0443 \u043f\u0440\u0430\u043a\u0442\u0438\u0447\u043d\u0438\u0445 \u0437\u0430\u043d\u044f\u0442\u0442\u044f\u0445 \u043d\u0430 \u043f\u0440\u0438\u0441\u0442\u0440\u043e\u044f\u0445, \u044f\u043a\u0456 \u0437\u0430\u0437\u0432\u0438\u0447\u0430\u0439 \u0432\u0438\u043a\u043e\u0440\u0438\u0441\u0442\u043e\u0432\u0443\u044e\u0442\u044c\u0441\u044f \u0432 \u0432\u0430\u043d\u0442\u0430\u0436\u043d\u043e-\u0440\u043e\u0437\u0432\u0430\u043d\u0442\u0430\u0436\u0443\u0432\u0430\u043b\u044c\u043d\u0438\u0445 \u0440\u043e\u0431\u043e\u0442\u0430\u0445.<\/p>\n<h2 class=\"boldnagl\">\u041a\u043e\u0436\u0435\u043d \u043a\u0443\u0440\u0441 \u043d\u0430\u0432\u0430\u043d\u0442\u0430\u0436\u0443\u0432\u0430\u0447\u0430 \u043e\u0445\u043e\u043f\u043b\u044e\u0454 \u0442\u0430\u043a\u0456 \u0442\u0435\u043c\u0438:<\/h2>\n<ul>\n<li>\u0442\u0438\u043f\u0438 \u0442\u0430 \u043a\u043e\u043d\u0441\u0442\u0440\u0443\u043a\u0446\u0456\u0457 \u043f\u0440\u0438\u043b\u0430\u0434\u0456\u0432<\/li>\n<li>\u0434\u0456\u044f\u043b\u044c\u043d\u0456\u0441\u0442\u044c \u043e\u043f\u0435\u0440\u0430\u0442\u043e\u0440\u0430 \u0434\u043e \u0456 \u043f\u0456\u0441\u043b\u044f \u0440\u043e\u0431\u043e\u0442\u0438<\/li>\n<li>\u0434\u0456\u0457 \u043e\u043f\u0435\u0440\u0430\u0442\u043e\u0440\u0430 \u043f\u0456\u0434 \u0447\u0430\u0441 \u0440\u043e\u0431\u043e\u0442\u0438<\/li>\n<li>\u043f\u043e\u0432\u0456\u0434\u043e\u043c\u043b\u0435\u043d\u043d\u044f \u043f\u0440\u043e \u043f\u0435\u0440\u0435\u0432\u0435\u0437\u0435\u043d\u043d\u044f \u0432\u0430\u043d\u0442\u0430\u0436\u0456\u0432<\/li>\n<li>\u0442\u0435\u0445\u043d\u0456\u0447\u043d\u0438\u0439 \u043d\u0430\u0433\u043b\u044f\u0434<\/li>\n<li>\u043f\u0440\u0430\u0432\u0438\u043b\u0430 \u0437\u0430\u043c\u0456\u043d\u0438 \u0433\u0430\u0437\u043e\u0432\u0438\u0445 \u0431\u0430\u043b\u043e\u043d\u0456\u0432<\/li>\n<li>\u043f\u0440\u0430\u043a\u0442\u0438\u0447\u043d\u0456 \u0437\u0430\u043d\u044f\u0442\u0442\u044f<\/li>\n<\/ul>\n<div style=\"width: 640px;\" class=\"wp-video\"><video id=\"video-33-1\" width=\"640\" height=\"360\" poster=\"https:\/\/szkolenia-udt.pl\/wp-content\/uploads\/2023\/03\/okladka-wozek-widlowy-OSO.jpg\" preload=\"metadata\" controls=\"controls\"><source type=\"video\/mp4\" src=\"https:\/\/szkolenia-udt.pl\/wp-content\/uploads\/2023\/03\/wozki-widlowe-SZKOLENIA-UDT.PL-OSO.mp4?_=1\" \/><a href=\"https:\/\/szkolenia-udt.pl\/wp-content\/uploads\/2023\/03\/wozki-widlowe-SZKOLENIA-UDT.PL-OSO.mp4\">https:\/\/szkolenia-udt.pl\/wp-content\/uploads\/2023\/03\/wozki-widlowe-SZKOLENIA-UDT.PL-OSO.mp4<\/a><\/video><\/div>\n<h2 class=\"boldnagl\">\u0412\u0438\u043c\u043e\u0433\u0438<\/h2>\n<p>\u0414\u043b\u044f \u0437\u0430\u043f\u0438\u0441\u0443 \u043d\u0430 \u0437\u0430\u043d\u044f\u0442\u0442\u044f \u043d\u0435\u043e\u0431\u0445\u0456\u0434\u043d\u043e \u0432\u0438\u043a\u043e\u043d\u0430\u0442\u0438 \u043d\u0430\u0441\u0442\u0443\u043f\u043d\u0456 \u0432\u0438\u043c\u043e\u0433\u0438:<\/p>\n<ul>\n<li>18 \u0440\u043e\u043a\u0456\u0432 \u0456 \u0441\u0442\u0430\u0440\u0448\u0435<\/li>\n<li>\u0445\u043e\u0447\u0430 \u0431 \u043f\u043e\u0447\u0430\u0442\u043a\u043e\u0432\u0443 \u043e\u0441\u0432\u0456\u0442\u0443<\/li>\n<li>\u0432\u0456\u0434\u0441\u0443\u0442\u043d\u0456\u0441\u0442\u044c \u043f\u0440\u043e\u0442\u0438\u043f\u043e\u043a\u0430\u0437\u0430\u043d\u044c \u0434\u043e \u0440\u043e\u0431\u043e\u0442\u0438 \u043d\u0430 \u043f\u043e\u0441\u0430\u0434\u0456<\/li>\n<\/ul>\n<h2 class=\"boldnagl\">\u0426\u0456\u043d\u0430<\/h2>\n<p>\u042f\u043a\u0449\u043e \u0432\u0438 \u0445\u043e\u0447\u0435\u0442\u0435 \u043f\u0440\u043e\u0439\u0442\u0438 \u043a\u0443\u0440\u0441\u0438 \u043d\u0430\u0432\u0430\u043d\u0442\u0430\u0436\u0443\u0432\u0430\u0447\u0430 \u0432 \u043d\u0430\u0448\u043e\u043c\u0443 \u0426\u0435\u043d\u0442\u0440\u0456, \u0432\u0430\u043c \u043d\u0435 \u0434\u043e\u0432\u0435\u0434\u0435\u0442\u044c\u0441\u044f \u0442\u0443\u0440\u0431\u0443\u0432\u0430\u0442\u0438\u0441\u044f \u043f\u0440\u043e \u0432\u0438\u0441\u043e\u043a\u0443 \u043f\u043b\u0430\u0442\u0443. \u041d\u0430\u0441 \u0432\u0456\u0434\u0440\u0456\u0437\u043d\u044f\u044e\u0442\u044c \u0432\u0438\u0433\u0456\u0434\u043d\u0456 \u0446\u0456\u043d\u0438 \u0442\u0430 \u0434\u043e\u0434\u0430\u0442\u043a\u043e\u0432\u0456 \u0437\u043d\u0438\u0436\u043a\u0438 \u0434\u043b\u044f \u0442\u0438\u0445, \u0445\u0442\u043e \u0445\u043e\u0447\u0435 \u043e\u0442\u0440\u0438\u043c\u0430\u0442\u0438 \u043b\u0456\u0446\u0435\u043d\u0437\u0456\u044e \u043d\u0430 \u043d\u0430\u0432\u0430\u043d\u0442\u0430\u0436\u0443\u0432\u0430\u0447 \u0431\u0435\u0437 \u0437\u043d\u0430\u0447\u043d\u0438\u0445 \u0432\u0438\u0442\u0440\u0430\u0442. \u0423 \u0432\u0430\u0440\u0442\u0456\u0441\u0442\u044c \u0432\u0436\u0435 \u0432\u0445\u043e\u0434\u0438\u0442\u044c \u043f\u043b\u0430\u0442\u0430 \u0437\u0430 \u0456\u0441\u043f\u0438\u0442 \u0442\u0430 \u0432\u0438\u0434\u0430\u0447\u0443 \u0441\u0435\u0440\u0442\u0438\u0444\u0456\u043a\u0430\u0442\u0430 \u043f\u0440\u043e \u0437\u0430\u043a\u0456\u043d\u0447\u0435\u043d\u043d\u044f \u043d\u0430\u0432\u0447\u0430\u043d\u043d\u044f. \u0411\u0443\u0434\u044c \u043b\u0430\u0441\u043a\u0430, \u0432\u0456\u0434\u0432\u0456\u0434\u0430\u0439\u0442\u0435 \u0440\u043e\u0437\u0434\u0456\u043b \u043f\u0440\u0430\u0439\u0441-\u043b\u0438\u0441\u0442\u0430, \u0449\u043e\u0431 \u043f\u0435\u0440\u0435\u0432\u0456\u0440\u0438\u0442\u0438 \u043f\u043e\u0442\u043e\u0447\u043d\u0456 \u043a\u043e\u043c\u0456\u0441\u0456\u0457.<\/p>\n<h2 class=\"boldnagl\">\u0414\u0435 \u043c\u0438 \u043f\u0440\u0430\u0446\u044e\u0454\u043c\u043e?<\/h2>\n<div class=\"sliderpageright\"><div id=\"metaslider-id-403\" style=\"max-width: 300px;\" class=\"ml-slider-3-109-0 metaslider metaslider-flex metaslider-403 ml-slider ms-theme-default nav-hidden nav-hidden\" role=\"region\" aria-label=\"\u0412\u0438\u043b\u043e\u0447\u043d\u0456 \u043d\u0430\u0432\u0430\u043d\u0442\u0430\u0436\u0443\u0432\u0430\u0447\u04562\" data-height=\"225\" data-width=\"300\">\n    <div id=\"metaslider_container_403\">\n        <div id=\"metaslider_403\">\n            <ul class='slides'>\n                <li style=\"display: block; width: 100%;\" class=\"slide-580 ms-image\" aria-roledescription=\"slide\" data-date=\"2014-10-12 05:36:13\" data-filename=\"Kurs-W\u00f3zek-Wid\u0142owy.jpg\" data-slide-type=\"image\"><img loading=\"lazy\" decoding=\"async\" src=\"https:\/\/szkolenia-udt.pl\/wp-content\/uploads\/2014\/10\/Kurs-W\u00f3zek-Wid\u0142owy.jpg\" height=\"225\" width=\"300\" alt=\"\" class=\"slider-403 slide-580 msDefaultImage\" \/><\/li>\n                <li style=\"display: none; width: 100%;\" class=\"slide-579 ms-image\" aria-roledescription=\"slide\" data-date=\"2014-10-12 05:36:12\" data-filename=\"Szkolenie-W\u00f3zki-wid\u0142owe.jpg\" data-slide-type=\"image\"><img loading=\"lazy\" decoding=\"async\" src=\"https:\/\/szkolenia-udt.pl\/wp-content\/uploads\/2014\/10\/Szkolenie-W\u00f3zki-wid\u0142owe.jpg\" height=\"225\" width=\"300\" alt=\"\u041d\u0430\u0432\u0447\u0430\u043d\u043d\u044f \u043d\u0430\u0432\u0430\u043d\u0442\u0430\u0436\u0443\u0432\u0430\u0447\u0443\" class=\"slider-403 slide-579 msDefaultImage\" \/><\/li>\n                <li style=\"display: none; width: 100%;\" class=\"slide-583 ms-image\" aria-roledescription=\"slide\" data-date=\"2014-10-12 05:36:15\" data-filename=\"Szkolenia-\u0141adowarka-teleskopowa.jpg\" data-slide-type=\"image\"><img loading=\"lazy\" decoding=\"async\" src=\"https:\/\/szkolenia-udt.pl\/wp-content\/uploads\/2014\/10\/Szkolenia-\u0141adowarka-teleskopowa.jpg\" height=\"225\" width=\"300\" alt=\"\" class=\"slider-403 slide-583 msDefaultImage\" \/><\/li>\n                <li style=\"display: none; width: 100%;\" class=\"slide-594 ms-image\" aria-roledescription=\"slide\" data-date=\"2014-10-12 05:43:43\" data-filename=\"Szkolenia-w\u00f3zki-wid\u0142owe1.jpg\" data-slide-type=\"image\"><img loading=\"lazy\" decoding=\"async\" src=\"https:\/\/szkolenia-udt.pl\/wp-content\/uploads\/2014\/10\/Szkolenia-w\u00f3zki-wid\u0142owe1.jpg\" height=\"225\" width=\"300\" alt=\"\" class=\"slider-403 slide-594 msDefaultImage\" \/><\/li>\n                <li style=\"display: none; width: 100%;\" class=\"slide-1206 ms-image\" aria-roledescription=\"slide\" data-date=\"2014-11-17 21:31:18\" data-filename=\"wozki4a.jpg\" data-slide-type=\"image\"><img loading=\"lazy\" decoding=\"async\" src=\"https:\/\/szkolenia-udt.pl\/wp-content\/uploads\/2014\/11\/wozki4a.jpg\" height=\"225\" width=\"300\" alt=\"\" class=\"slider-403 slide-1206 msDefaultImage\" \/><\/li>\n            <\/ul>\n        <\/div>\n        \n    <\/div>\n<\/div><\/div>\n<p>\u041d\u0430\u0448\u0430 \u0433\u043e\u043b\u043e\u0432\u043d\u0430 \u0444\u0456\u043b\u0456\u044f \u2013 \u0412\u0430\u0440\u0448\u0430\u0432\u0430 \u2013 \u0441\u0430\u043c\u0435 \u0442\u0443\u0442 \u0432\u0438 \u043c\u043e\u0436\u0435\u0442\u0435 \u0441\u043a\u043e\u0440\u0438\u0441\u0442\u0430\u0442\u0438\u0441\u044f \u043d\u0430\u0448\u0438\u043c\u0438 \u043f\u043e\u0441\u043b\u0443\u0433\u0430\u043c\u0438 \u043d\u0430\u0432\u0447\u0430\u043d\u043d\u044f \u0432 \u043f\u043e\u0432\u043d\u0456\u0441\u0442\u044e \u043e\u0431\u043b\u0430\u0434\u043d\u0430\u043d\u0438\u0445 \u043a\u0456\u043c\u043d\u0430\u0442\u0430\u0445. \u041a\u0440\u0456\u043c \u0442\u043e\u0433\u043e, \u043c\u0438 \u043f\u0440\u043e\u0432\u043e\u0434\u0438\u043c\u043e \u043a\u0443\u0440\u0441\u0438 \u0434\u043b\u044f \u043d\u0430\u0432\u0430\u043d\u0442\u0430\u0436\u0443\u0432\u0430\u0447\u0456\u0432 \u0443 \u043d\u0430\u0448\u0438\u0445 \u043c\u0456\u0441\u0446\u0435\u0432\u0438\u0445 \u0444\u0456\u043b\u0456\u044f\u0445 \u0443 \u041a\u0430\u0442\u043e\u0432\u0456\u0446\u0435, \u041a\u0440\u0430\u043a\u043e\u0432\u0456 \u0442\u0430 \u0411\u0435\u043b\u044c\u0441\u044c\u043a\u043e-\u0411\u044f\u043b\u0456. \u0423 \u0432\u0438\u043f\u0430\u0434\u043a\u0443 \u043d\u0430\u0432\u0447\u0430\u043d\u043d\u044f \u043e\u0440\u0433\u0430\u043d\u0456\u0437\u043e\u0432\u0430\u043d\u0438\u0445 \u0433\u0440\u0443\u043f \u043c\u0438 \u0442\u0430\u043a\u043e\u0436 \u043c\u043e\u0436\u0435\u043c\u043e \u043e\u0445\u043e\u043f\u0438\u0442\u0438 \u043a\u043b\u0456\u0454\u043d\u0442\u0456\u0432 \u043f\u043e \u0432\u0441\u0456\u0439 \u041f\u043e\u043b\u044c\u0449\u0456.<\/p>\n<p>\u042f\u043a\u0449\u043e \u0432\u0438 \u0437\u0431\u0438\u0440\u0430\u0454\u0442\u0435\u0441\u044f \u043a\u0435\u0440\u0443\u0432\u0430\u0442\u0438 \u043d\u0430\u0432\u0430\u043d\u0442\u0430\u0436\u0443\u0432\u0430\u0447\u0435\u043c, \u043a\u0443\u0440\u0441 OSO \u0454 \u043d\u0430\u0439\u043a\u0440\u0430\u0449\u043e\u044e \u0456\u043d\u0432\u0435\u0441\u0442\u0438\u0446\u0456\u0454\u044e \u0434\u043b\u044f \u0432\u0430\u0441 - \u043f\u0435\u0440\u0435\u0432\u0456\u0440\u0442\u0435 \u0434\u043e\u0441\u0442\u0443\u043f\u043d\u0456 \u0434\u0430\u0442\u0438 \u0437\u0430\u0440\u0430\u0437 \u0430\u0431\u043e <a href=\"https:\/\/szkolenia-udt.pl\/ua\/kontakt\/\">\u0437\u0432&#039;\u044f\u0436\u0456\u0442\u044c\u0441\u044f \u0437 \u043d\u0430\u043c\u0438<\/a> \u043e\u0431\u0433\u043e\u0432\u043e\u0440\u0438\u0442\u0438 \u0434\u0435\u0442\u0430\u043b\u0456 \u043f\u0440\u043e\u0432\u0435\u0434\u0435\u043d\u043d\u044f \u0437\u0430\u043a\u0440\u0438\u0442\u0438\u0445 \u0437\u0430\u043d\u044f\u0442\u044c. \u0417\u0430\u043f\u0440\u043e\u0448\u0443\u0454\u043c\u043e!<\/p>\n<\/div>","protected":false},"excerpt":{"rendered":"<p>Kurs na w\u00f3zki wid\u0142owe &#8211; Warszawa i ca\u0142a Polska Zapraszamy na kursy na w\u00f3zki wid\u0142owe do O\u015brodka Szkolenia Operator\u00f3w! Je\u017celi chcesz uzyska\u0107 uprawnienia na w\u00f3zki wid\u0142owe, z nami mo\u017cesz otrzyma\u0107 je zawsze w niskiej cenie \u2013 mamy wieloletnie do\u015bwiadczenie w prowadzeniu zaj\u0119\u0107 tego typu i z naszych us\u0142ug skorzysta\u0142o ju\u017c tysi\u0105ce os\u00f3b na terenie ca\u0142ej [&hellip;]<\/p>\n","protected":false},"author":3,"featured_media":400,"parent":22,"menu_order":0,"comment_status":"closed","ping_status":"closed","template":"","meta":{"footnotes":""},"class_list":["post-33","page","type-page","status-publish","has-post-thumbnail","hentry"],"aioseo_notices":[],"_links":{"self":[{"href":"https:\/\/szkolenia-udt.pl\/ua\/wp-json\/wp\/v2\/pages\/33","targetHints":{"allow":["GET"]}}],"collection":[{"href":"https:\/\/szkolenia-udt.pl\/ua\/wp-json\/wp\/v2\/pages"}],"about":[{"href":"https:\/\/szkolenia-udt.pl\/ua\/wp-json\/wp\/v2\/types\/page"}],"author":[{"embeddable":true,"href":"https:\/\/szkolenia-udt.pl\/ua\/wp-json\/wp\/v2\/users\/3"}],"replies":[{"embeddable":true,"href":"https:\/\/szkolenia-udt.pl\/ua\/wp-json\/wp\/v2\/comments?post=33"}],"version-history":[{"count":21,"href":"https:\/\/szkolenia-udt.pl\/ua\/wp-json\/wp\/v2\/pages\/33\/revisions"}],"predecessor-version":[{"id":5632,"href":"https:\/\/szkolenia-udt.pl\/ua\/wp-json\/wp\/v2\/pages\/33\/revisions\/5632"}],"up":[{"embeddable":true,"href":"https:\/\/szkolenia-udt.pl\/ua\/wp-json\/wp\/v2\/pages\/22"}],"wp:featuredmedia":[{"embeddable":true,"href":"https:\/\/szkolenia-udt.pl\/ua\/wp-json\/wp\/v2\/media\/400"}],"wp:attachment":[{"href":"https:\/\/szkolenia-udt.pl\/ua\/wp-json\/wp\/v2\/media?parent=33"}],"curies":[{"name":"wp","href":"https:\/\/api.w.org\/{rel}","templated":true}]}}