{"id":3448,"date":"2023-01-13T15:33:01","date_gmt":"2023-01-13T14:33:01","guid":{"rendered":"https:\/\/szkolenia-udt.pl\/?page_id=3448"},"modified":"2023-01-14T00:05:36","modified_gmt":"2023-01-13T23:05:36","slug":"%d0%ba%d0%be%d0%bd%d1%82%d1%80%d0%be%d0%bb%d1%8c%d0%bd%d0%be-%d0%b2%d0%b8%d0%bc%d1%96%d1%80%d1%8e%d0%b2%d0%b0%d0%bb%d1%8c%d0%bd%d1%96-%d1%80%d0%be%d0%b1%d0%be%d1%82%d0%b8","status":"publish","type":"page","link":"https:\/\/szkolenia-udt.pl\/ua\/kursy\/sep-g1-g2-g3\/prace-kontrolno-pomiarowe\/","title":{"rendered":"\u041f\u0456\u0434\u0433\u043e\u0442\u043e\u0432\u043a\u0430 \u043a\u0430\u0434\u0440\u0456\u0432 \u0434\u043b\u044f \u043f\u0440\u043e\u0432\u0435\u0434\u0435\u043d\u043d\u044f \u0456\u043d\u0441\u043f\u0435\u043a\u0446\u0456\u0439\u043d\u0438\u0445 \u0442\u0430 \u0432\u0438\u043c\u0456\u0440\u044e\u0432\u0430\u043b\u044c\u043d\u0438\u0445 \u0440\u043e\u0431\u0456\u0442"},"content":{"rendered":"<p><a href=\"https:\/\/szkolenia-udt.pl\/wp-content\/uploads\/2023\/01\/1.jpeg\"><img loading=\"lazy\" decoding=\"async\" class=\"aligncenter wp-image-3453 size-large\" src=\"https:\/\/szkolenia-udt.pl\/wp-content\/uploads\/2023\/01\/1-1024x666.jpeg\" alt=\"prace kontrolno-pomiarowe\" width=\"750\" height=\"488\" srcset=\"https:\/\/szkolenia-udt.pl\/wp-content\/uploads\/2023\/01\/1-1024x666.jpeg 1024w, https:\/\/szkolenia-udt.pl\/wp-content\/uploads\/2023\/01\/1-300x195.jpeg 300w, https:\/\/szkolenia-udt.pl\/wp-content\/uploads\/2023\/01\/1-768x499.jpeg 768w, https:\/\/szkolenia-udt.pl\/wp-content\/uploads\/2023\/01\/1-1536x998.jpeg 1536w, https:\/\/szkolenia-udt.pl\/wp-content\/uploads\/2023\/01\/1-18x12.jpeg 18w, https:\/\/szkolenia-udt.pl\/wp-content\/uploads\/2023\/01\/1.jpeg 1600w\" sizes=\"auto, (max-width: 750px) 100vw, 750px\" \/><\/a><\/p>\r\n<p>Firma \u201cOSO\u201d zajmuje si\u0119 szkoleniami z zakresu prac pomiarowo-kontrolnych i nie tylko. Celem naszego o\u015brodka jest przekazanie niezb\u0119dnej wiedzy do przeprowadzania prac w dziedzinie energetycznej. Na szkoleniu zapoznasz si\u0119 z sposobami wykonywania pomiar\u00f3w przy instalacjach elektroenergetycznych i nie tylko. Dzi\u0119ki nam zdob\u0119dziesz nowe kwalifikacj\u0119 i rozszerzysz swoje umiej\u0119tno\u015bci.<\/p>\r\n<h2><strong>Program szkolenia<\/strong><\/h2>\r\n<p>W naszym <a href=\"https:\/\/szkolenia-udt.pl\/ua\/o-firmie\/\">o\u015brodku<\/a> zapoznasz si\u0119 z najwa\u017cniejszymi zagadnieniami, potrzebnymi do wykonywania zawodu elektryka. Program kursu zawiera cz\u0119\u015b\u0107 teoretyczn\u0105, kt\u00f3ra p\u00f3\u017aniej jest wykorzystywana w zadaniach praktycznych. Zaj\u0119cie prowadzone s\u0105 w oparciu o wykorzystywanie zaawansowanych urz\u0105dze\u0144 pomiarowych. Ka\u017cdy wykonany pomiar ko\u0144czy si\u0119 przygotowaniem protoko\u0142u z wnioskami.<\/p>\r\n<p><strong>Celem szkolenia jest przygotowanie kursanta do zdania pozytywnie egzaminu kwalifikacyjnego w zakresie eksploatacji i dozoru.<\/strong><\/p>\r\n<h3><strong>G\u0142\u00f3wne zagadnienia do egzaminu z <u>dozoru<\/u> to m.in.:<\/strong><\/h3>\r\n<ul>\r\n<li><a href=\"https:\/\/szkolenia-udt.pl\/wp-content\/uploads\/2023\/01\/3.jpeg\"><img loading=\"lazy\" decoding=\"async\" class=\"alignright wp-image-3455\" src=\"https:\/\/szkolenia-udt.pl\/wp-content\/uploads\/2023\/01\/3-300x200.jpeg\" alt=\"miarka instalacji elektroenergetycznej.\" width=\"350\" height=\"233\" srcset=\"https:\/\/szkolenia-udt.pl\/wp-content\/uploads\/2023\/01\/3-300x200.jpeg 300w, https:\/\/szkolenia-udt.pl\/wp-content\/uploads\/2023\/01\/3-1024x683.jpeg 1024w, https:\/\/szkolenia-udt.pl\/wp-content\/uploads\/2023\/01\/3-768x512.jpeg 768w, https:\/\/szkolenia-udt.pl\/wp-content\/uploads\/2023\/01\/3-1536x1024.jpeg 1536w, https:\/\/szkolenia-udt.pl\/wp-content\/uploads\/2023\/01\/3-18x12.jpeg 18w, https:\/\/szkolenia-udt.pl\/wp-content\/uploads\/2023\/01\/3.jpeg 1600w\" sizes=\"auto, (max-width: 350px) 100vw, 350px\" \/><\/a>zasady post\u0119powania w razie awarii, po\u017caru b\u0105d\u017a innego zagro\u017cenia<\/li>\r\n<li>przepisy dotycz\u0105ce bezpiecze\u0144stwa, higieny oraz ochrony podczas pracy<\/li>\r\n<li>zasady post\u0119powania przy programowaniu urz\u0105dze\u0144, instalacji i sieci z uwzgl\u0119dnieniem u\u017cytku paliwa i energii<\/li>\r\n<li>przepisy dotycz\u0105ce przy\u0142\u0105czania urz\u0105dze\u0144 i instalacji do sieci<\/li>\r\n<li>przepisy dotycz\u0105ce budowy, instalacji i sieci urz\u0105dze\u0144 pomiarowych<\/li>\r\n<li>zasady dysponowania urz\u0105dzenia przy\u0142\u0105czonego do sieci<\/li>\r\n<li>zasady i warunki wykonywania prac kontrolno-pomiarowych i monta\u017cowych.<\/li>\r\n<\/ul>\r\n<h3><strong>G\u0142\u00f3wne tematy poruszane do zdania egzaminu z <u>eksploatacji<\/u> to m.in.:<\/strong><\/h3>\r\n<ul>\r\n<li>zasady wykonywania prac kontrolno-pomiarowych<\/li>\r\n<li>zasady budowy urz\u0105dze\u0144, sieci i instalacji<\/li>\r\n<li>instrukcja postepowania w razie zagro\u017cenia<\/li>\r\n<li>zasady i instrukcje eksploatacji<\/li>\r\n<li>zasady bezpiecze\u0144stwa pracy i ochrony.<\/li>\r\n<\/ul>\r\n<h2><strong>Praca po kursie<\/strong><\/h2>\r\n<p><a href=\"https:\/\/szkolenia-udt.pl\/wp-content\/uploads\/2023\/01\/2.jpeg\"><img loading=\"lazy\" decoding=\"async\" class=\"alignright wp-image-3454\" src=\"https:\/\/szkolenia-udt.pl\/wp-content\/uploads\/2023\/01\/2-300x200.jpeg\" alt=\"elektryk sprawdza napi\u0119cie w w\u0142\u0105czniku \u015bwiat\u0142a.\" width=\"350\" height=\"233\" srcset=\"https:\/\/szkolenia-udt.pl\/wp-content\/uploads\/2023\/01\/2-300x200.jpeg 300w, https:\/\/szkolenia-udt.pl\/wp-content\/uploads\/2023\/01\/2-1024x683.jpeg 1024w, https:\/\/szkolenia-udt.pl\/wp-content\/uploads\/2023\/01\/2-768x512.jpeg 768w, https:\/\/szkolenia-udt.pl\/wp-content\/uploads\/2023\/01\/2-1536x1024.jpeg 1536w, https:\/\/szkolenia-udt.pl\/wp-content\/uploads\/2023\/01\/2-18x12.jpeg 18w, https:\/\/szkolenia-udt.pl\/wp-content\/uploads\/2023\/01\/2.jpeg 1600w\" sizes=\"auto, (max-width: 350px) 100vw, 350px\" \/><\/a>Po uko\u0144czonym kursie, b\u0119dziesz m\u00f3g\u0142 wykonywa\u0107 m.in.:<\/p>\r\n<ul>\r\n<li>badania wy\u0142\u0105cznik\u00f3w r\u00f3\u017cnicowopr\u0105dowych<\/li>\r\n<li>pomiary rezystancji uziemie\u0144<\/li>\r\n<li>pomiary instalacji odgromowych<\/li>\r\n<li>pomiary rezystancji kabli<\/li>\r\n<li>pomiary nat\u0119\u017cenia o\u015bwietlenia<\/li>\r\n<li>pomiary impedancji p\u0119tli zwarcia.<\/li>\r\n<\/ul>\r\n<h2><strong>Kto mo\u017ce przyst\u0105pi\u0107 do szkolenia?<\/strong><\/h2>\r\n<p>Aby wzi\u0105\u0107 udzia\u0142 w szkoleniu kontrolno-pomiarowym, nie jest wymagane wykszta\u0142cenie zawodowe. Od kursanta jest wymagana pe\u0142noletno\u015b\u0107, wykszta\u0142cenie minimum podstawowe i orzeczenie lekarskie, w kt\u00f3rym nie ma \u017cadnych przeciwskaza\u0144 do wykonywania pracy. Dodatkowo mo\u017cna do\u0142\u0105czy\u0107 dokumenty potwierdzaj\u0105ce posiadany zakres wiedzy w dziedzinie elektroenergetycznej.<\/p>\r\n<h2><strong>Egzamin<\/strong><\/h2>\r\n<p>Po uko\u0144czeniu szkolenia z \u0142atwo\u015bci\u0105 podejdziesz do zdania pozytywnie egzaminu na uprawnienia do prac kontrolno-pomiarowych przy instalacjach elektroenergetycznych do 1kV. Do egzaminu mo\u017cna przyst\u0105pi\u0107 od razu po sko\u0144czonym szkoleniu. Test jest przeprowadzony przed Komisj\u0105 Kwalifikacyjn\u0105 w postaci ustnej, po kt\u00f3rym uzyska\u0107 mo\u017cna Pa\u0144stwowe \u015awiadectwo Kwalifikacji.<\/p>\r\n<h2><strong>Gdzie przeprowadzamy szkolenia?<\/strong><\/h2>\r\n<p>Nasze kursy i szkolenia s\u0105 przeprowadzane w ca\u0142ej Polsce. Siedziba firmy mie\u015bci si\u0119 w Warszawie, ale przeprowadzamy kursy na terenie ca\u0142ej Polski.<\/p>\r\n<p>Zapoznaj si\u0119 z innymi kursami i szkoleniami.<\/p>\r\n<p><strong><u>W swojej ofercie posiadamy takie szkolenia i kursy jak:<\/u><\/strong><\/p>\r\n<ul>\r\n<li><a href=\"https:\/\/szkolenia-udt.pl\/publikacje\/uprawnienia-sep\/\">kurs G1, G2, G3<\/a><\/li>\r\n<li><a href=\"https:\/\/szkolenia-udt.pl\/ua\/kursy\/wozki-widlowe\/\">szkolenie na operatora w\u00f3zka wid\u0142owego<\/a><\/li>\r\n<li>szkolenie na stanowisko malarz-piaskarz<\/li>\r\n<li><a href=\"https:\/\/szkolenia-udt.pl\/ua\/kursy\/prace-wysokosciowe\/prace-alpinistyczne-szkolenie-praktyczne\/\">kursy alpinistyczne<\/a>.<\/li>\r\n<\/ul>\r\n<h2>Pytania i odpowiedzi:<\/h2>\r\n\t\t<details\t\thelp class=\"sc_fs_faq sc_card    \"\n\t\t\t\t>\n\t\t\t\t\t<summary>\n\t\t\t\t<h3>Czy aby wzi\u0105\u0107 udzia\u0142 w szkoleniu na prace kontrolno-pomiarowe musz\u0119 by\u0107 elektrykiem?<\/h3>\t\t\t\t\t<\/summary>\n\t\t\t\t<div>\n\t\t\t\t\t\t<div class=\"sc_fs_faq__content\">\n\t\t\t\t\r\n\r\n\r\n<p>Nie, aby przyst\u0105pi\u0107 do szkolenia wystarczy posiada\u0107 wykszta\u0142cenie minimum podstawowe.<\/p>\r\n\t\t\t<\/div>\n\t\t<\/div>\n\t\t<\/details>\n\t\t\t\t<details\t\thelp class=\"sc_fs_faq sc_card    \"\n\t\t\t\t>\n\t\t\t\t\t<summary>\n\t\t\t\t<h3>Czy w ofercie szkoleniowej przygotowujecie kursant\u00f3w do post\u0119powania w wypadku po\u017caru?<\/h3>\t\t\t\t\t<\/summary>\n\t\t\t\t<div>\n\t\t\t\t\t\t<div class=\"sc_fs_faq__content\">\n\t\t\t\t\r\n\r\n\r\n<p>Tak, bezpiecze\u0144stwo podczas pracy jest najwa\u017cniejsze i przygotowujemy kursant\u00f3w do odpowiedniego post\u0119powania w razie wszelkich awarii, nawet po\u017caru.<\/p>\r\n\t\t\t<\/div>\n\t\t<\/div>\n\t\t<\/details>\n\t\t\t\t<details\t\thelp class=\"sc_fs_faq sc_card    \"\n\t\t\t\t>\n\t\t\t\t\t<summary>\n\t\t\t\t<h3>Czy w swojej ofercie macie kursy G1?<\/h3>\t\t\t\t\t<\/summary>\n\t\t\t\t<div>\n\t\t\t\t\t\t<div class=\"sc_fs_faq__content\">\n\t\t\t\t\r\n\r\n\r\n<p>Tak, posiadamy bardzo szeroka ofert\u0119 szkoleniow\u0105, s\u0105 w niej m.in. <a href=\"https:\/\/szkolenia-udt.pl\/publikacje\/uprawnienia-sep\/\">szkolenia G1, G2 i G3.<\/a><\/p>\r\n\t\t\t<\/div>\n\t\t<\/div>\n\t\t<\/details>\n\t\t\n<script type=\"application\/ld+json\">\n\t{\n\t\t\"@context\": \"https:\/\/schema.org\",\n\t\t\"@type\": \"FAQPage\",\n\t\t\"mainEntity\": [\n\t\t\t\t\t{\n\t\t\t\t\"@type\": \"Question\",\n\t\t\t\t\"name\": \"Czy aby wzi\u0105\u0107 udzia\u0142 w szkoleniu na prace kontrolno-pomiarowe musz\u0119 by\u0107 elektrykiem?\",\n\t\t\t\t\"acceptedAnswer\": {\n\t\t\t\t\t\"@type\": \"Answer\",\n\t\t\t\t\t\"text\": \"<p>Nie, aby przyst\u0105pi\u0107 do szkolenia wystarczy posiada\u0107 wykszta\u0142cenie minimum podstawowe.<\/p>\"\n\t\t\t\t\t\t\t\t\t}\n\t\t\t}\n\t\t\t,\t\t\t\t{\n\t\t\t\t\"@type\": \"Question\",\n\t\t\t\t\"name\": \"Czy w ofercie szkoleniowej przygotowujecie kursant\u00f3w do post\u0119powania w wypadku po\u017caru?\",\n\t\t\t\t\"acceptedAnswer\": {\n\t\t\t\t\t\"@type\": \"Answer\",\n\t\t\t\t\t\"text\": \"<p>Tak, bezpiecze\u0144stwo podczas pracy jest najwa\u017cniejsze i przygotowujemy kursant\u00f3w do odpowiedniego post\u0119powania w razie wszelkich awarii, nawet po\u017caru.<\/p>\"\n\t\t\t\t\t\t\t\t\t}\n\t\t\t}\n\t\t\t,\t\t\t\t{\n\t\t\t\t\"@type\": \"Question\",\n\t\t\t\t\"name\": \"Czy w swojej ofercie macie kursy G1?\",\n\t\t\t\t\"acceptedAnswer\": {\n\t\t\t\t\t\"@type\": \"Answer\",\n\t\t\t\t\t\"text\": \"<p>Tak, posiadamy bardzo szeroka ofert\u0119 szkoleniow\u0105, s\u0105 w niej m.in. <a>szkolenia G1, G2 i G3.<\/a><\/p>\"\n\t\t\t\t\t\t\t\t\t}\n\t\t\t}\n\t\t\t\t\t\t]\n\t}\n<\/script>\n","protected":false},"excerpt":{"rendered":"<p>Firma \u201cOSO\u201d zajmuje si\u0119 szkoleniami z zakresu prac pomiarowo-kontrolnych i nie tylko. Celem naszego o\u015brodka jest przekazanie niezb\u0119dnej wiedzy do przeprowadzania prac w dziedzinie energetycznej. Na szkoleniu zapoznasz si\u0119 z sposobami wykonywania pomiar\u00f3w przy instalacjach elektroenergetycznych i nie tylko. Dzi\u0119ki nam zdob\u0119dziesz nowe kwalifikacj\u0119 i rozszerzysz swoje umiej\u0119tno\u015bci. Program szkolenia W naszym o\u015brodku zapoznasz si\u0119 [&hellip;]<\/p>\n","protected":false},"author":10,"featured_media":3453,"parent":1895,"menu_order":0,"comment_status":"closed","ping_status":"closed","template":"","meta":{"footnotes":""},"class_list":["post-3448","page","type-page","status-publish","has-post-thumbnail","hentry"],"aioseo_notices":[],"_links":{"self":[{"href":"https:\/\/szkolenia-udt.pl\/ua\/wp-json\/wp\/v2\/pages\/3448","targetHints":{"allow":["GET"]}}],"collection":[{"href":"https:\/\/szkolenia-udt.pl\/ua\/wp-json\/wp\/v2\/pages"}],"about":[{"href":"https:\/\/szkolenia-udt.pl\/ua\/wp-json\/wp\/v2\/types\/page"}],"author":[{"embeddable":true,"href":"https:\/\/szkolenia-udt.pl\/ua\/wp-json\/wp\/v2\/users\/10"}],"replies":[{"embeddable":true,"href":"https:\/\/szkolenia-udt.pl\/ua\/wp-json\/wp\/v2\/comments?post=3448"}],"version-history":[{"count":5,"href":"https:\/\/szkolenia-udt.pl\/ua\/wp-json\/wp\/v2\/pages\/3448\/revisions"}],"predecessor-version":[{"id":3459,"href":"https:\/\/szkolenia-udt.pl\/ua\/wp-json\/wp\/v2\/pages\/3448\/revisions\/3459"}],"up":[{"embeddable":true,"href":"https:\/\/szkolenia-udt.pl\/ua\/wp-json\/wp\/v2\/pages\/1895"}],"wp:featuredmedia":[{"embeddable":true,"href":"https:\/\/szkolenia-udt.pl\/ua\/wp-json\/wp\/v2\/media\/3453"}],"wp:attachment":[{"href":"https:\/\/szkolenia-udt.pl\/ua\/wp-json\/wp\/v2\/media?parent=3448"}],"curies":[{"name":"wp","href":"https:\/\/api.w.org\/{rel}","templated":true}]}}