{"id":3464,"date":"2023-02-03T00:46:35","date_gmt":"2023-02-02T23:46:35","guid":{"rendered":"https:\/\/szkolenia-udt.pl\/?page_id=3464"},"modified":"2023-02-12T23:09:55","modified_gmt":"2023-02-12T22:09:55","slug":"%d0%b1%d0%b0%d1%88%d1%82%d0%be%d0%b2%d1%96-%d0%ba%d1%80%d0%b0%d0%bd%d0%b8","status":"publish","type":"page","link":"https:\/\/szkolenia-udt.pl\/ua\/kursy\/uprawnienia-udt-tdt-wdt\/zurawie-wiezowe\/","title":{"rendered":"\u0411\u0410\u0428\u0422\u041e\u0412\u0406 \u041a\u0420\u0410\u041d\u0418 - \u041a\u0423\u0420\u0421\u0418 UDT"},"content":{"rendered":"\n<p>Zajmujemy si\u0119 szkoleniem z obs\u0142ugi \u017curawi wie\u017cowych. Gwarantujemy niezawodn\u0105 kadr\u0119, kt\u00f3ra przygotowuje zar\u00f3wno z zakresu praktyki jak i teorii. Przygotowujemy tak\u017ce do egzaminu pa\u0144stwowego. Nasza kadra sk\u0142ada si\u0119 z samych specjalist\u00f3w w zakresie szkole\u0144 zawodowych.&nbsp;<\/p>\n\n\n<div class=\"wp-block-image\">\n<figure class=\"alignleft size-large is-resized\"><a href=\"https:\/\/szkolenia-udt.pl\/wp-content\/uploads\/2023\/02\/screen_2x-38-1.jpg\"><img loading=\"lazy\" decoding=\"async\" src=\"https:\/\/szkolenia-udt.pl\/wp-content\/uploads\/2023\/02\/screen_2x-38-1-1024x684.jpg\" alt=\"\" class=\"wp-image-3468\" width=\"512\" height=\"342\" srcset=\"https:\/\/szkolenia-udt.pl\/wp-content\/uploads\/2023\/02\/screen_2x-38-1-1024x684.jpg 1024w, https:\/\/szkolenia-udt.pl\/wp-content\/uploads\/2023\/02\/screen_2x-38-1-300x200.jpg 300w, https:\/\/szkolenia-udt.pl\/wp-content\/uploads\/2023\/02\/screen_2x-38-1-768x513.jpg 768w, https:\/\/szkolenia-udt.pl\/wp-content\/uploads\/2023\/02\/screen_2x-38-1-1536x1025.jpg 1536w, https:\/\/szkolenia-udt.pl\/wp-content\/uploads\/2023\/02\/screen_2x-38-1-18x12.jpg 18w, https:\/\/szkolenia-udt.pl\/wp-content\/uploads\/2023\/02\/screen_2x-38-1.jpg 1600w\" sizes=\"auto, (max-width: 512px) 100vw, 512px\" \/><\/a><\/figure>\n<\/div>\n\n\n<h2 class=\"wp-block-heading\"><strong>Opis szkolenia&nbsp;<\/strong>&nbsp;<\/h2>\n\n\n\n<p>Celem naszego szkolenia jest teoretyczne i praktyczne przygotowanie uczestnik\u00f3w do wykonywania zawodu operatora \u017curawia wie\u017cowego. Umiej\u0119tno\u015bci nabyte na zaj\u0119ciach powinny zapewni\u0107 umiej\u0119tno\u015b\u0107 pracy z wi\u0119kszo\u015bci\u0105 tego typu sprz\u0119tu. Wszystkie zaj\u0119cia tworzone s\u0105 w oparciu o program UDT i prowadzone s\u0105 przez profesjonalnych nauczycieli. &nbsp;<\/p>\n\n\n\n<p><strong>Program szkolenia obejmuje:&nbsp;&nbsp;<\/strong><\/p>\n\n\n\n<ul class=\"wp-block-list\">\n<li>zapoznanie z formalno\u015bciami dozoru technicznego,&nbsp;&nbsp;<\/li>\n\n\n\n<li>budow\u0119 \u017curawi wie\u017cowych,&nbsp;&nbsp;<\/li>\n\n\n\n<li>higien\u0119 pracy,&nbsp;&nbsp;<\/li>\n\n\n\n<li>zasady ekonomicznej eksploatacji d\u017awig\u00f3w wie\u017cowych,&nbsp;&nbsp;<\/li>\n\n\n\n<li>dane techniczne urz\u0105dze\u0144,&nbsp;&nbsp;<\/li>\n\n\n\n<li>w\u0142a\u015bciwe przygotowanie stanowiska pracy,&nbsp;&nbsp;<\/li>\n\n\n\n<li>nauk\u0119 pracy w r\u00f3\u017cnych warunkach.&nbsp;&nbsp;<\/li>\n<\/ul>\n\n\n\n<h2 class=\"wp-block-heading\"><strong>Egzamin UDT&nbsp;<\/strong>&nbsp;<\/h2>\n\n\n<div class=\"wp-block-image\">\n<figure class=\"alignright size-large is-resized\"><a href=\"https:\/\/szkolenia-udt.pl\/wp-content\/uploads\/2023\/02\/screen_2x-39.jpg\"><img loading=\"lazy\" decoding=\"async\" src=\"https:\/\/szkolenia-udt.pl\/wp-content\/uploads\/2023\/02\/screen_2x-39-1024x1024.jpg\" alt=\"\u017burawie wie\u017cowe na tle nieba.\" class=\"wp-image-3470\" width=\"512\" height=\"512\" srcset=\"https:\/\/szkolenia-udt.pl\/wp-content\/uploads\/2023\/02\/screen_2x-39-1024x1024.jpg 1024w, https:\/\/szkolenia-udt.pl\/wp-content\/uploads\/2023\/02\/screen_2x-39-300x300.jpg 300w, https:\/\/szkolenia-udt.pl\/wp-content\/uploads\/2023\/02\/screen_2x-39-150x150.jpg 150w, https:\/\/szkolenia-udt.pl\/wp-content\/uploads\/2023\/02\/screen_2x-39-768x768.jpg 768w, https:\/\/szkolenia-udt.pl\/wp-content\/uploads\/2023\/02\/screen_2x-39-1536x1536.jpg 1536w, https:\/\/szkolenia-udt.pl\/wp-content\/uploads\/2023\/02\/screen_2x-39-12x12.jpg 12w, https:\/\/szkolenia-udt.pl\/wp-content\/uploads\/2023\/02\/screen_2x-39.jpg 1600w\" sizes=\"auto, (max-width: 512px) 100vw, 512px\" \/><\/a><\/figure>\n<\/div>\n\n\n<p>Aby uzyska\u0107 dokument potwierdzaj\u0105cy mo\u017cliwo\u015b\u0107 pracy z \u017curawiem wie\u017cowym nale\u017cy najpierw zda\u0107 egzamin przed Komisj\u0105 Dozoru Technicznego. Jest to kwalifikacja krajowa, kt\u00f3ra jest oficjalnym zezwoleniem na prac\u0119 w zawodzie nie tylko w Polsce, ale tak\u017ce w ca\u0142ej Unii Europejskiej. Podobnie jak kurs sk\u0142ada si\u0119 z cz\u0119\u015bci teoretycznej &#8211; w formie testu &#8211; oraz praktycznej. Nasze szkolenie kompleksowo przygotuje Ci\u0119 do egzaminu wed\u0142ug aktualnych pyta\u0144.&nbsp;<\/p>\n\n\n\n<h2 class=\"wp-block-heading\"><strong>\u017buraw wie\u017cowy &#8211; opis<\/strong>&nbsp;<\/h2>\n\n\n\n<p>\u017buraw wie\u017cowy to rodzaj \u017curawia, kt\u00f3ry sk\u0142ada si\u0119 z dw\u00f3ch g\u0142\u00f3wnych cz\u0119\u015bci: masztu pionowego mocowanego bezpo\u015brednio do pod\u0142o\u017ca lub szyn oraz wysi\u0119gnika poziomego z przeciwwag\u0105. Zadaniem tego ogromnego urz\u0105dzenia jest przenoszenie ci\u0119\u017ckich element\u00f3w na placu budowy.&nbsp;&nbsp;<\/p>\n\n\n\n<h2 class=\"wp-block-heading\"><strong>Zastosowania \u017curawi wie\u017cowych<\/strong>&nbsp;<\/h2>\n\n\n\n<p>S\u0105 to urz\u0105dzenia o bardzo szerokim zastosowaniu. Stosowane s\u0105 g\u0142\u00f3wnie w budownictwie oraz do transportu towar\u00f3w, w tym bardzo ci\u0119\u017ckich konstrukcji stalowych. Tak szeroki obszar zastosowania \u017curawia wie\u017cowego jest mo\u017cliwy g\u0142\u00f3wnie dzi\u0119ki rozmiarowi jego powierzchni roboczej. \u017buraw optymalizuje wi\u0119kszo\u015b\u0107 plac budowlanych. Dzi\u0119ki temu mo\u017cliwe jest podnoszenie i przemieszczanie bardzo ci\u0119\u017ckich \u0142adunk\u00f3w przy pomocy zaledwie jednej lub dw\u00f3ch os\u00f3b (operator\u00f3w).&nbsp;&nbsp;<\/p>\n\n\n\n<h2 class=\"wp-block-heading\"><strong>Podzia\u0142 \u017curawi budowlanych&nbsp;&nbsp;<\/strong>&nbsp;<\/h2>\n\n\n\n<p>Konstrukcyjnie typy \u017curawi wie\u017cowych mo\u017cna zdefiniowa\u0107 na dwa sposoby. Pierwszy zale\u017cy od lokalizacji mechanizmu obrotowego. Dlatego wyr\u00f3\u017cni\u0107 mo\u017cna:&nbsp;&nbsp;<\/p>\n\n\n\n<ul class=\"wp-block-list\">\n<li>\u017curawie g\u00f3rnoobrotowe &#8211; konstrukcje, w kt\u00f3rych mechanizm obrotu jest umieszczony na g\u00f3rze, co oznacza, \u017ce obraca si\u0119 tylko konstrukcja wysi\u0119gnika \u017curawia, a nie jego kolumna,&nbsp;&nbsp;<\/li>\n\n\n\n<li>\u017curawie dolnoobrotowe &#8211; konstrukcje, w kt\u00f3rych mechanizm obrotu jest umieszczony na dole d\u017awigu, co oznacza to, \u017ce w tym modelu obraca si\u0119 nie tylko wysi\u0119gnik, ale tak\u017ce maszt d\u017awigu budowlanego.&nbsp;&nbsp;<\/li>\n<\/ul>\n\n\n\n<p>\u017burawie wie\u017cowe mo\u017cna r\u00f3wnie\u017c klasyfikowa\u0107 wed\u0142ug sposobu mocowania do pod\u0142o\u017ca. Je\u015bli d\u017awig jest nieruchomy, m\u00f3wi si\u0119, \u017ce jest to rozwi\u0105zanie sta\u0142e. Alternatyw\u0105 jest \u017curaw samojezdny instalowany na specjalnej platformie (szynowej, ko\u0142owej, g\u0105sienicowej itp.).&nbsp;&nbsp;<\/p>\n\n\n\n<h2 class=\"wp-block-heading\"><strong>Parametry \u017curawi wie\u017cowych<\/strong>&nbsp;<\/h2>\n\n\n\n<p>Najwa\u017cniejszym parametrem decyduj\u0105cym o przydatno\u015bci \u017curawi na budowach jest oczywi\u015bcie ich ud\u017awig, mierzony w tonach. Uwaga \u2014 jest to parametr zmienny, kt\u00f3ry okre\u015bla maksymalne obci\u0105\u017cenie konstrukcyjne, jakie d\u017awig mo\u017ce wytrzyma\u0107. Wa\u017cne jest, aby maksymalny ud\u017awig zale\u017cny by\u0142 od po\u0142o\u017cenia wysi\u0119gnika. Im dalej wysi\u0119gnik znajduje si\u0119 od osi obrotu \u017curawia, tym mniejszy jest ud\u017awig. Kolejnym parametrem, kt\u00f3ry nale\u017cy wzi\u0105\u0107 pod uwag\u0119, jest wysoko\u015b\u0107 u\u017cytkowa, kt\u00f3rej warto\u015b\u0107 jest r\u00f3wna odleg\u0142o\u015bci haka (w jego najwy\u017cszym po\u0142o\u017ceniu) od pod\u0142o\u017ca. Z kolei zasi\u0119g \u017curawia to maksymalna odleg\u0142o\u015b\u0107 od osi \u017curawia, na jak\u0105 mo\u017cna wysun\u0105\u0107 hak. Ostatnim, bardzo wa\u017cnym parametrem \u017curawia jest tzw. moment roboczy. Jest to iloczyn pomi\u0119dzy wysi\u0119giem a maksymalnym ud\u017awigiem.&nbsp;&nbsp;<\/p>\n\n\n\n<p>W skr\u00f3cie mo\u017cna powiedzie\u0107, \u017ce \u017curaw wie\u017cowy to bardzo wa\u017cne narz\u0119dzie budowlane, kt\u00f3re w formie pionowej wie\u017cy zapewnia doskona\u0142\u0105 u\u017cyteczno\u015b\u0107 na ca\u0142ym placu budowy. Wysoko\u015b\u0107 \u017curawia uzale\u017cniona jest od konstrukcji wie\u017cy. Najcz\u0119\u015bciej ma ona ponad 100 m.&nbsp;<\/p>\n\n\n\n<h2 class=\"wp-block-heading\"><strong>Wymagania przed uczestnictwem w kursie&nbsp;<\/strong>&nbsp;<\/h2>\n\n\n\n<p>Osoby zainteresowane naszym szkoleniem musz\u0105 spe\u0142nia\u0107 nast\u0119puj\u0105ce warunki:&nbsp;&nbsp;<\/p>\n\n\n\n<ul class=\"wp-block-list\">\n<li>osoba pe\u0142noletnia,&nbsp;&nbsp;<\/li>\n\n\n\n<li>orzeczenie lekarskie, kt\u00f3re nie stanowi o przeciwwskazaniach do pracy operatora,&nbsp;&nbsp;<\/li>\n\n\n\n<li>co najmniej wykszta\u0142cenie podstawowe.&nbsp;&nbsp;<\/li>\n<\/ul>\n\n\n\n<h2 class=\"wp-block-heading\"><strong>Pytania i odpowiedzi<\/strong><\/h2>\n\n\n\t\t<details\t\thelp class=\"sc_fs_faq sc_card    \"\n\t\topen\t\t>\n\t\t\t\t\t<summary>\n\t\t\t\t<h3>CZYM S\u0104 \u017bURAWIE WIE\u017bOWE?\u00a0<\/h3>\t\t\t\t\t<\/summary>\n\t\t\t\t<div>\n\t\t\t\t\t\t<div class=\"sc_fs_faq__content\">\n\t\t\t\t\n\n<p>\u017burawie wie\u017cowe to <a href=\"https:\/\/szkolenia-udt.pl\/ua\/kursy\/uprawnienia-udt-tdt-wdt\/maszyny-budowlane\/\">maszyny budowlane<\/a>, sk\u0142adaj\u0105ce si\u0119 z kolumny i wysi\u0119gnika. Wykorzystywane s\u0105 g\u0142\u00f3wnie przy przenoszeniu ci\u0119\u017ckich materia\u0142\u00f3w na du\u017cych wysoko\u015bciach.&nbsp;&nbsp;<\/p>\n\n\t\t\t<\/div>\n\t\t<\/div>\n\t\t<\/details>\n\t\t\t\t<details\t\thelp class=\"sc_fs_faq sc_card    \"\n\t\t\t\t>\n\t\t\t\t\t<summary>\n\t\t\t\t<h3>WARUNKI UCZESTNICTWA W SZKOLENIU?\u00a0<\/h3>\t\t\t\t\t<\/summary>\n\t\t\t\t<div>\n\t\t\t\t\t\t<div class=\"sc_fs_faq__content\">\n\t\t\t\t\n\n<p>Stawiamy trzy podstawowe wymagania: uko\u0144czenie 18 roku \u017cycia, wykszta\u0142cenie minimum podstawowe oraz za\u015bwiadczenie lekarskie.&nbsp;<\/p>\n\n\t\t\t<\/div>\n\t\t<\/div>\n\t\t<\/details>\n\t\t\n<script type=\"application\/ld+json\">\n\t{\n\t\t\"@context\": \"https:\/\/schema.org\",\n\t\t\"@type\": \"FAQPage\",\n\t\t\"mainEntity\": [\n\t\t\t\t\t{\n\t\t\t\t\"@type\": \"Question\",\n\t\t\t\t\"name\": \"CZYM S\u0104 \u017bURAWIE WIE\u017bOWE?\u00a0\",\n\t\t\t\t\"acceptedAnswer\": {\n\t\t\t\t\t\"@type\": \"Answer\",\n\t\t\t\t\t\"text\": \"<p>\u017burawie wie\u017cowe to maszyny budowlane, sk\u0142adaj\u0105ce si\u0119 z kolumny i wysi\u0119gnika. Wykorzystywane s\u0105 g\u0142\u00f3wnie przy przenoszeniu ci\u0119\u017ckich materia\u0142\u00f3w na du\u017cych wysoko\u015bciach.&nbsp;&nbsp;<\/p>\"\n\t\t\t\t\t\t\t\t\t}\n\t\t\t}\n\t\t\t,\t\t\t\t{\n\t\t\t\t\"@type\": \"Question\",\n\t\t\t\t\"name\": \"WARUNKI UCZESTNICTWA W SZKOLENIU?\u00a0\",\n\t\t\t\t\"acceptedAnswer\": {\n\t\t\t\t\t\"@type\": \"Answer\",\n\t\t\t\t\t\"text\": \"<p>Stawiamy trzy podstawowe wymagania: uko\u0144czenie 18 roku \u017cycia, wykszta\u0142cenie minimum podstawowe oraz za\u015bwiadczenie lekarskie.&nbsp;<\/p>\"\n\t\t\t\t\t\t\t\t\t}\n\t\t\t}\n\t\t\t\t\t\t]\n\t}\n<\/script>\n","protected":false},"excerpt":{"rendered":"<p>Zajmujemy si\u0119 szkoleniem z obs\u0142ugi \u017curawi wie\u017cowych. Gwarantujemy niezawodn\u0105 kadr\u0119, kt\u00f3ra przygotowuje zar\u00f3wno z zakresu praktyki jak i teorii. Przygotowujemy tak\u017ce do egzaminu pa\u0144stwowego. Nasza kadra sk\u0142ada si\u0119 z samych specjalist\u00f3w w zakresie szkole\u0144 zawodowych.&nbsp; Opis szkolenia&nbsp;&nbsp; Celem naszego szkolenia jest teoretyczne i praktyczne przygotowanie uczestnik\u00f3w do wykonywania zawodu operatora \u017curawia wie\u017cowego. Umiej\u0119tno\u015bci nabyte na [&hellip;]<\/p>\n","protected":false},"author":3,"featured_media":3465,"parent":2266,"menu_order":0,"comment_status":"closed","ping_status":"closed","template":"","meta":{"footnotes":""},"class_list":["post-3464","page","type-page","status-publish","has-post-thumbnail","hentry"],"aioseo_notices":[],"_links":{"self":[{"href":"https:\/\/szkolenia-udt.pl\/ua\/wp-json\/wp\/v2\/pages\/3464","targetHints":{"allow":["GET"]}}],"collection":[{"href":"https:\/\/szkolenia-udt.pl\/ua\/wp-json\/wp\/v2\/pages"}],"about":[{"href":"https:\/\/szkolenia-udt.pl\/ua\/wp-json\/wp\/v2\/types\/page"}],"author":[{"embeddable":true,"href":"https:\/\/szkolenia-udt.pl\/ua\/wp-json\/wp\/v2\/users\/3"}],"replies":[{"embeddable":true,"href":"https:\/\/szkolenia-udt.pl\/ua\/wp-json\/wp\/v2\/comments?post=3464"}],"version-history":[{"count":5,"href":"https:\/\/szkolenia-udt.pl\/ua\/wp-json\/wp\/v2\/pages\/3464\/revisions"}],"predecessor-version":[{"id":3527,"href":"https:\/\/szkolenia-udt.pl\/ua\/wp-json\/wp\/v2\/pages\/3464\/revisions\/3527"}],"up":[{"embeddable":true,"href":"https:\/\/szkolenia-udt.pl\/ua\/wp-json\/wp\/v2\/pages\/2266"}],"wp:featuredmedia":[{"embeddable":true,"href":"https:\/\/szkolenia-udt.pl\/ua\/wp-json\/wp\/v2\/media\/3465"}],"wp:attachment":[{"href":"https:\/\/szkolenia-udt.pl\/ua\/wp-json\/wp\/v2\/media?parent=3464"}],"curies":[{"name":"wp","href":"https:\/\/api.w.org\/{rel}","templated":true}]}}