{"id":35,"date":"2014-10-07T16:19:41","date_gmt":"2014-10-07T16:19:41","guid":{"rendered":"http:\/\/szkolenia-udt.pl\/?page_id=35"},"modified":"2022-09-01T22:14:41","modified_gmt":"2022-09-01T20:14:41","slug":"%d0%bc%d0%be%d0%b1%d1%96%d0%bb%d1%8c%d0%bd%d1%96-%d0%bf%d0%bb%d0%b0%d1%82%d1%84%d0%be%d1%80%d0%bc%d0%b8","status":"publish","type":"page","link":"https:\/\/szkolenia-udt.pl\/ua\/kursy\/podesty-ruchome\/","title":{"rendered":"\u041c\u043e\u0431\u0456\u043b\u044c\u043d\u0456 \u043f\u043b\u0430\u0442\u0444\u043e\u0440\u043c\u0438"},"content":{"rendered":"<h2>\u041a\u0443\u0440\u0441\u0438 \u0434\u043b\u044f \u043c\u043e\u0431\u0456\u043b\u044c\u043d\u0438\u0445 \u043f\u043b\u0430\u0442\u0444\u043e\u0440\u043c - \u0412\u0430\u0440\u0448\u0430\u0432\u0430 \u0456 \u0432\u0441\u044f \u041f\u043e\u043b\u044c\u0449\u0430<\/h2>\n<div class=\"sliderpage\"><div id=\"metaslider-id-408\" style=\"max-width: 300px;\" class=\"ml-slider-3-107-0 metaslider metaslider-flex metaslider-408 ml-slider ms-theme-default nav-hidden\" role=\"region\" aria-label=\"\u041c\u043e\u0431\u0456\u043b\u044c\u043d\u0456 \u043f\u043b\u0430\u0442\u0444\u043e\u0440\u043c\u04381\" data-height=\"225\" data-width=\"300\">\n    <div id=\"metaslider_container_408\">\n        <div id=\"metaslider_408\">\n            <ul class='slides'>\n                <li style=\"display: block; width: 100%;\" class=\"slide-540 ms-image\" aria-roledescription=\"slide\" data-date=\"2014-10-11 16:42:06\" data-filename=\"170AETJL_BI_NRJ_045.jpg\" data-slide-type=\"image\"><img loading=\"lazy\" decoding=\"async\" src=\"https:\/\/szkolenia-udt.pl\/wp-content\/uploads\/2014\/10\/170AETJL_BI_NRJ_045.jpg\" height=\"225\" width=\"300\" alt=\"\u041a\u0443\u0440\u0441\u0438 \u0442\u0430 \u043d\u0430\u0432\u0447\u0430\u043d\u043d\u044f \" class=\"slider-408 slide-540 msDefaultImage\" \/><\/li>\n                <li style=\"display: none; width: 100%;\" class=\"slide-537 ms-image\" aria-roledescription=\"slide\" data-date=\"2014-10-11 16:38:05\" data-filename=\"3219.jpg\" data-slide-type=\"image\"><img loading=\"lazy\" decoding=\"async\" src=\"https:\/\/szkolenia-udt.pl\/wp-content\/uploads\/2014\/10\/3219.jpg\" height=\"225\" width=\"300\" alt=\"\u041c\u043e\u0431\u0456\u043b\u044c\u043d\u0438\u0439 \u0434\u0435\u0441\u0430\u043d\u0442\u043d\u0438\u0439 \u043a\u0443\u0440\u0441\" class=\"slider-408 slide-537 msDefaultImage\" \/><\/li>\n                <li style=\"display: none; width: 100%;\" class=\"slide-1172 ms-image\" aria-roledescription=\"slide\" data-date=\"2014-11-17 19:01:41\" data-filename=\"78XE_003a.jpg\" data-slide-type=\"image\"><img loading=\"lazy\" decoding=\"async\" src=\"https:\/\/szkolenia-udt.pl\/wp-content\/uploads\/2014\/11\/78XE_003a.jpg\" height=\"225\" width=\"300\" alt=\"\u043d\u0430\u0432\u0447\u0430\u043d\u043d\u044f \u0412\u0430\u0440\u0448\u0430\u0432\u0430\" class=\"slider-408 slide-1172 msDefaultImage\" \/><\/li>\n                <li style=\"display: none; width: 100%;\" class=\"slide-1173 ms-image\" aria-roledescription=\"slide\" data-date=\"2014-11-17 19:01:41\" data-filename=\"80VJR_Evo_002a.jpg\" data-slide-type=\"image\"><img loading=\"lazy\" decoding=\"async\" src=\"https:\/\/szkolenia-udt.pl\/wp-content\/uploads\/2014\/11\/80VJR_Evo_002a.jpg\" height=\"225\" width=\"300\" alt=\"\" class=\"slider-408 slide-1173 msDefaultImage\" \/><\/li>\n                <li style=\"display: none; width: 100%;\" class=\"slide-1187 ms-image\" aria-roledescription=\"slide\" data-date=\"2014-11-17 19:45:05\" data-filename=\"60V_005a.jpg\" data-slide-type=\"image\"><img loading=\"lazy\" decoding=\"async\" src=\"https:\/\/szkolenia-udt.pl\/wp-content\/uploads\/2014\/11\/60V_005a.jpg\" height=\"225\" width=\"300\" alt=\"\u043f\u0456\u0434\u0439\u043e\u043c\u043d\u0438\u043a\u0438\" class=\"slider-408 slide-1187 msDefaultImage\" \/><\/li>\n            <\/ul>\n        <\/div>\n        \n    <\/div>\n<\/div><\/div>\n<div class=\"wyjustuj\">\n<p>\u043c\u0438 \u0437\u0430\u043f\u0440\u043e\u0448\u0443\u0454\u043c\u043e \u0432\u0430\u0441 <a href=\"https:\/\/szkolenia-udt.pl\/ua\/kursy\/uprawnienia-udt-tdt-wdt\/podesty-ruchome\/\">\u043a\u0443\u0440\u0441 \u0434\u043b\u044f \u043c\u043e\u0431\u0456\u043b\u044c\u043d\u0438\u0445 \u043f\u043b\u0430\u0442\u0444\u043e\u0440\u043c<\/a> \u0434\u043e \u0426\u0435\u043d\u0442\u0440\u0443 \u043f\u0456\u0434\u0433\u043e\u0442\u043e\u0432\u043a\u0438 \u043e\u043f\u0435\u0440\u0430\u0442\u043e\u0440\u0456\u0432! \u0423 \u043d\u0430\u0448\u043e\u043c\u0443 \u0426\u0435\u043d\u0442\u0440\u0456 \u0432\u0438 \u043d\u0430\u0432\u0447\u0438\u0442\u0435\u0441\u044f \u043f\u0440\u0430\u0432\u0438\u043b\u044c\u043d\u043e \u043a\u0435\u0440\u0443\u0432\u0430\u0442\u0438 \u043f\u0435\u0440\u0435\u0441\u0443\u0432\u043d\u043e\u044e \u043f\u043b\u0430\u0442\u0444\u043e\u0440\u043c\u043e\u044e \u0456, \u0437\u0430\u0432\u0434\u044f\u043a\u0438 \u043d\u0430\u043c, \u043e\u0442\u0440\u0438\u043c\u0430\u0454\u0442\u0435 \u043d\u0435\u043e\u0431\u0445\u0456\u0434\u043d\u0456 \u043b\u0456\u0446\u0435\u043d\u0437\u0456\u0457 \u0432\u0456\u0434 \u0423\u043f\u0440\u0430\u0432\u043b\u0456\u043d\u043d\u044f \u0442\u0435\u0445\u043d\u0456\u0447\u043d\u043e\u0457 \u0456\u043d\u0441\u043f\u0435\u043a\u0446\u0456\u0457 \u043d\u0430 \u043f\u043e\u0441\u0430\u0434\u0443 \u043e\u043f\u0435\u0440\u0430\u0442\u043e\u0440\u0430. \u0423 \u043d\u0430\u0448 \u0447\u0430\u0441 \u0434\u043b\u044f \u0432\u0438\u043a\u043e\u043d\u0430\u043d\u043d\u044f \u0440\u043e\u0431\u0456\u0442 \u043d\u0430 \u0432\u0438\u0441\u043e\u0442\u0456, \u0432 \u0442\u043e\u043c\u0443 \u0447\u0438\u0441\u043b\u0456 \u0431\u0443\u0434\u0456\u0432\u0435\u043b\u044c\u043d\u0438\u0445, \u043c\u043e\u043d\u0442\u0430\u0436\u043d\u0438\u0445, \u043e\u0437\u0434\u043e\u0431\u043b\u044e\u0432\u0430\u043b\u044c\u043d\u0438\u0445 \u0430\u0431\u043e \u0434\u0435\u043a\u043e\u0440\u0430\u0442\u0438\u0432\u043d\u0438\u0445 \u0440\u043e\u0431\u0456\u0442, \u0448\u0438\u0440\u043e\u043a\u043e \u0432\u0438\u043a\u043e\u0440\u0438\u0441\u0442\u043e\u0432\u0443\u044e\u0442\u044c\u0441\u044f \u0430\u0432\u0442\u043e\u0432\u0438\u0448\u043a\u0438 \u0442\u0430 \u043d\u043e\u0436\u0438\u0447\u043d\u0456 \u043f\u0456\u0434\u0439\u043e\u043c\u043d\u0438\u043a\u0438. \u0421\u0442\u0440\u0456\u043b\u043e\u0432\u0456, \u0430\u0431\u043e \u0430\u0432\u0442\u043e\u0432\u0438\u0448\u043a\u0438, \u043d\u0430\u0439\u0447\u0430\u0441\u0442\u0456\u0448\u0435 \u043c\u043e\u043d\u0442\u0443\u044e\u0442\u044c\u0441\u044f \u043d\u0430 \u0430\u0432\u0442\u043e\u043c\u043e\u0431\u0456\u043b\u044c\u043d\u0456 \u043f\u0440\u0438\u0447\u0435\u043f\u0438 \u0456 \u0432\u0438\u043a\u043e\u0440\u0438\u0441\u0442\u043e\u0432\u0443\u044e\u0442\u044c\u0441\u044f \u0434\u043b\u044f \u0440\u043e\u0431\u0456\u0442 \u043d\u0430 \u0432\u0456\u0434\u043a\u0440\u0438\u0442\u043e\u043c\u0443 \u043f\u043e\u0432\u0456\u0442\u0440\u0456. \u041d\u043e\u0436\u0438\u0447\u043d\u0456 \u043c\u043e\u0434\u0435\u043b\u0456 \u0432 \u043e\u0441\u043d\u043e\u0432\u043d\u043e\u043c\u0443 \u0432\u0438\u043a\u043e\u0440\u0438\u0441\u0442\u043e\u0432\u0443\u044e\u0442\u044c\u0441\u044f \u043d\u0430 \u0440\u043e\u0431\u043e\u0447\u0438\u0445 \u043c\u0456\u0441\u0446\u044f\u0445. \u0412\u0441\u0456 \u0446\u0456 \u0432\u0438\u0434\u0438 \u043e\u0431\u043b\u0430\u0434\u043d\u0430\u043d\u043d\u044f \u043f\u0456\u0434\u043b\u044f\u0433\u0430\u044e\u0442\u044c \u0442\u0435\u0445\u043d\u0456\u0447\u043d\u043e\u043c\u0443 \u043d\u0430\u0433\u043b\u044f\u0434\u0443.<\/p>\n<h2 class=\"boldnagl\">\u041c\u0438 \u043d\u0430\u0432\u0447\u0430\u0454\u043c\u043e \u0435\u043a\u0441\u043f\u043b\u0443\u0430\u0442\u0430\u0446\u0456\u0457 \u043f\u0440\u0438\u0441\u0442\u0440\u043e\u0457\u0432 \u043d\u0430\u0441\u0442\u0443\u043f\u043d\u0438\u0445 \u043a\u0430\u0442\u0435\u0433\u043e\u0440\u0456\u0439 UDT:<\/h2>\n<ul>\n<li>\u043d\u043e\u0436\u0438\u0447\u043d\u0456 \u043f\u0456\u0434\u0439\u043e\u043c\u043d\u0438\u043a\u0438, \u043f\u0435\u0440\u0435\u0441\u0443\u0432\u043d\u0456 \u043a\u043e\u0440\u0437\u0438\u043d\u043d\u0456 \u043f\u0456\u0434\u0439\u043e\u043c\u043d\u0438\u043a\u0438, \u0430\u0432\u0442\u043e\u043c\u043e\u0431\u0456\u043b\u044c\u043d\u0456 \u043f\u0435\u0440\u0435\u0441\u0443\u0432\u043d\u0456 \u043f\u043b\u0430\u0442\u0444\u043e\u0440\u043c\u0438<\/li>\n<li>\u043f\u0456\u0434\u0432\u0456\u0441\u043d\u0456, \u0441\u0442\u0430\u0446\u0456\u043e\u043d\u0430\u0440\u043d\u0456 \u0442\u0430 \u0449\u043e\u0433\u043b\u043e\u0432\u0456 \u043f\u043b\u0430\u0442\u0444\u043e\u0440\u043c\u0438<\/li>\n<\/ul>\n<p>\u0414\u043b\u044f \u043d\u0430\u0441 \u0432\u0430\u0436\u043b\u0438\u0432\u043e, \u0449\u043e\u0431 \u0443\u0447\u0430\u0441\u043d\u0438\u043a\u0438, \u044f\u043a\u0456 \u0431\u0435\u0440\u0443\u0442\u044c \u0443\u0447\u0430\u0441\u0442\u044c \u0443 \u043d\u0430\u0448\u0438\u0445 \u0437\u0430\u043d\u044f\u0442\u0442\u044f\u0445, \u043d\u0435 \u043b\u0438\u0448\u0435 \u043e\u0442\u0440\u0438\u043c\u0443\u0432\u0430\u043b\u0438 \u0437\u043d\u0430\u043d\u043d\u044f, \u043d\u0435\u043e\u0431\u0445\u0456\u0434\u043d\u0456 \u0434\u043b\u044f \u043e\u0442\u0440\u0438\u043c\u0430\u043d\u043d\u044f \u0434\u043e\u0437\u0432\u043e\u043b\u0456\u0432 \u043d\u0430 \u043a\u0430\u0442\u0435\u0433\u043e\u0440\u0456\u044e \u043f\u0440\u0438\u0441\u0442\u0440\u043e\u0457\u0432, \u044f\u043a\u0456 \u0432\u043e\u043d\u0438 \u0432\u0438\u0431\u0438\u0440\u0430\u044e\u0442\u044c, \u0430\u043b\u0435 \u0439 \u0449\u043e\u0431 \u0432\u043e\u043d\u0438 \u0431\u0443\u043b\u0438 \u043a\u043e\u0440\u0438\u0441\u043d\u0438\u043c\u0438 \u0432 \u0457\u0445\u043d\u0456\u0439 \u0449\u043e\u0434\u0435\u043d\u043d\u0456\u0439 \u0440\u043e\u0431\u043e\u0442\u0456 \u044f\u043a \u043e\u043f\u0435\u0440\u0430\u0442\u043e\u0440\u0430. \u0412\u0456\u0434\u043f\u043e\u0432\u0456\u0434\u043d\u043e, \u043d\u0430\u0448\u0456 \u043f\u0440\u043e\u0433\u0440\u0430\u043c\u0438 \u043d\u0430\u043f\u0438\u0441\u0430\u043d\u0456 \u0442\u0430\u043a, \u0449\u043e\u0431 \u043c\u0456\u0441\u0442\u0438\u0442\u0438 \u043a\u043e\u0440\u0438\u0441\u043d\u0443 \u0456\u043d\u0444\u043e\u0440\u043c\u0430\u0446\u0456\u044e, \u0430 \u0442\u0430\u043a\u043e\u0436 \u0432\u043f\u0440\u0430\u0432\u0438, \u0449\u043e\u0431 \u043f\u043e\u043a\u0430\u0437\u0430\u0442\u0438 \u0432\u0430\u043c, \u044f\u043a \u0437\u0430\u0441\u0442\u043e\u0441\u043e\u0432\u0443\u0432\u0430\u0442\u0438 \u0457\u0445 \u043d\u0430 \u043f\u0440\u0430\u043a\u0442\u0438\u0446\u0456. \u041d\u0430\u0448\u0456 \u0432\u0438\u043a\u043b\u0430\u0434\u0430\u0447\u0456 \u0434\u0431\u0430\u044e\u0442\u044c \u043f\u0440\u043e \u0442\u0435, \u0449\u043e\u0431 \u0440\u0456\u0432\u0435\u043d\u044c \u043d\u0430\u0432\u0447\u0430\u043d\u043d\u044f \u0431\u0443\u0432 \u043d\u0430 \u043d\u0430\u0439\u0432\u0438\u0449\u043e\u043c\u0443 \u0440\u0456\u0432\u043d\u0456 - \u0443 \u043d\u0430\u0441 \u043f\u0440\u0430\u0446\u044e\u044e\u0442\u044c \u043b\u044e\u0434\u0438 \u0437 \u0431\u0430\u0433\u0430\u0442\u043e\u0440\u0456\u0447\u043d\u0438\u043c \u0434\u043e\u0441\u0432\u0456\u0434\u043e\u043c.<\/p>\n<h2 class=\"boldnagl\">\u041a\u043e\u0436\u0435\u043d \u043a\u0443\u0440\u0441 \u0434\u043b\u044f \u043c\u043e\u0431\u0456\u043b\u044c\u043d\u0438\u0445 \u043f\u0456\u0434\u043d\u044f\u0442\u0438\u0445 \u0440\u043e\u0431\u043e\u0447\u0438\u0445 \u043f\u043b\u0430\u0442\u0444\u043e\u0440\u043c \u043c\u0456\u0441\u0442\u0438\u0442\u044c \u0442\u0430\u043a\u0443 \u0456\u043d\u0444\u043e\u0440\u043c\u0430\u0446\u0456\u044e:<\/h2>\n<ul>\n<li>\u043c\u043e\u0431\u0456\u043b\u044c\u043d\u0430 \u043f\u043b\u0430\u0442\u0444\u043e\u0440\u043c\u0430 \u2013 \u0457\u0457 \u0432\u0438\u0434\u0438 \u0442\u0430 \u0441\u0442\u0440\u0443\u043a\u0442\u0443\u0440\u0430<\/li>\n<li>\u043e\u0431\u043e\u0432&#039;\u044f\u0437\u043a\u0438 \u043e\u043f\u0435\u0440\u0430\u0442\u043e\u0440\u0430 \u043d\u0430 \u043f\u043e\u0441\u0430\u0434\u0456 - \u0434\u043e, \u043f\u0456\u0434 \u0447\u0430\u0441 \u0456 \u043f\u0456\u0441\u043b\u044f \u0440\u043e\u0431\u043e\u0442\u0438<\/li>\n<li>\u0432\u0456\u0434\u043e\u043c\u043e\u0441\u0442\u0456 \u043f\u0440\u043e \u0442\u0435\u0445\u043d\u0456\u0447\u043d\u0438\u0439 \u043d\u0430\u0433\u043b\u044f\u0434 \u0437\u0430 \u043f\u0440\u0438\u043b\u0430\u0434\u043e\u043c<\/li>\n<li>\u043f\u0440\u0438\u043d\u0446\u0438\u043f\u0438 \u043e\u0445\u043e\u0440\u043e\u043d\u0438 \u043f\u0440\u0430\u0446\u0456<\/li>\n<li>\u043f\u0440\u0430\u043a\u0442\u0438\u0447\u043d\u0456 \u0437\u0430\u043d\u044f\u0442\u0442\u044f<\/li>\n<\/ul>\n<p>\u041f\u043e \u0437\u0430\u0432\u0435\u0440\u0448\u0435\u043d\u043d\u044e \u043a\u0443\u0440\u0441\u0443 \u0443\u0447\u0430\u0441\u043d\u0438\u043a\u0438 \u0441\u043a\u043b\u0430\u0434\u0430\u044e\u0442\u044c \u0456\u0441\u043f\u0438\u0442 \u043f\u0435\u0440\u0435\u0434 \u043a\u043e\u043c\u0456\u0441\u0456\u0454\u044e \u0423\u043f\u0440\u0430\u0432\u043b\u0456\u043d\u043d\u044f \u0442\u0435\u0445\u043d\u0456\u0447\u043d\u043e\u0457 \u0456\u043d\u0441\u043f\u0435\u043a\u0446\u0456\u0457. \u0423\u0441\u043f\u0456\u0448\u043d\u0435 \u0441\u043a\u043b\u0430\u0434\u0430\u043d\u043d\u044f \u0456\u0441\u043f\u0438\u0442\u0443 \u0434\u0430\u0454 \u043f\u0440\u0430\u0432\u043e \u043d\u0430 \u043e\u0442\u0440\u0438\u043c\u0430\u043d\u043d\u044f \u043f\u043e\u0434\u0430\u0442\u043a\u043e\u0432\u043e\u0433\u043e \u043a\u0440\u0435\u0434\u0438\u0442\u0443. \u0412\u043e\u043d\u0438 \u0434\u0456\u0439\u0441\u043d\u0456 \u0432 \u041f\u043e\u043b\u044c\u0449\u0456 \u0442\u0430 \u043d\u0430 \u043c\u0456\u0436\u043d\u0430\u0440\u043e\u0434\u043d\u043e\u043c\u0443 \u0440\u0456\u0432\u043d\u0456. \u041c\u043e\u0436\u043b\u0438\u0432\u0430 \u0432\u0438\u0434\u0430\u0447\u0430 \u0434\u043e\u043a\u0443\u043c\u0435\u043d\u0442\u0456\u0432 \u0456\u043d\u0448\u0438\u043c\u0438 \u043c\u043e\u0432\u0430\u043c\u0438.<\/p>\n<div class=\"filmw\">\n<div class=\"responsive-youtube\"><iframe loading=\"lazy\" title=\"\u0412\u0456\u0434\u0435\u043e\u043f\u043b\u0435\u0454\u0440 YouTube\" src=\"https:\/\/www.youtube.com\/embed\/OUKdY5V51M4\" width=\"560\" height=\"315\" frameborder=\"0\" allowfullscreen=\"allowfullscreen\"><\/iframe><\/div>\n<\/div>\n<h2 class=\"boldnagl\">\u0412\u0438\u043c\u043e\u0433\u0438<\/h2>\n<p>\u0429\u043e\u0431 \u0437\u0430\u043f\u0438\u0441\u0430\u0442\u0438\u0441\u044f \u043d\u0430 \u043a\u0443\u0440\u0441 \u043c\u043e\u0431\u0456\u043b\u044c\u043d\u043e\u0457 \u043f\u043b\u0430\u0442\u0444\u043e\u0440\u043c\u0438, \u043d\u0435\u043e\u0431\u0445\u0456\u0434\u043d\u043e \u0432\u0438\u043a\u043e\u043d\u0430\u0442\u0438 \u0442\u0430\u043a\u0456 \u0432\u0438\u043c\u043e\u0433\u0438:<\/p>\n<ul>\n<li>18 \u0440\u043e\u043a\u0456\u0432 \u0456 \u0441\u0442\u0430\u0440\u0448\u0435<\/li>\n<li>\u0445\u043e\u0447\u0430 \u0431 \u043f\u043e\u0447\u0430\u0442\u043a\u043e\u0432\u0443 \u043e\u0441\u0432\u0456\u0442\u0443<\/li>\n<li>\u0432\u0456\u0434\u0441\u0443\u0442\u043d\u0456\u0441\u0442\u044c \u043f\u0440\u043e\u0442\u0438\u043f\u043e\u043a\u0430\u0437\u0430\u043d\u044c \u0434\u043e \u0440\u043e\u0431\u043e\u0442\u0438 \u043d\u0430 \u043f\u043e\u0441\u0430\u0434\u0456<\/li>\n<\/ul>\n<h2 class=\"boldnagl\">\u0426\u0456\u043d\u0430<\/h2>\n<p>\u0417\u0430 \u043a\u0443\u0440\u0441 \u043d\u0430 \u043c\u043e\u0431\u0456\u043b\u044c\u043d\u0438\u0445 \u043f\u043b\u0430\u0442\u0444\u043e\u0440\u043c\u0430\u0445 \u0432 \u043d\u0430\u0448\u043e\u043c\u0443 \u0426\u0435\u043d\u0442\u0440\u0456 \u0432\u0438 \u0437\u0430\u043f\u043b\u0430\u0442\u0438\u0442\u0435 \u043c\u0435\u043d\u0448\u0435, \u043d\u0456\u0436 \u0432 \u0456\u043d\u0448\u0438\u0445. \u041c\u0438 \u0437\u0430\u0432\u0436\u0434\u0438 \u0434\u0431\u0430\u0454\u043c\u043e \u043f\u0440\u043e \u0442\u0435, \u0449\u043e\u0431 \u0443 \u043d\u0430\u0441 \u0431\u0443\u043b\u0430 \u0434\u043e\u0441\u0442\u0443\u043f\u043d\u0430 \u0446\u0456\u043d\u0430, \u0430 \u0443 \u0432\u0438\u043f\u0430\u0434\u043a\u0443 \u0432\u0435\u043b\u0438\u043a\u0438\u0445 \u0433\u0440\u0443\u043f \u043c\u0438 \u043f\u0440\u043e\u043f\u043e\u043d\u0443\u0454\u043c\u043e \u0432\u0438\u0433\u0456\u0434\u043d\u0456 \u0437\u043d\u0438\u0436\u043a\u0438. \u041c\u0438 \u0442\u0430\u043a\u043e\u0436 \u043d\u0430\u0434\u0430\u0454\u043c\u043e \u043c\u043e\u0436\u043b\u0438\u0432\u0456\u0441\u0442\u044c \u043f\u0435\u0440\u0435\u0433\u043e\u0432\u043e\u0440\u0456\u0432. \u0429\u043e\u0431 \u043f\u0435\u0440\u0435\u0432\u0456\u0440\u0438\u0442\u0438 \u043a\u043e\u043c\u0456\u0441\u0456\u044e, \u0432\u0438\u043a\u043e\u0440\u0438\u0441\u0442\u043e\u0432\u0443\u0439\u0442\u0435 <a href=\"https:\/\/szkolenia-udt.pl\/ua\/oferta\/\">\u041f\u0440\u0430\u0439\u0441 \u043b\u0438\u0441\u0442<\/a> \u0430\u0431\u043e <a href=\"https:\/\/szkolenia-udt.pl\/ua\/kontakt\/\">\u0437\u0432&#039;\u044f\u0437\u0430\u0442\u0438\u0441\u044f \u0437 \u043d\u0430\u043c\u0438<\/a> \u0447\u0435\u0440\u0435\u0437 \u0444\u043e\u0440\u043c\u0443 \u0437\u0430\u043f\u0438\u0442\u0443.<\/p>\n<h2 class=\"boldnagl\">\u0414\u0435 \u043c\u0438 \u043f\u0440\u0430\u0446\u044e\u0454\u043c\u043e?<\/h2>\n<div class=\"sliderpageright\"><div id=\"metaslider-id-419\" style=\"max-width: 300px;\" class=\"ml-slider-3-107-0 metaslider metaslider-flex metaslider-419 ml-slider ms-theme-default nav-hidden nav-hidden\" role=\"region\" aria-label=\"\u041c\u043e\u0431\u0456\u043b\u044c\u043d\u0456 \u043f\u043b\u0430\u0442\u0444\u043e\u0440\u043c\u04382\" data-height=\"225\" data-width=\"300\">\n    <div id=\"metaslider_container_419\">\n        <div id=\"metaslider_419\">\n            <ul class='slides'>\n                <li style=\"display: block; width: 100%;\" class=\"slide-1191 ms-image\" aria-roledescription=\"slide\" data-date=\"2014-11-17 19:52:58\" data-filename=\"podesty4a.jpg\" data-slide-type=\"image\"><img loading=\"lazy\" decoding=\"async\" src=\"https:\/\/szkolenia-udt.pl\/wp-content\/uploads\/2014\/11\/podesty4a.jpg\" height=\"225\" width=\"300\" alt=\"\u043c\u043e\u0431\u0456\u043b\u044c\u043d\u0456 \u043f\u043b\u0430\u0442\u0444\u043e\u0440\u043c\u0438\" class=\"slider-419 slide-1191 msDefaultImage\" \/><\/li>\n                <li style=\"display: none; width: 100%;\" class=\"slide-1192 ms-image\" aria-roledescription=\"slide\" data-date=\"2014-11-17 19:52:59\" data-filename=\"podesty5a.jpg\" data-slide-type=\"image\"><img loading=\"lazy\" decoding=\"async\" src=\"https:\/\/szkolenia-udt.pl\/wp-content\/uploads\/2014\/11\/podesty5a.jpg\" height=\"225\" width=\"300\" alt=\"\u0423\u0434\u0442 \u043d\u0430\u0432\u0447\u0430\u043d\u043d\u044f\" class=\"slider-419 slide-1192 msDefaultImage\" \/><\/li>\n                <li style=\"display: none; width: 100%;\" class=\"slide-1189 ms-image\" aria-roledescription=\"slide\" data-date=\"2014-11-17 19:52:57\" data-filename=\"podesty2a.jpg\" data-slide-type=\"image\"><img loading=\"lazy\" decoding=\"async\" src=\"https:\/\/szkolenia-udt.pl\/wp-content\/uploads\/2014\/11\/podesty2a.jpg\" height=\"225\" width=\"300\" alt=\"\u0430\u0432\u0442\u043e\u0432\u0438\u0448\u043a\u0438 \u0412\u0430\u0440\u0448\u0430\u0432\u0430\" class=\"slider-419 slide-1189 msDefaultImage\" \/><\/li>\n                <li style=\"display: none; width: 100%;\" class=\"slide-1190 ms-image\" aria-roledescription=\"slide\" data-date=\"2014-11-17 19:52:57\" data-filename=\"podesty3a.jpg\" data-slide-type=\"image\"><img loading=\"lazy\" decoding=\"async\" src=\"https:\/\/szkolenia-udt.pl\/wp-content\/uploads\/2014\/11\/podesty3a.jpg\" height=\"225\" width=\"300\" alt=\"\u043d\u0430\u0432\u0447\u0430\u043d\u043d\u044f \u0412\u0430\u0440\u0448\u0430\u0432\u0430\" class=\"slider-419 slide-1190 msDefaultImage\" \/><\/li>\n                <li style=\"display: none; width: 100%;\" class=\"slide-1188 ms-image\" aria-roledescription=\"slide\" data-date=\"2014-11-17 19:52:56\" data-filename=\"podesty1a.jpg\" data-slide-type=\"image\"><img loading=\"lazy\" decoding=\"async\" src=\"https:\/\/szkolenia-udt.pl\/wp-content\/uploads\/2014\/11\/podesty1a.jpg\" height=\"225\" width=\"300\" alt=\"\" class=\"slider-419 slide-1188 msDefaultImage\" \/><\/li>\n            <\/ul>\n        <\/div>\n        \n    <\/div>\n<\/div><\/div>\n<p>\u0417\u0430 \u0430\u0434\u0440\u0435\u0441\u043e\u044e <a href=\"https:\/\/szkolenia-udt.pl\/ua\/kursy\/uprawnienia-udt-tdt-wdt\/podesty-ruchome-wiszace\/\">\u043d\u0430\u0432\u0447\u0430\u043d\u043d\u044f \u0434\u043b\u044f \u043c\u043e\u0431\u0456\u043b\u044c\u043d\u0438\u0445 \u043f\u043b\u0430\u0442\u0444\u043e\u0440\u043c<\/a> \u0412\u0438 \u043c\u043e\u0436\u0435\u0442\u0435 \u0437\u0430\u043f\u0438\u0441\u0430\u0442\u0438\u0441\u044f \u043d\u0430 \u043d\u0430\u0432\u0447\u0430\u043d\u043d\u044f \u043d\u0430 \u043c\u043e\u0431\u0456\u043b\u044c\u043d\u0456 \u043f\u043b\u0430\u0442\u0444\u043e\u0440\u043c\u0438 \u0432 \u043d\u0430\u0448\u0438\u0445 4 \u0444\u0456\u043b\u0456\u044f\u0445, \u0440\u043e\u0437\u0442\u0430\u0448\u043e\u0432\u0430\u043d\u0438\u0445 \u043f\u043e \u0432\u0441\u0456\u0439 \u043a\u0440\u0430\u0457\u043d\u0456. \u041c\u0438 \u043f\u0440\u043e\u0432\u043e\u0434\u0438\u043c\u043e \u043d\u0430\u0432\u0447\u0430\u043d\u043d\u044f \u0434\u043b\u044f \u043d\u043e\u0436\u0438\u0447\u043d\u0438\u0445 \u043f\u0456\u0434\u0439\u043e\u043c\u043d\u0438\u043a\u0456\u0432 \u0442\u0430 \u0430\u0432\u0442\u043e\u0432\u0438\u0448\u043e\u043a \u0443 \u0412\u0430\u0440\u0448\u0430\u0432\u0456, \u0430 \u0442\u0430\u043a\u043e\u0436 \u0443 \u041a\u0440\u0430\u043a\u043e\u0432\u0456, \u041a\u0430\u0442\u043e\u0432\u0456\u0446\u0435 \u0442\u0430 \u0411\u0454\u043b\u044c\u0441\u044c\u043a\u043e-\u0411\u044f\u043b\u0456\u0439. \u041c\u0438 \u0442\u0430\u043a\u043e\u0436 \u043c\u043e\u0436\u0435\u043c\u043e \u0432\u0438\u0457\u0436\u0434\u0436\u0430\u0442\u0438 \u0434\u043e \u043a\u043b\u0456\u0454\u043d\u0442\u0456\u0432 \u0443 \u0432\u0438\u0437\u043d\u0430\u0447\u0435\u043d\u0456 \u043c\u0456\u0441\u0446\u044f \u043f\u043e \u0432\u0441\u0456\u0439 \u041f\u043e\u043b\u044c\u0449\u0456. \u0411\u0443\u0434\u044c \u043b\u0430\u0441\u043a\u0430, \u0437\u0432'\u044f\u0436\u0456\u0442\u044c\u0441\u044f \u0437 \u043d\u0430\u043c\u0438 \u0434\u043b\u044f \u043e\u0442\u0440\u0438\u043c\u0430\u043d\u043d\u044f \u0434\u0435\u0442\u0430\u043b\u044c\u043d\u043e\u0457 \u0456\u043d\u0444\u043e\u0440\u043c\u0430\u0446\u0456\u0457 \u043f\u0440\u043e \u0446\u0456 \u043f\u043e\u0441\u043b\u0443\u0433\u0438.<\/p>\n<p>\u042f\u043a\u0449\u043e \u0443 \u0432\u0430\u0441 \u0432\u0438\u043d\u0438\u043a\u043b\u0438 \u0437\u0430\u043f\u0438\u0442\u0430\u043d\u043d\u044f, \u043c\u0438 \u0437\u0430\u0432\u0436\u0434\u0438 \u0434\u043e\u0441\u0442\u0443\u043f\u043d\u0456, \u0431\u0443\u0434\u044c \u043b\u0430\u0441\u043a\u0430, \u043d\u0435 \u0441\u043e\u0440\u043e\u043c\u0442\u0435\u0441\u044f \u0437\u0432\u0435\u0440\u0442\u0430\u0442\u0438\u0441\u044f \u0434\u043e \u043d\u0430\u0441. \u041d\u0430\u0448\u0456 \u0441\u043f\u0456\u0432\u0440\u043e\u0431\u0456\u0442\u043d\u0438\u043a\u0438 \u043f\u0456\u0434\u0433\u043e\u0442\u0443\u044e\u0442\u044c \u0432\u0438\u0447\u0435\u0440\u043f\u043d\u0456 \u0432\u0456\u0434\u043f\u043e\u0432\u0456\u0434\u0456 \u0442\u0430 \u043d\u0430\u0434\u0430\u0434\u0443\u0442\u044c \u0457\u0445 \u0443 \u043d\u0430\u0439\u043a\u043e\u0440\u043e\u0442\u0448\u0456 \u0442\u0435\u0440\u043c\u0456\u043d\u0438.<\/p>\n<p>\u0417\u0430\u043f\u0440\u043e\u0448\u0443\u0454\u043c\u043e \u0412\u0430\u0441 \u043e\u0437\u043d\u0430\u0439\u043e\u043c\u0438\u0442\u0438\u0441\u044f \u0437 \u043d\u0430\u0448\u043e\u044e \u043f\u0440\u043e\u043f\u043e\u0437\u0438\u0446\u0456\u0454\u044e!<\/p>\n<\/div>","protected":false},"excerpt":{"rendered":"<p>Kursy na podesty ruchome &#8211; Warszawa i ca\u0142a Polska Zapraszamy na kurs na podesty ruchome do O\u015brodka Szkolenia Operator\u00f3w! Nasz O\u015brodek nauczy ci\u0119, jak prawid\u0142owo obs\u0142ugiwa\u0107 podest ruchomy i dzi\u0119ki nam zdob\u0119dziesz potrzebne na stanowisku operatora uprawnienia Urz\u0119du Dozoru Technicznego. Obecnie podno\u015bnik koszowy oraz podno\u015bnik no\u017cycowy to urz\u0105dzenia powszechnie wykorzystywane w pracach na wysoko\u015bciach, w [&hellip;]<\/p>\n","protected":false},"author":3,"featured_media":540,"parent":22,"menu_order":0,"comment_status":"closed","ping_status":"closed","template":"","meta":{"footnotes":""},"class_list":["post-35","page","type-page","status-publish","has-post-thumbnail","hentry"],"aioseo_notices":[],"_links":{"self":[{"href":"https:\/\/szkolenia-udt.pl\/ua\/wp-json\/wp\/v2\/pages\/35","targetHints":{"allow":["GET"]}}],"collection":[{"href":"https:\/\/szkolenia-udt.pl\/ua\/wp-json\/wp\/v2\/pages"}],"about":[{"href":"https:\/\/szkolenia-udt.pl\/ua\/wp-json\/wp\/v2\/types\/page"}],"author":[{"embeddable":true,"href":"https:\/\/szkolenia-udt.pl\/ua\/wp-json\/wp\/v2\/users\/3"}],"replies":[{"embeddable":true,"href":"https:\/\/szkolenia-udt.pl\/ua\/wp-json\/wp\/v2\/comments?post=35"}],"version-history":[{"count":27,"href":"https:\/\/szkolenia-udt.pl\/ua\/wp-json\/wp\/v2\/pages\/35\/revisions"}],"predecessor-version":[{"id":3256,"href":"https:\/\/szkolenia-udt.pl\/ua\/wp-json\/wp\/v2\/pages\/35\/revisions\/3256"}],"up":[{"embeddable":true,"href":"https:\/\/szkolenia-udt.pl\/ua\/wp-json\/wp\/v2\/pages\/22"}],"wp:featuredmedia":[{"embeddable":true,"href":"https:\/\/szkolenia-udt.pl\/ua\/wp-json\/wp\/v2\/media\/540"}],"wp:attachment":[{"href":"https:\/\/szkolenia-udt.pl\/ua\/wp-json\/wp\/v2\/media?parent=35"}],"curies":[{"name":"wp","href":"https:\/\/api.w.org\/{rel}","templated":true}]}}